{"id":14507,"date":"2021-08-09T20:03:49","date_gmt":"2021-08-10T01:03:49","guid":{"rendered":"https:\/\/pcmastersbogota.com.co\/?post_type=product&#038;p=14507"},"modified":"2024-12-09T21:09:52","modified_gmt":"2024-12-10T02:09:52","slug":"gamemax-80p-bronze-rgb-800w","status":"publish","type":"product","link":"https:\/\/pcmastersbogota.com.co\/es_es\/producto\/gamemax-80p-bronze-rgb-800w\/","title":{"rendered":"GAMEMAX 80P BRONZE RGB 800W"},"content":{"rendered":"<p>https:\/\/www.gamemaxpc.com\/productkkk\/250-en.html<\/p>\n<p>Descripci\u00f3n<br \/>\nLa gama GameMax VP RGB tiene excelentes caracter\u00edsticas que la convierten en una buena opci\u00f3n para las personas que buscan una fuente de alimentaci\u00f3n eficiente, confiable y de buen valor. La relaci\u00f3n costo \/ rendimiento m\u00e1s adecuada es la mejor opci\u00f3n para el constructor de sistemas.<\/p>\n<p>Iluminaci\u00f3n LED RGB para potenciar su sistema con estilo. Haga que su sistema cobre vida con efectos de iluminaci\u00f3n \u00fanicos incorporados que se utilizan sin control adicional.<\/p>\n<p>80PLUS: Cumple con APFC 80+ Plus.Nivel de eficiencia: 80+ Bronce.Nivel de ruido: Cero (ECO-ON), &lt;32dBA (al 100% de carga).Factor de forma: Intel ATX 12 V 2.31.Dimensiones: 140 mm (ancho) x 150 mm (largo) x 86 mm (alto).Tama\u00f1o del ventilador: 120 mm.Control del ventilador: ECO-ON \/ OFF.Cojinete de ventilador: Cojinete din\u00e1mico fluido.Esperanza de vida: 50.000 horas a 40 \u00b0 C, 15% \u2013 65% RH.Tipo de cable: Protector de tubo negro junto con colores CPU y conector PCIe.Temperatura de funcionamiento: 0 \u2013 50 \u00b0 C (reducci\u00f3n del 100% al 80% de 40 \u00b0 C a 50 \u00b0 C).MTBF 25 \u00b0 C, excl. Ventilador: 100,000 horas.Entrada AC: Rango completo (100-240Vac).Protecci\u00f3n: OPP, OVP, UVP, OCP, OTP, SCP.Seguridad y EMC: CB, CCC, CE.Cumplimiento ambiental: RoHS, WEEE, ErP lote 6.Salida m\u00e1xima: 800W.<\/p>\n","protected":false},"excerpt":{"rendered":"<p>La gama GameMax VP RGB tiene excelentes caracter\u00edsticas que la convierten en una buena opci\u00f3n para las personas que buscan una fuente de alimentaci\u00f3n eficiente, confiable y de buen valor. La relaci\u00f3n costo \/ rendimiento m\u00e1s adecuada es la mejor opci\u00f3n para el constructor de sistemas.<\/p>\n","protected":false},"featured_media":14733,"comment_status":"open","ping_status":"closed","template":"","meta":[],"pwb-brand":[154],"product_brand":[],"product_cat":[313],"product_tag":[314],"class_list":{"0":"post-14507","1":"product","2":"type-product","3":"status-publish","4":"has-post-thumbnail","6":"pwb-brand-gamemax","7":"product_cat-fuentes-de-poder","8":"product_tag-fuentes","10":"first","11":"outofstock","12":"taxable","13":"shipping-taxable","14":"purchasable","15":"product-type-simple"},"yoast_head":"<!-- This site is optimized with the Yoast SEO plugin v26.7 - https:\/\/yoast.com\/wordpress\/plugins\/seo\/ -->\n<title>GAMEMAX 80P BRONZE RGB 800W - PC MASTERS BOGOTA<\/title>\n<meta name=\"robots\" content=\"index, follow, max-snippet:-1, max-image-preview:large, max-video-preview:-1\" \/>\n<link rel=\"canonical\" href=\"https:\/\/pcmastersbogota.com.co\/es_es\/producto\/gamemax-80p-bronze-rgb-800w\/\" \/>\n<meta property=\"og:locale\" content=\"es_ES\" \/>\n<meta property=\"og:type\" content=\"article\" \/>\n<meta property=\"og:title\" content=\"GAMEMAX 80P BRONZE RGB 800W - PC MASTERS BOGOTA\" \/>\n<meta property=\"og:description\" content=\"La gama GameMax VP RGB tiene excelentes caracter\u00edsticas que la convierten en una buena opci\u00f3n para las personas que buscan una fuente de alimentaci\u00f3n eficiente, confiable y de buen valor. La relaci\u00f3n costo \/ rendimiento m\u00e1s adecuada es la mejor opci\u00f3n para el constructor de sistemas.\" \/>\n<meta property=\"og:url\" content=\"https:\/\/pcmastersbogota.com.co\/es_es\/producto\/gamemax-80p-bronze-rgb-800w\/\" \/>\n<meta property=\"og:site_name\" content=\"PC MASTERS BOGOTA\" \/>\n<meta property=\"article:modified_time\" content=\"2024-12-10T02:09:52+00:00\" \/>\n<meta property=\"og:image\" content=\"https:\/\/pcmastersbogota.com.co\/wp-content\/uploads\/2021\/08\/14117-1.png\" \/>\n\t<meta property=\"og:image:width\" content=\"1000\" \/>\n\t<meta property=\"og:image:height\" content=\"1000\" \/>\n\t<meta property=\"og:image:type\" content=\"image\/png\" \/>\n<meta name=\"twitter:card\" content=\"summary_large_image\" \/>\n<meta name=\"twitter:label1\" content=\"Tiempo de lectura\" \/>\n\t<meta name=\"twitter:data1\" content=\"1 minuto\" \/>\n<script type=\"application\/ld+json\" class=\"yoast-schema-graph\">{\"@context\":\"https:\/\/schema.org\",\"@graph\":[{\"@type\":\"WebPage\",\"@id\":\"https:\/\/pcmastersbogota.com.co\/producto\/gamemax-80p-bronze-rgb-800w\/\",\"url\":\"https:\/\/pcmastersbogota.com.co\/producto\/gamemax-80p-bronze-rgb-800w\/\",\"name\":\"GAMEMAX 80P BRONZE RGB 800W - PC MASTERS BOGOTA\",\"isPartOf\":{\"@id\":\"https:\/\/pcmastersbogota.com.co\/es_es\/#website\"},\"primaryImageOfPage\":{\"@id\":\"https:\/\/pcmastersbogota.com.co\/producto\/gamemax-80p-bronze-rgb-800w\/#primaryimage\"},\"image\":{\"@id\":\"https:\/\/pcmastersbogota.com.co\/producto\/gamemax-80p-bronze-rgb-800w\/#primaryimage\"},\"thumbnailUrl\":\"https:\/\/pcmastersbogota.com.co\/wp-content\/uploads\/2021\/08\/14117-1.png\",\"datePublished\":\"2021-08-10T01:03:49+00:00\",\"dateModified\":\"2024-12-10T02:09:52+00:00\",\"breadcrumb\":{\"@id\":\"https:\/\/pcmastersbogota.com.co\/producto\/gamemax-80p-bronze-rgb-800w\/#breadcrumb\"},\"inLanguage\":\"es\",\"potentialAction\":[{\"@type\":\"ReadAction\",\"target\":[\"https:\/\/pcmastersbogota.com.co\/producto\/gamemax-80p-bronze-rgb-800w\/\"]}]},{\"@type\":\"ImageObject\",\"inLanguage\":\"es\",\"@id\":\"https:\/\/pcmastersbogota.com.co\/producto\/gamemax-80p-bronze-rgb-800w\/#primaryimage\",\"url\":\"https:\/\/pcmastersbogota.com.co\/wp-content\/uploads\/2021\/08\/14117-1.png\",\"contentUrl\":\"https:\/\/pcmastersbogota.com.co\/wp-content\/uploads\/2021\/08\/14117-1.png\",\"width\":1000,\"height\":1000},{\"@type\":\"BreadcrumbList\",\"@id\":\"https:\/\/pcmastersbogota.com.co\/producto\/gamemax-80p-bronze-rgb-800w\/#breadcrumb\",\"itemListElement\":[{\"@type\":\"ListItem\",\"position\":1,\"name\":\"Home\",\"item\":\"https:\/\/pcmastersbogota.com.co\/\"},{\"@type\":\"ListItem\",\"position\":2,\"name\":\"Tienda\",\"item\":\"https:\/\/pcmastersbogota.com.co\/es_es\/tienda\/\"},{\"@type\":\"ListItem\",\"position\":3,\"name\":\"GAMEMAX 80P BRONZE RGB 800W\"}]},{\"@type\":\"WebSite\",\"@id\":\"https:\/\/pcmastersbogota.com.co\/es_es\/#website\",\"url\":\"https:\/\/pcmastersbogota.com.co\/es_es\/\",\"name\":\"PC MASTERS BOGOTA\",\"description\":\"\",\"potentialAction\":[{\"@type\":\"SearchAction\",\"target\":{\"@type\":\"EntryPoint\",\"urlTemplate\":\"https:\/\/pcmastersbogota.com.co\/es_es\/?s={search_term_string}\"},\"query-input\":{\"@type\":\"PropertyValueSpecification\",\"valueRequired\":true,\"valueName\":\"search_term_string\"}}],\"inLanguage\":\"es\"}]}<\/script>\n<!-- \/ Yoast SEO plugin. -->","yoast_head_json":{"title":"GAMEMAX 80P BRONZE RGB 800W - PC MASTERS BOGOTA","robots":{"index":"index","follow":"follow","max-snippet":"max-snippet:-1","max-image-preview":"max-image-preview:large","max-video-preview":"max-video-preview:-1"},"canonical":"https:\/\/pcmastersbogota.com.co\/es_es\/producto\/gamemax-80p-bronze-rgb-800w\/","og_locale":"es_ES","og_type":"article","og_title":"GAMEMAX 80P BRONZE RGB 800W - PC MASTERS BOGOTA","og_description":"La gama GameMax VP RGB tiene excelentes caracter\u00edsticas que la convierten en una buena opci\u00f3n para las personas que buscan una fuente de alimentaci\u00f3n eficiente, confiable y de buen valor. La relaci\u00f3n costo \/ rendimiento m\u00e1s adecuada es la mejor opci\u00f3n para el constructor de sistemas.","og_url":"https:\/\/pcmastersbogota.com.co\/es_es\/producto\/gamemax-80p-bronze-rgb-800w\/","og_site_name":"PC MASTERS BOGOTA","article_modified_time":"2024-12-10T02:09:52+00:00","og_image":[{"width":1000,"height":1000,"url":"https:\/\/pcmastersbogota.com.co\/wp-content\/uploads\/2021\/08\/14117-1.png","type":"image\/png"}],"twitter_card":"summary_large_image","twitter_misc":{"Tiempo de lectura":"1 minuto"},"schema":{"@context":"https:\/\/schema.org","@graph":[{"@type":"WebPage","@id":"https:\/\/pcmastersbogota.com.co\/producto\/gamemax-80p-bronze-rgb-800w\/","url":"https:\/\/pcmastersbogota.com.co\/producto\/gamemax-80p-bronze-rgb-800w\/","name":"GAMEMAX 80P BRONZE RGB 800W - PC MASTERS BOGOTA","isPartOf":{"@id":"https:\/\/pcmastersbogota.com.co\/es_es\/#website"},"primaryImageOfPage":{"@id":"https:\/\/pcmastersbogota.com.co\/producto\/gamemax-80p-bronze-rgb-800w\/#primaryimage"},"image":{"@id":"https:\/\/pcmastersbogota.com.co\/producto\/gamemax-80p-bronze-rgb-800w\/#primaryimage"},"thumbnailUrl":"https:\/\/pcmastersbogota.com.co\/wp-content\/uploads\/2021\/08\/14117-1.png","datePublished":"2021-08-10T01:03:49+00:00","dateModified":"2024-12-10T02:09:52+00:00","breadcrumb":{"@id":"https:\/\/pcmastersbogota.com.co\/producto\/gamemax-80p-bronze-rgb-800w\/#breadcrumb"},"inLanguage":"es","potentialAction":[{"@type":"ReadAction","target":["https:\/\/pcmastersbogota.com.co\/producto\/gamemax-80p-bronze-rgb-800w\/"]}]},{"@type":"ImageObject","inLanguage":"es","@id":"https:\/\/pcmastersbogota.com.co\/producto\/gamemax-80p-bronze-rgb-800w\/#primaryimage","url":"https:\/\/pcmastersbogota.com.co\/wp-content\/uploads\/2021\/08\/14117-1.png","contentUrl":"https:\/\/pcmastersbogota.com.co\/wp-content\/uploads\/2021\/08\/14117-1.png","width":1000,"height":1000},{"@type":"BreadcrumbList","@id":"https:\/\/pcmastersbogota.com.co\/producto\/gamemax-80p-bronze-rgb-800w\/#breadcrumb","itemListElement":[{"@type":"ListItem","position":1,"name":"Home","item":"https:\/\/pcmastersbogota.com.co\/"},{"@type":"ListItem","position":2,"name":"Tienda","item":"https:\/\/pcmastersbogota.com.co\/es_es\/tienda\/"},{"@type":"ListItem","position":3,"name":"GAMEMAX 80P BRONZE RGB 800W"}]},{"@type":"WebSite","@id":"https:\/\/pcmastersbogota.com.co\/es_es\/#website","url":"https:\/\/pcmastersbogota.com.co\/es_es\/","name":"PC MASTERS BOGOTA","description":"","potentialAction":[{"@type":"SearchAction","target":{"@type":"EntryPoint","urlTemplate":"https:\/\/pcmastersbogota.com.co\/es_es\/?s={search_term_string}"},"query-input":{"@type":"PropertyValueSpecification","valueRequired":true,"valueName":"search_term_string"}}],"inLanguage":"es"}]}},"brands":[{"id":154,"name":"GAMEMAX","slug":"gamemax"}],"_links":{"self":[{"href":"https:\/\/pcmastersbogota.com.co\/es_es\/wp-json\/wp\/v2\/product\/14507","targetHints":{"allow":["GET"]}}],"collection":[{"href":"https:\/\/pcmastersbogota.com.co\/es_es\/wp-json\/wp\/v2\/product"}],"about":[{"href":"https:\/\/pcmastersbogota.com.co\/es_es\/wp-json\/wp\/v2\/types\/product"}],"replies":[{"embeddable":true,"href":"https:\/\/pcmastersbogota.com.co\/es_es\/wp-json\/wp\/v2\/comments?post=14507"}],"version-history":[{"count":4,"href":"https:\/\/pcmastersbogota.com.co\/es_es\/wp-json\/wp\/v2\/product\/14507\/revisions"}],"predecessor-version":[{"id":17772,"href":"https:\/\/pcmastersbogota.com.co\/es_es\/wp-json\/wp\/v2\/product\/14507\/revisions\/17772"}],"wp:featuredmedia":[{"embeddable":true,"href":"https:\/\/pcmastersbogota.com.co\/es_es\/wp-json\/wp\/v2\/media\/14733"}],"wp:attachment":[{"href":"https:\/\/pcmastersbogota.com.co\/es_es\/wp-json\/wp\/v2\/media?parent=14507"}],"wp:term":[{"taxonomy":"pwb-brand","embeddable":true,"href":"https:\/\/pcmastersbogota.com.co\/es_es\/wp-json\/wp\/v2\/pwb-brand?post=14507"},{"taxonomy":"product_brand","embeddable":true,"href":"https:\/\/pcmastersbogota.com.co\/es_es\/wp-json\/wp\/v2\/product_brand?post=14507"},{"taxonomy":"product_cat","embeddable":true,"href":"https:\/\/pcmastersbogota.com.co\/es_es\/wp-json\/wp\/v2\/product_cat?post=14507"},{"taxonomy":"product_tag","embeddable":true,"href":"https:\/\/pcmastersbogota.com.co\/es_es\/wp-json\/wp\/v2\/product_tag?post=14507"}],"curies":[{"name":"wp","href":"https:\/\/api.w.org\/{rel}","templated":true}]}}