{"id":14544,"date":"2021-08-09T20:04:00","date_gmt":"2021-08-10T01:04:00","guid":{"rendered":"https:\/\/pcmastersbogota.com.co\/?post_type=product&#038;p=14544"},"modified":"2024-12-09T21:08:12","modified_gmt":"2024-12-10T02:08:12","slug":"thermaltake-tr2-600w","status":"publish","type":"product","link":"https:\/\/pcmastersbogota.com.co\/es_es\/producto\/thermaltake-tr2-600w\/","title":{"rendered":"THERMALTAKE TR2 600W"},"content":{"rendered":"<p>https:\/\/es.thermaltake.com\/tr2-600w-bronze.html<\/p>\n<p>Enorme ventilador de 120mm con control inteligente de temperatura que autom\u00e1ticamente cambia la velocidad del ventilador para agregar enfriamiento mientras se trabaja o bajo una aplicaci\u00f3n intensa y con una silenciosa operaci\u00f3n tal como lo necesitas. Con la caracter\u00edstica de cableado modular encontrado normalmente en fuentes de poder Premium, la fuente de poder Thermaltake TR2 600W trae cables que son 17% m\u00e1s largos, en promedio, m\u00e1s que las otras fuentes de poder de la misma gama.<\/p>\n<p>\u2022 Cableado Modular Optimizado<br \/>\n\u2022 Ventilador de 120mm silencioso con control inteligente<br \/>\n\u2022 Protecci\u00f3n contra Sobre Corriente, Sobre Voltaje y Corto Circuito<br \/>\n\u2022 ATX 12V V2.3 permite la mas confiable y robusta entrega de poder<br \/>\n\u2022 Soporta la mayor\u00eda de las tarjetas graficas Nvidia y ATI\/AMD<br \/>\n\u2022 Soporta la nueva generaci\u00f3n de procesadores multi-core Intel y AMD<br \/>\n\u2022 Alta fiabilidad: MTBF&gt; 100,000 horas<br \/>\n\u2022 Seguridad\/EMI Aprobaciones: UL\/CUL FCC<br \/>\n\u2022 D\u00edas de garant\u00eda: 365<\/p>\n","protected":false},"excerpt":{"rendered":"<p>La nueva Serie TR2 de Thermaltake son unidades de fuente de alimentaci\u00f3n (PSU) que incorporan varios componentes de alta calidad, que van desde 450W a 600W, que siempre se adaptan a cualquier construcci\u00f3n convencional bajo cualquier circunstancia. <\/p>\n","protected":false},"featured_media":14702,"comment_status":"open","ping_status":"closed","template":"","meta":[],"pwb-brand":[102],"product_brand":[],"product_cat":[313],"product_tag":[314],"class_list":{"0":"post-14544","1":"product","2":"type-product","3":"status-publish","4":"has-post-thumbnail","6":"pwb-brand-thermaltake","7":"product_cat-fuentes-de-poder","8":"product_tag-fuentes","10":"first","11":"outofstock","12":"taxable","13":"shipping-taxable","14":"purchasable","15":"product-type-simple"},"yoast_head":"<!-- This site is optimized with the Yoast SEO plugin v26.7 - https:\/\/yoast.com\/wordpress\/plugins\/seo\/ -->\n<title>THERMALTAKE TR2 600W - PC MASTERS BOGOTA<\/title>\n<meta name=\"robots\" content=\"index, follow, max-snippet:-1, max-image-preview:large, max-video-preview:-1\" \/>\n<link rel=\"canonical\" href=\"https:\/\/pcmastersbogota.com.co\/es_es\/producto\/thermaltake-tr2-600w\/\" \/>\n<meta property=\"og:locale\" content=\"es_ES\" \/>\n<meta property=\"og:type\" content=\"article\" \/>\n<meta property=\"og:title\" content=\"THERMALTAKE TR2 600W - PC MASTERS BOGOTA\" \/>\n<meta property=\"og:description\" content=\"La nueva Serie TR2 de Thermaltake son unidades de fuente de alimentaci\u00f3n (PSU) que incorporan varios componentes de alta calidad, que van desde 450W a 600W, que siempre se adaptan a cualquier construcci\u00f3n convencional bajo cualquier circunstancia.\" \/>\n<meta property=\"og:url\" content=\"https:\/\/pcmastersbogota.com.co\/es_es\/producto\/thermaltake-tr2-600w\/\" \/>\n<meta property=\"og:site_name\" content=\"PC MASTERS BOGOTA\" \/>\n<meta property=\"article:modified_time\" content=\"2024-12-10T02:08:12+00:00\" \/>\n<meta property=\"og:image\" content=\"https:\/\/pcmastersbogota.com.co\/wp-content\/uploads\/2021\/08\/21.jpg\" \/>\n\t<meta property=\"og:image:width\" content=\"500\" \/>\n\t<meta property=\"og:image:height\" content=\"500\" \/>\n\t<meta property=\"og:image:type\" content=\"image\/jpeg\" \/>\n<meta name=\"twitter:card\" content=\"summary_large_image\" \/>\n<meta name=\"twitter:label1\" content=\"Tiempo de lectura\" \/>\n\t<meta name=\"twitter:data1\" content=\"1 minuto\" \/>\n<script type=\"application\/ld+json\" class=\"yoast-schema-graph\">{\"@context\":\"https:\/\/schema.org\",\"@graph\":[{\"@type\":\"WebPage\",\"@id\":\"https:\/\/pcmastersbogota.com.co\/producto\/thermaltake-tr2-600w\/\",\"url\":\"https:\/\/pcmastersbogota.com.co\/producto\/thermaltake-tr2-600w\/\",\"name\":\"THERMALTAKE TR2 600W - PC MASTERS BOGOTA\",\"isPartOf\":{\"@id\":\"https:\/\/pcmastersbogota.com.co\/es_es\/#website\"},\"primaryImageOfPage\":{\"@id\":\"https:\/\/pcmastersbogota.com.co\/producto\/thermaltake-tr2-600w\/#primaryimage\"},\"image\":{\"@id\":\"https:\/\/pcmastersbogota.com.co\/producto\/thermaltake-tr2-600w\/#primaryimage\"},\"thumbnailUrl\":\"https:\/\/pcmastersbogota.com.co\/wp-content\/uploads\/2021\/08\/21.jpg\",\"datePublished\":\"2021-08-10T01:04:00+00:00\",\"dateModified\":\"2024-12-10T02:08:12+00:00\",\"breadcrumb\":{\"@id\":\"https:\/\/pcmastersbogota.com.co\/producto\/thermaltake-tr2-600w\/#breadcrumb\"},\"inLanguage\":\"es\",\"potentialAction\":[{\"@type\":\"ReadAction\",\"target\":[\"https:\/\/pcmastersbogota.com.co\/producto\/thermaltake-tr2-600w\/\"]}]},{\"@type\":\"ImageObject\",\"inLanguage\":\"es\",\"@id\":\"https:\/\/pcmastersbogota.com.co\/producto\/thermaltake-tr2-600w\/#primaryimage\",\"url\":\"https:\/\/pcmastersbogota.com.co\/wp-content\/uploads\/2021\/08\/21.jpg\",\"contentUrl\":\"https:\/\/pcmastersbogota.com.co\/wp-content\/uploads\/2021\/08\/21.jpg\",\"width\":500,\"height\":500},{\"@type\":\"BreadcrumbList\",\"@id\":\"https:\/\/pcmastersbogota.com.co\/producto\/thermaltake-tr2-600w\/#breadcrumb\",\"itemListElement\":[{\"@type\":\"ListItem\",\"position\":1,\"name\":\"Home\",\"item\":\"https:\/\/pcmastersbogota.com.co\/\"},{\"@type\":\"ListItem\",\"position\":2,\"name\":\"Tienda\",\"item\":\"https:\/\/pcmastersbogota.com.co\/es_es\/tienda\/\"},{\"@type\":\"ListItem\",\"position\":3,\"name\":\"THERMALTAKE TR2 600W\"}]},{\"@type\":\"WebSite\",\"@id\":\"https:\/\/pcmastersbogota.com.co\/es_es\/#website\",\"url\":\"https:\/\/pcmastersbogota.com.co\/es_es\/\",\"name\":\"PC MASTERS BOGOTA\",\"description\":\"\",\"potentialAction\":[{\"@type\":\"SearchAction\",\"target\":{\"@type\":\"EntryPoint\",\"urlTemplate\":\"https:\/\/pcmastersbogota.com.co\/es_es\/?s={search_term_string}\"},\"query-input\":{\"@type\":\"PropertyValueSpecification\",\"valueRequired\":true,\"valueName\":\"search_term_string\"}}],\"inLanguage\":\"es\"}]}<\/script>\n<!-- \/ Yoast SEO plugin. -->","yoast_head_json":{"title":"THERMALTAKE TR2 600W - PC MASTERS BOGOTA","robots":{"index":"index","follow":"follow","max-snippet":"max-snippet:-1","max-image-preview":"max-image-preview:large","max-video-preview":"max-video-preview:-1"},"canonical":"https:\/\/pcmastersbogota.com.co\/es_es\/producto\/thermaltake-tr2-600w\/","og_locale":"es_ES","og_type":"article","og_title":"THERMALTAKE TR2 600W - PC MASTERS BOGOTA","og_description":"La nueva Serie TR2 de Thermaltake son unidades de fuente de alimentaci\u00f3n (PSU) que incorporan varios componentes de alta calidad, que van desde 450W a 600W, que siempre se adaptan a cualquier construcci\u00f3n convencional bajo cualquier circunstancia.","og_url":"https:\/\/pcmastersbogota.com.co\/es_es\/producto\/thermaltake-tr2-600w\/","og_site_name":"PC MASTERS BOGOTA","article_modified_time":"2024-12-10T02:08:12+00:00","og_image":[{"width":500,"height":500,"url":"https:\/\/pcmastersbogota.com.co\/wp-content\/uploads\/2021\/08\/21.jpg","type":"image\/jpeg"}],"twitter_card":"summary_large_image","twitter_misc":{"Tiempo de lectura":"1 minuto"},"schema":{"@context":"https:\/\/schema.org","@graph":[{"@type":"WebPage","@id":"https:\/\/pcmastersbogota.com.co\/producto\/thermaltake-tr2-600w\/","url":"https:\/\/pcmastersbogota.com.co\/producto\/thermaltake-tr2-600w\/","name":"THERMALTAKE TR2 600W - PC MASTERS BOGOTA","isPartOf":{"@id":"https:\/\/pcmastersbogota.com.co\/es_es\/#website"},"primaryImageOfPage":{"@id":"https:\/\/pcmastersbogota.com.co\/producto\/thermaltake-tr2-600w\/#primaryimage"},"image":{"@id":"https:\/\/pcmastersbogota.com.co\/producto\/thermaltake-tr2-600w\/#primaryimage"},"thumbnailUrl":"https:\/\/pcmastersbogota.com.co\/wp-content\/uploads\/2021\/08\/21.jpg","datePublished":"2021-08-10T01:04:00+00:00","dateModified":"2024-12-10T02:08:12+00:00","breadcrumb":{"@id":"https:\/\/pcmastersbogota.com.co\/producto\/thermaltake-tr2-600w\/#breadcrumb"},"inLanguage":"es","potentialAction":[{"@type":"ReadAction","target":["https:\/\/pcmastersbogota.com.co\/producto\/thermaltake-tr2-600w\/"]}]},{"@type":"ImageObject","inLanguage":"es","@id":"https:\/\/pcmastersbogota.com.co\/producto\/thermaltake-tr2-600w\/#primaryimage","url":"https:\/\/pcmastersbogota.com.co\/wp-content\/uploads\/2021\/08\/21.jpg","contentUrl":"https:\/\/pcmastersbogota.com.co\/wp-content\/uploads\/2021\/08\/21.jpg","width":500,"height":500},{"@type":"BreadcrumbList","@id":"https:\/\/pcmastersbogota.com.co\/producto\/thermaltake-tr2-600w\/#breadcrumb","itemListElement":[{"@type":"ListItem","position":1,"name":"Home","item":"https:\/\/pcmastersbogota.com.co\/"},{"@type":"ListItem","position":2,"name":"Tienda","item":"https:\/\/pcmastersbogota.com.co\/es_es\/tienda\/"},{"@type":"ListItem","position":3,"name":"THERMALTAKE TR2 600W"}]},{"@type":"WebSite","@id":"https:\/\/pcmastersbogota.com.co\/es_es\/#website","url":"https:\/\/pcmastersbogota.com.co\/es_es\/","name":"PC MASTERS BOGOTA","description":"","potentialAction":[{"@type":"SearchAction","target":{"@type":"EntryPoint","urlTemplate":"https:\/\/pcmastersbogota.com.co\/es_es\/?s={search_term_string}"},"query-input":{"@type":"PropertyValueSpecification","valueRequired":true,"valueName":"search_term_string"}}],"inLanguage":"es"}]}},"brands":[{"id":102,"name":"THERMALTAKE","slug":"thermaltake"}],"_links":{"self":[{"href":"https:\/\/pcmastersbogota.com.co\/es_es\/wp-json\/wp\/v2\/product\/14544","targetHints":{"allow":["GET"]}}],"collection":[{"href":"https:\/\/pcmastersbogota.com.co\/es_es\/wp-json\/wp\/v2\/product"}],"about":[{"href":"https:\/\/pcmastersbogota.com.co\/es_es\/wp-json\/wp\/v2\/types\/product"}],"replies":[{"embeddable":true,"href":"https:\/\/pcmastersbogota.com.co\/es_es\/wp-json\/wp\/v2\/comments?post=14544"}],"version-history":[{"count":3,"href":"https:\/\/pcmastersbogota.com.co\/es_es\/wp-json\/wp\/v2\/product\/14544\/revisions"}],"predecessor-version":[{"id":17766,"href":"https:\/\/pcmastersbogota.com.co\/es_es\/wp-json\/wp\/v2\/product\/14544\/revisions\/17766"}],"wp:featuredmedia":[{"embeddable":true,"href":"https:\/\/pcmastersbogota.com.co\/es_es\/wp-json\/wp\/v2\/media\/14702"}],"wp:attachment":[{"href":"https:\/\/pcmastersbogota.com.co\/es_es\/wp-json\/wp\/v2\/media?parent=14544"}],"wp:term":[{"taxonomy":"pwb-brand","embeddable":true,"href":"https:\/\/pcmastersbogota.com.co\/es_es\/wp-json\/wp\/v2\/pwb-brand?post=14544"},{"taxonomy":"product_brand","embeddable":true,"href":"https:\/\/pcmastersbogota.com.co\/es_es\/wp-json\/wp\/v2\/product_brand?post=14544"},{"taxonomy":"product_cat","embeddable":true,"href":"https:\/\/pcmastersbogota.com.co\/es_es\/wp-json\/wp\/v2\/product_cat?post=14544"},{"taxonomy":"product_tag","embeddable":true,"href":"https:\/\/pcmastersbogota.com.co\/es_es\/wp-json\/wp\/v2\/product_tag?post=14544"}],"curies":[{"name":"wp","href":"https:\/\/api.w.org\/{rel}","templated":true}]}}