{"id":14547,"date":"2021-08-09T20:04:01","date_gmt":"2021-08-10T01:04:01","guid":{"rendered":"https:\/\/pcmastersbogota.com.co\/?post_type=product&#038;p=14547"},"modified":"2024-12-09T21:06:43","modified_gmt":"2024-12-10T02:06:43","slug":"450w-xpg-pylon-80p-bronze","status":"publish","type":"product","link":"https:\/\/pcmastersbogota.com.co\/es_es\/producto\/450w-xpg-pylon-80p-bronze\/","title":{"rendered":"XPG PYLON 80P BRONZE 450W"},"content":{"rendered":"<p>https:\/\/www.xpg.com\/es\/xpg\/670<\/p>\n<p>XPG PYLON es una unidad de fuente de alimentaci\u00f3n con la certificaci\u00f3n 80 Plus Bronze que garantiza la eficiencia energ\u00e9tica al 20 %, 50 % y 100 % de las cargas nominales. La fuente de alimentaci\u00f3n XPG PYLON tambi\u00e9n cumple el reglamento ErP 2014 Lote 3, y est\u00e1 dise\u00f1ada para un funcionamiento continuo del sistema de alimentaci\u00f3n de manera ininterrumpida 24\/7.<\/p>\n<p>El control del ventilador integrado del rodamiento hidr\u00e1ulico (FDB) de 120 mm comienza a aproximadamente 700 r.p.m. (temperatura ambiente de 25 \u00b0C) y mantiene su baja velocidad del ventilador hasta aproximadamente el 70 % de la carga de potencia.<\/p>\n<p>El condensador principal japon\u00e9s de 105 \u00b0C de la serie XPG PYLON Bronze garantiza una gran durabilidad y ofrece la mayor estabilidad y fiabilidad.<\/p>\n<p>Dimensiones (L x An x Al): 150 x 140 x 86mm.Clasificaci\u00f3n 80 PLUS: BRONZE.Versi\u00f3n ATX: Intel ATX 12V V2.4 (la sincronizaci\u00f3n cumple con las pautas espec\u00edficas de Intel ATX12V para la versi\u00f3n 2.52)Protecciones: OCP\/OVP\/UVP\/OPP\/SCP\/OTP\/NLO\/SIP.Certificados: CE \/ CB(62368+60950) \/ FCC(IC) \/ EAC \/ CCC \/ TUV \/ cTUVus \/ TUV-S \/ RCM \/ NOM \/ BSMI \/ KC \/ ROHS.PFC: 0,99.Voltaje de entrada: 100-240 V.Corriente de entrada: 450 W: 7 A\/3,5 A.Frecuencia de entrada: 50 Hz \u2013 60 Hz.Temperatura de operaci\u00f3n: 50\u2103.Tama\u00f1o del ventilador: 120mm.Rodamiento del ventilador: Rodamiento hidr\u00e1ulico (FDB, Fluid Dynamic Bearing).Velocidad del ventilador: 2000 r.p.m.MTBF: 100 000 horas a 25 \u2103.Conector ATX de 24 contactos: 1.Conector EPS de 8 (4+4) contactos: 450 W: 1Conector SATA: 450 W: 5.Conector perif\u00e9rico de 4 contactos: 450 W: 1.Conector PCI-E+ de 6+2 contactos: 450 W: 2.<\/p>\n","protected":false},"excerpt":{"rendered":"<p>Descripci\u00f3n<br \/>\nLa fuente de alimentaci\u00f3n XPG PYLON cumple la funci\u00f3n de modo de suspensi\u00f3n de la gu\u00eda de dise\u00f1o de fuentes de alimentaci\u00f3n de Intel ATX, con una potencia total de +12 V de CC a CC al 100 %(*) en todas las series PYLON, lo que garantiza que la entrega de energ\u00eda se mantiene constante, eficiente y capaz de admitir CPU y tarjetas gr\u00e1ficas de gama media a alta.<\/p>\n<p>&nbsp;<\/p>\n","protected":false},"featured_media":14668,"comment_status":"open","ping_status":"closed","template":"","meta":[],"pwb-brand":[330,104],"product_brand":[],"product_cat":[313],"product_tag":[314],"class_list":{"0":"post-14547","1":"product","2":"type-product","3":"status-publish","4":"has-post-thumbnail","6":"pwb-brand-pylon","7":"pwb-brand-xpg","8":"product_cat-fuentes-de-poder","9":"product_tag-fuentes","11":"first","12":"instock","13":"taxable","14":"shipping-taxable","15":"purchasable","16":"product-type-simple"},"yoast_head":"<!-- This site is optimized with the Yoast SEO plugin v26.7 - https:\/\/yoast.com\/wordpress\/plugins\/seo\/ -->\n<title>XPG PYLON 80P BRONZE 450W - PC MASTERS BOGOTA<\/title>\n<meta name=\"robots\" content=\"index, follow, max-snippet:-1, max-image-preview:large, max-video-preview:-1\" \/>\n<link rel=\"canonical\" href=\"https:\/\/pcmastersbogota.com.co\/es_es\/producto\/450w-xpg-pylon-80p-bronze\/\" \/>\n<meta property=\"og:locale\" content=\"es_ES\" \/>\n<meta property=\"og:type\" content=\"article\" \/>\n<meta property=\"og:title\" content=\"XPG PYLON 80P BRONZE 450W - PC MASTERS BOGOTA\" \/>\n<meta property=\"og:description\" content=\"Descripci\u00f3n La fuente de alimentaci\u00f3n XPG PYLON cumple la funci\u00f3n de modo de suspensi\u00f3n de la gu\u00eda de dise\u00f1o de fuentes de alimentaci\u00f3n de Intel ATX, con una potencia total de +12 V de CC a CC al 100 %(*) en todas las series PYLON, lo que garantiza que la entrega de energ\u00eda se mantiene constante, eficiente y capaz de admitir CPU y tarjetas gr\u00e1ficas de gama media a alta.  &nbsp;\" \/>\n<meta property=\"og:url\" content=\"https:\/\/pcmastersbogota.com.co\/es_es\/producto\/450w-xpg-pylon-80p-bronze\/\" \/>\n<meta property=\"og:site_name\" content=\"PC MASTERS BOGOTA\" \/>\n<meta property=\"article:modified_time\" content=\"2024-12-10T02:06:43+00:00\" \/>\n<meta property=\"og:image\" content=\"https:\/\/pcmastersbogota.com.co\/wp-content\/uploads\/2021\/08\/productGallery231.png\" \/>\n\t<meta property=\"og:image:width\" content=\"1000\" \/>\n\t<meta property=\"og:image:height\" content=\"1000\" \/>\n\t<meta property=\"og:image:type\" content=\"image\/png\" \/>\n<meta name=\"twitter:card\" content=\"summary_large_image\" \/>\n<meta name=\"twitter:label1\" content=\"Tiempo de lectura\" \/>\n\t<meta name=\"twitter:data1\" content=\"1 minuto\" \/>\n<script type=\"application\/ld+json\" class=\"yoast-schema-graph\">{\"@context\":\"https:\/\/schema.org\",\"@graph\":[{\"@type\":\"WebPage\",\"@id\":\"https:\/\/pcmastersbogota.com.co\/producto\/450w-xpg-pylon-80p-bronze\/\",\"url\":\"https:\/\/pcmastersbogota.com.co\/producto\/450w-xpg-pylon-80p-bronze\/\",\"name\":\"XPG PYLON 80P BRONZE 450W - PC MASTERS BOGOTA\",\"isPartOf\":{\"@id\":\"https:\/\/pcmastersbogota.com.co\/es_es\/#website\"},\"primaryImageOfPage\":{\"@id\":\"https:\/\/pcmastersbogota.com.co\/producto\/450w-xpg-pylon-80p-bronze\/#primaryimage\"},\"image\":{\"@id\":\"https:\/\/pcmastersbogota.com.co\/producto\/450w-xpg-pylon-80p-bronze\/#primaryimage\"},\"thumbnailUrl\":\"https:\/\/pcmastersbogota.com.co\/wp-content\/uploads\/2021\/08\/productGallery231.png\",\"datePublished\":\"2021-08-10T01:04:01+00:00\",\"dateModified\":\"2024-12-10T02:06:43+00:00\",\"breadcrumb\":{\"@id\":\"https:\/\/pcmastersbogota.com.co\/producto\/450w-xpg-pylon-80p-bronze\/#breadcrumb\"},\"inLanguage\":\"es\",\"potentialAction\":[{\"@type\":\"ReadAction\",\"target\":[\"https:\/\/pcmastersbogota.com.co\/producto\/450w-xpg-pylon-80p-bronze\/\"]}]},{\"@type\":\"ImageObject\",\"inLanguage\":\"es\",\"@id\":\"https:\/\/pcmastersbogota.com.co\/producto\/450w-xpg-pylon-80p-bronze\/#primaryimage\",\"url\":\"https:\/\/pcmastersbogota.com.co\/wp-content\/uploads\/2021\/08\/productGallery231.png\",\"contentUrl\":\"https:\/\/pcmastersbogota.com.co\/wp-content\/uploads\/2021\/08\/productGallery231.png\",\"width\":1000,\"height\":1000},{\"@type\":\"BreadcrumbList\",\"@id\":\"https:\/\/pcmastersbogota.com.co\/producto\/450w-xpg-pylon-80p-bronze\/#breadcrumb\",\"itemListElement\":[{\"@type\":\"ListItem\",\"position\":1,\"name\":\"Home\",\"item\":\"https:\/\/pcmastersbogota.com.co\/\"},{\"@type\":\"ListItem\",\"position\":2,\"name\":\"Tienda\",\"item\":\"https:\/\/pcmastersbogota.com.co\/es_es\/tienda\/\"},{\"@type\":\"ListItem\",\"position\":3,\"name\":\"XPG PYLON 80P BRONZE 450W\"}]},{\"@type\":\"WebSite\",\"@id\":\"https:\/\/pcmastersbogota.com.co\/es_es\/#website\",\"url\":\"https:\/\/pcmastersbogota.com.co\/es_es\/\",\"name\":\"PC MASTERS BOGOTA\",\"description\":\"\",\"potentialAction\":[{\"@type\":\"SearchAction\",\"target\":{\"@type\":\"EntryPoint\",\"urlTemplate\":\"https:\/\/pcmastersbogota.com.co\/es_es\/?s={search_term_string}\"},\"query-input\":{\"@type\":\"PropertyValueSpecification\",\"valueRequired\":true,\"valueName\":\"search_term_string\"}}],\"inLanguage\":\"es\"}]}<\/script>\n<!-- \/ Yoast SEO plugin. -->","yoast_head_json":{"title":"XPG PYLON 80P BRONZE 450W - PC MASTERS BOGOTA","robots":{"index":"index","follow":"follow","max-snippet":"max-snippet:-1","max-image-preview":"max-image-preview:large","max-video-preview":"max-video-preview:-1"},"canonical":"https:\/\/pcmastersbogota.com.co\/es_es\/producto\/450w-xpg-pylon-80p-bronze\/","og_locale":"es_ES","og_type":"article","og_title":"XPG PYLON 80P BRONZE 450W - PC MASTERS BOGOTA","og_description":"Descripci\u00f3n La fuente de alimentaci\u00f3n XPG PYLON cumple la funci\u00f3n de modo de suspensi\u00f3n de la gu\u00eda de dise\u00f1o de fuentes de alimentaci\u00f3n de Intel ATX, con una potencia total de +12 V de CC a CC al 100 %(*) en todas las series PYLON, lo que garantiza que la entrega de energ\u00eda se mantiene constante, eficiente y capaz de admitir CPU y tarjetas gr\u00e1ficas de gama media a alta.  &nbsp;","og_url":"https:\/\/pcmastersbogota.com.co\/es_es\/producto\/450w-xpg-pylon-80p-bronze\/","og_site_name":"PC MASTERS BOGOTA","article_modified_time":"2024-12-10T02:06:43+00:00","og_image":[{"width":1000,"height":1000,"url":"https:\/\/pcmastersbogota.com.co\/wp-content\/uploads\/2021\/08\/productGallery231.png","type":"image\/png"}],"twitter_card":"summary_large_image","twitter_misc":{"Tiempo de lectura":"1 minuto"},"schema":{"@context":"https:\/\/schema.org","@graph":[{"@type":"WebPage","@id":"https:\/\/pcmastersbogota.com.co\/producto\/450w-xpg-pylon-80p-bronze\/","url":"https:\/\/pcmastersbogota.com.co\/producto\/450w-xpg-pylon-80p-bronze\/","name":"XPG PYLON 80P BRONZE 450W - PC MASTERS BOGOTA","isPartOf":{"@id":"https:\/\/pcmastersbogota.com.co\/es_es\/#website"},"primaryImageOfPage":{"@id":"https:\/\/pcmastersbogota.com.co\/producto\/450w-xpg-pylon-80p-bronze\/#primaryimage"},"image":{"@id":"https:\/\/pcmastersbogota.com.co\/producto\/450w-xpg-pylon-80p-bronze\/#primaryimage"},"thumbnailUrl":"https:\/\/pcmastersbogota.com.co\/wp-content\/uploads\/2021\/08\/productGallery231.png","datePublished":"2021-08-10T01:04:01+00:00","dateModified":"2024-12-10T02:06:43+00:00","breadcrumb":{"@id":"https:\/\/pcmastersbogota.com.co\/producto\/450w-xpg-pylon-80p-bronze\/#breadcrumb"},"inLanguage":"es","potentialAction":[{"@type":"ReadAction","target":["https:\/\/pcmastersbogota.com.co\/producto\/450w-xpg-pylon-80p-bronze\/"]}]},{"@type":"ImageObject","inLanguage":"es","@id":"https:\/\/pcmastersbogota.com.co\/producto\/450w-xpg-pylon-80p-bronze\/#primaryimage","url":"https:\/\/pcmastersbogota.com.co\/wp-content\/uploads\/2021\/08\/productGallery231.png","contentUrl":"https:\/\/pcmastersbogota.com.co\/wp-content\/uploads\/2021\/08\/productGallery231.png","width":1000,"height":1000},{"@type":"BreadcrumbList","@id":"https:\/\/pcmastersbogota.com.co\/producto\/450w-xpg-pylon-80p-bronze\/#breadcrumb","itemListElement":[{"@type":"ListItem","position":1,"name":"Home","item":"https:\/\/pcmastersbogota.com.co\/"},{"@type":"ListItem","position":2,"name":"Tienda","item":"https:\/\/pcmastersbogota.com.co\/es_es\/tienda\/"},{"@type":"ListItem","position":3,"name":"XPG PYLON 80P BRONZE 450W"}]},{"@type":"WebSite","@id":"https:\/\/pcmastersbogota.com.co\/es_es\/#website","url":"https:\/\/pcmastersbogota.com.co\/es_es\/","name":"PC MASTERS BOGOTA","description":"","potentialAction":[{"@type":"SearchAction","target":{"@type":"EntryPoint","urlTemplate":"https:\/\/pcmastersbogota.com.co\/es_es\/?s={search_term_string}"},"query-input":{"@type":"PropertyValueSpecification","valueRequired":true,"valueName":"search_term_string"}}],"inLanguage":"es"}]}},"brands":[{"id":330,"name":"PYLON","slug":"pylon"},{"id":104,"name":"XPG","slug":"xpg"}],"_links":{"self":[{"href":"https:\/\/pcmastersbogota.com.co\/es_es\/wp-json\/wp\/v2\/product\/14547","targetHints":{"allow":["GET"]}}],"collection":[{"href":"https:\/\/pcmastersbogota.com.co\/es_es\/wp-json\/wp\/v2\/product"}],"about":[{"href":"https:\/\/pcmastersbogota.com.co\/es_es\/wp-json\/wp\/v2\/types\/product"}],"replies":[{"embeddable":true,"href":"https:\/\/pcmastersbogota.com.co\/es_es\/wp-json\/wp\/v2\/comments?post=14547"}],"version-history":[{"count":3,"href":"https:\/\/pcmastersbogota.com.co\/es_es\/wp-json\/wp\/v2\/product\/14547\/revisions"}],"predecessor-version":[{"id":17760,"href":"https:\/\/pcmastersbogota.com.co\/es_es\/wp-json\/wp\/v2\/product\/14547\/revisions\/17760"}],"wp:featuredmedia":[{"embeddable":true,"href":"https:\/\/pcmastersbogota.com.co\/es_es\/wp-json\/wp\/v2\/media\/14668"}],"wp:attachment":[{"href":"https:\/\/pcmastersbogota.com.co\/es_es\/wp-json\/wp\/v2\/media?parent=14547"}],"wp:term":[{"taxonomy":"pwb-brand","embeddable":true,"href":"https:\/\/pcmastersbogota.com.co\/es_es\/wp-json\/wp\/v2\/pwb-brand?post=14547"},{"taxonomy":"product_brand","embeddable":true,"href":"https:\/\/pcmastersbogota.com.co\/es_es\/wp-json\/wp\/v2\/product_brand?post=14547"},{"taxonomy":"product_cat","embeddable":true,"href":"https:\/\/pcmastersbogota.com.co\/es_es\/wp-json\/wp\/v2\/product_cat?post=14547"},{"taxonomy":"product_tag","embeddable":true,"href":"https:\/\/pcmastersbogota.com.co\/es_es\/wp-json\/wp\/v2\/product_tag?post=14547"}],"curies":[{"name":"wp","href":"https:\/\/api.w.org\/{rel}","templated":true}]}}