{"id":14551,"date":"2021-08-09T20:04:01","date_gmt":"2021-08-10T01:04:01","guid":{"rendered":"https:\/\/pcmastersbogota.com.co\/?post_type=product&#038;p=14551"},"modified":"2024-12-09T21:05:21","modified_gmt":"2024-12-10T02:05:21","slug":"xpg-core-reactor-80pgold-full-modular-650w","status":"publish","type":"product","link":"https:\/\/pcmastersbogota.com.co\/es_es\/producto\/xpg-core-reactor-80pgold-full-modular-650w\/","title":{"rendered":"XPG CORE REACTOR 80PGOLD FULL MODULAR 650W"},"content":{"rendered":"<p>https:\/\/www.xpg.com\/es\/xpg\/641<\/p>\n<p>Dimensiones (AN x LA x Al): 150 x 140 x 86 mm.Clasificaci\u00f3n: 80 PLUS GOLD.Versi\u00f3n: ATX 1.42.Protecciones: OCP \/ OVP \/ UVP \/ OPP \/ SCP \/ OTP \/ NLO \/ SIP.Certificaci\u00f3n: CB \/ TUV \/ cTUVus \/ CCC \/ CE \/ FCC(IC) \/ BSMI \/ RCM \/ KC \/ NOM.PFC: 0,99.Voltaje de entrada: 100 V-240 V.Corriente de entrada: 10 A-5 A.Frecuencia de entrada: 47 Hz-63 Hz.Temperatura de funcionamiento: 50 \u00b0C.Tama\u00f1o del ventilador: 12 cm.Rodamiento del ventilador: FDB.Velocidad del ventilador: 2400.Nivel de ruido al 20%: 11,2dB(A).Nivel de ruido al 50% 650 W: 11,3 dB(A) \/ 650 W.Nivel de ruido al 100% 650 W: 22,7 dB(A) \/ 650 W .MTBF: 100K horas a plena carga.Conector ATX de 24 contactos: 1.Conector EPS de 8 (4+4) contactos: 650 W : 2.Conector SATA: 12.Conector perif\u00e9rico de 4 contactos: 4.Conector PCI-E de 6+2 contactos: 650W : 4.<\/p>\n","protected":false},"excerpt":{"rendered":"<p>XPG CORE REACTOR es una fuente de alimentaci\u00f3n modular 80 Plus Gold equipada con condensadores 100% japoneses. Combinada con la topolog\u00eda resonante Line Level Control (LLC), es eficientemente energ\u00e9tica, fiable y permite realizar el montaje de una forma ordenada y sencilla.<\/p>\n","protected":false},"featured_media":14695,"comment_status":"open","ping_status":"closed","template":"","meta":[],"pwb-brand":[104],"product_brand":[],"product_cat":[313],"product_tag":[314],"class_list":{"0":"post-14551","1":"product","2":"type-product","3":"status-publish","4":"has-post-thumbnail","6":"pwb-brand-xpg","7":"product_cat-fuentes-de-poder","8":"product_tag-fuentes","10":"first","11":"instock","12":"taxable","13":"shipping-taxable","14":"purchasable","15":"product-type-simple"},"yoast_head":"<!-- This site is optimized with the Yoast SEO plugin v26.7 - https:\/\/yoast.com\/wordpress\/plugins\/seo\/ -->\n<title>XPG CORE REACTOR 80PGOLD FULL MODULAR 650W - PC MASTERS BOGOTA<\/title>\n<meta name=\"robots\" content=\"index, follow, max-snippet:-1, max-image-preview:large, max-video-preview:-1\" \/>\n<link rel=\"canonical\" href=\"https:\/\/pcmastersbogota.com.co\/es_es\/producto\/xpg-core-reactor-80pgold-full-modular-650w\/\" \/>\n<meta property=\"og:locale\" content=\"es_ES\" \/>\n<meta property=\"og:type\" content=\"article\" \/>\n<meta property=\"og:title\" content=\"XPG CORE REACTOR 80PGOLD FULL MODULAR 650W - PC MASTERS BOGOTA\" \/>\n<meta property=\"og:description\" content=\"XPG CORE REACTOR es una fuente de alimentaci\u00f3n modular 80 Plus Gold equipada con condensadores 100% japoneses. Combinada con la topolog\u00eda resonante Line Level Control (LLC), es eficientemente energ\u00e9tica, fiable y permite realizar el montaje de una forma ordenada y sencilla.\" \/>\n<meta property=\"og:url\" content=\"https:\/\/pcmastersbogota.com.co\/es_es\/producto\/xpg-core-reactor-80pgold-full-modular-650w\/\" \/>\n<meta property=\"og:site_name\" content=\"PC MASTERS BOGOTA\" \/>\n<meta property=\"article:modified_time\" content=\"2024-12-10T02:05:21+00:00\" \/>\n<meta property=\"og:image\" content=\"https:\/\/pcmastersbogota.com.co\/wp-content\/uploads\/2021\/08\/productGallery174.png\" \/>\n\t<meta property=\"og:image:width\" content=\"1000\" \/>\n\t<meta property=\"og:image:height\" content=\"1000\" \/>\n\t<meta property=\"og:image:type\" content=\"image\/png\" \/>\n<meta name=\"twitter:card\" content=\"summary_large_image\" \/>\n<meta name=\"twitter:label1\" content=\"Tiempo de lectura\" \/>\n\t<meta name=\"twitter:data1\" content=\"1 minuto\" \/>\n<script type=\"application\/ld+json\" class=\"yoast-schema-graph\">{\"@context\":\"https:\/\/schema.org\",\"@graph\":[{\"@type\":\"WebPage\",\"@id\":\"https:\/\/pcmastersbogota.com.co\/producto\/xpg-core-reactor-80pgold-full-modular-650w\/\",\"url\":\"https:\/\/pcmastersbogota.com.co\/producto\/xpg-core-reactor-80pgold-full-modular-650w\/\",\"name\":\"XPG CORE REACTOR 80PGOLD FULL MODULAR 650W - PC MASTERS BOGOTA\",\"isPartOf\":{\"@id\":\"https:\/\/pcmastersbogota.com.co\/es_es\/#website\"},\"primaryImageOfPage\":{\"@id\":\"https:\/\/pcmastersbogota.com.co\/producto\/xpg-core-reactor-80pgold-full-modular-650w\/#primaryimage\"},\"image\":{\"@id\":\"https:\/\/pcmastersbogota.com.co\/producto\/xpg-core-reactor-80pgold-full-modular-650w\/#primaryimage\"},\"thumbnailUrl\":\"https:\/\/pcmastersbogota.com.co\/wp-content\/uploads\/2021\/08\/productGallery174.png\",\"datePublished\":\"2021-08-10T01:04:01+00:00\",\"dateModified\":\"2024-12-10T02:05:21+00:00\",\"breadcrumb\":{\"@id\":\"https:\/\/pcmastersbogota.com.co\/producto\/xpg-core-reactor-80pgold-full-modular-650w\/#breadcrumb\"},\"inLanguage\":\"es\",\"potentialAction\":[{\"@type\":\"ReadAction\",\"target\":[\"https:\/\/pcmastersbogota.com.co\/producto\/xpg-core-reactor-80pgold-full-modular-650w\/\"]}]},{\"@type\":\"ImageObject\",\"inLanguage\":\"es\",\"@id\":\"https:\/\/pcmastersbogota.com.co\/producto\/xpg-core-reactor-80pgold-full-modular-650w\/#primaryimage\",\"url\":\"https:\/\/pcmastersbogota.com.co\/wp-content\/uploads\/2021\/08\/productGallery174.png\",\"contentUrl\":\"https:\/\/pcmastersbogota.com.co\/wp-content\/uploads\/2021\/08\/productGallery174.png\",\"width\":1000,\"height\":1000},{\"@type\":\"BreadcrumbList\",\"@id\":\"https:\/\/pcmastersbogota.com.co\/producto\/xpg-core-reactor-80pgold-full-modular-650w\/#breadcrumb\",\"itemListElement\":[{\"@type\":\"ListItem\",\"position\":1,\"name\":\"Home\",\"item\":\"https:\/\/pcmastersbogota.com.co\/\"},{\"@type\":\"ListItem\",\"position\":2,\"name\":\"Tienda\",\"item\":\"https:\/\/pcmastersbogota.com.co\/es_es\/tienda\/\"},{\"@type\":\"ListItem\",\"position\":3,\"name\":\"XPG CORE REACTOR 80PGOLD FULL MODULAR 650W\"}]},{\"@type\":\"WebSite\",\"@id\":\"https:\/\/pcmastersbogota.com.co\/es_es\/#website\",\"url\":\"https:\/\/pcmastersbogota.com.co\/es_es\/\",\"name\":\"PC MASTERS BOGOTA\",\"description\":\"\",\"potentialAction\":[{\"@type\":\"SearchAction\",\"target\":{\"@type\":\"EntryPoint\",\"urlTemplate\":\"https:\/\/pcmastersbogota.com.co\/es_es\/?s={search_term_string}\"},\"query-input\":{\"@type\":\"PropertyValueSpecification\",\"valueRequired\":true,\"valueName\":\"search_term_string\"}}],\"inLanguage\":\"es\"}]}<\/script>\n<!-- \/ Yoast SEO plugin. -->","yoast_head_json":{"title":"XPG CORE REACTOR 80PGOLD FULL MODULAR 650W - PC MASTERS BOGOTA","robots":{"index":"index","follow":"follow","max-snippet":"max-snippet:-1","max-image-preview":"max-image-preview:large","max-video-preview":"max-video-preview:-1"},"canonical":"https:\/\/pcmastersbogota.com.co\/es_es\/producto\/xpg-core-reactor-80pgold-full-modular-650w\/","og_locale":"es_ES","og_type":"article","og_title":"XPG CORE REACTOR 80PGOLD FULL MODULAR 650W - PC MASTERS BOGOTA","og_description":"XPG CORE REACTOR es una fuente de alimentaci\u00f3n modular 80 Plus Gold equipada con condensadores 100% japoneses. Combinada con la topolog\u00eda resonante Line Level Control (LLC), es eficientemente energ\u00e9tica, fiable y permite realizar el montaje de una forma ordenada y sencilla.","og_url":"https:\/\/pcmastersbogota.com.co\/es_es\/producto\/xpg-core-reactor-80pgold-full-modular-650w\/","og_site_name":"PC MASTERS BOGOTA","article_modified_time":"2024-12-10T02:05:21+00:00","og_image":[{"width":1000,"height":1000,"url":"https:\/\/pcmastersbogota.com.co\/wp-content\/uploads\/2021\/08\/productGallery174.png","type":"image\/png"}],"twitter_card":"summary_large_image","twitter_misc":{"Tiempo de lectura":"1 minuto"},"schema":{"@context":"https:\/\/schema.org","@graph":[{"@type":"WebPage","@id":"https:\/\/pcmastersbogota.com.co\/producto\/xpg-core-reactor-80pgold-full-modular-650w\/","url":"https:\/\/pcmastersbogota.com.co\/producto\/xpg-core-reactor-80pgold-full-modular-650w\/","name":"XPG CORE REACTOR 80PGOLD FULL MODULAR 650W - PC MASTERS BOGOTA","isPartOf":{"@id":"https:\/\/pcmastersbogota.com.co\/es_es\/#website"},"primaryImageOfPage":{"@id":"https:\/\/pcmastersbogota.com.co\/producto\/xpg-core-reactor-80pgold-full-modular-650w\/#primaryimage"},"image":{"@id":"https:\/\/pcmastersbogota.com.co\/producto\/xpg-core-reactor-80pgold-full-modular-650w\/#primaryimage"},"thumbnailUrl":"https:\/\/pcmastersbogota.com.co\/wp-content\/uploads\/2021\/08\/productGallery174.png","datePublished":"2021-08-10T01:04:01+00:00","dateModified":"2024-12-10T02:05:21+00:00","breadcrumb":{"@id":"https:\/\/pcmastersbogota.com.co\/producto\/xpg-core-reactor-80pgold-full-modular-650w\/#breadcrumb"},"inLanguage":"es","potentialAction":[{"@type":"ReadAction","target":["https:\/\/pcmastersbogota.com.co\/producto\/xpg-core-reactor-80pgold-full-modular-650w\/"]}]},{"@type":"ImageObject","inLanguage":"es","@id":"https:\/\/pcmastersbogota.com.co\/producto\/xpg-core-reactor-80pgold-full-modular-650w\/#primaryimage","url":"https:\/\/pcmastersbogota.com.co\/wp-content\/uploads\/2021\/08\/productGallery174.png","contentUrl":"https:\/\/pcmastersbogota.com.co\/wp-content\/uploads\/2021\/08\/productGallery174.png","width":1000,"height":1000},{"@type":"BreadcrumbList","@id":"https:\/\/pcmastersbogota.com.co\/producto\/xpg-core-reactor-80pgold-full-modular-650w\/#breadcrumb","itemListElement":[{"@type":"ListItem","position":1,"name":"Home","item":"https:\/\/pcmastersbogota.com.co\/"},{"@type":"ListItem","position":2,"name":"Tienda","item":"https:\/\/pcmastersbogota.com.co\/es_es\/tienda\/"},{"@type":"ListItem","position":3,"name":"XPG CORE REACTOR 80PGOLD FULL MODULAR 650W"}]},{"@type":"WebSite","@id":"https:\/\/pcmastersbogota.com.co\/es_es\/#website","url":"https:\/\/pcmastersbogota.com.co\/es_es\/","name":"PC MASTERS BOGOTA","description":"","potentialAction":[{"@type":"SearchAction","target":{"@type":"EntryPoint","urlTemplate":"https:\/\/pcmastersbogota.com.co\/es_es\/?s={search_term_string}"},"query-input":{"@type":"PropertyValueSpecification","valueRequired":true,"valueName":"search_term_string"}}],"inLanguage":"es"}]}},"brands":[{"id":104,"name":"XPG","slug":"xpg"}],"_links":{"self":[{"href":"https:\/\/pcmastersbogota.com.co\/es_es\/wp-json\/wp\/v2\/product\/14551","targetHints":{"allow":["GET"]}}],"collection":[{"href":"https:\/\/pcmastersbogota.com.co\/es_es\/wp-json\/wp\/v2\/product"}],"about":[{"href":"https:\/\/pcmastersbogota.com.co\/es_es\/wp-json\/wp\/v2\/types\/product"}],"replies":[{"embeddable":true,"href":"https:\/\/pcmastersbogota.com.co\/es_es\/wp-json\/wp\/v2\/comments?post=14551"}],"version-history":[{"count":4,"href":"https:\/\/pcmastersbogota.com.co\/es_es\/wp-json\/wp\/v2\/product\/14551\/revisions"}],"predecessor-version":[{"id":17764,"href":"https:\/\/pcmastersbogota.com.co\/es_es\/wp-json\/wp\/v2\/product\/14551\/revisions\/17764"}],"wp:featuredmedia":[{"embeddable":true,"href":"https:\/\/pcmastersbogota.com.co\/es_es\/wp-json\/wp\/v2\/media\/14695"}],"wp:attachment":[{"href":"https:\/\/pcmastersbogota.com.co\/es_es\/wp-json\/wp\/v2\/media?parent=14551"}],"wp:term":[{"taxonomy":"pwb-brand","embeddable":true,"href":"https:\/\/pcmastersbogota.com.co\/es_es\/wp-json\/wp\/v2\/pwb-brand?post=14551"},{"taxonomy":"product_brand","embeddable":true,"href":"https:\/\/pcmastersbogota.com.co\/es_es\/wp-json\/wp\/v2\/product_brand?post=14551"},{"taxonomy":"product_cat","embeddable":true,"href":"https:\/\/pcmastersbogota.com.co\/es_es\/wp-json\/wp\/v2\/product_cat?post=14551"},{"taxonomy":"product_tag","embeddable":true,"href":"https:\/\/pcmastersbogota.com.co\/es_es\/wp-json\/wp\/v2\/product_tag?post=14551"}],"curies":[{"name":"wp","href":"https:\/\/api.w.org\/{rel}","templated":true}]}}