{"id":14803,"date":"2021-08-10T12:55:27","date_gmt":"2021-08-10T17:55:27","guid":{"rendered":"https:\/\/pcmastersbogota.com.co\/?post_type=product&#038;p=14803"},"modified":"2021-09-09T13:23:59","modified_gmt":"2021-09-09T18:23:59","slug":"trust-gxt-707b-resto-azul","status":"publish","type":"product","link":"https:\/\/pcmastersbogota.com.co\/es_es\/producto\/trust-gxt-707b-resto-azul\/","title":{"rendered":"TRUST GXT 707B RESTO AZUL"},"content":{"rendered":"<p>https:\/\/www.trust.com\/es\/product\/22526-gxt-707b-resto-gaming-chair-blue<\/p>\n<p>AJUSTE PERFECTO PARA CADA JUGADOR<br \/>\nLa altura de los reposabrazos tambi\u00e9n es ajustable e incluso puede ayudar a evitar el dolor de cuello. Adem\u00e1s de eso, puedes colocar tu brazo exactamente como deseas y mejorar tu agarre cuando controlas el mouse y el teclado.<\/p>\n<p>ASIENTO BASCULANTE CON POSIBILIDAD DE BLOQUEO.<br \/>\nSimplemente incline el asiento hacia adelante para reducir la presi\u00f3n en sus piernas, o incl\u00ednelo hacia atr\u00e1s para alinear correctamente la columna para evitar problemas de espalda.<\/p>\n<p>CARACTER\u00cdSTICAS<br \/>\nRotativo completo de 360 \u00b0<br \/>\nAjustable en altura, apoyabrazos giratorios hacia adentro y hacia afuera.<br \/>\nElevador de gas clase 4 para ajuste de altura<br \/>\nRespaldo ajustable 90\u00b0<br \/>\nAsiento basculante con posibilidad de bloqueo.<br \/>\nIncluye coj\u00edn lumbar y cuello desmontable y ajustable<br \/>\nBastidor base de metal fuerte y robusto<br \/>\nDuraderas, dobles ruedas que ruedan suavemente.<\/p>\n<p>ESPECIFICACIONES<br \/>\nGENERAL<br \/>\nMax. Peso: 150 kg<br \/>\nTama\u00f1o total (mm): 1260 &#8211; 1340 x 740 x 660 mm<br \/>\nPeso total: 20500 g<br \/>\nDise\u00f1o ergon\u00f3mico: si<\/p>\n<p>ELEVADOR DE GAS<br \/>\nGas lift: s\u00ed<br \/>\nLant de la marca de gas: lift<br \/>\nClase de elevaci\u00f3n de gas clase: 4<\/p>\n<p>AJUSTABILIDAD<br \/>\nApoyabrazos ajustables: s\u00ed, una direccional (arriba \/ abajo)<br \/>\nAltura del asiento ajustable: s\u00ed, 54.5 \/ 47<br \/>\n\u00c1ngulo de asiento ajustable: s\u00ed, 155\/100<br \/>\nMin \/ max altura usuario: 155 &#8211; 195 cm<\/p>\n<p>MATERIALES<br \/>\nAsiento de cuero: PU, tejido el\u00e1stico<br \/>\nReposabrazos de pl\u00e1stico: si<br \/>\nRueda tipo nylon: negro<br \/>\nRespaldo acolchado cuero: PU, tejido el\u00e1stico<br \/>\nAcolchado del coj\u00edn: 7009 cerveza fr\u00eda moldeada espuma 35 densidad<br \/>\nMarco de metal<\/p>\n<p>RUEDAS<br \/>\nN\u00famero de ruedas: 5<\/p>\n","protected":false},"excerpt":{"rendered":"<div class=\"info\">\n<p class=\"body\">Silla para juegos ergon\u00f3mica y ajustable, dise\u00f1ada para jugar c\u00f3modamente durante horas<\/p>\n<\/div>\n","protected":false},"featured_media":14861,"comment_status":"open","ping_status":"closed","template":"","meta":[],"pwb-brand":[125],"product_brand":[],"product_cat":[79],"product_tag":[331],"class_list":{"0":"post-14803","1":"product","2":"type-product","3":"status-publish","4":"has-post-thumbnail","6":"pwb-brand-trust","7":"product_cat-silla-gamer","8":"product_tag-accesorio-gamer","10":"first","11":"outofstock","12":"taxable","13":"shipping-taxable","14":"purchasable","15":"product-type-simple"},"yoast_head":"<!-- This site is optimized with the Yoast SEO plugin v26.7 - https:\/\/yoast.com\/wordpress\/plugins\/seo\/ -->\n<title>TRUST GXT 707B RESTO AZUL - PC MASTERS BOGOTA<\/title>\n<meta name=\"robots\" content=\"index, follow, max-snippet:-1, max-image-preview:large, max-video-preview:-1\" \/>\n<link rel=\"canonical\" href=\"https:\/\/pcmastersbogota.com.co\/es_es\/en\/product\/trust-gxt-707b-resto-azul\/\" \/>\n<meta property=\"og:locale\" content=\"es_ES\" \/>\n<meta property=\"og:type\" content=\"article\" \/>\n<meta property=\"og:title\" content=\"TRUST GXT 707B RESTO AZUL - PC MASTERS BOGOTA\" \/>\n<meta property=\"og:description\" content=\"Silla para juegos ergon\u00f3mica y ajustable, dise\u00f1ada para jugar c\u00f3modamente durante horas\" \/>\n<meta property=\"og:url\" content=\"https:\/\/pcmastersbogota.com.co\/es_es\/en\/product\/trust-gxt-707b-resto-azul\/\" \/>\n<meta property=\"og:site_name\" content=\"PC MASTERS BOGOTA\" \/>\n<meta property=\"article:modified_time\" content=\"2021-09-09T18:23:59+00:00\" \/>\n<meta property=\"og:image\" content=\"https:\/\/pcmastersbogota.com.co\/wp-content\/uploads\/2021\/08\/22526_pictures_product_visual_1.png\" \/>\n\t<meta property=\"og:image:width\" content=\"454\" \/>\n\t<meta property=\"og:image:height\" content=\"799\" \/>\n\t<meta property=\"og:image:type\" content=\"image\/png\" \/>\n<meta name=\"twitter:card\" content=\"summary_large_image\" \/>\n<meta name=\"twitter:label1\" content=\"Tiempo de lectura\" \/>\n\t<meta name=\"twitter:data1\" content=\"2 minutos\" \/>\n<script type=\"application\/ld+json\" class=\"yoast-schema-graph\">{\"@context\":\"https:\/\/schema.org\",\"@graph\":[{\"@type\":\"WebPage\",\"@id\":\"https:\/\/pcmastersbogota.com.co\/en\/product\/trust-gxt-707b-resto-azul\/\",\"url\":\"https:\/\/pcmastersbogota.com.co\/en\/product\/trust-gxt-707b-resto-azul\/\",\"name\":\"TRUST GXT 707B RESTO AZUL - PC MASTERS BOGOTA\",\"isPartOf\":{\"@id\":\"https:\/\/pcmastersbogota.com.co\/es_es\/#website\"},\"primaryImageOfPage\":{\"@id\":\"https:\/\/pcmastersbogota.com.co\/en\/product\/trust-gxt-707b-resto-azul\/#primaryimage\"},\"image\":{\"@id\":\"https:\/\/pcmastersbogota.com.co\/en\/product\/trust-gxt-707b-resto-azul\/#primaryimage\"},\"thumbnailUrl\":\"https:\/\/pcmastersbogota.com.co\/wp-content\/uploads\/2021\/08\/22526_pictures_product_visual_1.png\",\"datePublished\":\"2021-08-10T17:55:27+00:00\",\"dateModified\":\"2021-09-09T18:23:59+00:00\",\"breadcrumb\":{\"@id\":\"https:\/\/pcmastersbogota.com.co\/en\/product\/trust-gxt-707b-resto-azul\/#breadcrumb\"},\"inLanguage\":\"es\",\"potentialAction\":[{\"@type\":\"ReadAction\",\"target\":[\"https:\/\/pcmastersbogota.com.co\/en\/product\/trust-gxt-707b-resto-azul\/\"]}]},{\"@type\":\"ImageObject\",\"inLanguage\":\"es\",\"@id\":\"https:\/\/pcmastersbogota.com.co\/en\/product\/trust-gxt-707b-resto-azul\/#primaryimage\",\"url\":\"https:\/\/pcmastersbogota.com.co\/wp-content\/uploads\/2021\/08\/22526_pictures_product_visual_1.png\",\"contentUrl\":\"https:\/\/pcmastersbogota.com.co\/wp-content\/uploads\/2021\/08\/22526_pictures_product_visual_1.png\",\"width\":454,\"height\":799},{\"@type\":\"BreadcrumbList\",\"@id\":\"https:\/\/pcmastersbogota.com.co\/en\/product\/trust-gxt-707b-resto-azul\/#breadcrumb\",\"itemListElement\":[{\"@type\":\"ListItem\",\"position\":1,\"name\":\"Home\",\"item\":\"https:\/\/pcmastersbogota.com.co\/\"},{\"@type\":\"ListItem\",\"position\":2,\"name\":\"Tienda\",\"item\":\"https:\/\/pcmastersbogota.com.co\/es_es\/tienda\/\"},{\"@type\":\"ListItem\",\"position\":3,\"name\":\"TRUST GXT 707B RESTO AZUL\"}]},{\"@type\":\"WebSite\",\"@id\":\"https:\/\/pcmastersbogota.com.co\/es_es\/#website\",\"url\":\"https:\/\/pcmastersbogota.com.co\/es_es\/\",\"name\":\"PC MASTERS BOGOTA\",\"description\":\"\",\"potentialAction\":[{\"@type\":\"SearchAction\",\"target\":{\"@type\":\"EntryPoint\",\"urlTemplate\":\"https:\/\/pcmastersbogota.com.co\/es_es\/?s={search_term_string}\"},\"query-input\":{\"@type\":\"PropertyValueSpecification\",\"valueRequired\":true,\"valueName\":\"search_term_string\"}}],\"inLanguage\":\"es\"}]}<\/script>\n<!-- \/ Yoast SEO plugin. -->","yoast_head_json":{"title":"TRUST GXT 707B RESTO AZUL - PC MASTERS BOGOTA","robots":{"index":"index","follow":"follow","max-snippet":"max-snippet:-1","max-image-preview":"max-image-preview:large","max-video-preview":"max-video-preview:-1"},"canonical":"https:\/\/pcmastersbogota.com.co\/es_es\/en\/product\/trust-gxt-707b-resto-azul\/","og_locale":"es_ES","og_type":"article","og_title":"TRUST GXT 707B RESTO AZUL - PC MASTERS BOGOTA","og_description":"Silla para juegos ergon\u00f3mica y ajustable, dise\u00f1ada para jugar c\u00f3modamente durante horas","og_url":"https:\/\/pcmastersbogota.com.co\/es_es\/en\/product\/trust-gxt-707b-resto-azul\/","og_site_name":"PC MASTERS BOGOTA","article_modified_time":"2021-09-09T18:23:59+00:00","og_image":[{"width":454,"height":799,"url":"https:\/\/pcmastersbogota.com.co\/wp-content\/uploads\/2021\/08\/22526_pictures_product_visual_1.png","type":"image\/png"}],"twitter_card":"summary_large_image","twitter_misc":{"Tiempo de lectura":"2 minutos"},"schema":{"@context":"https:\/\/schema.org","@graph":[{"@type":"WebPage","@id":"https:\/\/pcmastersbogota.com.co\/en\/product\/trust-gxt-707b-resto-azul\/","url":"https:\/\/pcmastersbogota.com.co\/en\/product\/trust-gxt-707b-resto-azul\/","name":"TRUST GXT 707B RESTO AZUL - PC MASTERS BOGOTA","isPartOf":{"@id":"https:\/\/pcmastersbogota.com.co\/es_es\/#website"},"primaryImageOfPage":{"@id":"https:\/\/pcmastersbogota.com.co\/en\/product\/trust-gxt-707b-resto-azul\/#primaryimage"},"image":{"@id":"https:\/\/pcmastersbogota.com.co\/en\/product\/trust-gxt-707b-resto-azul\/#primaryimage"},"thumbnailUrl":"https:\/\/pcmastersbogota.com.co\/wp-content\/uploads\/2021\/08\/22526_pictures_product_visual_1.png","datePublished":"2021-08-10T17:55:27+00:00","dateModified":"2021-09-09T18:23:59+00:00","breadcrumb":{"@id":"https:\/\/pcmastersbogota.com.co\/en\/product\/trust-gxt-707b-resto-azul\/#breadcrumb"},"inLanguage":"es","potentialAction":[{"@type":"ReadAction","target":["https:\/\/pcmastersbogota.com.co\/en\/product\/trust-gxt-707b-resto-azul\/"]}]},{"@type":"ImageObject","inLanguage":"es","@id":"https:\/\/pcmastersbogota.com.co\/en\/product\/trust-gxt-707b-resto-azul\/#primaryimage","url":"https:\/\/pcmastersbogota.com.co\/wp-content\/uploads\/2021\/08\/22526_pictures_product_visual_1.png","contentUrl":"https:\/\/pcmastersbogota.com.co\/wp-content\/uploads\/2021\/08\/22526_pictures_product_visual_1.png","width":454,"height":799},{"@type":"BreadcrumbList","@id":"https:\/\/pcmastersbogota.com.co\/en\/product\/trust-gxt-707b-resto-azul\/#breadcrumb","itemListElement":[{"@type":"ListItem","position":1,"name":"Home","item":"https:\/\/pcmastersbogota.com.co\/"},{"@type":"ListItem","position":2,"name":"Tienda","item":"https:\/\/pcmastersbogota.com.co\/es_es\/tienda\/"},{"@type":"ListItem","position":3,"name":"TRUST GXT 707B RESTO AZUL"}]},{"@type":"WebSite","@id":"https:\/\/pcmastersbogota.com.co\/es_es\/#website","url":"https:\/\/pcmastersbogota.com.co\/es_es\/","name":"PC MASTERS BOGOTA","description":"","potentialAction":[{"@type":"SearchAction","target":{"@type":"EntryPoint","urlTemplate":"https:\/\/pcmastersbogota.com.co\/es_es\/?s={search_term_string}"},"query-input":{"@type":"PropertyValueSpecification","valueRequired":true,"valueName":"search_term_string"}}],"inLanguage":"es"}]}},"brands":[{"id":125,"name":"TRUST","slug":"trust"}],"_links":{"self":[{"href":"https:\/\/pcmastersbogota.com.co\/es_es\/wp-json\/wp\/v2\/product\/14803","targetHints":{"allow":["GET"]}}],"collection":[{"href":"https:\/\/pcmastersbogota.com.co\/es_es\/wp-json\/wp\/v2\/product"}],"about":[{"href":"https:\/\/pcmastersbogota.com.co\/es_es\/wp-json\/wp\/v2\/types\/product"}],"replies":[{"embeddable":true,"href":"https:\/\/pcmastersbogota.com.co\/es_es\/wp-json\/wp\/v2\/comments?post=14803"}],"version-history":[{"count":4,"href":"https:\/\/pcmastersbogota.com.co\/es_es\/wp-json\/wp\/v2\/product\/14803\/revisions"}],"predecessor-version":[{"id":17738,"href":"https:\/\/pcmastersbogota.com.co\/es_es\/wp-json\/wp\/v2\/product\/14803\/revisions\/17738"}],"wp:featuredmedia":[{"embeddable":true,"href":"https:\/\/pcmastersbogota.com.co\/es_es\/wp-json\/wp\/v2\/media\/14861"}],"wp:attachment":[{"href":"https:\/\/pcmastersbogota.com.co\/es_es\/wp-json\/wp\/v2\/media?parent=14803"}],"wp:term":[{"taxonomy":"pwb-brand","embeddable":true,"href":"https:\/\/pcmastersbogota.com.co\/es_es\/wp-json\/wp\/v2\/pwb-brand?post=14803"},{"taxonomy":"product_brand","embeddable":true,"href":"https:\/\/pcmastersbogota.com.co\/es_es\/wp-json\/wp\/v2\/product_brand?post=14803"},{"taxonomy":"product_cat","embeddable":true,"href":"https:\/\/pcmastersbogota.com.co\/es_es\/wp-json\/wp\/v2\/product_cat?post=14803"},{"taxonomy":"product_tag","embeddable":true,"href":"https:\/\/pcmastersbogota.com.co\/es_es\/wp-json\/wp\/v2\/product_tag?post=14803"}],"curies":[{"name":"wp","href":"https:\/\/api.w.org\/{rel}","templated":true}]}}