{"id":14842,"date":"2021-08-10T13:15:09","date_gmt":"2021-08-10T18:15:09","guid":{"rendered":"https:\/\/pcmastersbogota.com.co\/?post_type=product&#038;p=14842"},"modified":"2025-08-23T10:37:42","modified_gmt":"2025-08-23T15:37:42","slug":"volantepedales-logitech-g920-xbox-pc-sin-palanca","status":"publish","type":"product","link":"https:\/\/pcmastersbogota.com.co\/es_es\/producto\/volantepedales-logitech-g920-xbox-pc-sin-palanca\/","title":{"rendered":"VOLANTE+PEDALES LOGITECH G920 (XBOX-PC) SIN  PALANCA"},"content":{"rendered":"<p>La palanca de cambio Driving Force\u2122 se ha dise\u00f1ado para los volantes de carreras G29 y G920 Driving Force, para hacer a\u00fan mejores los juegos para PC y consola modernos. Agrega la palanca de cambio Driving Force a tu volante para completar tu soporte para conducci\u00f3n y hacer las carreras a\u00fan m\u00e1s reales.<\/p>\n<p>\u2022 CONSTRUCCI\u00d3N DURADERA. COMPITE CON TOTAL COMODIDAD Y CONFIANZA<br \/>\nDotada de un robusto eje de acero, la palanca de cambio Driving Force se ha dise\u00f1ado para conducir con toda precisi\u00f3n y fiabilidad duradera. La empu\u00f1adura y la funda est\u00e1n forradas de cuero de calidad cosido a mano, con un aspecto y un tacto similares a los de las palancas de los coches de carreras reales, para un uso m\u00e1s c\u00f3modo y prolongado.<\/p>\n<p>Palanca de cambio de seis velocidades con marcha atr\u00e1s mediante presi\u00f3n hacia abajo.<br \/>\nAceleraci\u00f3n mantenida entre marchas La palanca de cambio de seis velocidades con dise\u00f1o en \u201cH\u201d se mueve con soltura y entra en cada marcha con un clic, para cambios fluidos y precisos en curvas cerradas y tramos rectos.<\/p>\n<p>\u2022 MONTAJE SEGURO. SE MANTIENE FIRME, AUNQUE CAMBIES DE MARCHA<br \/>\nLas resistentes abrazaderas integradas permiten instalar la palanca de cambio Driving Force de forma segura en una mesa o en un soporte para conducci\u00f3n, a fin de minimizar movimientos u oscilaciones en maniobras agresivas.<\/p>\n<p>____________________________________________________<\/p>\n<p>ESPECIFICACIONES F\u00cdSICAS<\/p>\n<p>\u2022 Altura: 206,5 mm (8,13 in)<br \/>\n\u2022 Anchura: 176,4 mm (6,94 in)<br \/>\n\u2022 Profundidad: 146,4 mm (5,76 in)<br \/>\n\u2022 Peso sin cable: 0,72 kg (1,59 lb)<br \/>\n\u2022 Peso con cable: 0,76 kg (1,66 lb)<\/p>\n<p>____________________________________________________<\/p>\n<p>ESPECIFICACIONES T\u00c9CNICAS<\/p>\n<p>\u2022 Dise\u00f1ado para volantes de carreras G29\/G920 Driving Force<br \/>\n\u2022 Seis velocidades con marcha atr\u00e1s mediante presi\u00f3n hacia abajo<br \/>\n\u2022 Componentes de acero y cuero para comodidad y durabilidad<br \/>\n\u2022 Montaje seguro en un soporte para conducci\u00f3n<\/p>\n<p>____________________________________________________<\/p>\n<p>ESPECIFICACIONES<\/p>\n<p>\u2022 Requisitos del sistema<br \/>\n\u2022 Volante de carreras Logitech g29 o g920 driving forc\u00e9<br \/>\n\u2022 Juegos compatibles con la palanca de cambio Logitech driving forc\u00e9<br \/>\n\u2022 Playstation\u00ae4, Xbox one\u2122, Windows\u00ae 8.1, Windows 8 o Windows 7<\/p>\n","protected":false},"excerpt":{"rendered":"<p>DISE\u00d1ADO PARA VOLANTES DE CARRERAS G29 Y G920 DRIVING FORCE. METE LA MARCHA ADECUADA EN EL MOMENTO PRECISO.<\/p>\n","protected":false},"featured_media":15429,"comment_status":"open","ping_status":"closed","template":"","meta":[],"pwb-brand":[127],"product_brand":[],"product_cat":[80],"product_tag":[331],"class_list":{"0":"post-14842","1":"product","2":"type-product","3":"status-publish","4":"has-post-thumbnail","6":"pwb-brand-logitech","7":"product_cat-volantes-y-pedales","8":"product_tag-accesorio-gamer","10":"first","11":"instock","12":"taxable","13":"shipping-taxable","14":"purchasable","15":"product-type-simple"},"yoast_head":"<!-- This site is optimized with the Yoast SEO plugin v26.7 - https:\/\/yoast.com\/wordpress\/plugins\/seo\/ -->\n<title>VOLANTE+PEDALES LOGITECH G920 (XBOX-PC) SIN PALANCA - PC MASTERS BOGOTA<\/title>\n<meta name=\"robots\" content=\"index, follow, max-snippet:-1, max-image-preview:large, max-video-preview:-1\" \/>\n<link rel=\"canonical\" href=\"https:\/\/pcmastersbogota.com.co\/es_es\/producto\/volantepedales-logitech-g920-xbox-pc-sin-palanca\/\" \/>\n<meta property=\"og:locale\" content=\"es_ES\" \/>\n<meta property=\"og:type\" content=\"article\" \/>\n<meta property=\"og:title\" content=\"VOLANTE+PEDALES LOGITECH G920 (XBOX-PC) SIN PALANCA - PC MASTERS BOGOTA\" \/>\n<meta property=\"og:description\" content=\"DISE\u00d1ADO PARA VOLANTES DE CARRERAS G29 Y G920 DRIVING FORCE. METE LA MARCHA ADECUADA EN EL MOMENTO PRECISO.\" \/>\n<meta property=\"og:url\" content=\"https:\/\/pcmastersbogota.com.co\/es_es\/producto\/volantepedales-logitech-g920-xbox-pc-sin-palanca\/\" \/>\n<meta property=\"og:site_name\" content=\"PC MASTERS BOGOTA\" \/>\n<meta property=\"article:modified_time\" content=\"2025-08-23T15:37:42+00:00\" \/>\n<meta property=\"og:image\" content=\"https:\/\/pcmastersbogota.com.co\/wp-content\/uploads\/2021\/08\/g920-gallery-1-2.webp\" \/>\n\t<meta property=\"og:image:width\" content=\"692\" \/>\n\t<meta property=\"og:image:height\" content=\"519\" \/>\n\t<meta property=\"og:image:type\" content=\"image\/webp\" \/>\n<meta name=\"twitter:card\" content=\"summary_large_image\" \/>\n<meta name=\"twitter:label1\" content=\"Tiempo de lectura\" \/>\n\t<meta name=\"twitter:data1\" content=\"2 minutos\" \/>\n<script type=\"application\/ld+json\" class=\"yoast-schema-graph\">{\"@context\":\"https:\/\/schema.org\",\"@graph\":[{\"@type\":\"WebPage\",\"@id\":\"https:\/\/pcmastersbogota.com.co\/producto\/volantepedales-logitech-g920-xbox-pc-sin-palanca\/\",\"url\":\"https:\/\/pcmastersbogota.com.co\/producto\/volantepedales-logitech-g920-xbox-pc-sin-palanca\/\",\"name\":\"VOLANTE+PEDALES LOGITECH G920 (XBOX-PC) SIN PALANCA - PC MASTERS BOGOTA\",\"isPartOf\":{\"@id\":\"https:\/\/pcmastersbogota.com.co\/es_es\/#website\"},\"primaryImageOfPage\":{\"@id\":\"https:\/\/pcmastersbogota.com.co\/producto\/volantepedales-logitech-g920-xbox-pc-sin-palanca\/#primaryimage\"},\"image\":{\"@id\":\"https:\/\/pcmastersbogota.com.co\/producto\/volantepedales-logitech-g920-xbox-pc-sin-palanca\/#primaryimage\"},\"thumbnailUrl\":\"https:\/\/pcmastersbogota.com.co\/wp-content\/uploads\/2021\/08\/g920-gallery-1-2.webp\",\"datePublished\":\"2021-08-10T18:15:09+00:00\",\"dateModified\":\"2025-08-23T15:37:42+00:00\",\"breadcrumb\":{\"@id\":\"https:\/\/pcmastersbogota.com.co\/producto\/volantepedales-logitech-g920-xbox-pc-sin-palanca\/#breadcrumb\"},\"inLanguage\":\"es\",\"potentialAction\":[{\"@type\":\"ReadAction\",\"target\":[\"https:\/\/pcmastersbogota.com.co\/producto\/volantepedales-logitech-g920-xbox-pc-sin-palanca\/\"]}]},{\"@type\":\"ImageObject\",\"inLanguage\":\"es\",\"@id\":\"https:\/\/pcmastersbogota.com.co\/producto\/volantepedales-logitech-g920-xbox-pc-sin-palanca\/#primaryimage\",\"url\":\"https:\/\/pcmastersbogota.com.co\/wp-content\/uploads\/2021\/08\/g920-gallery-1-2.webp\",\"contentUrl\":\"https:\/\/pcmastersbogota.com.co\/wp-content\/uploads\/2021\/08\/g920-gallery-1-2.webp\",\"width\":692,\"height\":519},{\"@type\":\"BreadcrumbList\",\"@id\":\"https:\/\/pcmastersbogota.com.co\/producto\/volantepedales-logitech-g920-xbox-pc-sin-palanca\/#breadcrumb\",\"itemListElement\":[{\"@type\":\"ListItem\",\"position\":1,\"name\":\"Home\",\"item\":\"https:\/\/pcmastersbogota.com.co\/\"},{\"@type\":\"ListItem\",\"position\":2,\"name\":\"Tienda\",\"item\":\"https:\/\/pcmastersbogota.com.co\/es_es\/tienda\/\"},{\"@type\":\"ListItem\",\"position\":3,\"name\":\"VOLANTE+PEDALES LOGITECH G920 (XBOX-PC) SIN PALANCA\"}]},{\"@type\":\"WebSite\",\"@id\":\"https:\/\/pcmastersbogota.com.co\/es_es\/#website\",\"url\":\"https:\/\/pcmastersbogota.com.co\/es_es\/\",\"name\":\"PC MASTERS BOGOTA\",\"description\":\"\",\"potentialAction\":[{\"@type\":\"SearchAction\",\"target\":{\"@type\":\"EntryPoint\",\"urlTemplate\":\"https:\/\/pcmastersbogota.com.co\/es_es\/?s={search_term_string}\"},\"query-input\":{\"@type\":\"PropertyValueSpecification\",\"valueRequired\":true,\"valueName\":\"search_term_string\"}}],\"inLanguage\":\"es\"}]}<\/script>\n<!-- \/ Yoast SEO plugin. -->","yoast_head_json":{"title":"VOLANTE+PEDALES LOGITECH G920 (XBOX-PC) SIN PALANCA - PC MASTERS BOGOTA","robots":{"index":"index","follow":"follow","max-snippet":"max-snippet:-1","max-image-preview":"max-image-preview:large","max-video-preview":"max-video-preview:-1"},"canonical":"https:\/\/pcmastersbogota.com.co\/es_es\/producto\/volantepedales-logitech-g920-xbox-pc-sin-palanca\/","og_locale":"es_ES","og_type":"article","og_title":"VOLANTE+PEDALES LOGITECH G920 (XBOX-PC) SIN PALANCA - PC MASTERS BOGOTA","og_description":"DISE\u00d1ADO PARA VOLANTES DE CARRERAS G29 Y G920 DRIVING FORCE. METE LA MARCHA ADECUADA EN EL MOMENTO PRECISO.","og_url":"https:\/\/pcmastersbogota.com.co\/es_es\/producto\/volantepedales-logitech-g920-xbox-pc-sin-palanca\/","og_site_name":"PC MASTERS BOGOTA","article_modified_time":"2025-08-23T15:37:42+00:00","og_image":[{"width":692,"height":519,"url":"https:\/\/pcmastersbogota.com.co\/wp-content\/uploads\/2021\/08\/g920-gallery-1-2.webp","type":"image\/webp"}],"twitter_card":"summary_large_image","twitter_misc":{"Tiempo de lectura":"2 minutos"},"schema":{"@context":"https:\/\/schema.org","@graph":[{"@type":"WebPage","@id":"https:\/\/pcmastersbogota.com.co\/producto\/volantepedales-logitech-g920-xbox-pc-sin-palanca\/","url":"https:\/\/pcmastersbogota.com.co\/producto\/volantepedales-logitech-g920-xbox-pc-sin-palanca\/","name":"VOLANTE+PEDALES LOGITECH G920 (XBOX-PC) SIN PALANCA - PC MASTERS BOGOTA","isPartOf":{"@id":"https:\/\/pcmastersbogota.com.co\/es_es\/#website"},"primaryImageOfPage":{"@id":"https:\/\/pcmastersbogota.com.co\/producto\/volantepedales-logitech-g920-xbox-pc-sin-palanca\/#primaryimage"},"image":{"@id":"https:\/\/pcmastersbogota.com.co\/producto\/volantepedales-logitech-g920-xbox-pc-sin-palanca\/#primaryimage"},"thumbnailUrl":"https:\/\/pcmastersbogota.com.co\/wp-content\/uploads\/2021\/08\/g920-gallery-1-2.webp","datePublished":"2021-08-10T18:15:09+00:00","dateModified":"2025-08-23T15:37:42+00:00","breadcrumb":{"@id":"https:\/\/pcmastersbogota.com.co\/producto\/volantepedales-logitech-g920-xbox-pc-sin-palanca\/#breadcrumb"},"inLanguage":"es","potentialAction":[{"@type":"ReadAction","target":["https:\/\/pcmastersbogota.com.co\/producto\/volantepedales-logitech-g920-xbox-pc-sin-palanca\/"]}]},{"@type":"ImageObject","inLanguage":"es","@id":"https:\/\/pcmastersbogota.com.co\/producto\/volantepedales-logitech-g920-xbox-pc-sin-palanca\/#primaryimage","url":"https:\/\/pcmastersbogota.com.co\/wp-content\/uploads\/2021\/08\/g920-gallery-1-2.webp","contentUrl":"https:\/\/pcmastersbogota.com.co\/wp-content\/uploads\/2021\/08\/g920-gallery-1-2.webp","width":692,"height":519},{"@type":"BreadcrumbList","@id":"https:\/\/pcmastersbogota.com.co\/producto\/volantepedales-logitech-g920-xbox-pc-sin-palanca\/#breadcrumb","itemListElement":[{"@type":"ListItem","position":1,"name":"Home","item":"https:\/\/pcmastersbogota.com.co\/"},{"@type":"ListItem","position":2,"name":"Tienda","item":"https:\/\/pcmastersbogota.com.co\/es_es\/tienda\/"},{"@type":"ListItem","position":3,"name":"VOLANTE+PEDALES LOGITECH G920 (XBOX-PC) SIN PALANCA"}]},{"@type":"WebSite","@id":"https:\/\/pcmastersbogota.com.co\/es_es\/#website","url":"https:\/\/pcmastersbogota.com.co\/es_es\/","name":"PC MASTERS BOGOTA","description":"","potentialAction":[{"@type":"SearchAction","target":{"@type":"EntryPoint","urlTemplate":"https:\/\/pcmastersbogota.com.co\/es_es\/?s={search_term_string}"},"query-input":{"@type":"PropertyValueSpecification","valueRequired":true,"valueName":"search_term_string"}}],"inLanguage":"es"}]}},"brands":[{"id":127,"name":"LOGITECH","slug":"logitech"}],"_links":{"self":[{"href":"https:\/\/pcmastersbogota.com.co\/es_es\/wp-json\/wp\/v2\/product\/14842","targetHints":{"allow":["GET"]}}],"collection":[{"href":"https:\/\/pcmastersbogota.com.co\/es_es\/wp-json\/wp\/v2\/product"}],"about":[{"href":"https:\/\/pcmastersbogota.com.co\/es_es\/wp-json\/wp\/v2\/types\/product"}],"replies":[{"embeddable":true,"href":"https:\/\/pcmastersbogota.com.co\/es_es\/wp-json\/wp\/v2\/comments?post=14842"}],"version-history":[{"count":3,"href":"https:\/\/pcmastersbogota.com.co\/es_es\/wp-json\/wp\/v2\/product\/14842\/revisions"}],"predecessor-version":[{"id":15430,"href":"https:\/\/pcmastersbogota.com.co\/es_es\/wp-json\/wp\/v2\/product\/14842\/revisions\/15430"}],"wp:featuredmedia":[{"embeddable":true,"href":"https:\/\/pcmastersbogota.com.co\/es_es\/wp-json\/wp\/v2\/media\/15429"}],"wp:attachment":[{"href":"https:\/\/pcmastersbogota.com.co\/es_es\/wp-json\/wp\/v2\/media?parent=14842"}],"wp:term":[{"taxonomy":"pwb-brand","embeddable":true,"href":"https:\/\/pcmastersbogota.com.co\/es_es\/wp-json\/wp\/v2\/pwb-brand?post=14842"},{"taxonomy":"product_brand","embeddable":true,"href":"https:\/\/pcmastersbogota.com.co\/es_es\/wp-json\/wp\/v2\/product_brand?post=14842"},{"taxonomy":"product_cat","embeddable":true,"href":"https:\/\/pcmastersbogota.com.co\/es_es\/wp-json\/wp\/v2\/product_cat?post=14842"},{"taxonomy":"product_tag","embeddable":true,"href":"https:\/\/pcmastersbogota.com.co\/es_es\/wp-json\/wp\/v2\/product_tag?post=14842"}],"curies":[{"name":"wp","href":"https:\/\/api.w.org\/{rel}","templated":true}]}}