{"id":14908,"date":"2021-08-10T13:34:45","date_gmt":"2021-08-10T18:34:45","guid":{"rendered":"https:\/\/pcmastersbogota.com.co\/?post_type=product&#038;p=14908"},"modified":"2021-09-09T13:19:31","modified_gmt":"2021-09-09T18:19:31","slug":"adesso-h6-4k-uhd","status":"publish","type":"product","link":"https:\/\/pcmastersbogota.com.co\/es_es\/producto\/adesso-h6-4k-uhd\/","title":{"rendered":"ADESSO H6 \/ 4K \/ UHD"},"content":{"rendered":"<p>https:\/\/www.adesso.com\/product\/cybertrack-h6\/<\/p>\n<p>Descripci\u00f3n : C\u00e1mara web USB 4K con micr\u00f3fono incorporado<br \/>\nConectividad : Cableado<br \/>\nInterfaz : USB 2.0 \/ 3.0<br \/>\nSensor de imagen : Sensor de imagen de estado solitario 8 Mega FHD CMOS<br \/>\nResoluci\u00f3n : 4K (3840 x 2160)<br \/>\nFormato de archivo : YUY2, MJPG<br \/>\nCuadros por segundo : 30 FPS<br \/>\nGama din\u00e1mica : HDR<br \/>\nAtencion : Foco fijo<br \/>\nMicr\u00f3fono : Est\u00e9reo<br \/>\nCubierta de persiana de privacidad : SI<br \/>\nTr\u00edpode de Montura : SI<br \/>\nControlador de hardware : SI<br \/>\nLente (P: pl\u00e1stico, G: vidrio) :Vidrio Ultra HD (2P + 2G)<br \/>\n\u00c1ngulo de la lente : 120 \u00b0<br \/>\nDimensiones : 3,5 &#8216;x 2,17&#8217; x 2,17 &#8216;<br \/>\nPeso : 0,27 libras (125 g)<br \/>\nLongitud del cable : 1.8M<br \/>\nSistema operativo : Windows\u00ae 10\/8\/7 \/ Vista; Mac\u00ae OS X 10.6<br \/>\nPlataforma de hardware : PC, Smart TV, port\u00e1til<br \/>\n\u00c1ngulo de visi\u00f3n: 120 grados<br \/>\nEnfoque: Enfoque infinito<br \/>\nRango din\u00e1mico: HDR<br \/>\nCaracter\u00edsticas: saturaci\u00f3n, contraste, intensidad, balance de blancos, exposici\u00f3n<\/p>\n","protected":false},"excerpt":{"rendered":"<p>https:\/\/www.adesso.com\/product\/cybertrack-h6\/ Descripci\u00f3n : C\u00e1mara web USB 4K con micr\u00f3fono incorporado Conectividad : Cableado Interfaz : USB 2.0 \/ 3.0 Sensor<\/p>\n","protected":false},"featured_media":15397,"comment_status":"open","ping_status":"closed","template":"","meta":[],"pwb-brand":[334],"product_brand":[],"product_cat":[81],"product_tag":[284],"class_list":{"0":"post-14908","1":"product","2":"type-product","3":"status-publish","4":"has-post-thumbnail","6":"pwb-brand-adesso","7":"product_cat-camaras","8":"product_tag-accesorios","10":"first","11":"outofstock","12":"taxable","13":"shipping-taxable","14":"product-type-simple"},"yoast_head":"<!-- This site is optimized with the Yoast SEO plugin v26.7 - https:\/\/yoast.com\/wordpress\/plugins\/seo\/ -->\n<title>ADESSO H6 \/ 4K \/ UHD - PC MASTERS BOGOTA<\/title>\n<meta name=\"robots\" content=\"index, follow, max-snippet:-1, max-image-preview:large, max-video-preview:-1\" \/>\n<link rel=\"canonical\" href=\"https:\/\/pcmastersbogota.com.co\/es_es\/producto\/adesso-h6-4k-uhd\/\" \/>\n<meta property=\"og:locale\" content=\"es_ES\" \/>\n<meta property=\"og:type\" content=\"article\" \/>\n<meta property=\"og:title\" content=\"ADESSO H6 \/ 4K \/ UHD - PC MASTERS BOGOTA\" \/>\n<meta property=\"og:description\" content=\"https:\/\/www.adesso.com\/product\/cybertrack-h6\/ Descripci\u00f3n : C\u00e1mara web USB 4K con micr\u00f3fono incorporado Conectividad : Cableado Interfaz : USB 2.0 \/ 3.0 Sensor\" \/>\n<meta property=\"og:url\" content=\"https:\/\/pcmastersbogota.com.co\/es_es\/producto\/adesso-h6-4k-uhd\/\" \/>\n<meta property=\"og:site_name\" content=\"PC MASTERS BOGOTA\" \/>\n<meta property=\"article:modified_time\" content=\"2021-09-09T18:19:31+00:00\" \/>\n<meta property=\"og:image\" content=\"https:\/\/pcmastersbogota.com.co\/wp-content\/uploads\/2021\/08\/51kxyeKVmL._AC_SL1500_.jpg\" \/>\n\t<meta property=\"og:image:width\" content=\"972\" \/>\n\t<meta property=\"og:image:height\" content=\"961\" \/>\n\t<meta property=\"og:image:type\" content=\"image\/jpeg\" \/>\n<meta name=\"twitter:card\" content=\"summary_large_image\" \/>\n<meta name=\"twitter:label1\" content=\"Tiempo de lectura\" \/>\n\t<meta name=\"twitter:data1\" content=\"1 minuto\" \/>\n<script type=\"application\/ld+json\" class=\"yoast-schema-graph\">{\"@context\":\"https:\/\/schema.org\",\"@graph\":[{\"@type\":\"WebPage\",\"@id\":\"https:\/\/pcmastersbogota.com.co\/producto\/adesso-h6-4k-uhd\/\",\"url\":\"https:\/\/pcmastersbogota.com.co\/producto\/adesso-h6-4k-uhd\/\",\"name\":\"ADESSO H6 \/ 4K \/ UHD - PC MASTERS BOGOTA\",\"isPartOf\":{\"@id\":\"https:\/\/pcmastersbogota.com.co\/es_es\/#website\"},\"primaryImageOfPage\":{\"@id\":\"https:\/\/pcmastersbogota.com.co\/producto\/adesso-h6-4k-uhd\/#primaryimage\"},\"image\":{\"@id\":\"https:\/\/pcmastersbogota.com.co\/producto\/adesso-h6-4k-uhd\/#primaryimage\"},\"thumbnailUrl\":\"https:\/\/pcmastersbogota.com.co\/wp-content\/uploads\/2021\/08\/51kxyeKVmL._AC_SL1500_.jpg\",\"datePublished\":\"2021-08-10T18:34:45+00:00\",\"dateModified\":\"2021-09-09T18:19:31+00:00\",\"breadcrumb\":{\"@id\":\"https:\/\/pcmastersbogota.com.co\/producto\/adesso-h6-4k-uhd\/#breadcrumb\"},\"inLanguage\":\"es\",\"potentialAction\":[{\"@type\":\"ReadAction\",\"target\":[\"https:\/\/pcmastersbogota.com.co\/producto\/adesso-h6-4k-uhd\/\"]}]},{\"@type\":\"ImageObject\",\"inLanguage\":\"es\",\"@id\":\"https:\/\/pcmastersbogota.com.co\/producto\/adesso-h6-4k-uhd\/#primaryimage\",\"url\":\"https:\/\/pcmastersbogota.com.co\/wp-content\/uploads\/2021\/08\/51kxyeKVmL._AC_SL1500_.jpg\",\"contentUrl\":\"https:\/\/pcmastersbogota.com.co\/wp-content\/uploads\/2021\/08\/51kxyeKVmL._AC_SL1500_.jpg\",\"width\":972,\"height\":961},{\"@type\":\"BreadcrumbList\",\"@id\":\"https:\/\/pcmastersbogota.com.co\/producto\/adesso-h6-4k-uhd\/#breadcrumb\",\"itemListElement\":[{\"@type\":\"ListItem\",\"position\":1,\"name\":\"Home\",\"item\":\"https:\/\/pcmastersbogota.com.co\/\"},{\"@type\":\"ListItem\",\"position\":2,\"name\":\"Tienda\",\"item\":\"https:\/\/pcmastersbogota.com.co\/es_es\/tienda\/\"},{\"@type\":\"ListItem\",\"position\":3,\"name\":\"ADESSO H6 \/ 4K \/ UHD\"}]},{\"@type\":\"WebSite\",\"@id\":\"https:\/\/pcmastersbogota.com.co\/es_es\/#website\",\"url\":\"https:\/\/pcmastersbogota.com.co\/es_es\/\",\"name\":\"PC MASTERS BOGOTA\",\"description\":\"\",\"potentialAction\":[{\"@type\":\"SearchAction\",\"target\":{\"@type\":\"EntryPoint\",\"urlTemplate\":\"https:\/\/pcmastersbogota.com.co\/es_es\/?s={search_term_string}\"},\"query-input\":{\"@type\":\"PropertyValueSpecification\",\"valueRequired\":true,\"valueName\":\"search_term_string\"}}],\"inLanguage\":\"es\"}]}<\/script>\n<!-- \/ Yoast SEO plugin. -->","yoast_head_json":{"title":"ADESSO H6 \/ 4K \/ UHD - PC MASTERS BOGOTA","robots":{"index":"index","follow":"follow","max-snippet":"max-snippet:-1","max-image-preview":"max-image-preview:large","max-video-preview":"max-video-preview:-1"},"canonical":"https:\/\/pcmastersbogota.com.co\/es_es\/producto\/adesso-h6-4k-uhd\/","og_locale":"es_ES","og_type":"article","og_title":"ADESSO H6 \/ 4K \/ UHD - PC MASTERS BOGOTA","og_description":"https:\/\/www.adesso.com\/product\/cybertrack-h6\/ Descripci\u00f3n : C\u00e1mara web USB 4K con micr\u00f3fono incorporado Conectividad : Cableado Interfaz : USB 2.0 \/ 3.0 Sensor","og_url":"https:\/\/pcmastersbogota.com.co\/es_es\/producto\/adesso-h6-4k-uhd\/","og_site_name":"PC MASTERS BOGOTA","article_modified_time":"2021-09-09T18:19:31+00:00","og_image":[{"width":972,"height":961,"url":"https:\/\/pcmastersbogota.com.co\/wp-content\/uploads\/2021\/08\/51kxyeKVmL._AC_SL1500_.jpg","type":"image\/jpeg"}],"twitter_card":"summary_large_image","twitter_misc":{"Tiempo de lectura":"1 minuto"},"schema":{"@context":"https:\/\/schema.org","@graph":[{"@type":"WebPage","@id":"https:\/\/pcmastersbogota.com.co\/producto\/adesso-h6-4k-uhd\/","url":"https:\/\/pcmastersbogota.com.co\/producto\/adesso-h6-4k-uhd\/","name":"ADESSO H6 \/ 4K \/ UHD - PC MASTERS BOGOTA","isPartOf":{"@id":"https:\/\/pcmastersbogota.com.co\/es_es\/#website"},"primaryImageOfPage":{"@id":"https:\/\/pcmastersbogota.com.co\/producto\/adesso-h6-4k-uhd\/#primaryimage"},"image":{"@id":"https:\/\/pcmastersbogota.com.co\/producto\/adesso-h6-4k-uhd\/#primaryimage"},"thumbnailUrl":"https:\/\/pcmastersbogota.com.co\/wp-content\/uploads\/2021\/08\/51kxyeKVmL._AC_SL1500_.jpg","datePublished":"2021-08-10T18:34:45+00:00","dateModified":"2021-09-09T18:19:31+00:00","breadcrumb":{"@id":"https:\/\/pcmastersbogota.com.co\/producto\/adesso-h6-4k-uhd\/#breadcrumb"},"inLanguage":"es","potentialAction":[{"@type":"ReadAction","target":["https:\/\/pcmastersbogota.com.co\/producto\/adesso-h6-4k-uhd\/"]}]},{"@type":"ImageObject","inLanguage":"es","@id":"https:\/\/pcmastersbogota.com.co\/producto\/adesso-h6-4k-uhd\/#primaryimage","url":"https:\/\/pcmastersbogota.com.co\/wp-content\/uploads\/2021\/08\/51kxyeKVmL._AC_SL1500_.jpg","contentUrl":"https:\/\/pcmastersbogota.com.co\/wp-content\/uploads\/2021\/08\/51kxyeKVmL._AC_SL1500_.jpg","width":972,"height":961},{"@type":"BreadcrumbList","@id":"https:\/\/pcmastersbogota.com.co\/producto\/adesso-h6-4k-uhd\/#breadcrumb","itemListElement":[{"@type":"ListItem","position":1,"name":"Home","item":"https:\/\/pcmastersbogota.com.co\/"},{"@type":"ListItem","position":2,"name":"Tienda","item":"https:\/\/pcmastersbogota.com.co\/es_es\/tienda\/"},{"@type":"ListItem","position":3,"name":"ADESSO H6 \/ 4K \/ UHD"}]},{"@type":"WebSite","@id":"https:\/\/pcmastersbogota.com.co\/es_es\/#website","url":"https:\/\/pcmastersbogota.com.co\/es_es\/","name":"PC MASTERS BOGOTA","description":"","potentialAction":[{"@type":"SearchAction","target":{"@type":"EntryPoint","urlTemplate":"https:\/\/pcmastersbogota.com.co\/es_es\/?s={search_term_string}"},"query-input":{"@type":"PropertyValueSpecification","valueRequired":true,"valueName":"search_term_string"}}],"inLanguage":"es"}]}},"brands":[{"id":334,"name":"ADESSO","slug":"adesso"}],"_links":{"self":[{"href":"https:\/\/pcmastersbogota.com.co\/es_es\/wp-json\/wp\/v2\/product\/14908","targetHints":{"allow":["GET"]}}],"collection":[{"href":"https:\/\/pcmastersbogota.com.co\/es_es\/wp-json\/wp\/v2\/product"}],"about":[{"href":"https:\/\/pcmastersbogota.com.co\/es_es\/wp-json\/wp\/v2\/types\/product"}],"replies":[{"embeddable":true,"href":"https:\/\/pcmastersbogota.com.co\/es_es\/wp-json\/wp\/v2\/comments?post=14908"}],"version-history":[{"count":3,"href":"https:\/\/pcmastersbogota.com.co\/es_es\/wp-json\/wp\/v2\/product\/14908\/revisions"}],"predecessor-version":[{"id":17729,"href":"https:\/\/pcmastersbogota.com.co\/es_es\/wp-json\/wp\/v2\/product\/14908\/revisions\/17729"}],"wp:featuredmedia":[{"embeddable":true,"href":"https:\/\/pcmastersbogota.com.co\/es_es\/wp-json\/wp\/v2\/media\/15397"}],"wp:attachment":[{"href":"https:\/\/pcmastersbogota.com.co\/es_es\/wp-json\/wp\/v2\/media?parent=14908"}],"wp:term":[{"taxonomy":"pwb-brand","embeddable":true,"href":"https:\/\/pcmastersbogota.com.co\/es_es\/wp-json\/wp\/v2\/pwb-brand?post=14908"},{"taxonomy":"product_brand","embeddable":true,"href":"https:\/\/pcmastersbogota.com.co\/es_es\/wp-json\/wp\/v2\/product_brand?post=14908"},{"taxonomy":"product_cat","embeddable":true,"href":"https:\/\/pcmastersbogota.com.co\/es_es\/wp-json\/wp\/v2\/product_cat?post=14908"},{"taxonomy":"product_tag","embeddable":true,"href":"https:\/\/pcmastersbogota.com.co\/es_es\/wp-json\/wp\/v2\/product_tag?post=14908"}],"curies":[{"name":"wp","href":"https:\/\/api.w.org\/{rel}","templated":true}]}}