{"id":14928,"date":"2021-08-10T13:34:47","date_gmt":"2021-08-10T18:34:47","guid":{"rendered":"https:\/\/pcmastersbogota.com.co\/?post_type=product&#038;p=14928"},"modified":"2021-09-09T13:12:20","modified_gmt":"2021-09-09T18:12:20","slug":"elgato-wave-shock-mount-filtro-ruido-wave-1-3","status":"publish","type":"product","link":"https:\/\/pcmastersbogota.com.co\/es_es\/producto\/elgato-wave-shock-mount-filtro-ruido-wave-1-3\/","title":{"rendered":"ELGATO WAVE SHOCK MOUNT\/FILTRO RUIDO WAVE 1-3"},"content":{"rendered":"<p>https:\/\/www.elgato.com\/es\/wave-shock-mount<\/p>\n<p>Hay micr\u00f3fonos de todas las formas y tama\u00f1os, y cada cual requiere un grado concreto de elasticidad para la suspensi\u00f3n. Elgato Wave Shock Mount est\u00e1 ajustado con precisi\u00f3n para los micr\u00f3fonos Elgato Wave. Recomendamos no usar monturas con amortiguaci\u00f3n universales de otros fabricantes.<\/p>\n<p>Peso 190 g (Adaptadores: 16 g)<br \/>\nDimensiones (ancho \u00d7 fondo \u00d7 alto): 115 \u00d7 135 \u00d7 32 mm<br \/>\nMateriales: acero, goma, pol\u00edmero reforzado con fibra de vidrio<\/p>\n","protected":false},"excerpt":{"rendered":"<p>Wave Shock Mount a\u00edsla a la perfecci\u00f3n tu micr\u00f3fono Wave de las vibraciones por manipulaci\u00f3n e impactos que generan ruidos de baja frecuencia.<\/p>\n","protected":false},"featured_media":15364,"comment_status":"open","ping_status":"closed","template":"","meta":[],"pwb-brand":[337],"product_brand":[],"product_cat":[81],"product_tag":[284],"class_list":{"0":"post-14928","1":"product","2":"type-product","3":"status-publish","4":"has-post-thumbnail","6":"pwb-brand-elgato","7":"product_cat-camaras","8":"product_tag-accesorios","10":"first","11":"outofstock","12":"taxable","13":"shipping-taxable","14":"purchasable","15":"product-type-simple"},"yoast_head":"<!-- This site is optimized with the Yoast SEO plugin v26.7 - https:\/\/yoast.com\/wordpress\/plugins\/seo\/ -->\n<title>ELGATO WAVE SHOCK MOUNT\/FILTRO RUIDO WAVE 1-3 - PC MASTERS BOGOTA<\/title>\n<meta name=\"robots\" content=\"index, follow, max-snippet:-1, max-image-preview:large, max-video-preview:-1\" \/>\n<link rel=\"canonical\" href=\"https:\/\/pcmastersbogota.com.co\/es_es\/producto\/elgato-wave-shock-mount-filtro-ruido-wave-1-3\/\" \/>\n<meta property=\"og:locale\" content=\"es_ES\" \/>\n<meta property=\"og:type\" content=\"article\" \/>\n<meta property=\"og:title\" content=\"ELGATO WAVE SHOCK MOUNT\/FILTRO RUIDO WAVE 1-3 - PC MASTERS BOGOTA\" \/>\n<meta property=\"og:description\" content=\"Wave Shock Mount a\u00edsla a la perfecci\u00f3n tu micr\u00f3fono Wave de las vibraciones por manipulaci\u00f3n e impactos que generan ruidos de baja frecuencia.\" \/>\n<meta property=\"og:url\" content=\"https:\/\/pcmastersbogota.com.co\/es_es\/producto\/elgato-wave-shock-mount-filtro-ruido-wave-1-3\/\" \/>\n<meta property=\"og:site_name\" content=\"PC MASTERS BOGOTA\" \/>\n<meta property=\"article:modified_time\" content=\"2021-09-09T18:12:20+00:00\" \/>\n<meta property=\"og:image\" content=\"https:\/\/pcmastersbogota.com.co\/wp-content\/uploads\/2021\/08\/45155.1.png\" \/>\n\t<meta property=\"og:image:width\" content=\"1000\" \/>\n\t<meta property=\"og:image:height\" content=\"1000\" \/>\n\t<meta property=\"og:image:type\" content=\"image\/png\" \/>\n<meta name=\"twitter:card\" content=\"summary_large_image\" \/>\n<script type=\"application\/ld+json\" class=\"yoast-schema-graph\">{\"@context\":\"https:\/\/schema.org\",\"@graph\":[{\"@type\":\"WebPage\",\"@id\":\"https:\/\/pcmastersbogota.com.co\/producto\/elgato-wave-shock-mount-filtro-ruido-wave-1-3\/\",\"url\":\"https:\/\/pcmastersbogota.com.co\/producto\/elgato-wave-shock-mount-filtro-ruido-wave-1-3\/\",\"name\":\"ELGATO WAVE SHOCK MOUNT\/FILTRO RUIDO WAVE 1-3 - PC MASTERS BOGOTA\",\"isPartOf\":{\"@id\":\"https:\/\/pcmastersbogota.com.co\/es_es\/#website\"},\"primaryImageOfPage\":{\"@id\":\"https:\/\/pcmastersbogota.com.co\/producto\/elgato-wave-shock-mount-filtro-ruido-wave-1-3\/#primaryimage\"},\"image\":{\"@id\":\"https:\/\/pcmastersbogota.com.co\/producto\/elgato-wave-shock-mount-filtro-ruido-wave-1-3\/#primaryimage\"},\"thumbnailUrl\":\"https:\/\/pcmastersbogota.com.co\/wp-content\/uploads\/2021\/08\/45155.1.png\",\"datePublished\":\"2021-08-10T18:34:47+00:00\",\"dateModified\":\"2021-09-09T18:12:20+00:00\",\"breadcrumb\":{\"@id\":\"https:\/\/pcmastersbogota.com.co\/producto\/elgato-wave-shock-mount-filtro-ruido-wave-1-3\/#breadcrumb\"},\"inLanguage\":\"es\",\"potentialAction\":[{\"@type\":\"ReadAction\",\"target\":[\"https:\/\/pcmastersbogota.com.co\/producto\/elgato-wave-shock-mount-filtro-ruido-wave-1-3\/\"]}]},{\"@type\":\"ImageObject\",\"inLanguage\":\"es\",\"@id\":\"https:\/\/pcmastersbogota.com.co\/producto\/elgato-wave-shock-mount-filtro-ruido-wave-1-3\/#primaryimage\",\"url\":\"https:\/\/pcmastersbogota.com.co\/wp-content\/uploads\/2021\/08\/45155.1.png\",\"contentUrl\":\"https:\/\/pcmastersbogota.com.co\/wp-content\/uploads\/2021\/08\/45155.1.png\",\"width\":1000,\"height\":1000},{\"@type\":\"BreadcrumbList\",\"@id\":\"https:\/\/pcmastersbogota.com.co\/producto\/elgato-wave-shock-mount-filtro-ruido-wave-1-3\/#breadcrumb\",\"itemListElement\":[{\"@type\":\"ListItem\",\"position\":1,\"name\":\"Home\",\"item\":\"https:\/\/pcmastersbogota.com.co\/\"},{\"@type\":\"ListItem\",\"position\":2,\"name\":\"Tienda\",\"item\":\"https:\/\/pcmastersbogota.com.co\/es_es\/tienda\/\"},{\"@type\":\"ListItem\",\"position\":3,\"name\":\"ELGATO WAVE SHOCK MOUNT\/FILTRO RUIDO WAVE 1-3\"}]},{\"@type\":\"WebSite\",\"@id\":\"https:\/\/pcmastersbogota.com.co\/es_es\/#website\",\"url\":\"https:\/\/pcmastersbogota.com.co\/es_es\/\",\"name\":\"PC MASTERS BOGOTA\",\"description\":\"\",\"potentialAction\":[{\"@type\":\"SearchAction\",\"target\":{\"@type\":\"EntryPoint\",\"urlTemplate\":\"https:\/\/pcmastersbogota.com.co\/es_es\/?s={search_term_string}\"},\"query-input\":{\"@type\":\"PropertyValueSpecification\",\"valueRequired\":true,\"valueName\":\"search_term_string\"}}],\"inLanguage\":\"es\"}]}<\/script>\n<!-- \/ Yoast SEO plugin. -->","yoast_head_json":{"title":"ELGATO WAVE SHOCK MOUNT\/FILTRO RUIDO WAVE 1-3 - PC MASTERS BOGOTA","robots":{"index":"index","follow":"follow","max-snippet":"max-snippet:-1","max-image-preview":"max-image-preview:large","max-video-preview":"max-video-preview:-1"},"canonical":"https:\/\/pcmastersbogota.com.co\/es_es\/producto\/elgato-wave-shock-mount-filtro-ruido-wave-1-3\/","og_locale":"es_ES","og_type":"article","og_title":"ELGATO WAVE SHOCK MOUNT\/FILTRO RUIDO WAVE 1-3 - PC MASTERS BOGOTA","og_description":"Wave Shock Mount a\u00edsla a la perfecci\u00f3n tu micr\u00f3fono Wave de las vibraciones por manipulaci\u00f3n e impactos que generan ruidos de baja frecuencia.","og_url":"https:\/\/pcmastersbogota.com.co\/es_es\/producto\/elgato-wave-shock-mount-filtro-ruido-wave-1-3\/","og_site_name":"PC MASTERS BOGOTA","article_modified_time":"2021-09-09T18:12:20+00:00","og_image":[{"width":1000,"height":1000,"url":"https:\/\/pcmastersbogota.com.co\/wp-content\/uploads\/2021\/08\/45155.1.png","type":"image\/png"}],"twitter_card":"summary_large_image","schema":{"@context":"https:\/\/schema.org","@graph":[{"@type":"WebPage","@id":"https:\/\/pcmastersbogota.com.co\/producto\/elgato-wave-shock-mount-filtro-ruido-wave-1-3\/","url":"https:\/\/pcmastersbogota.com.co\/producto\/elgato-wave-shock-mount-filtro-ruido-wave-1-3\/","name":"ELGATO WAVE SHOCK MOUNT\/FILTRO RUIDO WAVE 1-3 - PC MASTERS BOGOTA","isPartOf":{"@id":"https:\/\/pcmastersbogota.com.co\/es_es\/#website"},"primaryImageOfPage":{"@id":"https:\/\/pcmastersbogota.com.co\/producto\/elgato-wave-shock-mount-filtro-ruido-wave-1-3\/#primaryimage"},"image":{"@id":"https:\/\/pcmastersbogota.com.co\/producto\/elgato-wave-shock-mount-filtro-ruido-wave-1-3\/#primaryimage"},"thumbnailUrl":"https:\/\/pcmastersbogota.com.co\/wp-content\/uploads\/2021\/08\/45155.1.png","datePublished":"2021-08-10T18:34:47+00:00","dateModified":"2021-09-09T18:12:20+00:00","breadcrumb":{"@id":"https:\/\/pcmastersbogota.com.co\/producto\/elgato-wave-shock-mount-filtro-ruido-wave-1-3\/#breadcrumb"},"inLanguage":"es","potentialAction":[{"@type":"ReadAction","target":["https:\/\/pcmastersbogota.com.co\/producto\/elgato-wave-shock-mount-filtro-ruido-wave-1-3\/"]}]},{"@type":"ImageObject","inLanguage":"es","@id":"https:\/\/pcmastersbogota.com.co\/producto\/elgato-wave-shock-mount-filtro-ruido-wave-1-3\/#primaryimage","url":"https:\/\/pcmastersbogota.com.co\/wp-content\/uploads\/2021\/08\/45155.1.png","contentUrl":"https:\/\/pcmastersbogota.com.co\/wp-content\/uploads\/2021\/08\/45155.1.png","width":1000,"height":1000},{"@type":"BreadcrumbList","@id":"https:\/\/pcmastersbogota.com.co\/producto\/elgato-wave-shock-mount-filtro-ruido-wave-1-3\/#breadcrumb","itemListElement":[{"@type":"ListItem","position":1,"name":"Home","item":"https:\/\/pcmastersbogota.com.co\/"},{"@type":"ListItem","position":2,"name":"Tienda","item":"https:\/\/pcmastersbogota.com.co\/es_es\/tienda\/"},{"@type":"ListItem","position":3,"name":"ELGATO WAVE SHOCK MOUNT\/FILTRO RUIDO WAVE 1-3"}]},{"@type":"WebSite","@id":"https:\/\/pcmastersbogota.com.co\/es_es\/#website","url":"https:\/\/pcmastersbogota.com.co\/es_es\/","name":"PC MASTERS BOGOTA","description":"","potentialAction":[{"@type":"SearchAction","target":{"@type":"EntryPoint","urlTemplate":"https:\/\/pcmastersbogota.com.co\/es_es\/?s={search_term_string}"},"query-input":{"@type":"PropertyValueSpecification","valueRequired":true,"valueName":"search_term_string"}}],"inLanguage":"es"}]}},"brands":[{"id":337,"name":"ELGATO","slug":"elgato"}],"_links":{"self":[{"href":"https:\/\/pcmastersbogota.com.co\/es_es\/wp-json\/wp\/v2\/product\/14928","targetHints":{"allow":["GET"]}}],"collection":[{"href":"https:\/\/pcmastersbogota.com.co\/es_es\/wp-json\/wp\/v2\/product"}],"about":[{"href":"https:\/\/pcmastersbogota.com.co\/es_es\/wp-json\/wp\/v2\/types\/product"}],"replies":[{"embeddable":true,"href":"https:\/\/pcmastersbogota.com.co\/es_es\/wp-json\/wp\/v2\/comments?post=14928"}],"version-history":[{"count":4,"href":"https:\/\/pcmastersbogota.com.co\/es_es\/wp-json\/wp\/v2\/product\/14928\/revisions"}],"predecessor-version":[{"id":17719,"href":"https:\/\/pcmastersbogota.com.co\/es_es\/wp-json\/wp\/v2\/product\/14928\/revisions\/17719"}],"wp:featuredmedia":[{"embeddable":true,"href":"https:\/\/pcmastersbogota.com.co\/es_es\/wp-json\/wp\/v2\/media\/15364"}],"wp:attachment":[{"href":"https:\/\/pcmastersbogota.com.co\/es_es\/wp-json\/wp\/v2\/media?parent=14928"}],"wp:term":[{"taxonomy":"pwb-brand","embeddable":true,"href":"https:\/\/pcmastersbogota.com.co\/es_es\/wp-json\/wp\/v2\/pwb-brand?post=14928"},{"taxonomy":"product_brand","embeddable":true,"href":"https:\/\/pcmastersbogota.com.co\/es_es\/wp-json\/wp\/v2\/product_brand?post=14928"},{"taxonomy":"product_cat","embeddable":true,"href":"https:\/\/pcmastersbogota.com.co\/es_es\/wp-json\/wp\/v2\/product_cat?post=14928"},{"taxonomy":"product_tag","embeddable":true,"href":"https:\/\/pcmastersbogota.com.co\/es_es\/wp-json\/wp\/v2\/product_tag?post=14928"}],"curies":[{"name":"wp","href":"https:\/\/api.w.org\/{rel}","templated":true}]}}