{"id":16314,"date":"2021-08-17T14:55:25","date_gmt":"2021-08-17T19:55:25","guid":{"rendered":"https:\/\/pcmastersbogota.com.co\/?post_type=product&#038;p=16314"},"modified":"2025-10-31T15:40:53","modified_gmt":"2025-10-31T20:40:53","slug":"asus-24-gaming-1ms-144hz-vp249qgr","status":"publish","type":"product","link":"https:\/\/pcmastersbogota.com.co\/es_es\/producto\/asus-24-gaming-1ms-144hz-vp249qgr\/","title":{"rendered":"ASUS 24&#8243; GAMING (1ms-144Hz) VP249QGR"},"content":{"rendered":"<p>Caracter\u00edsticas de Asus Tuf Gaming VG24VQ 23.6 \u00bb<\/p>\n<p>Tama\u00f1o de la pantalla: 23.6 \u00bb<\/p>\n<p>Es curvo: S\u00ed<\/p>\n<p>Con altavoces incorporados: S\u00ed<\/p>\n<p>Tipo de resoluci\u00f3n: Full HD<\/p>\n<p>Es reclinable: S\u00ed<br \/>\nCaracter\u00edsticas generales<br \/>\nMarca<br \/>\nAsus<br \/>\nL\u00ednea<br \/>\nTuf Gaming<br \/>\nModelo<br \/>\nVG24VQ<br \/>\nColor<br \/>\nNegro<br \/>\nVoltaje<br \/>\n100V\/240V<br \/>\nConectividad<br \/>\nConexiones del monitor<br \/>\nJack 3.5 mm, DisplayPort 1.2, 2 HDMI 1.4<br \/>\nEspecificaciones<br \/>\nEs curvo<br \/>\nS\u00ed<br \/>\nEs gamer<br \/>\nS\u00ed<br \/>\nSistemas operativos compatibles<br \/>\nWindows 10, Windows 8, Windows 8.1, Windows 7<br \/>\nCon altavoces incorporados<br \/>\nS\u00ed<br \/>\nEs girat\u00f3rio<br \/>\nS\u00ed<br \/>\nEs reclinable<br \/>\nS\u00ed<br \/>\nOtros<br \/>\nCables incluidos<br \/>\nCable de alimentaci\u00f3n<br \/>\nCon montaje VESA<br \/>\nS\u00ed<br \/>\nPeso y dimensiones<br \/>\nAltura con soporte<br \/>\n526.59 mm<br \/>\nLargo con soporte<br \/>\n217.6 mm<br \/>\nAncho con soporte<br \/>\n537.59 mm<br \/>\nPeso con soporte<br \/>\n5.66 kg<br \/>\nAltura sin soporte<br \/>\n320.09 mm<br \/>\nLargo sin soporte<br \/>\n69.33 mm<br \/>\nAncho sin soporte<br \/>\n537.61 mm<br \/>\nPeso sin soporte<br \/>\n4.8 kg<\/p>\n","protected":false},"excerpt":{"rendered":"<p>La pantalla para juegos ASUS est\u00e1 dise\u00f1ada para la victoria en el campo de los juegos profesionales. Con su panel IPS Full HD, frecuencia de actualizaci\u00f3n de 144 Hz.<\/p>\n","protected":false},"featured_media":16678,"comment_status":"open","ping_status":"closed","template":"","meta":[],"pwb-brand":[212],"product_brand":[],"product_cat":[78],"product_tag":[343],"class_list":{"0":"post-16314","1":"product","2":"type-product","3":"status-publish","4":"has-post-thumbnail","6":"pwb-brand-asus","7":"product_cat-monitores","8":"product_tag-pantallas","10":"first","11":"instock","12":"taxable","13":"shipping-taxable","14":"purchasable","15":"product-type-simple"},"yoast_head":"<!-- This site is optimized with the Yoast SEO plugin v26.7 - https:\/\/yoast.com\/wordpress\/plugins\/seo\/ -->\n<title>ASUS 24&quot; GAMING (1ms-144Hz) VP249QGR - PC MASTERS BOGOTA<\/title>\n<meta name=\"robots\" content=\"index, follow, max-snippet:-1, max-image-preview:large, max-video-preview:-1\" \/>\n<link rel=\"canonical\" href=\"https:\/\/pcmastersbogota.com.co\/es_es\/producto\/asus-24-gaming-1ms-144hz-vp249qgr\/\" \/>\n<meta property=\"og:locale\" content=\"es_ES\" \/>\n<meta property=\"og:type\" content=\"article\" \/>\n<meta property=\"og:title\" content=\"ASUS 24&quot; GAMING (1ms-144Hz) VP249QGR - PC MASTERS BOGOTA\" \/>\n<meta property=\"og:description\" content=\"La pantalla para juegos ASUS est\u00e1 dise\u00f1ada para la victoria en el campo de los juegos profesionales. Con su panel IPS Full HD, frecuencia de actualizaci\u00f3n de 144 Hz.\" \/>\n<meta property=\"og:url\" content=\"https:\/\/pcmastersbogota.com.co\/es_es\/producto\/asus-24-gaming-1ms-144hz-vp249qgr\/\" \/>\n<meta property=\"og:site_name\" content=\"PC MASTERS BOGOTA\" \/>\n<meta property=\"article:modified_time\" content=\"2025-10-31T20:40:53+00:00\" \/>\n<meta property=\"og:image\" content=\"https:\/\/pcmastersbogota.com.co\/wp-content\/uploads\/2021\/08\/15123.2.png\" \/>\n\t<meta property=\"og:image:width\" content=\"1000\" \/>\n\t<meta property=\"og:image:height\" content=\"1000\" \/>\n\t<meta property=\"og:image:type\" content=\"image\/png\" \/>\n<meta name=\"twitter:card\" content=\"summary_large_image\" \/>\n<meta name=\"twitter:label1\" content=\"Tiempo de lectura\" \/>\n\t<meta name=\"twitter:data1\" content=\"1 minuto\" \/>\n<script type=\"application\/ld+json\" class=\"yoast-schema-graph\">{\"@context\":\"https:\/\/schema.org\",\"@graph\":[{\"@type\":\"WebPage\",\"@id\":\"https:\/\/pcmastersbogota.com.co\/producto\/asus-24-gaming-1ms-144hz-vp249qgr\/\",\"url\":\"https:\/\/pcmastersbogota.com.co\/producto\/asus-24-gaming-1ms-144hz-vp249qgr\/\",\"name\":\"ASUS 24\\\" GAMING (1ms-144Hz) VP249QGR - PC MASTERS BOGOTA\",\"isPartOf\":{\"@id\":\"https:\/\/pcmastersbogota.com.co\/es_es\/#website\"},\"primaryImageOfPage\":{\"@id\":\"https:\/\/pcmastersbogota.com.co\/producto\/asus-24-gaming-1ms-144hz-vp249qgr\/#primaryimage\"},\"image\":{\"@id\":\"https:\/\/pcmastersbogota.com.co\/producto\/asus-24-gaming-1ms-144hz-vp249qgr\/#primaryimage\"},\"thumbnailUrl\":\"https:\/\/pcmastersbogota.com.co\/wp-content\/uploads\/2021\/08\/15123.2.png\",\"datePublished\":\"2021-08-17T19:55:25+00:00\",\"dateModified\":\"2025-10-31T20:40:53+00:00\",\"breadcrumb\":{\"@id\":\"https:\/\/pcmastersbogota.com.co\/producto\/asus-24-gaming-1ms-144hz-vp249qgr\/#breadcrumb\"},\"inLanguage\":\"es\",\"potentialAction\":[{\"@type\":\"ReadAction\",\"target\":[\"https:\/\/pcmastersbogota.com.co\/producto\/asus-24-gaming-1ms-144hz-vp249qgr\/\"]}]},{\"@type\":\"ImageObject\",\"inLanguage\":\"es\",\"@id\":\"https:\/\/pcmastersbogota.com.co\/producto\/asus-24-gaming-1ms-144hz-vp249qgr\/#primaryimage\",\"url\":\"https:\/\/pcmastersbogota.com.co\/wp-content\/uploads\/2021\/08\/15123.2.png\",\"contentUrl\":\"https:\/\/pcmastersbogota.com.co\/wp-content\/uploads\/2021\/08\/15123.2.png\",\"width\":1000,\"height\":1000},{\"@type\":\"BreadcrumbList\",\"@id\":\"https:\/\/pcmastersbogota.com.co\/producto\/asus-24-gaming-1ms-144hz-vp249qgr\/#breadcrumb\",\"itemListElement\":[{\"@type\":\"ListItem\",\"position\":1,\"name\":\"Home\",\"item\":\"https:\/\/pcmastersbogota.com.co\/\"},{\"@type\":\"ListItem\",\"position\":2,\"name\":\"Tienda\",\"item\":\"https:\/\/pcmastersbogota.com.co\/es_es\/tienda\/\"},{\"@type\":\"ListItem\",\"position\":3,\"name\":\"ASUS 24&#8243; GAMING (1ms-144Hz) VP249QGR\"}]},{\"@type\":\"WebSite\",\"@id\":\"https:\/\/pcmastersbogota.com.co\/es_es\/#website\",\"url\":\"https:\/\/pcmastersbogota.com.co\/es_es\/\",\"name\":\"PC MASTERS BOGOTA\",\"description\":\"\",\"potentialAction\":[{\"@type\":\"SearchAction\",\"target\":{\"@type\":\"EntryPoint\",\"urlTemplate\":\"https:\/\/pcmastersbogota.com.co\/es_es\/?s={search_term_string}\"},\"query-input\":{\"@type\":\"PropertyValueSpecification\",\"valueRequired\":true,\"valueName\":\"search_term_string\"}}],\"inLanguage\":\"es\"}]}<\/script>\n<!-- \/ Yoast SEO plugin. -->","yoast_head_json":{"title":"ASUS 24\" GAMING (1ms-144Hz) VP249QGR - PC MASTERS BOGOTA","robots":{"index":"index","follow":"follow","max-snippet":"max-snippet:-1","max-image-preview":"max-image-preview:large","max-video-preview":"max-video-preview:-1"},"canonical":"https:\/\/pcmastersbogota.com.co\/es_es\/producto\/asus-24-gaming-1ms-144hz-vp249qgr\/","og_locale":"es_ES","og_type":"article","og_title":"ASUS 24\" GAMING (1ms-144Hz) VP249QGR - PC MASTERS BOGOTA","og_description":"La pantalla para juegos ASUS est\u00e1 dise\u00f1ada para la victoria en el campo de los juegos profesionales. Con su panel IPS Full HD, frecuencia de actualizaci\u00f3n de 144 Hz.","og_url":"https:\/\/pcmastersbogota.com.co\/es_es\/producto\/asus-24-gaming-1ms-144hz-vp249qgr\/","og_site_name":"PC MASTERS BOGOTA","article_modified_time":"2025-10-31T20:40:53+00:00","og_image":[{"width":1000,"height":1000,"url":"https:\/\/pcmastersbogota.com.co\/wp-content\/uploads\/2021\/08\/15123.2.png","type":"image\/png"}],"twitter_card":"summary_large_image","twitter_misc":{"Tiempo de lectura":"1 minuto"},"schema":{"@context":"https:\/\/schema.org","@graph":[{"@type":"WebPage","@id":"https:\/\/pcmastersbogota.com.co\/producto\/asus-24-gaming-1ms-144hz-vp249qgr\/","url":"https:\/\/pcmastersbogota.com.co\/producto\/asus-24-gaming-1ms-144hz-vp249qgr\/","name":"ASUS 24\" GAMING (1ms-144Hz) VP249QGR - PC MASTERS BOGOTA","isPartOf":{"@id":"https:\/\/pcmastersbogota.com.co\/es_es\/#website"},"primaryImageOfPage":{"@id":"https:\/\/pcmastersbogota.com.co\/producto\/asus-24-gaming-1ms-144hz-vp249qgr\/#primaryimage"},"image":{"@id":"https:\/\/pcmastersbogota.com.co\/producto\/asus-24-gaming-1ms-144hz-vp249qgr\/#primaryimage"},"thumbnailUrl":"https:\/\/pcmastersbogota.com.co\/wp-content\/uploads\/2021\/08\/15123.2.png","datePublished":"2021-08-17T19:55:25+00:00","dateModified":"2025-10-31T20:40:53+00:00","breadcrumb":{"@id":"https:\/\/pcmastersbogota.com.co\/producto\/asus-24-gaming-1ms-144hz-vp249qgr\/#breadcrumb"},"inLanguage":"es","potentialAction":[{"@type":"ReadAction","target":["https:\/\/pcmastersbogota.com.co\/producto\/asus-24-gaming-1ms-144hz-vp249qgr\/"]}]},{"@type":"ImageObject","inLanguage":"es","@id":"https:\/\/pcmastersbogota.com.co\/producto\/asus-24-gaming-1ms-144hz-vp249qgr\/#primaryimage","url":"https:\/\/pcmastersbogota.com.co\/wp-content\/uploads\/2021\/08\/15123.2.png","contentUrl":"https:\/\/pcmastersbogota.com.co\/wp-content\/uploads\/2021\/08\/15123.2.png","width":1000,"height":1000},{"@type":"BreadcrumbList","@id":"https:\/\/pcmastersbogota.com.co\/producto\/asus-24-gaming-1ms-144hz-vp249qgr\/#breadcrumb","itemListElement":[{"@type":"ListItem","position":1,"name":"Home","item":"https:\/\/pcmastersbogota.com.co\/"},{"@type":"ListItem","position":2,"name":"Tienda","item":"https:\/\/pcmastersbogota.com.co\/es_es\/tienda\/"},{"@type":"ListItem","position":3,"name":"ASUS 24&#8243; GAMING (1ms-144Hz) VP249QGR"}]},{"@type":"WebSite","@id":"https:\/\/pcmastersbogota.com.co\/es_es\/#website","url":"https:\/\/pcmastersbogota.com.co\/es_es\/","name":"PC MASTERS BOGOTA","description":"","potentialAction":[{"@type":"SearchAction","target":{"@type":"EntryPoint","urlTemplate":"https:\/\/pcmastersbogota.com.co\/es_es\/?s={search_term_string}"},"query-input":{"@type":"PropertyValueSpecification","valueRequired":true,"valueName":"search_term_string"}}],"inLanguage":"es"}]}},"brands":[{"id":212,"name":"ASUS","slug":"asus"}],"_links":{"self":[{"href":"https:\/\/pcmastersbogota.com.co\/es_es\/wp-json\/wp\/v2\/product\/16314","targetHints":{"allow":["GET"]}}],"collection":[{"href":"https:\/\/pcmastersbogota.com.co\/es_es\/wp-json\/wp\/v2\/product"}],"about":[{"href":"https:\/\/pcmastersbogota.com.co\/es_es\/wp-json\/wp\/v2\/types\/product"}],"replies":[{"embeddable":true,"href":"https:\/\/pcmastersbogota.com.co\/es_es\/wp-json\/wp\/v2\/comments?post=16314"}],"version-history":[{"count":3,"href":"https:\/\/pcmastersbogota.com.co\/es_es\/wp-json\/wp\/v2\/product\/16314\/revisions"}],"predecessor-version":[{"id":16679,"href":"https:\/\/pcmastersbogota.com.co\/es_es\/wp-json\/wp\/v2\/product\/16314\/revisions\/16679"}],"wp:featuredmedia":[{"embeddable":true,"href":"https:\/\/pcmastersbogota.com.co\/es_es\/wp-json\/wp\/v2\/media\/16678"}],"wp:attachment":[{"href":"https:\/\/pcmastersbogota.com.co\/es_es\/wp-json\/wp\/v2\/media?parent=16314"}],"wp:term":[{"taxonomy":"pwb-brand","embeddable":true,"href":"https:\/\/pcmastersbogota.com.co\/es_es\/wp-json\/wp\/v2\/pwb-brand?post=16314"},{"taxonomy":"product_brand","embeddable":true,"href":"https:\/\/pcmastersbogota.com.co\/es_es\/wp-json\/wp\/v2\/product_brand?post=16314"},{"taxonomy":"product_cat","embeddable":true,"href":"https:\/\/pcmastersbogota.com.co\/es_es\/wp-json\/wp\/v2\/product_cat?post=16314"},{"taxonomy":"product_tag","embeddable":true,"href":"https:\/\/pcmastersbogota.com.co\/es_es\/wp-json\/wp\/v2\/product_tag?post=16314"}],"curies":[{"name":"wp","href":"https:\/\/api.w.org\/{rel}","templated":true}]}}