{"id":16319,"date":"2021-08-17T14:55:26","date_gmt":"2021-08-17T19:55:26","guid":{"rendered":"https:\/\/pcmastersbogota.com.co\/?post_type=product&#038;p=16319"},"modified":"2025-10-31T15:39:36","modified_gmt":"2025-10-31T20:39:36","slug":"asus-27-wqhd-tuf-gam1m-165hzvg27wq1b","status":"publish","type":"product","link":"https:\/\/pcmastersbogota.com.co\/es_es\/producto\/asus-27-wqhd-tuf-gam1m-165hzvg27wq1b\/","title":{"rendered":"ASUS 27&#8243; WQHD TUF GAM(1m-165Hz)VG27WQ1B"},"content":{"rendered":"<p>https:\/\/www.asus.com\/latin\/Displays-Desktops\/Monitors\/TUF-Gaming\/TUF-Gaming-VG27WQ1B\/<\/p>\n<p>TUF Gaming VG27WQ1B Monitor curvo para juegos: 27 pulgadas WQHD (2560&#215;1440), 165Hz (por encima de 144Hz), Extreme Low Motion Blur\u2122, Adaptive-sync, FreeSync\u2122 Premium, 1ms (MPRT), HDR10<br \/>\nMonitor de juegos 1500R WQHD (2560&#215;1440) de 27 pulgadas con frecuencia de actualizaci\u00f3n ultrarr\u00e1pida de 165Hz dise\u00f1ado para jugadores profesionales y juegos inmersivos.<br \/>\nLa tecnolog\u00eda ASUS Extreme Low Motion Blur (ELMB\u2122) permite un tiempo de respuesta de 1ms (MPRT) junto con Adaptive-sync, eliminando el efecto fantasma y el desgarro para obtener im\u00e1genes de juego n\u00edtidas con altas velocidades de cuadro.<br \/>\nTecnolog\u00eda FreeSync Premium compatible a trav\u00e9s de puertos DP y HDMI que proporcionan frecuencias de actualizaci\u00f3n variables para baja latencia, sin tartamudeo y sin rasgaduras mientras se juega.<br \/>\nShadow Boost mejora los detalles de la imagen en \u00e1reas oscuras, iluminando escenas sin exponer demasiado las \u00e1reas brillantes.<br \/>\nAdmite HDR10 para mejorar el \u00e1rea brillante y oscura, brinda una experiencia de juego realista.<\/p>\n","protected":false},"excerpt":{"rendered":"<p>TUF Gaming VG27WQ1B es una pantalla curva WQHD (2560\u00d71440) de 27 pulgadas con una frecuencia de actualizaci\u00f3n ultrarr\u00e1pida de 165Hz dise\u00f1ada para jugadores profesionales y aquellos que buscan un juego inmersivo.<\/p>\n","protected":false},"featured_media":16918,"comment_status":"open","ping_status":"closed","template":"","meta":[],"pwb-brand":[212],"product_brand":[],"product_cat":[78],"product_tag":[343],"class_list":{"0":"post-16319","1":"product","2":"type-product","3":"status-publish","4":"has-post-thumbnail","6":"pwb-brand-asus","7":"product_cat-monitores","8":"product_tag-pantallas","10":"first","11":"instock","12":"taxable","13":"shipping-taxable","14":"purchasable","15":"product-type-simple"},"yoast_head":"<!-- This site is optimized with the Yoast SEO plugin v26.7 - https:\/\/yoast.com\/wordpress\/plugins\/seo\/ -->\n<title>ASUS 27&quot; WQHD TUF GAM(1m-165Hz)VG27WQ1B - PC MASTERS BOGOTA<\/title>\n<meta name=\"robots\" content=\"index, follow, max-snippet:-1, max-image-preview:large, max-video-preview:-1\" \/>\n<link rel=\"canonical\" href=\"https:\/\/pcmastersbogota.com.co\/es_es\/producto\/asus-27-wqhd-tuf-gam1m-165hzvg27wq1b\/\" \/>\n<meta property=\"og:locale\" content=\"es_ES\" \/>\n<meta property=\"og:type\" content=\"article\" \/>\n<meta property=\"og:title\" content=\"ASUS 27&quot; WQHD TUF GAM(1m-165Hz)VG27WQ1B - PC MASTERS BOGOTA\" \/>\n<meta property=\"og:description\" content=\"TUF Gaming VG27WQ1B es una pantalla curva WQHD (2560\u00d71440) de 27 pulgadas con una frecuencia de actualizaci\u00f3n ultrarr\u00e1pida de 165Hz dise\u00f1ada para jugadores profesionales y aquellos que buscan un juego inmersivo.\" \/>\n<meta property=\"og:url\" content=\"https:\/\/pcmastersbogota.com.co\/es_es\/producto\/asus-27-wqhd-tuf-gam1m-165hzvg27wq1b\/\" \/>\n<meta property=\"og:site_name\" content=\"PC MASTERS BOGOTA\" \/>\n<meta property=\"article:modified_time\" content=\"2025-10-31T20:39:36+00:00\" \/>\n<meta property=\"og:image\" content=\"https:\/\/pcmastersbogota.com.co\/wp-content\/uploads\/2021\/08\/15166.png\" \/>\n\t<meta property=\"og:image:width\" content=\"1000\" \/>\n\t<meta property=\"og:image:height\" content=\"1000\" \/>\n\t<meta property=\"og:image:type\" content=\"image\/png\" \/>\n<meta name=\"twitter:card\" content=\"summary_large_image\" \/>\n<meta name=\"twitter:label1\" content=\"Tiempo de lectura\" \/>\n\t<meta name=\"twitter:data1\" content=\"1 minuto\" \/>\n<script type=\"application\/ld+json\" class=\"yoast-schema-graph\">{\"@context\":\"https:\/\/schema.org\",\"@graph\":[{\"@type\":\"WebPage\",\"@id\":\"https:\/\/pcmastersbogota.com.co\/producto\/asus-27-wqhd-tuf-gam1m-165hzvg27wq1b\/\",\"url\":\"https:\/\/pcmastersbogota.com.co\/producto\/asus-27-wqhd-tuf-gam1m-165hzvg27wq1b\/\",\"name\":\"ASUS 27\\\" WQHD TUF GAM(1m-165Hz)VG27WQ1B - PC MASTERS BOGOTA\",\"isPartOf\":{\"@id\":\"https:\/\/pcmastersbogota.com.co\/es_es\/#website\"},\"primaryImageOfPage\":{\"@id\":\"https:\/\/pcmastersbogota.com.co\/producto\/asus-27-wqhd-tuf-gam1m-165hzvg27wq1b\/#primaryimage\"},\"image\":{\"@id\":\"https:\/\/pcmastersbogota.com.co\/producto\/asus-27-wqhd-tuf-gam1m-165hzvg27wq1b\/#primaryimage\"},\"thumbnailUrl\":\"https:\/\/pcmastersbogota.com.co\/wp-content\/uploads\/2021\/08\/15166.png\",\"datePublished\":\"2021-08-17T19:55:26+00:00\",\"dateModified\":\"2025-10-31T20:39:36+00:00\",\"breadcrumb\":{\"@id\":\"https:\/\/pcmastersbogota.com.co\/producto\/asus-27-wqhd-tuf-gam1m-165hzvg27wq1b\/#breadcrumb\"},\"inLanguage\":\"es\",\"potentialAction\":[{\"@type\":\"ReadAction\",\"target\":[\"https:\/\/pcmastersbogota.com.co\/producto\/asus-27-wqhd-tuf-gam1m-165hzvg27wq1b\/\"]}]},{\"@type\":\"ImageObject\",\"inLanguage\":\"es\",\"@id\":\"https:\/\/pcmastersbogota.com.co\/producto\/asus-27-wqhd-tuf-gam1m-165hzvg27wq1b\/#primaryimage\",\"url\":\"https:\/\/pcmastersbogota.com.co\/wp-content\/uploads\/2021\/08\/15166.png\",\"contentUrl\":\"https:\/\/pcmastersbogota.com.co\/wp-content\/uploads\/2021\/08\/15166.png\",\"width\":1000,\"height\":1000},{\"@type\":\"BreadcrumbList\",\"@id\":\"https:\/\/pcmastersbogota.com.co\/producto\/asus-27-wqhd-tuf-gam1m-165hzvg27wq1b\/#breadcrumb\",\"itemListElement\":[{\"@type\":\"ListItem\",\"position\":1,\"name\":\"Home\",\"item\":\"https:\/\/pcmastersbogota.com.co\/\"},{\"@type\":\"ListItem\",\"position\":2,\"name\":\"Tienda\",\"item\":\"https:\/\/pcmastersbogota.com.co\/es_es\/tienda\/\"},{\"@type\":\"ListItem\",\"position\":3,\"name\":\"ASUS 27&#8243; WQHD TUF GAM(1m-165Hz)VG27WQ1B\"}]},{\"@type\":\"WebSite\",\"@id\":\"https:\/\/pcmastersbogota.com.co\/es_es\/#website\",\"url\":\"https:\/\/pcmastersbogota.com.co\/es_es\/\",\"name\":\"PC MASTERS BOGOTA\",\"description\":\"\",\"potentialAction\":[{\"@type\":\"SearchAction\",\"target\":{\"@type\":\"EntryPoint\",\"urlTemplate\":\"https:\/\/pcmastersbogota.com.co\/es_es\/?s={search_term_string}\"},\"query-input\":{\"@type\":\"PropertyValueSpecification\",\"valueRequired\":true,\"valueName\":\"search_term_string\"}}],\"inLanguage\":\"es\"}]}<\/script>\n<!-- \/ Yoast SEO plugin. -->","yoast_head_json":{"title":"ASUS 27\" WQHD TUF GAM(1m-165Hz)VG27WQ1B - PC MASTERS BOGOTA","robots":{"index":"index","follow":"follow","max-snippet":"max-snippet:-1","max-image-preview":"max-image-preview:large","max-video-preview":"max-video-preview:-1"},"canonical":"https:\/\/pcmastersbogota.com.co\/es_es\/producto\/asus-27-wqhd-tuf-gam1m-165hzvg27wq1b\/","og_locale":"es_ES","og_type":"article","og_title":"ASUS 27\" WQHD TUF GAM(1m-165Hz)VG27WQ1B - PC MASTERS BOGOTA","og_description":"TUF Gaming VG27WQ1B es una pantalla curva WQHD (2560\u00d71440) de 27 pulgadas con una frecuencia de actualizaci\u00f3n ultrarr\u00e1pida de 165Hz dise\u00f1ada para jugadores profesionales y aquellos que buscan un juego inmersivo.","og_url":"https:\/\/pcmastersbogota.com.co\/es_es\/producto\/asus-27-wqhd-tuf-gam1m-165hzvg27wq1b\/","og_site_name":"PC MASTERS BOGOTA","article_modified_time":"2025-10-31T20:39:36+00:00","og_image":[{"width":1000,"height":1000,"url":"https:\/\/pcmastersbogota.com.co\/wp-content\/uploads\/2021\/08\/15166.png","type":"image\/png"}],"twitter_card":"summary_large_image","twitter_misc":{"Tiempo de lectura":"1 minuto"},"schema":{"@context":"https:\/\/schema.org","@graph":[{"@type":"WebPage","@id":"https:\/\/pcmastersbogota.com.co\/producto\/asus-27-wqhd-tuf-gam1m-165hzvg27wq1b\/","url":"https:\/\/pcmastersbogota.com.co\/producto\/asus-27-wqhd-tuf-gam1m-165hzvg27wq1b\/","name":"ASUS 27\" WQHD TUF GAM(1m-165Hz)VG27WQ1B - PC MASTERS BOGOTA","isPartOf":{"@id":"https:\/\/pcmastersbogota.com.co\/es_es\/#website"},"primaryImageOfPage":{"@id":"https:\/\/pcmastersbogota.com.co\/producto\/asus-27-wqhd-tuf-gam1m-165hzvg27wq1b\/#primaryimage"},"image":{"@id":"https:\/\/pcmastersbogota.com.co\/producto\/asus-27-wqhd-tuf-gam1m-165hzvg27wq1b\/#primaryimage"},"thumbnailUrl":"https:\/\/pcmastersbogota.com.co\/wp-content\/uploads\/2021\/08\/15166.png","datePublished":"2021-08-17T19:55:26+00:00","dateModified":"2025-10-31T20:39:36+00:00","breadcrumb":{"@id":"https:\/\/pcmastersbogota.com.co\/producto\/asus-27-wqhd-tuf-gam1m-165hzvg27wq1b\/#breadcrumb"},"inLanguage":"es","potentialAction":[{"@type":"ReadAction","target":["https:\/\/pcmastersbogota.com.co\/producto\/asus-27-wqhd-tuf-gam1m-165hzvg27wq1b\/"]}]},{"@type":"ImageObject","inLanguage":"es","@id":"https:\/\/pcmastersbogota.com.co\/producto\/asus-27-wqhd-tuf-gam1m-165hzvg27wq1b\/#primaryimage","url":"https:\/\/pcmastersbogota.com.co\/wp-content\/uploads\/2021\/08\/15166.png","contentUrl":"https:\/\/pcmastersbogota.com.co\/wp-content\/uploads\/2021\/08\/15166.png","width":1000,"height":1000},{"@type":"BreadcrumbList","@id":"https:\/\/pcmastersbogota.com.co\/producto\/asus-27-wqhd-tuf-gam1m-165hzvg27wq1b\/#breadcrumb","itemListElement":[{"@type":"ListItem","position":1,"name":"Home","item":"https:\/\/pcmastersbogota.com.co\/"},{"@type":"ListItem","position":2,"name":"Tienda","item":"https:\/\/pcmastersbogota.com.co\/es_es\/tienda\/"},{"@type":"ListItem","position":3,"name":"ASUS 27&#8243; WQHD TUF GAM(1m-165Hz)VG27WQ1B"}]},{"@type":"WebSite","@id":"https:\/\/pcmastersbogota.com.co\/es_es\/#website","url":"https:\/\/pcmastersbogota.com.co\/es_es\/","name":"PC MASTERS BOGOTA","description":"","potentialAction":[{"@type":"SearchAction","target":{"@type":"EntryPoint","urlTemplate":"https:\/\/pcmastersbogota.com.co\/es_es\/?s={search_term_string}"},"query-input":{"@type":"PropertyValueSpecification","valueRequired":true,"valueName":"search_term_string"}}],"inLanguage":"es"}]}},"brands":[{"id":212,"name":"ASUS","slug":"asus"}],"_links":{"self":[{"href":"https:\/\/pcmastersbogota.com.co\/es_es\/wp-json\/wp\/v2\/product\/16319","targetHints":{"allow":["GET"]}}],"collection":[{"href":"https:\/\/pcmastersbogota.com.co\/es_es\/wp-json\/wp\/v2\/product"}],"about":[{"href":"https:\/\/pcmastersbogota.com.co\/es_es\/wp-json\/wp\/v2\/types\/product"}],"replies":[{"embeddable":true,"href":"https:\/\/pcmastersbogota.com.co\/es_es\/wp-json\/wp\/v2\/comments?post=16319"}],"version-history":[{"count":4,"href":"https:\/\/pcmastersbogota.com.co\/es_es\/wp-json\/wp\/v2\/product\/16319\/revisions"}],"predecessor-version":[{"id":17689,"href":"https:\/\/pcmastersbogota.com.co\/es_es\/wp-json\/wp\/v2\/product\/16319\/revisions\/17689"}],"wp:featuredmedia":[{"embeddable":true,"href":"https:\/\/pcmastersbogota.com.co\/es_es\/wp-json\/wp\/v2\/media\/16918"}],"wp:attachment":[{"href":"https:\/\/pcmastersbogota.com.co\/es_es\/wp-json\/wp\/v2\/media?parent=16319"}],"wp:term":[{"taxonomy":"pwb-brand","embeddable":true,"href":"https:\/\/pcmastersbogota.com.co\/es_es\/wp-json\/wp\/v2\/pwb-brand?post=16319"},{"taxonomy":"product_brand","embeddable":true,"href":"https:\/\/pcmastersbogota.com.co\/es_es\/wp-json\/wp\/v2\/product_brand?post=16319"},{"taxonomy":"product_cat","embeddable":true,"href":"https:\/\/pcmastersbogota.com.co\/es_es\/wp-json\/wp\/v2\/product_cat?post=16319"},{"taxonomy":"product_tag","embeddable":true,"href":"https:\/\/pcmastersbogota.com.co\/es_es\/wp-json\/wp\/v2\/product_tag?post=16319"}],"curies":[{"name":"wp","href":"https:\/\/api.w.org\/{rel}","templated":true}]}}