{"id":16322,"date":"2021-08-17T14:55:27","date_gmt":"2021-08-17T19:55:27","guid":{"rendered":"https:\/\/pcmastersbogota.com.co\/?post_type=product&#038;p=16322"},"modified":"2021-10-26T14:14:06","modified_gmt":"2021-10-26T19:14:06","slug":"asus-32-wqhd-tuf-gam-1m-165h-curvo-vg32vq","status":"publish","type":"product","link":"https:\/\/pcmastersbogota.com.co\/es_es\/producto\/asus-32-wqhd-tuf-gam-1m-165h-curvo-vg32vq\/","title":{"rendered":"ASUS 32&#8243; WQHD TUF GAM.(1m-165H) CURVO VG32VQ"},"content":{"rendered":"<p>https:\/\/www.asus.com\/latin\/Displays-Desktops\/Monitors\/TUF-Gaming\/TUF-Gaming-VG32VQ\/<\/p>\n<p>Monitor curvo 1800R WQHD (2560&#215;1440) de 32 pulgadas para juegos con una frecuencia de actualizaci\u00f3n ultra r\u00e1pida de 144Hz dise\u00f1ada para jugadores profesionales y un juego inmersivo.<br \/>\nLa tecnolog\u00eda ASUS Extreme Low Motion Blur Sync (ELMB SYNC \u2122) permite un tiempo de respuesta de 1 ms (MPRT) junto con Adaptive-sync, eliminando el efecto fantasma y el desgarro para im\u00e1genes n\u00edtidas de juegos con altas velocidades de fps.<br \/>\nTecnolog\u00eda FreeSync\u2122 para eliminar el desgarro de la pantalla y las velocidades de fotogramas entrecortadas.<br \/>\nCompatible con el alto rango din\u00e1mico HDR10 est\u00e1ndar de la industria para niveles de color y brillo que exceden las capacidades de los monitores comunes.<br \/>\nCuenta con un soporte de dise\u00f1o ergon\u00f3mico para ofrecer amplios ajustes de giro, inclinaci\u00f3n y altura<\/p>\n","protected":false},"excerpt":{"rendered":"<p>Monitor de juegos TUF Gaming VG32VQ curvo HDR &#8211; 32 pulgadas WQHD (2560&#215;1440), 144Hz, Extreme Low Motion Blur Sync\u2122, sincronizaci\u00f3n adaptativa, FreeSync \u2122, 1 ms (MPRT), HDR10<\/p>\n","protected":false},"featured_media":16861,"comment_status":"open","ping_status":"closed","template":"","meta":[],"pwb-brand":[212],"product_brand":[],"product_cat":[78],"product_tag":[343],"class_list":{"0":"post-16322","1":"product","2":"type-product","3":"status-publish","4":"has-post-thumbnail","6":"pwb-brand-asus","7":"product_cat-monitores","8":"product_tag-pantallas","10":"first","11":"instock","12":"taxable","13":"shipping-taxable","14":"purchasable","15":"product-type-simple"},"yoast_head":"<!-- This site is optimized with the Yoast SEO plugin v26.7 - https:\/\/yoast.com\/wordpress\/plugins\/seo\/ -->\n<title>ASUS 32&quot; WQHD TUF GAM.(1m-165H) CURVO VG32VQ - PC MASTERS BOGOTA<\/title>\n<meta name=\"robots\" content=\"index, follow, max-snippet:-1, max-image-preview:large, max-video-preview:-1\" \/>\n<link rel=\"canonical\" href=\"https:\/\/pcmastersbogota.com.co\/es_es\/en\/product\/asus-32-wqhd-tuf-gam-1m-165h-curvo-vg32vq\/\" \/>\n<meta property=\"og:locale\" content=\"es_ES\" \/>\n<meta property=\"og:type\" content=\"article\" \/>\n<meta property=\"og:title\" content=\"ASUS 32&quot; WQHD TUF GAM.(1m-165H) CURVO VG32VQ - PC MASTERS BOGOTA\" \/>\n<meta property=\"og:description\" content=\"Monitor de juegos TUF Gaming VG32VQ curvo HDR - 32 pulgadas WQHD (2560x1440), 144Hz, Extreme Low Motion Blur Sync\u2122, sincronizaci\u00f3n adaptativa, FreeSync \u2122, 1 ms (MPRT), HDR10\" \/>\n<meta property=\"og:url\" content=\"https:\/\/pcmastersbogota.com.co\/es_es\/en\/product\/asus-32-wqhd-tuf-gam-1m-165h-curvo-vg32vq\/\" \/>\n<meta property=\"og:site_name\" content=\"PC MASTERS BOGOTA\" \/>\n<meta property=\"article:modified_time\" content=\"2021-10-26T19:14:06+00:00\" \/>\n<meta property=\"og:image\" content=\"https:\/\/pcmastersbogota.com.co\/wp-content\/uploads\/2021\/08\/a8imldxjvythjgrl_setting_xxx_0_90_end_800.png\" \/>\n\t<meta property=\"og:image:width\" content=\"800\" \/>\n\t<meta property=\"og:image:height\" content=\"800\" \/>\n\t<meta property=\"og:image:type\" content=\"image\/png\" \/>\n<meta name=\"twitter:card\" content=\"summary_large_image\" \/>\n<meta name=\"twitter:label1\" content=\"Tiempo de lectura\" \/>\n\t<meta name=\"twitter:data1\" content=\"1 minuto\" \/>\n<script type=\"application\/ld+json\" class=\"yoast-schema-graph\">{\"@context\":\"https:\/\/schema.org\",\"@graph\":[{\"@type\":\"WebPage\",\"@id\":\"https:\/\/pcmastersbogota.com.co\/en\/product\/asus-32-wqhd-tuf-gam-1m-165h-curvo-vg32vq\/\",\"url\":\"https:\/\/pcmastersbogota.com.co\/en\/product\/asus-32-wqhd-tuf-gam-1m-165h-curvo-vg32vq\/\",\"name\":\"ASUS 32\\\" WQHD TUF GAM.(1m-165H) CURVO VG32VQ - PC MASTERS BOGOTA\",\"isPartOf\":{\"@id\":\"https:\/\/pcmastersbogota.com.co\/es_es\/#website\"},\"primaryImageOfPage\":{\"@id\":\"https:\/\/pcmastersbogota.com.co\/en\/product\/asus-32-wqhd-tuf-gam-1m-165h-curvo-vg32vq\/#primaryimage\"},\"image\":{\"@id\":\"https:\/\/pcmastersbogota.com.co\/en\/product\/asus-32-wqhd-tuf-gam-1m-165h-curvo-vg32vq\/#primaryimage\"},\"thumbnailUrl\":\"https:\/\/pcmastersbogota.com.co\/wp-content\/uploads\/2021\/08\/a8imldxjvythjgrl_setting_xxx_0_90_end_800.png\",\"datePublished\":\"2021-08-17T19:55:27+00:00\",\"dateModified\":\"2021-10-26T19:14:06+00:00\",\"breadcrumb\":{\"@id\":\"https:\/\/pcmastersbogota.com.co\/en\/product\/asus-32-wqhd-tuf-gam-1m-165h-curvo-vg32vq\/#breadcrumb\"},\"inLanguage\":\"es\",\"potentialAction\":[{\"@type\":\"ReadAction\",\"target\":[\"https:\/\/pcmastersbogota.com.co\/en\/product\/asus-32-wqhd-tuf-gam-1m-165h-curvo-vg32vq\/\"]}]},{\"@type\":\"ImageObject\",\"inLanguage\":\"es\",\"@id\":\"https:\/\/pcmastersbogota.com.co\/en\/product\/asus-32-wqhd-tuf-gam-1m-165h-curvo-vg32vq\/#primaryimage\",\"url\":\"https:\/\/pcmastersbogota.com.co\/wp-content\/uploads\/2021\/08\/a8imldxjvythjgrl_setting_xxx_0_90_end_800.png\",\"contentUrl\":\"https:\/\/pcmastersbogota.com.co\/wp-content\/uploads\/2021\/08\/a8imldxjvythjgrl_setting_xxx_0_90_end_800.png\",\"width\":800,\"height\":800},{\"@type\":\"BreadcrumbList\",\"@id\":\"https:\/\/pcmastersbogota.com.co\/en\/product\/asus-32-wqhd-tuf-gam-1m-165h-curvo-vg32vq\/#breadcrumb\",\"itemListElement\":[{\"@type\":\"ListItem\",\"position\":1,\"name\":\"Home\",\"item\":\"https:\/\/pcmastersbogota.com.co\/\"},{\"@type\":\"ListItem\",\"position\":2,\"name\":\"Tienda\",\"item\":\"https:\/\/pcmastersbogota.com.co\/es_es\/tienda\/\"},{\"@type\":\"ListItem\",\"position\":3,\"name\":\"ASUS 32&#8243; WQHD TUF GAM.(1m-165H) CURVO VG32VQ\"}]},{\"@type\":\"WebSite\",\"@id\":\"https:\/\/pcmastersbogota.com.co\/es_es\/#website\",\"url\":\"https:\/\/pcmastersbogota.com.co\/es_es\/\",\"name\":\"PC MASTERS BOGOTA\",\"description\":\"\",\"potentialAction\":[{\"@type\":\"SearchAction\",\"target\":{\"@type\":\"EntryPoint\",\"urlTemplate\":\"https:\/\/pcmastersbogota.com.co\/es_es\/?s={search_term_string}\"},\"query-input\":{\"@type\":\"PropertyValueSpecification\",\"valueRequired\":true,\"valueName\":\"search_term_string\"}}],\"inLanguage\":\"es\"}]}<\/script>\n<!-- \/ Yoast SEO plugin. -->","yoast_head_json":{"title":"ASUS 32\" WQHD TUF GAM.(1m-165H) CURVO VG32VQ - PC MASTERS BOGOTA","robots":{"index":"index","follow":"follow","max-snippet":"max-snippet:-1","max-image-preview":"max-image-preview:large","max-video-preview":"max-video-preview:-1"},"canonical":"https:\/\/pcmastersbogota.com.co\/es_es\/en\/product\/asus-32-wqhd-tuf-gam-1m-165h-curvo-vg32vq\/","og_locale":"es_ES","og_type":"article","og_title":"ASUS 32\" WQHD TUF GAM.(1m-165H) CURVO VG32VQ - PC MASTERS BOGOTA","og_description":"Monitor de juegos TUF Gaming VG32VQ curvo HDR - 32 pulgadas WQHD (2560x1440), 144Hz, Extreme Low Motion Blur Sync\u2122, sincronizaci\u00f3n adaptativa, FreeSync \u2122, 1 ms (MPRT), HDR10","og_url":"https:\/\/pcmastersbogota.com.co\/es_es\/en\/product\/asus-32-wqhd-tuf-gam-1m-165h-curvo-vg32vq\/","og_site_name":"PC MASTERS BOGOTA","article_modified_time":"2021-10-26T19:14:06+00:00","og_image":[{"width":800,"height":800,"url":"https:\/\/pcmastersbogota.com.co\/wp-content\/uploads\/2021\/08\/a8imldxjvythjgrl_setting_xxx_0_90_end_800.png","type":"image\/png"}],"twitter_card":"summary_large_image","twitter_misc":{"Tiempo de lectura":"1 minuto"},"schema":{"@context":"https:\/\/schema.org","@graph":[{"@type":"WebPage","@id":"https:\/\/pcmastersbogota.com.co\/en\/product\/asus-32-wqhd-tuf-gam-1m-165h-curvo-vg32vq\/","url":"https:\/\/pcmastersbogota.com.co\/en\/product\/asus-32-wqhd-tuf-gam-1m-165h-curvo-vg32vq\/","name":"ASUS 32\" WQHD TUF GAM.(1m-165H) CURVO VG32VQ - PC MASTERS BOGOTA","isPartOf":{"@id":"https:\/\/pcmastersbogota.com.co\/es_es\/#website"},"primaryImageOfPage":{"@id":"https:\/\/pcmastersbogota.com.co\/en\/product\/asus-32-wqhd-tuf-gam-1m-165h-curvo-vg32vq\/#primaryimage"},"image":{"@id":"https:\/\/pcmastersbogota.com.co\/en\/product\/asus-32-wqhd-tuf-gam-1m-165h-curvo-vg32vq\/#primaryimage"},"thumbnailUrl":"https:\/\/pcmastersbogota.com.co\/wp-content\/uploads\/2021\/08\/a8imldxjvythjgrl_setting_xxx_0_90_end_800.png","datePublished":"2021-08-17T19:55:27+00:00","dateModified":"2021-10-26T19:14:06+00:00","breadcrumb":{"@id":"https:\/\/pcmastersbogota.com.co\/en\/product\/asus-32-wqhd-tuf-gam-1m-165h-curvo-vg32vq\/#breadcrumb"},"inLanguage":"es","potentialAction":[{"@type":"ReadAction","target":["https:\/\/pcmastersbogota.com.co\/en\/product\/asus-32-wqhd-tuf-gam-1m-165h-curvo-vg32vq\/"]}]},{"@type":"ImageObject","inLanguage":"es","@id":"https:\/\/pcmastersbogota.com.co\/en\/product\/asus-32-wqhd-tuf-gam-1m-165h-curvo-vg32vq\/#primaryimage","url":"https:\/\/pcmastersbogota.com.co\/wp-content\/uploads\/2021\/08\/a8imldxjvythjgrl_setting_xxx_0_90_end_800.png","contentUrl":"https:\/\/pcmastersbogota.com.co\/wp-content\/uploads\/2021\/08\/a8imldxjvythjgrl_setting_xxx_0_90_end_800.png","width":800,"height":800},{"@type":"BreadcrumbList","@id":"https:\/\/pcmastersbogota.com.co\/en\/product\/asus-32-wqhd-tuf-gam-1m-165h-curvo-vg32vq\/#breadcrumb","itemListElement":[{"@type":"ListItem","position":1,"name":"Home","item":"https:\/\/pcmastersbogota.com.co\/"},{"@type":"ListItem","position":2,"name":"Tienda","item":"https:\/\/pcmastersbogota.com.co\/es_es\/tienda\/"},{"@type":"ListItem","position":3,"name":"ASUS 32&#8243; WQHD TUF GAM.(1m-165H) CURVO VG32VQ"}]},{"@type":"WebSite","@id":"https:\/\/pcmastersbogota.com.co\/es_es\/#website","url":"https:\/\/pcmastersbogota.com.co\/es_es\/","name":"PC MASTERS BOGOTA","description":"","potentialAction":[{"@type":"SearchAction","target":{"@type":"EntryPoint","urlTemplate":"https:\/\/pcmastersbogota.com.co\/es_es\/?s={search_term_string}"},"query-input":{"@type":"PropertyValueSpecification","valueRequired":true,"valueName":"search_term_string"}}],"inLanguage":"es"}]}},"brands":[{"id":212,"name":"ASUS","slug":"asus"}],"_links":{"self":[{"href":"https:\/\/pcmastersbogota.com.co\/es_es\/wp-json\/wp\/v2\/product\/16322","targetHints":{"allow":["GET"]}}],"collection":[{"href":"https:\/\/pcmastersbogota.com.co\/es_es\/wp-json\/wp\/v2\/product"}],"about":[{"href":"https:\/\/pcmastersbogota.com.co\/es_es\/wp-json\/wp\/v2\/types\/product"}],"replies":[{"embeddable":true,"href":"https:\/\/pcmastersbogota.com.co\/es_es\/wp-json\/wp\/v2\/comments?post=16322"}],"version-history":[{"count":4,"href":"https:\/\/pcmastersbogota.com.co\/es_es\/wp-json\/wp\/v2\/product\/16322\/revisions"}],"predecessor-version":[{"id":17679,"href":"https:\/\/pcmastersbogota.com.co\/es_es\/wp-json\/wp\/v2\/product\/16322\/revisions\/17679"}],"wp:featuredmedia":[{"embeddable":true,"href":"https:\/\/pcmastersbogota.com.co\/es_es\/wp-json\/wp\/v2\/media\/16861"}],"wp:attachment":[{"href":"https:\/\/pcmastersbogota.com.co\/es_es\/wp-json\/wp\/v2\/media?parent=16322"}],"wp:term":[{"taxonomy":"pwb-brand","embeddable":true,"href":"https:\/\/pcmastersbogota.com.co\/es_es\/wp-json\/wp\/v2\/pwb-brand?post=16322"},{"taxonomy":"product_brand","embeddable":true,"href":"https:\/\/pcmastersbogota.com.co\/es_es\/wp-json\/wp\/v2\/product_brand?post=16322"},{"taxonomy":"product_cat","embeddable":true,"href":"https:\/\/pcmastersbogota.com.co\/es_es\/wp-json\/wp\/v2\/product_cat?post=16322"},{"taxonomy":"product_tag","embeddable":true,"href":"https:\/\/pcmastersbogota.com.co\/es_es\/wp-json\/wp\/v2\/product_tag?post=16322"}],"curies":[{"name":"wp","href":"https:\/\/api.w.org\/{rel}","templated":true}]}}