{"id":16327,"date":"2021-08-17T14:55:27","date_gmt":"2021-08-17T19:55:27","guid":{"rendered":"https:\/\/pcmastersbogota.com.co\/?post_type=product&#038;p=16327"},"modified":"2023-01-10T13:46:08","modified_gmt":"2023-01-10T18:46:08","slug":"lg-24-ips-gaming-hdmi-1ms-24mp59g-p","status":"publish","type":"product","link":"https:\/\/pcmastersbogota.com.co\/es_es\/producto\/lg-24-ips-gaming-hdmi-1ms-24mp59g-p\/","title":{"rendered":"LG 24&#8243; IPS GAMING (HDMI-1ms) 24MP59G-P"},"content":{"rendered":"<p>https:\/\/computacion.mercadolibre.com.co\/monitores\/led\/lg\/lg-24mp59g-p<\/p>\n<p>Usos espec\u00edficos del producto Personal, gaming<br \/>\nVelocidad de actualizaci\u00f3n 75 Hz<br \/>\nMarca LG<br \/>\nTama\u00f1o de pantalla 24 Pulgadas<br \/>\nCaracter\u00edsticas especiales DC in Jack, Ranura para cable de seguridad<br \/>\nSobre este art\u00edculo<br \/>\n24&#8243; visualizaci\u00f3n Full HD IPS<br \/>\nReducci\u00f3n de Desenfoque de Movimiento de 1 ms<br \/>\nAMD \u00faltima intervensi\u00f3n Sync<br \/>\nControl en visualizaci\u00f3n<br \/>\n4 Protector de Split<\/p>\n","protected":false},"excerpt":{"rendered":"<p>Permite a los jugadores disfrutar de la precisi\u00f3n y la exactitud necesaria para jugar a un alto nivel. Reduce la distorsi\u00f3n y el efecto fantasma para una acci\u00f3n m\u00e1s suave y m\u00e1s precisa del juego.<\/p>\n","protected":false},"featured_media":16889,"comment_status":"open","ping_status":"closed","template":"","meta":[],"pwb-brand":[336],"product_brand":[],"product_cat":[78],"product_tag":[343],"class_list":{"0":"post-16327","1":"product","2":"type-product","3":"status-publish","4":"has-post-thumbnail","6":"pwb-brand-lg","7":"product_cat-monitores","8":"product_tag-pantallas","10":"first","11":"outofstock","12":"taxable","13":"shipping-taxable","14":"purchasable","15":"product-type-simple"},"yoast_head":"<!-- This site is optimized with the Yoast SEO plugin v26.7 - https:\/\/yoast.com\/wordpress\/plugins\/seo\/ -->\n<title>LG 24&quot; IPS GAMING (HDMI-1ms) 24MP59G-P - PC MASTERS BOGOTA<\/title>\n<meta name=\"robots\" content=\"index, follow, max-snippet:-1, max-image-preview:large, max-video-preview:-1\" \/>\n<link rel=\"canonical\" href=\"https:\/\/pcmastersbogota.com.co\/es_es\/producto\/lg-24-ips-gaming-hdmi-1ms-24mp59g-p\/\" \/>\n<meta property=\"og:locale\" content=\"es_ES\" \/>\n<meta property=\"og:type\" content=\"article\" \/>\n<meta property=\"og:title\" content=\"LG 24&quot; IPS GAMING (HDMI-1ms) 24MP59G-P - PC MASTERS BOGOTA\" \/>\n<meta property=\"og:description\" content=\"Permite a los jugadores disfrutar de la precisi\u00f3n y la exactitud necesaria para jugar a un alto nivel. Reduce la distorsi\u00f3n y el efecto fantasma para una acci\u00f3n m\u00e1s suave y m\u00e1s precisa del juego.\" \/>\n<meta property=\"og:url\" content=\"https:\/\/pcmastersbogota.com.co\/es_es\/producto\/lg-24-ips-gaming-hdmi-1ms-24mp59g-p\/\" \/>\n<meta property=\"og:site_name\" content=\"PC MASTERS BOGOTA\" \/>\n<meta property=\"article:modified_time\" content=\"2023-01-10T18:46:08+00:00\" \/>\n<meta property=\"og:image\" content=\"https:\/\/pcmastersbogota.com.co\/wp-content\/uploads\/2021\/08\/15016.png\" \/>\n\t<meta property=\"og:image:width\" content=\"1000\" \/>\n\t<meta property=\"og:image:height\" content=\"1000\" \/>\n\t<meta property=\"og:image:type\" content=\"image\/png\" \/>\n<meta name=\"twitter:card\" content=\"summary_large_image\" \/>\n<script type=\"application\/ld+json\" class=\"yoast-schema-graph\">{\"@context\":\"https:\/\/schema.org\",\"@graph\":[{\"@type\":\"WebPage\",\"@id\":\"https:\/\/pcmastersbogota.com.co\/producto\/lg-24-ips-gaming-hdmi-1ms-24mp59g-p\/\",\"url\":\"https:\/\/pcmastersbogota.com.co\/producto\/lg-24-ips-gaming-hdmi-1ms-24mp59g-p\/\",\"name\":\"LG 24\\\" IPS GAMING (HDMI-1ms) 24MP59G-P - PC MASTERS BOGOTA\",\"isPartOf\":{\"@id\":\"https:\/\/pcmastersbogota.com.co\/es_es\/#website\"},\"primaryImageOfPage\":{\"@id\":\"https:\/\/pcmastersbogota.com.co\/producto\/lg-24-ips-gaming-hdmi-1ms-24mp59g-p\/#primaryimage\"},\"image\":{\"@id\":\"https:\/\/pcmastersbogota.com.co\/producto\/lg-24-ips-gaming-hdmi-1ms-24mp59g-p\/#primaryimage\"},\"thumbnailUrl\":\"https:\/\/pcmastersbogota.com.co\/wp-content\/uploads\/2021\/08\/15016.png\",\"datePublished\":\"2021-08-17T19:55:27+00:00\",\"dateModified\":\"2023-01-10T18:46:08+00:00\",\"breadcrumb\":{\"@id\":\"https:\/\/pcmastersbogota.com.co\/producto\/lg-24-ips-gaming-hdmi-1ms-24mp59g-p\/#breadcrumb\"},\"inLanguage\":\"es\",\"potentialAction\":[{\"@type\":\"ReadAction\",\"target\":[\"https:\/\/pcmastersbogota.com.co\/producto\/lg-24-ips-gaming-hdmi-1ms-24mp59g-p\/\"]}]},{\"@type\":\"ImageObject\",\"inLanguage\":\"es\",\"@id\":\"https:\/\/pcmastersbogota.com.co\/producto\/lg-24-ips-gaming-hdmi-1ms-24mp59g-p\/#primaryimage\",\"url\":\"https:\/\/pcmastersbogota.com.co\/wp-content\/uploads\/2021\/08\/15016.png\",\"contentUrl\":\"https:\/\/pcmastersbogota.com.co\/wp-content\/uploads\/2021\/08\/15016.png\",\"width\":1000,\"height\":1000},{\"@type\":\"BreadcrumbList\",\"@id\":\"https:\/\/pcmastersbogota.com.co\/producto\/lg-24-ips-gaming-hdmi-1ms-24mp59g-p\/#breadcrumb\",\"itemListElement\":[{\"@type\":\"ListItem\",\"position\":1,\"name\":\"Home\",\"item\":\"https:\/\/pcmastersbogota.com.co\/\"},{\"@type\":\"ListItem\",\"position\":2,\"name\":\"Tienda\",\"item\":\"https:\/\/pcmastersbogota.com.co\/es_es\/tienda\/\"},{\"@type\":\"ListItem\",\"position\":3,\"name\":\"LG 24&#8243; IPS GAMING (HDMI-1ms) 24MP59G-P\"}]},{\"@type\":\"WebSite\",\"@id\":\"https:\/\/pcmastersbogota.com.co\/es_es\/#website\",\"url\":\"https:\/\/pcmastersbogota.com.co\/es_es\/\",\"name\":\"PC MASTERS BOGOTA\",\"description\":\"\",\"potentialAction\":[{\"@type\":\"SearchAction\",\"target\":{\"@type\":\"EntryPoint\",\"urlTemplate\":\"https:\/\/pcmastersbogota.com.co\/es_es\/?s={search_term_string}\"},\"query-input\":{\"@type\":\"PropertyValueSpecification\",\"valueRequired\":true,\"valueName\":\"search_term_string\"}}],\"inLanguage\":\"es\"}]}<\/script>\n<!-- \/ Yoast SEO plugin. -->","yoast_head_json":{"title":"LG 24\" IPS GAMING (HDMI-1ms) 24MP59G-P - PC MASTERS BOGOTA","robots":{"index":"index","follow":"follow","max-snippet":"max-snippet:-1","max-image-preview":"max-image-preview:large","max-video-preview":"max-video-preview:-1"},"canonical":"https:\/\/pcmastersbogota.com.co\/es_es\/producto\/lg-24-ips-gaming-hdmi-1ms-24mp59g-p\/","og_locale":"es_ES","og_type":"article","og_title":"LG 24\" IPS GAMING (HDMI-1ms) 24MP59G-P - PC MASTERS BOGOTA","og_description":"Permite a los jugadores disfrutar de la precisi\u00f3n y la exactitud necesaria para jugar a un alto nivel. Reduce la distorsi\u00f3n y el efecto fantasma para una acci\u00f3n m\u00e1s suave y m\u00e1s precisa del juego.","og_url":"https:\/\/pcmastersbogota.com.co\/es_es\/producto\/lg-24-ips-gaming-hdmi-1ms-24mp59g-p\/","og_site_name":"PC MASTERS BOGOTA","article_modified_time":"2023-01-10T18:46:08+00:00","og_image":[{"width":1000,"height":1000,"url":"https:\/\/pcmastersbogota.com.co\/wp-content\/uploads\/2021\/08\/15016.png","type":"image\/png"}],"twitter_card":"summary_large_image","schema":{"@context":"https:\/\/schema.org","@graph":[{"@type":"WebPage","@id":"https:\/\/pcmastersbogota.com.co\/producto\/lg-24-ips-gaming-hdmi-1ms-24mp59g-p\/","url":"https:\/\/pcmastersbogota.com.co\/producto\/lg-24-ips-gaming-hdmi-1ms-24mp59g-p\/","name":"LG 24\" IPS GAMING (HDMI-1ms) 24MP59G-P - PC MASTERS BOGOTA","isPartOf":{"@id":"https:\/\/pcmastersbogota.com.co\/es_es\/#website"},"primaryImageOfPage":{"@id":"https:\/\/pcmastersbogota.com.co\/producto\/lg-24-ips-gaming-hdmi-1ms-24mp59g-p\/#primaryimage"},"image":{"@id":"https:\/\/pcmastersbogota.com.co\/producto\/lg-24-ips-gaming-hdmi-1ms-24mp59g-p\/#primaryimage"},"thumbnailUrl":"https:\/\/pcmastersbogota.com.co\/wp-content\/uploads\/2021\/08\/15016.png","datePublished":"2021-08-17T19:55:27+00:00","dateModified":"2023-01-10T18:46:08+00:00","breadcrumb":{"@id":"https:\/\/pcmastersbogota.com.co\/producto\/lg-24-ips-gaming-hdmi-1ms-24mp59g-p\/#breadcrumb"},"inLanguage":"es","potentialAction":[{"@type":"ReadAction","target":["https:\/\/pcmastersbogota.com.co\/producto\/lg-24-ips-gaming-hdmi-1ms-24mp59g-p\/"]}]},{"@type":"ImageObject","inLanguage":"es","@id":"https:\/\/pcmastersbogota.com.co\/producto\/lg-24-ips-gaming-hdmi-1ms-24mp59g-p\/#primaryimage","url":"https:\/\/pcmastersbogota.com.co\/wp-content\/uploads\/2021\/08\/15016.png","contentUrl":"https:\/\/pcmastersbogota.com.co\/wp-content\/uploads\/2021\/08\/15016.png","width":1000,"height":1000},{"@type":"BreadcrumbList","@id":"https:\/\/pcmastersbogota.com.co\/producto\/lg-24-ips-gaming-hdmi-1ms-24mp59g-p\/#breadcrumb","itemListElement":[{"@type":"ListItem","position":1,"name":"Home","item":"https:\/\/pcmastersbogota.com.co\/"},{"@type":"ListItem","position":2,"name":"Tienda","item":"https:\/\/pcmastersbogota.com.co\/es_es\/tienda\/"},{"@type":"ListItem","position":3,"name":"LG 24&#8243; IPS GAMING (HDMI-1ms) 24MP59G-P"}]},{"@type":"WebSite","@id":"https:\/\/pcmastersbogota.com.co\/es_es\/#website","url":"https:\/\/pcmastersbogota.com.co\/es_es\/","name":"PC MASTERS BOGOTA","description":"","potentialAction":[{"@type":"SearchAction","target":{"@type":"EntryPoint","urlTemplate":"https:\/\/pcmastersbogota.com.co\/es_es\/?s={search_term_string}"},"query-input":{"@type":"PropertyValueSpecification","valueRequired":true,"valueName":"search_term_string"}}],"inLanguage":"es"}]}},"brands":[{"id":336,"name":"LG","slug":"lg"}],"_links":{"self":[{"href":"https:\/\/pcmastersbogota.com.co\/es_es\/wp-json\/wp\/v2\/product\/16327","targetHints":{"allow":["GET"]}}],"collection":[{"href":"https:\/\/pcmastersbogota.com.co\/es_es\/wp-json\/wp\/v2\/product"}],"about":[{"href":"https:\/\/pcmastersbogota.com.co\/es_es\/wp-json\/wp\/v2\/types\/product"}],"replies":[{"embeddable":true,"href":"https:\/\/pcmastersbogota.com.co\/es_es\/wp-json\/wp\/v2\/comments?post=16327"}],"version-history":[{"count":4,"href":"https:\/\/pcmastersbogota.com.co\/es_es\/wp-json\/wp\/v2\/product\/16327\/revisions"}],"predecessor-version":[{"id":17683,"href":"https:\/\/pcmastersbogota.com.co\/es_es\/wp-json\/wp\/v2\/product\/16327\/revisions\/17683"}],"wp:featuredmedia":[{"embeddable":true,"href":"https:\/\/pcmastersbogota.com.co\/es_es\/wp-json\/wp\/v2\/media\/16889"}],"wp:attachment":[{"href":"https:\/\/pcmastersbogota.com.co\/es_es\/wp-json\/wp\/v2\/media?parent=16327"}],"wp:term":[{"taxonomy":"pwb-brand","embeddable":true,"href":"https:\/\/pcmastersbogota.com.co\/es_es\/wp-json\/wp\/v2\/pwb-brand?post=16327"},{"taxonomy":"product_brand","embeddable":true,"href":"https:\/\/pcmastersbogota.com.co\/es_es\/wp-json\/wp\/v2\/product_brand?post=16327"},{"taxonomy":"product_cat","embeddable":true,"href":"https:\/\/pcmastersbogota.com.co\/es_es\/wp-json\/wp\/v2\/product_cat?post=16327"},{"taxonomy":"product_tag","embeddable":true,"href":"https:\/\/pcmastersbogota.com.co\/es_es\/wp-json\/wp\/v2\/product_tag?post=16327"}],"curies":[{"name":"wp","href":"https:\/\/api.w.org\/{rel}","templated":true}]}}