{"id":16334,"date":"2021-08-17T14:55:28","date_gmt":"2021-08-17T19:55:28","guid":{"rendered":"https:\/\/pcmastersbogota.com.co\/?post_type=product&#038;p=16334"},"modified":"2022-02-22T21:21:18","modified_gmt":"2022-02-23T02:21:18","slug":"lg-27-4k-ips-dp-type-c-base-27un880-b","status":"publish","type":"product","link":"https:\/\/pcmastersbogota.com.co\/es_es\/producto\/lg-27-4k-ips-dp-type-c-base-27un880-b\/","title":{"rendered":"LG 27&#8243; 4K IPS (DP-TYPE C-BASE) 27UN880-B"},"content":{"rendered":"<p>MONITOR 27UN880<br \/>\nTama\u00f1o (Pulgada) 27&#8243; pulgadasTipo de panel IPS<br \/>\nResolucion 4K (3840 x 2160)Color de pantalla 1.07B (10bits)<br \/>\nRelacion de Aspecto 16:09Brillo (Tip) 350cd\/m2<br \/>\nBrillo (Min) 280cd\/m2Tama\u00f1o de pixel 0.1554V x 0.1554H (mm)<br \/>\nGama de colores (min) sRGB 99% (CIE1931)Tiempo de Respuesta 5ms (GTG)<br \/>\nRelacion de Contraste 1000:1 (DFC Mega)Tasa de Refresco 60HZ<br \/>\nAngulo de vision 178\u00ba(R\/L), 178\u00ba(U\/D)Material de Superficie Anti Reflejante<br \/>\nCONECTIVIDAD<br \/>\nHDMI S\u00ed (2ea)USB 3.0 S\u00ed x2<br \/>\nDisplayPort S\u00ed (1ea)Salida de auriculares S\u00ed<br \/>\nUSB-C S\u00ed<br \/>\nCARACTER\u00cdSTICAS ESPECIALES<br \/>\nColor Calibrated S\u00edModo de Debilidad de Color S\u00ed<br \/>\nSincronizacion Adaptiva AMD FreeSyncEstabilizador de Negros S\u00ed<br \/>\nDynamic Action Sync S\u00ed<br \/>\nflicker safe S\u00ed<br \/>\nAhoro de Energia Inteligente S\u00edModo lector S\u00ed<br \/>\nDual Controler S\u00edCalibraci\u00f3n de H \/ W (True Color Pro) S\u00ed<br \/>\nHDR (High Dynamic Ranger) S\u00ed (HDR10)OnScreen Control (OSC) S\u00ed<br \/>\nHDR Effect S\u00edVESA DisplayHDR VESA DisplayHDR 400<br \/>\nSuper + Resolucion S\u00edFlicker Safe<br \/>\nS\u00ed<br \/>\nPODER<br \/>\nTipo\/Entrada AdaptadorEntrada 100-240V. 50\/60Hz<br \/>\nModo de ahorro de energ\u00eda \/ suspensi\u00f3n (m\u00e1x.) Menos de 0,5WDC apagado (m\u00e1x.) Menos de 0,3W<br \/>\nConsumo de energ\u00eda (t\u00edpico) 40WConsumo de energ\u00eda (m\u00e1x.) 130W<br \/>\nSONIDO<br \/>\nSpeaker S\u00edSalida de Altavoces 5W x2<br \/>\nMaxx Audio S\u00edCanal de altavoz 2.0ch<br \/>\nDIMENSIONES Y PESO<br \/>\nDimensi\u00f3n con soporte (W x H x D) 613,1 x 726,0 x 400,2 mm (arriba)<br \/>\n613,1 x 596,0 x 400,2 mm (abajo)Peso con soporte 7,8 kilogramos<br \/>\nDimensi\u00f3n sin soporte (W x H x D) 613,1 x 364,4 x 44,6 mil\u00edmetrosPeso sin soporte 4,0 kilogramos<br \/>\nERGO<br \/>\nInclinaci\u00f3n S\u00ed (-25\u00ba a + 25\u00ba)Girar S\u00ed (-280\u00ba ~ + 280\u00ba)<br \/>\nPivote S\u00edAjuste de altura (altura) S\u00ed (130mm)<br \/>\nAjuste delantero y trasero S\u00ed (180mm)Ajuste izquierdo y derecho S\u00ed (-236mm ~ + 236mm)<br \/>\nACCESORIOS<br \/>\nWall Mount Size (mm) 100 x 100 mmPieza de agarre a mesa tipo T S\u00ed<br \/>\nCable USB-C S\u00edCubierta de cables LG S\u00ed<\/p>\n","protected":false},"excerpt":{"rendered":"<p>Aumenta tu productividad con nuevas innovaciones para la ergonom\u00eda y el lugar de trabajo.<\/p>\n","protected":false},"featured_media":16856,"comment_status":"open","ping_status":"closed","template":"","meta":[],"pwb-brand":[336],"product_brand":[],"product_cat":[78],"product_tag":[343],"class_list":{"0":"post-16334","1":"product","2":"type-product","3":"status-publish","4":"has-post-thumbnail","6":"pwb-brand-lg","7":"product_cat-monitores","8":"product_tag-pantallas","10":"first","11":"outofstock","12":"taxable","13":"shipping-taxable","14":"purchasable","15":"product-type-simple"},"yoast_head":"<!-- This site is optimized with the Yoast SEO plugin v26.7 - https:\/\/yoast.com\/wordpress\/plugins\/seo\/ -->\n<title>LG 27&quot; 4K IPS (DP-TYPE C-BASE) 27UN880-B - PC MASTERS BOGOTA<\/title>\n<meta name=\"robots\" content=\"index, follow, max-snippet:-1, max-image-preview:large, max-video-preview:-1\" \/>\n<link rel=\"canonical\" href=\"https:\/\/pcmastersbogota.com.co\/es_es\/producto\/lg-27-4k-ips-dp-type-c-base-27un880-b\/\" \/>\n<meta property=\"og:locale\" content=\"es_ES\" \/>\n<meta property=\"og:type\" content=\"article\" \/>\n<meta property=\"og:title\" content=\"LG 27&quot; 4K IPS (DP-TYPE C-BASE) 27UN880-B - PC MASTERS BOGOTA\" \/>\n<meta property=\"og:description\" content=\"Aumenta tu productividad con nuevas innovaciones para la ergonom\u00eda y el lugar de trabajo.\" \/>\n<meta property=\"og:url\" content=\"https:\/\/pcmastersbogota.com.co\/es_es\/producto\/lg-27-4k-ips-dp-type-c-base-27un880-b\/\" \/>\n<meta property=\"og:site_name\" content=\"PC MASTERS BOGOTA\" \/>\n<meta property=\"article:modified_time\" content=\"2022-02-23T02:21:18+00:00\" \/>\n<meta property=\"og:image\" content=\"https:\/\/pcmastersbogota.com.co\/wp-content\/uploads\/2021\/08\/15171.png\" \/>\n\t<meta property=\"og:image:width\" content=\"1000\" \/>\n\t<meta property=\"og:image:height\" content=\"1000\" \/>\n\t<meta property=\"og:image:type\" content=\"image\/png\" \/>\n<meta name=\"twitter:card\" content=\"summary_large_image\" \/>\n<meta name=\"twitter:label1\" content=\"Tiempo de lectura\" \/>\n\t<meta name=\"twitter:data1\" content=\"2 minutos\" \/>\n<script type=\"application\/ld+json\" class=\"yoast-schema-graph\">{\"@context\":\"https:\/\/schema.org\",\"@graph\":[{\"@type\":\"WebPage\",\"@id\":\"https:\/\/pcmastersbogota.com.co\/es_es\/producto\/lg-27-4k-ips-dp-type-c-base-27un880-b\/\",\"url\":\"https:\/\/pcmastersbogota.com.co\/es_es\/producto\/lg-27-4k-ips-dp-type-c-base-27un880-b\/\",\"name\":\"LG 27\\\" 4K IPS (DP-TYPE C-BASE) 27UN880-B - PC MASTERS BOGOTA\",\"isPartOf\":{\"@id\":\"https:\/\/pcmastersbogota.com.co\/es_es\/#website\"},\"primaryImageOfPage\":{\"@id\":\"https:\/\/pcmastersbogota.com.co\/es_es\/producto\/lg-27-4k-ips-dp-type-c-base-27un880-b\/#primaryimage\"},\"image\":{\"@id\":\"https:\/\/pcmastersbogota.com.co\/es_es\/producto\/lg-27-4k-ips-dp-type-c-base-27un880-b\/#primaryimage\"},\"thumbnailUrl\":\"https:\/\/pcmastersbogota.com.co\/wp-content\/uploads\/2021\/08\/15171.png\",\"datePublished\":\"2021-08-17T19:55:28+00:00\",\"dateModified\":\"2022-02-23T02:21:18+00:00\",\"breadcrumb\":{\"@id\":\"https:\/\/pcmastersbogota.com.co\/es_es\/producto\/lg-27-4k-ips-dp-type-c-base-27un880-b\/#breadcrumb\"},\"inLanguage\":\"es\",\"potentialAction\":[{\"@type\":\"ReadAction\",\"target\":[\"https:\/\/pcmastersbogota.com.co\/es_es\/producto\/lg-27-4k-ips-dp-type-c-base-27un880-b\/\"]}]},{\"@type\":\"ImageObject\",\"inLanguage\":\"es\",\"@id\":\"https:\/\/pcmastersbogota.com.co\/es_es\/producto\/lg-27-4k-ips-dp-type-c-base-27un880-b\/#primaryimage\",\"url\":\"https:\/\/pcmastersbogota.com.co\/wp-content\/uploads\/2021\/08\/15171.png\",\"contentUrl\":\"https:\/\/pcmastersbogota.com.co\/wp-content\/uploads\/2021\/08\/15171.png\",\"width\":1000,\"height\":1000},{\"@type\":\"BreadcrumbList\",\"@id\":\"https:\/\/pcmastersbogota.com.co\/es_es\/producto\/lg-27-4k-ips-dp-type-c-base-27un880-b\/#breadcrumb\",\"itemListElement\":[{\"@type\":\"ListItem\",\"position\":1,\"name\":\"Home\",\"item\":\"https:\/\/pcmastersbogota.com.co\/\"},{\"@type\":\"ListItem\",\"position\":2,\"name\":\"Tienda\",\"item\":\"https:\/\/pcmastersbogota.com.co\/es_es\/tienda\/\"},{\"@type\":\"ListItem\",\"position\":3,\"name\":\"LG 27&#8243; 4K IPS (DP-TYPE C-BASE) 27UN880-B\"}]},{\"@type\":\"WebSite\",\"@id\":\"https:\/\/pcmastersbogota.com.co\/es_es\/#website\",\"url\":\"https:\/\/pcmastersbogota.com.co\/es_es\/\",\"name\":\"PC MASTERS BOGOTA\",\"description\":\"\",\"potentialAction\":[{\"@type\":\"SearchAction\",\"target\":{\"@type\":\"EntryPoint\",\"urlTemplate\":\"https:\/\/pcmastersbogota.com.co\/es_es\/?s={search_term_string}\"},\"query-input\":{\"@type\":\"PropertyValueSpecification\",\"valueRequired\":true,\"valueName\":\"search_term_string\"}}],\"inLanguage\":\"es\"}]}<\/script>\n<!-- \/ Yoast SEO plugin. -->","yoast_head_json":{"title":"LG 27\" 4K IPS (DP-TYPE C-BASE) 27UN880-B - PC MASTERS BOGOTA","robots":{"index":"index","follow":"follow","max-snippet":"max-snippet:-1","max-image-preview":"max-image-preview:large","max-video-preview":"max-video-preview:-1"},"canonical":"https:\/\/pcmastersbogota.com.co\/es_es\/producto\/lg-27-4k-ips-dp-type-c-base-27un880-b\/","og_locale":"es_ES","og_type":"article","og_title":"LG 27\" 4K IPS (DP-TYPE C-BASE) 27UN880-B - PC MASTERS BOGOTA","og_description":"Aumenta tu productividad con nuevas innovaciones para la ergonom\u00eda y el lugar de trabajo.","og_url":"https:\/\/pcmastersbogota.com.co\/es_es\/producto\/lg-27-4k-ips-dp-type-c-base-27un880-b\/","og_site_name":"PC MASTERS BOGOTA","article_modified_time":"2022-02-23T02:21:18+00:00","og_image":[{"width":1000,"height":1000,"url":"https:\/\/pcmastersbogota.com.co\/wp-content\/uploads\/2021\/08\/15171.png","type":"image\/png"}],"twitter_card":"summary_large_image","twitter_misc":{"Tiempo de lectura":"2 minutos"},"schema":{"@context":"https:\/\/schema.org","@graph":[{"@type":"WebPage","@id":"https:\/\/pcmastersbogota.com.co\/es_es\/producto\/lg-27-4k-ips-dp-type-c-base-27un880-b\/","url":"https:\/\/pcmastersbogota.com.co\/es_es\/producto\/lg-27-4k-ips-dp-type-c-base-27un880-b\/","name":"LG 27\" 4K IPS (DP-TYPE C-BASE) 27UN880-B - PC MASTERS BOGOTA","isPartOf":{"@id":"https:\/\/pcmastersbogota.com.co\/es_es\/#website"},"primaryImageOfPage":{"@id":"https:\/\/pcmastersbogota.com.co\/es_es\/producto\/lg-27-4k-ips-dp-type-c-base-27un880-b\/#primaryimage"},"image":{"@id":"https:\/\/pcmastersbogota.com.co\/es_es\/producto\/lg-27-4k-ips-dp-type-c-base-27un880-b\/#primaryimage"},"thumbnailUrl":"https:\/\/pcmastersbogota.com.co\/wp-content\/uploads\/2021\/08\/15171.png","datePublished":"2021-08-17T19:55:28+00:00","dateModified":"2022-02-23T02:21:18+00:00","breadcrumb":{"@id":"https:\/\/pcmastersbogota.com.co\/es_es\/producto\/lg-27-4k-ips-dp-type-c-base-27un880-b\/#breadcrumb"},"inLanguage":"es","potentialAction":[{"@type":"ReadAction","target":["https:\/\/pcmastersbogota.com.co\/es_es\/producto\/lg-27-4k-ips-dp-type-c-base-27un880-b\/"]}]},{"@type":"ImageObject","inLanguage":"es","@id":"https:\/\/pcmastersbogota.com.co\/es_es\/producto\/lg-27-4k-ips-dp-type-c-base-27un880-b\/#primaryimage","url":"https:\/\/pcmastersbogota.com.co\/wp-content\/uploads\/2021\/08\/15171.png","contentUrl":"https:\/\/pcmastersbogota.com.co\/wp-content\/uploads\/2021\/08\/15171.png","width":1000,"height":1000},{"@type":"BreadcrumbList","@id":"https:\/\/pcmastersbogota.com.co\/es_es\/producto\/lg-27-4k-ips-dp-type-c-base-27un880-b\/#breadcrumb","itemListElement":[{"@type":"ListItem","position":1,"name":"Home","item":"https:\/\/pcmastersbogota.com.co\/"},{"@type":"ListItem","position":2,"name":"Tienda","item":"https:\/\/pcmastersbogota.com.co\/es_es\/tienda\/"},{"@type":"ListItem","position":3,"name":"LG 27&#8243; 4K IPS (DP-TYPE C-BASE) 27UN880-B"}]},{"@type":"WebSite","@id":"https:\/\/pcmastersbogota.com.co\/es_es\/#website","url":"https:\/\/pcmastersbogota.com.co\/es_es\/","name":"PC MASTERS BOGOTA","description":"","potentialAction":[{"@type":"SearchAction","target":{"@type":"EntryPoint","urlTemplate":"https:\/\/pcmastersbogota.com.co\/es_es\/?s={search_term_string}"},"query-input":{"@type":"PropertyValueSpecification","valueRequired":true,"valueName":"search_term_string"}}],"inLanguage":"es"}]}},"brands":[{"id":336,"name":"LG","slug":"lg"}],"_links":{"self":[{"href":"https:\/\/pcmastersbogota.com.co\/es_es\/wp-json\/wp\/v2\/product\/16334","targetHints":{"allow":["GET"]}}],"collection":[{"href":"https:\/\/pcmastersbogota.com.co\/es_es\/wp-json\/wp\/v2\/product"}],"about":[{"href":"https:\/\/pcmastersbogota.com.co\/es_es\/wp-json\/wp\/v2\/types\/product"}],"replies":[{"embeddable":true,"href":"https:\/\/pcmastersbogota.com.co\/es_es\/wp-json\/wp\/v2\/comments?post=16334"}],"version-history":[{"count":3,"href":"https:\/\/pcmastersbogota.com.co\/es_es\/wp-json\/wp\/v2\/product\/16334\/revisions"}],"predecessor-version":[{"id":16858,"href":"https:\/\/pcmastersbogota.com.co\/es_es\/wp-json\/wp\/v2\/product\/16334\/revisions\/16858"}],"wp:featuredmedia":[{"embeddable":true,"href":"https:\/\/pcmastersbogota.com.co\/es_es\/wp-json\/wp\/v2\/media\/16856"}],"wp:attachment":[{"href":"https:\/\/pcmastersbogota.com.co\/es_es\/wp-json\/wp\/v2\/media?parent=16334"}],"wp:term":[{"taxonomy":"pwb-brand","embeddable":true,"href":"https:\/\/pcmastersbogota.com.co\/es_es\/wp-json\/wp\/v2\/pwb-brand?post=16334"},{"taxonomy":"product_brand","embeddable":true,"href":"https:\/\/pcmastersbogota.com.co\/es_es\/wp-json\/wp\/v2\/product_brand?post=16334"},{"taxonomy":"product_cat","embeddable":true,"href":"https:\/\/pcmastersbogota.com.co\/es_es\/wp-json\/wp\/v2\/product_cat?post=16334"},{"taxonomy":"product_tag","embeddable":true,"href":"https:\/\/pcmastersbogota.com.co\/es_es\/wp-json\/wp\/v2\/product_tag?post=16334"}],"curies":[{"name":"wp","href":"https:\/\/api.w.org\/{rel}","templated":true}]}}