{"id":16368,"date":"2021-08-17T14:55:39","date_gmt":"2021-08-17T19:55:39","guid":{"rendered":"https:\/\/pcmastersbogota.com.co\/?post_type=product&#038;p=16368"},"modified":"2025-10-31T15:35:44","modified_gmt":"2025-10-31T20:35:44","slug":"lg-315-qhd-gam1m-165hz-32gn650-ultrag","status":"publish","type":"product","link":"https:\/\/pcmastersbogota.com.co\/es_es\/producto\/lg-315-qhd-gam1m-165hz-32gn650-ultrag\/","title":{"rendered":"LG 31,5&#8243; QHD GAM(1m-165Hz) 32GN650 ULTRAG."},"content":{"rendered":"<p>https:\/\/www.lg.com\/co\/monitores\/lg-32gn650-b<\/p>\n<p>MONITOR 32GN650<br \/>\nTama\u00f1o (Pulgada) 31.5&#8243;Tipo de panel VA<br \/>\nResolucion 2560 x 1440Relacion de Aspecto 16:09<br \/>\nProfundidad de color (numero de colores) 16.7 M de ColoresGama de colore (Tip) sRGB 95% (CIE1931)<br \/>\nTama\u00f1o de pixel 0.2724V x 0.2724H (mm)Brillo (Tip) 350cd\/m\u00b2<br \/>\nTiempo de Respuesta 5ms (GtG a mayor velocidad), 1ms MBRRelacion de Contraste 3000:1 (Tip)<br \/>\nTasa de Refresco 165HzAngulo de vision 178\u00ba(R\/L), 178\u00ba(U\/D)<br \/>\nTratamiento de Superficie Anti Deslumbramiento, 3H<br \/>\nCONECTIVIDAD<br \/>\nHDMI S\u00ed (2ea)DisplayPort S\u00ed (1ea)<br \/>\nSalida de auriculares S\u00ed<br \/>\nPODER<br \/>\nTipo\/Entrada AdaptadorEntrada 100-240V. 50\/60Hz<br \/>\nModo de ahorro de energ\u00eda \/ suspensi\u00f3n (m\u00e1x.) Menos de 0,5WDC apagado (m\u00e1x.) Menos de 0,3W<br \/>\nConsumo de energ\u00eda (t\u00edpico) 60WConsumo de energ\u00eda (m\u00e1x.) 63W<\/p>\n","protected":false},"excerpt":{"rendered":"<p>https:\/\/www.lg.com\/co\/monitores\/lg-32gn650-b MONITOR 32GN650 Tama\u00f1o (Pulgada) 31.5&#8243;Tipo de panel VA Resolucion 2560 x 1440Relacion de Aspecto 16:09 Profundidad de color (numero<\/p>\n","protected":false},"featured_media":16791,"comment_status":"open","ping_status":"closed","template":"","meta":[],"pwb-brand":[336],"product_brand":[],"product_cat":[78],"product_tag":[343],"class_list":{"0":"post-16368","1":"product","2":"type-product","3":"status-publish","4":"has-post-thumbnail","6":"pwb-brand-lg","7":"product_cat-monitores","8":"product_tag-pantallas","10":"first","11":"instock","12":"taxable","13":"shipping-taxable","14":"purchasable","15":"product-type-simple"},"yoast_head":"<!-- This site is optimized with the Yoast SEO plugin v26.7 - https:\/\/yoast.com\/wordpress\/plugins\/seo\/ -->\n<title>LG 31,5&quot; QHD GAM(1m-165Hz) 32GN650 ULTRAG. - PC MASTERS BOGOTA<\/title>\n<meta name=\"robots\" content=\"index, follow, max-snippet:-1, max-image-preview:large, max-video-preview:-1\" \/>\n<link rel=\"canonical\" href=\"https:\/\/pcmastersbogota.com.co\/es_es\/producto\/lg-315-qhd-gam1m-165hz-32gn650-ultrag\/\" \/>\n<meta property=\"og:locale\" content=\"es_ES\" \/>\n<meta property=\"og:type\" content=\"article\" \/>\n<meta property=\"og:title\" content=\"LG 31,5&quot; QHD GAM(1m-165Hz) 32GN650 ULTRAG. - PC MASTERS BOGOTA\" \/>\n<meta property=\"og:description\" content=\"https:\/\/www.lg.com\/co\/monitores\/lg-32gn650-b MONITOR 32GN650 Tama\u00f1o (Pulgada) 31.5&#8243;Tipo de panel VA Resolucion 2560 x 1440Relacion de Aspecto 16:09 Profundidad de color (numero\" \/>\n<meta property=\"og:url\" content=\"https:\/\/pcmastersbogota.com.co\/es_es\/producto\/lg-315-qhd-gam1m-165hz-32gn650-ultrag\/\" \/>\n<meta property=\"og:site_name\" content=\"PC MASTERS BOGOTA\" \/>\n<meta property=\"article:modified_time\" content=\"2025-10-31T20:35:44+00:00\" \/>\n<meta property=\"og:image\" content=\"https:\/\/pcmastersbogota.com.co\/wp-content\/uploads\/2021\/08\/DZ_01.jpg\" \/>\n\t<meta property=\"og:image:width\" content=\"1600\" \/>\n\t<meta property=\"og:image:height\" content=\"1062\" \/>\n\t<meta property=\"og:image:type\" content=\"image\/jpeg\" \/>\n<meta name=\"twitter:card\" content=\"summary_large_image\" \/>\n<meta name=\"twitter:label1\" content=\"Tiempo de lectura\" \/>\n\t<meta name=\"twitter:data1\" content=\"1 minuto\" \/>\n<script type=\"application\/ld+json\" class=\"yoast-schema-graph\">{\"@context\":\"https:\/\/schema.org\",\"@graph\":[{\"@type\":\"WebPage\",\"@id\":\"https:\/\/pcmastersbogota.com.co\/producto\/lg-315-qhd-gam1m-165hz-32gn650-ultrag\/\",\"url\":\"https:\/\/pcmastersbogota.com.co\/producto\/lg-315-qhd-gam1m-165hz-32gn650-ultrag\/\",\"name\":\"LG 31,5\\\" QHD GAM(1m-165Hz) 32GN650 ULTRAG. - PC MASTERS BOGOTA\",\"isPartOf\":{\"@id\":\"https:\/\/pcmastersbogota.com.co\/es_es\/#website\"},\"primaryImageOfPage\":{\"@id\":\"https:\/\/pcmastersbogota.com.co\/producto\/lg-315-qhd-gam1m-165hz-32gn650-ultrag\/#primaryimage\"},\"image\":{\"@id\":\"https:\/\/pcmastersbogota.com.co\/producto\/lg-315-qhd-gam1m-165hz-32gn650-ultrag\/#primaryimage\"},\"thumbnailUrl\":\"https:\/\/pcmastersbogota.com.co\/wp-content\/uploads\/2021\/08\/DZ_01.jpg\",\"datePublished\":\"2021-08-17T19:55:39+00:00\",\"dateModified\":\"2025-10-31T20:35:44+00:00\",\"breadcrumb\":{\"@id\":\"https:\/\/pcmastersbogota.com.co\/producto\/lg-315-qhd-gam1m-165hz-32gn650-ultrag\/#breadcrumb\"},\"inLanguage\":\"es\",\"potentialAction\":[{\"@type\":\"ReadAction\",\"target\":[\"https:\/\/pcmastersbogota.com.co\/producto\/lg-315-qhd-gam1m-165hz-32gn650-ultrag\/\"]}]},{\"@type\":\"ImageObject\",\"inLanguage\":\"es\",\"@id\":\"https:\/\/pcmastersbogota.com.co\/producto\/lg-315-qhd-gam1m-165hz-32gn650-ultrag\/#primaryimage\",\"url\":\"https:\/\/pcmastersbogota.com.co\/wp-content\/uploads\/2021\/08\/DZ_01.jpg\",\"contentUrl\":\"https:\/\/pcmastersbogota.com.co\/wp-content\/uploads\/2021\/08\/DZ_01.jpg\",\"width\":1600,\"height\":1062},{\"@type\":\"BreadcrumbList\",\"@id\":\"https:\/\/pcmastersbogota.com.co\/producto\/lg-315-qhd-gam1m-165hz-32gn650-ultrag\/#breadcrumb\",\"itemListElement\":[{\"@type\":\"ListItem\",\"position\":1,\"name\":\"Home\",\"item\":\"https:\/\/pcmastersbogota.com.co\/\"},{\"@type\":\"ListItem\",\"position\":2,\"name\":\"Tienda\",\"item\":\"https:\/\/pcmastersbogota.com.co\/es_es\/tienda\/\"},{\"@type\":\"ListItem\",\"position\":3,\"name\":\"LG 31,5&#8243; QHD GAM(1m-165Hz) 32GN650 ULTRAG.\"}]},{\"@type\":\"WebSite\",\"@id\":\"https:\/\/pcmastersbogota.com.co\/es_es\/#website\",\"url\":\"https:\/\/pcmastersbogota.com.co\/es_es\/\",\"name\":\"PC MASTERS BOGOTA\",\"description\":\"\",\"potentialAction\":[{\"@type\":\"SearchAction\",\"target\":{\"@type\":\"EntryPoint\",\"urlTemplate\":\"https:\/\/pcmastersbogota.com.co\/es_es\/?s={search_term_string}\"},\"query-input\":{\"@type\":\"PropertyValueSpecification\",\"valueRequired\":true,\"valueName\":\"search_term_string\"}}],\"inLanguage\":\"es\"}]}<\/script>\n<!-- \/ Yoast SEO plugin. -->","yoast_head_json":{"title":"LG 31,5\" QHD GAM(1m-165Hz) 32GN650 ULTRAG. - PC MASTERS BOGOTA","robots":{"index":"index","follow":"follow","max-snippet":"max-snippet:-1","max-image-preview":"max-image-preview:large","max-video-preview":"max-video-preview:-1"},"canonical":"https:\/\/pcmastersbogota.com.co\/es_es\/producto\/lg-315-qhd-gam1m-165hz-32gn650-ultrag\/","og_locale":"es_ES","og_type":"article","og_title":"LG 31,5\" QHD GAM(1m-165Hz) 32GN650 ULTRAG. - PC MASTERS BOGOTA","og_description":"https:\/\/www.lg.com\/co\/monitores\/lg-32gn650-b MONITOR 32GN650 Tama\u00f1o (Pulgada) 31.5&#8243;Tipo de panel VA Resolucion 2560 x 1440Relacion de Aspecto 16:09 Profundidad de color (numero","og_url":"https:\/\/pcmastersbogota.com.co\/es_es\/producto\/lg-315-qhd-gam1m-165hz-32gn650-ultrag\/","og_site_name":"PC MASTERS BOGOTA","article_modified_time":"2025-10-31T20:35:44+00:00","og_image":[{"width":1600,"height":1062,"url":"https:\/\/pcmastersbogota.com.co\/wp-content\/uploads\/2021\/08\/DZ_01.jpg","type":"image\/jpeg"}],"twitter_card":"summary_large_image","twitter_misc":{"Tiempo de lectura":"1 minuto"},"schema":{"@context":"https:\/\/schema.org","@graph":[{"@type":"WebPage","@id":"https:\/\/pcmastersbogota.com.co\/producto\/lg-315-qhd-gam1m-165hz-32gn650-ultrag\/","url":"https:\/\/pcmastersbogota.com.co\/producto\/lg-315-qhd-gam1m-165hz-32gn650-ultrag\/","name":"LG 31,5\" QHD GAM(1m-165Hz) 32GN650 ULTRAG. - PC MASTERS BOGOTA","isPartOf":{"@id":"https:\/\/pcmastersbogota.com.co\/es_es\/#website"},"primaryImageOfPage":{"@id":"https:\/\/pcmastersbogota.com.co\/producto\/lg-315-qhd-gam1m-165hz-32gn650-ultrag\/#primaryimage"},"image":{"@id":"https:\/\/pcmastersbogota.com.co\/producto\/lg-315-qhd-gam1m-165hz-32gn650-ultrag\/#primaryimage"},"thumbnailUrl":"https:\/\/pcmastersbogota.com.co\/wp-content\/uploads\/2021\/08\/DZ_01.jpg","datePublished":"2021-08-17T19:55:39+00:00","dateModified":"2025-10-31T20:35:44+00:00","breadcrumb":{"@id":"https:\/\/pcmastersbogota.com.co\/producto\/lg-315-qhd-gam1m-165hz-32gn650-ultrag\/#breadcrumb"},"inLanguage":"es","potentialAction":[{"@type":"ReadAction","target":["https:\/\/pcmastersbogota.com.co\/producto\/lg-315-qhd-gam1m-165hz-32gn650-ultrag\/"]}]},{"@type":"ImageObject","inLanguage":"es","@id":"https:\/\/pcmastersbogota.com.co\/producto\/lg-315-qhd-gam1m-165hz-32gn650-ultrag\/#primaryimage","url":"https:\/\/pcmastersbogota.com.co\/wp-content\/uploads\/2021\/08\/DZ_01.jpg","contentUrl":"https:\/\/pcmastersbogota.com.co\/wp-content\/uploads\/2021\/08\/DZ_01.jpg","width":1600,"height":1062},{"@type":"BreadcrumbList","@id":"https:\/\/pcmastersbogota.com.co\/producto\/lg-315-qhd-gam1m-165hz-32gn650-ultrag\/#breadcrumb","itemListElement":[{"@type":"ListItem","position":1,"name":"Home","item":"https:\/\/pcmastersbogota.com.co\/"},{"@type":"ListItem","position":2,"name":"Tienda","item":"https:\/\/pcmastersbogota.com.co\/es_es\/tienda\/"},{"@type":"ListItem","position":3,"name":"LG 31,5&#8243; QHD GAM(1m-165Hz) 32GN650 ULTRAG."}]},{"@type":"WebSite","@id":"https:\/\/pcmastersbogota.com.co\/es_es\/#website","url":"https:\/\/pcmastersbogota.com.co\/es_es\/","name":"PC MASTERS BOGOTA","description":"","potentialAction":[{"@type":"SearchAction","target":{"@type":"EntryPoint","urlTemplate":"https:\/\/pcmastersbogota.com.co\/es_es\/?s={search_term_string}"},"query-input":{"@type":"PropertyValueSpecification","valueRequired":true,"valueName":"search_term_string"}}],"inLanguage":"es"}]}},"brands":[{"id":336,"name":"LG","slug":"lg"}],"_links":{"self":[{"href":"https:\/\/pcmastersbogota.com.co\/es_es\/wp-json\/wp\/v2\/product\/16368","targetHints":{"allow":["GET"]}}],"collection":[{"href":"https:\/\/pcmastersbogota.com.co\/es_es\/wp-json\/wp\/v2\/product"}],"about":[{"href":"https:\/\/pcmastersbogota.com.co\/es_es\/wp-json\/wp\/v2\/types\/product"}],"replies":[{"embeddable":true,"href":"https:\/\/pcmastersbogota.com.co\/es_es\/wp-json\/wp\/v2\/comments?post=16368"}],"version-history":[{"count":4,"href":"https:\/\/pcmastersbogota.com.co\/es_es\/wp-json\/wp\/v2\/product\/16368\/revisions"}],"predecessor-version":[{"id":17669,"href":"https:\/\/pcmastersbogota.com.co\/es_es\/wp-json\/wp\/v2\/product\/16368\/revisions\/17669"}],"wp:featuredmedia":[{"embeddable":true,"href":"https:\/\/pcmastersbogota.com.co\/es_es\/wp-json\/wp\/v2\/media\/16791"}],"wp:attachment":[{"href":"https:\/\/pcmastersbogota.com.co\/es_es\/wp-json\/wp\/v2\/media?parent=16368"}],"wp:term":[{"taxonomy":"pwb-brand","embeddable":true,"href":"https:\/\/pcmastersbogota.com.co\/es_es\/wp-json\/wp\/v2\/pwb-brand?post=16368"},{"taxonomy":"product_brand","embeddable":true,"href":"https:\/\/pcmastersbogota.com.co\/es_es\/wp-json\/wp\/v2\/product_brand?post=16368"},{"taxonomy":"product_cat","embeddable":true,"href":"https:\/\/pcmastersbogota.com.co\/es_es\/wp-json\/wp\/v2\/product_cat?post=16368"},{"taxonomy":"product_tag","embeddable":true,"href":"https:\/\/pcmastersbogota.com.co\/es_es\/wp-json\/wp\/v2\/product_tag?post=16368"}],"curies":[{"name":"wp","href":"https:\/\/api.w.org\/{rel}","templated":true}]}}