{"id":16372,"date":"2021-08-17T14:55:40","date_gmt":"2021-08-17T19:55:40","guid":{"rendered":"https:\/\/pcmastersbogota.com.co\/?post_type=product&#038;p=16372"},"modified":"2025-10-31T15:34:47","modified_gmt":"2025-10-31T20:34:47","slug":"msi-24-gaming-1ms-curvo-g241vc","status":"publish","type":"product","link":"https:\/\/pcmastersbogota.com.co\/es_es\/producto\/msi-24-gaming-1ms-curvo-g241vc\/","title":{"rendered":"MSI 24&#8243; GAMING (1ms) CURVO G241VC"},"content":{"rendered":"<p>https:\/\/es.msi.com\/Monitor\/Optix-G241VC<\/p>\n<p>Tama\u00f1o del panel: 23,6\u2033(60 cm).Resoluci\u00f3n del panel: 1920 x 1080 (FHD).Frecuencia de actualizaci\u00f3n: 75 Hz.Tiempo de respuesta: 1 ms.Tipo de panel: Virginia.Brillo (liendres): 250 liendres.\u00c1ngulo de visi\u00f3n: 178 \u00b0 (H) \/ 178 \u00b0 (V).Relaci\u00f3n de aspecto: 16: 9.Curvatura: 1800R.Relaci\u00f3n de contraste: 3000: 1.DCR: 100000000: 1.NTSC \/ SRGB: 85% \/ 115%.\u00c1rea de visualizaci\u00f3n activa (mm): 521.3952 (H) x 293.2848 (V).Paso de p\u00edxeles (h x v): 0,27156 (H) x 0,27156 (V).Tratamiento de superficies: Anti reflejante.Colores de pantalla: 16,7 millones.Puertos de video 1x HDMI (1.4). 1x VGA.Montaje vesa: Requiere un adaptador especial de montaje en pared MSI (75 x 75 mm, 100 x 100 mm) (se vende por separado).Controlar: Men\u00fa, Bri (-), Vol (+) Entrada \/ Entrar, Energ\u00eda.Tipo de energ\u00eda: Adaptador interno.Entrada de alimentaci\u00f3n: 100 ~ 240 V, 50 ~ 60 Hz.Consumo de energ\u00eda: 45W.Frecuencia de se\u00f1al: 54,2 a 84,3 kHz (H). 48 a 75 Hz (V).Ajuste (inclinaci\u00f3n): -5 \u00b0 ~ 15 \u00b0.Dimensiones (an x al x pr): 543 x 403 x 192 mm \/ 21,3 x 15,86 x 7,55 pulgadas.Nota: VGA: 1920 x 1080 (hasta 75 Hz), HDMI: 1920 x 1080 (hasta 75 Hz). La gama de colores sigue el est\u00e1ndar de prueba CIE 1976.<\/p>\n","protected":false},"excerpt":{"rendered":"<p>Optix G241VC utiliza el panel curvo Samsung de alta calidad con muchas caracter\u00edsticas especiales para los jugadores, que les ayudar\u00e1n a disfrutar del maravilloso mundo de los juegos.<\/p>\n","protected":false},"featured_media":16769,"comment_status":"open","ping_status":"closed","template":"","meta":[],"pwb-brand":[214],"product_brand":[],"product_cat":[78],"product_tag":[343],"class_list":{"0":"post-16372","1":"product","2":"type-product","3":"status-publish","4":"has-post-thumbnail","6":"pwb-brand-msi","7":"product_cat-monitores","8":"product_tag-pantallas","10":"first","11":"instock","12":"taxable","13":"shipping-taxable","14":"purchasable","15":"product-type-simple"},"yoast_head":"<!-- This site is optimized with the Yoast SEO plugin v26.7 - https:\/\/yoast.com\/wordpress\/plugins\/seo\/ -->\n<title>MSI 24&quot; GAMING (1ms) CURVO G241VC - PC MASTERS BOGOTA<\/title>\n<meta name=\"robots\" content=\"index, follow, max-snippet:-1, max-image-preview:large, max-video-preview:-1\" \/>\n<link rel=\"canonical\" href=\"https:\/\/pcmastersbogota.com.co\/es_es\/producto\/msi-24-gaming-1ms-curvo-g241vc\/\" \/>\n<meta property=\"og:locale\" content=\"es_ES\" \/>\n<meta property=\"og:type\" content=\"article\" \/>\n<meta property=\"og:title\" content=\"MSI 24&quot; GAMING (1ms) CURVO G241VC - PC MASTERS BOGOTA\" \/>\n<meta property=\"og:description\" content=\"Optix G241VC utiliza el panel curvo Samsung de alta calidad con muchas caracter\u00edsticas especiales para los jugadores, que les ayudar\u00e1n a disfrutar del maravilloso mundo de los juegos.\" \/>\n<meta property=\"og:url\" content=\"https:\/\/pcmastersbogota.com.co\/es_es\/producto\/msi-24-gaming-1ms-curvo-g241vc\/\" \/>\n<meta property=\"og:site_name\" content=\"PC MASTERS BOGOTA\" \/>\n<meta property=\"article:modified_time\" content=\"2025-10-31T20:34:47+00:00\" \/>\n<meta property=\"og:image\" content=\"https:\/\/pcmastersbogota.com.co\/wp-content\/uploads\/2021\/08\/15151.png\" \/>\n\t<meta property=\"og:image:width\" content=\"1000\" \/>\n\t<meta property=\"og:image:height\" content=\"1000\" \/>\n\t<meta property=\"og:image:type\" content=\"image\/png\" \/>\n<meta name=\"twitter:card\" content=\"summary_large_image\" \/>\n<meta name=\"twitter:label1\" content=\"Tiempo de lectura\" \/>\n\t<meta name=\"twitter:data1\" content=\"1 minuto\" \/>\n<script type=\"application\/ld+json\" class=\"yoast-schema-graph\">{\"@context\":\"https:\/\/schema.org\",\"@graph\":[{\"@type\":\"WebPage\",\"@id\":\"https:\/\/pcmastersbogota.com.co\/producto\/msi-24-gaming-1ms-curvo-g241vc\/\",\"url\":\"https:\/\/pcmastersbogota.com.co\/producto\/msi-24-gaming-1ms-curvo-g241vc\/\",\"name\":\"MSI 24\\\" GAMING (1ms) CURVO G241VC - PC MASTERS BOGOTA\",\"isPartOf\":{\"@id\":\"https:\/\/pcmastersbogota.com.co\/es_es\/#website\"},\"primaryImageOfPage\":{\"@id\":\"https:\/\/pcmastersbogota.com.co\/producto\/msi-24-gaming-1ms-curvo-g241vc\/#primaryimage\"},\"image\":{\"@id\":\"https:\/\/pcmastersbogota.com.co\/producto\/msi-24-gaming-1ms-curvo-g241vc\/#primaryimage\"},\"thumbnailUrl\":\"https:\/\/pcmastersbogota.com.co\/wp-content\/uploads\/2021\/08\/15151.png\",\"datePublished\":\"2021-08-17T19:55:40+00:00\",\"dateModified\":\"2025-10-31T20:34:47+00:00\",\"breadcrumb\":{\"@id\":\"https:\/\/pcmastersbogota.com.co\/producto\/msi-24-gaming-1ms-curvo-g241vc\/#breadcrumb\"},\"inLanguage\":\"es\",\"potentialAction\":[{\"@type\":\"ReadAction\",\"target\":[\"https:\/\/pcmastersbogota.com.co\/producto\/msi-24-gaming-1ms-curvo-g241vc\/\"]}]},{\"@type\":\"ImageObject\",\"inLanguage\":\"es\",\"@id\":\"https:\/\/pcmastersbogota.com.co\/producto\/msi-24-gaming-1ms-curvo-g241vc\/#primaryimage\",\"url\":\"https:\/\/pcmastersbogota.com.co\/wp-content\/uploads\/2021\/08\/15151.png\",\"contentUrl\":\"https:\/\/pcmastersbogota.com.co\/wp-content\/uploads\/2021\/08\/15151.png\",\"width\":1000,\"height\":1000},{\"@type\":\"BreadcrumbList\",\"@id\":\"https:\/\/pcmastersbogota.com.co\/producto\/msi-24-gaming-1ms-curvo-g241vc\/#breadcrumb\",\"itemListElement\":[{\"@type\":\"ListItem\",\"position\":1,\"name\":\"Home\",\"item\":\"https:\/\/pcmastersbogota.com.co\/\"},{\"@type\":\"ListItem\",\"position\":2,\"name\":\"Tienda\",\"item\":\"https:\/\/pcmastersbogota.com.co\/es_es\/tienda\/\"},{\"@type\":\"ListItem\",\"position\":3,\"name\":\"MSI 24&#8243; GAMING (1ms) CURVO G241VC\"}]},{\"@type\":\"WebSite\",\"@id\":\"https:\/\/pcmastersbogota.com.co\/es_es\/#website\",\"url\":\"https:\/\/pcmastersbogota.com.co\/es_es\/\",\"name\":\"PC MASTERS BOGOTA\",\"description\":\"\",\"potentialAction\":[{\"@type\":\"SearchAction\",\"target\":{\"@type\":\"EntryPoint\",\"urlTemplate\":\"https:\/\/pcmastersbogota.com.co\/es_es\/?s={search_term_string}\"},\"query-input\":{\"@type\":\"PropertyValueSpecification\",\"valueRequired\":true,\"valueName\":\"search_term_string\"}}],\"inLanguage\":\"es\"}]}<\/script>\n<!-- \/ Yoast SEO plugin. -->","yoast_head_json":{"title":"MSI 24\" GAMING (1ms) CURVO G241VC - PC MASTERS BOGOTA","robots":{"index":"index","follow":"follow","max-snippet":"max-snippet:-1","max-image-preview":"max-image-preview:large","max-video-preview":"max-video-preview:-1"},"canonical":"https:\/\/pcmastersbogota.com.co\/es_es\/producto\/msi-24-gaming-1ms-curvo-g241vc\/","og_locale":"es_ES","og_type":"article","og_title":"MSI 24\" GAMING (1ms) CURVO G241VC - PC MASTERS BOGOTA","og_description":"Optix G241VC utiliza el panel curvo Samsung de alta calidad con muchas caracter\u00edsticas especiales para los jugadores, que les ayudar\u00e1n a disfrutar del maravilloso mundo de los juegos.","og_url":"https:\/\/pcmastersbogota.com.co\/es_es\/producto\/msi-24-gaming-1ms-curvo-g241vc\/","og_site_name":"PC MASTERS BOGOTA","article_modified_time":"2025-10-31T20:34:47+00:00","og_image":[{"width":1000,"height":1000,"url":"https:\/\/pcmastersbogota.com.co\/wp-content\/uploads\/2021\/08\/15151.png","type":"image\/png"}],"twitter_card":"summary_large_image","twitter_misc":{"Tiempo de lectura":"1 minuto"},"schema":{"@context":"https:\/\/schema.org","@graph":[{"@type":"WebPage","@id":"https:\/\/pcmastersbogota.com.co\/producto\/msi-24-gaming-1ms-curvo-g241vc\/","url":"https:\/\/pcmastersbogota.com.co\/producto\/msi-24-gaming-1ms-curvo-g241vc\/","name":"MSI 24\" GAMING (1ms) CURVO G241VC - PC MASTERS BOGOTA","isPartOf":{"@id":"https:\/\/pcmastersbogota.com.co\/es_es\/#website"},"primaryImageOfPage":{"@id":"https:\/\/pcmastersbogota.com.co\/producto\/msi-24-gaming-1ms-curvo-g241vc\/#primaryimage"},"image":{"@id":"https:\/\/pcmastersbogota.com.co\/producto\/msi-24-gaming-1ms-curvo-g241vc\/#primaryimage"},"thumbnailUrl":"https:\/\/pcmastersbogota.com.co\/wp-content\/uploads\/2021\/08\/15151.png","datePublished":"2021-08-17T19:55:40+00:00","dateModified":"2025-10-31T20:34:47+00:00","breadcrumb":{"@id":"https:\/\/pcmastersbogota.com.co\/producto\/msi-24-gaming-1ms-curvo-g241vc\/#breadcrumb"},"inLanguage":"es","potentialAction":[{"@type":"ReadAction","target":["https:\/\/pcmastersbogota.com.co\/producto\/msi-24-gaming-1ms-curvo-g241vc\/"]}]},{"@type":"ImageObject","inLanguage":"es","@id":"https:\/\/pcmastersbogota.com.co\/producto\/msi-24-gaming-1ms-curvo-g241vc\/#primaryimage","url":"https:\/\/pcmastersbogota.com.co\/wp-content\/uploads\/2021\/08\/15151.png","contentUrl":"https:\/\/pcmastersbogota.com.co\/wp-content\/uploads\/2021\/08\/15151.png","width":1000,"height":1000},{"@type":"BreadcrumbList","@id":"https:\/\/pcmastersbogota.com.co\/producto\/msi-24-gaming-1ms-curvo-g241vc\/#breadcrumb","itemListElement":[{"@type":"ListItem","position":1,"name":"Home","item":"https:\/\/pcmastersbogota.com.co\/"},{"@type":"ListItem","position":2,"name":"Tienda","item":"https:\/\/pcmastersbogota.com.co\/es_es\/tienda\/"},{"@type":"ListItem","position":3,"name":"MSI 24&#8243; GAMING (1ms) CURVO G241VC"}]},{"@type":"WebSite","@id":"https:\/\/pcmastersbogota.com.co\/es_es\/#website","url":"https:\/\/pcmastersbogota.com.co\/es_es\/","name":"PC MASTERS BOGOTA","description":"","potentialAction":[{"@type":"SearchAction","target":{"@type":"EntryPoint","urlTemplate":"https:\/\/pcmastersbogota.com.co\/es_es\/?s={search_term_string}"},"query-input":{"@type":"PropertyValueSpecification","valueRequired":true,"valueName":"search_term_string"}}],"inLanguage":"es"}]}},"brands":[{"id":214,"name":"MSI","slug":"msi"}],"_links":{"self":[{"href":"https:\/\/pcmastersbogota.com.co\/es_es\/wp-json\/wp\/v2\/product\/16372","targetHints":{"allow":["GET"]}}],"collection":[{"href":"https:\/\/pcmastersbogota.com.co\/es_es\/wp-json\/wp\/v2\/product"}],"about":[{"href":"https:\/\/pcmastersbogota.com.co\/es_es\/wp-json\/wp\/v2\/types\/product"}],"replies":[{"embeddable":true,"href":"https:\/\/pcmastersbogota.com.co\/es_es\/wp-json\/wp\/v2\/comments?post=16372"}],"version-history":[{"count":4,"href":"https:\/\/pcmastersbogota.com.co\/es_es\/wp-json\/wp\/v2\/product\/16372\/revisions"}],"predecessor-version":[{"id":17665,"href":"https:\/\/pcmastersbogota.com.co\/es_es\/wp-json\/wp\/v2\/product\/16372\/revisions\/17665"}],"wp:featuredmedia":[{"embeddable":true,"href":"https:\/\/pcmastersbogota.com.co\/es_es\/wp-json\/wp\/v2\/media\/16769"}],"wp:attachment":[{"href":"https:\/\/pcmastersbogota.com.co\/es_es\/wp-json\/wp\/v2\/media?parent=16372"}],"wp:term":[{"taxonomy":"pwb-brand","embeddable":true,"href":"https:\/\/pcmastersbogota.com.co\/es_es\/wp-json\/wp\/v2\/pwb-brand?post=16372"},{"taxonomy":"product_brand","embeddable":true,"href":"https:\/\/pcmastersbogota.com.co\/es_es\/wp-json\/wp\/v2\/product_brand?post=16372"},{"taxonomy":"product_cat","embeddable":true,"href":"https:\/\/pcmastersbogota.com.co\/es_es\/wp-json\/wp\/v2\/product_cat?post=16372"},{"taxonomy":"product_tag","embeddable":true,"href":"https:\/\/pcmastersbogota.com.co\/es_es\/wp-json\/wp\/v2\/product_tag?post=16372"}],"curies":[{"name":"wp","href":"https:\/\/api.w.org\/{rel}","templated":true}]}}