{"id":16373,"date":"2021-08-17T14:55:40","date_gmt":"2021-08-17T19:55:40","guid":{"rendered":"https:\/\/pcmastersbogota.com.co\/?post_type=product&#038;p=16373"},"modified":"2025-10-31T15:34:39","modified_gmt":"2025-10-31T20:34:39","slug":"msi-27-gaming-1m-165hz-curvo-g27c5","status":"publish","type":"product","link":"https:\/\/pcmastersbogota.com.co\/es_es\/producto\/msi-27-gaming-1m-165hz-curvo-g27c5\/","title":{"rendered":"MSI 27&#8243; GAMING (1m-165Hz) CURVO G27C5"},"content":{"rendered":"<p>https:\/\/www.msi.com\/Monitor\/Optix-G27C5<\/p>\n<p>Tama\u00f1o del panel: 27 \u00ab(69 cm).Resoluci\u00f3n del panel: 1920 x 1080 (FHD).Frecuencia de actualizaci\u00f3n: 165 Hz.Tiempo de respuesta: 1 ms.Tipo de panel: Samsung VA.Brillo (liendres): 250 liendres.\u00c1ngulo de visi\u00f3n: 178 \u00b0 (H) \/ 178 \u00b0 (V).Relaci\u00f3n de aspecto: 16: 9.Curvatura: 1500R.Relaci\u00f3n de contraste: 3000: 1.DCR: 100000000: 1.\u00c1rea de visualizaci\u00f3n activa (mm): 597,888 (H) x 336,312 (V).Paso de p\u00edxeles (h x v): 0,3114 (H) x 0,3114 (V).Tratamiento de superficies: Anti reflejante.Colores de pantalla: 16,7 millones.Dci-p3 \/ srgb: 90% \/ 113%.Puertos de video: 1x DP (1.2a), 2x HDMI (1.4b).Puertos de audio: 1x salida de auriculares.Cerradura kensington: si.Montaje vesa: 100 x 100 mm.Controlar: Joystick de navegaci\u00f3n OSD de 5 direcciones.Tipo de energ\u00eda: Adaptador externo 19V 3.42A.Entrada de alimentaci\u00f3n: 100 ~ 240 V, 50 ~ 60 Hz.Consumo de energ\u00eda: 45W.Ajuste (inclinaci\u00f3n): -5 \u00b0 ~ 20 \u00b0.Frecuencia de se\u00f1al: 53,28 a 183,15 kHz (H), 48 a 165 Hz (V).Dimensiones (an x al x pr): 611.5 x 219.6 x 456.6 mm \/ 24.07 x 8.65 x 17.98 pulgadas.Peso (nw \/ gw): 4,59 kg; 10,12 libras.Dise\u00f1o sin marco: si.<\/p>\n","protected":false},"excerpt":{"rendered":"<p>Los monitores Optix utilizan un panel de visualizaci\u00f3n curvo que tiene una tasa de curvatura de 1500R, que es el m\u00e1s c\u00f3modo y adecuado para una amplia gama de aplicaciones, desde inform\u00e1tica general hasta juegos.<\/p>\n","protected":false},"featured_media":16775,"comment_status":"open","ping_status":"closed","template":"","meta":[],"pwb-brand":[214],"product_brand":[],"product_cat":[78],"product_tag":[343],"class_list":{"0":"post-16373","1":"product","2":"type-product","3":"status-publish","4":"has-post-thumbnail","6":"pwb-brand-msi","7":"product_cat-monitores","8":"product_tag-pantallas","10":"first","11":"instock","12":"taxable","13":"shipping-taxable","14":"purchasable","15":"product-type-simple"},"yoast_head":"<!-- This site is optimized with the Yoast SEO plugin v26.7 - https:\/\/yoast.com\/wordpress\/plugins\/seo\/ -->\n<title>MSI 27&quot; GAMING (1m-165Hz) CURVO G27C5 - PC MASTERS BOGOTA<\/title>\n<meta name=\"robots\" content=\"index, follow, max-snippet:-1, max-image-preview:large, max-video-preview:-1\" \/>\n<link rel=\"canonical\" href=\"https:\/\/pcmastersbogota.com.co\/es_es\/producto\/msi-27-gaming-1m-165hz-curvo-g27c5\/\" \/>\n<meta property=\"og:locale\" content=\"es_ES\" \/>\n<meta property=\"og:type\" content=\"article\" \/>\n<meta property=\"og:title\" content=\"MSI 27&quot; GAMING (1m-165Hz) CURVO G27C5 - PC MASTERS BOGOTA\" \/>\n<meta property=\"og:description\" content=\"Los monitores Optix utilizan un panel de visualizaci\u00f3n curvo que tiene una tasa de curvatura de 1500R, que es el m\u00e1s c\u00f3modo y adecuado para una amplia gama de aplicaciones, desde inform\u00e1tica general hasta juegos.\" \/>\n<meta property=\"og:url\" content=\"https:\/\/pcmastersbogota.com.co\/es_es\/producto\/msi-27-gaming-1m-165hz-curvo-g27c5\/\" \/>\n<meta property=\"og:site_name\" content=\"PC MASTERS BOGOTA\" \/>\n<meta property=\"article:modified_time\" content=\"2025-10-31T20:34:39+00:00\" \/>\n<meta property=\"og:image\" content=\"https:\/\/pcmastersbogota.com.co\/wp-content\/uploads\/2021\/08\/15146.png\" \/>\n\t<meta property=\"og:image:width\" content=\"1000\" \/>\n\t<meta property=\"og:image:height\" content=\"1000\" \/>\n\t<meta property=\"og:image:type\" content=\"image\/png\" \/>\n<meta name=\"twitter:card\" content=\"summary_large_image\" \/>\n<meta name=\"twitter:label1\" content=\"Tiempo de lectura\" \/>\n\t<meta name=\"twitter:data1\" content=\"1 minuto\" \/>\n<script type=\"application\/ld+json\" class=\"yoast-schema-graph\">{\"@context\":\"https:\/\/schema.org\",\"@graph\":[{\"@type\":\"WebPage\",\"@id\":\"https:\/\/pcmastersbogota.com.co\/producto\/msi-27-gaming-1m-165hz-curvo-g27c5\/\",\"url\":\"https:\/\/pcmastersbogota.com.co\/producto\/msi-27-gaming-1m-165hz-curvo-g27c5\/\",\"name\":\"MSI 27\\\" GAMING (1m-165Hz) CURVO G27C5 - PC MASTERS BOGOTA\",\"isPartOf\":{\"@id\":\"https:\/\/pcmastersbogota.com.co\/es_es\/#website\"},\"primaryImageOfPage\":{\"@id\":\"https:\/\/pcmastersbogota.com.co\/producto\/msi-27-gaming-1m-165hz-curvo-g27c5\/#primaryimage\"},\"image\":{\"@id\":\"https:\/\/pcmastersbogota.com.co\/producto\/msi-27-gaming-1m-165hz-curvo-g27c5\/#primaryimage\"},\"thumbnailUrl\":\"https:\/\/pcmastersbogota.com.co\/wp-content\/uploads\/2021\/08\/15146.png\",\"datePublished\":\"2021-08-17T19:55:40+00:00\",\"dateModified\":\"2025-10-31T20:34:39+00:00\",\"breadcrumb\":{\"@id\":\"https:\/\/pcmastersbogota.com.co\/producto\/msi-27-gaming-1m-165hz-curvo-g27c5\/#breadcrumb\"},\"inLanguage\":\"es\",\"potentialAction\":[{\"@type\":\"ReadAction\",\"target\":[\"https:\/\/pcmastersbogota.com.co\/producto\/msi-27-gaming-1m-165hz-curvo-g27c5\/\"]}]},{\"@type\":\"ImageObject\",\"inLanguage\":\"es\",\"@id\":\"https:\/\/pcmastersbogota.com.co\/producto\/msi-27-gaming-1m-165hz-curvo-g27c5\/#primaryimage\",\"url\":\"https:\/\/pcmastersbogota.com.co\/wp-content\/uploads\/2021\/08\/15146.png\",\"contentUrl\":\"https:\/\/pcmastersbogota.com.co\/wp-content\/uploads\/2021\/08\/15146.png\",\"width\":1000,\"height\":1000},{\"@type\":\"BreadcrumbList\",\"@id\":\"https:\/\/pcmastersbogota.com.co\/producto\/msi-27-gaming-1m-165hz-curvo-g27c5\/#breadcrumb\",\"itemListElement\":[{\"@type\":\"ListItem\",\"position\":1,\"name\":\"Home\",\"item\":\"https:\/\/pcmastersbogota.com.co\/\"},{\"@type\":\"ListItem\",\"position\":2,\"name\":\"Tienda\",\"item\":\"https:\/\/pcmastersbogota.com.co\/es_es\/tienda\/\"},{\"@type\":\"ListItem\",\"position\":3,\"name\":\"MSI 27&#8243; GAMING (1m-165Hz) CURVO G27C5\"}]},{\"@type\":\"WebSite\",\"@id\":\"https:\/\/pcmastersbogota.com.co\/es_es\/#website\",\"url\":\"https:\/\/pcmastersbogota.com.co\/es_es\/\",\"name\":\"PC MASTERS BOGOTA\",\"description\":\"\",\"potentialAction\":[{\"@type\":\"SearchAction\",\"target\":{\"@type\":\"EntryPoint\",\"urlTemplate\":\"https:\/\/pcmastersbogota.com.co\/es_es\/?s={search_term_string}\"},\"query-input\":{\"@type\":\"PropertyValueSpecification\",\"valueRequired\":true,\"valueName\":\"search_term_string\"}}],\"inLanguage\":\"es\"}]}<\/script>\n<!-- \/ Yoast SEO plugin. -->","yoast_head_json":{"title":"MSI 27\" GAMING (1m-165Hz) CURVO G27C5 - PC MASTERS BOGOTA","robots":{"index":"index","follow":"follow","max-snippet":"max-snippet:-1","max-image-preview":"max-image-preview:large","max-video-preview":"max-video-preview:-1"},"canonical":"https:\/\/pcmastersbogota.com.co\/es_es\/producto\/msi-27-gaming-1m-165hz-curvo-g27c5\/","og_locale":"es_ES","og_type":"article","og_title":"MSI 27\" GAMING (1m-165Hz) CURVO G27C5 - PC MASTERS BOGOTA","og_description":"Los monitores Optix utilizan un panel de visualizaci\u00f3n curvo que tiene una tasa de curvatura de 1500R, que es el m\u00e1s c\u00f3modo y adecuado para una amplia gama de aplicaciones, desde inform\u00e1tica general hasta juegos.","og_url":"https:\/\/pcmastersbogota.com.co\/es_es\/producto\/msi-27-gaming-1m-165hz-curvo-g27c5\/","og_site_name":"PC MASTERS BOGOTA","article_modified_time":"2025-10-31T20:34:39+00:00","og_image":[{"width":1000,"height":1000,"url":"https:\/\/pcmastersbogota.com.co\/wp-content\/uploads\/2021\/08\/15146.png","type":"image\/png"}],"twitter_card":"summary_large_image","twitter_misc":{"Tiempo de lectura":"1 minuto"},"schema":{"@context":"https:\/\/schema.org","@graph":[{"@type":"WebPage","@id":"https:\/\/pcmastersbogota.com.co\/producto\/msi-27-gaming-1m-165hz-curvo-g27c5\/","url":"https:\/\/pcmastersbogota.com.co\/producto\/msi-27-gaming-1m-165hz-curvo-g27c5\/","name":"MSI 27\" GAMING (1m-165Hz) CURVO G27C5 - PC MASTERS BOGOTA","isPartOf":{"@id":"https:\/\/pcmastersbogota.com.co\/es_es\/#website"},"primaryImageOfPage":{"@id":"https:\/\/pcmastersbogota.com.co\/producto\/msi-27-gaming-1m-165hz-curvo-g27c5\/#primaryimage"},"image":{"@id":"https:\/\/pcmastersbogota.com.co\/producto\/msi-27-gaming-1m-165hz-curvo-g27c5\/#primaryimage"},"thumbnailUrl":"https:\/\/pcmastersbogota.com.co\/wp-content\/uploads\/2021\/08\/15146.png","datePublished":"2021-08-17T19:55:40+00:00","dateModified":"2025-10-31T20:34:39+00:00","breadcrumb":{"@id":"https:\/\/pcmastersbogota.com.co\/producto\/msi-27-gaming-1m-165hz-curvo-g27c5\/#breadcrumb"},"inLanguage":"es","potentialAction":[{"@type":"ReadAction","target":["https:\/\/pcmastersbogota.com.co\/producto\/msi-27-gaming-1m-165hz-curvo-g27c5\/"]}]},{"@type":"ImageObject","inLanguage":"es","@id":"https:\/\/pcmastersbogota.com.co\/producto\/msi-27-gaming-1m-165hz-curvo-g27c5\/#primaryimage","url":"https:\/\/pcmastersbogota.com.co\/wp-content\/uploads\/2021\/08\/15146.png","contentUrl":"https:\/\/pcmastersbogota.com.co\/wp-content\/uploads\/2021\/08\/15146.png","width":1000,"height":1000},{"@type":"BreadcrumbList","@id":"https:\/\/pcmastersbogota.com.co\/producto\/msi-27-gaming-1m-165hz-curvo-g27c5\/#breadcrumb","itemListElement":[{"@type":"ListItem","position":1,"name":"Home","item":"https:\/\/pcmastersbogota.com.co\/"},{"@type":"ListItem","position":2,"name":"Tienda","item":"https:\/\/pcmastersbogota.com.co\/es_es\/tienda\/"},{"@type":"ListItem","position":3,"name":"MSI 27&#8243; GAMING (1m-165Hz) CURVO G27C5"}]},{"@type":"WebSite","@id":"https:\/\/pcmastersbogota.com.co\/es_es\/#website","url":"https:\/\/pcmastersbogota.com.co\/es_es\/","name":"PC MASTERS BOGOTA","description":"","potentialAction":[{"@type":"SearchAction","target":{"@type":"EntryPoint","urlTemplate":"https:\/\/pcmastersbogota.com.co\/es_es\/?s={search_term_string}"},"query-input":{"@type":"PropertyValueSpecification","valueRequired":true,"valueName":"search_term_string"}}],"inLanguage":"es"}]}},"brands":[{"id":214,"name":"MSI","slug":"msi"}],"_links":{"self":[{"href":"https:\/\/pcmastersbogota.com.co\/es_es\/wp-json\/wp\/v2\/product\/16373","targetHints":{"allow":["GET"]}}],"collection":[{"href":"https:\/\/pcmastersbogota.com.co\/es_es\/wp-json\/wp\/v2\/product"}],"about":[{"href":"https:\/\/pcmastersbogota.com.co\/es_es\/wp-json\/wp\/v2\/types\/product"}],"replies":[{"embeddable":true,"href":"https:\/\/pcmastersbogota.com.co\/es_es\/wp-json\/wp\/v2\/comments?post=16373"}],"version-history":[{"count":4,"href":"https:\/\/pcmastersbogota.com.co\/es_es\/wp-json\/wp\/v2\/product\/16373\/revisions"}],"predecessor-version":[{"id":17666,"href":"https:\/\/pcmastersbogota.com.co\/es_es\/wp-json\/wp\/v2\/product\/16373\/revisions\/17666"}],"wp:featuredmedia":[{"embeddable":true,"href":"https:\/\/pcmastersbogota.com.co\/es_es\/wp-json\/wp\/v2\/media\/16775"}],"wp:attachment":[{"href":"https:\/\/pcmastersbogota.com.co\/es_es\/wp-json\/wp\/v2\/media?parent=16373"}],"wp:term":[{"taxonomy":"pwb-brand","embeddable":true,"href":"https:\/\/pcmastersbogota.com.co\/es_es\/wp-json\/wp\/v2\/pwb-brand?post=16373"},{"taxonomy":"product_brand","embeddable":true,"href":"https:\/\/pcmastersbogota.com.co\/es_es\/wp-json\/wp\/v2\/product_brand?post=16373"},{"taxonomy":"product_cat","embeddable":true,"href":"https:\/\/pcmastersbogota.com.co\/es_es\/wp-json\/wp\/v2\/product_cat?post=16373"},{"taxonomy":"product_tag","embeddable":true,"href":"https:\/\/pcmastersbogota.com.co\/es_es\/wp-json\/wp\/v2\/product_tag?post=16373"}],"curies":[{"name":"wp","href":"https:\/\/api.w.org\/{rel}","templated":true}]}}