{"id":16375,"date":"2021-08-17T14:55:40","date_gmt":"2021-08-17T19:55:40","guid":{"rendered":"https:\/\/pcmastersbogota.com.co\/?post_type=product&#038;p=16375"},"modified":"2025-10-31T15:35:10","modified_gmt":"2025-10-31T20:35:10","slug":"msi-315-gaming-1m-180hzcrvo-mag322cr","status":"publish","type":"product","link":"https:\/\/pcmastersbogota.com.co\/es_es\/producto\/msi-315-gaming-1m-180hzcrvo-mag322cr\/","title":{"rendered":"MSI 31,5&#8243; GAMING (1m-180Hz)CRVO MAG322CR"},"content":{"rendered":"<p>https:\/\/latam.msi.com\/Monitor\/Optix-MAG321CQR<\/p>\n<p>Usos espec\u00edficos del producto Juegos<br \/>\nFrecuencia de actualizaci\u00f3n 165 Hz<br \/>\nMarca MSI<br \/>\nTama\u00f1o de pantalla 70<br \/>\nN\u00famero de puertos HDMI 1<br \/>\nSeries Optix MAG322CR<br \/>\nInterfaz de hardware USB 2.0<br \/>\nResoluci\u00f3n FHD 1080p<br \/>\nTecnolog\u00eda de pantalla LCD<br \/>\nResoluci\u00f3n de pantalla m\u00e1xima 1080p Full HD P\u00edxeles<br \/>\nVer m\u00e1s<br \/>\nAcerca de este producto<br \/>\nMonitor gaming de 31.5 \u00bb con resoluci\u00f3n FullHD (1920 x 1080pixeles) y tecnolog\u00eda Anti:Glare<br \/>\nFrecuencia de actualizaci\u00f3n de 180Hz: juegos realmente suaves. Tiempo de respuesta de 1 ms: elimine el desgarro de la pantalla y las velocidades de fotogramas entrecortadas.<br \/>\nAMD FreeSync: evita el desgarro de la pantalla. Antiparpadeo y menos luz azul: juego a\u00fan m\u00e1s prolongado y evita fatiga y fatiga visual.<br \/>\nBrillo de la pantalla de 300 nits, Adaptative Sync, Anti-Flicker y Less Blue Light. Curvatura 1500R y ratio 16:9. Dise\u00f1o sin marco: la mejor experiencia de juego.<\/p>\n","protected":false},"excerpt":{"rendered":"<p>Se testigo de batallas \u00e9picas con el monitor de juegos curvo MSI Optix MAG301CR. El MAG301CR est\u00e1 construido con un panel VA de 30 \u201d2560\u00d71080 (WFHD), frecuencia de actualizaci\u00f3n de 200 Hz y 1 ms.<\/p>\n","protected":false},"featured_media":16786,"comment_status":"open","ping_status":"closed","template":"","meta":[],"pwb-brand":[214],"product_brand":[],"product_cat":[78],"product_tag":[343],"class_list":{"0":"post-16375","1":"product","2":"type-product","3":"status-publish","4":"has-post-thumbnail","6":"pwb-brand-msi","7":"product_cat-monitores","8":"product_tag-pantallas","10":"first","11":"instock","12":"taxable","13":"shipping-taxable","14":"purchasable","15":"product-type-simple"},"yoast_head":"<!-- This site is optimized with the Yoast SEO plugin v26.7 - https:\/\/yoast.com\/wordpress\/plugins\/seo\/ -->\n<title>MSI 31,5&quot; GAMING (1m-180Hz)CRVO MAG322CR - PC MASTERS BOGOTA<\/title>\n<meta name=\"robots\" content=\"index, follow, max-snippet:-1, max-image-preview:large, max-video-preview:-1\" \/>\n<link rel=\"canonical\" href=\"https:\/\/pcmastersbogota.com.co\/es_es\/producto\/msi-315-gaming-1m-180hzcrvo-mag322cr\/\" \/>\n<meta property=\"og:locale\" content=\"es_ES\" \/>\n<meta property=\"og:type\" content=\"article\" \/>\n<meta property=\"og:title\" content=\"MSI 31,5&quot; GAMING (1m-180Hz)CRVO MAG322CR - PC MASTERS BOGOTA\" \/>\n<meta property=\"og:description\" content=\"Se testigo de batallas \u00e9picas con el monitor de juegos curvo MSI Optix MAG301CR. El MAG301CR est\u00e1 construido con un panel VA de 30 \u201d2560\u00d71080 (WFHD), frecuencia de actualizaci\u00f3n de 200 Hz y 1 ms.\" \/>\n<meta property=\"og:url\" content=\"https:\/\/pcmastersbogota.com.co\/es_es\/producto\/msi-315-gaming-1m-180hzcrvo-mag322cr\/\" \/>\n<meta property=\"og:site_name\" content=\"PC MASTERS BOGOTA\" \/>\n<meta property=\"article:modified_time\" content=\"2025-10-31T20:35:10+00:00\" \/>\n<meta property=\"og:image\" content=\"https:\/\/pcmastersbogota.com.co\/wp-content\/uploads\/2021\/08\/15147.png\" \/>\n\t<meta property=\"og:image:width\" content=\"1000\" \/>\n\t<meta property=\"og:image:height\" content=\"1000\" \/>\n\t<meta property=\"og:image:type\" content=\"image\/png\" \/>\n<meta name=\"twitter:card\" content=\"summary_large_image\" \/>\n<meta name=\"twitter:label1\" content=\"Tiempo de lectura\" \/>\n\t<meta name=\"twitter:data1\" content=\"1 minuto\" \/>\n<script type=\"application\/ld+json\" class=\"yoast-schema-graph\">{\"@context\":\"https:\/\/schema.org\",\"@graph\":[{\"@type\":\"WebPage\",\"@id\":\"https:\/\/pcmastersbogota.com.co\/producto\/msi-315-gaming-1m-180hzcrvo-mag322cr\/\",\"url\":\"https:\/\/pcmastersbogota.com.co\/producto\/msi-315-gaming-1m-180hzcrvo-mag322cr\/\",\"name\":\"MSI 31,5\\\" GAMING (1m-180Hz)CRVO MAG322CR - PC MASTERS BOGOTA\",\"isPartOf\":{\"@id\":\"https:\/\/pcmastersbogota.com.co\/es_es\/#website\"},\"primaryImageOfPage\":{\"@id\":\"https:\/\/pcmastersbogota.com.co\/producto\/msi-315-gaming-1m-180hzcrvo-mag322cr\/#primaryimage\"},\"image\":{\"@id\":\"https:\/\/pcmastersbogota.com.co\/producto\/msi-315-gaming-1m-180hzcrvo-mag322cr\/#primaryimage\"},\"thumbnailUrl\":\"https:\/\/pcmastersbogota.com.co\/wp-content\/uploads\/2021\/08\/15147.png\",\"datePublished\":\"2021-08-17T19:55:40+00:00\",\"dateModified\":\"2025-10-31T20:35:10+00:00\",\"breadcrumb\":{\"@id\":\"https:\/\/pcmastersbogota.com.co\/producto\/msi-315-gaming-1m-180hzcrvo-mag322cr\/#breadcrumb\"},\"inLanguage\":\"es\",\"potentialAction\":[{\"@type\":\"ReadAction\",\"target\":[\"https:\/\/pcmastersbogota.com.co\/producto\/msi-315-gaming-1m-180hzcrvo-mag322cr\/\"]}]},{\"@type\":\"ImageObject\",\"inLanguage\":\"es\",\"@id\":\"https:\/\/pcmastersbogota.com.co\/producto\/msi-315-gaming-1m-180hzcrvo-mag322cr\/#primaryimage\",\"url\":\"https:\/\/pcmastersbogota.com.co\/wp-content\/uploads\/2021\/08\/15147.png\",\"contentUrl\":\"https:\/\/pcmastersbogota.com.co\/wp-content\/uploads\/2021\/08\/15147.png\",\"width\":1000,\"height\":1000},{\"@type\":\"BreadcrumbList\",\"@id\":\"https:\/\/pcmastersbogota.com.co\/producto\/msi-315-gaming-1m-180hzcrvo-mag322cr\/#breadcrumb\",\"itemListElement\":[{\"@type\":\"ListItem\",\"position\":1,\"name\":\"Home\",\"item\":\"https:\/\/pcmastersbogota.com.co\/\"},{\"@type\":\"ListItem\",\"position\":2,\"name\":\"Tienda\",\"item\":\"https:\/\/pcmastersbogota.com.co\/es_es\/tienda\/\"},{\"@type\":\"ListItem\",\"position\":3,\"name\":\"MSI 31,5&#8243; GAMING (1m-180Hz)CRVO MAG322CR\"}]},{\"@type\":\"WebSite\",\"@id\":\"https:\/\/pcmastersbogota.com.co\/es_es\/#website\",\"url\":\"https:\/\/pcmastersbogota.com.co\/es_es\/\",\"name\":\"PC MASTERS BOGOTA\",\"description\":\"\",\"potentialAction\":[{\"@type\":\"SearchAction\",\"target\":{\"@type\":\"EntryPoint\",\"urlTemplate\":\"https:\/\/pcmastersbogota.com.co\/es_es\/?s={search_term_string}\"},\"query-input\":{\"@type\":\"PropertyValueSpecification\",\"valueRequired\":true,\"valueName\":\"search_term_string\"}}],\"inLanguage\":\"es\"}]}<\/script>\n<!-- \/ Yoast SEO plugin. -->","yoast_head_json":{"title":"MSI 31,5\" GAMING (1m-180Hz)CRVO MAG322CR - PC MASTERS BOGOTA","robots":{"index":"index","follow":"follow","max-snippet":"max-snippet:-1","max-image-preview":"max-image-preview:large","max-video-preview":"max-video-preview:-1"},"canonical":"https:\/\/pcmastersbogota.com.co\/es_es\/producto\/msi-315-gaming-1m-180hzcrvo-mag322cr\/","og_locale":"es_ES","og_type":"article","og_title":"MSI 31,5\" GAMING (1m-180Hz)CRVO MAG322CR - PC MASTERS BOGOTA","og_description":"Se testigo de batallas \u00e9picas con el monitor de juegos curvo MSI Optix MAG301CR. El MAG301CR est\u00e1 construido con un panel VA de 30 \u201d2560\u00d71080 (WFHD), frecuencia de actualizaci\u00f3n de 200 Hz y 1 ms.","og_url":"https:\/\/pcmastersbogota.com.co\/es_es\/producto\/msi-315-gaming-1m-180hzcrvo-mag322cr\/","og_site_name":"PC MASTERS BOGOTA","article_modified_time":"2025-10-31T20:35:10+00:00","og_image":[{"width":1000,"height":1000,"url":"https:\/\/pcmastersbogota.com.co\/wp-content\/uploads\/2021\/08\/15147.png","type":"image\/png"}],"twitter_card":"summary_large_image","twitter_misc":{"Tiempo de lectura":"1 minuto"},"schema":{"@context":"https:\/\/schema.org","@graph":[{"@type":"WebPage","@id":"https:\/\/pcmastersbogota.com.co\/producto\/msi-315-gaming-1m-180hzcrvo-mag322cr\/","url":"https:\/\/pcmastersbogota.com.co\/producto\/msi-315-gaming-1m-180hzcrvo-mag322cr\/","name":"MSI 31,5\" GAMING (1m-180Hz)CRVO MAG322CR - PC MASTERS BOGOTA","isPartOf":{"@id":"https:\/\/pcmastersbogota.com.co\/es_es\/#website"},"primaryImageOfPage":{"@id":"https:\/\/pcmastersbogota.com.co\/producto\/msi-315-gaming-1m-180hzcrvo-mag322cr\/#primaryimage"},"image":{"@id":"https:\/\/pcmastersbogota.com.co\/producto\/msi-315-gaming-1m-180hzcrvo-mag322cr\/#primaryimage"},"thumbnailUrl":"https:\/\/pcmastersbogota.com.co\/wp-content\/uploads\/2021\/08\/15147.png","datePublished":"2021-08-17T19:55:40+00:00","dateModified":"2025-10-31T20:35:10+00:00","breadcrumb":{"@id":"https:\/\/pcmastersbogota.com.co\/producto\/msi-315-gaming-1m-180hzcrvo-mag322cr\/#breadcrumb"},"inLanguage":"es","potentialAction":[{"@type":"ReadAction","target":["https:\/\/pcmastersbogota.com.co\/producto\/msi-315-gaming-1m-180hzcrvo-mag322cr\/"]}]},{"@type":"ImageObject","inLanguage":"es","@id":"https:\/\/pcmastersbogota.com.co\/producto\/msi-315-gaming-1m-180hzcrvo-mag322cr\/#primaryimage","url":"https:\/\/pcmastersbogota.com.co\/wp-content\/uploads\/2021\/08\/15147.png","contentUrl":"https:\/\/pcmastersbogota.com.co\/wp-content\/uploads\/2021\/08\/15147.png","width":1000,"height":1000},{"@type":"BreadcrumbList","@id":"https:\/\/pcmastersbogota.com.co\/producto\/msi-315-gaming-1m-180hzcrvo-mag322cr\/#breadcrumb","itemListElement":[{"@type":"ListItem","position":1,"name":"Home","item":"https:\/\/pcmastersbogota.com.co\/"},{"@type":"ListItem","position":2,"name":"Tienda","item":"https:\/\/pcmastersbogota.com.co\/es_es\/tienda\/"},{"@type":"ListItem","position":3,"name":"MSI 31,5&#8243; GAMING (1m-180Hz)CRVO MAG322CR"}]},{"@type":"WebSite","@id":"https:\/\/pcmastersbogota.com.co\/es_es\/#website","url":"https:\/\/pcmastersbogota.com.co\/es_es\/","name":"PC MASTERS BOGOTA","description":"","potentialAction":[{"@type":"SearchAction","target":{"@type":"EntryPoint","urlTemplate":"https:\/\/pcmastersbogota.com.co\/es_es\/?s={search_term_string}"},"query-input":{"@type":"PropertyValueSpecification","valueRequired":true,"valueName":"search_term_string"}}],"inLanguage":"es"}]}},"brands":[{"id":214,"name":"MSI","slug":"msi"}],"_links":{"self":[{"href":"https:\/\/pcmastersbogota.com.co\/es_es\/wp-json\/wp\/v2\/product\/16375","targetHints":{"allow":["GET"]}}],"collection":[{"href":"https:\/\/pcmastersbogota.com.co\/es_es\/wp-json\/wp\/v2\/product"}],"about":[{"href":"https:\/\/pcmastersbogota.com.co\/es_es\/wp-json\/wp\/v2\/types\/product"}],"replies":[{"embeddable":true,"href":"https:\/\/pcmastersbogota.com.co\/es_es\/wp-json\/wp\/v2\/comments?post=16375"}],"version-history":[{"count":4,"href":"https:\/\/pcmastersbogota.com.co\/es_es\/wp-json\/wp\/v2\/product\/16375\/revisions"}],"predecessor-version":[{"id":17668,"href":"https:\/\/pcmastersbogota.com.co\/es_es\/wp-json\/wp\/v2\/product\/16375\/revisions\/17668"}],"wp:featuredmedia":[{"embeddable":true,"href":"https:\/\/pcmastersbogota.com.co\/es_es\/wp-json\/wp\/v2\/media\/16786"}],"wp:attachment":[{"href":"https:\/\/pcmastersbogota.com.co\/es_es\/wp-json\/wp\/v2\/media?parent=16375"}],"wp:term":[{"taxonomy":"pwb-brand","embeddable":true,"href":"https:\/\/pcmastersbogota.com.co\/es_es\/wp-json\/wp\/v2\/pwb-brand?post=16375"},{"taxonomy":"product_brand","embeddable":true,"href":"https:\/\/pcmastersbogota.com.co\/es_es\/wp-json\/wp\/v2\/product_brand?post=16375"},{"taxonomy":"product_cat","embeddable":true,"href":"https:\/\/pcmastersbogota.com.co\/es_es\/wp-json\/wp\/v2\/product_cat?post=16375"},{"taxonomy":"product_tag","embeddable":true,"href":"https:\/\/pcmastersbogota.com.co\/es_es\/wp-json\/wp\/v2\/product_tag?post=16375"}],"curies":[{"name":"wp","href":"https:\/\/api.w.org\/{rel}","templated":true}]}}