{"id":16376,"date":"2021-08-17T14:55:41","date_gmt":"2021-08-17T19:55:41","guid":{"rendered":"https:\/\/pcmastersbogota.com.co\/?post_type=product&#038;p=16376"},"modified":"2025-10-31T15:33:03","modified_gmt":"2025-10-31T20:33:03","slug":"msi-315-4k-gaming-dp-curvo-mag321","status":"publish","type":"product","link":"https:\/\/pcmastersbogota.com.co\/es_es\/producto\/msi-315-4k-gaming-dp-curvo-mag321\/","title":{"rendered":"MSI 31,5&#8243; 4K GAMING (DP) CURVO MAG321"},"content":{"rendered":"<p>https:\/\/es.msi.com\/blog\/introducing-new-4k-gaming-monitor-mag321curv<\/p>\n<p>Monitor Gaming curvo (1500R) \u2013 La mejor inmersi\u00f3n en el juego.<br \/>\nAlta Resoluci\u00f3n 4K &#8211; Los juegos se ven a\u00fan mejor, con m\u00e1s detalles gracias a la resoluci\u00f3n 4K.<br \/>\nPreparada para HDR &#8211; Detalles llamativos con los ajustes de contraste y sombras.<br \/>\nApp Gaming OSD &#8211; Crea las mejores configuraciones visuales para tu juego.<br \/>\nOptimizaci\u00f3n de Consola\u2013 La mejor soluci\u00f3n para los juegos de consola.<br \/>\nMystic Light \u2013 La mejor apariencia gaming.<br \/>\nVisi\u00f3n Nocturna- Ve claramente cada detalle en la oscuridad y ataca a tus enemigos antes de que te descubran.<br \/>\nAnti-Flicker y Menos Luz Azul\u2013 juega m\u00e1s tiempo y evita la fatiga ocular.<br \/>\nDise\u00f1o sin marco\u2013 La mejor experiencia de juego. \u00c1ngulo de visi\u00f3n amplio de 178\u00b0.<\/p>\n","protected":false},"excerpt":{"rendered":"<p>Visualiza tu victoria con el monitor gaming curvo MSI Optix. Equipado con la resoluci\u00f3n 3840 x 2160 y preparado para HDR, Optix te da la ventaja competitiva que necesitas para derrotar a tus oponentes.<\/p>\n","protected":false},"featured_media":16723,"comment_status":"open","ping_status":"closed","template":"","meta":[],"pwb-brand":[214],"product_brand":[],"product_cat":[78],"product_tag":[343],"class_list":{"0":"post-16376","1":"product","2":"type-product","3":"status-publish","4":"has-post-thumbnail","6":"pwb-brand-msi","7":"product_cat-monitores","8":"product_tag-pantallas","10":"first","11":"instock","12":"taxable","13":"shipping-taxable","14":"purchasable","15":"product-type-simple"},"yoast_head":"<!-- This site is optimized with the Yoast SEO plugin v26.7 - https:\/\/yoast.com\/wordpress\/plugins\/seo\/ -->\n<title>MSI 31,5&quot; 4K GAMING (DP) CURVO MAG321 - PC MASTERS BOGOTA<\/title>\n<meta name=\"robots\" content=\"index, follow, max-snippet:-1, max-image-preview:large, max-video-preview:-1\" \/>\n<link rel=\"canonical\" href=\"https:\/\/pcmastersbogota.com.co\/es_es\/producto\/msi-315-4k-gaming-dp-curvo-mag321\/\" \/>\n<meta property=\"og:locale\" content=\"es_ES\" \/>\n<meta property=\"og:type\" content=\"article\" \/>\n<meta property=\"og:title\" content=\"MSI 31,5&quot; 4K GAMING (DP) CURVO MAG321 - PC MASTERS BOGOTA\" \/>\n<meta property=\"og:description\" content=\"Visualiza tu victoria con el monitor gaming curvo MSI Optix. Equipado con la resoluci\u00f3n 3840 x 2160 y preparado para HDR, Optix te da la ventaja competitiva que necesitas para derrotar a tus oponentes.\" \/>\n<meta property=\"og:url\" content=\"https:\/\/pcmastersbogota.com.co\/es_es\/producto\/msi-315-4k-gaming-dp-curvo-mag321\/\" \/>\n<meta property=\"og:site_name\" content=\"PC MASTERS BOGOTA\" \/>\n<meta property=\"article:modified_time\" content=\"2025-10-31T20:33:03+00:00\" \/>\n<meta property=\"og:image\" content=\"https:\/\/pcmastersbogota.com.co\/wp-content\/uploads\/2021\/08\/15153.png\" \/>\n\t<meta property=\"og:image:width\" content=\"1000\" \/>\n\t<meta property=\"og:image:height\" content=\"1000\" \/>\n\t<meta property=\"og:image:type\" content=\"image\/png\" \/>\n<meta name=\"twitter:card\" content=\"summary_large_image\" \/>\n<meta name=\"twitter:label1\" content=\"Tiempo de lectura\" \/>\n\t<meta name=\"twitter:data1\" content=\"1 minuto\" \/>\n<script type=\"application\/ld+json\" class=\"yoast-schema-graph\">{\"@context\":\"https:\/\/schema.org\",\"@graph\":[{\"@type\":\"WebPage\",\"@id\":\"https:\/\/pcmastersbogota.com.co\/producto\/msi-315-4k-gaming-dp-curvo-mag321\/\",\"url\":\"https:\/\/pcmastersbogota.com.co\/producto\/msi-315-4k-gaming-dp-curvo-mag321\/\",\"name\":\"MSI 31,5\\\" 4K GAMING (DP) CURVO MAG321 - PC MASTERS BOGOTA\",\"isPartOf\":{\"@id\":\"https:\/\/pcmastersbogota.com.co\/es_es\/#website\"},\"primaryImageOfPage\":{\"@id\":\"https:\/\/pcmastersbogota.com.co\/producto\/msi-315-4k-gaming-dp-curvo-mag321\/#primaryimage\"},\"image\":{\"@id\":\"https:\/\/pcmastersbogota.com.co\/producto\/msi-315-4k-gaming-dp-curvo-mag321\/#primaryimage\"},\"thumbnailUrl\":\"https:\/\/pcmastersbogota.com.co\/wp-content\/uploads\/2021\/08\/15153.png\",\"datePublished\":\"2021-08-17T19:55:41+00:00\",\"dateModified\":\"2025-10-31T20:33:03+00:00\",\"breadcrumb\":{\"@id\":\"https:\/\/pcmastersbogota.com.co\/producto\/msi-315-4k-gaming-dp-curvo-mag321\/#breadcrumb\"},\"inLanguage\":\"es\",\"potentialAction\":[{\"@type\":\"ReadAction\",\"target\":[\"https:\/\/pcmastersbogota.com.co\/producto\/msi-315-4k-gaming-dp-curvo-mag321\/\"]}]},{\"@type\":\"ImageObject\",\"inLanguage\":\"es\",\"@id\":\"https:\/\/pcmastersbogota.com.co\/producto\/msi-315-4k-gaming-dp-curvo-mag321\/#primaryimage\",\"url\":\"https:\/\/pcmastersbogota.com.co\/wp-content\/uploads\/2021\/08\/15153.png\",\"contentUrl\":\"https:\/\/pcmastersbogota.com.co\/wp-content\/uploads\/2021\/08\/15153.png\",\"width\":1000,\"height\":1000},{\"@type\":\"BreadcrumbList\",\"@id\":\"https:\/\/pcmastersbogota.com.co\/producto\/msi-315-4k-gaming-dp-curvo-mag321\/#breadcrumb\",\"itemListElement\":[{\"@type\":\"ListItem\",\"position\":1,\"name\":\"Home\",\"item\":\"https:\/\/pcmastersbogota.com.co\/\"},{\"@type\":\"ListItem\",\"position\":2,\"name\":\"Tienda\",\"item\":\"https:\/\/pcmastersbogota.com.co\/es_es\/tienda\/\"},{\"@type\":\"ListItem\",\"position\":3,\"name\":\"MSI 31,5&#8243; 4K GAMING (DP) CURVO MAG321\"}]},{\"@type\":\"WebSite\",\"@id\":\"https:\/\/pcmastersbogota.com.co\/es_es\/#website\",\"url\":\"https:\/\/pcmastersbogota.com.co\/es_es\/\",\"name\":\"PC MASTERS BOGOTA\",\"description\":\"\",\"potentialAction\":[{\"@type\":\"SearchAction\",\"target\":{\"@type\":\"EntryPoint\",\"urlTemplate\":\"https:\/\/pcmastersbogota.com.co\/es_es\/?s={search_term_string}\"},\"query-input\":{\"@type\":\"PropertyValueSpecification\",\"valueRequired\":true,\"valueName\":\"search_term_string\"}}],\"inLanguage\":\"es\"}]}<\/script>\n<!-- \/ Yoast SEO plugin. -->","yoast_head_json":{"title":"MSI 31,5\" 4K GAMING (DP) CURVO MAG321 - PC MASTERS BOGOTA","robots":{"index":"index","follow":"follow","max-snippet":"max-snippet:-1","max-image-preview":"max-image-preview:large","max-video-preview":"max-video-preview:-1"},"canonical":"https:\/\/pcmastersbogota.com.co\/es_es\/producto\/msi-315-4k-gaming-dp-curvo-mag321\/","og_locale":"es_ES","og_type":"article","og_title":"MSI 31,5\" 4K GAMING (DP) CURVO MAG321 - PC MASTERS BOGOTA","og_description":"Visualiza tu victoria con el monitor gaming curvo MSI Optix. Equipado con la resoluci\u00f3n 3840 x 2160 y preparado para HDR, Optix te da la ventaja competitiva que necesitas para derrotar a tus oponentes.","og_url":"https:\/\/pcmastersbogota.com.co\/es_es\/producto\/msi-315-4k-gaming-dp-curvo-mag321\/","og_site_name":"PC MASTERS BOGOTA","article_modified_time":"2025-10-31T20:33:03+00:00","og_image":[{"width":1000,"height":1000,"url":"https:\/\/pcmastersbogota.com.co\/wp-content\/uploads\/2021\/08\/15153.png","type":"image\/png"}],"twitter_card":"summary_large_image","twitter_misc":{"Tiempo de lectura":"1 minuto"},"schema":{"@context":"https:\/\/schema.org","@graph":[{"@type":"WebPage","@id":"https:\/\/pcmastersbogota.com.co\/producto\/msi-315-4k-gaming-dp-curvo-mag321\/","url":"https:\/\/pcmastersbogota.com.co\/producto\/msi-315-4k-gaming-dp-curvo-mag321\/","name":"MSI 31,5\" 4K GAMING (DP) CURVO MAG321 - PC MASTERS BOGOTA","isPartOf":{"@id":"https:\/\/pcmastersbogota.com.co\/es_es\/#website"},"primaryImageOfPage":{"@id":"https:\/\/pcmastersbogota.com.co\/producto\/msi-315-4k-gaming-dp-curvo-mag321\/#primaryimage"},"image":{"@id":"https:\/\/pcmastersbogota.com.co\/producto\/msi-315-4k-gaming-dp-curvo-mag321\/#primaryimage"},"thumbnailUrl":"https:\/\/pcmastersbogota.com.co\/wp-content\/uploads\/2021\/08\/15153.png","datePublished":"2021-08-17T19:55:41+00:00","dateModified":"2025-10-31T20:33:03+00:00","breadcrumb":{"@id":"https:\/\/pcmastersbogota.com.co\/producto\/msi-315-4k-gaming-dp-curvo-mag321\/#breadcrumb"},"inLanguage":"es","potentialAction":[{"@type":"ReadAction","target":["https:\/\/pcmastersbogota.com.co\/producto\/msi-315-4k-gaming-dp-curvo-mag321\/"]}]},{"@type":"ImageObject","inLanguage":"es","@id":"https:\/\/pcmastersbogota.com.co\/producto\/msi-315-4k-gaming-dp-curvo-mag321\/#primaryimage","url":"https:\/\/pcmastersbogota.com.co\/wp-content\/uploads\/2021\/08\/15153.png","contentUrl":"https:\/\/pcmastersbogota.com.co\/wp-content\/uploads\/2021\/08\/15153.png","width":1000,"height":1000},{"@type":"BreadcrumbList","@id":"https:\/\/pcmastersbogota.com.co\/producto\/msi-315-4k-gaming-dp-curvo-mag321\/#breadcrumb","itemListElement":[{"@type":"ListItem","position":1,"name":"Home","item":"https:\/\/pcmastersbogota.com.co\/"},{"@type":"ListItem","position":2,"name":"Tienda","item":"https:\/\/pcmastersbogota.com.co\/es_es\/tienda\/"},{"@type":"ListItem","position":3,"name":"MSI 31,5&#8243; 4K GAMING (DP) CURVO MAG321"}]},{"@type":"WebSite","@id":"https:\/\/pcmastersbogota.com.co\/es_es\/#website","url":"https:\/\/pcmastersbogota.com.co\/es_es\/","name":"PC MASTERS BOGOTA","description":"","potentialAction":[{"@type":"SearchAction","target":{"@type":"EntryPoint","urlTemplate":"https:\/\/pcmastersbogota.com.co\/es_es\/?s={search_term_string}"},"query-input":{"@type":"PropertyValueSpecification","valueRequired":true,"valueName":"search_term_string"}}],"inLanguage":"es"}]}},"brands":[{"id":214,"name":"MSI","slug":"msi"}],"_links":{"self":[{"href":"https:\/\/pcmastersbogota.com.co\/es_es\/wp-json\/wp\/v2\/product\/16376","targetHints":{"allow":["GET"]}}],"collection":[{"href":"https:\/\/pcmastersbogota.com.co\/es_es\/wp-json\/wp\/v2\/product"}],"about":[{"href":"https:\/\/pcmastersbogota.com.co\/es_es\/wp-json\/wp\/v2\/types\/product"}],"replies":[{"embeddable":true,"href":"https:\/\/pcmastersbogota.com.co\/es_es\/wp-json\/wp\/v2\/comments?post=16376"}],"version-history":[{"count":4,"href":"https:\/\/pcmastersbogota.com.co\/es_es\/wp-json\/wp\/v2\/product\/16376\/revisions"}],"predecessor-version":[{"id":17657,"href":"https:\/\/pcmastersbogota.com.co\/es_es\/wp-json\/wp\/v2\/product\/16376\/revisions\/17657"}],"wp:featuredmedia":[{"embeddable":true,"href":"https:\/\/pcmastersbogota.com.co\/es_es\/wp-json\/wp\/v2\/media\/16723"}],"wp:attachment":[{"href":"https:\/\/pcmastersbogota.com.co\/es_es\/wp-json\/wp\/v2\/media?parent=16376"}],"wp:term":[{"taxonomy":"pwb-brand","embeddable":true,"href":"https:\/\/pcmastersbogota.com.co\/es_es\/wp-json\/wp\/v2\/pwb-brand?post=16376"},{"taxonomy":"product_brand","embeddable":true,"href":"https:\/\/pcmastersbogota.com.co\/es_es\/wp-json\/wp\/v2\/product_brand?post=16376"},{"taxonomy":"product_cat","embeddable":true,"href":"https:\/\/pcmastersbogota.com.co\/es_es\/wp-json\/wp\/v2\/product_cat?post=16376"},{"taxonomy":"product_tag","embeddable":true,"href":"https:\/\/pcmastersbogota.com.co\/es_es\/wp-json\/wp\/v2\/product_tag?post=16376"}],"curies":[{"name":"wp","href":"https:\/\/api.w.org\/{rel}","templated":true}]}}