{"id":16378,"date":"2021-08-17T14:55:41","date_gmt":"2021-08-17T19:55:41","guid":{"rendered":"https:\/\/pcmastersbogota.com.co\/?post_type=product&#038;p=16378"},"modified":"2025-10-31T15:33:25","modified_gmt":"2025-10-31T20:33:25","slug":"samsung-24-ips-fhd-ajustable-lf24t400fhl","status":"publish","type":"product","link":"https:\/\/pcmastersbogota.com.co\/es_es\/producto\/samsung-24-ips-fhd-ajustable-lf24t400fhl\/","title":{"rendered":"SAMSUNG 24&#8243; IPS (FHD) AJUSTABLE LF24T400FHL"},"content":{"rendered":"<p>https:\/\/www.samsung.com\/mx\/business\/monitors\/t40f\/lf24t400fhlxzx\/<\/p>\n<p>ESPECIFICACIONES<br \/>\nDISE\u00d1O<br \/>\nColores: Negro<br \/>\nTipo de base: HAS Pivot (m\u00e1s de 100 mm)<br \/>\nBase de altura ajustable: 130 \u00b1 2 mm<br \/>\nInclinaci\u00f3n: -3\u00b0\uff08\u00b12.0\u00b0\uff09~ +25\u00b0\uff08\u00b12.0\u00b0\uff09<br \/>\nGiro: -45\u00b0\uff08-2\u00b0\uff0c+0\uff09~ 45\u00b0\uff080\uff0c+2\u00b0\uff09<br \/>\nPivote: -1\u00b0\uff08-2\u00b0\uff0c+0\uff09~ 95.0\u00b0\uff080\uff0c+2\u00b0\uff09<br \/>\nMontura de pared: 100 x 100<\/p>\n<p>PANTALLA<br \/>\nTama\u00f1o de la pantalla (pulgadas): 23.5<br \/>\nTama\u00f1o de la pantalla (cm): 59.8<br \/>\nTama\u00f1o de la pantalla (clase): 24<br \/>\nPlana \/ Curva: Plana<br \/>\nTama\u00f1o de \u00e1rea activa (H x V) [mm]: 521.28 (H) x 293.22 (V)<br \/>\nRelaci\u00f3n de aspecto: 16:9<br \/>\nTipo de panel: IPS<br \/>\nBrillo (t\u00edpico): 250<br \/>\nBrillo (m\u00ednimo): 200<br \/>\nRelaci\u00f3n de contraste est\u00e1tico: 1,000:1 (t\u00edpica), 700:1 (m\u00ednima)<br \/>\nRelaci\u00f3n de contraste din\u00e1mico: Mega<br \/>\nResoluci\u00f3n: 1,920 x 1,080<br \/>\nTiempo de respuesta: 4 (GTG)<br \/>\n\u00c1ngulo de visualizaci\u00f3n (H \/ V): 178\u00b0 \/ 178\u00b0<br \/>\nSoporte de colores: M\u00e1x. 16.7 M<br \/>\nGama de colores (NTSC 1976): 72%<br \/>\nFrecuencia de actualizaci\u00f3n: M\u00e1x. 60 Hz<\/p>\n","protected":false},"excerpt":{"rendered":"<p>El panel IPS conserva la intensidad y la claridad del color en cada cent\u00edmetro de la pantalla, para mostrarle tonos precisos y sombras desde 178\u02da alrededor y sin desgaste de color, permiti\u00e9ndole trabajar c\u00f3modamente.<\/p>\n","protected":false},"featured_media":16734,"comment_status":"open","ping_status":"closed","template":"","meta":[],"pwb-brand":[113],"product_brand":[],"product_cat":[78],"product_tag":[343],"class_list":{"0":"post-16378","1":"product","2":"type-product","3":"status-publish","4":"has-post-thumbnail","6":"pwb-brand-samsung","7":"product_cat-monitores","8":"product_tag-pantallas","10":"first","11":"instock","12":"taxable","13":"shipping-taxable","14":"purchasable","15":"product-type-simple"},"yoast_head":"<!-- This site is optimized with the Yoast SEO plugin v26.7 - https:\/\/yoast.com\/wordpress\/plugins\/seo\/ -->\n<title>SAMSUNG 24&quot; IPS (FHD) AJUSTABLE LF24T400FHL - PC MASTERS BOGOTA<\/title>\n<meta name=\"robots\" content=\"index, follow, max-snippet:-1, max-image-preview:large, max-video-preview:-1\" \/>\n<link rel=\"canonical\" href=\"https:\/\/pcmastersbogota.com.co\/es_es\/producto\/samsung-24-ips-fhd-ajustable-lf24t400fhl\/\" \/>\n<meta property=\"og:locale\" content=\"es_ES\" \/>\n<meta property=\"og:type\" content=\"article\" \/>\n<meta property=\"og:title\" content=\"SAMSUNG 24&quot; IPS (FHD) AJUSTABLE LF24T400FHL - PC MASTERS BOGOTA\" \/>\n<meta property=\"og:description\" content=\"El panel IPS conserva la intensidad y la claridad del color en cada cent\u00edmetro de la pantalla, para mostrarle tonos precisos y sombras desde 178\u02da alrededor y sin desgaste de color, permiti\u00e9ndole trabajar c\u00f3modamente.\" \/>\n<meta property=\"og:url\" content=\"https:\/\/pcmastersbogota.com.co\/es_es\/producto\/samsung-24-ips-fhd-ajustable-lf24t400fhl\/\" \/>\n<meta property=\"og:site_name\" content=\"PC MASTERS BOGOTA\" \/>\n<meta property=\"article:modified_time\" content=\"2025-10-31T20:33:25+00:00\" \/>\n<meta property=\"og:image\" content=\"https:\/\/pcmastersbogota.com.co\/wp-content\/uploads\/2021\/08\/15149.png\" \/>\n\t<meta property=\"og:image:width\" content=\"1000\" \/>\n\t<meta property=\"og:image:height\" content=\"1000\" \/>\n\t<meta property=\"og:image:type\" content=\"image\/png\" \/>\n<meta name=\"twitter:card\" content=\"summary_large_image\" \/>\n<meta name=\"twitter:label1\" content=\"Tiempo de lectura\" \/>\n\t<meta name=\"twitter:data1\" content=\"1 minuto\" \/>\n<script type=\"application\/ld+json\" class=\"yoast-schema-graph\">{\"@context\":\"https:\/\/schema.org\",\"@graph\":[{\"@type\":\"WebPage\",\"@id\":\"https:\/\/pcmastersbogota.com.co\/producto\/samsung-24-ips-fhd-ajustable-lf24t400fhl\/\",\"url\":\"https:\/\/pcmastersbogota.com.co\/producto\/samsung-24-ips-fhd-ajustable-lf24t400fhl\/\",\"name\":\"SAMSUNG 24\\\" IPS (FHD) AJUSTABLE LF24T400FHL - PC MASTERS BOGOTA\",\"isPartOf\":{\"@id\":\"https:\/\/pcmastersbogota.com.co\/es_es\/#website\"},\"primaryImageOfPage\":{\"@id\":\"https:\/\/pcmastersbogota.com.co\/producto\/samsung-24-ips-fhd-ajustable-lf24t400fhl\/#primaryimage\"},\"image\":{\"@id\":\"https:\/\/pcmastersbogota.com.co\/producto\/samsung-24-ips-fhd-ajustable-lf24t400fhl\/#primaryimage\"},\"thumbnailUrl\":\"https:\/\/pcmastersbogota.com.co\/wp-content\/uploads\/2021\/08\/15149.png\",\"datePublished\":\"2021-08-17T19:55:41+00:00\",\"dateModified\":\"2025-10-31T20:33:25+00:00\",\"breadcrumb\":{\"@id\":\"https:\/\/pcmastersbogota.com.co\/producto\/samsung-24-ips-fhd-ajustable-lf24t400fhl\/#breadcrumb\"},\"inLanguage\":\"es\",\"potentialAction\":[{\"@type\":\"ReadAction\",\"target\":[\"https:\/\/pcmastersbogota.com.co\/producto\/samsung-24-ips-fhd-ajustable-lf24t400fhl\/\"]}]},{\"@type\":\"ImageObject\",\"inLanguage\":\"es\",\"@id\":\"https:\/\/pcmastersbogota.com.co\/producto\/samsung-24-ips-fhd-ajustable-lf24t400fhl\/#primaryimage\",\"url\":\"https:\/\/pcmastersbogota.com.co\/wp-content\/uploads\/2021\/08\/15149.png\",\"contentUrl\":\"https:\/\/pcmastersbogota.com.co\/wp-content\/uploads\/2021\/08\/15149.png\",\"width\":1000,\"height\":1000},{\"@type\":\"BreadcrumbList\",\"@id\":\"https:\/\/pcmastersbogota.com.co\/producto\/samsung-24-ips-fhd-ajustable-lf24t400fhl\/#breadcrumb\",\"itemListElement\":[{\"@type\":\"ListItem\",\"position\":1,\"name\":\"Home\",\"item\":\"https:\/\/pcmastersbogota.com.co\/\"},{\"@type\":\"ListItem\",\"position\":2,\"name\":\"Tienda\",\"item\":\"https:\/\/pcmastersbogota.com.co\/es_es\/tienda\/\"},{\"@type\":\"ListItem\",\"position\":3,\"name\":\"SAMSUNG 24&#8243; IPS (FHD) AJUSTABLE LF24T400FHL\"}]},{\"@type\":\"WebSite\",\"@id\":\"https:\/\/pcmastersbogota.com.co\/es_es\/#website\",\"url\":\"https:\/\/pcmastersbogota.com.co\/es_es\/\",\"name\":\"PC MASTERS BOGOTA\",\"description\":\"\",\"potentialAction\":[{\"@type\":\"SearchAction\",\"target\":{\"@type\":\"EntryPoint\",\"urlTemplate\":\"https:\/\/pcmastersbogota.com.co\/es_es\/?s={search_term_string}\"},\"query-input\":{\"@type\":\"PropertyValueSpecification\",\"valueRequired\":true,\"valueName\":\"search_term_string\"}}],\"inLanguage\":\"es\"}]}<\/script>\n<!-- \/ Yoast SEO plugin. -->","yoast_head_json":{"title":"SAMSUNG 24\" IPS (FHD) AJUSTABLE LF24T400FHL - PC MASTERS BOGOTA","robots":{"index":"index","follow":"follow","max-snippet":"max-snippet:-1","max-image-preview":"max-image-preview:large","max-video-preview":"max-video-preview:-1"},"canonical":"https:\/\/pcmastersbogota.com.co\/es_es\/producto\/samsung-24-ips-fhd-ajustable-lf24t400fhl\/","og_locale":"es_ES","og_type":"article","og_title":"SAMSUNG 24\" IPS (FHD) AJUSTABLE LF24T400FHL - PC MASTERS BOGOTA","og_description":"El panel IPS conserva la intensidad y la claridad del color en cada cent\u00edmetro de la pantalla, para mostrarle tonos precisos y sombras desde 178\u02da alrededor y sin desgaste de color, permiti\u00e9ndole trabajar c\u00f3modamente.","og_url":"https:\/\/pcmastersbogota.com.co\/es_es\/producto\/samsung-24-ips-fhd-ajustable-lf24t400fhl\/","og_site_name":"PC MASTERS BOGOTA","article_modified_time":"2025-10-31T20:33:25+00:00","og_image":[{"width":1000,"height":1000,"url":"https:\/\/pcmastersbogota.com.co\/wp-content\/uploads\/2021\/08\/15149.png","type":"image\/png"}],"twitter_card":"summary_large_image","twitter_misc":{"Tiempo de lectura":"1 minuto"},"schema":{"@context":"https:\/\/schema.org","@graph":[{"@type":"WebPage","@id":"https:\/\/pcmastersbogota.com.co\/producto\/samsung-24-ips-fhd-ajustable-lf24t400fhl\/","url":"https:\/\/pcmastersbogota.com.co\/producto\/samsung-24-ips-fhd-ajustable-lf24t400fhl\/","name":"SAMSUNG 24\" IPS (FHD) AJUSTABLE LF24T400FHL - PC MASTERS BOGOTA","isPartOf":{"@id":"https:\/\/pcmastersbogota.com.co\/es_es\/#website"},"primaryImageOfPage":{"@id":"https:\/\/pcmastersbogota.com.co\/producto\/samsung-24-ips-fhd-ajustable-lf24t400fhl\/#primaryimage"},"image":{"@id":"https:\/\/pcmastersbogota.com.co\/producto\/samsung-24-ips-fhd-ajustable-lf24t400fhl\/#primaryimage"},"thumbnailUrl":"https:\/\/pcmastersbogota.com.co\/wp-content\/uploads\/2021\/08\/15149.png","datePublished":"2021-08-17T19:55:41+00:00","dateModified":"2025-10-31T20:33:25+00:00","breadcrumb":{"@id":"https:\/\/pcmastersbogota.com.co\/producto\/samsung-24-ips-fhd-ajustable-lf24t400fhl\/#breadcrumb"},"inLanguage":"es","potentialAction":[{"@type":"ReadAction","target":["https:\/\/pcmastersbogota.com.co\/producto\/samsung-24-ips-fhd-ajustable-lf24t400fhl\/"]}]},{"@type":"ImageObject","inLanguage":"es","@id":"https:\/\/pcmastersbogota.com.co\/producto\/samsung-24-ips-fhd-ajustable-lf24t400fhl\/#primaryimage","url":"https:\/\/pcmastersbogota.com.co\/wp-content\/uploads\/2021\/08\/15149.png","contentUrl":"https:\/\/pcmastersbogota.com.co\/wp-content\/uploads\/2021\/08\/15149.png","width":1000,"height":1000},{"@type":"BreadcrumbList","@id":"https:\/\/pcmastersbogota.com.co\/producto\/samsung-24-ips-fhd-ajustable-lf24t400fhl\/#breadcrumb","itemListElement":[{"@type":"ListItem","position":1,"name":"Home","item":"https:\/\/pcmastersbogota.com.co\/"},{"@type":"ListItem","position":2,"name":"Tienda","item":"https:\/\/pcmastersbogota.com.co\/es_es\/tienda\/"},{"@type":"ListItem","position":3,"name":"SAMSUNG 24&#8243; IPS (FHD) AJUSTABLE LF24T400FHL"}]},{"@type":"WebSite","@id":"https:\/\/pcmastersbogota.com.co\/es_es\/#website","url":"https:\/\/pcmastersbogota.com.co\/es_es\/","name":"PC MASTERS BOGOTA","description":"","potentialAction":[{"@type":"SearchAction","target":{"@type":"EntryPoint","urlTemplate":"https:\/\/pcmastersbogota.com.co\/es_es\/?s={search_term_string}"},"query-input":{"@type":"PropertyValueSpecification","valueRequired":true,"valueName":"search_term_string"}}],"inLanguage":"es"}]}},"brands":[{"id":113,"name":"SAMSUNG","slug":"samsung"}],"_links":{"self":[{"href":"https:\/\/pcmastersbogota.com.co\/es_es\/wp-json\/wp\/v2\/product\/16378","targetHints":{"allow":["GET"]}}],"collection":[{"href":"https:\/\/pcmastersbogota.com.co\/es_es\/wp-json\/wp\/v2\/product"}],"about":[{"href":"https:\/\/pcmastersbogota.com.co\/es_es\/wp-json\/wp\/v2\/types\/product"}],"replies":[{"embeddable":true,"href":"https:\/\/pcmastersbogota.com.co\/es_es\/wp-json\/wp\/v2\/comments?post=16378"}],"version-history":[{"count":4,"href":"https:\/\/pcmastersbogota.com.co\/es_es\/wp-json\/wp\/v2\/product\/16378\/revisions"}],"predecessor-version":[{"id":17659,"href":"https:\/\/pcmastersbogota.com.co\/es_es\/wp-json\/wp\/v2\/product\/16378\/revisions\/17659"}],"wp:featuredmedia":[{"embeddable":true,"href":"https:\/\/pcmastersbogota.com.co\/es_es\/wp-json\/wp\/v2\/media\/16734"}],"wp:attachment":[{"href":"https:\/\/pcmastersbogota.com.co\/es_es\/wp-json\/wp\/v2\/media?parent=16378"}],"wp:term":[{"taxonomy":"pwb-brand","embeddable":true,"href":"https:\/\/pcmastersbogota.com.co\/es_es\/wp-json\/wp\/v2\/pwb-brand?post=16378"},{"taxonomy":"product_brand","embeddable":true,"href":"https:\/\/pcmastersbogota.com.co\/es_es\/wp-json\/wp\/v2\/product_brand?post=16378"},{"taxonomy":"product_cat","embeddable":true,"href":"https:\/\/pcmastersbogota.com.co\/es_es\/wp-json\/wp\/v2\/product_cat?post=16378"},{"taxonomy":"product_tag","embeddable":true,"href":"https:\/\/pcmastersbogota.com.co\/es_es\/wp-json\/wp\/v2\/product_tag?post=16378"}],"curies":[{"name":"wp","href":"https:\/\/api.w.org\/{rel}","templated":true}]}}