{"id":16384,"date":"2021-08-17T14:55:42","date_gmt":"2021-08-17T19:55:42","guid":{"rendered":"https:\/\/pcmastersbogota.com.co\/?post_type=product&#038;p=16384"},"modified":"2025-10-31T15:31:45","modified_gmt":"2025-10-31T20:31:45","slug":"samsung-32-4k-display-port-uhd-lu32j590uq","status":"publish","type":"product","link":"https:\/\/pcmastersbogota.com.co\/es_es\/producto\/samsung-32-4k-display-port-uhd-lu32j590uq\/","title":{"rendered":"SAMSUNG 32&#8243; 4K (DISPLAY PORT) UHD LU32J590UQ"},"content":{"rendered":"<p>https:\/\/www.samsung.com\/pe\/monitors\/high-resolution\/uhd-4k-monitor-con-1-billion-de-colores-32-inch-lu32j590uqlxpe\/<\/p>\n<p>Caracter\u00edsticas del producto<\/p>\n<p>Tama\u00f1o de la pantalla: 32 \u00bb<\/p>\n<p>Es curvo: No<\/p>\n<p>Con altavoces incorporados: No<\/p>\n<p>Tipo de resoluci\u00f3n: UHD<\/p>\n<p>Es reclinable: S\u00ed<br \/>\nCaracter\u00edsticas generales<br \/>\nMarca<br \/>\nSamsung<br \/>\nL\u00ednea<br \/>\nGaming<br \/>\nModelo<br \/>\nU32J590UQ<br \/>\nModelo alfanum\u00e9rico<br \/>\nU32J590UQL<br \/>\nConectividad<br \/>\nConexiones del monitor<br \/>\nDisplayPort 1.2,HDMI 1.4,HDMI 2.0,Jack 3.5 mm<br \/>\nEspecificaciones<br \/>\nEs curvo<br \/>\nNo<br \/>\nEs gamer<br \/>\nS\u00ed<br \/>\nSistemas operativos compatibles<br \/>\nWindows 7,Windows 8,Windows 8.1,Windows 10<br \/>\nCon altavoces incorporados<br \/>\nNo<br \/>\nEs girat\u00f3rio<br \/>\nNo<br \/>\nEs reclinable<br \/>\nS\u00ed<br \/>\nOtros<br \/>\nCon montaje VESA<br \/>\nS\u00ed<br \/>\nPeso y dimensiones<br \/>\nAltura con soporte<br \/>\n534.5 mm<br \/>\nLargo con soporte<br \/>\n250.5 mm<br \/>\nAncho con soporte<br \/>\n729.5 mm<br \/>\nPeso con soporte<br \/>\n6.3 kg<br \/>\nAltura sin soporte<br \/>\n427.8 mm<br \/>\nLargo sin soporte<br \/>\n56.4 mm<br \/>\nAncho sin soporte<br \/>\n729.5 mm<br \/>\nPeso sin soporte<br \/>\n5.5 kg<br \/>\nPantalla<br \/>\nTama\u00f1o de la pantalla<br \/>\n32 \u00bb<br \/>\nFrecuencia de refresco<br \/>\n60 Hz<br \/>\nTipo de pantalla<br \/>\nLED<br \/>\nTipo de resoluci\u00f3n<br \/>\nUHD<br \/>\nResoluci\u00f3n de la pantalla<br \/>\n3840 px x 2160 px<br \/>\nTipo de panel<br \/>\nVA<br \/>\nTecnolog\u00edas de la pantalla<br \/>\nFreeSync<br \/>\nRelaci\u00f3n de aspecto<br \/>\n16:9<br \/>\nContraste<br \/>\n3000:1<br \/>\n\u00c1ngulo de visi\u00f3n horizontal<br \/>\n178\u00b0<br \/>\n\u00c1ngulo de visi\u00f3n vertical<br \/>\n178\u00b0<br \/>\nBrillo<br \/>\n270 cd\/m\u00b2<br \/>\nTiempo de respuesta GTG<br \/>\n4 ms<br \/>\nEs antireflejo<br \/>\nS\u00ed<\/p>\n","protected":false},"excerpt":{"rendered":"<p>Con 4x los p\u00edxeles de Full HD, el monitor de 31.5\u2033 brinda m\u00e1s espacio en la pantalla e im\u00e1genes UHD incre\u00edblemente reales. Esto significa que puedes ver documentos y p\u00e1ginas web con menos desplazamiento, trabajar c\u00f3modamente con m\u00faltiples ventanas y barras de herramientas, disfrutar de fotos, videos y juegos en una impresionante calidad de 4K.<\/p>\n","protected":false},"featured_media":16705,"comment_status":"open","ping_status":"closed","template":"","meta":[],"pwb-brand":[113],"product_brand":[],"product_cat":[78],"product_tag":[343],"class_list":{"0":"post-16384","1":"product","2":"type-product","3":"status-publish","4":"has-post-thumbnail","6":"pwb-brand-samsung","7":"product_cat-monitores","8":"product_tag-pantallas","10":"first","11":"instock","12":"taxable","13":"shipping-taxable","14":"purchasable","15":"product-type-simple"},"yoast_head":"<!-- This site is optimized with the Yoast SEO plugin v26.7 - https:\/\/yoast.com\/wordpress\/plugins\/seo\/ -->\n<title>SAMSUNG 32&quot; 4K (DISPLAY PORT) UHD LU32J590UQ - PC MASTERS BOGOTA<\/title>\n<meta name=\"robots\" content=\"index, follow, max-snippet:-1, max-image-preview:large, max-video-preview:-1\" \/>\n<link rel=\"canonical\" href=\"https:\/\/pcmastersbogota.com.co\/es_es\/producto\/samsung-32-4k-display-port-uhd-lu32j590uq\/\" \/>\n<meta property=\"og:locale\" content=\"es_ES\" \/>\n<meta property=\"og:type\" content=\"article\" \/>\n<meta property=\"og:title\" content=\"SAMSUNG 32&quot; 4K (DISPLAY PORT) UHD LU32J590UQ - PC MASTERS BOGOTA\" \/>\n<meta property=\"og:description\" content=\"Con 4x los p\u00edxeles de Full HD, el monitor de 31.5\u2033 brinda m\u00e1s espacio en la pantalla e im\u00e1genes UHD incre\u00edblemente reales. Esto significa que puedes ver documentos y p\u00e1ginas web con menos desplazamiento, trabajar c\u00f3modamente con m\u00faltiples ventanas y barras de herramientas, disfrutar de fotos, videos y juegos en una impresionante calidad de 4K.\" \/>\n<meta property=\"og:url\" content=\"https:\/\/pcmastersbogota.com.co\/es_es\/producto\/samsung-32-4k-display-port-uhd-lu32j590uq\/\" \/>\n<meta property=\"og:site_name\" content=\"PC MASTERS BOGOTA\" \/>\n<meta property=\"article:modified_time\" content=\"2025-10-31T20:31:45+00:00\" \/>\n<meta property=\"og:image\" content=\"https:\/\/pcmastersbogota.com.co\/wp-content\/uploads\/2021\/08\/15134.png\" \/>\n\t<meta property=\"og:image:width\" content=\"1000\" \/>\n\t<meta property=\"og:image:height\" content=\"1000\" \/>\n\t<meta property=\"og:image:type\" content=\"image\/png\" \/>\n<meta name=\"twitter:card\" content=\"summary_large_image\" \/>\n<meta name=\"twitter:label1\" content=\"Tiempo de lectura\" \/>\n\t<meta name=\"twitter:data1\" content=\"1 minuto\" \/>\n<script type=\"application\/ld+json\" class=\"yoast-schema-graph\">{\"@context\":\"https:\/\/schema.org\",\"@graph\":[{\"@type\":\"WebPage\",\"@id\":\"https:\/\/pcmastersbogota.com.co\/producto\/samsung-32-4k-display-port-uhd-lu32j590uq\/\",\"url\":\"https:\/\/pcmastersbogota.com.co\/producto\/samsung-32-4k-display-port-uhd-lu32j590uq\/\",\"name\":\"SAMSUNG 32\\\" 4K (DISPLAY PORT) UHD LU32J590UQ - PC MASTERS BOGOTA\",\"isPartOf\":{\"@id\":\"https:\/\/pcmastersbogota.com.co\/es_es\/#website\"},\"primaryImageOfPage\":{\"@id\":\"https:\/\/pcmastersbogota.com.co\/producto\/samsung-32-4k-display-port-uhd-lu32j590uq\/#primaryimage\"},\"image\":{\"@id\":\"https:\/\/pcmastersbogota.com.co\/producto\/samsung-32-4k-display-port-uhd-lu32j590uq\/#primaryimage\"},\"thumbnailUrl\":\"https:\/\/pcmastersbogota.com.co\/wp-content\/uploads\/2021\/08\/15134.png\",\"datePublished\":\"2021-08-17T19:55:42+00:00\",\"dateModified\":\"2025-10-31T20:31:45+00:00\",\"breadcrumb\":{\"@id\":\"https:\/\/pcmastersbogota.com.co\/producto\/samsung-32-4k-display-port-uhd-lu32j590uq\/#breadcrumb\"},\"inLanguage\":\"es\",\"potentialAction\":[{\"@type\":\"ReadAction\",\"target\":[\"https:\/\/pcmastersbogota.com.co\/producto\/samsung-32-4k-display-port-uhd-lu32j590uq\/\"]}]},{\"@type\":\"ImageObject\",\"inLanguage\":\"es\",\"@id\":\"https:\/\/pcmastersbogota.com.co\/producto\/samsung-32-4k-display-port-uhd-lu32j590uq\/#primaryimage\",\"url\":\"https:\/\/pcmastersbogota.com.co\/wp-content\/uploads\/2021\/08\/15134.png\",\"contentUrl\":\"https:\/\/pcmastersbogota.com.co\/wp-content\/uploads\/2021\/08\/15134.png\",\"width\":1000,\"height\":1000},{\"@type\":\"BreadcrumbList\",\"@id\":\"https:\/\/pcmastersbogota.com.co\/producto\/samsung-32-4k-display-port-uhd-lu32j590uq\/#breadcrumb\",\"itemListElement\":[{\"@type\":\"ListItem\",\"position\":1,\"name\":\"Home\",\"item\":\"https:\/\/pcmastersbogota.com.co\/\"},{\"@type\":\"ListItem\",\"position\":2,\"name\":\"Tienda\",\"item\":\"https:\/\/pcmastersbogota.com.co\/es_es\/tienda\/\"},{\"@type\":\"ListItem\",\"position\":3,\"name\":\"SAMSUNG 32&#8243; 4K (DISPLAY PORT) UHD LU32J590UQ\"}]},{\"@type\":\"WebSite\",\"@id\":\"https:\/\/pcmastersbogota.com.co\/es_es\/#website\",\"url\":\"https:\/\/pcmastersbogota.com.co\/es_es\/\",\"name\":\"PC MASTERS BOGOTA\",\"description\":\"\",\"potentialAction\":[{\"@type\":\"SearchAction\",\"target\":{\"@type\":\"EntryPoint\",\"urlTemplate\":\"https:\/\/pcmastersbogota.com.co\/es_es\/?s={search_term_string}\"},\"query-input\":{\"@type\":\"PropertyValueSpecification\",\"valueRequired\":true,\"valueName\":\"search_term_string\"}}],\"inLanguage\":\"es\"}]}<\/script>\n<!-- \/ Yoast SEO plugin. -->","yoast_head_json":{"title":"SAMSUNG 32\" 4K (DISPLAY PORT) UHD LU32J590UQ - PC MASTERS BOGOTA","robots":{"index":"index","follow":"follow","max-snippet":"max-snippet:-1","max-image-preview":"max-image-preview:large","max-video-preview":"max-video-preview:-1"},"canonical":"https:\/\/pcmastersbogota.com.co\/es_es\/producto\/samsung-32-4k-display-port-uhd-lu32j590uq\/","og_locale":"es_ES","og_type":"article","og_title":"SAMSUNG 32\" 4K (DISPLAY PORT) UHD LU32J590UQ - PC MASTERS BOGOTA","og_description":"Con 4x los p\u00edxeles de Full HD, el monitor de 31.5\u2033 brinda m\u00e1s espacio en la pantalla e im\u00e1genes UHD incre\u00edblemente reales. Esto significa que puedes ver documentos y p\u00e1ginas web con menos desplazamiento, trabajar c\u00f3modamente con m\u00faltiples ventanas y barras de herramientas, disfrutar de fotos, videos y juegos en una impresionante calidad de 4K.","og_url":"https:\/\/pcmastersbogota.com.co\/es_es\/producto\/samsung-32-4k-display-port-uhd-lu32j590uq\/","og_site_name":"PC MASTERS BOGOTA","article_modified_time":"2025-10-31T20:31:45+00:00","og_image":[{"width":1000,"height":1000,"url":"https:\/\/pcmastersbogota.com.co\/wp-content\/uploads\/2021\/08\/15134.png","type":"image\/png"}],"twitter_card":"summary_large_image","twitter_misc":{"Tiempo de lectura":"1 minuto"},"schema":{"@context":"https:\/\/schema.org","@graph":[{"@type":"WebPage","@id":"https:\/\/pcmastersbogota.com.co\/producto\/samsung-32-4k-display-port-uhd-lu32j590uq\/","url":"https:\/\/pcmastersbogota.com.co\/producto\/samsung-32-4k-display-port-uhd-lu32j590uq\/","name":"SAMSUNG 32\" 4K (DISPLAY PORT) UHD LU32J590UQ - PC MASTERS BOGOTA","isPartOf":{"@id":"https:\/\/pcmastersbogota.com.co\/es_es\/#website"},"primaryImageOfPage":{"@id":"https:\/\/pcmastersbogota.com.co\/producto\/samsung-32-4k-display-port-uhd-lu32j590uq\/#primaryimage"},"image":{"@id":"https:\/\/pcmastersbogota.com.co\/producto\/samsung-32-4k-display-port-uhd-lu32j590uq\/#primaryimage"},"thumbnailUrl":"https:\/\/pcmastersbogota.com.co\/wp-content\/uploads\/2021\/08\/15134.png","datePublished":"2021-08-17T19:55:42+00:00","dateModified":"2025-10-31T20:31:45+00:00","breadcrumb":{"@id":"https:\/\/pcmastersbogota.com.co\/producto\/samsung-32-4k-display-port-uhd-lu32j590uq\/#breadcrumb"},"inLanguage":"es","potentialAction":[{"@type":"ReadAction","target":["https:\/\/pcmastersbogota.com.co\/producto\/samsung-32-4k-display-port-uhd-lu32j590uq\/"]}]},{"@type":"ImageObject","inLanguage":"es","@id":"https:\/\/pcmastersbogota.com.co\/producto\/samsung-32-4k-display-port-uhd-lu32j590uq\/#primaryimage","url":"https:\/\/pcmastersbogota.com.co\/wp-content\/uploads\/2021\/08\/15134.png","contentUrl":"https:\/\/pcmastersbogota.com.co\/wp-content\/uploads\/2021\/08\/15134.png","width":1000,"height":1000},{"@type":"BreadcrumbList","@id":"https:\/\/pcmastersbogota.com.co\/producto\/samsung-32-4k-display-port-uhd-lu32j590uq\/#breadcrumb","itemListElement":[{"@type":"ListItem","position":1,"name":"Home","item":"https:\/\/pcmastersbogota.com.co\/"},{"@type":"ListItem","position":2,"name":"Tienda","item":"https:\/\/pcmastersbogota.com.co\/es_es\/tienda\/"},{"@type":"ListItem","position":3,"name":"SAMSUNG 32&#8243; 4K (DISPLAY PORT) UHD LU32J590UQ"}]},{"@type":"WebSite","@id":"https:\/\/pcmastersbogota.com.co\/es_es\/#website","url":"https:\/\/pcmastersbogota.com.co\/es_es\/","name":"PC MASTERS BOGOTA","description":"","potentialAction":[{"@type":"SearchAction","target":{"@type":"EntryPoint","urlTemplate":"https:\/\/pcmastersbogota.com.co\/es_es\/?s={search_term_string}"},"query-input":{"@type":"PropertyValueSpecification","valueRequired":true,"valueName":"search_term_string"}}],"inLanguage":"es"}]}},"brands":[{"id":113,"name":"SAMSUNG","slug":"samsung"}],"_links":{"self":[{"href":"https:\/\/pcmastersbogota.com.co\/es_es\/wp-json\/wp\/v2\/product\/16384","targetHints":{"allow":["GET"]}}],"collection":[{"href":"https:\/\/pcmastersbogota.com.co\/es_es\/wp-json\/wp\/v2\/product"}],"about":[{"href":"https:\/\/pcmastersbogota.com.co\/es_es\/wp-json\/wp\/v2\/types\/product"}],"replies":[{"embeddable":true,"href":"https:\/\/pcmastersbogota.com.co\/es_es\/wp-json\/wp\/v2\/comments?post=16384"}],"version-history":[{"count":4,"href":"https:\/\/pcmastersbogota.com.co\/es_es\/wp-json\/wp\/v2\/product\/16384\/revisions"}],"predecessor-version":[{"id":17654,"href":"https:\/\/pcmastersbogota.com.co\/es_es\/wp-json\/wp\/v2\/product\/16384\/revisions\/17654"}],"wp:featuredmedia":[{"embeddable":true,"href":"https:\/\/pcmastersbogota.com.co\/es_es\/wp-json\/wp\/v2\/media\/16705"}],"wp:attachment":[{"href":"https:\/\/pcmastersbogota.com.co\/es_es\/wp-json\/wp\/v2\/media?parent=16384"}],"wp:term":[{"taxonomy":"pwb-brand","embeddable":true,"href":"https:\/\/pcmastersbogota.com.co\/es_es\/wp-json\/wp\/v2\/pwb-brand?post=16384"},{"taxonomy":"product_brand","embeddable":true,"href":"https:\/\/pcmastersbogota.com.co\/es_es\/wp-json\/wp\/v2\/product_brand?post=16384"},{"taxonomy":"product_cat","embeddable":true,"href":"https:\/\/pcmastersbogota.com.co\/es_es\/wp-json\/wp\/v2\/product_cat?post=16384"},{"taxonomy":"product_tag","embeddable":true,"href":"https:\/\/pcmastersbogota.com.co\/es_es\/wp-json\/wp\/v2\/product_tag?post=16384"}],"curies":[{"name":"wp","href":"https:\/\/api.w.org\/{rel}","templated":true}]}}