{"id":18275,"date":"2021-10-15T13:50:48","date_gmt":"2021-10-15T18:50:48","guid":{"rendered":"https:\/\/pcmastersbogota.com.co\/?post_type=product&#038;p=18275"},"modified":"2026-01-08T20:27:15","modified_gmt":"2026-01-09T01:27:15","slug":"amd-ryzen-5-5600g","status":"publish","type":"product","link":"https:\/\/pcmastersbogota.com.co\/es_es\/producto\/amd-ryzen-5-5600g\/","title":{"rendered":"AMD RYZEN 5 5600G"},"content":{"rendered":"<p>https:\/\/www.amd.com\/es\/products\/cpu\/amd-ryzen-5-5600G<\/p>\n<h1 class=\"a-size-base-plus a-text-bold\">Sobre este art\u00edculo<\/h1>\n<ul class=\"a-unordered-list a-vertical a-spacing-mini\">\n<li><span class=\"a-list-item\">Procesador de 6 n\u00facleos m\u00e1s r\u00e1pido de AMD para escritorio principal, con 12 hilos de procesamiento.<\/span><\/li>\n<li><span class=\"a-list-item\">Puede ofrecer un rendimiento de \u00e9lite de 100 + FPS en los juegos m\u00e1s populares del mundo.<\/span><\/li>\n<li><span class=\"a-list-item\">Incluye el enfriador silencioso y capaz AMD Wraith Stealth<\/span><\/li>\n<li><span class=\"a-list-item\">4.6 GHz Max Boost, desbloqueado para overclock, 35 MB de cach\u00e9, soporte DDR-3200.<\/span><\/li>\n<li><span class=\"a-list-item\">Para la plataforma de enchufe avanzada AM4, puede soportar PCIe 4.0 en placas base X570 y B550.<\/span><\/li>\n<\/ul>\n<table id=\"productDetails_techSpec_section_2\" class=\"a-keyvalue prodDetTable\" role=\"presentation\">\n<tbody>\n<tr>\n<th class=\"a-color-secondary a-size-base prodDetSectionEntry\">Brand<\/th>\n<td class=\"a-size-base prodDetAttrValue\">\u200eAMD<\/td>\n<\/tr>\n<tr>\n<th class=\"a-color-secondary a-size-base prodDetSectionEntry\">Series<\/th>\n<td class=\"a-size-base prodDetAttrValue\">\u200eAMD Ryzen 5 5600G, with Wraith Stealth<\/td>\n<\/tr>\n<tr>\n<th class=\"a-color-secondary a-size-base prodDetSectionEntry\">N\u00famero de modelo del producto<\/th>\n<td class=\"a-size-base prodDetAttrValue\">\u200eAMD Ryzen 5 5600G<\/td>\n<\/tr>\n<tr>\n<th class=\"a-color-secondary a-size-base prodDetSectionEntry\">Peso del producto<\/th>\n<td class=\"a-size-base prodDetAttrValue\">\u200e2.8 onzas<\/td>\n<\/tr>\n<tr>\n<th class=\"a-color-secondary a-size-base prodDetSectionEntry\">Dimensiones del producto<\/th>\n<td class=\"a-size-base prodDetAttrValue\">\u200e1.57 x 1.57 x 0.24 pulgadas<\/td>\n<\/tr>\n<tr>\n<th class=\"a-color-secondary a-size-base prodDetSectionEntry\">Dimensiones del art\u00edculo Largo x Ancho x Altura<\/th>\n<td class=\"a-size-base prodDetAttrValue\">\u200e1.57 x 1.57 x 0.24 pulgadas<\/td>\n<\/tr>\n<tr>\n<th class=\"a-color-secondary a-size-base prodDetSectionEntry\">Color<\/th>\n<td class=\"a-size-base prodDetAttrValue\">\u200eBlanco<\/td>\n<\/tr>\n<tr>\n<th class=\"a-color-secondary a-size-base prodDetSectionEntry\">Marca del procesador<\/th>\n<td class=\"a-size-base prodDetAttrValue\">\u200eAMD<\/td>\n<\/tr>\n<tr>\n<th class=\"a-color-secondary a-size-base prodDetSectionEntry\">N\u00famero de procesadores<\/th>\n<td class=\"a-size-base prodDetAttrValue\">\u200eL\u00d3GICOS 6\u00a0 VIRTUALES 12<\/td>\n<\/tr>\n<tr>\n<th class=\"a-color-secondary a-size-base prodDetSectionEntry\">Fabricante<\/th>\n<td class=\"a-size-base prodDetAttrValue\">\u200eAMD<\/td>\n<\/tr>\n<\/tbody>\n<\/table>\n","protected":false},"excerpt":{"rendered":"<p>Marca AMD<br \/>\nFabricante de CPU AMD<br \/>\nProcesador 3.9GHz MAX 4.4GHz ryzen_5<br \/>\nZ\u00f3calo de CPU Socket AM4<br \/>\nPlataforma Linux, Windows<br \/>\n<span class=\"fieldset-legend\" tabindex=\"0\">Graphics\u00a0<\/span><\/p>\n<div class=\"fieldset-wrapper\">\n<div class=\"field field--name-field-apu-graphics field--type-string field--label-inline\">\n<div class=\"field__label\">Modelo de gr\u00e1ficos<\/div>\n<div class=\"field__item\">Radeon\u2122 Graphics vega 8<\/div>\n<\/div>\n<div class=\"field field--name-field-gpu-core-count field--type-integer field--label-inline\">\n<div class=\"field__label\">N.\u00b0 de n\u00facleos de GPU<\/div>\n<div class=\"field__item\">7<\/div>\n<\/div>\n<div class=\"field field--name-field-gpu-clock-speed field--type-integer field--label-inline\">\n<div class=\"field__label\">Frecuencia de gr\u00e1ficos<\/div>\n<div class=\"field__items\">\n<div class=\"field__item\">1900 MHz<\/div>\n<\/div>\n<\/div>\n<\/div>\n","protected":false},"featured_media":18277,"comment_status":"open","ping_status":"closed","template":"","meta":[],"pwb-brand":[87],"product_brand":[],"product_cat":[20],"product_tag":[472,182],"class_list":{"0":"post-18275","1":"product","2":"type-product","3":"status-publish","4":"has-post-thumbnail","6":"pwb-brand-amd","7":"product_cat-procesadores","8":"product_tag-procesador-amd","9":"product_tag-ryzen-am4","11":"first","12":"instock","13":"taxable","14":"shipping-taxable","15":"purchasable","16":"product-type-simple"},"yoast_head":"<!-- This site is optimized with the Yoast SEO plugin v26.7 - https:\/\/yoast.com\/wordpress\/plugins\/seo\/ -->\n<title>AMD RYZEN 5 5600G - PC MASTERS BOGOTA<\/title>\n<meta name=\"robots\" content=\"index, follow, max-snippet:-1, max-image-preview:large, max-video-preview:-1\" \/>\n<link rel=\"canonical\" href=\"https:\/\/pcmastersbogota.com.co\/es_es\/producto\/amd-ryzen-5-5600g\/\" \/>\n<meta property=\"og:locale\" content=\"es_ES\" \/>\n<meta property=\"og:type\" content=\"article\" \/>\n<meta property=\"og:title\" content=\"AMD RYZEN 5 5600G - PC MASTERS BOGOTA\" \/>\n<meta property=\"og:description\" content=\"Marca AMD Fabricante de CPU AMD Procesador 3.9GHz MAX 4.4GHz ryzen_5 Z\u00f3calo de CPU Socket AM4 Plataforma Linux, Windows Graphics\u00a0   Modelo de gr\u00e1ficos Radeon\u2122 Graphics vega 8   N.\u00b0 de n\u00facleos de GPU 7   Frecuencia de gr\u00e1ficos  1900 MHz\" \/>\n<meta property=\"og:url\" content=\"https:\/\/pcmastersbogota.com.co\/es_es\/producto\/amd-ryzen-5-5600g\/\" \/>\n<meta property=\"og:site_name\" content=\"PC MASTERS BOGOTA\" \/>\n<meta property=\"article:modified_time\" content=\"2026-01-09T01:27:15+00:00\" \/>\n<meta property=\"og:image\" content=\"https:\/\/pcmastersbogota.com.co\/wp-content\/uploads\/2021\/10\/AMD_R5-5600G_01.png\" \/>\n\t<meta property=\"og:image:width\" content=\"620\" \/>\n\t<meta property=\"og:image:height\" content=\"685\" \/>\n\t<meta property=\"og:image:type\" content=\"image\/png\" \/>\n<meta name=\"twitter:card\" content=\"summary_large_image\" \/>\n<meta name=\"twitter:label1\" content=\"Tiempo de lectura\" \/>\n\t<meta name=\"twitter:data1\" content=\"1 minuto\" \/>\n<script type=\"application\/ld+json\" class=\"yoast-schema-graph\">{\"@context\":\"https:\/\/schema.org\",\"@graph\":[{\"@type\":\"WebPage\",\"@id\":\"https:\/\/pcmastersbogota.com.co\/producto\/amd-ryzen-5-5600g\/\",\"url\":\"https:\/\/pcmastersbogota.com.co\/producto\/amd-ryzen-5-5600g\/\",\"name\":\"AMD RYZEN 5 5600G - PC MASTERS BOGOTA\",\"isPartOf\":{\"@id\":\"https:\/\/pcmastersbogota.com.co\/es_es\/#website\"},\"primaryImageOfPage\":{\"@id\":\"https:\/\/pcmastersbogota.com.co\/producto\/amd-ryzen-5-5600g\/#primaryimage\"},\"image\":{\"@id\":\"https:\/\/pcmastersbogota.com.co\/producto\/amd-ryzen-5-5600g\/#primaryimage\"},\"thumbnailUrl\":\"https:\/\/pcmastersbogota.com.co\/wp-content\/uploads\/2021\/10\/AMD_R5-5600G_01.png\",\"datePublished\":\"2021-10-15T18:50:48+00:00\",\"dateModified\":\"2026-01-09T01:27:15+00:00\",\"breadcrumb\":{\"@id\":\"https:\/\/pcmastersbogota.com.co\/producto\/amd-ryzen-5-5600g\/#breadcrumb\"},\"inLanguage\":\"es\",\"potentialAction\":[{\"@type\":\"ReadAction\",\"target\":[\"https:\/\/pcmastersbogota.com.co\/producto\/amd-ryzen-5-5600g\/\"]}]},{\"@type\":\"ImageObject\",\"inLanguage\":\"es\",\"@id\":\"https:\/\/pcmastersbogota.com.co\/producto\/amd-ryzen-5-5600g\/#primaryimage\",\"url\":\"https:\/\/pcmastersbogota.com.co\/wp-content\/uploads\/2021\/10\/AMD_R5-5600G_01.png\",\"contentUrl\":\"https:\/\/pcmastersbogota.com.co\/wp-content\/uploads\/2021\/10\/AMD_R5-5600G_01.png\",\"width\":620,\"height\":685},{\"@type\":\"BreadcrumbList\",\"@id\":\"https:\/\/pcmastersbogota.com.co\/producto\/amd-ryzen-5-5600g\/#breadcrumb\",\"itemListElement\":[{\"@type\":\"ListItem\",\"position\":1,\"name\":\"Home\",\"item\":\"https:\/\/pcmastersbogota.com.co\/\"},{\"@type\":\"ListItem\",\"position\":2,\"name\":\"Tienda\",\"item\":\"https:\/\/pcmastersbogota.com.co\/es_es\/tienda\/\"},{\"@type\":\"ListItem\",\"position\":3,\"name\":\"AMD RYZEN 5 5600G\"}]},{\"@type\":\"WebSite\",\"@id\":\"https:\/\/pcmastersbogota.com.co\/es_es\/#website\",\"url\":\"https:\/\/pcmastersbogota.com.co\/es_es\/\",\"name\":\"PC MASTERS BOGOTA\",\"description\":\"\",\"potentialAction\":[{\"@type\":\"SearchAction\",\"target\":{\"@type\":\"EntryPoint\",\"urlTemplate\":\"https:\/\/pcmastersbogota.com.co\/es_es\/?s={search_term_string}\"},\"query-input\":{\"@type\":\"PropertyValueSpecification\",\"valueRequired\":true,\"valueName\":\"search_term_string\"}}],\"inLanguage\":\"es\"}]}<\/script>\n<!-- \/ Yoast SEO plugin. -->","yoast_head_json":{"title":"AMD RYZEN 5 5600G - PC MASTERS BOGOTA","robots":{"index":"index","follow":"follow","max-snippet":"max-snippet:-1","max-image-preview":"max-image-preview:large","max-video-preview":"max-video-preview:-1"},"canonical":"https:\/\/pcmastersbogota.com.co\/es_es\/producto\/amd-ryzen-5-5600g\/","og_locale":"es_ES","og_type":"article","og_title":"AMD RYZEN 5 5600G - PC MASTERS BOGOTA","og_description":"Marca AMD Fabricante de CPU AMD Procesador 3.9GHz MAX 4.4GHz ryzen_5 Z\u00f3calo de CPU Socket AM4 Plataforma Linux, Windows Graphics\u00a0   Modelo de gr\u00e1ficos Radeon\u2122 Graphics vega 8   N.\u00b0 de n\u00facleos de GPU 7   Frecuencia de gr\u00e1ficos  1900 MHz","og_url":"https:\/\/pcmastersbogota.com.co\/es_es\/producto\/amd-ryzen-5-5600g\/","og_site_name":"PC MASTERS BOGOTA","article_modified_time":"2026-01-09T01:27:15+00:00","og_image":[{"width":620,"height":685,"url":"https:\/\/pcmastersbogota.com.co\/wp-content\/uploads\/2021\/10\/AMD_R5-5600G_01.png","type":"image\/png"}],"twitter_card":"summary_large_image","twitter_misc":{"Tiempo de lectura":"1 minuto"},"schema":{"@context":"https:\/\/schema.org","@graph":[{"@type":"WebPage","@id":"https:\/\/pcmastersbogota.com.co\/producto\/amd-ryzen-5-5600g\/","url":"https:\/\/pcmastersbogota.com.co\/producto\/amd-ryzen-5-5600g\/","name":"AMD RYZEN 5 5600G - PC MASTERS BOGOTA","isPartOf":{"@id":"https:\/\/pcmastersbogota.com.co\/es_es\/#website"},"primaryImageOfPage":{"@id":"https:\/\/pcmastersbogota.com.co\/producto\/amd-ryzen-5-5600g\/#primaryimage"},"image":{"@id":"https:\/\/pcmastersbogota.com.co\/producto\/amd-ryzen-5-5600g\/#primaryimage"},"thumbnailUrl":"https:\/\/pcmastersbogota.com.co\/wp-content\/uploads\/2021\/10\/AMD_R5-5600G_01.png","datePublished":"2021-10-15T18:50:48+00:00","dateModified":"2026-01-09T01:27:15+00:00","breadcrumb":{"@id":"https:\/\/pcmastersbogota.com.co\/producto\/amd-ryzen-5-5600g\/#breadcrumb"},"inLanguage":"es","potentialAction":[{"@type":"ReadAction","target":["https:\/\/pcmastersbogota.com.co\/producto\/amd-ryzen-5-5600g\/"]}]},{"@type":"ImageObject","inLanguage":"es","@id":"https:\/\/pcmastersbogota.com.co\/producto\/amd-ryzen-5-5600g\/#primaryimage","url":"https:\/\/pcmastersbogota.com.co\/wp-content\/uploads\/2021\/10\/AMD_R5-5600G_01.png","contentUrl":"https:\/\/pcmastersbogota.com.co\/wp-content\/uploads\/2021\/10\/AMD_R5-5600G_01.png","width":620,"height":685},{"@type":"BreadcrumbList","@id":"https:\/\/pcmastersbogota.com.co\/producto\/amd-ryzen-5-5600g\/#breadcrumb","itemListElement":[{"@type":"ListItem","position":1,"name":"Home","item":"https:\/\/pcmastersbogota.com.co\/"},{"@type":"ListItem","position":2,"name":"Tienda","item":"https:\/\/pcmastersbogota.com.co\/es_es\/tienda\/"},{"@type":"ListItem","position":3,"name":"AMD RYZEN 5 5600G"}]},{"@type":"WebSite","@id":"https:\/\/pcmastersbogota.com.co\/es_es\/#website","url":"https:\/\/pcmastersbogota.com.co\/es_es\/","name":"PC MASTERS BOGOTA","description":"","potentialAction":[{"@type":"SearchAction","target":{"@type":"EntryPoint","urlTemplate":"https:\/\/pcmastersbogota.com.co\/es_es\/?s={search_term_string}"},"query-input":{"@type":"PropertyValueSpecification","valueRequired":true,"valueName":"search_term_string"}}],"inLanguage":"es"}]}},"brands":[{"id":87,"name":"AMD","slug":"amd"}],"_links":{"self":[{"href":"https:\/\/pcmastersbogota.com.co\/es_es\/wp-json\/wp\/v2\/product\/18275","targetHints":{"allow":["GET"]}}],"collection":[{"href":"https:\/\/pcmastersbogota.com.co\/es_es\/wp-json\/wp\/v2\/product"}],"about":[{"href":"https:\/\/pcmastersbogota.com.co\/es_es\/wp-json\/wp\/v2\/types\/product"}],"replies":[{"embeddable":true,"href":"https:\/\/pcmastersbogota.com.co\/es_es\/wp-json\/wp\/v2\/comments?post=18275"}],"version-history":[{"count":2,"href":"https:\/\/pcmastersbogota.com.co\/es_es\/wp-json\/wp\/v2\/product\/18275\/revisions"}],"predecessor-version":[{"id":18279,"href":"https:\/\/pcmastersbogota.com.co\/es_es\/wp-json\/wp\/v2\/product\/18275\/revisions\/18279"}],"wp:featuredmedia":[{"embeddable":true,"href":"https:\/\/pcmastersbogota.com.co\/es_es\/wp-json\/wp\/v2\/media\/18277"}],"wp:attachment":[{"href":"https:\/\/pcmastersbogota.com.co\/es_es\/wp-json\/wp\/v2\/media?parent=18275"}],"wp:term":[{"taxonomy":"pwb-brand","embeddable":true,"href":"https:\/\/pcmastersbogota.com.co\/es_es\/wp-json\/wp\/v2\/pwb-brand?post=18275"},{"taxonomy":"product_brand","embeddable":true,"href":"https:\/\/pcmastersbogota.com.co\/es_es\/wp-json\/wp\/v2\/product_brand?post=18275"},{"taxonomy":"product_cat","embeddable":true,"href":"https:\/\/pcmastersbogota.com.co\/es_es\/wp-json\/wp\/v2\/product_cat?post=18275"},{"taxonomy":"product_tag","embeddable":true,"href":"https:\/\/pcmastersbogota.com.co\/es_es\/wp-json\/wp\/v2\/product_tag?post=18275"}],"curies":[{"name":"wp","href":"https:\/\/api.w.org\/{rel}","templated":true}]}}