{"id":18520,"date":"2021-11-19T15:10:50","date_gmt":"2021-11-19T20:10:50","guid":{"rendered":"https:\/\/pcmastersbogota.com.co\/?post_type=product&#038;p=18520"},"modified":"2025-10-31T15:31:05","modified_gmt":"2025-10-31T20:31:05","slug":"samsung-24-ips-75hz","status":"publish","type":"product","link":"https:\/\/pcmastersbogota.com.co\/es_es\/producto\/samsung-24-ips-75hz\/","title":{"rendered":"SAMSUNG 24\u00bb IPS 75HZ"},"content":{"rendered":"<p>https:\/\/www.samsung.com\/latin\/monitors\/flat\/led-monitor-with-borderless-design-24-inch-lf24t350fhlxzp\/?awc=18739_1637352512_3f4b8526d2140c0c1ee69de275be7fda&#038;cid=at_pd_affiliate_none_none_none_none_none_online-shop_none<\/p>\n<p>&nbsp;<\/p>\n<div class=\"spec-highlight__detail\">\n<div class=\"spec-highlight__detail-title\">\n<h4 class=\"spec-highlight__title\">Pantalla<\/h4>\n<\/div>\n<div class=\"spec-highlight__detail-specs\">\n<ul class=\"spec-highlight__list\" role=\"list\">\n<li class=\"spec-highlight__item\" role=\"listitem\"><strong class=\"spec-highlight__title\">Tama\u00f1o de pantalla (clase)<\/strong><span class=\"spec-highlight__value\">24<\/span><\/li>\n<li class=\"spec-highlight__item\" role=\"listitem\"><strong class=\"spec-highlight__title\">Plana\/Curva<\/strong><span class=\"spec-highlight__value\">Plano<\/span><\/li>\n<li class=\"spec-highlight__item\" role=\"listitem\"><strong class=\"spec-highlight__title\">Tama\u00f1o de pantalla activa (HxV) (mm)<\/strong><span class=\"spec-highlight__value\">527.04 \u00d7 296.46<\/span><\/li>\n<li class=\"spec-highlight__item\" role=\"listitem\"><strong class=\"spec-highlight__title\">Relaci\u00f3n de aspecto<\/strong><span class=\"spec-highlight__value\">16:9<\/span><\/li>\n<li class=\"spec-highlight__item\" role=\"listitem\"><strong class=\"spec-highlight__title\">Tipo de panel<\/strong><span class=\"spec-highlight__value\">IPS<\/span><\/li>\n<li class=\"spec-highlight__item\" role=\"listitem\"><strong class=\"spec-highlight__title\">Brillo (t\u00edpico)<\/strong><span class=\"spec-highlight__value\">250cd\/\u33a1<\/span><\/li>\n<li class=\"spec-highlight__item\" role=\"listitem\"><strong class=\"spec-highlight__title\">Brillo (m\u00edn.)<\/strong><span class=\"spec-highlight__value\">200cd\/\u33a1<\/span><\/li>\n<li class=\"spec-highlight__item\" role=\"listitem\"><strong class=\"spec-highlight__title\">Relaci\u00f3n de contraste est\u00e1tico<\/strong><span class=\"spec-highlight__value\">1000:1 (t\u00edpico)<\/span><\/li>\n<li class=\"spec-highlight__item\" role=\"listitem\"><strong class=\"spec-highlight__title\">Relaci\u00f3n de contraste din\u00e1mico<\/strong><span class=\"spec-highlight__value\">Mega<\/span><\/li>\n<li class=\"spec-highlight__item\" role=\"listitem\"><strong class=\"spec-highlight__title\">Resoluci\u00f3n<\/strong><span class=\"spec-highlight__value\">1,920 x 1,080<\/span><\/li>\n<li class=\"spec-highlight__item\" role=\"listitem\"><strong class=\"spec-highlight__title\">Tiempo de respuesta<\/strong><span class=\"spec-highlight__value\">5 (GTG\uff09<\/span><\/li>\n<li class=\"spec-highlight__item\" role=\"listitem\"><strong class=\"spec-highlight__title\">\u00c1ngulo de visi\u00f3n (H\/V)<\/strong><span class=\"spec-highlight__value\">178\u00b0\/178\u00b0<\/span><\/li>\n<li class=\"spec-highlight__item\" role=\"listitem\"><strong class=\"spec-highlight__title\">Colores admitidos<\/strong><span class=\"spec-highlight__value\">M\u00e1x. 16.7 M<\/span><\/li>\n<li class=\"spec-highlight__item\" role=\"listitem\"><strong class=\"spec-highlight__title\">Gama de colores (NTSC 1976)<\/strong><span class=\"spec-highlight__value\">72%<\/span><\/li>\n<li class=\"spec-highlight__item\" role=\"listitem\"><strong class=\"spec-highlight__title\">Velocidad de actualizaci\u00f3n<\/strong><span class=\"spec-highlight__value\">M\u00e1x. 75 Hz<\/span><\/li>\n<\/ul>\n<\/div>\n<\/div>\n<div class=\"spec-highlight__detail\">\n<div class=\"spec-highlight__detail-title\">\n<h4 class=\"spec-highlight__title\">Caracter\u00edsticas generales<\/h4>\n<\/div>\n<div class=\"spec-highlight__detail-specs\">\n<ul class=\"spec-highlight__list\" role=\"list\">\n<li class=\"spec-highlight__item\" role=\"listitem\"><strong class=\"spec-highlight__title\">Eco Saving Plus<\/strong><span class=\"spec-highlight__value\">S\u00ed<\/span><\/li>\n<li class=\"spec-highlight__item\" role=\"listitem\"><strong class=\"spec-highlight__title\">Modo de protecci\u00f3n ocular<\/strong><span class=\"spec-highlight__value\">S\u00ed<\/span><\/li>\n<li class=\"spec-highlight__item\" role=\"listitem\"><strong class=\"spec-highlight__title\">Flicker Free<\/strong><span class=\"spec-highlight__value\">S\u00ed<\/span><\/li>\n<li class=\"spec-highlight__item\" role=\"listitem\"><strong class=\"spec-highlight__title\">Modo de juego<\/strong><span class=\"spec-highlight__value\">S\u00ed<\/span><\/li>\n<li class=\"spec-highlight__item\" role=\"listitem\"><strong class=\"spec-highlight__title\">Tama\u00f1o de la imagen<\/strong><span class=\"spec-highlight__value\">S\u00ed<\/span><\/li>\n<li class=\"spec-highlight__item\" role=\"listitem\"><strong class=\"spec-highlight__title\">Certificaci\u00f3n de Windows<\/strong><span class=\"spec-highlight__value\">Windows 10<\/span><\/li>\n<li class=\"spec-highlight__item\" role=\"listitem\"><strong class=\"spec-highlight__title\">FreeSync<\/strong><span class=\"spec-highlight__value\">S\u00ed<\/span><\/li>\n<li class=\"spec-highlight__item\" role=\"listitem\"><strong class=\"spec-highlight__title\">Off Timer Plus<\/strong><span class=\"spec-highlight__value\">S\u00ed<\/span><\/li>\n<\/ul>\n<\/div>\n<\/div>\n<div class=\"spec-highlight__detail\">\n<div class=\"spec-highlight__detail-title\">\n<h4 class=\"spec-highlight__title\">Interfaz<\/h4>\n<\/div>\n<div class=\"spec-highlight__detail-specs\">\n<ul class=\"spec-highlight__list\" role=\"list\">\n<li class=\"spec-highlight__item\" role=\"listitem\"><strong class=\"spec-highlight__title\">Pantalla inal\u00e1mbrica<\/strong><span class=\"spec-highlight__value\">No<\/span><\/li>\n<li class=\"spec-highlight__item\" role=\"listitem\"><strong class=\"spec-highlight__title\">D-Sub<\/strong><span class=\"spec-highlight__value\">1 EA<\/span><\/li>\n<li class=\"spec-highlight__item\" role=\"listitem\"><strong class=\"spec-highlight__title\">DVI<\/strong><span class=\"spec-highlight__value\">No<\/span><\/li>\n<li class=\"spec-highlight__item\" role=\"listitem\"><strong class=\"spec-highlight__title\">DVI Dual Link<\/strong><span class=\"spec-highlight__value\">No<\/span><\/li>\n<li class=\"spec-highlight__item\" role=\"listitem\"><strong class=\"spec-highlight__title\">Puerto de pantalla<\/strong><span class=\"spec-highlight__value\">No<\/span><\/li>\n<li class=\"spec-highlight__item\" role=\"listitem\"><strong class=\"spec-highlight__title\">Versi\u00f3n de puerto de pantalla<\/strong><span class=\"spec-highlight__value\">No<\/span><\/li>\n<li class=\"spec-highlight__item\" role=\"listitem\"><strong class=\"spec-highlight__title\">Puerto de pantalla de salida<\/strong><span class=\"spec-highlight__value\">No<\/span><\/li>\n<li class=\"spec-highlight__item\" role=\"listitem\"><strong class=\"spec-highlight__title\">Versi\u00f3n de puerto de pantalla de salida<\/strong><span class=\"spec-highlight__value\">No<\/span><\/li>\n<li class=\"spec-highlight__item\" role=\"listitem\"><strong class=\"spec-highlight__title\">Puerto de minipantalla<\/strong><span class=\"spec-highlight__value\">No<\/span><\/li>\n<li class=\"spec-highlight__item\" role=\"listitem\"><strong class=\"spec-highlight__title\">HDMI<\/strong><span class=\"spec-highlight__value\">1 EA<\/span><\/li>\n<li class=\"spec-highlight__item\" role=\"listitem\"><strong class=\"spec-highlight__title\">Versi\u00f3n HDMI<\/strong><span class=\"spec-highlight__value\">1.4<\/span><\/li>\n<li class=\"spec-highlight__item\" role=\"listitem\"><strong class=\"spec-highlight__title\">Entrada de audio<\/strong><span class=\"spec-highlight__value\">No<\/span><\/li>\n<li class=\"spec-highlight__item\" role=\"listitem\"><strong class=\"spec-highlight__title\">Aud\u00edfonos<\/strong><span class=\"spec-highlight__value\">No<\/span><\/li>\n<li class=\"spec-highlight__item\" role=\"listitem\"><strong class=\"spec-highlight__title\">Puertos USB<\/strong><span class=\"spec-highlight__value\">No<\/span><\/li>\n<li class=\"spec-highlight__item\" role=\"listitem\"><strong class=\"spec-highlight__title\">Versi\u00f3n de concentrador USB<\/strong><span class=\"spec-highlight__value\">No<\/span><\/li>\n<li class=\"spec-highlight__item\" role=\"listitem\"><strong class=\"spec-highlight__title\">USB-C<\/strong><span class=\"spec-highlight__value\">No<\/span><\/li>\n<li class=\"spec-highlight__item\" role=\"listitem\"><strong class=\"spec-highlight__title\">Potencia de carga de USB-C<\/strong><span class=\"spec-highlight__value\">No<\/span><\/li>\n<\/ul>\n<\/div>\n<\/div>\n<div class=\"spec-highlight__detail\">\n<div class=\"spec-highlight__detail-title\">\n<h4 class=\"spec-highlight__title\">Audio<\/h4>\n<\/div>\n<div class=\"spec-highlight__detail-specs\">\n<ul class=\"spec-highlight__list\" role=\"list\">\n<li class=\"spec-highlight__item\" role=\"listitem\"><strong class=\"spec-highlight__title\">Altavoz<\/strong><span class=\"spec-highlight__value\">No<\/span><\/li>\n<li class=\"spec-highlight__item\" role=\"listitem\"><strong class=\"spec-highlight__title\">Barra de sonido USB (apto para usarlo)<\/strong><span class=\"spec-highlight__value\">No<\/span><\/li>\n<\/ul>\n<\/div>\n<\/div>\n<div class=\"spec-highlight__detail\">\n<div class=\"spec-highlight__detail-title\">\n<h4 class=\"spec-highlight__title\">Condiciones operativas<\/h4>\n<\/div>\n<div class=\"spec-highlight__detail-specs\">\n<ul class=\"spec-highlight__list\" role=\"list\">\n<li class=\"spec-highlight__item\" role=\"listitem\"><strong class=\"spec-highlight__title\">Temperatura<\/strong><span class=\"spec-highlight__value\">10\u2103~ 40\u2103<\/span><\/li>\n<li class=\"spec-highlight__item\" role=\"listitem\"><strong class=\"spec-highlight__title\">Humedad<\/strong><span class=\"spec-highlight__value\">10 % ~ 80 %, sin condensaci\u00f3n<\/span><\/li>\n<\/ul>\n<\/div>\n<\/div>\n<div class=\"spec-highlight__detail\">\n<div class=\"spec-highlight__detail-title\">\n<h4 class=\"spec-highlight__title\">Dise\u00f1o<\/h4>\n<\/div>\n<div class=\"spec-highlight__detail-specs\">\n<ul class=\"spec-highlight__list\" role=\"list\">\n<li class=\"spec-highlight__item\" role=\"listitem\"><strong class=\"spec-highlight__title\">Color<\/strong><span class=\"spec-highlight__value\">Azul \/ Gris Oscuro<\/span><\/li>\n<li class=\"spec-highlight__item\" role=\"listitem\"><strong class=\"spec-highlight__title\">Tipo de soporte<\/strong><span class=\"spec-highlight__value\">Simple<\/span><\/li>\n<li class=\"spec-highlight__item\" role=\"listitem\"><strong class=\"spec-highlight__title\">Inclinaci\u00f3n<\/strong><span class=\"spec-highlight__value\">-2 ~ 20<\/span><\/li>\n<li class=\"spec-highlight__item\" role=\"listitem\"><strong class=\"spec-highlight__title\">Montaje para pared<\/strong><span class=\"spec-highlight__value\">100 x 100<\/span><\/li>\n<\/ul>\n<\/div>\n<\/div>\n<div class=\"spec-highlight__detail\">\n<div class=\"spec-highlight__detail-title\">\n<h4 class=\"spec-highlight__title\">Eco<\/h4>\n<\/div>\n<div class=\"spec-highlight__detail-specs\">\n<ul class=\"spec-highlight__list\" role=\"list\">\n<li class=\"spec-highlight__item\" role=\"listitem\"><strong class=\"spec-highlight__title\">Clase de eficiencia energ\u00e9tica<\/strong><span class=\"spec-highlight__value\">N\/A<\/span><\/li>\n<li class=\"spec-highlight__item\" role=\"listitem\"><strong class=\"spec-highlight__title\">Pl\u00e1stico reciclado<\/strong><span class=\"spec-highlight__value\">No<\/span><\/li>\n<\/ul>\n<\/div>\n<\/div>\n<div class=\"spec-highlight__detail\">\n<div class=\"spec-highlight__detail-title\">\n<h4 class=\"spec-highlight__title\">Alimentaci\u00f3n<\/h4>\n<\/div>\n<div class=\"spec-highlight__detail-specs\">\n<ul class=\"spec-highlight__list\" role=\"list\">\n<li class=\"spec-highlight__item\" role=\"listitem\"><strong class=\"spec-highlight__title\">Fuente de alimentaci\u00f3n<\/strong><span class=\"spec-highlight__value\">AC 100~240V<\/span><\/li>\n<li class=\"spec-highlight__item\" role=\"listitem\"><strong class=\"spec-highlight__title\">Consumo de energ\u00eda (DPMS)<\/strong><span class=\"spec-highlight__value\">0.5 W<\/span><\/li>\n<li class=\"spec-highlight__item\" role=\"listitem\"><strong class=\"spec-highlight__title\">Consumo de energ\u00eda (modo apagado)<\/strong><span class=\"spec-highlight__value\">0.3 W<\/span><\/li>\n<li class=\"spec-highlight__item\" role=\"listitem\"><strong class=\"spec-highlight__title\">Tipo<\/strong><span class=\"spec-highlight__value\">Adaptador externo<\/span><\/li>\n<\/ul>\n<\/div>\n<\/div>\n<div class=\"spec-highlight__detail\">\n<div class=\"spec-highlight__detail-title\">\n<h4 class=\"spec-highlight__title\">Dimensiones<\/h4>\n<\/div>\n<div class=\"spec-highlight__detail-specs\">\n<ul class=\"spec-highlight__list\" role=\"list\">\n<li class=\"spec-highlight__item\" role=\"listitem\"><strong class=\"spec-highlight__title\">Dimensiones del equipo con soporte (ancho x alto x prof.)<\/strong><span class=\"spec-highlight__value\">539.2 x 425.3 x 232.0 mm<\/span><\/li>\n<li class=\"spec-highlight__item\" role=\"listitem\"><strong class=\"spec-highlight__title\">Dimensiones del equipo sin soporte (ancho x alto x prof.)<\/strong><span class=\"spec-highlight__value\">539.2 x 322.8 x 39.4 mm<\/span><\/li>\n<li class=\"spec-highlight__item\" role=\"listitem\"><strong class=\"spec-highlight__title\">Dimensiones del paquete (ancho x alto x prof.)<\/strong><span class=\"spec-highlight__value\">675 x 387 x 125 mm<\/span><\/li>\n<\/ul>\n<\/div>\n<\/div>\n<div class=\"spec-highlight__detail\">\n<div class=\"spec-highlight__detail-title\">\n<h4 class=\"spec-highlight__title\">Peso<\/h4>\n<\/div>\n<div class=\"spec-highlight__detail-specs\">\n<ul class=\"spec-highlight__list\" role=\"list\">\n<li class=\"spec-highlight__item\" role=\"listitem\"><strong class=\"spec-highlight__title\">Peso del equipo con soporte<\/strong><span class=\"spec-highlight__value\">2.7 kg<\/span><\/li>\n<li class=\"spec-highlight__item\" role=\"listitem\"><strong class=\"spec-highlight__title\">Peso del equipo sin soporte<\/strong><span class=\"spec-highlight__value\">2.4 kg<\/span><\/li>\n<li class=\"spec-highlight__item\" role=\"listitem\"><strong class=\"spec-highlight__title\">Peso del paquete<\/strong><span class=\"spec-highlight__value\">4 kg<\/span><\/li>\n<\/ul>\n<\/div>\n<\/div>\n<div class=\"spec-highlight__detail\">\n<div class=\"spec-highlight__detail-title\">\n<h4 class=\"spec-highlight__title\">Accesorio<\/h4>\n<\/div>\n<div class=\"spec-highlight__detail-specs\">\n<ul class=\"spec-highlight__list\" role=\"list\">\n<li class=\"spec-highlight__item\" role=\"listitem\"><strong class=\"spec-highlight__title\">Longitud del cable de alimentaci\u00f3n<\/strong><span class=\"spec-highlight__value\">1.5 m<\/span><\/li>\n<li class=\"spec-highlight__item\" role=\"listitem\"><strong class=\"spec-highlight__title\">Cable HDMI<\/strong><span class=\"spec-highlight__value\">S\u00ed<\/span><\/li>\n<li class=\"spec-highlight__item\" role=\"listitem\"><strong class=\"spec-highlight__title\">G\u00e9nero para minipantalla<\/strong><span class=\"spec-highlight__value\">No<\/span><\/li>\n<\/ul>\n<\/div>\n<\/div>\n","protected":false},"excerpt":{"rendered":"<p>La pantalla sin bordes de 3 lados aporta una est\u00e9tica limpia y moderna a cualquier entorno de trabajo. En una configuraci\u00f3n de varios monitores, las pantallas se alinean a la perfecci\u00f3n para una vista pr\u00e1cticamente sin interrupciones y sin distracciones.<\/p>\n","protected":false},"featured_media":16728,"comment_status":"open","ping_status":"closed","template":"","meta":[],"pwb-brand":[113],"product_brand":[],"product_cat":[78],"product_tag":[343],"class_list":{"0":"post-18520","1":"product","2":"type-product","3":"status-publish","4":"has-post-thumbnail","6":"pwb-brand-samsung","7":"product_cat-monitores","8":"product_tag-pantallas","10":"first","11":"instock","12":"taxable","13":"shipping-taxable","14":"purchasable","15":"product-type-simple"},"yoast_head":"<!-- This site is optimized with the Yoast SEO plugin v26.7 - https:\/\/yoast.com\/wordpress\/plugins\/seo\/ -->\n<title>SAMSUNG 24&#039;&#039; IPS 75HZ - PC MASTERS BOGOTA<\/title>\n<meta name=\"robots\" content=\"index, follow, max-snippet:-1, max-image-preview:large, max-video-preview:-1\" \/>\n<link rel=\"canonical\" href=\"https:\/\/pcmastersbogota.com.co\/es_es\/producto\/samsung-24-ips-75hz\/\" \/>\n<meta property=\"og:locale\" content=\"es_ES\" \/>\n<meta property=\"og:type\" content=\"article\" \/>\n<meta property=\"og:title\" content=\"SAMSUNG 24&#039;&#039; IPS 75HZ - PC MASTERS BOGOTA\" \/>\n<meta property=\"og:description\" content=\"La pantalla sin bordes de 3 lados aporta una est\u00e9tica limpia y moderna a cualquier entorno de trabajo. En una configuraci\u00f3n de varios monitores, las pantallas se alinean a la perfecci\u00f3n para una vista pr\u00e1cticamente sin interrupciones y sin distracciones.\" \/>\n<meta property=\"og:url\" content=\"https:\/\/pcmastersbogota.com.co\/es_es\/producto\/samsung-24-ips-75hz\/\" \/>\n<meta property=\"og:site_name\" content=\"PC MASTERS BOGOTA\" \/>\n<meta property=\"article:modified_time\" content=\"2025-10-31T20:31:05+00:00\" \/>\n<meta property=\"og:image\" content=\"https:\/\/pcmastersbogota.com.co\/wp-content\/uploads\/2021\/08\/15154.png\" \/>\n\t<meta property=\"og:image:width\" content=\"1000\" \/>\n\t<meta property=\"og:image:height\" content=\"1000\" \/>\n\t<meta property=\"og:image:type\" content=\"image\/png\" \/>\n<meta name=\"twitter:card\" content=\"summary_large_image\" \/>\n<meta name=\"twitter:label1\" content=\"Tiempo de lectura\" \/>\n\t<meta name=\"twitter:data1\" content=\"2 minutos\" \/>\n<script type=\"application\/ld+json\" class=\"yoast-schema-graph\">{\"@context\":\"https:\/\/schema.org\",\"@graph\":[{\"@type\":\"WebPage\",\"@id\":\"https:\/\/pcmastersbogota.com.co\/producto\/samsung-24-ips-75hz\/\",\"url\":\"https:\/\/pcmastersbogota.com.co\/producto\/samsung-24-ips-75hz\/\",\"name\":\"SAMSUNG 24'' IPS 75HZ - PC MASTERS BOGOTA\",\"isPartOf\":{\"@id\":\"https:\/\/pcmastersbogota.com.co\/es_es\/#website\"},\"primaryImageOfPage\":{\"@id\":\"https:\/\/pcmastersbogota.com.co\/producto\/samsung-24-ips-75hz\/#primaryimage\"},\"image\":{\"@id\":\"https:\/\/pcmastersbogota.com.co\/producto\/samsung-24-ips-75hz\/#primaryimage\"},\"thumbnailUrl\":\"https:\/\/pcmastersbogota.com.co\/wp-content\/uploads\/2021\/08\/15154.png\",\"datePublished\":\"2021-11-19T20:10:50+00:00\",\"dateModified\":\"2025-10-31T20:31:05+00:00\",\"breadcrumb\":{\"@id\":\"https:\/\/pcmastersbogota.com.co\/producto\/samsung-24-ips-75hz\/#breadcrumb\"},\"inLanguage\":\"es\",\"potentialAction\":[{\"@type\":\"ReadAction\",\"target\":[\"https:\/\/pcmastersbogota.com.co\/producto\/samsung-24-ips-75hz\/\"]}]},{\"@type\":\"ImageObject\",\"inLanguage\":\"es\",\"@id\":\"https:\/\/pcmastersbogota.com.co\/producto\/samsung-24-ips-75hz\/#primaryimage\",\"url\":\"https:\/\/pcmastersbogota.com.co\/wp-content\/uploads\/2021\/08\/15154.png\",\"contentUrl\":\"https:\/\/pcmastersbogota.com.co\/wp-content\/uploads\/2021\/08\/15154.png\",\"width\":1000,\"height\":1000},{\"@type\":\"BreadcrumbList\",\"@id\":\"https:\/\/pcmastersbogota.com.co\/producto\/samsung-24-ips-75hz\/#breadcrumb\",\"itemListElement\":[{\"@type\":\"ListItem\",\"position\":1,\"name\":\"Home\",\"item\":\"https:\/\/pcmastersbogota.com.co\/\"},{\"@type\":\"ListItem\",\"position\":2,\"name\":\"Tienda\",\"item\":\"https:\/\/pcmastersbogota.com.co\/es_es\/tienda\/\"},{\"@type\":\"ListItem\",\"position\":3,\"name\":\"SAMSUNG 24&#8221; IPS 75HZ\"}]},{\"@type\":\"WebSite\",\"@id\":\"https:\/\/pcmastersbogota.com.co\/es_es\/#website\",\"url\":\"https:\/\/pcmastersbogota.com.co\/es_es\/\",\"name\":\"PC MASTERS BOGOTA\",\"description\":\"\",\"potentialAction\":[{\"@type\":\"SearchAction\",\"target\":{\"@type\":\"EntryPoint\",\"urlTemplate\":\"https:\/\/pcmastersbogota.com.co\/es_es\/?s={search_term_string}\"},\"query-input\":{\"@type\":\"PropertyValueSpecification\",\"valueRequired\":true,\"valueName\":\"search_term_string\"}}],\"inLanguage\":\"es\"}]}<\/script>\n<!-- \/ Yoast SEO plugin. -->","yoast_head_json":{"title":"SAMSUNG 24'' IPS 75HZ - PC MASTERS BOGOTA","robots":{"index":"index","follow":"follow","max-snippet":"max-snippet:-1","max-image-preview":"max-image-preview:large","max-video-preview":"max-video-preview:-1"},"canonical":"https:\/\/pcmastersbogota.com.co\/es_es\/producto\/samsung-24-ips-75hz\/","og_locale":"es_ES","og_type":"article","og_title":"SAMSUNG 24'' IPS 75HZ - PC MASTERS BOGOTA","og_description":"La pantalla sin bordes de 3 lados aporta una est\u00e9tica limpia y moderna a cualquier entorno de trabajo. En una configuraci\u00f3n de varios monitores, las pantallas se alinean a la perfecci\u00f3n para una vista pr\u00e1cticamente sin interrupciones y sin distracciones.","og_url":"https:\/\/pcmastersbogota.com.co\/es_es\/producto\/samsung-24-ips-75hz\/","og_site_name":"PC MASTERS BOGOTA","article_modified_time":"2025-10-31T20:31:05+00:00","og_image":[{"width":1000,"height":1000,"url":"https:\/\/pcmastersbogota.com.co\/wp-content\/uploads\/2021\/08\/15154.png","type":"image\/png"}],"twitter_card":"summary_large_image","twitter_misc":{"Tiempo de lectura":"2 minutos"},"schema":{"@context":"https:\/\/schema.org","@graph":[{"@type":"WebPage","@id":"https:\/\/pcmastersbogota.com.co\/producto\/samsung-24-ips-75hz\/","url":"https:\/\/pcmastersbogota.com.co\/producto\/samsung-24-ips-75hz\/","name":"SAMSUNG 24'' IPS 75HZ - PC MASTERS BOGOTA","isPartOf":{"@id":"https:\/\/pcmastersbogota.com.co\/es_es\/#website"},"primaryImageOfPage":{"@id":"https:\/\/pcmastersbogota.com.co\/producto\/samsung-24-ips-75hz\/#primaryimage"},"image":{"@id":"https:\/\/pcmastersbogota.com.co\/producto\/samsung-24-ips-75hz\/#primaryimage"},"thumbnailUrl":"https:\/\/pcmastersbogota.com.co\/wp-content\/uploads\/2021\/08\/15154.png","datePublished":"2021-11-19T20:10:50+00:00","dateModified":"2025-10-31T20:31:05+00:00","breadcrumb":{"@id":"https:\/\/pcmastersbogota.com.co\/producto\/samsung-24-ips-75hz\/#breadcrumb"},"inLanguage":"es","potentialAction":[{"@type":"ReadAction","target":["https:\/\/pcmastersbogota.com.co\/producto\/samsung-24-ips-75hz\/"]}]},{"@type":"ImageObject","inLanguage":"es","@id":"https:\/\/pcmastersbogota.com.co\/producto\/samsung-24-ips-75hz\/#primaryimage","url":"https:\/\/pcmastersbogota.com.co\/wp-content\/uploads\/2021\/08\/15154.png","contentUrl":"https:\/\/pcmastersbogota.com.co\/wp-content\/uploads\/2021\/08\/15154.png","width":1000,"height":1000},{"@type":"BreadcrumbList","@id":"https:\/\/pcmastersbogota.com.co\/producto\/samsung-24-ips-75hz\/#breadcrumb","itemListElement":[{"@type":"ListItem","position":1,"name":"Home","item":"https:\/\/pcmastersbogota.com.co\/"},{"@type":"ListItem","position":2,"name":"Tienda","item":"https:\/\/pcmastersbogota.com.co\/es_es\/tienda\/"},{"@type":"ListItem","position":3,"name":"SAMSUNG 24&#8221; IPS 75HZ"}]},{"@type":"WebSite","@id":"https:\/\/pcmastersbogota.com.co\/es_es\/#website","url":"https:\/\/pcmastersbogota.com.co\/es_es\/","name":"PC MASTERS BOGOTA","description":"","potentialAction":[{"@type":"SearchAction","target":{"@type":"EntryPoint","urlTemplate":"https:\/\/pcmastersbogota.com.co\/es_es\/?s={search_term_string}"},"query-input":{"@type":"PropertyValueSpecification","valueRequired":true,"valueName":"search_term_string"}}],"inLanguage":"es"}]}},"brands":[{"id":113,"name":"SAMSUNG","slug":"samsung"}],"_links":{"self":[{"href":"https:\/\/pcmastersbogota.com.co\/es_es\/wp-json\/wp\/v2\/product\/18520","targetHints":{"allow":["GET"]}}],"collection":[{"href":"https:\/\/pcmastersbogota.com.co\/es_es\/wp-json\/wp\/v2\/product"}],"about":[{"href":"https:\/\/pcmastersbogota.com.co\/es_es\/wp-json\/wp\/v2\/types\/product"}],"replies":[{"embeddable":true,"href":"https:\/\/pcmastersbogota.com.co\/es_es\/wp-json\/wp\/v2\/comments?post=18520"}],"version-history":[{"count":1,"href":"https:\/\/pcmastersbogota.com.co\/es_es\/wp-json\/wp\/v2\/product\/18520\/revisions"}],"predecessor-version":[{"id":18521,"href":"https:\/\/pcmastersbogota.com.co\/es_es\/wp-json\/wp\/v2\/product\/18520\/revisions\/18521"}],"wp:featuredmedia":[{"embeddable":true,"href":"https:\/\/pcmastersbogota.com.co\/es_es\/wp-json\/wp\/v2\/media\/16728"}],"wp:attachment":[{"href":"https:\/\/pcmastersbogota.com.co\/es_es\/wp-json\/wp\/v2\/media?parent=18520"}],"wp:term":[{"taxonomy":"pwb-brand","embeddable":true,"href":"https:\/\/pcmastersbogota.com.co\/es_es\/wp-json\/wp\/v2\/pwb-brand?post=18520"},{"taxonomy":"product_brand","embeddable":true,"href":"https:\/\/pcmastersbogota.com.co\/es_es\/wp-json\/wp\/v2\/product_brand?post=18520"},{"taxonomy":"product_cat","embeddable":true,"href":"https:\/\/pcmastersbogota.com.co\/es_es\/wp-json\/wp\/v2\/product_cat?post=18520"},{"taxonomy":"product_tag","embeddable":true,"href":"https:\/\/pcmastersbogota.com.co\/es_es\/wp-json\/wp\/v2\/product_tag?post=18520"}],"curies":[{"name":"wp","href":"https:\/\/api.w.org\/{rel}","templated":true}]}}