{"id":18568,"date":"2022-01-09T12:57:37","date_gmt":"2022-01-09T17:57:37","guid":{"rendered":"https:\/\/pcmastersbogota.com.co\/?post_type=product&#038;p=18568"},"modified":"2025-01-30T02:17:04","modified_gmt":"2025-01-30T07:17:04","slug":"asrock-b550-extreme-4","status":"publish","type":"product","link":"https:\/\/pcmastersbogota.com.co\/es_es\/producto\/asrock-b550-extreme-4\/","title":{"rendered":"ASROCK B550 EXTREME 4"},"content":{"rendered":"<div class=\"SpecItem\">\nhttps:\/\/www.asrock.com\/mb\/AMD\/B550%20Extreme4\/index.la.asp#Specification<\/p>\n<p>Caracter\u00edsticas especiales<\/p><\/div>\n<div class=\"SpecData\"><b>ASRock USB 3.2 Gen2<\/b><br \/>\n&#8211; puerto USB 3.2 Gen2 Type-A ASRock (10 Gb\/s)<br \/>\n&#8211; puerto USB 3.2 Gen2 Type-C ASRock (10 Gb\/s)<br \/>\n<b>ASRock Super Alloy<\/b><br \/>\n&#8211; Disipador de calor de aleaci\u00f3n de Aluminio XXL<br \/>\n&#8211; Power Choke 60A Premium<br \/>\n&#8211; 50A Dr.MOS<br \/>\n&#8211; Memory Alloy Choke Premium (Reduce un 70% las p\u00e9rdidas en el n\u00facleo en comparaci\u00f3n con iron powder choke)<br \/>\n&#8211; Capacitadores Nichicon 12K Negros (Capacitadores 100% fabricados en Jap\u00f3n con pol\u00edmeros conductivos de alta calidad)<br \/>\n&#8211; E\/S Armor<br \/>\n&#8211; PCB Negro mate<br \/>\n&#8211; Alta densidad Tejido de vidrio PCB<br \/>\n&#8211; PCB 2oz Cobre<br \/>\n<b>2.5G LAN<\/b><br \/>\n<b>Ranura de acero ASRock Gen4<\/b><br \/>\n<b>Disipador de calor ASRock de cobertura total M.2<\/b><br \/>\n<b>ASRock Hyper M.2<\/b>\u00a0(PCIe Gen4x4)<br \/>\n<b>ASRock Ultra Poder USB<\/b><br \/>\n<b>ASRock Full Spike Protection<\/b>\u00a0(para todos los puertos USB, Audio, LAN)<br \/>\n<b>ASRock Live Update &amp; APP Shop<\/b><\/div>\n<ul>\n<li style=\"list-style-type: none;\">\n<ul>\n<li style=\"list-style-type: none;\">\n<ul class=\"SpecForm\">\n<li>\n<div class=\"SpecItem\">CPU<\/div>\n<div class=\"SpecData\">&#8211; Soporta Socket AMD AM4 Ryzen\u2122 3000, 3000 G-Series, 4000 G-Series, 5000 y 5000 G-Series Desktop Processors*<br \/>\n&#8211; Dise\u00f1o Digi Power<br \/>\n&#8211; Dise\u00f1o de fase de alimentaci\u00f3n 14<\/p>\n<div class=\"Notice\">*Not compatible con AMD Athlon\u2122 Processors.<\/div>\n<\/div>\n<\/li>\n<li>\n<div class=\"SpecItem\">Chipset<\/div>\n<div class=\"SpecData\">&#8211; AMD B550<\/div>\n<\/li>\n<li>\n<div class=\"SpecItem\">Memoria<\/div>\n<div class=\"SpecData\">&#8211; Tecnolog\u00eda de memoria Dual Channel DDR4<br \/>\n&#8211; 4 x ranuras DDR4 DIMM<br \/>\n&#8211; CPUs AMD series Ryzen (Vermeer) Soporta DDR4 4733+(OC) \/ 4666(OC) \/ 4600(OC) \/ 4533(OC) \/ 4466(OC) \/ 4400(OC) \/ 4333(OC) \/ 4266(OC) \/ 4200(OC) \/ 4133(OC) \/ 4000(OC) \/ 3866(OC) \/ 3800(OC) \/ 3733(OC) \/ 3600(OC) \/ 3466(OC) \/ 3200 \/ 2933 \/ 2667 \/ 2400 \/ 2133 ECC &amp; non-ECC, un-buffered*<br \/>\n&#8211; Las CPUs de la serie AMD Ryzen (Matisse) admiten DDR4 4733+(OC) \/ 4666(OC) \/ 4600(OC) \/ 4533(OC) \/ 4466(OC) \/ 4400(OC) \/ 4333(OC) \/ 4266(OC) \/ 4200(OC) \/ 4133(OC) \/ 4000(OC) \/ 3866(OC) \/ 3800(OC) \/ 3733(OC) \/ 3600(OC) \/ 3466(OC) \/ 3200 \/ 2933 \/ 2667 \/ 2400 \/ 2133 ECC &amp; non-ECC, un-buffered*<br \/>\n&#8211; AMD Ryzen series APUs (Cezanne) Soporta DDR4 4733+(OC) \/ 4666(OC) \/ 4600(OC) \/ 4533(OC) \/ 4466(OC) \/ 4400(OC) \/ 4333(OC) \/ 4266(OC) \/ 4200(OC) \/ 4133(OC) \/ 4000(OC) \/ 3866(OC) \/ 3800(OC) \/ 3733(OC) \/ 3600(OC) \/ 3466(OC) \/ 3200 \/ 2933 \/ 2667 \/ 2400 \/ 2133 ECC &amp; non-ECC, un-buffered*<br \/>\n&#8211; AMD Ryzen series APUs (Renoir) Soporta DDR4 4733+(OC) \/ 4666(OC) \/ 4600(OC) \/ 4533(OC) \/ 4466(OC) \/ 4400(OC) \/ 4333(OC) \/ 4266(OC) \/ 4200(OC) \/ 4133(OC) \/ 4000(OC) \/ 3866(OC) \/ 3800(OC) \/ 3733(OC) \/ 3600(OC) \/ 3466(OC) \/ 3200 \/ 2933 \/ 2667 \/ 2400 \/ 2133 ECC &amp; non-ECC, un-buffered*<br \/>\n&#8211; AMD Ryzen series APUs (Picasso) Soporta DDR4 3600+(OC) \/ 3466(OC) \/ 3200(OC) \/ 2933 \/ 2667 \/ 2400 \/ 2133 non-ECC, un-buffered*<br \/>\n&#8211; M\u00e1xima capacidad de memoria del sistema: 128GB**<br \/>\n&#8211; Admite m\u00f3dulos de memoria Extreme Memory Profile (XMP)<br \/>\n&#8211; Ranuras DIMM con contactos 15\u03bc Oro<\/p>\n<div class=\"Notice\">*For Ryzen Series APUs (Picasso, Cezanne y Renoir), ECC is only Soportaed con PRO CPUs.<br \/>\nPor favor consulte la siguiente tabla para conocer la compatibilidad con la frecuencia de memoria AMD no XMP. For more details.<\/p>\n<p>Procesadores Ryzen Series (Vermeer):<br \/>\n<img decoding=\"async\" src=\"https:\/\/www.asrock.com\/mb\/Memory\/4xMatisse-3200-2667.png\" \/><\/p>\n<p>Procesadores Ryzen Series (Matisse):<br \/>\n<img decoding=\"async\" src=\"https:\/\/www.asrock.com\/mb\/Memory\/4xMatisse-3200-2667.png\" \/><\/p>\n<p>Ryzen Series APUs (Cezanne):<br \/>\n<img decoding=\"async\" src=\"https:\/\/www.asrock.com\/mb\/Memory\/4xMatisse-3200-2667.png\" \/><\/p>\n<p>Ryzen Series APUs (Renoir):<br \/>\n<img decoding=\"async\" src=\"https:\/\/www.asrock.com\/mb\/Memory\/4xMatisse-3200-2667.png\" \/><\/p>\n<p>Procesadores Ryzen Series (Picasso):<br \/>\n<img decoding=\"async\" src=\"https:\/\/www.asrock.com\/mb\/Memory\/4xPicasso-2933-1866.png\" \/><\/p>\n<p>SR: DIMM de rango \u00fanico, 1Rx4 \u00f3 1Rx8 en la etiqueta del m\u00f3dulo DIMM x = 1 \u00f3 2<br \/>\nDR: DIMM doble rango, 2Rx4 \u00f3 2Rx8 en la etiqueta del m\u00f3dulo DIMM<\/p>\n<p>**Debido a la limitaci\u00f3n del sistema operativo, el tama\u00f1o de la memoria actual puede ser menos que 4GB para la reserva del uso del sistema bajo operativo Windows<sup>\u00ae<\/sup>\u00a032-bit. Para Windows<sup>\u00ae<\/sup>\u00a064-bit con CPU de 64-bit no hay tal limitaci\u00f3n.<\/div>\n<\/div>\n<\/li>\n<li>\n<div class=\"SpecItem\">BIOS<\/div>\n<div class=\"SpecData\">&#8211; 256Mb AMI UEFI Legal BIOS con soporte GUI<br \/>\n&#8211; Soporta \u00abPlug y Play\u00bb<br \/>\n&#8211; Activaci\u00f3n compatible con ACPI 5.1<br \/>\n&#8211; Soporta jumperfree<br \/>\n&#8211; Soporta SMBIOS 2.3<br \/>\n&#8211; CPU, CPU VDDCR_SOC, DRAM, VPPM, VTT_DDR Offset, CPU VDD 1.8 multi-ajuste de voltaje<\/div>\n<\/li>\n<li>\n<div class=\"SpecItem\">Gr\u00e1ficos<\/div>\n<div class=\"SpecData\">&#8211; Integrated AMD Radeon Vega Series Graphics in Ryzen Series APU*<br \/>\n&#8211; DirectX 12, Pixel Shader 5.0<br \/>\n&#8211; Memoria compartida por defecto 2GB. La memoria compartida m\u00e1xima soporta hasta 16 GB.**<br \/>\n&#8211; Soporta HDMI 2.1 con max. resolution up to 4K x 2K (4096&#215;2160) @ 60Hz<br \/>\n&#8211; Soporta Auto Lip Sync, Deep Color (12bpc), xvYCC y HBR (High Bit Rate Audio) con HDMI 2.1 Port (Se necesita compatibilidad con monitor HDMI)<br \/>\n&#8211; Soporta HDR (High Dynamic Range) con HDMI 2.1<br \/>\n&#8211; Soporta HDCP 2.3 con HDMI 2.1 Port***<br \/>\n&#8211; Soporta 4K Ultra HD (UHD) playback con HDMI 2.1 Port<br \/>\n&#8211; Soporta Microsoft<sup>\u00ae<\/sup>\u00a0PlayReady<\/p>\n<div class=\"Notice\">*El soporte actual puede variar seg\u00fan la CPU<\/p>\n<p>**La memoria compartida m\u00e1xima de 16 GB requiere 32 GB de memoria del sistema instalada.<\/p>\n<p>***Picasso Soporta HDCP 2.2 con puerto HDMI 2.0<\/p><\/div>\n<\/div>\n<\/li>\n<li>\n<div class=\"SpecItem\">Audio<\/div>\n<div class=\"SpecData\">&#8211; Audio 7.1 CH HD con protecci\u00f3n de contenido (C\u00f3dec de audio Realtek ALC1220)<br \/>\n&#8211; Soporta audio Premium Blu-ray<br \/>\n&#8211; Soporta protecci\u00f3n contra sobretensiones<br \/>\n&#8211; Amplificador 120dB SNR DAC con diferencial<br \/>\n&#8211; Amplificador de auriculares NE5532 premium para conector de audio del panel frontal (soporta auriculares de hasta 600 Ohms)<br \/>\n&#8211; Pure Power-In<br \/>\n&#8211; Tecnolog\u00eda Direct Drive<br \/>\n&#8211; PCB blindada de aislamiento<br \/>\n&#8211; Detecci\u00f3n de impedancia en el puerto de salida posterior<br \/>\n&#8211; Capas de PCB individuales para el canal de audio I\/D<br \/>\n&#8211; Audio Jack de Oro<br \/>\n&#8211; Conector de audio de 15\u03bc Oro<br \/>\n&#8211; Nahimic Audio<\/div>\n<\/li>\n<li>\n<div class=\"SpecItem\">LAN<\/div>\n<div class=\"SpecData\">&#8211; 2.5 Gigabit LAN 10\/100\/1000\/2500 Mb\/s<br \/>\n&#8211; Dragon RTL8125BG<br \/>\n&#8211; Soporta Dragon 2.5G LAN Software<br \/>\n<span>&#8211; Control de ancho de banda inteligente de ajuste automatico<br \/>\n&#8211; UI visual amigable para el usuario<br \/>\n&#8211; Estad\u00edsticas de uso de la red visual<br \/>\n&#8211; Configuraci\u00f3n predeterminada optimizada para modos de juego, navegador y Streaming<br \/>\n&#8211; Control de prioridad personalizado del usuario<br \/>\n&#8211; Soporta Wake-On-LAN<br \/>\n&#8211; Suporta Protecci\u00f3n Lightning\/ESD<br \/>\n&#8211; Soporta Ethernet 802.3az eficiente energ\u00e9ticamente<br \/>\n&#8211; Soporta PXE<\/span><\/div>\n<\/li>\n<\/ul>\n<\/li>\n<\/ul>\n<\/li>\n<\/ul>\n","protected":false},"excerpt":{"rendered":"<ul>\n<li>Soporta Socket AMD AM4 Ryzen\u2122 3000, 3000 G-Series, 4000 G-Series, 5000 y 5000 G-Series Desktop Processors*<br \/>\nDise\u00f1o de fase de alimentaci\u00f3n 14, Digi Power, Dr. MOS<br \/>\nSoporta memoria DDR4 4733+ (OC)<br \/>\n1 PCIe 4.0 x16, 1 PCIe 3.0 x16, 2 PCIe 3.0 x1, 1 M.2 Key E para WiFi<br \/>\nOpciones de salida gr\u00e1ficos: HDMI<br \/>\nAMD CrossFireX\u2122<br \/>\nAudio 7.1 canales HD (C\u00f3dec de audio Realtek ALC1220), Nahimic Audio<br \/>\n6 SATA3, 1 Hyper M.2 (PCIe Gen4 x4), 1 M.2 (PCIe Gen3 x2 &amp; SATA3)<br \/>\n2 USB 3.2 Gen2 (Trasero Tipo A+C), 5 USB 3.2 Gen1 (2 Frontales, 2 Traseros, 1 Frontal Tipo-C)<br \/>\nDragon 2.5G LAN<\/p>\n<div class=\"Remark\">*Not compatible con AMD Athlon\u2122 Processors.<\/div>\n<\/li>\n<\/ul>\n","protected":false},"featured_media":18574,"comment_status":"closed","ping_status":"closed","template":"","meta":[],"pwb-brand":[213],"product_brand":[],"product_cat":[68],"product_tag":[474,182],"class_list":{"0":"post-18568","1":"product","2":"type-product","3":"status-publish","4":"has-post-thumbnail","6":"pwb-brand-asrock","7":"product_cat-board","8":"product_tag-board-amd","9":"product_tag-ryzen-am4","11":"first","12":"instock","13":"taxable","14":"shipping-taxable","15":"purchasable","16":"product-type-simple"},"yoast_head":"<!-- This site is optimized with the Yoast SEO plugin v26.7 - https:\/\/yoast.com\/wordpress\/plugins\/seo\/ -->\n<title>ASROCK B550 EXTREME 4 - PC MASTERS BOGOTA<\/title>\n<meta name=\"robots\" content=\"index, follow, max-snippet:-1, max-image-preview:large, max-video-preview:-1\" \/>\n<link rel=\"canonical\" href=\"https:\/\/pcmastersbogota.com.co\/es_es\/producto\/asrock-b550-extreme-4\/\" \/>\n<meta property=\"og:locale\" content=\"es_ES\" \/>\n<meta property=\"og:type\" content=\"article\" \/>\n<meta property=\"og:title\" content=\"ASROCK B550 EXTREME 4 - PC MASTERS BOGOTA\" \/>\n<meta property=\"og:description\" content=\"Soporta Socket AMD AM4 Ryzen\u2122 3000, 3000 G-Series, 4000 G-Series, 5000 y 5000 G-Series Desktop Processors* Dise\u00f1o de fase de alimentaci\u00f3n 14, Digi Power, Dr. MOS Soporta memoria DDR4 4733+ (OC) 1 PCIe 4.0 x16, 1 PCIe 3.0 x16, 2 PCIe 3.0 x1, 1 M.2 Key E para WiFi Opciones de salida gr\u00e1ficos: HDMI AMD CrossFireX\u2122 Audio 7.1 canales HD (C\u00f3dec de audio Realtek ALC1220), Nahimic Audio 6 SATA3, 1 Hyper M.2 (PCIe Gen4 x4), 1 M.2 (PCIe Gen3 x2 &amp; SATA3) 2 USB 3.2 Gen2 (Trasero Tipo A+C), 5 USB 3.2 Gen1 (2 Frontales, 2 Traseros, 1 Frontal Tipo-C) Dragon 2.5G LAN *Not compatible con AMD Athlon\u2122 Processors.\" \/>\n<meta property=\"og:url\" content=\"https:\/\/pcmastersbogota.com.co\/es_es\/producto\/asrock-b550-extreme-4\/\" \/>\n<meta property=\"og:site_name\" content=\"PC MASTERS BOGOTA\" \/>\n<meta property=\"article:modified_time\" content=\"2025-01-30T07:17:04+00:00\" \/>\n<meta property=\"og:image\" content=\"https:\/\/pcmastersbogota.com.co\/wp-content\/uploads\/2022\/01\/B550-Extreme4L1.png\" \/>\n\t<meta property=\"og:image:width\" content=\"1200\" \/>\n\t<meta property=\"og:image:height\" content=\"1000\" \/>\n\t<meta property=\"og:image:type\" content=\"image\/png\" \/>\n<meta name=\"twitter:card\" content=\"summary_large_image\" \/>\n<meta name=\"twitter:label1\" content=\"Tiempo de lectura\" \/>\n\t<meta name=\"twitter:data1\" content=\"5 minutos\" \/>\n<script type=\"application\/ld+json\" class=\"yoast-schema-graph\">{\"@context\":\"https:\/\/schema.org\",\"@graph\":[{\"@type\":\"WebPage\",\"@id\":\"https:\/\/pcmastersbogota.com.co\/producto\/asrock-b550-extreme-4\/\",\"url\":\"https:\/\/pcmastersbogota.com.co\/producto\/asrock-b550-extreme-4\/\",\"name\":\"ASROCK B550 EXTREME 4 - PC MASTERS BOGOTA\",\"isPartOf\":{\"@id\":\"https:\/\/pcmastersbogota.com.co\/es_es\/#website\"},\"primaryImageOfPage\":{\"@id\":\"https:\/\/pcmastersbogota.com.co\/producto\/asrock-b550-extreme-4\/#primaryimage\"},\"image\":{\"@id\":\"https:\/\/pcmastersbogota.com.co\/producto\/asrock-b550-extreme-4\/#primaryimage\"},\"thumbnailUrl\":\"https:\/\/pcmastersbogota.com.co\/wp-content\/uploads\/2022\/01\/B550-Extreme4L1.png\",\"datePublished\":\"2022-01-09T17:57:37+00:00\",\"dateModified\":\"2025-01-30T07:17:04+00:00\",\"breadcrumb\":{\"@id\":\"https:\/\/pcmastersbogota.com.co\/producto\/asrock-b550-extreme-4\/#breadcrumb\"},\"inLanguage\":\"es\",\"potentialAction\":[{\"@type\":\"ReadAction\",\"target\":[\"https:\/\/pcmastersbogota.com.co\/producto\/asrock-b550-extreme-4\/\"]}]},{\"@type\":\"ImageObject\",\"inLanguage\":\"es\",\"@id\":\"https:\/\/pcmastersbogota.com.co\/producto\/asrock-b550-extreme-4\/#primaryimage\",\"url\":\"https:\/\/pcmastersbogota.com.co\/wp-content\/uploads\/2022\/01\/B550-Extreme4L1.png\",\"contentUrl\":\"https:\/\/pcmastersbogota.com.co\/wp-content\/uploads\/2022\/01\/B550-Extreme4L1.png\",\"width\":1200,\"height\":1000},{\"@type\":\"BreadcrumbList\",\"@id\":\"https:\/\/pcmastersbogota.com.co\/producto\/asrock-b550-extreme-4\/#breadcrumb\",\"itemListElement\":[{\"@type\":\"ListItem\",\"position\":1,\"name\":\"Home\",\"item\":\"https:\/\/pcmastersbogota.com.co\/\"},{\"@type\":\"ListItem\",\"position\":2,\"name\":\"Tienda\",\"item\":\"https:\/\/pcmastersbogota.com.co\/es_es\/tienda\/\"},{\"@type\":\"ListItem\",\"position\":3,\"name\":\"ASROCK B550 EXTREME 4\"}]},{\"@type\":\"WebSite\",\"@id\":\"https:\/\/pcmastersbogota.com.co\/es_es\/#website\",\"url\":\"https:\/\/pcmastersbogota.com.co\/es_es\/\",\"name\":\"PC MASTERS BOGOTA\",\"description\":\"\",\"potentialAction\":[{\"@type\":\"SearchAction\",\"target\":{\"@type\":\"EntryPoint\",\"urlTemplate\":\"https:\/\/pcmastersbogota.com.co\/es_es\/?s={search_term_string}\"},\"query-input\":{\"@type\":\"PropertyValueSpecification\",\"valueRequired\":true,\"valueName\":\"search_term_string\"}}],\"inLanguage\":\"es\"}]}<\/script>\n<!-- \/ Yoast SEO plugin. -->","yoast_head_json":{"title":"ASROCK B550 EXTREME 4 - PC MASTERS BOGOTA","robots":{"index":"index","follow":"follow","max-snippet":"max-snippet:-1","max-image-preview":"max-image-preview:large","max-video-preview":"max-video-preview:-1"},"canonical":"https:\/\/pcmastersbogota.com.co\/es_es\/producto\/asrock-b550-extreme-4\/","og_locale":"es_ES","og_type":"article","og_title":"ASROCK B550 EXTREME 4 - PC MASTERS BOGOTA","og_description":"Soporta Socket AMD AM4 Ryzen\u2122 3000, 3000 G-Series, 4000 G-Series, 5000 y 5000 G-Series Desktop Processors* Dise\u00f1o de fase de alimentaci\u00f3n 14, Digi Power, Dr. MOS Soporta memoria DDR4 4733+ (OC) 1 PCIe 4.0 x16, 1 PCIe 3.0 x16, 2 PCIe 3.0 x1, 1 M.2 Key E para WiFi Opciones de salida gr\u00e1ficos: HDMI AMD CrossFireX\u2122 Audio 7.1 canales HD (C\u00f3dec de audio Realtek ALC1220), Nahimic Audio 6 SATA3, 1 Hyper M.2 (PCIe Gen4 x4), 1 M.2 (PCIe Gen3 x2 &amp; SATA3) 2 USB 3.2 Gen2 (Trasero Tipo A+C), 5 USB 3.2 Gen1 (2 Frontales, 2 Traseros, 1 Frontal Tipo-C) Dragon 2.5G LAN *Not compatible con AMD Athlon\u2122 Processors.","og_url":"https:\/\/pcmastersbogota.com.co\/es_es\/producto\/asrock-b550-extreme-4\/","og_site_name":"PC MASTERS BOGOTA","article_modified_time":"2025-01-30T07:17:04+00:00","og_image":[{"width":1200,"height":1000,"url":"https:\/\/pcmastersbogota.com.co\/wp-content\/uploads\/2022\/01\/B550-Extreme4L1.png","type":"image\/png"}],"twitter_card":"summary_large_image","twitter_misc":{"Tiempo de lectura":"5 minutos"},"schema":{"@context":"https:\/\/schema.org","@graph":[{"@type":"WebPage","@id":"https:\/\/pcmastersbogota.com.co\/producto\/asrock-b550-extreme-4\/","url":"https:\/\/pcmastersbogota.com.co\/producto\/asrock-b550-extreme-4\/","name":"ASROCK B550 EXTREME 4 - PC MASTERS BOGOTA","isPartOf":{"@id":"https:\/\/pcmastersbogota.com.co\/es_es\/#website"},"primaryImageOfPage":{"@id":"https:\/\/pcmastersbogota.com.co\/producto\/asrock-b550-extreme-4\/#primaryimage"},"image":{"@id":"https:\/\/pcmastersbogota.com.co\/producto\/asrock-b550-extreme-4\/#primaryimage"},"thumbnailUrl":"https:\/\/pcmastersbogota.com.co\/wp-content\/uploads\/2022\/01\/B550-Extreme4L1.png","datePublished":"2022-01-09T17:57:37+00:00","dateModified":"2025-01-30T07:17:04+00:00","breadcrumb":{"@id":"https:\/\/pcmastersbogota.com.co\/producto\/asrock-b550-extreme-4\/#breadcrumb"},"inLanguage":"es","potentialAction":[{"@type":"ReadAction","target":["https:\/\/pcmastersbogota.com.co\/producto\/asrock-b550-extreme-4\/"]}]},{"@type":"ImageObject","inLanguage":"es","@id":"https:\/\/pcmastersbogota.com.co\/producto\/asrock-b550-extreme-4\/#primaryimage","url":"https:\/\/pcmastersbogota.com.co\/wp-content\/uploads\/2022\/01\/B550-Extreme4L1.png","contentUrl":"https:\/\/pcmastersbogota.com.co\/wp-content\/uploads\/2022\/01\/B550-Extreme4L1.png","width":1200,"height":1000},{"@type":"BreadcrumbList","@id":"https:\/\/pcmastersbogota.com.co\/producto\/asrock-b550-extreme-4\/#breadcrumb","itemListElement":[{"@type":"ListItem","position":1,"name":"Home","item":"https:\/\/pcmastersbogota.com.co\/"},{"@type":"ListItem","position":2,"name":"Tienda","item":"https:\/\/pcmastersbogota.com.co\/es_es\/tienda\/"},{"@type":"ListItem","position":3,"name":"ASROCK B550 EXTREME 4"}]},{"@type":"WebSite","@id":"https:\/\/pcmastersbogota.com.co\/es_es\/#website","url":"https:\/\/pcmastersbogota.com.co\/es_es\/","name":"PC MASTERS BOGOTA","description":"","potentialAction":[{"@type":"SearchAction","target":{"@type":"EntryPoint","urlTemplate":"https:\/\/pcmastersbogota.com.co\/es_es\/?s={search_term_string}"},"query-input":{"@type":"PropertyValueSpecification","valueRequired":true,"valueName":"search_term_string"}}],"inLanguage":"es"}]}},"brands":[{"id":213,"name":"ASROCK","slug":"asrock"}],"_links":{"self":[{"href":"https:\/\/pcmastersbogota.com.co\/es_es\/wp-json\/wp\/v2\/product\/18568","targetHints":{"allow":["GET"]}}],"collection":[{"href":"https:\/\/pcmastersbogota.com.co\/es_es\/wp-json\/wp\/v2\/product"}],"about":[{"href":"https:\/\/pcmastersbogota.com.co\/es_es\/wp-json\/wp\/v2\/types\/product"}],"replies":[{"embeddable":true,"href":"https:\/\/pcmastersbogota.com.co\/es_es\/wp-json\/wp\/v2\/comments?post=18568"}],"version-history":[{"count":1,"href":"https:\/\/pcmastersbogota.com.co\/es_es\/wp-json\/wp\/v2\/product\/18568\/revisions"}],"predecessor-version":[{"id":18575,"href":"https:\/\/pcmastersbogota.com.co\/es_es\/wp-json\/wp\/v2\/product\/18568\/revisions\/18575"}],"wp:featuredmedia":[{"embeddable":true,"href":"https:\/\/pcmastersbogota.com.co\/es_es\/wp-json\/wp\/v2\/media\/18574"}],"wp:attachment":[{"href":"https:\/\/pcmastersbogota.com.co\/es_es\/wp-json\/wp\/v2\/media?parent=18568"}],"wp:term":[{"taxonomy":"pwb-brand","embeddable":true,"href":"https:\/\/pcmastersbogota.com.co\/es_es\/wp-json\/wp\/v2\/pwb-brand?post=18568"},{"taxonomy":"product_brand","embeddable":true,"href":"https:\/\/pcmastersbogota.com.co\/es_es\/wp-json\/wp\/v2\/product_brand?post=18568"},{"taxonomy":"product_cat","embeddable":true,"href":"https:\/\/pcmastersbogota.com.co\/es_es\/wp-json\/wp\/v2\/product_cat?post=18568"},{"taxonomy":"product_tag","embeddable":true,"href":"https:\/\/pcmastersbogota.com.co\/es_es\/wp-json\/wp\/v2\/product_tag?post=18568"}],"curies":[{"name":"wp","href":"https:\/\/api.w.org\/{rel}","templated":true}]}}