{"id":18599,"date":"2022-01-12T16:54:01","date_gmt":"2022-01-12T21:54:01","guid":{"rendered":"https:\/\/pcmastersbogota.com.co\/?post_type=product&#038;p=18599"},"modified":"2024-03-13T12:37:15","modified_gmt":"2024-03-13T17:37:15","slug":"asrock-b550-steel-legend","status":"publish","type":"product","link":"https:\/\/pcmastersbogota.com.co\/es_es\/producto\/asrock-b550-steel-legend\/","title":{"rendered":"ASROCK B550 STEEL LEGEND"},"content":{"rendered":"<p>https:\/\/www.asrock.com\/mb\/AMD\/B550%20Steel%20Legend\/<\/p>\n<ul class=\"SpecForm\">\n<li style=\"list-style-type: none;\">\n<ul class=\"SpecForm\">\n<li>CARACTERISTICAS\n<p>Caracter\u00edstica \u00fanica<br \/>\nASRock USB 3.2 Gen2<br \/>\n&#8211; Puerto ASRock USB 3.2 Gen2 Tipo-A (10 Gb\/s)<br \/>\n&#8211; Puerto ASRock USB 3.2 Gen2 Tipo-C (10 Gb\/s)<br \/>\nASRock S\u00faper Aleaci\u00f3n<br \/>\n&#8211; Disipador de calor de aleaci\u00f3n de aluminio XXL<br \/>\n&#8211; Estrangulador de potencia premium 60A<br \/>\n&#8211; 50A Dr.MOS<br \/>\n&#8211; Estrangulador de aleaci\u00f3n de memoria premium (reduce la p\u00e9rdida del n\u00facleo en un 70 % en comparaci\u00f3n con el estrangulador de polvo de hierro)<br \/>\n&#8211; Nichicon 12K Black Caps (capacitores de pol\u00edmero conductor de alta calidad fabricados 100% en Jap\u00f3n)<br \/>\n&#8211; Armadura de E\/S<br \/>\n&#8211; PCB negro mate<br \/>\n&#8211; PCB de tela de vidrio de alta densidad<br \/>\n&#8211; PCB de cobre de 2oz<br \/>\nLAN 2.5G<br \/>\nRanura de acero ASRock Gen4<br \/>\nDisipador de calor ASRock M.2 de cobertura completa<br \/>\nASRock Hyper M.2\u00a0(PCIe Gen4x4)<br \/>\nAlimentaci\u00f3n ASRock Ultra USB<br \/>\nASRock Full Spike Protection\u00a0(para todos los puertos USB, de audio y LAN)<br \/>\nActualizaci\u00f3n en vivo de ASRock y tienda de aplicaciones<br \/>\nUPC<br \/>\n&#8211; Compatible con procesadores de escritorio AMD AM4 Socket Ryzen\u2122 3000, 3000 G-Series, 4000 G-Series, 5000 y 5000 G-Series*<br \/>\n&#8211; Dise\u00f1o Digi Power<br \/>\n&#8211; Dise\u00f1o de 14 fases de potencia<\/p>\n<p>*No compatible con procesadores AMD Athlon\u2122.<br \/>\nconjunto de chips<br \/>\n-AMD B550<br \/>\nMemoria<br \/>\n&#8211; Tecnolog\u00eda de memoria DDR4 de doble canal<br \/>\n&#8211; 4 ranuras DIMM DDR4<br \/>\n&#8211; Las CPU de la serie AMD Ryzen (Vermeer) son compatibles con DDR4 4733+(OC) \/ 4666(OC) \/ 4600(OC) \/ 4533(OC) \/ 4466(OC) \/ 4400(OC) \/ 4333(OC) \/ 4266(OC) \/ 4200(OC) \/ 4133(OC) \/ 4000(OC) \/ 3866(OC) \/ 3800(OC) \/ 3733(OC) \/ 3600(OC) \/ 3466(OC) \/ 3200 \/ 2933 \/ 2667 \/ 2400 \/ 2133 ECC y no ECC, memoria sin b\u00fafer*<br \/>\n&#8211; Las CPU de la serie AMD Ryzen (Matisse) son compatibles con DDR4 4733+(OC) \/ 4666(OC) \/ 4600(OC) \/ 4533(OC) \/ 4466(OC) \/ 4400(OC) \/ 4333(OC) \/ 4266(OC) \/ 4200(OC) \/ 4133(OC) \/ 4000(OC) \/ 3866(OC) \/ 3800(OC) \/ 3733(OC) \/ 3600(OC) \/ 3466(OC) \/ 3200 \/ 2933 \/ 2667 \/ 2400 \/ 2133 ECC y no ECC, memoria sin b\u00fafer*<br \/>\n&#8211; Las APU de la serie AMD Ryzen (Cezanne) son compatibles con DDR4 4733+(OC) \/ 4666(OC) \/ 4600(OC) \/ 4533(OC) \/ 4466(OC) \/ 4400(OC) \/ 4333(OC) \/ 4266(OC) \/ 4200(OC) \/ 4133(OC) \/ 4000(OC) \/ 3866(OC) \/ 3800(OC) \/ 3733(OC) \/ 3600(OC) \/ 3466(OC) \/ 3200 \/ 2933 \/ 2667 \/ 2400 \/ 2133 ECC y no ECC, memoria sin b\u00fafer*<br \/>\n&#8211; Las APU de la serie AMD Ryzen (Renoir) son compatibles con DDR4 4733+(OC) \/ 4666(OC) \/ 4600(OC) \/ 4533(OC) \/ 4466(OC) \/ 4400(OC) \/ 4333(OC) \/ 4266(OC) \/ 4200(OC) \/ 4133(OC) \/ 4000(OC) \/ 3866(OC) \/ 3800(OC) \/ 3733(OC) \/ 3600(OC) \/ 3466(OC) \/ 3200 \/ 2933 \/ 2667 \/ 2400 \/ 2133 ECC y no ECC, memoria sin b\u00fafer*<br \/>\n&#8211; Las APU de la serie AMD Ryzen (Picasso) admiten DDR4 3600+ (OC) \/ 3466 (OC) \/ 3200 (OC) \/ 2933 \/ 2667 \/ 2400 \/ 2133 sin ECC, memoria sin b\u00fafer *<br \/>\n&#8211; M\u00e1x. capacidad de la memoria del sistema: 128GB**<br \/>\n&#8211; Admite m\u00f3dulos de memoria Extreme Memory Profile (XMP)<br \/>\n&#8211; Contacto dorado de 15 \u03bc en ranuras DIMM<\/p>\n<p>*Para las APU de la serie Ryzen (Picasso, Cezanne y Renoir), ECC solo es compatible con las CPU PRO.<br \/>\nConsulte la tabla a continuaci\u00f3n para conocer la compatibilidad con frecuencias de memoria no XMP de AMD. Para m\u00e1s detalles.<\/p>\n<p>CPU de la serie Ryzen (Vermeer):<\/p>\n<p>&nbsp;<\/p>\n<p>CPU de la serie Ryzen (Matisse):<\/p>\n<p>APU de la serie Ryzen (Cezanne):<\/p>\n<p>APU de la serie Ryzen (Renoir):<\/p>\n<p>CPU de la serie Ryzen (Picasso):<\/p>\n<p>SR: DIMM de rango \u00fanico, 1Rx4 o 1Rx8 en la etiqueta del m\u00f3dulo DIMM x=1 o 2<br \/>\nDR: DIMM de rango doble, 2Rx4 o 2Rx8 en la etiqueta del m\u00f3dulo DIMM<\/p>\n<p>**Debido a la limitaci\u00f3n del sistema operativo, el tama\u00f1o real de la memoria puede ser inferior a 4 GB para la reserva para el uso del sistema con el sistema operativo Windows\u00ae de 32 bits. Para el sistema operativo Windows\u00ae de 64 bits con CPU de 64 bits, no existe tal limitaci\u00f3n.<br \/>\nBIOS<br \/>\n&#8211; 256Mb AMI UEFI Legal BIOS con soporte GUI<br \/>\n&#8211; Soporta &#8216;Plug and Play&#8217;<br \/>\n&#8211; Eventos de activaci\u00f3n de cumplimiento de ACPI 5.1<br \/>\n&#8211; Soporta sin puentes<br \/>\n&#8211; Compatibilidad con SMBIOS 2.3<br \/>\n&#8211; CPU, CPU VDDCR_SOC, DRAM, VPPM, VTT_DDR Offset, CPU VDD 1.8 Ajuste m\u00faltiple de voltaje<br \/>\nGr\u00e1ficos<br \/>\n&#8211; Gr\u00e1ficos de la serie AMD Radeon\u2122 Vega integrados en la APU de la serie Ryzen*<br \/>\n&#8211; DirectX 12, Sombreador de p\u00edxeles 5.0<br \/>\n&#8211; Memoria compartida por defecto 2GB. La memoria Max Shared admite hasta 16 GB.**<br \/>\n&#8211; Salida de gr\u00e1ficos dual: admite puertos HDMI y DisplayPort 1.4 mediante controladores de pantalla independientes<br \/>\n&#8211; Admite HDMI 2.1 con m\u00e1x. resoluci\u00f3n de hasta 4K x 2K (4096&#215;2160) @ 60Hz<br \/>\n&#8211; Admite DisplayPort 1.4 con m\u00e1x. resoluci\u00f3n de hasta 5K (5120&#215;2880) a 120 Hz<br \/>\n&#8211; Admite Auto Lip Sync, Deep Color (12bpc), xvYCC y HBR (audio de alta tasa de bits) con puerto HDMI 2.1 (se requiere un monitor HDMI compatible)<br \/>\n&#8211; Soporta HDR (Alto Rango Din\u00e1mico) con HDMI 2.1<br \/>\n&#8211; Compatible con HDCP 2.3 con puertos HDMI 2.1 y DisplayPort 1.4***<br \/>\n&#8211; Admite reproducci\u00f3n 4K Ultra HD (UHD) con puertos HDMI 2.1 y DisplayPort 1.4<br \/>\n&#8211; Compatible con Microsoft\u00ae\u00a0PlayReady<\/p>\n<p>*El soporte real puede variar seg\u00fan la CPU<\/p>\n<p>**La memoria compartida m\u00e1xima de 16 GB requiere una memoria de sistema de 32 GB instalada.<\/p>\n<p>***Picasso admite HDCP 2.2 con puerto HDMI 2.0<br \/>\nAudio<br \/>\n&#8211; Audio HD de 7.1 canales con protecci\u00f3n de contenido (c\u00f3dec de audio Realtek ALC1220)<br \/>\n&#8211; Compatibilidad con audio Blu-ray de primera calidad<br \/>\n&#8211; Admite protecci\u00f3n contra sobretensiones<br \/>\n&#8211; 120dB SNR DAC con amplificador diferencial<br \/>\n&#8211; Amplificador de auriculares premium NE5532 para conector de audio del panel frontal (admite auriculares de hasta 600 ohmios)<br \/>\n&#8211; Entrada de energ\u00eda pura<br \/>\n&#8211; Tecnolog\u00eda de accionamiento directo<br \/>\n&#8211; Blindaje de aislamiento de PCB<br \/>\n&#8211; Detecci\u00f3n de impedancia en el puerto trasero de salida<br \/>\n&#8211; Capas de PCB individuales para canal de audio R\/L<br \/>\n&#8211; Conectores de audio dorados<br \/>\n&#8211; Conector de audio dorado de 15 \u03bc<br \/>\n&#8211; Audio nah\u00edmico<br \/>\nLAN<br \/>\n&#8211; 2.5 Gigabit LAN 10\/100\/1000\/2500 Mb\/s<br \/>\n&#8211; Drag\u00f3n RTL8125BG<br \/>\n&#8211; Compatible con el software Dragon 2.5G LAN<br \/>\n&#8211; Control de ancho de banda de ajuste autom\u00e1tico inteligente<br \/>\n&#8211; Interfaz de usuario visual f\u00e1cil de usar<br \/>\n&#8211; Estad\u00edsticas de uso de la red visual<br \/>\n&#8211; Configuraci\u00f3n predeterminada optimizada para juegos, navegador y transmisi\u00f3n<\/li>\n<\/ul>\n<\/li>\n<\/ul>\n<p>&nbsp;<\/p>\n","protected":false},"excerpt":{"rendered":"<ul>\n<li>Admite procesadores de escritorio AMD AM4 Socket Ryzen\u2122 3000, 3000 G-Series, 4000 G-Series, 5000 y 5000 G-Series*<br \/>\n14 Dise\u00f1o de fase de potencia, Digi Power, Dr. MOS<br \/>\nCompatible con DDR4 4733+ (OC)<br \/>\n1 PCIe 4.0 x16, 1 PCIe 3.0 x16, 2 PCIe 3.0 x1, 1 M.2 Clave E para WiFi<br \/>\nOpciones de salida de gr\u00e1ficos: HDMI, DisplayPort<br \/>\nAMD CrossFireX\u2122<br \/>\nAudio HD de 7.1 canales (c\u00f3dec de audio Realtek ALC1220), audio Nahimic<br \/>\n6 SATA3, 1 Hyper M.2 (PCIe Gen4 x4), 1 M.2 (PCIe Gen3 x2 y SATA3)<br \/>\n2 USB 3.2 Gen2 (posterior tipo A+C), 5 USB 3.2 Gen1 (2 frontales, 2 posteriores, 1 frontal tipo C)<br \/>\nDrag\u00f3n 2.5G LAN<\/li>\n<\/ul>\n","protected":false},"featured_media":18603,"comment_status":"closed","ping_status":"closed","template":"","meta":[],"pwb-brand":[213],"product_brand":[],"product_cat":[68],"product_tag":[357,358,474,90],"class_list":{"0":"post-18599","1":"product","2":"type-product","3":"status-publish","4":"has-post-thumbnail","6":"pwb-brand-asrock","7":"product_cat-board","8":"product_tag-am4","9":"product_tag-amd","10":"product_tag-board-amd","11":"product_tag-ryzen","13":"first","14":"instock","15":"taxable","16":"shipping-taxable","17":"purchasable","18":"product-type-simple"},"yoast_head":"<!-- This site is optimized with the Yoast SEO plugin v26.7 - https:\/\/yoast.com\/wordpress\/plugins\/seo\/ -->\n<title>ASROCK B550 STEEL LEGEND - PC MASTERS BOGOTA<\/title>\n<meta name=\"robots\" content=\"index, follow, max-snippet:-1, max-image-preview:large, max-video-preview:-1\" \/>\n<link rel=\"canonical\" href=\"https:\/\/pcmastersbogota.com.co\/es_es\/producto\/asrock-b550-steel-legend\/\" \/>\n<meta property=\"og:locale\" content=\"es_ES\" \/>\n<meta property=\"og:type\" content=\"article\" \/>\n<meta property=\"og:title\" content=\"ASROCK B550 STEEL LEGEND - PC MASTERS BOGOTA\" \/>\n<meta property=\"og:description\" content=\"Admite procesadores de escritorio AMD AM4 Socket Ryzen\u2122 3000, 3000 G-Series, 4000 G-Series, 5000 y 5000 G-Series* 14 Dise\u00f1o de fase de potencia, Digi Power, Dr. MOS Compatible con DDR4 4733+ (OC) 1 PCIe 4.0 x16, 1 PCIe 3.0 x16, 2 PCIe 3.0 x1, 1 M.2 Clave E para WiFi Opciones de salida de gr\u00e1ficos: HDMI, DisplayPort AMD CrossFireX\u2122 Audio HD de 7.1 canales (c\u00f3dec de audio Realtek ALC1220), audio Nahimic 6 SATA3, 1 Hyper M.2 (PCIe Gen4 x4), 1 M.2 (PCIe Gen3 x2 y SATA3) 2 USB 3.2 Gen2 (posterior tipo A+C), 5 USB 3.2 Gen1 (2 frontales, 2 posteriores, 1 frontal tipo C) Drag\u00f3n 2.5G LAN\" \/>\n<meta property=\"og:url\" content=\"https:\/\/pcmastersbogota.com.co\/es_es\/producto\/asrock-b550-steel-legend\/\" \/>\n<meta property=\"og:site_name\" content=\"PC MASTERS BOGOTA\" \/>\n<meta property=\"article:modified_time\" content=\"2024-03-13T17:37:15+00:00\" \/>\n<meta property=\"og:image\" content=\"https:\/\/pcmastersbogota.com.co\/wp-content\/uploads\/2022\/01\/B550-Steel-LegendL1.png\" \/>\n\t<meta property=\"og:image:width\" content=\"1200\" \/>\n\t<meta property=\"og:image:height\" content=\"1000\" \/>\n\t<meta property=\"og:image:type\" content=\"image\/png\" \/>\n<meta name=\"twitter:card\" content=\"summary_large_image\" \/>\n<meta name=\"twitter:label1\" content=\"Tiempo de lectura\" \/>\n\t<meta name=\"twitter:data1\" content=\"5 minutos\" \/>\n<script type=\"application\/ld+json\" class=\"yoast-schema-graph\">{\"@context\":\"https:\/\/schema.org\",\"@graph\":[{\"@type\":\"WebPage\",\"@id\":\"https:\/\/pcmastersbogota.com.co\/producto\/asrock-b550-steel-legend\/\",\"url\":\"https:\/\/pcmastersbogota.com.co\/producto\/asrock-b550-steel-legend\/\",\"name\":\"ASROCK B550 STEEL LEGEND - PC MASTERS BOGOTA\",\"isPartOf\":{\"@id\":\"https:\/\/pcmastersbogota.com.co\/es_es\/#website\"},\"primaryImageOfPage\":{\"@id\":\"https:\/\/pcmastersbogota.com.co\/producto\/asrock-b550-steel-legend\/#primaryimage\"},\"image\":{\"@id\":\"https:\/\/pcmastersbogota.com.co\/producto\/asrock-b550-steel-legend\/#primaryimage\"},\"thumbnailUrl\":\"https:\/\/pcmastersbogota.com.co\/wp-content\/uploads\/2022\/01\/B550-Steel-LegendL1.png\",\"datePublished\":\"2022-01-12T21:54:01+00:00\",\"dateModified\":\"2024-03-13T17:37:15+00:00\",\"breadcrumb\":{\"@id\":\"https:\/\/pcmastersbogota.com.co\/producto\/asrock-b550-steel-legend\/#breadcrumb\"},\"inLanguage\":\"es\",\"potentialAction\":[{\"@type\":\"ReadAction\",\"target\":[\"https:\/\/pcmastersbogota.com.co\/producto\/asrock-b550-steel-legend\/\"]}]},{\"@type\":\"ImageObject\",\"inLanguage\":\"es\",\"@id\":\"https:\/\/pcmastersbogota.com.co\/producto\/asrock-b550-steel-legend\/#primaryimage\",\"url\":\"https:\/\/pcmastersbogota.com.co\/wp-content\/uploads\/2022\/01\/B550-Steel-LegendL1.png\",\"contentUrl\":\"https:\/\/pcmastersbogota.com.co\/wp-content\/uploads\/2022\/01\/B550-Steel-LegendL1.png\",\"width\":1200,\"height\":1000},{\"@type\":\"BreadcrumbList\",\"@id\":\"https:\/\/pcmastersbogota.com.co\/producto\/asrock-b550-steel-legend\/#breadcrumb\",\"itemListElement\":[{\"@type\":\"ListItem\",\"position\":1,\"name\":\"Home\",\"item\":\"https:\/\/pcmastersbogota.com.co\/\"},{\"@type\":\"ListItem\",\"position\":2,\"name\":\"Tienda\",\"item\":\"https:\/\/pcmastersbogota.com.co\/es_es\/tienda\/\"},{\"@type\":\"ListItem\",\"position\":3,\"name\":\"ASROCK B550 STEEL LEGEND\"}]},{\"@type\":\"WebSite\",\"@id\":\"https:\/\/pcmastersbogota.com.co\/es_es\/#website\",\"url\":\"https:\/\/pcmastersbogota.com.co\/es_es\/\",\"name\":\"PC MASTERS BOGOTA\",\"description\":\"\",\"potentialAction\":[{\"@type\":\"SearchAction\",\"target\":{\"@type\":\"EntryPoint\",\"urlTemplate\":\"https:\/\/pcmastersbogota.com.co\/es_es\/?s={search_term_string}\"},\"query-input\":{\"@type\":\"PropertyValueSpecification\",\"valueRequired\":true,\"valueName\":\"search_term_string\"}}],\"inLanguage\":\"es\"}]}<\/script>\n<!-- \/ Yoast SEO plugin. -->","yoast_head_json":{"title":"ASROCK B550 STEEL LEGEND - PC MASTERS BOGOTA","robots":{"index":"index","follow":"follow","max-snippet":"max-snippet:-1","max-image-preview":"max-image-preview:large","max-video-preview":"max-video-preview:-1"},"canonical":"https:\/\/pcmastersbogota.com.co\/es_es\/producto\/asrock-b550-steel-legend\/","og_locale":"es_ES","og_type":"article","og_title":"ASROCK B550 STEEL LEGEND - PC MASTERS BOGOTA","og_description":"Admite procesadores de escritorio AMD AM4 Socket Ryzen\u2122 3000, 3000 G-Series, 4000 G-Series, 5000 y 5000 G-Series* 14 Dise\u00f1o de fase de potencia, Digi Power, Dr. MOS Compatible con DDR4 4733+ (OC) 1 PCIe 4.0 x16, 1 PCIe 3.0 x16, 2 PCIe 3.0 x1, 1 M.2 Clave E para WiFi Opciones de salida de gr\u00e1ficos: HDMI, DisplayPort AMD CrossFireX\u2122 Audio HD de 7.1 canales (c\u00f3dec de audio Realtek ALC1220), audio Nahimic 6 SATA3, 1 Hyper M.2 (PCIe Gen4 x4), 1 M.2 (PCIe Gen3 x2 y SATA3) 2 USB 3.2 Gen2 (posterior tipo A+C), 5 USB 3.2 Gen1 (2 frontales, 2 posteriores, 1 frontal tipo C) Drag\u00f3n 2.5G LAN","og_url":"https:\/\/pcmastersbogota.com.co\/es_es\/producto\/asrock-b550-steel-legend\/","og_site_name":"PC MASTERS BOGOTA","article_modified_time":"2024-03-13T17:37:15+00:00","og_image":[{"width":1200,"height":1000,"url":"https:\/\/pcmastersbogota.com.co\/wp-content\/uploads\/2022\/01\/B550-Steel-LegendL1.png","type":"image\/png"}],"twitter_card":"summary_large_image","twitter_misc":{"Tiempo de lectura":"5 minutos"},"schema":{"@context":"https:\/\/schema.org","@graph":[{"@type":"WebPage","@id":"https:\/\/pcmastersbogota.com.co\/producto\/asrock-b550-steel-legend\/","url":"https:\/\/pcmastersbogota.com.co\/producto\/asrock-b550-steel-legend\/","name":"ASROCK B550 STEEL LEGEND - PC MASTERS BOGOTA","isPartOf":{"@id":"https:\/\/pcmastersbogota.com.co\/es_es\/#website"},"primaryImageOfPage":{"@id":"https:\/\/pcmastersbogota.com.co\/producto\/asrock-b550-steel-legend\/#primaryimage"},"image":{"@id":"https:\/\/pcmastersbogota.com.co\/producto\/asrock-b550-steel-legend\/#primaryimage"},"thumbnailUrl":"https:\/\/pcmastersbogota.com.co\/wp-content\/uploads\/2022\/01\/B550-Steel-LegendL1.png","datePublished":"2022-01-12T21:54:01+00:00","dateModified":"2024-03-13T17:37:15+00:00","breadcrumb":{"@id":"https:\/\/pcmastersbogota.com.co\/producto\/asrock-b550-steel-legend\/#breadcrumb"},"inLanguage":"es","potentialAction":[{"@type":"ReadAction","target":["https:\/\/pcmastersbogota.com.co\/producto\/asrock-b550-steel-legend\/"]}]},{"@type":"ImageObject","inLanguage":"es","@id":"https:\/\/pcmastersbogota.com.co\/producto\/asrock-b550-steel-legend\/#primaryimage","url":"https:\/\/pcmastersbogota.com.co\/wp-content\/uploads\/2022\/01\/B550-Steel-LegendL1.png","contentUrl":"https:\/\/pcmastersbogota.com.co\/wp-content\/uploads\/2022\/01\/B550-Steel-LegendL1.png","width":1200,"height":1000},{"@type":"BreadcrumbList","@id":"https:\/\/pcmastersbogota.com.co\/producto\/asrock-b550-steel-legend\/#breadcrumb","itemListElement":[{"@type":"ListItem","position":1,"name":"Home","item":"https:\/\/pcmastersbogota.com.co\/"},{"@type":"ListItem","position":2,"name":"Tienda","item":"https:\/\/pcmastersbogota.com.co\/es_es\/tienda\/"},{"@type":"ListItem","position":3,"name":"ASROCK B550 STEEL LEGEND"}]},{"@type":"WebSite","@id":"https:\/\/pcmastersbogota.com.co\/es_es\/#website","url":"https:\/\/pcmastersbogota.com.co\/es_es\/","name":"PC MASTERS BOGOTA","description":"","potentialAction":[{"@type":"SearchAction","target":{"@type":"EntryPoint","urlTemplate":"https:\/\/pcmastersbogota.com.co\/es_es\/?s={search_term_string}"},"query-input":{"@type":"PropertyValueSpecification","valueRequired":true,"valueName":"search_term_string"}}],"inLanguage":"es"}]}},"brands":[{"id":213,"name":"ASROCK","slug":"asrock"}],"_links":{"self":[{"href":"https:\/\/pcmastersbogota.com.co\/es_es\/wp-json\/wp\/v2\/product\/18599","targetHints":{"allow":["GET"]}}],"collection":[{"href":"https:\/\/pcmastersbogota.com.co\/es_es\/wp-json\/wp\/v2\/product"}],"about":[{"href":"https:\/\/pcmastersbogota.com.co\/es_es\/wp-json\/wp\/v2\/types\/product"}],"replies":[{"embeddable":true,"href":"https:\/\/pcmastersbogota.com.co\/es_es\/wp-json\/wp\/v2\/comments?post=18599"}],"version-history":[{"count":2,"href":"https:\/\/pcmastersbogota.com.co\/es_es\/wp-json\/wp\/v2\/product\/18599\/revisions"}],"predecessor-version":[{"id":18608,"href":"https:\/\/pcmastersbogota.com.co\/es_es\/wp-json\/wp\/v2\/product\/18599\/revisions\/18608"}],"wp:featuredmedia":[{"embeddable":true,"href":"https:\/\/pcmastersbogota.com.co\/es_es\/wp-json\/wp\/v2\/media\/18603"}],"wp:attachment":[{"href":"https:\/\/pcmastersbogota.com.co\/es_es\/wp-json\/wp\/v2\/media?parent=18599"}],"wp:term":[{"taxonomy":"pwb-brand","embeddable":true,"href":"https:\/\/pcmastersbogota.com.co\/es_es\/wp-json\/wp\/v2\/pwb-brand?post=18599"},{"taxonomy":"product_brand","embeddable":true,"href":"https:\/\/pcmastersbogota.com.co\/es_es\/wp-json\/wp\/v2\/product_brand?post=18599"},{"taxonomy":"product_cat","embeddable":true,"href":"https:\/\/pcmastersbogota.com.co\/es_es\/wp-json\/wp\/v2\/product_cat?post=18599"},{"taxonomy":"product_tag","embeddable":true,"href":"https:\/\/pcmastersbogota.com.co\/es_es\/wp-json\/wp\/v2\/product_tag?post=18599"}],"curies":[{"name":"wp","href":"https:\/\/api.w.org\/{rel}","templated":true}]}}