{"id":18645,"date":"2022-02-27T16:14:59","date_gmt":"2022-02-27T21:14:59","guid":{"rendered":"https:\/\/pcmastersbogota.com.co\/?post_type=product&#038;p=18645"},"modified":"2022-03-01T21:28:35","modified_gmt":"2022-03-02T02:28:35","slug":"teclado-mecanico-logitech-g-pro-kda-920-010074","status":"publish","type":"product","link":"https:\/\/pcmastersbogota.com.co\/es_es\/producto\/teclado-mecanico-logitech-g-pro-kda-920-010074\/","title":{"rendered":"TECLADO MEC\u00c1NICO LOGITECH G PRO KDA 920-010074"},"content":{"rendered":"<ul>\n<li>Interruptores mec\u00e1nicos: GX Brown T\u00e1ctiles<\/li>\n<li>Durabilidad: 70 millones de pulsaciones de teclas<\/li>\n<li>Distancia de actuaci\u00f3n: 1,5 mm<\/li>\n<li>Fuerza de actuaci\u00f3n: 45 g<\/li>\n<li>Iluminaci\u00f3n RGB LIGHTSYNC<\/li>\n<li>Perfil de iluminaci\u00f3n integrado<\/li>\n<li>Cable extra\u00edble de 1,8 m<\/li>\n<li>12 teclas F programables<\/li>\n<li>Velocidad de respuesta de 1 ms<\/li>\n<li>Compatibilidad: Windows 7 o posterior, MAC OS X 10.10 o posterior.<\/li>\n<li>Dimensiones: 153 x 360 x 34.3 mm<\/li>\n<\/ul>\n<p>Logitech G PRO TKL KDA tiene un cable extra\u00edble y un dise\u00f1o compacto sin teclado num\u00e9rico. El tama\u00f1o reducido y la posibilidad de desenchufar el cable facilitan el transporte. Prep\u00e1rate para impresionar con K\/DA. Cada componente integra tecnolog\u00eda avanzada de juego de alto desempe\u00f1o, con la est\u00e9tica propia de K\/DA. Esto es todo lo que necesitas para o\u00edr, comunicarte y disparar en el momento preciso.<\/p>\n<p><strong>Tecnolog\u00eda mec\u00e1nica avanzada<\/strong><br \/>\nPenetra en Summoner\u2019s Rift con un teclado apto para torneos, dotado de interruptores GX Brown t\u00e1ctiles. No importa con qu\u00e9 campeona de K\/DA juegues, desde Ahri a Seraphine, siempre tendr\u00e1s las pulsaciones de teclado precisas que necesites para recorrer todo el camino hasta Nexus.<\/p>\n<p><strong>Puntos de contacto dobles<\/strong><br \/>\nLos interruptores Romer-G tienen puntos de contacto dobles, por lo que cada actuaci\u00f3n produce una se\u00f1al robusta con una fiabilidad incre\u00edble.Esto pr\u00e1cticamente elimina errores mec\u00e1nicos, como clics dobles involuntarios, y garantiza una precisi\u00f3n constante.<\/p>\n<p><strong>70 millones de pulsaciones<\/strong><br \/>\nLos ingenieros de Logitech G someten los interruptores Romer-G a pruebas rigurosas para garantizar 70 millones de pulsaciones con cada interruptor. Y cada uno de esos 70 millones es tan r\u00e1pido y fiable como el primero.<\/p>\n<p><strong>Procesamiento de se\u00f1ales pulsaci\u00f3n de teclado<\/strong><br \/>\nEl procesamiento de se\u00f1ales de pulsaci\u00f3n de teclado (o KSP del ingl\u00e9s Keystroke Signal Processing) mejora el rendimiento global administrando cada paso de la secuencia desde la activaci\u00f3n del interruptor hasta la se\u00f1al USB. Para optimizar la capacidad de respuesta de Pro, hemos optimizado el KSP para que supere en 10 ms al de productos de la competencia.<\/p>\n<p><strong>Seguidilla de 26 teclas<\/strong><br \/>\nEl uso simult\u00e1neo de teclas permite que los movimientos complejos se ejecuten cada vez con la misma precisi\u00f3n. Con seguidilla de 26 teclas, al pulsar varias teclas junto con una de las modificadoras (Control, Alt, May\u00fas), en el orden que quieras, obtienes exactamente lo que te propon\u00edas.<\/p>\n<p><strong>RGB LIGHTSYNC<\/strong><br \/>\nLa tecnolog\u00eda RGB LIGHTSYNC proporciona iluminaci\u00f3n de pr\u00f3xima generaci\u00f3n que sincroniza la iluminaci\u00f3n y los perfiles del juego con tu contenido. Personaliza usando un espectro completo de aproximadamente 16,8 millones de colores, y sincroniza efectos y animaciones de iluminaci\u00f3n con otros dispositivos Logitech G. Personal\u00edzalo todo de forma r\u00e1pida y sencilla con Logitech G HUB.<\/p>\n<p><strong>Modo de juego personalizable<\/strong><br \/>\nNo pierdas una partida millonaria por darle sin querer a la tecla Windows. Usa Logitech Gaming Software para personalizar el modo de juego desactivando teclas que no necesites.<\/p>\n<p><strong>Macros de teclas de funci\u00f3n<\/strong><br \/>\nUsa Logitech G HUB para programar macros de teclas F1-F12 para facilitarte las cosas. Ejecuta comandos complejos, activa una serie de acciones cronometradas o conjuros con s\u00f3lo pulsar un bot\u00f3n. Para la configuraci\u00f3n de perfiles se requiere G HUB. Por lo general, las macros de teclado est\u00e1n prohibidas en los torneos.<\/p>\n<p><strong>Tres \u00e1ngulos de inclinaci\u00f3n<\/strong><br \/>\nLas tres opciones de ajuste de \u00e1ngulo te permiten colocar el teclado a 0, 4 u 8 grados para elegir el m\u00e1s c\u00f3modo. Los pies de goma mantienen el teclado estable durante los momentos m\u00e1s intensos de tus sesiones de gaming.<\/p>\n<ul>\n<li>Interruptores mec\u00e1nicos: GX Brown T\u00e1ctiles<\/li>\n<li>Durabilidad: 70 millones de pulsaciones de teclas<\/li>\n<li>Distancia de actuaci\u00f3n: 1,5 mm<\/li>\n<li>Fuerza de actuaci\u00f3n: 45 g<\/li>\n<li>Iluminaci\u00f3n RGB LIGHTSYNC<\/li>\n<li>Perfil de iluminaci\u00f3n integrado<\/li>\n<li>Cable extra\u00edble de 1,8 m<\/li>\n<li>12 teclas F programables<\/li>\n<li>Velocidad de respuesta de 1 ms<\/li>\n<li>Compatibilidad: Windows 7 o posterior, MAC OS X 10.10 o posterior.<\/li>\n<li>Dimensiones: 153 x 360 x 34.3 mm<\/li>\n<\/ul>\n<p>Logitech G PRO TKL KDA tiene un cable extra\u00edble y un dise\u00f1o compacto sin teclado num\u00e9rico. El tama\u00f1o reducido y la posibilidad de desenchufar el cable facilitan el transporte. Prep\u00e1rate para impresionar con K\/DA. Cada componente integra tecnolog\u00eda avanzada de juego de alto desempe\u00f1o, con la est\u00e9tica propia de K\/DA. Esto es todo lo que necesitas para o\u00edr, comunicarte y disparar en el momento preciso.<\/p>\n<p><strong>Tecnolog\u00eda mec\u00e1nica avanzada<\/strong><br \/>\nPenetra en Summoner\u2019s Rift con un teclado apto para torneos, dotado de interruptores GX Brown t\u00e1ctiles. No importa con qu\u00e9 campeona de K\/DA juegues, desde Ahri a Seraphine, siempre tendr\u00e1s las pulsaciones de teclado precisas que necesites para recorrer todo el camino hasta Nexus.<\/p>\n<p><strong>Puntos de contacto dobles<\/strong><br \/>\nLos interruptores Romer-G tienen puntos de contacto dobles, por lo que cada actuaci\u00f3n produce una se\u00f1al robusta con una fiabilidad incre\u00edble.Esto pr\u00e1cticamente elimina errores mec\u00e1nicos, como clics dobles involuntarios, y garantiza una precisi\u00f3n constante.<\/p>\n<p><strong>70 millones de pulsaciones<\/strong><br \/>\nLos ingenieros de Logitech G someten los interruptores Romer-G a pruebas rigurosas para garantizar 70 millones de pulsaciones con cada interruptor. Y cada uno de esos 70 millones es tan r\u00e1pido y fiable como el primero.<\/p>\n<p><strong>Procesamiento de se\u00f1ales pulsaci\u00f3n de teclado<\/strong><br \/>\nEl procesamiento de se\u00f1ales de pulsaci\u00f3n de teclado (o KSP del ingl\u00e9s Keystroke Signal Processing) mejora el rendimiento global administrando cada paso de la secuencia desde la activaci\u00f3n del interruptor hasta la se\u00f1al USB. Para optimizar la capacidad de respuesta de Pro, hemos optimizado el KSP para que supere en 10 ms al de productos de la competencia.<\/p>\n<p><strong>Seguidilla de 26 teclas<\/strong><br \/>\nEl uso simult\u00e1neo de teclas permite que los movimientos complejos se ejecuten cada vez con la misma precisi\u00f3n. Con seguidilla de 26 teclas, al pulsar varias teclas junto con una de las modificadoras (Control, Alt, May\u00fas), en el orden que quieras, obtienes exactamente lo que te propon\u00edas.<\/p>\n<p><strong>RGB LIGHTSYNC<\/strong><br \/>\nLa tecnolog\u00eda RGB LIGHTSYNC proporciona iluminaci\u00f3n de pr\u00f3xima generaci\u00f3n que sincroniza la iluminaci\u00f3n y los perfiles del juego con tu contenido. Personaliza usando un espectro completo de aproximadamente 16,8 millones de colores, y sincroniza efectos y animaciones de iluminaci\u00f3n con otros dispositivos Logitech G. Personal\u00edzalo todo de forma r\u00e1pida y sencilla con Logitech G HUB.<\/p>\n<p><strong>Modo de juego personalizable<\/strong><br \/>\nNo pierdas una partida millonaria por darle sin querer a la tecla Windows. Usa Logitech Gaming Software para personalizar el modo de juego desactivando teclas que no necesites.<\/p>\n<p><strong>Macros de teclas de funci\u00f3n<\/strong><br \/>\nUsa Logitech G HUB para programar macros de teclas F1-F12 para facilitarte las cosas. Ejecuta comandos complejos, activa una serie de acciones cronometradas o conjuros con s\u00f3lo pulsar un bot\u00f3n. Para la configuraci\u00f3n de perfiles se requiere G HUB. Por lo general, las macros de teclado est\u00e1n prohibidas en los torneos.<\/p>\n<p><strong>Tres \u00e1ngulos de inclinaci\u00f3n<\/strong><br \/>\nLas tres opciones de ajuste de \u00e1ngulo te permiten colocar el teclado a 0, 4 u 8 grados para elegir el m\u00e1s c\u00f3modo. Los pies de goma mantienen el teclado estable durante los momentos m\u00e1s intensos de tus sesiones de gaming.<\/p>\n","protected":false},"excerpt":{"rendered":"<p>Interruptores mec\u00e1nicos: GX Brown T\u00e1ctiles Durabilidad: 70 millones de pulsaciones de teclas Distancia de actuaci\u00f3n: 1,5 mm Fuerza de actuaci\u00f3n:<\/p>\n","protected":false},"featured_media":18647,"comment_status":"closed","ping_status":"closed","template":"","meta":[],"pwb-brand":[127],"product_brand":[],"product_cat":[42],"product_tag":[],"class_list":{"0":"post-18645","1":"product","2":"type-product","3":"status-publish","4":"has-post-thumbnail","6":"pwb-brand-logitech","7":"product_cat-teclados","9":"first","10":"instock","11":"taxable","12":"shipping-taxable","13":"purchasable","14":"product-type-simple"},"yoast_head":"<!-- This site is optimized with the Yoast SEO plugin v26.7 - https:\/\/yoast.com\/wordpress\/plugins\/seo\/ -->\n<title>TECLADO MEC\u00c1NICO LOGITECH G PRO KDA 920-010074 - PC MASTERS BOGOTA<\/title>\n<meta name=\"robots\" content=\"index, follow, max-snippet:-1, max-image-preview:large, max-video-preview:-1\" \/>\n<link rel=\"canonical\" href=\"https:\/\/pcmastersbogota.com.co\/es_es\/producto\/teclado-mecanico-logitech-g-pro-kda-920-010074\/\" \/>\n<meta property=\"og:locale\" content=\"es_ES\" \/>\n<meta property=\"og:type\" content=\"article\" \/>\n<meta property=\"og:title\" content=\"TECLADO MEC\u00c1NICO LOGITECH G PRO KDA 920-010074 - PC MASTERS BOGOTA\" \/>\n<meta property=\"og:description\" content=\"Interruptores mec\u00e1nicos: GX Brown T\u00e1ctiles Durabilidad: 70 millones de pulsaciones de teclas Distancia de actuaci\u00f3n: 1,5 mm Fuerza de actuaci\u00f3n:\" \/>\n<meta property=\"og:url\" content=\"https:\/\/pcmastersbogota.com.co\/es_es\/producto\/teclado-mecanico-logitech-g-pro-kda-920-010074\/\" \/>\n<meta property=\"og:site_name\" content=\"PC MASTERS BOGOTA\" \/>\n<meta property=\"article:modified_time\" content=\"2022-03-02T02:28:35+00:00\" \/>\n<meta property=\"og:image\" content=\"https:\/\/pcmastersbogota.com.co\/wp-content\/uploads\/2022\/02\/2NkEDGH1w5i1btwJ3Xu0jHdBjigpx59JbePoBkOk.jpeg\" \/>\n\t<meta property=\"og:image:width\" content=\"1200\" \/>\n\t<meta property=\"og:image:height\" content=\"1200\" \/>\n\t<meta property=\"og:image:type\" content=\"image\/jpeg\" \/>\n<meta name=\"twitter:card\" content=\"summary_large_image\" \/>\n<meta name=\"twitter:label1\" content=\"Tiempo de lectura\" \/>\n\t<meta name=\"twitter:data1\" content=\"6 minutos\" \/>\n<script type=\"application\/ld+json\" class=\"yoast-schema-graph\">{\"@context\":\"https:\/\/schema.org\",\"@graph\":[{\"@type\":\"WebPage\",\"@id\":\"https:\/\/pcmastersbogota.com.co\/es_es\/producto\/teclado-mecanico-logitech-g-pro-kda-920-010074\/\",\"url\":\"https:\/\/pcmastersbogota.com.co\/es_es\/producto\/teclado-mecanico-logitech-g-pro-kda-920-010074\/\",\"name\":\"TECLADO MEC\u00c1NICO LOGITECH G PRO KDA 920-010074 - PC MASTERS BOGOTA\",\"isPartOf\":{\"@id\":\"https:\/\/pcmastersbogota.com.co\/es_es\/#website\"},\"primaryImageOfPage\":{\"@id\":\"https:\/\/pcmastersbogota.com.co\/es_es\/producto\/teclado-mecanico-logitech-g-pro-kda-920-010074\/#primaryimage\"},\"image\":{\"@id\":\"https:\/\/pcmastersbogota.com.co\/es_es\/producto\/teclado-mecanico-logitech-g-pro-kda-920-010074\/#primaryimage\"},\"thumbnailUrl\":\"https:\/\/pcmastersbogota.com.co\/wp-content\/uploads\/2022\/02\/2NkEDGH1w5i1btwJ3Xu0jHdBjigpx59JbePoBkOk.jpeg\",\"datePublished\":\"2022-02-27T21:14:59+00:00\",\"dateModified\":\"2022-03-02T02:28:35+00:00\",\"breadcrumb\":{\"@id\":\"https:\/\/pcmastersbogota.com.co\/es_es\/producto\/teclado-mecanico-logitech-g-pro-kda-920-010074\/#breadcrumb\"},\"inLanguage\":\"es\",\"potentialAction\":[{\"@type\":\"ReadAction\",\"target\":[\"https:\/\/pcmastersbogota.com.co\/es_es\/producto\/teclado-mecanico-logitech-g-pro-kda-920-010074\/\"]}]},{\"@type\":\"ImageObject\",\"inLanguage\":\"es\",\"@id\":\"https:\/\/pcmastersbogota.com.co\/es_es\/producto\/teclado-mecanico-logitech-g-pro-kda-920-010074\/#primaryimage\",\"url\":\"https:\/\/pcmastersbogota.com.co\/wp-content\/uploads\/2022\/02\/2NkEDGH1w5i1btwJ3Xu0jHdBjigpx59JbePoBkOk.jpeg\",\"contentUrl\":\"https:\/\/pcmastersbogota.com.co\/wp-content\/uploads\/2022\/02\/2NkEDGH1w5i1btwJ3Xu0jHdBjigpx59JbePoBkOk.jpeg\",\"width\":1200,\"height\":1200},{\"@type\":\"BreadcrumbList\",\"@id\":\"https:\/\/pcmastersbogota.com.co\/es_es\/producto\/teclado-mecanico-logitech-g-pro-kda-920-010074\/#breadcrumb\",\"itemListElement\":[{\"@type\":\"ListItem\",\"position\":1,\"name\":\"Home\",\"item\":\"https:\/\/pcmastersbogota.com.co\/\"},{\"@type\":\"ListItem\",\"position\":2,\"name\":\"Tienda\",\"item\":\"https:\/\/pcmastersbogota.com.co\/es_es\/tienda\/\"},{\"@type\":\"ListItem\",\"position\":3,\"name\":\"TECLADO MEC\u00c1NICO LOGITECH G PRO KDA 920-010074\"}]},{\"@type\":\"WebSite\",\"@id\":\"https:\/\/pcmastersbogota.com.co\/es_es\/#website\",\"url\":\"https:\/\/pcmastersbogota.com.co\/es_es\/\",\"name\":\"PC MASTERS BOGOTA\",\"description\":\"\",\"potentialAction\":[{\"@type\":\"SearchAction\",\"target\":{\"@type\":\"EntryPoint\",\"urlTemplate\":\"https:\/\/pcmastersbogota.com.co\/es_es\/?s={search_term_string}\"},\"query-input\":{\"@type\":\"PropertyValueSpecification\",\"valueRequired\":true,\"valueName\":\"search_term_string\"}}],\"inLanguage\":\"es\"}]}<\/script>\n<!-- \/ Yoast SEO plugin. -->","yoast_head_json":{"title":"TECLADO MEC\u00c1NICO LOGITECH G PRO KDA 920-010074 - PC MASTERS BOGOTA","robots":{"index":"index","follow":"follow","max-snippet":"max-snippet:-1","max-image-preview":"max-image-preview:large","max-video-preview":"max-video-preview:-1"},"canonical":"https:\/\/pcmastersbogota.com.co\/es_es\/producto\/teclado-mecanico-logitech-g-pro-kda-920-010074\/","og_locale":"es_ES","og_type":"article","og_title":"TECLADO MEC\u00c1NICO LOGITECH G PRO KDA 920-010074 - PC MASTERS BOGOTA","og_description":"Interruptores mec\u00e1nicos: GX Brown T\u00e1ctiles Durabilidad: 70 millones de pulsaciones de teclas Distancia de actuaci\u00f3n: 1,5 mm Fuerza de actuaci\u00f3n:","og_url":"https:\/\/pcmastersbogota.com.co\/es_es\/producto\/teclado-mecanico-logitech-g-pro-kda-920-010074\/","og_site_name":"PC MASTERS BOGOTA","article_modified_time":"2022-03-02T02:28:35+00:00","og_image":[{"width":1200,"height":1200,"url":"https:\/\/pcmastersbogota.com.co\/wp-content\/uploads\/2022\/02\/2NkEDGH1w5i1btwJ3Xu0jHdBjigpx59JbePoBkOk.jpeg","type":"image\/jpeg"}],"twitter_card":"summary_large_image","twitter_misc":{"Tiempo de lectura":"6 minutos"},"schema":{"@context":"https:\/\/schema.org","@graph":[{"@type":"WebPage","@id":"https:\/\/pcmastersbogota.com.co\/es_es\/producto\/teclado-mecanico-logitech-g-pro-kda-920-010074\/","url":"https:\/\/pcmastersbogota.com.co\/es_es\/producto\/teclado-mecanico-logitech-g-pro-kda-920-010074\/","name":"TECLADO MEC\u00c1NICO LOGITECH G PRO KDA 920-010074 - PC MASTERS BOGOTA","isPartOf":{"@id":"https:\/\/pcmastersbogota.com.co\/es_es\/#website"},"primaryImageOfPage":{"@id":"https:\/\/pcmastersbogota.com.co\/es_es\/producto\/teclado-mecanico-logitech-g-pro-kda-920-010074\/#primaryimage"},"image":{"@id":"https:\/\/pcmastersbogota.com.co\/es_es\/producto\/teclado-mecanico-logitech-g-pro-kda-920-010074\/#primaryimage"},"thumbnailUrl":"https:\/\/pcmastersbogota.com.co\/wp-content\/uploads\/2022\/02\/2NkEDGH1w5i1btwJ3Xu0jHdBjigpx59JbePoBkOk.jpeg","datePublished":"2022-02-27T21:14:59+00:00","dateModified":"2022-03-02T02:28:35+00:00","breadcrumb":{"@id":"https:\/\/pcmastersbogota.com.co\/es_es\/producto\/teclado-mecanico-logitech-g-pro-kda-920-010074\/#breadcrumb"},"inLanguage":"es","potentialAction":[{"@type":"ReadAction","target":["https:\/\/pcmastersbogota.com.co\/es_es\/producto\/teclado-mecanico-logitech-g-pro-kda-920-010074\/"]}]},{"@type":"ImageObject","inLanguage":"es","@id":"https:\/\/pcmastersbogota.com.co\/es_es\/producto\/teclado-mecanico-logitech-g-pro-kda-920-010074\/#primaryimage","url":"https:\/\/pcmastersbogota.com.co\/wp-content\/uploads\/2022\/02\/2NkEDGH1w5i1btwJ3Xu0jHdBjigpx59JbePoBkOk.jpeg","contentUrl":"https:\/\/pcmastersbogota.com.co\/wp-content\/uploads\/2022\/02\/2NkEDGH1w5i1btwJ3Xu0jHdBjigpx59JbePoBkOk.jpeg","width":1200,"height":1200},{"@type":"BreadcrumbList","@id":"https:\/\/pcmastersbogota.com.co\/es_es\/producto\/teclado-mecanico-logitech-g-pro-kda-920-010074\/#breadcrumb","itemListElement":[{"@type":"ListItem","position":1,"name":"Home","item":"https:\/\/pcmastersbogota.com.co\/"},{"@type":"ListItem","position":2,"name":"Tienda","item":"https:\/\/pcmastersbogota.com.co\/es_es\/tienda\/"},{"@type":"ListItem","position":3,"name":"TECLADO MEC\u00c1NICO LOGITECH G PRO KDA 920-010074"}]},{"@type":"WebSite","@id":"https:\/\/pcmastersbogota.com.co\/es_es\/#website","url":"https:\/\/pcmastersbogota.com.co\/es_es\/","name":"PC MASTERS BOGOTA","description":"","potentialAction":[{"@type":"SearchAction","target":{"@type":"EntryPoint","urlTemplate":"https:\/\/pcmastersbogota.com.co\/es_es\/?s={search_term_string}"},"query-input":{"@type":"PropertyValueSpecification","valueRequired":true,"valueName":"search_term_string"}}],"inLanguage":"es"}]}},"brands":[{"id":127,"name":"LOGITECH","slug":"logitech"}],"_links":{"self":[{"href":"https:\/\/pcmastersbogota.com.co\/es_es\/wp-json\/wp\/v2\/product\/18645","targetHints":{"allow":["GET"]}}],"collection":[{"href":"https:\/\/pcmastersbogota.com.co\/es_es\/wp-json\/wp\/v2\/product"}],"about":[{"href":"https:\/\/pcmastersbogota.com.co\/es_es\/wp-json\/wp\/v2\/types\/product"}],"replies":[{"embeddable":true,"href":"https:\/\/pcmastersbogota.com.co\/es_es\/wp-json\/wp\/v2\/comments?post=18645"}],"version-history":[{"count":1,"href":"https:\/\/pcmastersbogota.com.co\/es_es\/wp-json\/wp\/v2\/product\/18645\/revisions"}],"predecessor-version":[{"id":18649,"href":"https:\/\/pcmastersbogota.com.co\/es_es\/wp-json\/wp\/v2\/product\/18645\/revisions\/18649"}],"wp:featuredmedia":[{"embeddable":true,"href":"https:\/\/pcmastersbogota.com.co\/es_es\/wp-json\/wp\/v2\/media\/18647"}],"wp:attachment":[{"href":"https:\/\/pcmastersbogota.com.co\/es_es\/wp-json\/wp\/v2\/media?parent=18645"}],"wp:term":[{"taxonomy":"pwb-brand","embeddable":true,"href":"https:\/\/pcmastersbogota.com.co\/es_es\/wp-json\/wp\/v2\/pwb-brand?post=18645"},{"taxonomy":"product_brand","embeddable":true,"href":"https:\/\/pcmastersbogota.com.co\/es_es\/wp-json\/wp\/v2\/product_brand?post=18645"},{"taxonomy":"product_cat","embeddable":true,"href":"https:\/\/pcmastersbogota.com.co\/es_es\/wp-json\/wp\/v2\/product_cat?post=18645"},{"taxonomy":"product_tag","embeddable":true,"href":"https:\/\/pcmastersbogota.com.co\/es_es\/wp-json\/wp\/v2\/product_tag?post=18645"}],"curies":[{"name":"wp","href":"https:\/\/api.w.org\/{rel}","templated":true}]}}