{"id":18675,"date":"2022-03-01T18:57:55","date_gmt":"2022-03-01T23:57:55","guid":{"rendered":"https:\/\/pcmastersbogota.com.co\/?post_type=product&#038;p=18675"},"modified":"2023-07-07T15:38:59","modified_gmt":"2023-07-07T20:38:59","slug":"rx-6600-asus-dual","status":"publish","type":"product","link":"https:\/\/pcmastersbogota.com.co\/es_es\/producto\/rx-6600-asus-dual\/","title":{"rendered":"AMD RADEON RX 6600 Asus Dual"},"content":{"rendered":"<pre id=\"tw-target-text\" class=\"tw-data-text tw-text-large tw-ta\" dir=\"ltr\" data-placeholder=\"Traducci\u00f3n\"><span class=\"Y2IQFc\" lang=\"es\">2 ventiladores. 2x diversi\u00f3n.\r\nAl ofrecer la \u00faltima experiencia de arquitectura AMD RDNA\u2122 2 en su forma m\u00e1s pura, \r\nASUS Dual Radeon\u2122 RX 6600 combina rendimiento y simplicidad como ning\u00fan otro. \r\nAprovechando las tecnolog\u00edas de refrigeraci\u00f3n avanzadas derivadas de las tarjetas gr\u00e1ficas emblem\u00e1ticas, \r\nla Dual opta por la sustancia sobre el estilo, la elecci\u00f3n perfecta para una construcci\u00f3n bien equilibrada. \r\nAbr\u00f3chate el cintur\u00f3n y participa en la destreza de juego de vanguardia.<\/span><\/pre>\n","protected":false},"excerpt":{"rendered":"<p>2 ventiladores. 2x diversi\u00f3n. Al ofrecer la \u00faltima experiencia de arquitectura AMD RDNA\u2122 2 en su forma m\u00e1s pura, ASUS<\/p>\n","protected":false},"featured_media":18677,"comment_status":"closed","ping_status":"closed","template":"","meta":[],"pwb-brand":[87,212,382],"product_brand":[],"product_cat":[73],"product_tag":[354],"class_list":{"0":"post-18675","1":"product","2":"type-product","3":"status-publish","4":"has-post-thumbnail","6":"pwb-brand-amd","7":"pwb-brand-asus","8":"pwb-brand-radeon-amd","9":"product_cat-tarjetas-graficas","10":"product_tag-gpu","12":"first","13":"outofstock","14":"taxable","15":"shipping-taxable","16":"purchasable","17":"product-type-simple"},"yoast_head":"<!-- This site is optimized with the Yoast SEO plugin v26.7 - https:\/\/yoast.com\/wordpress\/plugins\/seo\/ -->\n<title>AMD RADEON RX 6600 Asus Dual - PC MASTERS BOGOTA<\/title>\n<meta name=\"robots\" content=\"index, follow, max-snippet:-1, max-image-preview:large, max-video-preview:-1\" \/>\n<link rel=\"canonical\" href=\"https:\/\/pcmastersbogota.com.co\/es_es\/producto\/rx-6600-asus-dual\/\" \/>\n<meta property=\"og:locale\" content=\"es_ES\" \/>\n<meta property=\"og:type\" content=\"article\" \/>\n<meta property=\"og:title\" content=\"AMD RADEON RX 6600 Asus Dual - PC MASTERS BOGOTA\" \/>\n<meta property=\"og:description\" content=\"2 ventiladores. 2x diversi\u00f3n. Al ofrecer la \u00faltima experiencia de arquitectura AMD RDNA\u2122 2 en su forma m\u00e1s pura, ASUS\" \/>\n<meta property=\"og:url\" content=\"https:\/\/pcmastersbogota.com.co\/es_es\/producto\/rx-6600-asus-dual\/\" \/>\n<meta property=\"og:site_name\" content=\"PC MASTERS BOGOTA\" \/>\n<meta property=\"article:modified_time\" content=\"2023-07-07T20:38:59+00:00\" \/>\n<meta property=\"og:image\" content=\"https:\/\/pcmastersbogota.com.co\/wp-content\/uploads\/2022\/03\/fwebp-6.webp\" \/>\n\t<meta property=\"og:image:width\" content=\"800\" \/>\n\t<meta property=\"og:image:height\" content=\"800\" \/>\n\t<meta property=\"og:image:type\" content=\"image\/webp\" \/>\n<meta name=\"twitter:card\" content=\"summary_large_image\" \/>\n<meta name=\"twitter:label1\" content=\"Tiempo de lectura\" \/>\n\t<meta name=\"twitter:data1\" content=\"1 minuto\" \/>\n<script type=\"application\/ld+json\" class=\"yoast-schema-graph\">{\"@context\":\"https:\/\/schema.org\",\"@graph\":[{\"@type\":\"WebPage\",\"@id\":\"https:\/\/pcmastersbogota.com.co\/producto\/rx-6600-asus-dual\/\",\"url\":\"https:\/\/pcmastersbogota.com.co\/producto\/rx-6600-asus-dual\/\",\"name\":\"AMD RADEON RX 6600 Asus Dual - PC MASTERS BOGOTA\",\"isPartOf\":{\"@id\":\"https:\/\/pcmastersbogota.com.co\/es_es\/#website\"},\"primaryImageOfPage\":{\"@id\":\"https:\/\/pcmastersbogota.com.co\/producto\/rx-6600-asus-dual\/#primaryimage\"},\"image\":{\"@id\":\"https:\/\/pcmastersbogota.com.co\/producto\/rx-6600-asus-dual\/#primaryimage\"},\"thumbnailUrl\":\"https:\/\/pcmastersbogota.com.co\/wp-content\/uploads\/2022\/03\/fwebp-6.webp\",\"datePublished\":\"2022-03-01T23:57:55+00:00\",\"dateModified\":\"2023-07-07T20:38:59+00:00\",\"breadcrumb\":{\"@id\":\"https:\/\/pcmastersbogota.com.co\/producto\/rx-6600-asus-dual\/#breadcrumb\"},\"inLanguage\":\"es\",\"potentialAction\":[{\"@type\":\"ReadAction\",\"target\":[\"https:\/\/pcmastersbogota.com.co\/producto\/rx-6600-asus-dual\/\"]}]},{\"@type\":\"ImageObject\",\"inLanguage\":\"es\",\"@id\":\"https:\/\/pcmastersbogota.com.co\/producto\/rx-6600-asus-dual\/#primaryimage\",\"url\":\"https:\/\/pcmastersbogota.com.co\/wp-content\/uploads\/2022\/03\/fwebp-6.webp\",\"contentUrl\":\"https:\/\/pcmastersbogota.com.co\/wp-content\/uploads\/2022\/03\/fwebp-6.webp\",\"width\":800,\"height\":800},{\"@type\":\"BreadcrumbList\",\"@id\":\"https:\/\/pcmastersbogota.com.co\/producto\/rx-6600-asus-dual\/#breadcrumb\",\"itemListElement\":[{\"@type\":\"ListItem\",\"position\":1,\"name\":\"Home\",\"item\":\"https:\/\/pcmastersbogota.com.co\/\"},{\"@type\":\"ListItem\",\"position\":2,\"name\":\"Tienda\",\"item\":\"https:\/\/pcmastersbogota.com.co\/es_es\/tienda\/\"},{\"@type\":\"ListItem\",\"position\":3,\"name\":\"AMD RADEON RX 6600 Asus Dual\"}]},{\"@type\":\"WebSite\",\"@id\":\"https:\/\/pcmastersbogota.com.co\/es_es\/#website\",\"url\":\"https:\/\/pcmastersbogota.com.co\/es_es\/\",\"name\":\"PC MASTERS BOGOTA\",\"description\":\"\",\"potentialAction\":[{\"@type\":\"SearchAction\",\"target\":{\"@type\":\"EntryPoint\",\"urlTemplate\":\"https:\/\/pcmastersbogota.com.co\/es_es\/?s={search_term_string}\"},\"query-input\":{\"@type\":\"PropertyValueSpecification\",\"valueRequired\":true,\"valueName\":\"search_term_string\"}}],\"inLanguage\":\"es\"}]}<\/script>\n<!-- \/ Yoast SEO plugin. -->","yoast_head_json":{"title":"AMD RADEON RX 6600 Asus Dual - PC MASTERS BOGOTA","robots":{"index":"index","follow":"follow","max-snippet":"max-snippet:-1","max-image-preview":"max-image-preview:large","max-video-preview":"max-video-preview:-1"},"canonical":"https:\/\/pcmastersbogota.com.co\/es_es\/producto\/rx-6600-asus-dual\/","og_locale":"es_ES","og_type":"article","og_title":"AMD RADEON RX 6600 Asus Dual - PC MASTERS BOGOTA","og_description":"2 ventiladores. 2x diversi\u00f3n. Al ofrecer la \u00faltima experiencia de arquitectura AMD RDNA\u2122 2 en su forma m\u00e1s pura, ASUS","og_url":"https:\/\/pcmastersbogota.com.co\/es_es\/producto\/rx-6600-asus-dual\/","og_site_name":"PC MASTERS BOGOTA","article_modified_time":"2023-07-07T20:38:59+00:00","og_image":[{"width":800,"height":800,"url":"https:\/\/pcmastersbogota.com.co\/wp-content\/uploads\/2022\/03\/fwebp-6.webp","type":"image\/webp"}],"twitter_card":"summary_large_image","twitter_misc":{"Tiempo de lectura":"1 minuto"},"schema":{"@context":"https:\/\/schema.org","@graph":[{"@type":"WebPage","@id":"https:\/\/pcmastersbogota.com.co\/producto\/rx-6600-asus-dual\/","url":"https:\/\/pcmastersbogota.com.co\/producto\/rx-6600-asus-dual\/","name":"AMD RADEON RX 6600 Asus Dual - PC MASTERS BOGOTA","isPartOf":{"@id":"https:\/\/pcmastersbogota.com.co\/es_es\/#website"},"primaryImageOfPage":{"@id":"https:\/\/pcmastersbogota.com.co\/producto\/rx-6600-asus-dual\/#primaryimage"},"image":{"@id":"https:\/\/pcmastersbogota.com.co\/producto\/rx-6600-asus-dual\/#primaryimage"},"thumbnailUrl":"https:\/\/pcmastersbogota.com.co\/wp-content\/uploads\/2022\/03\/fwebp-6.webp","datePublished":"2022-03-01T23:57:55+00:00","dateModified":"2023-07-07T20:38:59+00:00","breadcrumb":{"@id":"https:\/\/pcmastersbogota.com.co\/producto\/rx-6600-asus-dual\/#breadcrumb"},"inLanguage":"es","potentialAction":[{"@type":"ReadAction","target":["https:\/\/pcmastersbogota.com.co\/producto\/rx-6600-asus-dual\/"]}]},{"@type":"ImageObject","inLanguage":"es","@id":"https:\/\/pcmastersbogota.com.co\/producto\/rx-6600-asus-dual\/#primaryimage","url":"https:\/\/pcmastersbogota.com.co\/wp-content\/uploads\/2022\/03\/fwebp-6.webp","contentUrl":"https:\/\/pcmastersbogota.com.co\/wp-content\/uploads\/2022\/03\/fwebp-6.webp","width":800,"height":800},{"@type":"BreadcrumbList","@id":"https:\/\/pcmastersbogota.com.co\/producto\/rx-6600-asus-dual\/#breadcrumb","itemListElement":[{"@type":"ListItem","position":1,"name":"Home","item":"https:\/\/pcmastersbogota.com.co\/"},{"@type":"ListItem","position":2,"name":"Tienda","item":"https:\/\/pcmastersbogota.com.co\/es_es\/tienda\/"},{"@type":"ListItem","position":3,"name":"AMD RADEON RX 6600 Asus Dual"}]},{"@type":"WebSite","@id":"https:\/\/pcmastersbogota.com.co\/es_es\/#website","url":"https:\/\/pcmastersbogota.com.co\/es_es\/","name":"PC MASTERS BOGOTA","description":"","potentialAction":[{"@type":"SearchAction","target":{"@type":"EntryPoint","urlTemplate":"https:\/\/pcmastersbogota.com.co\/es_es\/?s={search_term_string}"},"query-input":{"@type":"PropertyValueSpecification","valueRequired":true,"valueName":"search_term_string"}}],"inLanguage":"es"}]}},"brands":[{"id":87,"name":"AMD","slug":"amd"},{"id":212,"name":"ASUS","slug":"asus"},{"id":382,"name":"RADEON","slug":"radeon-amd"}],"_links":{"self":[{"href":"https:\/\/pcmastersbogota.com.co\/es_es\/wp-json\/wp\/v2\/product\/18675","targetHints":{"allow":["GET"]}}],"collection":[{"href":"https:\/\/pcmastersbogota.com.co\/es_es\/wp-json\/wp\/v2\/product"}],"about":[{"href":"https:\/\/pcmastersbogota.com.co\/es_es\/wp-json\/wp\/v2\/types\/product"}],"replies":[{"embeddable":true,"href":"https:\/\/pcmastersbogota.com.co\/es_es\/wp-json\/wp\/v2\/comments?post=18675"}],"version-history":[{"count":2,"href":"https:\/\/pcmastersbogota.com.co\/es_es\/wp-json\/wp\/v2\/product\/18675\/revisions"}],"predecessor-version":[{"id":19650,"href":"https:\/\/pcmastersbogota.com.co\/es_es\/wp-json\/wp\/v2\/product\/18675\/revisions\/19650"}],"wp:featuredmedia":[{"embeddable":true,"href":"https:\/\/pcmastersbogota.com.co\/es_es\/wp-json\/wp\/v2\/media\/18677"}],"wp:attachment":[{"href":"https:\/\/pcmastersbogota.com.co\/es_es\/wp-json\/wp\/v2\/media?parent=18675"}],"wp:term":[{"taxonomy":"pwb-brand","embeddable":true,"href":"https:\/\/pcmastersbogota.com.co\/es_es\/wp-json\/wp\/v2\/pwb-brand?post=18675"},{"taxonomy":"product_brand","embeddable":true,"href":"https:\/\/pcmastersbogota.com.co\/es_es\/wp-json\/wp\/v2\/product_brand?post=18675"},{"taxonomy":"product_cat","embeddable":true,"href":"https:\/\/pcmastersbogota.com.co\/es_es\/wp-json\/wp\/v2\/product_cat?post=18675"},{"taxonomy":"product_tag","embeddable":true,"href":"https:\/\/pcmastersbogota.com.co\/es_es\/wp-json\/wp\/v2\/product_tag?post=18675"}],"curies":[{"name":"wp","href":"https:\/\/api.w.org\/{rel}","templated":true}]}}