{"id":18687,"date":"2022-03-01T19:14:58","date_gmt":"2022-03-02T00:14:58","guid":{"rendered":"https:\/\/pcmastersbogota.com.co\/?post_type=product&#038;p=18687"},"modified":"2025-05-28T21:17:15","modified_gmt":"2025-05-29T02:17:15","slug":"amd-radeon-rx-6600-asrock-challenger","status":"publish","type":"product","link":"https:\/\/pcmastersbogota.com.co\/es_es\/producto\/amd-radeon-rx-6600-asrock-challenger\/","title":{"rendered":"AMD RADEON RX 6600 ASRock Challenger"},"content":{"rendered":"<p dir=\"ltr\" data-placeholder=\"Traducci\u00f3n\"><em><a href=\"https:\/\/www.asrock.com\/Graphics-Card\/AMD\/Radeon%20RX%206600%20XT%20Challenger%20D%208GB%20OC\/index.es.asp\">https:\/\/www.asrock.com\/Graphics-Card\/AMD\/Radeon%20RX%206600%20XT%20Challenger%20D%208GB%20OC\/index.es.asp<\/a><\/em><\/p>\n<h1 style=\"text-align: left;\"><em>CARACTER\u00cdSTICAS<\/em><\/h1>\n<h4 id=\"tw-target-text\" class=\"tw-data-text tw-text-large tw-ta\" dir=\"ltr\" data-placeholder=\"Traducci\u00f3n\"><em><span class=\"Y2IQFc\" lang=\"es\">Reloj: GPU \/ Memoria<\/span><\/em><\/h4>\n<h4 class=\"tw-data-text tw-text-large tw-ta\" dir=\"ltr\" data-placeholder=\"Traducci\u00f3n\"><em><span class=\"Y2IQFc\" lang=\"es\">Reloj de impulso: hasta 2491 MHz \/ 14 Gbps <\/span><\/em><\/h4>\n<h4 class=\"tw-data-text tw-text-large tw-ta\" dir=\"ltr\" data-placeholder=\"Traducci\u00f3n\"><em><span class=\"Y2IQFc\" lang=\"es\">Reloj de juego: hasta 2044 MHz \/ 14 Gbps <\/span><\/em><\/h4>\n<h4 class=\"tw-data-text tw-text-large tw-ta\" dir=\"ltr\" data-placeholder=\"Traducci\u00f3n\"><em><span class=\"Y2IQFc\" lang=\"es\">Base Reloj: 1626 MHz \/ 14 Gbps <\/span><\/em><\/h4>\n<h4 class=\"tw-data-text tw-text-large tw-ta\" dir=\"ltr\" data-placeholder=\"Traducci\u00f3n\"><em><span class=\"Y2IQFc\" lang=\"es\">Caracter\u00edsticas principales <\/span><\/em><\/h4>\n<h4 class=\"tw-data-text tw-text-large tw-ta\" dir=\"ltr\" data-placeholder=\"Traducci\u00f3n\"><em><span class=\"Y2IQFc\" lang=\"es\">AMD Radeon\u2122 RX 6600 de 7nm 8GB GDDR6 <\/span><\/em><\/h4>\n<h4 class=\"tw-data-text tw-text-large tw-ta\" dir=\"ltr\" data-placeholder=\"Traducci\u00f3n\"><em><span class=\"Y2IQFc\" lang=\"es\">Arquitectura AMD RDNA\u2122 2 <\/span><\/em><\/h4>\n<h4 class=\"tw-data-text tw-text-large tw-ta\" dir=\"ltr\" data-placeholder=\"Traducci\u00f3n\"><em><span class=\"Y2IQFc\" lang=\"es\">DirectX 12 \u00faltimo <\/span><\/em><\/h4>\n<h4 class=\"tw-data-text tw-text-large tw-ta\" dir=\"ltr\" data-placeholder=\"Traducci\u00f3n\"><em><span class=\"Y2IQFc\" lang=\"es\">Compatibilidad con PCI Express 4.0 <\/span><\/em><\/h4>\n<h4 class=\"tw-data-text tw-text-large tw-ta\" dir=\"ltr\" data-placeholder=\"Traducci\u00f3n\"><em><span class=\"Y2IQFc\" lang=\"es\">1 x Conector de alimentaci\u00f3n de 8 pines <\/span><\/em><\/h4>\n<h4 class=\"tw-data-text tw-text-large tw-ta\" dir=\"ltr\" data-placeholder=\"Traducci\u00f3n\"><em><span class=\"Y2IQFc\" lang=\"es\">3 DisplayPort\u2122 1.4 con DSC \/ 1 HDMI\u2122 2.1 VRR <\/span><\/em><\/h4>\n<h4 class=\"tw-data-text tw-text-large tw-ta\" dir=\"ltr\" data-placeholder=\"Traducci\u00f3n\"><em><span class=\"Y2IQFc\" lang=\"es\">Caracter\u00edsticas clave DISE\u00d1O DOBLE VENTILADOR <\/span><\/em><\/h4>\n<h4 class=\"tw-data-text tw-text-large tw-ta\" dir=\"ltr\" data-placeholder=\"Traducci\u00f3n\"><em><span class=\"Y2IQFc\" lang=\"es\">Ventilador axial rayado <\/span><\/em><\/h4>\n<h4 class=\"tw-data-text tw-text-large tw-ta\" dir=\"ltr\" data-placeholder=\"Traducci\u00f3n\"><em><span class=\"Y2IQFc\" lang=\"es\">Heatpipe ultra ajustado <\/span><\/em><\/h4>\n<h4 class=\"tw-data-text tw-text-large tw-ta\" dir=\"ltr\" data-placeholder=\"Traducci\u00f3n\"><em><span class=\"Y2IQFc\" lang=\"es\">Elegante placa trasera de metal <\/span><\/em><\/h4>\n<h4 class=\"tw-data-text tw-text-large tw-ta\" dir=\"ltr\" data-placeholder=\"Traducci\u00f3n\"><em><span class=\"Y2IQFc\" lang=\"es\">Refrigeraci\u00f3n silenciosa 0dB Tarjeta gr\u00e1fica de superaleaci\u00f3n<\/span><\/em><\/h4>\n","protected":false},"excerpt":{"rendered":"<p>https:\/\/www.asrock.com\/Graphics-Card\/AMD\/Radeon%20RX%206600%20XT%20Challenger%20D%208GB%20OC\/index.es.asp CARACTER\u00cdSTICAS Reloj: GPU \/ Memoria Reloj de impulso: hasta 2491 MHz \/ 14 Gbps Reloj de juego: hasta 2044<\/p>\n","protected":false},"featured_media":18690,"comment_status":"closed","ping_status":"closed","template":"","meta":[],"pwb-brand":[87,213,382],"product_brand":[],"product_cat":[73],"product_tag":[358,375,354,377,376,378],"class_list":{"0":"post-18687","1":"product","2":"type-product","3":"status-publish","4":"has-post-thumbnail","6":"pwb-brand-amd","7":"pwb-brand-asrock","8":"pwb-brand-radeon-amd","9":"product_cat-tarjetas-graficas","10":"product_tag-amd","11":"product_tag-asrock","12":"product_tag-gpu","13":"product_tag-grafica","14":"product_tag-radeon","15":"product_tag-tarjeta","17":"first","18":"instock","19":"sold-individually","20":"taxable","21":"shipping-taxable","22":"purchasable","23":"product-type-simple"},"yoast_head":"<!-- This site is optimized with the Yoast SEO plugin v26.7 - https:\/\/yoast.com\/wordpress\/plugins\/seo\/ -->\n<title>AMD RADEON RX 6600 ASRock Challenger - PC MASTERS BOGOTA<\/title>\n<meta name=\"robots\" content=\"index, follow, max-snippet:-1, max-image-preview:large, max-video-preview:-1\" \/>\n<link rel=\"canonical\" href=\"https:\/\/pcmastersbogota.com.co\/es_es\/producto\/amd-radeon-rx-6600-asrock-challenger\/\" \/>\n<meta property=\"og:locale\" content=\"es_ES\" \/>\n<meta property=\"og:type\" content=\"article\" \/>\n<meta property=\"og:title\" content=\"AMD RADEON RX 6600 ASRock Challenger - PC MASTERS BOGOTA\" \/>\n<meta property=\"og:description\" content=\"https:\/\/www.asrock.com\/Graphics-Card\/AMD\/Radeon%20RX%206600%20XT%20Challenger%20D%208GB%20OC\/index.es.asp CARACTER\u00cdSTICAS Reloj: GPU \/ Memoria Reloj de impulso: hasta 2491 MHz \/ 14 Gbps Reloj de juego: hasta 2044\" \/>\n<meta property=\"og:url\" content=\"https:\/\/pcmastersbogota.com.co\/es_es\/producto\/amd-radeon-rx-6600-asrock-challenger\/\" \/>\n<meta property=\"og:site_name\" content=\"PC MASTERS BOGOTA\" \/>\n<meta property=\"article:modified_time\" content=\"2025-05-29T02:17:15+00:00\" \/>\n<meta property=\"og:image\" content=\"https:\/\/pcmastersbogota.com.co\/wp-content\/uploads\/2022\/03\/Radeon-RX-6600-Challenger-D-8GBL1.png\" \/>\n\t<meta property=\"og:image:width\" content=\"1200\" \/>\n\t<meta property=\"og:image:height\" content=\"1000\" \/>\n\t<meta property=\"og:image:type\" content=\"image\/png\" \/>\n<meta name=\"twitter:card\" content=\"summary_large_image\" \/>\n<meta name=\"twitter:label1\" content=\"Tiempo de lectura\" \/>\n\t<meta name=\"twitter:data1\" content=\"1 minuto\" \/>\n<script type=\"application\/ld+json\" class=\"yoast-schema-graph\">{\"@context\":\"https:\/\/schema.org\",\"@graph\":[{\"@type\":\"WebPage\",\"@id\":\"https:\/\/pcmastersbogota.com.co\/producto\/amd-radeon-rx-6600-asrock-challenger\/\",\"url\":\"https:\/\/pcmastersbogota.com.co\/producto\/amd-radeon-rx-6600-asrock-challenger\/\",\"name\":\"AMD RADEON RX 6600 ASRock Challenger - PC MASTERS BOGOTA\",\"isPartOf\":{\"@id\":\"https:\/\/pcmastersbogota.com.co\/es_es\/#website\"},\"primaryImageOfPage\":{\"@id\":\"https:\/\/pcmastersbogota.com.co\/producto\/amd-radeon-rx-6600-asrock-challenger\/#primaryimage\"},\"image\":{\"@id\":\"https:\/\/pcmastersbogota.com.co\/producto\/amd-radeon-rx-6600-asrock-challenger\/#primaryimage\"},\"thumbnailUrl\":\"https:\/\/pcmastersbogota.com.co\/wp-content\/uploads\/2022\/03\/Radeon-RX-6600-Challenger-D-8GBL1.png\",\"datePublished\":\"2022-03-02T00:14:58+00:00\",\"dateModified\":\"2025-05-29T02:17:15+00:00\",\"breadcrumb\":{\"@id\":\"https:\/\/pcmastersbogota.com.co\/producto\/amd-radeon-rx-6600-asrock-challenger\/#breadcrumb\"},\"inLanguage\":\"es\",\"potentialAction\":[{\"@type\":\"ReadAction\",\"target\":[\"https:\/\/pcmastersbogota.com.co\/producto\/amd-radeon-rx-6600-asrock-challenger\/\"]}]},{\"@type\":\"ImageObject\",\"inLanguage\":\"es\",\"@id\":\"https:\/\/pcmastersbogota.com.co\/producto\/amd-radeon-rx-6600-asrock-challenger\/#primaryimage\",\"url\":\"https:\/\/pcmastersbogota.com.co\/wp-content\/uploads\/2022\/03\/Radeon-RX-6600-Challenger-D-8GBL1.png\",\"contentUrl\":\"https:\/\/pcmastersbogota.com.co\/wp-content\/uploads\/2022\/03\/Radeon-RX-6600-Challenger-D-8GBL1.png\",\"width\":1200,\"height\":1000},{\"@type\":\"BreadcrumbList\",\"@id\":\"https:\/\/pcmastersbogota.com.co\/producto\/amd-radeon-rx-6600-asrock-challenger\/#breadcrumb\",\"itemListElement\":[{\"@type\":\"ListItem\",\"position\":1,\"name\":\"Home\",\"item\":\"https:\/\/pcmastersbogota.com.co\/\"},{\"@type\":\"ListItem\",\"position\":2,\"name\":\"Tienda\",\"item\":\"https:\/\/pcmastersbogota.com.co\/es_es\/tienda\/\"},{\"@type\":\"ListItem\",\"position\":3,\"name\":\"AMD RADEON RX 6600 ASRock Challenger\"}]},{\"@type\":\"WebSite\",\"@id\":\"https:\/\/pcmastersbogota.com.co\/es_es\/#website\",\"url\":\"https:\/\/pcmastersbogota.com.co\/es_es\/\",\"name\":\"PC MASTERS BOGOTA\",\"description\":\"\",\"potentialAction\":[{\"@type\":\"SearchAction\",\"target\":{\"@type\":\"EntryPoint\",\"urlTemplate\":\"https:\/\/pcmastersbogota.com.co\/es_es\/?s={search_term_string}\"},\"query-input\":{\"@type\":\"PropertyValueSpecification\",\"valueRequired\":true,\"valueName\":\"search_term_string\"}}],\"inLanguage\":\"es\"}]}<\/script>\n<!-- \/ Yoast SEO plugin. -->","yoast_head_json":{"title":"AMD RADEON RX 6600 ASRock Challenger - PC MASTERS BOGOTA","robots":{"index":"index","follow":"follow","max-snippet":"max-snippet:-1","max-image-preview":"max-image-preview:large","max-video-preview":"max-video-preview:-1"},"canonical":"https:\/\/pcmastersbogota.com.co\/es_es\/producto\/amd-radeon-rx-6600-asrock-challenger\/","og_locale":"es_ES","og_type":"article","og_title":"AMD RADEON RX 6600 ASRock Challenger - PC MASTERS BOGOTA","og_description":"https:\/\/www.asrock.com\/Graphics-Card\/AMD\/Radeon%20RX%206600%20XT%20Challenger%20D%208GB%20OC\/index.es.asp CARACTER\u00cdSTICAS Reloj: GPU \/ Memoria Reloj de impulso: hasta 2491 MHz \/ 14 Gbps Reloj de juego: hasta 2044","og_url":"https:\/\/pcmastersbogota.com.co\/es_es\/producto\/amd-radeon-rx-6600-asrock-challenger\/","og_site_name":"PC MASTERS BOGOTA","article_modified_time":"2025-05-29T02:17:15+00:00","og_image":[{"width":1200,"height":1000,"url":"https:\/\/pcmastersbogota.com.co\/wp-content\/uploads\/2022\/03\/Radeon-RX-6600-Challenger-D-8GBL1.png","type":"image\/png"}],"twitter_card":"summary_large_image","twitter_misc":{"Tiempo de lectura":"1 minuto"},"schema":{"@context":"https:\/\/schema.org","@graph":[{"@type":"WebPage","@id":"https:\/\/pcmastersbogota.com.co\/producto\/amd-radeon-rx-6600-asrock-challenger\/","url":"https:\/\/pcmastersbogota.com.co\/producto\/amd-radeon-rx-6600-asrock-challenger\/","name":"AMD RADEON RX 6600 ASRock Challenger - PC MASTERS BOGOTA","isPartOf":{"@id":"https:\/\/pcmastersbogota.com.co\/es_es\/#website"},"primaryImageOfPage":{"@id":"https:\/\/pcmastersbogota.com.co\/producto\/amd-radeon-rx-6600-asrock-challenger\/#primaryimage"},"image":{"@id":"https:\/\/pcmastersbogota.com.co\/producto\/amd-radeon-rx-6600-asrock-challenger\/#primaryimage"},"thumbnailUrl":"https:\/\/pcmastersbogota.com.co\/wp-content\/uploads\/2022\/03\/Radeon-RX-6600-Challenger-D-8GBL1.png","datePublished":"2022-03-02T00:14:58+00:00","dateModified":"2025-05-29T02:17:15+00:00","breadcrumb":{"@id":"https:\/\/pcmastersbogota.com.co\/producto\/amd-radeon-rx-6600-asrock-challenger\/#breadcrumb"},"inLanguage":"es","potentialAction":[{"@type":"ReadAction","target":["https:\/\/pcmastersbogota.com.co\/producto\/amd-radeon-rx-6600-asrock-challenger\/"]}]},{"@type":"ImageObject","inLanguage":"es","@id":"https:\/\/pcmastersbogota.com.co\/producto\/amd-radeon-rx-6600-asrock-challenger\/#primaryimage","url":"https:\/\/pcmastersbogota.com.co\/wp-content\/uploads\/2022\/03\/Radeon-RX-6600-Challenger-D-8GBL1.png","contentUrl":"https:\/\/pcmastersbogota.com.co\/wp-content\/uploads\/2022\/03\/Radeon-RX-6600-Challenger-D-8GBL1.png","width":1200,"height":1000},{"@type":"BreadcrumbList","@id":"https:\/\/pcmastersbogota.com.co\/producto\/amd-radeon-rx-6600-asrock-challenger\/#breadcrumb","itemListElement":[{"@type":"ListItem","position":1,"name":"Home","item":"https:\/\/pcmastersbogota.com.co\/"},{"@type":"ListItem","position":2,"name":"Tienda","item":"https:\/\/pcmastersbogota.com.co\/es_es\/tienda\/"},{"@type":"ListItem","position":3,"name":"AMD RADEON RX 6600 ASRock Challenger"}]},{"@type":"WebSite","@id":"https:\/\/pcmastersbogota.com.co\/es_es\/#website","url":"https:\/\/pcmastersbogota.com.co\/es_es\/","name":"PC MASTERS BOGOTA","description":"","potentialAction":[{"@type":"SearchAction","target":{"@type":"EntryPoint","urlTemplate":"https:\/\/pcmastersbogota.com.co\/es_es\/?s={search_term_string}"},"query-input":{"@type":"PropertyValueSpecification","valueRequired":true,"valueName":"search_term_string"}}],"inLanguage":"es"}]}},"brands":[{"id":87,"name":"AMD","slug":"amd"},{"id":213,"name":"ASROCK","slug":"asrock"},{"id":382,"name":"RADEON","slug":"radeon-amd"}],"_links":{"self":[{"href":"https:\/\/pcmastersbogota.com.co\/es_es\/wp-json\/wp\/v2\/product\/18687","targetHints":{"allow":["GET"]}}],"collection":[{"href":"https:\/\/pcmastersbogota.com.co\/es_es\/wp-json\/wp\/v2\/product"}],"about":[{"href":"https:\/\/pcmastersbogota.com.co\/es_es\/wp-json\/wp\/v2\/types\/product"}],"replies":[{"embeddable":true,"href":"https:\/\/pcmastersbogota.com.co\/es_es\/wp-json\/wp\/v2\/comments?post=18687"}],"version-history":[{"count":7,"href":"https:\/\/pcmastersbogota.com.co\/es_es\/wp-json\/wp\/v2\/product\/18687\/revisions"}],"predecessor-version":[{"id":19596,"href":"https:\/\/pcmastersbogota.com.co\/es_es\/wp-json\/wp\/v2\/product\/18687\/revisions\/19596"}],"wp:featuredmedia":[{"embeddable":true,"href":"https:\/\/pcmastersbogota.com.co\/es_es\/wp-json\/wp\/v2\/media\/18690"}],"wp:attachment":[{"href":"https:\/\/pcmastersbogota.com.co\/es_es\/wp-json\/wp\/v2\/media?parent=18687"}],"wp:term":[{"taxonomy":"pwb-brand","embeddable":true,"href":"https:\/\/pcmastersbogota.com.co\/es_es\/wp-json\/wp\/v2\/pwb-brand?post=18687"},{"taxonomy":"product_brand","embeddable":true,"href":"https:\/\/pcmastersbogota.com.co\/es_es\/wp-json\/wp\/v2\/product_brand?post=18687"},{"taxonomy":"product_cat","embeddable":true,"href":"https:\/\/pcmastersbogota.com.co\/es_es\/wp-json\/wp\/v2\/product_cat?post=18687"},{"taxonomy":"product_tag","embeddable":true,"href":"https:\/\/pcmastersbogota.com.co\/es_es\/wp-json\/wp\/v2\/product_tag?post=18687"}],"curies":[{"name":"wp","href":"https:\/\/api.w.org\/{rel}","templated":true}]}}