{"id":18730,"date":"2022-03-01T20:44:20","date_gmt":"2022-03-02T01:44:20","guid":{"rendered":"https:\/\/pcmastersbogota.com.co\/?post_type=product&#038;p=18730"},"modified":"2025-02-28T11:58:56","modified_gmt":"2025-02-28T16:58:56","slug":"rx-6700xt-asus-dual","status":"publish","type":"product","link":"https:\/\/pcmastersbogota.com.co\/es_es\/producto\/rx-6700xt-asus-dual\/","title":{"rendered":"AMD RADEON RX 6700XT Asus Dual"},"content":{"rendered":"<blockquote>\n<ul>\n<li id=\"tw-target-text\" dir=\"ltr\" data-placeholder=\"Traducci\u00f3n\"><span lang=\"es\">Motor gr\u00e1fico: AMD Radeon RX 6700 XT<br \/>\n<\/span><\/li>\n<li dir=\"ltr\" data-placeholder=\"Traducci\u00f3n\"><span lang=\"es\">Est\u00e1ndar de autob\u00fas: PCI Express 4.0<br \/>\n<\/span><\/li>\n<li dir=\"ltr\" data-placeholder=\"Traducci\u00f3n\"><span lang=\"es\">OpenGL: OpenGL\u00ae4.6<br \/>\n<\/span><\/li>\n<li dir=\"ltr\" data-placeholder=\"Traducci\u00f3n\"><span lang=\"es\">Memoria de video: 12GB GDDR6<br \/>\n<\/span><\/li>\n<li dir=\"ltr\" data-placeholder=\"Traducci\u00f3n\"><span lang=\"es\">Reloj del motor_ Modo OC: hasta 2581 MHz (reloj de impulso)\/hasta 2444 MHz (reloj de juego)<br \/>\n<\/span><\/li>\n<li dir=\"ltr\" data-placeholder=\"Traducci\u00f3n\"><span lang=\"es\">Modo de juego: hasta 2581 MHz (reloj de impulso)\/hasta 2424 MHz (reloj de juego)<br \/>\n<\/span><\/li>\n<li dir=\"ltr\" data-placeholder=\"Traducci\u00f3n\"><span lang=\"es\">Procesadores de flujo: 2560<br \/>\n<\/span><\/li>\n<li dir=\"ltr\" data-placeholder=\"Traducci\u00f3n\"><span lang=\"es\">Velocidad de memoria: 16 Gb\/s<br \/>\n<\/span><\/li>\n<li dir=\"ltr\" data-placeholder=\"Traducci\u00f3n\"><span lang=\"es\">interfaz de memoria: 192 bits<br \/>\n<\/span><\/li>\n<li dir=\"ltr\" data-placeholder=\"Traducci\u00f3n\"><span lang=\"es\">Resoluci\u00f3n: Resoluci\u00f3n m\u00e1xima digital 7680 x 4320 <\/span><\/li>\n<li dir=\"ltr\" data-placeholder=\"Traducci\u00f3n\"><span lang=\"es\">Interfaz: S\u00ed x 1 (HDMI 2.1 nativo) S\u00ed x 3 (DisplayPort nativo 1.4a) Compatibilidad con HDCP S\u00ed (2.3) <\/span><\/li>\n<li dir=\"ltr\" data-placeholder=\"Traducci\u00f3n\"><span lang=\"es\">Soporte m\u00e1ximo <\/span><span lang=\"es\">de pantalla: 4 Compatibilidad con NVlink\/<\/span><\/li>\n<li dir=\"ltr\" data-placeholder=\"Traducci\u00f3n\"><span lang=\"es\">Crossfire: s\u00ed Accesorios: 1 tarjeta de colecci\u00f3n. 1 manual de configuraci\u00f3n de velocidad.<\/span><\/li>\n<\/ul>\n<\/blockquote>\n","protected":false},"excerpt":{"rendered":"<p>Motor gr\u00e1fico: AMD Radeon RX 6700 XT Est\u00e1ndar de autob\u00fas: PCI Express 4.0 OpenGL: OpenGL\u00ae4.6 Memoria de video: 12GB GDDR6<\/p>\n","protected":false},"featured_media":18745,"comment_status":"closed","ping_status":"closed","template":"","meta":[],"pwb-brand":[87,212,382],"product_brand":[],"product_cat":[73],"product_tag":[354],"class_list":{"0":"post-18730","1":"product","2":"type-product","3":"status-publish","4":"has-post-thumbnail","6":"pwb-brand-amd","7":"pwb-brand-asus","8":"pwb-brand-radeon-amd","9":"product_cat-tarjetas-graficas","10":"product_tag-gpu","12":"first","13":"outofstock","14":"taxable","15":"shipping-taxable","16":"purchasable","17":"product-type-simple"},"yoast_head":"<!-- This site is optimized with the Yoast SEO plugin v26.7 - https:\/\/yoast.com\/wordpress\/plugins\/seo\/ -->\n<title>AMD RADEON RX 6700XT Asus Dual - PC MASTERS BOGOTA<\/title>\n<meta name=\"robots\" content=\"index, follow, max-snippet:-1, max-image-preview:large, max-video-preview:-1\" \/>\n<link rel=\"canonical\" href=\"https:\/\/pcmastersbogota.com.co\/es_es\/producto\/rx-6700xt-asus-dual\/\" \/>\n<meta property=\"og:locale\" content=\"es_ES\" \/>\n<meta property=\"og:type\" content=\"article\" \/>\n<meta property=\"og:title\" content=\"AMD RADEON RX 6700XT Asus Dual - PC MASTERS BOGOTA\" \/>\n<meta property=\"og:description\" content=\"Motor gr\u00e1fico: AMD Radeon RX 6700 XT Est\u00e1ndar de autob\u00fas: PCI Express 4.0 OpenGL: OpenGL\u00ae4.6 Memoria de video: 12GB GDDR6\" \/>\n<meta property=\"og:url\" content=\"https:\/\/pcmastersbogota.com.co\/es_es\/producto\/rx-6700xt-asus-dual\/\" \/>\n<meta property=\"og:site_name\" content=\"PC MASTERS BOGOTA\" \/>\n<meta property=\"article:modified_time\" content=\"2025-02-28T16:58:56+00:00\" \/>\n<meta property=\"og:image\" content=\"https:\/\/pcmastersbogota.com.co\/wp-content\/uploads\/2022\/03\/28cb97ab9cbdd57c03c881a3936cd064.jpg\" \/>\n\t<meta property=\"og:image:width\" content=\"1000\" \/>\n\t<meta property=\"og:image:height\" content=\"1000\" \/>\n\t<meta property=\"og:image:type\" content=\"image\/jpeg\" \/>\n<meta name=\"twitter:card\" content=\"summary_large_image\" \/>\n<meta name=\"twitter:label1\" content=\"Tiempo de lectura\" \/>\n\t<meta name=\"twitter:data1\" content=\"1 minuto\" \/>\n<script type=\"application\/ld+json\" class=\"yoast-schema-graph\">{\"@context\":\"https:\/\/schema.org\",\"@graph\":[{\"@type\":\"WebPage\",\"@id\":\"https:\/\/pcmastersbogota.com.co\/producto\/rx-6700xt-asus-dual\/\",\"url\":\"https:\/\/pcmastersbogota.com.co\/producto\/rx-6700xt-asus-dual\/\",\"name\":\"AMD RADEON RX 6700XT Asus Dual - PC MASTERS BOGOTA\",\"isPartOf\":{\"@id\":\"https:\/\/pcmastersbogota.com.co\/es_es\/#website\"},\"primaryImageOfPage\":{\"@id\":\"https:\/\/pcmastersbogota.com.co\/producto\/rx-6700xt-asus-dual\/#primaryimage\"},\"image\":{\"@id\":\"https:\/\/pcmastersbogota.com.co\/producto\/rx-6700xt-asus-dual\/#primaryimage\"},\"thumbnailUrl\":\"https:\/\/pcmastersbogota.com.co\/wp-content\/uploads\/2022\/03\/28cb97ab9cbdd57c03c881a3936cd064.jpg\",\"datePublished\":\"2022-03-02T01:44:20+00:00\",\"dateModified\":\"2025-02-28T16:58:56+00:00\",\"breadcrumb\":{\"@id\":\"https:\/\/pcmastersbogota.com.co\/producto\/rx-6700xt-asus-dual\/#breadcrumb\"},\"inLanguage\":\"es\",\"potentialAction\":[{\"@type\":\"ReadAction\",\"target\":[\"https:\/\/pcmastersbogota.com.co\/producto\/rx-6700xt-asus-dual\/\"]}]},{\"@type\":\"ImageObject\",\"inLanguage\":\"es\",\"@id\":\"https:\/\/pcmastersbogota.com.co\/producto\/rx-6700xt-asus-dual\/#primaryimage\",\"url\":\"https:\/\/pcmastersbogota.com.co\/wp-content\/uploads\/2022\/03\/28cb97ab9cbdd57c03c881a3936cd064.jpg\",\"contentUrl\":\"https:\/\/pcmastersbogota.com.co\/wp-content\/uploads\/2022\/03\/28cb97ab9cbdd57c03c881a3936cd064.jpg\",\"width\":1000,\"height\":1000},{\"@type\":\"BreadcrumbList\",\"@id\":\"https:\/\/pcmastersbogota.com.co\/producto\/rx-6700xt-asus-dual\/#breadcrumb\",\"itemListElement\":[{\"@type\":\"ListItem\",\"position\":1,\"name\":\"Home\",\"item\":\"https:\/\/pcmastersbogota.com.co\/\"},{\"@type\":\"ListItem\",\"position\":2,\"name\":\"Tienda\",\"item\":\"https:\/\/pcmastersbogota.com.co\/es_es\/tienda\/\"},{\"@type\":\"ListItem\",\"position\":3,\"name\":\"AMD RADEON RX 6700XT Asus Dual\"}]},{\"@type\":\"WebSite\",\"@id\":\"https:\/\/pcmastersbogota.com.co\/es_es\/#website\",\"url\":\"https:\/\/pcmastersbogota.com.co\/es_es\/\",\"name\":\"PC MASTERS BOGOTA\",\"description\":\"\",\"potentialAction\":[{\"@type\":\"SearchAction\",\"target\":{\"@type\":\"EntryPoint\",\"urlTemplate\":\"https:\/\/pcmastersbogota.com.co\/es_es\/?s={search_term_string}\"},\"query-input\":{\"@type\":\"PropertyValueSpecification\",\"valueRequired\":true,\"valueName\":\"search_term_string\"}}],\"inLanguage\":\"es\"}]}<\/script>\n<!-- \/ Yoast SEO plugin. -->","yoast_head_json":{"title":"AMD RADEON RX 6700XT Asus Dual - PC MASTERS BOGOTA","robots":{"index":"index","follow":"follow","max-snippet":"max-snippet:-1","max-image-preview":"max-image-preview:large","max-video-preview":"max-video-preview:-1"},"canonical":"https:\/\/pcmastersbogota.com.co\/es_es\/producto\/rx-6700xt-asus-dual\/","og_locale":"es_ES","og_type":"article","og_title":"AMD RADEON RX 6700XT Asus Dual - PC MASTERS BOGOTA","og_description":"Motor gr\u00e1fico: AMD Radeon RX 6700 XT Est\u00e1ndar de autob\u00fas: PCI Express 4.0 OpenGL: OpenGL\u00ae4.6 Memoria de video: 12GB GDDR6","og_url":"https:\/\/pcmastersbogota.com.co\/es_es\/producto\/rx-6700xt-asus-dual\/","og_site_name":"PC MASTERS BOGOTA","article_modified_time":"2025-02-28T16:58:56+00:00","og_image":[{"width":1000,"height":1000,"url":"https:\/\/pcmastersbogota.com.co\/wp-content\/uploads\/2022\/03\/28cb97ab9cbdd57c03c881a3936cd064.jpg","type":"image\/jpeg"}],"twitter_card":"summary_large_image","twitter_misc":{"Tiempo de lectura":"1 minuto"},"schema":{"@context":"https:\/\/schema.org","@graph":[{"@type":"WebPage","@id":"https:\/\/pcmastersbogota.com.co\/producto\/rx-6700xt-asus-dual\/","url":"https:\/\/pcmastersbogota.com.co\/producto\/rx-6700xt-asus-dual\/","name":"AMD RADEON RX 6700XT Asus Dual - PC MASTERS BOGOTA","isPartOf":{"@id":"https:\/\/pcmastersbogota.com.co\/es_es\/#website"},"primaryImageOfPage":{"@id":"https:\/\/pcmastersbogota.com.co\/producto\/rx-6700xt-asus-dual\/#primaryimage"},"image":{"@id":"https:\/\/pcmastersbogota.com.co\/producto\/rx-6700xt-asus-dual\/#primaryimage"},"thumbnailUrl":"https:\/\/pcmastersbogota.com.co\/wp-content\/uploads\/2022\/03\/28cb97ab9cbdd57c03c881a3936cd064.jpg","datePublished":"2022-03-02T01:44:20+00:00","dateModified":"2025-02-28T16:58:56+00:00","breadcrumb":{"@id":"https:\/\/pcmastersbogota.com.co\/producto\/rx-6700xt-asus-dual\/#breadcrumb"},"inLanguage":"es","potentialAction":[{"@type":"ReadAction","target":["https:\/\/pcmastersbogota.com.co\/producto\/rx-6700xt-asus-dual\/"]}]},{"@type":"ImageObject","inLanguage":"es","@id":"https:\/\/pcmastersbogota.com.co\/producto\/rx-6700xt-asus-dual\/#primaryimage","url":"https:\/\/pcmastersbogota.com.co\/wp-content\/uploads\/2022\/03\/28cb97ab9cbdd57c03c881a3936cd064.jpg","contentUrl":"https:\/\/pcmastersbogota.com.co\/wp-content\/uploads\/2022\/03\/28cb97ab9cbdd57c03c881a3936cd064.jpg","width":1000,"height":1000},{"@type":"BreadcrumbList","@id":"https:\/\/pcmastersbogota.com.co\/producto\/rx-6700xt-asus-dual\/#breadcrumb","itemListElement":[{"@type":"ListItem","position":1,"name":"Home","item":"https:\/\/pcmastersbogota.com.co\/"},{"@type":"ListItem","position":2,"name":"Tienda","item":"https:\/\/pcmastersbogota.com.co\/es_es\/tienda\/"},{"@type":"ListItem","position":3,"name":"AMD RADEON RX 6700XT Asus Dual"}]},{"@type":"WebSite","@id":"https:\/\/pcmastersbogota.com.co\/es_es\/#website","url":"https:\/\/pcmastersbogota.com.co\/es_es\/","name":"PC MASTERS BOGOTA","description":"","potentialAction":[{"@type":"SearchAction","target":{"@type":"EntryPoint","urlTemplate":"https:\/\/pcmastersbogota.com.co\/es_es\/?s={search_term_string}"},"query-input":{"@type":"PropertyValueSpecification","valueRequired":true,"valueName":"search_term_string"}}],"inLanguage":"es"}]}},"brands":[{"id":87,"name":"AMD","slug":"amd"},{"id":212,"name":"ASUS","slug":"asus"},{"id":382,"name":"RADEON","slug":"radeon-amd"}],"_links":{"self":[{"href":"https:\/\/pcmastersbogota.com.co\/es_es\/wp-json\/wp\/v2\/product\/18730","targetHints":{"allow":["GET"]}}],"collection":[{"href":"https:\/\/pcmastersbogota.com.co\/es_es\/wp-json\/wp\/v2\/product"}],"about":[{"href":"https:\/\/pcmastersbogota.com.co\/es_es\/wp-json\/wp\/v2\/types\/product"}],"replies":[{"embeddable":true,"href":"https:\/\/pcmastersbogota.com.co\/es_es\/wp-json\/wp\/v2\/comments?post=18730"}],"version-history":[{"count":5,"href":"https:\/\/pcmastersbogota.com.co\/es_es\/wp-json\/wp\/v2\/product\/18730\/revisions"}],"predecessor-version":[{"id":19630,"href":"https:\/\/pcmastersbogota.com.co\/es_es\/wp-json\/wp\/v2\/product\/18730\/revisions\/19630"}],"wp:featuredmedia":[{"embeddable":true,"href":"https:\/\/pcmastersbogota.com.co\/es_es\/wp-json\/wp\/v2\/media\/18745"}],"wp:attachment":[{"href":"https:\/\/pcmastersbogota.com.co\/es_es\/wp-json\/wp\/v2\/media?parent=18730"}],"wp:term":[{"taxonomy":"pwb-brand","embeddable":true,"href":"https:\/\/pcmastersbogota.com.co\/es_es\/wp-json\/wp\/v2\/pwb-brand?post=18730"},{"taxonomy":"product_brand","embeddable":true,"href":"https:\/\/pcmastersbogota.com.co\/es_es\/wp-json\/wp\/v2\/product_brand?post=18730"},{"taxonomy":"product_cat","embeddable":true,"href":"https:\/\/pcmastersbogota.com.co\/es_es\/wp-json\/wp\/v2\/product_cat?post=18730"},{"taxonomy":"product_tag","embeddable":true,"href":"https:\/\/pcmastersbogota.com.co\/es_es\/wp-json\/wp\/v2\/product_tag?post=18730"}],"curies":[{"name":"wp","href":"https:\/\/api.w.org\/{rel}","templated":true}]}}