{"id":19873,"date":"2023-03-24T17:38:19","date_gmt":"2023-03-24T22:38:19","guid":{"rendered":"https:\/\/pcmastersbogota.com.co\/?post_type=product&#038;p=19873"},"modified":"2025-10-31T15:30:50","modified_gmt":"2025-10-31T20:30:50","slug":"monitor-koorui-24-full-hd-75hz-ips-vesa","status":"publish","type":"product","link":"https:\/\/pcmastersbogota.com.co\/es_es\/producto\/monitor-koorui-24-full-hd-75hz-ips-vesa\/","title":{"rendered":"KOORUI 24&#8243; FULL HD 75HZ IPS \/ VESA"},"content":{"rendered":"<p>&nbsp;<\/p>\n<div style=\"width: 1920px;\" class=\"wp-video\"><video class=\"wp-video-shortcode\" id=\"video-19873-1\" width=\"1920\" height=\"1080\" poster=\"https:\/\/pcmastersbogota.com.co\/wp-content\/uploads\/2023\/03\/imagen_2023-03-24_211729662.png\" loop autoplay preload=\"auto\" controls=\"controls\"><source type=\"video\/mp4\" src=\"https:\/\/pcmastersbogota.com.co\/wp-content\/uploads\/2023\/03\/5947e083-8809-40ed-b11c-769945f2bb07.mp4?_=1\" \/><a href=\"https:\/\/pcmastersbogota.com.co\/wp-content\/uploads\/2023\/03\/5947e083-8809-40ed-b11c-769945f2bb07.mp4\">https:\/\/pcmastersbogota.com.co\/wp-content\/uploads\/2023\/03\/5947e083-8809-40ed-b11c-769945f2bb07.mp4<\/a><\/video><\/div>\n<p><img decoding=\"async\" src=\"https:\/\/m.media-amazon.com\/images\/S\/aplus-media-library-service-media\/a0e7bb30-cc35-4215-8a77-8318753e7c6a.__CR0,0,970,600_PT0_SX970_V1___.jpg\" alt=\"Monitor de 23.8 pulgadas\" \/><\/p>\n<table class=\"apm-fixed-width apm-eventhirdcol-table\">\n<tbody>\n<tr>\n<th class=\"apm-center\">\n<div class=\"apm-eventhirdcol apm-floatleft\">\n<p><img decoding=\"async\" class=\"a-spacing-mini\" src=\"https:\/\/m.media-amazon.com\/images\/S\/aplus-media-library-service-media\/8fbe0928-ae5b-4296-a22b-f604c208509c.__CR0,0,300,300_PT0_SX300_V1___.png\" alt=\"Monitor de 24 pulgadas\" data-src=\"https:\/\/m.media-amazon.com\/images\/S\/aplus-media-library-service-media\/8fbe0928-ae5b-4296-a22b-f604c208509c.__CR0,0,300,300_PT0_SX300_V1___.png\" \/><\/p>\n<\/div>\n<\/th>\n<th class=\"apm-center\">\n<div class=\"apm-eventhirdcol apm-floatleft\">\n<p><img decoding=\"async\" class=\"a-spacing-mini\" src=\"https:\/\/m.media-amazon.com\/images\/S\/aplus-media-library-service-media\/3355a6fe-32c0-4b00-8773-d016ad86cb65.__CR0,0,300,300_PT0_SX300_V1___.jpg\" alt=\"Monitor de 24 pulgadas\" data-src=\"https:\/\/m.media-amazon.com\/images\/S\/aplus-media-library-service-media\/3355a6fe-32c0-4b00-8773-d016ad86cb65.__CR0,0,300,300_PT0_SX300_V1___.jpg\" \/><\/p>\n<\/div>\n<\/th>\n<th class=\"apm-center\">\n<div class=\"apm-eventhirdcol apm-floatleft\">\n<p><img decoding=\"async\" class=\"a-spacing-mini\" src=\"https:\/\/m.media-amazon.com\/images\/S\/aplus-media-library-service-media\/b7165067-35d8-428b-b5da-d49243c7e4db.__CR0,0,300,300_PT0_SX300_V1___.jpg\" alt=\"Monitor de 24 pulgadas\" data-src=\"https:\/\/m.media-amazon.com\/images\/S\/aplus-media-library-service-media\/b7165067-35d8-428b-b5da-d49243c7e4db.__CR0,0,300,300_PT0_SX300_V1___.jpg\" \/><\/p>\n<\/div>\n<\/th>\n<\/tr>\n<tr>\n<td class=\"apm-top\">\n<div class=\"apm-eventhirdcol apm-floatleft\">\n<h4 class=\"a-spacing-mini\">Montaje en pared VESA<\/h4>\n<p>El patr\u00f3n de montaje en pared VESA te da la libertad de seleccionar la posici\u00f3n de visi\u00f3n \u00f3ptima para tu monitor, eliminar el desorden de cables y ahorrar valioso espacio para tu estaci\u00f3n de juego y trabajo.<\/p>\n<\/div>\n<\/td>\n<td class=\"apm-top\">\n<div class=\"apm-eventhirdcol apm-floatleft\">\n<h4 class=\"a-spacing-mini\">Frecuencia de actualizaci\u00f3n de 75 Hz<\/h4>\n<p>Monitor KOORUI \u200bCon la frecuencia de actualizaci\u00f3n de 75 Hz, las im\u00e1genes cambian m\u00e1s r\u00e1pido y suave, el efecto fantasma y el desenfoque se reducen para que el usuario pueda disfrutar de la pantalla con claridad y precisi\u00f3n.<\/p>\n<\/div>\n<\/td>\n<td class=\"apm-top\">\n<div class=\"apm-eventhirdcol apm-floatleft\">\n<h4 class=\"a-spacing-mini\">Modo protector de ojos<\/h4>\n<p>Este monitor de 23.8 pulgadas adopta una avanzada tecnolog\u00eda de pantalla de atenuaci\u00f3n de CC que resuelve el problema del parpadeo tradicional de la pantalla, que puede aliviar en gran medida la tensi\u00f3n ocular humana y mejorar la comodidad de los ojos.<\/p>\n<\/div>\n<\/td>\n<\/tr>\n<\/tbody>\n<\/table>\n<p>&nbsp;<\/p>\n<p><img decoding=\"async\" src=\"https:\/\/m.media-amazon.com\/images\/S\/aplus-media-library-service-media\/210f7de5-f983-4a00-ae31-fdd0cc95cd15.__CR0,0,970,600_PT0_SX970_V1___.jpg\" alt=\"Monitor de 24 pulgadas\" \/><\/p>\n<p><img decoding=\"async\" src=\"https:\/\/m.media-amazon.com\/images\/S\/aplus-media-library-service-media\/9f9b1458-82d8-44ec-81d6-2e4fde9c2822.__CR0,0,970,300_PT0_SX970_V1___.jpg\" alt=\"Monitor de 24 pulgadas\" \/><\/p>\n","protected":false},"excerpt":{"rendered":"<table class=\"a-normal a-spacing-micro\">\n<tbody>\n<tr class=\"a-spacing-small po-display.size\">\n<td class=\"a-span3\"><span class=\"a-size-base a-text-bold\">Tama\u00f1o de pantalla<\/span><\/td>\n<td class=\"a-span9\"><span class=\"a-size-base po-break-word\">24 Pulgadas<\/span><\/td>\n<\/tr>\n<tr class=\"a-spacing-small po-display.resolution_maximum\">\n<td class=\"a-span3\"><span class=\"a-size-base a-text-bold\">Resoluci\u00f3n M\u00e1xima de Pantalla<\/span><\/td>\n<td class=\"a-span9\"><span class=\"a-size-base po-break-word\">1920 x 1080 P\u00edxeles<\/span><\/td>\n<\/tr>\n<tr class=\"a-spacing-small po-brand\">\n<td class=\"a-span3\"><span class=\"a-size-base a-text-bold\">Marca<\/span><\/td>\n<td class=\"a-span9\"><span class=\"a-size-base po-break-word\">KOORUI<\/span><\/td>\n<\/tr>\n<tr class=\"a-spacing-small po-special_feature\">\n<td class=\"a-span3\"><span class=\"a-size-base a-text-bold\">Caracter\u00edsticas especiales<\/span><\/td>\n<td class=\"a-span9\"><span class=\"a-size-base po-break-word\">Sin marco, Filtro de luz azul, Sin parpadeo, Montable en pared, Ajuste de inclinaci\u00f3n<\/span><\/td>\n<\/tr>\n<tr class=\"a-spacing-small po-refresh_rate\">\n<td class=\"a-span3\"><span class=\"a-size-base a-text-bold\">Velocidad de actualizaci\u00f3n\u00a0 \u00a0 75HZ<\/span><\/td>\n<\/tr>\n<\/tbody>\n<\/table>\n","protected":false},"featured_media":19878,"comment_status":"closed","ping_status":"closed","template":"","meta":[],"pwb-brand":[393],"product_brand":[],"product_cat":[78],"product_tag":[392,391],"class_list":{"0":"post-19873","1":"product","2":"type-product","3":"status-publish","4":"has-post-thumbnail","6":"pwb-brand-koorui","7":"product_cat-monitores","8":"product_tag-hdmi","9":"product_tag-monitor","11":"first","12":"instock","13":"taxable","14":"shipping-taxable","15":"purchasable","16":"product-type-simple"},"yoast_head":"<!-- This site is optimized with the Yoast SEO plugin v26.7 - https:\/\/yoast.com\/wordpress\/plugins\/seo\/ -->\n<title>KOORUI 24&quot; FULL HD 75HZ IPS \/ VESA - PC MASTERS BOGOTA<\/title>\n<meta name=\"robots\" content=\"index, follow, max-snippet:-1, max-image-preview:large, max-video-preview:-1\" \/>\n<link rel=\"canonical\" href=\"https:\/\/pcmastersbogota.com.co\/es_es\/producto\/monitor-koorui-24-full-hd-75hz-ips-vesa\/\" \/>\n<meta property=\"og:locale\" content=\"es_ES\" \/>\n<meta property=\"og:type\" content=\"article\" \/>\n<meta property=\"og:title\" content=\"KOORUI 24&quot; FULL HD 75HZ IPS \/ VESA - PC MASTERS BOGOTA\" \/>\n<meta property=\"og:description\" content=\"Tama\u00f1o de pantalla 24 Pulgadas   Resoluci\u00f3n M\u00e1xima de Pantalla 1920 x 1080 P\u00edxeles   Marca KOORUI   Caracter\u00edsticas especiales Sin marco, Filtro de luz azul, Sin parpadeo, Montable en pared, Ajuste de inclinaci\u00f3n   Velocidad de actualizaci\u00f3n\u00a0 \u00a0 75HZ\" \/>\n<meta property=\"og:url\" content=\"https:\/\/pcmastersbogota.com.co\/es_es\/producto\/monitor-koorui-24-full-hd-75hz-ips-vesa\/\" \/>\n<meta property=\"og:site_name\" content=\"PC MASTERS BOGOTA\" \/>\n<meta property=\"article:modified_time\" content=\"2025-10-31T20:30:50+00:00\" \/>\n<meta property=\"og:image\" content=\"https:\/\/pcmastersbogota.com.co\/wp-content\/uploads\/2023\/03\/71TOE0w7DzL._AC_SL1500_.jpg\" \/>\n\t<meta property=\"og:image:width\" content=\"1500\" \/>\n\t<meta property=\"og:image:height\" content=\"1223\" \/>\n\t<meta property=\"og:image:type\" content=\"image\/jpeg\" \/>\n<meta name=\"twitter:card\" content=\"summary_large_image\" \/>\n<meta name=\"twitter:label1\" content=\"Tiempo de lectura\" \/>\n\t<meta name=\"twitter:data1\" content=\"2 minutos\" \/>\n<script type=\"application\/ld+json\" class=\"yoast-schema-graph\">{\"@context\":\"https:\/\/schema.org\",\"@graph\":[{\"@type\":\"WebPage\",\"@id\":\"https:\/\/pcmastersbogota.com.co\/producto\/monitor-koorui-24-full-hd-75hz-ips-vesa\/\",\"url\":\"https:\/\/pcmastersbogota.com.co\/producto\/monitor-koorui-24-full-hd-75hz-ips-vesa\/\",\"name\":\"KOORUI 24\\\" FULL HD 75HZ IPS \/ VESA - PC MASTERS BOGOTA\",\"isPartOf\":{\"@id\":\"https:\/\/pcmastersbogota.com.co\/es_es\/#website\"},\"primaryImageOfPage\":{\"@id\":\"https:\/\/pcmastersbogota.com.co\/producto\/monitor-koorui-24-full-hd-75hz-ips-vesa\/#primaryimage\"},\"image\":{\"@id\":\"https:\/\/pcmastersbogota.com.co\/producto\/monitor-koorui-24-full-hd-75hz-ips-vesa\/#primaryimage\"},\"thumbnailUrl\":\"https:\/\/pcmastersbogota.com.co\/wp-content\/uploads\/2023\/03\/71TOE0w7DzL._AC_SL1500_.jpg\",\"datePublished\":\"2023-03-24T22:38:19+00:00\",\"dateModified\":\"2025-10-31T20:30:50+00:00\",\"breadcrumb\":{\"@id\":\"https:\/\/pcmastersbogota.com.co\/producto\/monitor-koorui-24-full-hd-75hz-ips-vesa\/#breadcrumb\"},\"inLanguage\":\"es\",\"potentialAction\":[{\"@type\":\"ReadAction\",\"target\":[\"https:\/\/pcmastersbogota.com.co\/producto\/monitor-koorui-24-full-hd-75hz-ips-vesa\/\"]}]},{\"@type\":\"ImageObject\",\"inLanguage\":\"es\",\"@id\":\"https:\/\/pcmastersbogota.com.co\/producto\/monitor-koorui-24-full-hd-75hz-ips-vesa\/#primaryimage\",\"url\":\"https:\/\/pcmastersbogota.com.co\/wp-content\/uploads\/2023\/03\/71TOE0w7DzL._AC_SL1500_.jpg\",\"contentUrl\":\"https:\/\/pcmastersbogota.com.co\/wp-content\/uploads\/2023\/03\/71TOE0w7DzL._AC_SL1500_.jpg\",\"width\":1500,\"height\":1223},{\"@type\":\"BreadcrumbList\",\"@id\":\"https:\/\/pcmastersbogota.com.co\/producto\/monitor-koorui-24-full-hd-75hz-ips-vesa\/#breadcrumb\",\"itemListElement\":[{\"@type\":\"ListItem\",\"position\":1,\"name\":\"Home\",\"item\":\"https:\/\/pcmastersbogota.com.co\/\"},{\"@type\":\"ListItem\",\"position\":2,\"name\":\"Tienda\",\"item\":\"https:\/\/pcmastersbogota.com.co\/es_es\/tienda\/\"},{\"@type\":\"ListItem\",\"position\":3,\"name\":\"KOORUI 24&#8243; FULL HD 75HZ IPS \/ VESA\"}]},{\"@type\":\"WebSite\",\"@id\":\"https:\/\/pcmastersbogota.com.co\/es_es\/#website\",\"url\":\"https:\/\/pcmastersbogota.com.co\/es_es\/\",\"name\":\"PC MASTERS BOGOTA\",\"description\":\"\",\"potentialAction\":[{\"@type\":\"SearchAction\",\"target\":{\"@type\":\"EntryPoint\",\"urlTemplate\":\"https:\/\/pcmastersbogota.com.co\/es_es\/?s={search_term_string}\"},\"query-input\":{\"@type\":\"PropertyValueSpecification\",\"valueRequired\":true,\"valueName\":\"search_term_string\"}}],\"inLanguage\":\"es\"}]}<\/script>\n<!-- \/ Yoast SEO plugin. -->","yoast_head_json":{"title":"KOORUI 24\" FULL HD 75HZ IPS \/ VESA - PC MASTERS BOGOTA","robots":{"index":"index","follow":"follow","max-snippet":"max-snippet:-1","max-image-preview":"max-image-preview:large","max-video-preview":"max-video-preview:-1"},"canonical":"https:\/\/pcmastersbogota.com.co\/es_es\/producto\/monitor-koorui-24-full-hd-75hz-ips-vesa\/","og_locale":"es_ES","og_type":"article","og_title":"KOORUI 24\" FULL HD 75HZ IPS \/ VESA - PC MASTERS BOGOTA","og_description":"Tama\u00f1o de pantalla 24 Pulgadas   Resoluci\u00f3n M\u00e1xima de Pantalla 1920 x 1080 P\u00edxeles   Marca KOORUI   Caracter\u00edsticas especiales Sin marco, Filtro de luz azul, Sin parpadeo, Montable en pared, Ajuste de inclinaci\u00f3n   Velocidad de actualizaci\u00f3n\u00a0 \u00a0 75HZ","og_url":"https:\/\/pcmastersbogota.com.co\/es_es\/producto\/monitor-koorui-24-full-hd-75hz-ips-vesa\/","og_site_name":"PC MASTERS BOGOTA","article_modified_time":"2025-10-31T20:30:50+00:00","og_image":[{"width":1500,"height":1223,"url":"https:\/\/pcmastersbogota.com.co\/wp-content\/uploads\/2023\/03\/71TOE0w7DzL._AC_SL1500_.jpg","type":"image\/jpeg"}],"twitter_card":"summary_large_image","twitter_misc":{"Tiempo de lectura":"2 minutos"},"schema":{"@context":"https:\/\/schema.org","@graph":[{"@type":"WebPage","@id":"https:\/\/pcmastersbogota.com.co\/producto\/monitor-koorui-24-full-hd-75hz-ips-vesa\/","url":"https:\/\/pcmastersbogota.com.co\/producto\/monitor-koorui-24-full-hd-75hz-ips-vesa\/","name":"KOORUI 24\" FULL HD 75HZ IPS \/ VESA - PC MASTERS BOGOTA","isPartOf":{"@id":"https:\/\/pcmastersbogota.com.co\/es_es\/#website"},"primaryImageOfPage":{"@id":"https:\/\/pcmastersbogota.com.co\/producto\/monitor-koorui-24-full-hd-75hz-ips-vesa\/#primaryimage"},"image":{"@id":"https:\/\/pcmastersbogota.com.co\/producto\/monitor-koorui-24-full-hd-75hz-ips-vesa\/#primaryimage"},"thumbnailUrl":"https:\/\/pcmastersbogota.com.co\/wp-content\/uploads\/2023\/03\/71TOE0w7DzL._AC_SL1500_.jpg","datePublished":"2023-03-24T22:38:19+00:00","dateModified":"2025-10-31T20:30:50+00:00","breadcrumb":{"@id":"https:\/\/pcmastersbogota.com.co\/producto\/monitor-koorui-24-full-hd-75hz-ips-vesa\/#breadcrumb"},"inLanguage":"es","potentialAction":[{"@type":"ReadAction","target":["https:\/\/pcmastersbogota.com.co\/producto\/monitor-koorui-24-full-hd-75hz-ips-vesa\/"]}]},{"@type":"ImageObject","inLanguage":"es","@id":"https:\/\/pcmastersbogota.com.co\/producto\/monitor-koorui-24-full-hd-75hz-ips-vesa\/#primaryimage","url":"https:\/\/pcmastersbogota.com.co\/wp-content\/uploads\/2023\/03\/71TOE0w7DzL._AC_SL1500_.jpg","contentUrl":"https:\/\/pcmastersbogota.com.co\/wp-content\/uploads\/2023\/03\/71TOE0w7DzL._AC_SL1500_.jpg","width":1500,"height":1223},{"@type":"BreadcrumbList","@id":"https:\/\/pcmastersbogota.com.co\/producto\/monitor-koorui-24-full-hd-75hz-ips-vesa\/#breadcrumb","itemListElement":[{"@type":"ListItem","position":1,"name":"Home","item":"https:\/\/pcmastersbogota.com.co\/"},{"@type":"ListItem","position":2,"name":"Tienda","item":"https:\/\/pcmastersbogota.com.co\/es_es\/tienda\/"},{"@type":"ListItem","position":3,"name":"KOORUI 24&#8243; FULL HD 75HZ IPS \/ VESA"}]},{"@type":"WebSite","@id":"https:\/\/pcmastersbogota.com.co\/es_es\/#website","url":"https:\/\/pcmastersbogota.com.co\/es_es\/","name":"PC MASTERS BOGOTA","description":"","potentialAction":[{"@type":"SearchAction","target":{"@type":"EntryPoint","urlTemplate":"https:\/\/pcmastersbogota.com.co\/es_es\/?s={search_term_string}"},"query-input":{"@type":"PropertyValueSpecification","valueRequired":true,"valueName":"search_term_string"}}],"inLanguage":"es"}]}},"brands":[{"id":393,"name":"KOORUI","slug":"koorui"}],"_links":{"self":[{"href":"https:\/\/pcmastersbogota.com.co\/es_es\/wp-json\/wp\/v2\/product\/19873","targetHints":{"allow":["GET"]}}],"collection":[{"href":"https:\/\/pcmastersbogota.com.co\/es_es\/wp-json\/wp\/v2\/product"}],"about":[{"href":"https:\/\/pcmastersbogota.com.co\/es_es\/wp-json\/wp\/v2\/types\/product"}],"replies":[{"embeddable":true,"href":"https:\/\/pcmastersbogota.com.co\/es_es\/wp-json\/wp\/v2\/comments?post=19873"}],"version-history":[{"count":9,"href":"https:\/\/pcmastersbogota.com.co\/es_es\/wp-json\/wp\/v2\/product\/19873\/revisions"}],"predecessor-version":[{"id":19909,"href":"https:\/\/pcmastersbogota.com.co\/es_es\/wp-json\/wp\/v2\/product\/19873\/revisions\/19909"}],"wp:featuredmedia":[{"embeddable":true,"href":"https:\/\/pcmastersbogota.com.co\/es_es\/wp-json\/wp\/v2\/media\/19878"}],"wp:attachment":[{"href":"https:\/\/pcmastersbogota.com.co\/es_es\/wp-json\/wp\/v2\/media?parent=19873"}],"wp:term":[{"taxonomy":"pwb-brand","embeddable":true,"href":"https:\/\/pcmastersbogota.com.co\/es_es\/wp-json\/wp\/v2\/pwb-brand?post=19873"},{"taxonomy":"product_brand","embeddable":true,"href":"https:\/\/pcmastersbogota.com.co\/es_es\/wp-json\/wp\/v2\/product_brand?post=19873"},{"taxonomy":"product_cat","embeddable":true,"href":"https:\/\/pcmastersbogota.com.co\/es_es\/wp-json\/wp\/v2\/product_cat?post=19873"},{"taxonomy":"product_tag","embeddable":true,"href":"https:\/\/pcmastersbogota.com.co\/es_es\/wp-json\/wp\/v2\/product_tag?post=19873"}],"curies":[{"name":"wp","href":"https:\/\/api.w.org\/{rel}","templated":true}]}}