{"id":19885,"date":"2023-03-24T21:09:04","date_gmt":"2023-03-25T02:09:04","guid":{"rendered":"https:\/\/pcmastersbogota.com.co\/?post_type=product&#038;p=19885"},"modified":"2026-02-12T14:00:26","modified_gmt":"2026-02-12T19:00:26","slug":"corsair-rm1000x-shift-atx-3-0-1000w-80-plus-gold","status":"publish","type":"product","link":"https:\/\/pcmastersbogota.com.co\/es_es\/producto\/corsair-rm1000x-shift-atx-3-0-1000w-80-plus-gold\/","title":{"rendered":"CORSAIR RM1000x Shift ATX 3.0 \/ 1000W 80 PLUS GOLD"},"content":{"rendered":"<section id=\"panel2\">\n<div class=\"content\">\n<div id=\"tab-overview\" class=\"tabContent\">\n<div class=\"tab-details\">\n<div id=\"pdp\" class=\"rm1000x-shift\">\n<section id=\"side\" class=\"panel-template text-center-mobile fivepadding\">\n<div class=\"wrapper\">\n<div class=\"col-half white\">\n<h3 class=\"yellow\">DESCRIPCI\u00d3N<\/h3>\n<div style=\"width: 1920px;\" class=\"wp-video\"><video class=\"wp-video-shortcode\" id=\"video-19885-1\" width=\"1920\" height=\"1080\" poster=\"https:\/\/pcmastersbogota.com.co\/wp-content\/uploads\/2023\/03\/81VZJzkMlEL._AC_SL1500_.jpg\" loop autoplay preload=\"auto\" controls=\"controls\"><source type=\"video\/mp4\" src=\"https:\/\/pcmastersbogota.com.co\/wp-content\/uploads\/2023\/03\/olor-negro.mp4?_=1\" \/><a href=\"https:\/\/pcmastersbogota.com.co\/wp-content\/uploads\/2023\/03\/olor-negro.mp4\">https:\/\/pcmastersbogota.com.co\/wp-content\/uploads\/2023\/03\/olor-negro.mp4<\/a><\/video><\/div>\n<p>\u00abNO M\u00c1S BUSCAR ALREDEDOR\u00bb, COMPRA LA NUEVA CORSAIR RMX SHIFT CON LA NUEVA TECNOLOG\u00cdA ATX 3.0 Y PCI-E 5.0<\/p>\n<h2>CONEXIONES DE MONTAJE LATERAL<\/h2>\n<p>Un innovador panel de fuente de alimentaci\u00f3n lateral pendiente de patente con conexiones modulares le permite enchufar c\u00f3modamente los cables en la cara lateral de la fuente de alimentaci\u00f3n, lo que hace que sea m\u00e1s f\u00e1cil que nunca conectar y administrar sus cables.<\/p>\n<\/div>\n<\/div>\n<\/section>\n<section id=\"edge\" class=\"panel-template text-center-mobile fivepadding\">\n<div class=\"wrapper\">\n<div class=\"col-half text-center bottom\"><img decoding=\"async\" class=\"img-responsive\" src=\"https:\/\/cwsmgmt.corsair.com\/pdp\/psu\/rmx-shift\/assets\/images\/1000\/Panel3_image.webp\" alt=\"Insignias de certificaci\u00f3n, un cable GPU 12VHPWR y una fuente de alimentaci\u00f3n para PC.\" \/><\/div>\n<div class=\"col-half white top\">\n<h3 class=\"yellow\">A LA VANGUARDIA<\/h3>\n<h2>CERTIFICADO ATX 3.0<\/h2>\n<p>El est\u00e1ndar ATX 3.0 exige un alto nivel de confiabilidad y eficiencia energ\u00e9tica.\u00a0Si bien muchas PSU de CORSAIR cumplen con estos requisitos, las PSU de la serie RMx SHIFT est\u00e1n certificadas formalmente para cumplir con ATX 3.0.<\/p>\n<p>Cables GPU PCIe 5.0 12VHPWR incluidos para usar con tarjetas gr\u00e1ficas modernas como la serie NVIDIA\u00ae GeForce RTX\u2122 40.<\/p>\n<\/div>\n<\/div>\n<\/section>\n<section id=\"modular\" class=\"panel-template text-center-mobile fivepadding\">\n<div class=\"wrapper\">\n<div class=\"col-half white\">\n<h3 class=\"yellow\">TOTALMENTE MODULAR<\/h3>\n<h2>CONECTORES MICRO-FIT CORSAIR TIPO 5<\/h2>\n<p>Cables de PSU CORSAIR Type 5 Gen 1 micro-fit totalmente modulares, para que solo conecte los cables que su sistema necesita y ocupe menos espacio.<\/p>\n<\/div>\n<div class=\"col-half text-center bottom\"><img decoding=\"async\" class=\"img-responsive hide-on-mobile\" src=\"https:\/\/cwsmgmt.corsair.com\/pdp\/psu\/rmx-shift\/assets\/images\/1000\/Panel4_image.webp\" alt=\"Fuente de alimentaci\u00f3n para PC con conectores laterales y cables instalados.\" \/><\/div>\n<\/div>\n<\/section>\n<section id=\"fan\" class=\"panel-template text-center-mobile fivepadding\">\n<div class=\"wrapper\">\n<div class=\"col-half bottom text-center\"><img decoding=\"async\" class=\"img-responsive\" src=\"https:\/\/cwsmgmt.corsair.com\/pdp\/psu\/rmx-shift\/assets\/images\/1000\/Panel5_chart.webp\" alt=\"Gr\u00e1fico de ruido del ventilador de la fuente de alimentaci\u00f3n de la PC.\" \/><\/div>\n<div class=\"col-half white top\">\n<h2>VENTILADOR\u00a0DE 140\u00a0<span class=\"lowercase\">mm con soporte de modo cero rpm<\/span><\/h2>\n<p>Un ventilador de 140 mm con cojinete din\u00e1mico fluido y de baja fricci\u00f3n con compatibilidad con el modo Zero RPM garantiza que la fuente de alimentaci\u00f3n se enfr\u00ede mientras permanece pr\u00e1cticamente en silencio cuando no est\u00e1 bajo una carga alta.<\/p>\n<p><img decoding=\"async\" src=\"https:\/\/cwsmgmt.corsair.com\/pdp\/psu\/rmx-shift\/assets\/images\/750\/Panel5_LowNoise_Icon.webp\" alt=\"Icono de bajo ruido\" \/>\u00a0<img decoding=\"async\" src=\"https:\/\/cwsmgmt.corsair.com\/pdp\/psu\/rmx-shift\/assets\/images\/750\/Panel5_ZeroRPMMode_Icon.webp\" alt=\"Icono de modo de RPM cero\" \/><\/p>\n<\/div>\n<\/div>\n<\/section>\n<section id=\"feat\" class=\"panel-template text-center-mobile fivepadding\">\n<div class=\"wrapper\">\n<div class=\"col-half white badges\">\n<p><img decoding=\"async\" src=\"https:\/\/cwsmgmt.corsair.com\/pdp\/psu\/rmx-shift\/assets\/images\/850\/Panel6_80Plus_Badge.webp\" alt=\"Icono de bajo ruido\" \/>\u00a0<img decoding=\"async\" src=\"https:\/\/cwsmgmt.corsair.com\/pdp\/psu\/rmx-shift\/assets\/images\/1000\/Panel6_CybeneticsGold_Badge.webp\" alt=\"Icono de bajo ruido\" \/>\u00a0<img decoding=\"async\" src=\"https:\/\/cwsmgmt.corsair.com\/pdp\/psu\/rmx-shift\/assets\/images\/1000\/Panel6_CybeneticsA_Badge.webp\" alt=\"Icono de bajo ruido\" \/><\/p>\n<h2>CERTIFICACI\u00d3N 80 PLUS GOLD<\/h2>\n<p><span class=\"\">Salida de potencia constante con una eficiencia de hasta el 90 % y certificaci\u00f3n Cybenetics para un menor consumo de energ\u00eda, menos ruido y temperaturas m\u00e1s fr\u00edas.<\/span><\/p>\n<\/div>\n<div class=\"col-half white capacitors\">\n<p><img decoding=\"async\" src=\"https:\/\/cwsmgmt.corsair.com\/pdp\/psu\/rmx-shift\/assets\/images\/750\/Panel6_capacitors.webp\" alt=\"Icono de bajo ruido\" \/><\/p>\n<h2>CONDENSADORES NOMINALES PARA 105 \u00b0C<\/h2>\n<p>Construido con condensadores electrol\u00edticos japoneses 100 % de grado industrial, con clasificaci\u00f3n de 105 \u00b0C para una potencia y confiabilidad inquebrantables.<\/p>\n<\/div>\n<\/div>\n<\/section>\n<section id=\"compatibility\" class=\"panel-template text-center-mobile fivepadding\">\n<div class=\"wrapper\">\n<div class=\"col-half white top\">\n<h2>COMPATIBILIDAD DE CASOS<\/h2>\n<p><span class=\"goog-text-highlight\">La fuente de alimentaci\u00f3n y los cables caben en cualquier caja de PC que admita el formato de fuente de alimentaci\u00f3n ATX y tenga al menos 210 mm (8,3&#8243;) de ancho. La fuente de alimentaci\u00f3n tambi\u00e9n debe ser accesible desde el lateral cuando est\u00e9 montada en la caja.<\/span><\/p>\n<\/div>\n<div class=\"col-half text-center bottom\"><img decoding=\"async\" class=\"img-responsive\" src=\"https:\/\/cwsmgmt.corsair.com\/pdp\/psu\/rmx-shift\/assets\/images\/750\/Panel7_image.webp\" alt=\"Fuente de alimentaci\u00f3n para PC con conectores laterales y cables instalados.\" \/><\/div>\n<\/div>\n<\/section>\n<\/div>\n<\/div>\n<\/div>\n<\/div>\n<\/section>\n<div class=\"content\">\n<div id=\"pdp\">\n<section class=\"panel-template onepadding pdp-bkg-000 hex\">\n<div class=\"wrapper white nopad\">\n<div class=\"col-third-1 text-center\">\n<p><img decoding=\"async\" class=\"\" src=\"https:\/\/cwsmgmt.corsair.com\/pdp\/psu\/rmx-shift\/assets\/images\/750\/Panel9_10-Year-Warranty-Icon.webp\" alt=\"INSIGNIA DE GARANT\u00cdA DE 10 A\u00d1OS DE CORSAIR\" width=\"120px\" \/><\/p>\n<h2 class=\"hide-on-mobile\">GARANT\u00cdA DE DIEZ A\u00d1OS<\/h2>\n<\/div>\n<div class=\"col-half-1\">\n<h2>SOPORTE DE CLASE MUNDIAL<\/h2>\n<p>Nuestro galardonado servicio significa que puede disfrutar de su equipo sin preocupaciones<\/p>\n<\/div>\n<\/div>\n<\/section>\n<\/div>\n<\/div>\n<div class=\"content\">\n<div id=\"icueGlobalPanel\" class=\"icue-wingsuit-root\">\n<div class=\"icue-hero smal-relative smal-vert smal-min-h-screen\">\n<div class=\"icue-hero__video-wrapper smal-absolute smal-transform smal-z-10 smal-left-0 smal-top-0 smal-w-full smal-h-full\"><span style=\"color: #1b1919; font-size: 24px;\">TABLA DE POTENCIA DE CAMBIO RM1000x<\/span><\/div>\n<\/div>\n<\/div>\n<\/div>\n<div class=\"content\">\n<div id=\"psu-power-table-wrapper\" class=\"overview-prod-data-table dark\">\n<section id=\"psu-power-table\" class=\"panel-template fivepadding\">\n<div class=\"wrapper\">\n<div class=\"text-center\">\n<table>\n<tbody>\n<tr>\n<th>MODELO<\/th>\n<td colspan=\"2\">RPS0161<\/td>\n<\/tr>\n<tr>\n<th>PART NO.<\/th>\n<td colspan=\"2\">CP-9020253\/75-005192<\/td>\n<\/tr>\n<tr>\n<td colspan=\"3\">Clasificaci\u00f3n de entrada de CA<\/td>\n<\/tr>\n<tr>\n<th>ENTRADA DE CA<\/th>\n<td colspan=\"2\">100\u2013240 V<\/td>\n<\/tr>\n<tr>\n<th>CORRIENTE DE ENTRADA<\/th>\n<td colspan=\"2\">12A-6A<\/td>\n<\/tr>\n<tr>\n<th>FRECUENCIA<\/th>\n<td colspan=\"2\">47~63Hz<\/td>\n<\/tr>\n<tr>\n<td><\/td>\n<td>Carga maxima<\/td>\n<td>Salida m\u00e1xima<\/td>\n<\/tr>\n<tr>\n<th>+3,3 V<\/th>\n<td>20A<\/td>\n<td rowspan=\"2\">150W<\/td>\n<\/tr>\n<tr>\n<th>+5V<\/th>\n<td>20A<\/td>\n<\/tr>\n<tr>\n<th>+12V<\/th>\n<td>83.3A<\/td>\n<td>1000w<\/td>\n<\/tr>\n<tr>\n<th>+5VSB<\/th>\n<td>3A<\/td>\n<td>15W<\/td>\n<\/tr>\n<tr>\n<th>PODER TOTAL<\/th>\n<td colspan=\"2\">1000w<\/td>\n<\/tr>\n<\/tbody>\n<\/table>\n<\/div>\n<\/div>\n<\/section>\n<\/div>\n<div id=\"dc-cable-wrapper\" class=\"overview-prod-data-table dark\">\n<section id=\"dc-cable-listing\" class=\"psu-data panel-template\">\n<div class=\"wrapper\">\n<div class=\"text-center\">\n<h2>LISTA DE CABLES DE CAMBIO RM1000x<\/h2>\n<table>\n<thead>\n<tr>\n<th>CANTIDAD<\/th>\n<th>CABLE<\/th>\n<th>CONECTORES<br \/>\nPOR CABLE<\/th>\n<th>CONECTORES\u00a0TOTALES<\/th>\n<th>ESPACIADO\u00a0DEL CONECTOR<\/th>\n<th>LONGITUD\u00a0TOTAL<\/th>\n<th>TIPO DE CABLE<\/th>\n<\/tr>\n<\/thead>\n<tbody>\n<tr>\n<td>1<\/td>\n<td>Cable modular ATX (24 pines)<\/p>\n<p><img decoding=\"async\" class=\"img-responsive\" src=\"https:\/\/cwsmgmt.corsair.com\/pdp\/psu\/rmx-shift\/assets\/images\/1000\/Panel9_ATX24-PIN.webp\" alt=\"Ilustraci\u00f3n del cable CORSAIR Modular ATX Cable (24 pines)\" \/><\/td>\n<td>1<\/td>\n<td>1<\/td>\n<td>&#8211;<\/td>\n<td>610 mm<br \/>\n(\u00b1 10 mm)<\/td>\n<td>Con mangas<\/td>\n<\/tr>\n<tr>\n<td>2<\/td>\n<td>EPS\/ATX 12V 8 pines (4+4)<\/p>\n<p><img decoding=\"async\" class=\"img-responsive\" src=\"https:\/\/cwsmgmt.corsair.com\/pdp\/psu\/rmx-shift\/assets\/images\/1000\/Panel9_ATX12V-EPS12V.webp\" alt=\"Ilustraci\u00f3n del cable CORSAIR EPS\/ATX de 12 V y 8 pines (4+4)\" \/><\/td>\n<td>1<\/td>\n<td>2<\/td>\n<td>&#8211;<\/td>\n<td>650 mm<br \/>\n(\u00b1 10 mm)<\/td>\n<td>Departamento<\/td>\n<\/tr>\n<tr>\n<td>1<\/td>\n<td>clavija 12VHPWR (12+4)<\/p>\n<p><img decoding=\"async\" class=\"img-responsive\" src=\"https:\/\/cwsmgmt.corsair.com\/pdp\/psu\/rmx-shift\/assets\/images\/1000\/Panel9_12VHPWR.webp\" alt=\"Ilustraci\u00f3n del cable de clavija CORSAIR 12VHPWR (12+4)\" \/><\/td>\n<td>1<\/td>\n<td>1<\/td>\n<td>&#8211;<\/td>\n<td>650 mm<br \/>\n(\u00b1 10 mm)<\/td>\n<td>Departamento<\/td>\n<\/tr>\n<tr>\n<td>2<\/td>\n<td>PCIe de 8 pines (6+2) (6+2)<\/p>\n<p><img decoding=\"async\" class=\"img-responsive\" src=\"https:\/\/cwsmgmt.corsair.com\/pdp\/psu\/rmx-shift\/assets\/images\/1000\/Panel9_PCIe_(6+2)(6+2).webp\" alt=\"Ilustraci\u00f3n del cable CORSAIR PCIe de 8 pines (6+2) (6+2)\" \/><\/td>\n<td>2<\/td>\n<td>4<\/td>\n<td>600 mm,<br \/>\n100 mm<\/td>\n<td>750 mm<br \/>\n(\u00b1 10 mm)<\/td>\n<td>Departamento<\/td>\n<\/tr>\n<tr>\n<td>3<\/td>\n<td>PCIe de 8 pines (6+2)<\/p>\n<p><img decoding=\"async\" class=\"img-responsive\" src=\"https:\/\/cwsmgmt.corsair.com\/pdp\/psu\/rmx-shift\/assets\/images\/1000\/Panel9_PCIe_(6+2).webp\" alt=\"Ilustraci\u00f3n del cable CORSAIR PCIe de 8 pines (6+2)\" \/><\/td>\n<td>1<\/td>\n<td>3<\/td>\n<td>&#8211;<\/td>\n<td>650 mm<br \/>\n(\u00b1 10 mm)<\/td>\n<td>Departamento<\/td>\n<\/tr>\n<tr>\n<td>4<\/td>\n<td>HORAS (4 HORAS)<\/p>\n<p><img decoding=\"async\" class=\"img-responsive\" src=\"https:\/\/cwsmgmt.corsair.com\/pdp\/psu\/rmx-shift\/assets\/images\/1000\/Panel9_SATA.webp\" alt=\"Ilustraci\u00f3n del cable CORSAIR SATA (4 SATA)\" \/><\/td>\n<td>4<\/td>\n<td>16<\/td>\n<td>455 mm,<br \/>\n115 mm,<br \/>\n115 mm,<br \/>\n115 mm<\/td>\n<td>800 mm<br \/>\n(\u00b1 10 mm)<\/td>\n<td>Departamento<\/td>\n<\/tr>\n<tr>\n<td>2<\/td>\n<td>PATA (4 pines)<\/p>\n<p><img decoding=\"async\" class=\"img-responsive\" src=\"https:\/\/cwsmgmt.corsair.com\/pdp\/psu\/rmx-shift\/assets\/images\/1000\/Panel9_PATA.webp\" alt=\"Ilustraci\u00f3n del cable CORSAIR PATA (4 pines)\" \/><\/td>\n<td>4<\/td>\n<td>8<\/td>\n<td>450 mm,<br \/>\n100 mm,<br \/>\n100 mm,<br \/>\n100 mm<\/td>\n<td>750 mm<br \/>\n(\u00b1 10 mm)<\/td>\n<td>Departamento<\/td>\n<\/tr>\n<\/tbody>\n<\/table>\n<\/div>\n<\/div>\n<\/section>\n<\/div>\n<\/div>\n","protected":false},"excerpt":{"rendered":"<p>Series<br \/>\nRM1000x SHIFT<\/p>\n<p>Marca<br \/>\nCorsair<\/p>\n<p>FUENTE COMPLETAMENTE MODULAR<br \/>\nCON EL NUEVO EST\u00c1NDAR ATX 3.0 +PCI-E 5.0<br \/>\nLA PRIMERA EN SU TIPO CON LOS CABLES DE CONEXI\u00d3N EN EL LATERAL<\/p>\n","protected":false},"featured_media":19888,"comment_status":"open","ping_status":"closed","template":"","meta":[],"pwb-brand":[100],"product_brand":[],"product_cat":[313],"product_tag":[397,314,230],"class_list":{"0":"post-19885","1":"product","2":"type-product","3":"status-publish","4":"has-post-thumbnail","6":"pwb-brand-corsair","7":"product_cat-fuentes-de-poder","8":"product_tag-corsair","9":"product_tag-fuentes","10":"product_tag-p-atx","12":"first","13":"instock","14":"featured","15":"taxable","16":"shipping-taxable","17":"purchasable","18":"product-type-simple"},"yoast_head":"<!-- This site is optimized with the Yoast SEO plugin v26.7 - https:\/\/yoast.com\/wordpress\/plugins\/seo\/ -->\n<title>CORSAIR RM1000x Shift ATX 3.0 \/ 1000W 80 PLUS GOLD - PC MASTERS BOGOTA<\/title>\n<meta name=\"robots\" content=\"index, follow, max-snippet:-1, max-image-preview:large, max-video-preview:-1\" \/>\n<link rel=\"canonical\" href=\"https:\/\/pcmastersbogota.com.co\/es_es\/producto\/corsair-rm1000x-shift-atx-3-0-1000w-80-plus-gold\/\" \/>\n<meta property=\"og:locale\" content=\"es_ES\" \/>\n<meta property=\"og:type\" content=\"article\" \/>\n<meta property=\"og:title\" content=\"CORSAIR RM1000x Shift ATX 3.0 \/ 1000W 80 PLUS GOLD - PC MASTERS BOGOTA\" \/>\n<meta property=\"og:description\" content=\"Series RM1000x SHIFT  Marca Corsair  FUENTE COMPLETAMENTE MODULAR CON EL NUEVO EST\u00c1NDAR ATX 3.0 +PCI-E 5.0 LA PRIMERA EN SU TIPO CON LOS CABLES DE CONEXI\u00d3N EN EL LATERAL\" \/>\n<meta property=\"og:url\" content=\"https:\/\/pcmastersbogota.com.co\/es_es\/producto\/corsair-rm1000x-shift-atx-3-0-1000w-80-plus-gold\/\" \/>\n<meta property=\"og:site_name\" content=\"PC MASTERS BOGOTA\" \/>\n<meta property=\"article:modified_time\" content=\"2026-02-12T19:00:26+00:00\" \/>\n<meta property=\"og:image\" content=\"https:\/\/pcmastersbogota.com.co\/wp-content\/uploads\/2023\/03\/81PO9-tPTpL._AC_SL1500_.jpg\" \/>\n\t<meta property=\"og:image:width\" content=\"1451\" \/>\n\t<meta property=\"og:image:height\" content=\"1500\" \/>\n\t<meta property=\"og:image:type\" content=\"image\/jpeg\" \/>\n<meta name=\"twitter:card\" content=\"summary_large_image\" \/>\n<meta name=\"twitter:label1\" content=\"Tiempo de lectura\" \/>\n\t<meta name=\"twitter:data1\" content=\"7 minutos\" \/>\n<script type=\"application\/ld+json\" class=\"yoast-schema-graph\">{\"@context\":\"https:\/\/schema.org\",\"@graph\":[{\"@type\":\"WebPage\",\"@id\":\"https:\/\/pcmastersbogota.com.co\/producto\/corsair-rm1000x-shift-atx-3-0-1000w-80-plus-gold\/\",\"url\":\"https:\/\/pcmastersbogota.com.co\/producto\/corsair-rm1000x-shift-atx-3-0-1000w-80-plus-gold\/\",\"name\":\"CORSAIR RM1000x Shift ATX 3.0 \/ 1000W 80 PLUS GOLD - PC MASTERS BOGOTA\",\"isPartOf\":{\"@id\":\"https:\/\/pcmastersbogota.com.co\/es_es\/#website\"},\"primaryImageOfPage\":{\"@id\":\"https:\/\/pcmastersbogota.com.co\/producto\/corsair-rm1000x-shift-atx-3-0-1000w-80-plus-gold\/#primaryimage\"},\"image\":{\"@id\":\"https:\/\/pcmastersbogota.com.co\/producto\/corsair-rm1000x-shift-atx-3-0-1000w-80-plus-gold\/#primaryimage\"},\"thumbnailUrl\":\"https:\/\/pcmastersbogota.com.co\/wp-content\/uploads\/2023\/03\/81PO9-tPTpL._AC_SL1500_.jpg\",\"datePublished\":\"2023-03-25T02:09:04+00:00\",\"dateModified\":\"2026-02-12T19:00:26+00:00\",\"breadcrumb\":{\"@id\":\"https:\/\/pcmastersbogota.com.co\/producto\/corsair-rm1000x-shift-atx-3-0-1000w-80-plus-gold\/#breadcrumb\"},\"inLanguage\":\"es\",\"potentialAction\":[{\"@type\":\"ReadAction\",\"target\":[\"https:\/\/pcmastersbogota.com.co\/producto\/corsair-rm1000x-shift-atx-3-0-1000w-80-plus-gold\/\"]}]},{\"@type\":\"ImageObject\",\"inLanguage\":\"es\",\"@id\":\"https:\/\/pcmastersbogota.com.co\/producto\/corsair-rm1000x-shift-atx-3-0-1000w-80-plus-gold\/#primaryimage\",\"url\":\"https:\/\/pcmastersbogota.com.co\/wp-content\/uploads\/2023\/03\/81PO9-tPTpL._AC_SL1500_.jpg\",\"contentUrl\":\"https:\/\/pcmastersbogota.com.co\/wp-content\/uploads\/2023\/03\/81PO9-tPTpL._AC_SL1500_.jpg\",\"width\":1451,\"height\":1500},{\"@type\":\"BreadcrumbList\",\"@id\":\"https:\/\/pcmastersbogota.com.co\/producto\/corsair-rm1000x-shift-atx-3-0-1000w-80-plus-gold\/#breadcrumb\",\"itemListElement\":[{\"@type\":\"ListItem\",\"position\":1,\"name\":\"Home\",\"item\":\"https:\/\/pcmastersbogota.com.co\/\"},{\"@type\":\"ListItem\",\"position\":2,\"name\":\"Tienda\",\"item\":\"https:\/\/pcmastersbogota.com.co\/es_es\/tienda\/\"},{\"@type\":\"ListItem\",\"position\":3,\"name\":\"CORSAIR RM1000x Shift ATX 3.0 \/ 1000W 80 PLUS GOLD\"}]},{\"@type\":\"WebSite\",\"@id\":\"https:\/\/pcmastersbogota.com.co\/es_es\/#website\",\"url\":\"https:\/\/pcmastersbogota.com.co\/es_es\/\",\"name\":\"PC MASTERS BOGOTA\",\"description\":\"\",\"potentialAction\":[{\"@type\":\"SearchAction\",\"target\":{\"@type\":\"EntryPoint\",\"urlTemplate\":\"https:\/\/pcmastersbogota.com.co\/es_es\/?s={search_term_string}\"},\"query-input\":{\"@type\":\"PropertyValueSpecification\",\"valueRequired\":true,\"valueName\":\"search_term_string\"}}],\"inLanguage\":\"es\"}]}<\/script>\n<!-- \/ Yoast SEO plugin. -->","yoast_head_json":{"title":"CORSAIR RM1000x Shift ATX 3.0 \/ 1000W 80 PLUS GOLD - PC MASTERS BOGOTA","robots":{"index":"index","follow":"follow","max-snippet":"max-snippet:-1","max-image-preview":"max-image-preview:large","max-video-preview":"max-video-preview:-1"},"canonical":"https:\/\/pcmastersbogota.com.co\/es_es\/producto\/corsair-rm1000x-shift-atx-3-0-1000w-80-plus-gold\/","og_locale":"es_ES","og_type":"article","og_title":"CORSAIR RM1000x Shift ATX 3.0 \/ 1000W 80 PLUS GOLD - PC MASTERS BOGOTA","og_description":"Series RM1000x SHIFT  Marca Corsair  FUENTE COMPLETAMENTE MODULAR CON EL NUEVO EST\u00c1NDAR ATX 3.0 +PCI-E 5.0 LA PRIMERA EN SU TIPO CON LOS CABLES DE CONEXI\u00d3N EN EL LATERAL","og_url":"https:\/\/pcmastersbogota.com.co\/es_es\/producto\/corsair-rm1000x-shift-atx-3-0-1000w-80-plus-gold\/","og_site_name":"PC MASTERS BOGOTA","article_modified_time":"2026-02-12T19:00:26+00:00","og_image":[{"width":1451,"height":1500,"url":"https:\/\/pcmastersbogota.com.co\/wp-content\/uploads\/2023\/03\/81PO9-tPTpL._AC_SL1500_.jpg","type":"image\/jpeg"}],"twitter_card":"summary_large_image","twitter_misc":{"Tiempo de lectura":"7 minutos"},"schema":{"@context":"https:\/\/schema.org","@graph":[{"@type":"WebPage","@id":"https:\/\/pcmastersbogota.com.co\/producto\/corsair-rm1000x-shift-atx-3-0-1000w-80-plus-gold\/","url":"https:\/\/pcmastersbogota.com.co\/producto\/corsair-rm1000x-shift-atx-3-0-1000w-80-plus-gold\/","name":"CORSAIR RM1000x Shift ATX 3.0 \/ 1000W 80 PLUS GOLD - PC MASTERS BOGOTA","isPartOf":{"@id":"https:\/\/pcmastersbogota.com.co\/es_es\/#website"},"primaryImageOfPage":{"@id":"https:\/\/pcmastersbogota.com.co\/producto\/corsair-rm1000x-shift-atx-3-0-1000w-80-plus-gold\/#primaryimage"},"image":{"@id":"https:\/\/pcmastersbogota.com.co\/producto\/corsair-rm1000x-shift-atx-3-0-1000w-80-plus-gold\/#primaryimage"},"thumbnailUrl":"https:\/\/pcmastersbogota.com.co\/wp-content\/uploads\/2023\/03\/81PO9-tPTpL._AC_SL1500_.jpg","datePublished":"2023-03-25T02:09:04+00:00","dateModified":"2026-02-12T19:00:26+00:00","breadcrumb":{"@id":"https:\/\/pcmastersbogota.com.co\/producto\/corsair-rm1000x-shift-atx-3-0-1000w-80-plus-gold\/#breadcrumb"},"inLanguage":"es","potentialAction":[{"@type":"ReadAction","target":["https:\/\/pcmastersbogota.com.co\/producto\/corsair-rm1000x-shift-atx-3-0-1000w-80-plus-gold\/"]}]},{"@type":"ImageObject","inLanguage":"es","@id":"https:\/\/pcmastersbogota.com.co\/producto\/corsair-rm1000x-shift-atx-3-0-1000w-80-plus-gold\/#primaryimage","url":"https:\/\/pcmastersbogota.com.co\/wp-content\/uploads\/2023\/03\/81PO9-tPTpL._AC_SL1500_.jpg","contentUrl":"https:\/\/pcmastersbogota.com.co\/wp-content\/uploads\/2023\/03\/81PO9-tPTpL._AC_SL1500_.jpg","width":1451,"height":1500},{"@type":"BreadcrumbList","@id":"https:\/\/pcmastersbogota.com.co\/producto\/corsair-rm1000x-shift-atx-3-0-1000w-80-plus-gold\/#breadcrumb","itemListElement":[{"@type":"ListItem","position":1,"name":"Home","item":"https:\/\/pcmastersbogota.com.co\/"},{"@type":"ListItem","position":2,"name":"Tienda","item":"https:\/\/pcmastersbogota.com.co\/es_es\/tienda\/"},{"@type":"ListItem","position":3,"name":"CORSAIR RM1000x Shift ATX 3.0 \/ 1000W 80 PLUS GOLD"}]},{"@type":"WebSite","@id":"https:\/\/pcmastersbogota.com.co\/es_es\/#website","url":"https:\/\/pcmastersbogota.com.co\/es_es\/","name":"PC MASTERS BOGOTA","description":"","potentialAction":[{"@type":"SearchAction","target":{"@type":"EntryPoint","urlTemplate":"https:\/\/pcmastersbogota.com.co\/es_es\/?s={search_term_string}"},"query-input":{"@type":"PropertyValueSpecification","valueRequired":true,"valueName":"search_term_string"}}],"inLanguage":"es"}]}},"brands":[{"id":100,"name":"CORSAIR","slug":"corsair"}],"_links":{"self":[{"href":"https:\/\/pcmastersbogota.com.co\/es_es\/wp-json\/wp\/v2\/product\/19885","targetHints":{"allow":["GET"]}}],"collection":[{"href":"https:\/\/pcmastersbogota.com.co\/es_es\/wp-json\/wp\/v2\/product"}],"about":[{"href":"https:\/\/pcmastersbogota.com.co\/es_es\/wp-json\/wp\/v2\/types\/product"}],"replies":[{"embeddable":true,"href":"https:\/\/pcmastersbogota.com.co\/es_es\/wp-json\/wp\/v2\/comments?post=19885"}],"version-history":[{"count":3,"href":"https:\/\/pcmastersbogota.com.co\/es_es\/wp-json\/wp\/v2\/product\/19885\/revisions"}],"predecessor-version":[{"id":19897,"href":"https:\/\/pcmastersbogota.com.co\/es_es\/wp-json\/wp\/v2\/product\/19885\/revisions\/19897"}],"wp:featuredmedia":[{"embeddable":true,"href":"https:\/\/pcmastersbogota.com.co\/es_es\/wp-json\/wp\/v2\/media\/19888"}],"wp:attachment":[{"href":"https:\/\/pcmastersbogota.com.co\/es_es\/wp-json\/wp\/v2\/media?parent=19885"}],"wp:term":[{"taxonomy":"pwb-brand","embeddable":true,"href":"https:\/\/pcmastersbogota.com.co\/es_es\/wp-json\/wp\/v2\/pwb-brand?post=19885"},{"taxonomy":"product_brand","embeddable":true,"href":"https:\/\/pcmastersbogota.com.co\/es_es\/wp-json\/wp\/v2\/product_brand?post=19885"},{"taxonomy":"product_cat","embeddable":true,"href":"https:\/\/pcmastersbogota.com.co\/es_es\/wp-json\/wp\/v2\/product_cat?post=19885"},{"taxonomy":"product_tag","embeddable":true,"href":"https:\/\/pcmastersbogota.com.co\/es_es\/wp-json\/wp\/v2\/product_tag?post=19885"}],"curies":[{"name":"wp","href":"https:\/\/api.w.org\/{rel}","templated":true}]}}