{"id":19908,"date":"2023-03-27T13:45:10","date_gmt":"2023-03-27T18:45:10","guid":{"rendered":"https:\/\/pcmastersbogota.com.co\/?post_type=product&#038;p=19908"},"modified":"2023-04-17T20:17:05","modified_gmt":"2023-04-18T01:17:05","slug":"innocn-4k-de-28-uhd-3840-x-2160-ips-60hz","status":"publish","type":"product","link":"https:\/\/pcmastersbogota.com.co\/es_es\/producto\/innocn-4k-de-28-uhd-3840-x-2160-ips-60hz\/","title":{"rendered":"INNOCN 4K de 28&#8243; UHD 3840 x 2160\/IPS\/ 60hz"},"content":{"rendered":"<ul class=\"a-unordered-list a-vertical a-spacing-mini\">\n<li>\n<h2>Descripci\u00f3n del producto<\/h2>\n<div class=\"aplus-v2 desktop celwidget\" data-cel-widget=\"aplus\" data-csa-c-id=\"ull502-4lbn0a-4dzi02-jdrsms\">\n<div class=\"celwidget aplus-module premium-module-2-fullbackground-image aplus-premium\" data-cel-widget=\"aplus-premium-module-2-fullbackground-image\" data-csa-c-id=\"prxuzx-eqf9zu-qdfl3l-litrci\">\n<div class=\"a-section a-spacing-none premium-aplus premium-aplus-module-2\">\n<div class=\"a-section a-spacing-none premium-background-wrapper\">\n<div class=\"a-section a-spacing-none background-image\"><img decoding=\"async\" class=\"\" src=\"https:\/\/m.media-amazon.com\/images\/S\/aplus-media-library-service-media\/ce62b0d5-1c04-42fb-b20f-a7ed9f18bb7a.__CR0,0,1464,600_PT0_SX1464_V1___.jpg\" alt=\"4k monitor\" data-src=\"https:\/\/m.media-amazon.com\/images\/S\/aplus-media-library-service-media\/ce62b0d5-1c04-42fb-b20f-a7ed9f18bb7a.__CR0,0,1464,600_PT0_SX1464_V1___.jpg\" \/><\/div>\n<\/div>\n<div class=\"a-section a-text-center\">\n<p class=\"aplus-description aplus-container-3 aplus-p1\">INNOCN 28&#8243; 4K UHD 3840 X 2160 Computer Monitor, IPS, 60Hz, 1.07B, 99% sRGB, 93% DCI-P3<\/p>\n<\/div>\n<\/div>\n<\/div>\n<div class=\"celwidget aplus-module premium-module-2-fullbackground-text aplus-premium\" data-cel-widget=\"aplus-premium-module-2-fullbackground-text\" data-csa-c-id=\"bd87m3-r7i01t-5ag2g2-upmyps\">\n<div class=\"a-section a-spacing-none premium-aplus premium-aplus-module-2\">\n<div class=\"a-section a-spacing-none premium-background-wrapper\">\n<div class=\"a-section a-spacing-none background-image\"><img decoding=\"async\" class=\"\" src=\"https:\/\/m.media-amazon.com\/images\/S\/aplus-media-library-service-media\/a2722c84-f089-417a-a714-c43f81cdb204.__CR0,0,1464,600_PT0_SX1464_V1___.jpg\" alt=\"4k monitor\" data-src=\"https:\/\/m.media-amazon.com\/images\/S\/aplus-media-library-service-media\/a2722c84-f089-417a-a714-c43f81cdb204.__CR0,0,1464,600_PT0_SX1464_V1___.jpg\" \/><\/div>\n<div class=\"a-section a-spacing-none premium-intro-wrapper left secondary-color\">\n<div class=\"a-section a-spacing-none premium-intro-content-container\">\n<div class=\"a-section a-spacing-none premium-intro-content-column\">\n<div class=\"a-section a-spacing-none premium-intro-background black-background\">\n<h1 class=\"aplus-h1 aplus-module-2-heading a-text-bold\">3.5mm Ultra-Narrow Frame<\/h1>\n<div class=\"a-section a-spacing-none premium-intro-paragraph\">\n<p class=\"aplus-p2 aplus-module-2-description\">El dise\u00f1o sin marco te permite disfrutar de una abrumadora sensaci\u00f3n de inmersi\u00f3n sin preocuparte por el marco cuando usas varias pantallas.<\/p>\n<\/div>\n<\/div>\n<\/div>\n<\/div>\n<\/div>\n<\/div>\n<div class=\"a-section a-text-center\"><\/div>\n<\/div>\n<\/div>\n<div class=\"celwidget aplus-module premium-module-2-fullbackground-text aplus-premium\" data-cel-widget=\"aplus-premium-module-2-fullbackground-text\" data-csa-c-id=\"bb0cpj-x4jlno-t1w86o-qo11q7\">\n<div class=\"a-section a-spacing-none premium-aplus premium-aplus-module-2\">\n<div class=\"a-section a-spacing-none premium-background-wrapper\">\n<div class=\"a-section a-spacing-none background-image\"><img decoding=\"async\" class=\"\" src=\"https:\/\/m.media-amazon.com\/images\/S\/aplus-media-library-service-media\/21bc9cf8-21d5-42a9-884a-7d6b7b57d5f6.__CR0,0,1464,600_PT0_SX1464_V1___.jpg\" alt=\"monitor 4k computer display\" data-src=\"https:\/\/m.media-amazon.com\/images\/S\/aplus-media-library-service-media\/21bc9cf8-21d5-42a9-884a-7d6b7b57d5f6.__CR0,0,1464,600_PT0_SX1464_V1___.jpg\" \/><\/div>\n<div class=\"a-section a-spacing-none premium-intro-wrapper right secondary-color\">\n<div class=\"a-section a-spacing-none premium-intro-content-container\">\n<div class=\"a-section a-spacing-none premium-intro-content-column\">\n<div class=\"a-section a-spacing-none premium-intro-background black-background\">\n<h5 class=\"aplus-accent1 aplus-module-2-topic a-text-bold\">3840 x 2160 UHD Resolution<\/h5>\n<h1>Reproduce los colores originales.<\/h1>\n<p>Todas las unidades se calibran una por una cuando se env\u00edan de f\u00e1brica. Color estable con poca diferencia individual de color (\u0394E &lt;2)<\/p>\n<\/div>\n<\/div>\n<\/div>\n<\/div>\n<\/div>\n<div class=\"a-section a-text-center\"><\/div>\n<\/div>\n<\/div>\n<div class=\"celwidget aplus-module premium-module-2-fullbackground-text aplus-premium\" data-cel-widget=\"aplus-premium-module-2-fullbackground-text\" data-csa-c-id=\"6od5nk-4ry5gt-ta3tc0-ubqg9h\">\n<div class=\"a-section a-spacing-none premium-aplus premium-aplus-module-2\">\n<div class=\"a-section a-spacing-none premium-background-wrapper\">\n<div class=\"a-section a-spacing-none background-image\"><img decoding=\"async\" class=\"\" src=\"https:\/\/m.media-amazon.com\/images\/S\/aplus-media-library-service-media\/78a76704-2118-41ce-913d-9fb8e8d5a582.__CR0,0,1464,600_PT0_SX1464_V1___.jpg\" alt=\"4k monitor\" data-src=\"https:\/\/m.media-amazon.com\/images\/S\/aplus-media-library-service-media\/78a76704-2118-41ce-913d-9fb8e8d5a582.__CR0,0,1464,600_PT0_SX1464_V1___.jpg\" \/><\/div>\n<div class=\"a-section a-spacing-none premium-intro-wrapper left secondary-color\">\n<div class=\"a-section a-spacing-none premium-intro-content-container\">\n<div class=\"a-section a-spacing-none premium-intro-content-column\">\n<div class=\"a-section a-spacing-none premium-intro-background black-background\">\n<h1 class=\"aplus-h1 aplus-module-2-heading a-text-bold\">Panel IPS con \u00e1ngulo de visi\u00f3n amplio<\/h1>\n<div class=\"a-section a-spacing-none premium-intro-paragraph\">\n<p class=\"aplus-p2 aplus-module-2-description\">El panel IPS, que tiene un amplio \u00e1ngulo de visi\u00f3n de 178 grados en horizontal y 178 grados en vertical, mejora a\u00fan m\u00e1s la belleza de las im\u00e1genes 4K.<\/p>\n<\/div>\n<\/div>\n<\/div>\n<\/div>\n<\/div>\n<\/div>\n<div class=\"a-section a-text-center\"><\/div>\n<\/div>\n<\/div>\n<div class=\"celwidget aplus-module premium-module-2-fullbackground-text aplus-premium\" data-cel-widget=\"aplus-premium-module-2-fullbackground-text\" data-csa-c-id=\"ok2toa-n3thvy-a1uv6p-d7xodt\">\n<div class=\"a-section a-spacing-none premium-aplus premium-aplus-module-2\">\n<div class=\"a-section a-spacing-none premium-background-wrapper\">\n<div class=\"a-section a-spacing-none background-image\"><img decoding=\"async\" class=\"\" src=\"https:\/\/m.media-amazon.com\/images\/S\/aplus-media-library-service-media\/459be52d-deaf-428e-86bb-51f48ae12c1e.__CR0,0,1464,600_PT0_SX1464_V1___.jpg\" alt=\"computer monitor\" data-src=\"https:\/\/m.media-amazon.com\/images\/S\/aplus-media-library-service-media\/459be52d-deaf-428e-86bb-51f48ae12c1e.__CR0,0,1464,600_PT0_SX1464_V1___.jpg\" \/><\/div>\n<div class=\"a-section a-spacing-none premium-intro-wrapper right secondary-color\">\n<div class=\"a-section a-spacing-none premium-intro-content-container\">\n<div class=\"a-section a-spacing-none premium-intro-content-column\">\n<div class=\"a-section a-spacing-none premium-intro-background black-background\">\n<h1 class=\"aplus-h1 aplus-module-2-heading a-text-bold\">Flicker Free &amp; Eye Care<\/h1>\n<div class=\"a-section a-spacing-none premium-intro-paragraph\"><\/div>\n<\/div>\n<\/div>\n<\/div>\n<\/div>\n<\/div>\n<div class=\"a-section a-text-center\"><\/div>\n<\/div>\n<\/div>\n<div class=\"celwidget aplus-module premium-module-16-tech-specs aplus-premium\" data-cel-widget=\"aplus-premium-module-16-tech-specs\" data-csa-c-id=\"jh16cm-54e1vr-uzg41z-8mehmt\">\n<div class=\"a-section a-spacing-none aplus-index-5 premium-aplus premium-aplus-module-16 aplus-container-3\">\n<div class=\"a-row\">\n<div class=\"a-column a-span6\">\n<table class=\"a-bordered a-horizontal-stripes aplus-tech-spec-table\">\n<tbody>\n<tr>\n<td class=\"a-text-bold\">Size<\/td>\n<td>28&#8243;<\/td>\n<\/tr>\n<tr>\n<td class=\"a-text-bold\">Panel type<\/td>\n<td>IPS<\/td>\n<\/tr>\n<tr>\n<td class=\"a-text-bold\">Aspect Ratio<\/td>\n<td>16:9<\/td>\n<\/tr>\n<tr>\n<td class=\"a-text-bold\">Resolution<\/td>\n<td>3840 x 2160p UHD<\/td>\n<\/tr>\n<tr>\n<td class=\"a-text-bold\">Refresh Rate<\/td>\n<td>60Hz<\/td>\n<\/tr>\n<tr>\n<td class=\"a-text-bold\">Colors<\/td>\n<td>1.07B(8bits+FRC)<\/td>\n<\/tr>\n<tr>\n<td class=\"a-text-bold\">Color Gamut<\/td>\n<td>99% sRGB<\/td>\n<\/tr>\n<\/tbody>\n<\/table>\n<\/div>\n<div class=\"a-column a-span6 a-span-last\">\n<table class=\"a-bordered a-horizontal-stripes aplus-tech-spec-table\">\n<tbody>\n<tr>\n<td class=\"a-text-bold\">HDMI1.4<\/td>\n<td>\u221a<\/td>\n<\/tr>\n<tr>\n<td class=\"a-text-bold\">HDMI 2.0<\/td>\n<td>\u221a<\/td>\n<\/tr>\n<tr>\n<td class=\"a-text-bold\">DisplayPort 1.2<\/td>\n<td>\u221a<\/td>\n<\/tr>\n<tr>\n<td class=\"a-text-bold\">Speaker<\/td>\n<td>\u221a<\/td>\n<\/tr>\n<tr>\n<td class=\"a-text-bold\">VESA Mountable<\/td>\n<td>\u221a, 75mm*75mm<\/td>\n<\/tr>\n<tr>\n<td class=\"a-text-bold\">Stand<\/td>\n<td>Height adjustable<\/td>\n<\/tr>\n<\/tbody>\n<\/table>\n<\/div>\n<\/div>\n<\/div>\n<\/div>\n<\/div>\n<\/li>\n<\/ul>\n","protected":false},"excerpt":{"rendered":"<p>Monitor de juegos de computadora 4K de 27 pulgadas &#8211; Modelo 2023 \u3011El monitor de juegos de computadora 4K UHD 3840 x 2160p te proporciona una experiencia de visualizaci\u00f3n de calidad superior de imagen\/video, ofrece un panel IPS avanzado con tecnolog\u00eda retroiluminada LED, \u00e1ngulo de visi\u00f3n amplio de 178\u00b0 y un dise\u00f1o sin marco, (m\u00e1x.) brillo de 400 nits, relaci\u00f3n de contraste 100000 y relaci\u00f3n de 1.1.000 07B (8) bits+FRC) colores, frecuencia de actualizaci\u00f3n de 60 Hz, E&lt;2. Para los usuarios primerizos, este monitor 4K ser\u00e1 la elecci\u00f3n idealConectividad HDMI y DisplayPort: este monitor de computadora 4K tiene interfaces ricas: 1 DP, 2 HDMI, 1 conector de audio de 0.138 in. Es f\u00e1cil de conectar y usar con la mayor\u00eda de dispositivos de entrada digital populares como PC de escritorio, port\u00e1tiles, mini PC, c\u00e1mara, consola de juegos, etc. Los kits HDMI y fuente de alimentaci\u00f3n est\u00e1n incluidos en el paqueteSoporte de inclinaci\u00f3n y altura ajustable: el monitor de computadora 4K UHD de 28 pulgadas INNOCN viene con soporte ajustable: arriba\/abajo \u00b1 5 pulgadas, adelante: 5\u00b0, retroceso: 20\u00b0. Rango de ajuste de altura: 3.9 in. Dise\u00f1o ergon\u00f3mico para uso diario. Montaje en pared VESA: 75 x 75Cuidado de los ojos: el modo de ahorro de ojos y un ajuste de imagen adaptable inteligente sin parpadeo mantienen los ojos frescos y sin tensi\u00f3n; para proyectos nocturnos, el brillo y la temperatura de color se ajustan en cualquier entorno, y protegen contra el exceso de luz azul.\u3010Aumenta la productividad con monitor 4K\u3011 Un verdadero monitor Plug and Play. El monitor INNOCN se centra en el color, proporciona una excelente experiencia de visualizaci\u00f3n cuando est\u00e1s trabajando desde casa, trabajo de oficina, dise\u00f1o, edici\u00f3n de fotos\/video y juegos. Todos los accesorios est\u00e1n incluidos en el paquete, y tendr\u00e1s nuestro servicio de atenci\u00f3n al cliente de resoluci\u00f3n r\u00e1pida en l\u00ednea de 7 x 24 horas<\/p>\n","protected":false},"featured_media":19925,"comment_status":"open","ping_status":"closed","template":"","meta":[],"pwb-brand":[398],"product_brand":[],"product_cat":[78],"product_tag":[391],"class_list":{"0":"post-19908","1":"product","2":"type-product","3":"status-publish","4":"has-post-thumbnail","6":"pwb-brand-innocn","7":"product_cat-monitores","8":"product_tag-monitor","10":"first","11":"instock","12":"taxable","13":"shipping-taxable","14":"purchasable","15":"product-type-simple"},"yoast_head":"<!-- This site is optimized with the Yoast SEO plugin v26.7 - https:\/\/yoast.com\/wordpress\/plugins\/seo\/ -->\n<title>INNOCN 4K de 28&quot; UHD 3840 x 2160\/IPS\/ 60hz - PC MASTERS BOGOTA<\/title>\n<meta name=\"robots\" content=\"index, follow, max-snippet:-1, max-image-preview:large, max-video-preview:-1\" \/>\n<link rel=\"canonical\" href=\"https:\/\/pcmastersbogota.com.co\/es_es\/producto\/innocn-4k-de-28-uhd-3840-x-2160-ips-60hz\/\" \/>\n<meta property=\"og:locale\" content=\"es_ES\" \/>\n<meta property=\"og:type\" content=\"article\" \/>\n<meta property=\"og:title\" content=\"INNOCN 4K de 28&quot; UHD 3840 x 2160\/IPS\/ 60hz - PC MASTERS BOGOTA\" \/>\n<meta property=\"og:description\" content=\"Monitor de juegos de computadora 4K de 27 pulgadas - Modelo 2023 \u3011El monitor de juegos de computadora 4K UHD 3840 x 2160p te proporciona una experiencia de visualizaci\u00f3n de calidad superior de imagen\/video, ofrece un panel IPS avanzado con tecnolog\u00eda retroiluminada LED, \u00e1ngulo de visi\u00f3n amplio de 178\u00b0 y un dise\u00f1o sin marco, (m\u00e1x.) brillo de 400 nits, relaci\u00f3n de contraste 100000 y relaci\u00f3n de 1.1.000 07B (8) bits+FRC) colores, frecuencia de actualizaci\u00f3n de 60 Hz, E&lt;2. Para los usuarios primerizos, este monitor 4K ser\u00e1 la elecci\u00f3n idealConectividad HDMI y DisplayPort: este monitor de computadora 4K tiene interfaces ricas: 1 DP, 2 HDMI, 1 conector de audio de 0.138 in. Es f\u00e1cil de conectar y usar con la mayor\u00eda de dispositivos de entrada digital populares como PC de escritorio, port\u00e1tiles, mini PC, c\u00e1mara, consola de juegos, etc. Los kits HDMI y fuente de alimentaci\u00f3n est\u00e1n incluidos en el paqueteSoporte de inclinaci\u00f3n y altura ajustable: el monitor de computadora 4K UHD de 28 pulgadas INNOCN viene con soporte ajustable: arriba\/abajo \u00b1 5 pulgadas, adelante: 5\u00b0, retroceso: 20\u00b0. Rango de ajuste de altura: 3.9 in. Dise\u00f1o ergon\u00f3mico para uso diario. Montaje en pared VESA: 75 x 75Cuidado de los ojos: el modo de ahorro de ojos y un ajuste de imagen adaptable inteligente sin parpadeo mantienen los ojos frescos y sin tensi\u00f3n; para proyectos nocturnos, el brillo y la temperatura de color se ajustan en cualquier entorno, y protegen contra el exceso de luz azul.\u3010Aumenta la productividad con monitor 4K\u3011 Un verdadero monitor Plug and Play. El monitor INNOCN se centra en el color, proporciona una excelente experiencia de visualizaci\u00f3n cuando est\u00e1s trabajando desde casa, trabajo de oficina, dise\u00f1o, edici\u00f3n de fotos\/video y juegos. Todos los accesorios est\u00e1n incluidos en el paquete, y tendr\u00e1s nuestro servicio de atenci\u00f3n al cliente de resoluci\u00f3n r\u00e1pida en l\u00ednea de 7 x 24 horas\" \/>\n<meta property=\"og:url\" content=\"https:\/\/pcmastersbogota.com.co\/es_es\/producto\/innocn-4k-de-28-uhd-3840-x-2160-ips-60hz\/\" \/>\n<meta property=\"og:site_name\" content=\"PC MASTERS BOGOTA\" \/>\n<meta property=\"article:modified_time\" content=\"2023-04-18T01:17:05+00:00\" \/>\n<meta property=\"og:image\" content=\"https:\/\/pcmastersbogota.com.co\/wp-content\/uploads\/2023\/03\/81tazmruPSL._AC_SL1500_.jpg\" \/>\n\t<meta property=\"og:image:width\" content=\"1500\" \/>\n\t<meta property=\"og:image:height\" content=\"1235\" \/>\n\t<meta property=\"og:image:type\" content=\"image\/jpeg\" \/>\n<meta name=\"twitter:card\" content=\"summary_large_image\" \/>\n<meta name=\"twitter:label1\" content=\"Tiempo de lectura\" \/>\n\t<meta name=\"twitter:data1\" content=\"2 minutos\" \/>\n<script type=\"application\/ld+json\" class=\"yoast-schema-graph\">{\"@context\":\"https:\/\/schema.org\",\"@graph\":[{\"@type\":\"WebPage\",\"@id\":\"https:\/\/pcmastersbogota.com.co\/producto\/innocn-4k-de-28-uhd-3840-x-2160-ips-60hz\/\",\"url\":\"https:\/\/pcmastersbogota.com.co\/producto\/innocn-4k-de-28-uhd-3840-x-2160-ips-60hz\/\",\"name\":\"INNOCN 4K de 28\\\" UHD 3840 x 2160\/IPS\/ 60hz - PC MASTERS BOGOTA\",\"isPartOf\":{\"@id\":\"https:\/\/pcmastersbogota.com.co\/es_es\/#website\"},\"primaryImageOfPage\":{\"@id\":\"https:\/\/pcmastersbogota.com.co\/producto\/innocn-4k-de-28-uhd-3840-x-2160-ips-60hz\/#primaryimage\"},\"image\":{\"@id\":\"https:\/\/pcmastersbogota.com.co\/producto\/innocn-4k-de-28-uhd-3840-x-2160-ips-60hz\/#primaryimage\"},\"thumbnailUrl\":\"https:\/\/pcmastersbogota.com.co\/wp-content\/uploads\/2023\/03\/81tazmruPSL._AC_SL1500_.jpg\",\"datePublished\":\"2023-03-27T18:45:10+00:00\",\"dateModified\":\"2023-04-18T01:17:05+00:00\",\"breadcrumb\":{\"@id\":\"https:\/\/pcmastersbogota.com.co\/producto\/innocn-4k-de-28-uhd-3840-x-2160-ips-60hz\/#breadcrumb\"},\"inLanguage\":\"es\",\"potentialAction\":[{\"@type\":\"ReadAction\",\"target\":[\"https:\/\/pcmastersbogota.com.co\/producto\/innocn-4k-de-28-uhd-3840-x-2160-ips-60hz\/\"]}]},{\"@type\":\"ImageObject\",\"inLanguage\":\"es\",\"@id\":\"https:\/\/pcmastersbogota.com.co\/producto\/innocn-4k-de-28-uhd-3840-x-2160-ips-60hz\/#primaryimage\",\"url\":\"https:\/\/pcmastersbogota.com.co\/wp-content\/uploads\/2023\/03\/81tazmruPSL._AC_SL1500_.jpg\",\"contentUrl\":\"https:\/\/pcmastersbogota.com.co\/wp-content\/uploads\/2023\/03\/81tazmruPSL._AC_SL1500_.jpg\",\"width\":1500,\"height\":1235},{\"@type\":\"BreadcrumbList\",\"@id\":\"https:\/\/pcmastersbogota.com.co\/producto\/innocn-4k-de-28-uhd-3840-x-2160-ips-60hz\/#breadcrumb\",\"itemListElement\":[{\"@type\":\"ListItem\",\"position\":1,\"name\":\"Home\",\"item\":\"https:\/\/pcmastersbogota.com.co\/\"},{\"@type\":\"ListItem\",\"position\":2,\"name\":\"Tienda\",\"item\":\"https:\/\/pcmastersbogota.com.co\/es_es\/tienda\/\"},{\"@type\":\"ListItem\",\"position\":3,\"name\":\"INNOCN 4K de 28&#8243; UHD 3840 x 2160\/IPS\/ 60hz\"}]},{\"@type\":\"WebSite\",\"@id\":\"https:\/\/pcmastersbogota.com.co\/es_es\/#website\",\"url\":\"https:\/\/pcmastersbogota.com.co\/es_es\/\",\"name\":\"PC MASTERS BOGOTA\",\"description\":\"\",\"potentialAction\":[{\"@type\":\"SearchAction\",\"target\":{\"@type\":\"EntryPoint\",\"urlTemplate\":\"https:\/\/pcmastersbogota.com.co\/es_es\/?s={search_term_string}\"},\"query-input\":{\"@type\":\"PropertyValueSpecification\",\"valueRequired\":true,\"valueName\":\"search_term_string\"}}],\"inLanguage\":\"es\"}]}<\/script>\n<!-- \/ Yoast SEO plugin. -->","yoast_head_json":{"title":"INNOCN 4K de 28\" UHD 3840 x 2160\/IPS\/ 60hz - PC MASTERS BOGOTA","robots":{"index":"index","follow":"follow","max-snippet":"max-snippet:-1","max-image-preview":"max-image-preview:large","max-video-preview":"max-video-preview:-1"},"canonical":"https:\/\/pcmastersbogota.com.co\/es_es\/producto\/innocn-4k-de-28-uhd-3840-x-2160-ips-60hz\/","og_locale":"es_ES","og_type":"article","og_title":"INNOCN 4K de 28\" UHD 3840 x 2160\/IPS\/ 60hz - PC MASTERS BOGOTA","og_description":"Monitor de juegos de computadora 4K de 27 pulgadas - Modelo 2023 \u3011El monitor de juegos de computadora 4K UHD 3840 x 2160p te proporciona una experiencia de visualizaci\u00f3n de calidad superior de imagen\/video, ofrece un panel IPS avanzado con tecnolog\u00eda retroiluminada LED, \u00e1ngulo de visi\u00f3n amplio de 178\u00b0 y un dise\u00f1o sin marco, (m\u00e1x.) brillo de 400 nits, relaci\u00f3n de contraste 100000 y relaci\u00f3n de 1.1.000 07B (8) bits+FRC) colores, frecuencia de actualizaci\u00f3n de 60 Hz, E&lt;2. Para los usuarios primerizos, este monitor 4K ser\u00e1 la elecci\u00f3n idealConectividad HDMI y DisplayPort: este monitor de computadora 4K tiene interfaces ricas: 1 DP, 2 HDMI, 1 conector de audio de 0.138 in. Es f\u00e1cil de conectar y usar con la mayor\u00eda de dispositivos de entrada digital populares como PC de escritorio, port\u00e1tiles, mini PC, c\u00e1mara, consola de juegos, etc. Los kits HDMI y fuente de alimentaci\u00f3n est\u00e1n incluidos en el paqueteSoporte de inclinaci\u00f3n y altura ajustable: el monitor de computadora 4K UHD de 28 pulgadas INNOCN viene con soporte ajustable: arriba\/abajo \u00b1 5 pulgadas, adelante: 5\u00b0, retroceso: 20\u00b0. Rango de ajuste de altura: 3.9 in. Dise\u00f1o ergon\u00f3mico para uso diario. Montaje en pared VESA: 75 x 75Cuidado de los ojos: el modo de ahorro de ojos y un ajuste de imagen adaptable inteligente sin parpadeo mantienen los ojos frescos y sin tensi\u00f3n; para proyectos nocturnos, el brillo y la temperatura de color se ajustan en cualquier entorno, y protegen contra el exceso de luz azul.\u3010Aumenta la productividad con monitor 4K\u3011 Un verdadero monitor Plug and Play. El monitor INNOCN se centra en el color, proporciona una excelente experiencia de visualizaci\u00f3n cuando est\u00e1s trabajando desde casa, trabajo de oficina, dise\u00f1o, edici\u00f3n de fotos\/video y juegos. Todos los accesorios est\u00e1n incluidos en el paquete, y tendr\u00e1s nuestro servicio de atenci\u00f3n al cliente de resoluci\u00f3n r\u00e1pida en l\u00ednea de 7 x 24 horas","og_url":"https:\/\/pcmastersbogota.com.co\/es_es\/producto\/innocn-4k-de-28-uhd-3840-x-2160-ips-60hz\/","og_site_name":"PC MASTERS BOGOTA","article_modified_time":"2023-04-18T01:17:05+00:00","og_image":[{"width":1500,"height":1235,"url":"https:\/\/pcmastersbogota.com.co\/wp-content\/uploads\/2023\/03\/81tazmruPSL._AC_SL1500_.jpg","type":"image\/jpeg"}],"twitter_card":"summary_large_image","twitter_misc":{"Tiempo de lectura":"2 minutos"},"schema":{"@context":"https:\/\/schema.org","@graph":[{"@type":"WebPage","@id":"https:\/\/pcmastersbogota.com.co\/producto\/innocn-4k-de-28-uhd-3840-x-2160-ips-60hz\/","url":"https:\/\/pcmastersbogota.com.co\/producto\/innocn-4k-de-28-uhd-3840-x-2160-ips-60hz\/","name":"INNOCN 4K de 28\" UHD 3840 x 2160\/IPS\/ 60hz - PC MASTERS BOGOTA","isPartOf":{"@id":"https:\/\/pcmastersbogota.com.co\/es_es\/#website"},"primaryImageOfPage":{"@id":"https:\/\/pcmastersbogota.com.co\/producto\/innocn-4k-de-28-uhd-3840-x-2160-ips-60hz\/#primaryimage"},"image":{"@id":"https:\/\/pcmastersbogota.com.co\/producto\/innocn-4k-de-28-uhd-3840-x-2160-ips-60hz\/#primaryimage"},"thumbnailUrl":"https:\/\/pcmastersbogota.com.co\/wp-content\/uploads\/2023\/03\/81tazmruPSL._AC_SL1500_.jpg","datePublished":"2023-03-27T18:45:10+00:00","dateModified":"2023-04-18T01:17:05+00:00","breadcrumb":{"@id":"https:\/\/pcmastersbogota.com.co\/producto\/innocn-4k-de-28-uhd-3840-x-2160-ips-60hz\/#breadcrumb"},"inLanguage":"es","potentialAction":[{"@type":"ReadAction","target":["https:\/\/pcmastersbogota.com.co\/producto\/innocn-4k-de-28-uhd-3840-x-2160-ips-60hz\/"]}]},{"@type":"ImageObject","inLanguage":"es","@id":"https:\/\/pcmastersbogota.com.co\/producto\/innocn-4k-de-28-uhd-3840-x-2160-ips-60hz\/#primaryimage","url":"https:\/\/pcmastersbogota.com.co\/wp-content\/uploads\/2023\/03\/81tazmruPSL._AC_SL1500_.jpg","contentUrl":"https:\/\/pcmastersbogota.com.co\/wp-content\/uploads\/2023\/03\/81tazmruPSL._AC_SL1500_.jpg","width":1500,"height":1235},{"@type":"BreadcrumbList","@id":"https:\/\/pcmastersbogota.com.co\/producto\/innocn-4k-de-28-uhd-3840-x-2160-ips-60hz\/#breadcrumb","itemListElement":[{"@type":"ListItem","position":1,"name":"Home","item":"https:\/\/pcmastersbogota.com.co\/"},{"@type":"ListItem","position":2,"name":"Tienda","item":"https:\/\/pcmastersbogota.com.co\/es_es\/tienda\/"},{"@type":"ListItem","position":3,"name":"INNOCN 4K de 28&#8243; UHD 3840 x 2160\/IPS\/ 60hz"}]},{"@type":"WebSite","@id":"https:\/\/pcmastersbogota.com.co\/es_es\/#website","url":"https:\/\/pcmastersbogota.com.co\/es_es\/","name":"PC MASTERS BOGOTA","description":"","potentialAction":[{"@type":"SearchAction","target":{"@type":"EntryPoint","urlTemplate":"https:\/\/pcmastersbogota.com.co\/es_es\/?s={search_term_string}"},"query-input":{"@type":"PropertyValueSpecification","valueRequired":true,"valueName":"search_term_string"}}],"inLanguage":"es"}]}},"brands":[{"id":398,"name":"INNOCN","slug":"innocn"}],"_links":{"self":[{"href":"https:\/\/pcmastersbogota.com.co\/es_es\/wp-json\/wp\/v2\/product\/19908","targetHints":{"allow":["GET"]}}],"collection":[{"href":"https:\/\/pcmastersbogota.com.co\/es_es\/wp-json\/wp\/v2\/product"}],"about":[{"href":"https:\/\/pcmastersbogota.com.co\/es_es\/wp-json\/wp\/v2\/types\/product"}],"replies":[{"embeddable":true,"href":"https:\/\/pcmastersbogota.com.co\/es_es\/wp-json\/wp\/v2\/comments?post=19908"}],"version-history":[{"count":2,"href":"https:\/\/pcmastersbogota.com.co\/es_es\/wp-json\/wp\/v2\/product\/19908\/revisions"}],"predecessor-version":[{"id":19927,"href":"https:\/\/pcmastersbogota.com.co\/es_es\/wp-json\/wp\/v2\/product\/19908\/revisions\/19927"}],"wp:featuredmedia":[{"embeddable":true,"href":"https:\/\/pcmastersbogota.com.co\/es_es\/wp-json\/wp\/v2\/media\/19925"}],"wp:attachment":[{"href":"https:\/\/pcmastersbogota.com.co\/es_es\/wp-json\/wp\/v2\/media?parent=19908"}],"wp:term":[{"taxonomy":"pwb-brand","embeddable":true,"href":"https:\/\/pcmastersbogota.com.co\/es_es\/wp-json\/wp\/v2\/pwb-brand?post=19908"},{"taxonomy":"product_brand","embeddable":true,"href":"https:\/\/pcmastersbogota.com.co\/es_es\/wp-json\/wp\/v2\/product_brand?post=19908"},{"taxonomy":"product_cat","embeddable":true,"href":"https:\/\/pcmastersbogota.com.co\/es_es\/wp-json\/wp\/v2\/product_cat?post=19908"},{"taxonomy":"product_tag","embeddable":true,"href":"https:\/\/pcmastersbogota.com.co\/es_es\/wp-json\/wp\/v2\/product_tag?post=19908"}],"curies":[{"name":"wp","href":"https:\/\/api.w.org\/{rel}","templated":true}]}}