{"id":20045,"date":"2023-05-03T17:22:15","date_gmt":"2023-05-03T22:22:15","guid":{"rendered":"https:\/\/pcmastersbogota.com.co\/?post_type=product&#038;p=20045"},"modified":"2023-10-11T17:00:42","modified_gmt":"2023-10-11T22:00:42","slug":"jyr-jx119-aurora","status":"publish","type":"product","link":"https:\/\/pcmastersbogota.com.co\/es_es\/producto\/jyr-jx119-aurora\/","title":{"rendered":"JYR JX119 Aurora"},"content":{"rendered":"<p>Nueva l\u00ednea de Chasis Ultimate Gamer, presentamos en exclusiva la nueva referencia con dise\u00f1o exclusivo Aurora en color blanco perfecto para complementar el Setup Gamer, cuenta con material de alta calidad, l\u00e1mina black coating de alto calibre, dise\u00f1o para colocar la fuente de poder invisible y cover lateral para una mayor organizaci\u00f3n de los cableados; gracias a su tarjeta de audio puedes disfrutar de un sonido HD.<br \/>\nIncluye 7 coolers ARGB, controladora y control remoto.<\/p>\n","protected":false},"excerpt":{"rendered":"<p>Nueva l\u00ednea de Chasis Ultimate Gamer, presentamos en exclusiva la nueva referencia con dise\u00f1o exclusivo Aurora en color blanco perfecto<\/p>\n","protected":false},"featured_media":20069,"comment_status":"closed","ping_status":"closed","template":"","meta":[],"pwb-brand":[399],"product_brand":[],"product_cat":[76],"product_tag":[331,256,380,379],"class_list":{"0":"post-20045","1":"product","2":"type-product","3":"status-publish","4":"has-post-thumbnail","6":"pwb-brand-jyr","7":"product_cat-chasis","8":"product_tag-accesorio-gamer","9":"product_tag-argb","10":"product_tag-chasis","11":"product_tag-gabinete","13":"first","14":"instock","15":"taxable","16":"shipping-taxable","17":"purchasable","18":"product-type-simple"},"yoast_head":"<!-- This site is optimized with the Yoast SEO plugin v26.7 - https:\/\/yoast.com\/wordpress\/plugins\/seo\/ -->\n<title>JYR JX119 Aurora - PC MASTERS BOGOTA<\/title>\n<meta name=\"robots\" content=\"index, follow, max-snippet:-1, max-image-preview:large, max-video-preview:-1\" \/>\n<link rel=\"canonical\" href=\"https:\/\/pcmastersbogota.com.co\/es_es\/producto\/jyr-jx119-aurora\/\" \/>\n<meta property=\"og:locale\" content=\"es_ES\" \/>\n<meta property=\"og:type\" content=\"article\" \/>\n<meta property=\"og:title\" content=\"JYR JX119 Aurora - PC MASTERS BOGOTA\" \/>\n<meta property=\"og:description\" content=\"Nueva l\u00ednea de Chasis Ultimate Gamer, presentamos en exclusiva la nueva referencia con dise\u00f1o exclusivo Aurora en color blanco perfecto\" \/>\n<meta property=\"og:url\" content=\"https:\/\/pcmastersbogota.com.co\/es_es\/producto\/jyr-jx119-aurora\/\" \/>\n<meta property=\"og:site_name\" content=\"PC MASTERS BOGOTA\" \/>\n<meta property=\"article:modified_time\" content=\"2023-10-11T22:00:42+00:00\" \/>\n<meta property=\"og:image\" content=\"https:\/\/pcmastersbogota.com.co\/wp-content\/uploads\/2023\/05\/JX119-1-PhotoRoom.png-PhotoRoom.png\" \/>\n\t<meta property=\"og:image:width\" content=\"1000\" \/>\n\t<meta property=\"og:image:height\" content=\"1000\" \/>\n\t<meta property=\"og:image:type\" content=\"image\/png\" \/>\n<meta name=\"twitter:card\" content=\"summary_large_image\" \/>\n<script type=\"application\/ld+json\" class=\"yoast-schema-graph\">{\"@context\":\"https:\/\/schema.org\",\"@graph\":[{\"@type\":\"WebPage\",\"@id\":\"https:\/\/pcmastersbogota.com.co\/producto\/jyr-jx119-aurora\/\",\"url\":\"https:\/\/pcmastersbogota.com.co\/producto\/jyr-jx119-aurora\/\",\"name\":\"JYR JX119 Aurora - PC MASTERS BOGOTA\",\"isPartOf\":{\"@id\":\"https:\/\/pcmastersbogota.com.co\/es_es\/#website\"},\"primaryImageOfPage\":{\"@id\":\"https:\/\/pcmastersbogota.com.co\/producto\/jyr-jx119-aurora\/#primaryimage\"},\"image\":{\"@id\":\"https:\/\/pcmastersbogota.com.co\/producto\/jyr-jx119-aurora\/#primaryimage\"},\"thumbnailUrl\":\"https:\/\/pcmastersbogota.com.co\/wp-content\/uploads\/2023\/05\/JX119-1-PhotoRoom.png-PhotoRoom.png\",\"datePublished\":\"2023-05-03T22:22:15+00:00\",\"dateModified\":\"2023-10-11T22:00:42+00:00\",\"breadcrumb\":{\"@id\":\"https:\/\/pcmastersbogota.com.co\/producto\/jyr-jx119-aurora\/#breadcrumb\"},\"inLanguage\":\"es\",\"potentialAction\":[{\"@type\":\"ReadAction\",\"target\":[\"https:\/\/pcmastersbogota.com.co\/producto\/jyr-jx119-aurora\/\"]}]},{\"@type\":\"ImageObject\",\"inLanguage\":\"es\",\"@id\":\"https:\/\/pcmastersbogota.com.co\/producto\/jyr-jx119-aurora\/#primaryimage\",\"url\":\"https:\/\/pcmastersbogota.com.co\/wp-content\/uploads\/2023\/05\/JX119-1-PhotoRoom.png-PhotoRoom.png\",\"contentUrl\":\"https:\/\/pcmastersbogota.com.co\/wp-content\/uploads\/2023\/05\/JX119-1-PhotoRoom.png-PhotoRoom.png\",\"width\":1000,\"height\":1000},{\"@type\":\"BreadcrumbList\",\"@id\":\"https:\/\/pcmastersbogota.com.co\/producto\/jyr-jx119-aurora\/#breadcrumb\",\"itemListElement\":[{\"@type\":\"ListItem\",\"position\":1,\"name\":\"Home\",\"item\":\"https:\/\/pcmastersbogota.com.co\/\"},{\"@type\":\"ListItem\",\"position\":2,\"name\":\"Tienda\",\"item\":\"https:\/\/pcmastersbogota.com.co\/es_es\/tienda\/\"},{\"@type\":\"ListItem\",\"position\":3,\"name\":\"JYR JX119 Aurora\"}]},{\"@type\":\"WebSite\",\"@id\":\"https:\/\/pcmastersbogota.com.co\/es_es\/#website\",\"url\":\"https:\/\/pcmastersbogota.com.co\/es_es\/\",\"name\":\"PC MASTERS BOGOTA\",\"description\":\"\",\"potentialAction\":[{\"@type\":\"SearchAction\",\"target\":{\"@type\":\"EntryPoint\",\"urlTemplate\":\"https:\/\/pcmastersbogota.com.co\/es_es\/?s={search_term_string}\"},\"query-input\":{\"@type\":\"PropertyValueSpecification\",\"valueRequired\":true,\"valueName\":\"search_term_string\"}}],\"inLanguage\":\"es\"}]}<\/script>\n<!-- \/ Yoast SEO plugin. -->","yoast_head_json":{"title":"JYR JX119 Aurora - PC MASTERS BOGOTA","robots":{"index":"index","follow":"follow","max-snippet":"max-snippet:-1","max-image-preview":"max-image-preview:large","max-video-preview":"max-video-preview:-1"},"canonical":"https:\/\/pcmastersbogota.com.co\/es_es\/producto\/jyr-jx119-aurora\/","og_locale":"es_ES","og_type":"article","og_title":"JYR JX119 Aurora - PC MASTERS BOGOTA","og_description":"Nueva l\u00ednea de Chasis Ultimate Gamer, presentamos en exclusiva la nueva referencia con dise\u00f1o exclusivo Aurora en color blanco perfecto","og_url":"https:\/\/pcmastersbogota.com.co\/es_es\/producto\/jyr-jx119-aurora\/","og_site_name":"PC MASTERS BOGOTA","article_modified_time":"2023-10-11T22:00:42+00:00","og_image":[{"width":1000,"height":1000,"url":"https:\/\/pcmastersbogota.com.co\/wp-content\/uploads\/2023\/05\/JX119-1-PhotoRoom.png-PhotoRoom.png","type":"image\/png"}],"twitter_card":"summary_large_image","schema":{"@context":"https:\/\/schema.org","@graph":[{"@type":"WebPage","@id":"https:\/\/pcmastersbogota.com.co\/producto\/jyr-jx119-aurora\/","url":"https:\/\/pcmastersbogota.com.co\/producto\/jyr-jx119-aurora\/","name":"JYR JX119 Aurora - PC MASTERS BOGOTA","isPartOf":{"@id":"https:\/\/pcmastersbogota.com.co\/es_es\/#website"},"primaryImageOfPage":{"@id":"https:\/\/pcmastersbogota.com.co\/producto\/jyr-jx119-aurora\/#primaryimage"},"image":{"@id":"https:\/\/pcmastersbogota.com.co\/producto\/jyr-jx119-aurora\/#primaryimage"},"thumbnailUrl":"https:\/\/pcmastersbogota.com.co\/wp-content\/uploads\/2023\/05\/JX119-1-PhotoRoom.png-PhotoRoom.png","datePublished":"2023-05-03T22:22:15+00:00","dateModified":"2023-10-11T22:00:42+00:00","breadcrumb":{"@id":"https:\/\/pcmastersbogota.com.co\/producto\/jyr-jx119-aurora\/#breadcrumb"},"inLanguage":"es","potentialAction":[{"@type":"ReadAction","target":["https:\/\/pcmastersbogota.com.co\/producto\/jyr-jx119-aurora\/"]}]},{"@type":"ImageObject","inLanguage":"es","@id":"https:\/\/pcmastersbogota.com.co\/producto\/jyr-jx119-aurora\/#primaryimage","url":"https:\/\/pcmastersbogota.com.co\/wp-content\/uploads\/2023\/05\/JX119-1-PhotoRoom.png-PhotoRoom.png","contentUrl":"https:\/\/pcmastersbogota.com.co\/wp-content\/uploads\/2023\/05\/JX119-1-PhotoRoom.png-PhotoRoom.png","width":1000,"height":1000},{"@type":"BreadcrumbList","@id":"https:\/\/pcmastersbogota.com.co\/producto\/jyr-jx119-aurora\/#breadcrumb","itemListElement":[{"@type":"ListItem","position":1,"name":"Home","item":"https:\/\/pcmastersbogota.com.co\/"},{"@type":"ListItem","position":2,"name":"Tienda","item":"https:\/\/pcmastersbogota.com.co\/es_es\/tienda\/"},{"@type":"ListItem","position":3,"name":"JYR JX119 Aurora"}]},{"@type":"WebSite","@id":"https:\/\/pcmastersbogota.com.co\/es_es\/#website","url":"https:\/\/pcmastersbogota.com.co\/es_es\/","name":"PC MASTERS BOGOTA","description":"","potentialAction":[{"@type":"SearchAction","target":{"@type":"EntryPoint","urlTemplate":"https:\/\/pcmastersbogota.com.co\/es_es\/?s={search_term_string}"},"query-input":{"@type":"PropertyValueSpecification","valueRequired":true,"valueName":"search_term_string"}}],"inLanguage":"es"}]}},"brands":[{"id":399,"name":"JYR","slug":"jyr"}],"_links":{"self":[{"href":"https:\/\/pcmastersbogota.com.co\/es_es\/wp-json\/wp\/v2\/product\/20045","targetHints":{"allow":["GET"]}}],"collection":[{"href":"https:\/\/pcmastersbogota.com.co\/es_es\/wp-json\/wp\/v2\/product"}],"about":[{"href":"https:\/\/pcmastersbogota.com.co\/es_es\/wp-json\/wp\/v2\/types\/product"}],"replies":[{"embeddable":true,"href":"https:\/\/pcmastersbogota.com.co\/es_es\/wp-json\/wp\/v2\/comments?post=20045"}],"version-history":[{"count":1,"href":"https:\/\/pcmastersbogota.com.co\/es_es\/wp-json\/wp\/v2\/product\/20045\/revisions"}],"predecessor-version":[{"id":20052,"href":"https:\/\/pcmastersbogota.com.co\/es_es\/wp-json\/wp\/v2\/product\/20045\/revisions\/20052"}],"wp:featuredmedia":[{"embeddable":true,"href":"https:\/\/pcmastersbogota.com.co\/es_es\/wp-json\/wp\/v2\/media\/20069"}],"wp:attachment":[{"href":"https:\/\/pcmastersbogota.com.co\/es_es\/wp-json\/wp\/v2\/media?parent=20045"}],"wp:term":[{"taxonomy":"pwb-brand","embeddable":true,"href":"https:\/\/pcmastersbogota.com.co\/es_es\/wp-json\/wp\/v2\/pwb-brand?post=20045"},{"taxonomy":"product_brand","embeddable":true,"href":"https:\/\/pcmastersbogota.com.co\/es_es\/wp-json\/wp\/v2\/product_brand?post=20045"},{"taxonomy":"product_cat","embeddable":true,"href":"https:\/\/pcmastersbogota.com.co\/es_es\/wp-json\/wp\/v2\/product_cat?post=20045"},{"taxonomy":"product_tag","embeddable":true,"href":"https:\/\/pcmastersbogota.com.co\/es_es\/wp-json\/wp\/v2\/product_tag?post=20045"}],"curies":[{"name":"wp","href":"https:\/\/api.w.org\/{rel}","templated":true}]}}