{"id":20155,"date":"2023-05-16T08:48:50","date_gmt":"2023-05-16T13:48:50","guid":{"rendered":"https:\/\/pcmastersbogota.com.co\/?post_type=product&#038;p=20155"},"modified":"2023-05-16T09:00:28","modified_gmt":"2023-05-16T14:00:28","slug":"mastergel-pro-v2","status":"publish","type":"product","link":"https:\/\/pcmastersbogota.com.co\/es_es\/producto\/mastergel-pro-v2\/","title":{"rendered":"MASTERGEL PRO V2"},"content":{"rendered":"<section id=\"highqualitythatrunsyourcomputersmoothly\" class=\"banner banner__half--top lazyloaded\" data-bgset=\"https:\/\/cdn.coolermaster.com\/media\/assets\/1004\/mastergel-pro-v2-section2-1-bannermobile.jpg [--small] | https:\/\/cdn.coolermaster.com\/media\/assets\/1004\/mastergel-pro-v2-section2-1-bannertablet.jpg [--medium] | https:\/\/cdn.coolermaster.com\/media\/assets\/1004\/mastergel-pro-v2-section2-1-bannerdesktop.jpg\">\n<div class=\"container--main\">\n<div class=\"banner__text has-background\">\n<h2 class=\"level-1\" style=\"text-align: left;\">ALTA CALIDAD QUE EJECUTA SU COMPUTADORA SIN PROBLEMAS<\/h2>\n<div style=\"text-align: left;\">\n<p>MasterGel Pro V2, un compuesto actualizado de su versi\u00f3n anterior con alta conductividad de CPU \/ GPU, que proporciona una mejor disipaci\u00f3n de calor y mejora la transferencia de calor del chipset de la forma a una base m\u00e1s fr\u00eda. Adem\u00e1s del dise\u00f1o est\u00e9tico, la grasa t\u00e9rmica se ha ajustado para satisfacer sus necesidades de rendimiento.<\/p>\n<\/div>\n<\/div>\n<\/div>\n<\/section>\n<section id=\"highperformance\" class=\"exhibit \" data-bgset=\" [--small] | [--medium] | \" data-sizes=\"auto\">\n<div class=\"container--main no-padding-left\">\n<div class=\"row\">\n<div class=\"col-md-6\"><img decoding=\"async\" class=\"exhibit__image alignleft\" src=\"https:\/\/cdn.coolermaster.com\/media\/assets\/1016\/mastergel-pro-v2-section3-2-imageleftorright.png\" alt=\"Alto rendimiento\" height=\"1120\" \/><\/div>\n<div class=\"col-md-6 valign__text\">\n<div class=\"exhibit__text has-background\">\n<h2 class=\"level-1\" style=\"text-align: center;\">ALTO RENDIMIENTO<\/h2>\n<div style=\"text-align: center;\">\n<p>El compuesto mejorado mejora la transferencia de calor desde el chipset a la base m\u00e1s fr\u00eda o las tuber\u00edas de calor<\/p>\n<h2 class=\"level-1\">W\/M.K = 9<\/h2>\n<\/div>\n<\/div>\n<\/div>\n<\/div>\n<\/div>\n<\/section>\n<section id=\"wmk9\" class=\"exhibit \" data-bgset=\" [--small] | [--medium] | \" data-sizes=\"auto\">\n<div class=\"container--main no-padding-right\">\n<div class=\"row\">\n<div class=\"col-md-6 flex-md-last\"><img decoding=\"async\" class=\"exhibit__image alignright\" src=\"https:\/\/cdn.coolermaster.com\/media\/assets\/1017\/mastergel-pro-v2-section4-2-imageleftorright.png\" alt=\"W\/m.k = 9\" height=\"1120\" \/><span style=\"color: #1b1919; font-size: 24px;\">\u00a0 \u00a0 \u00a0 \u00a0 \u00a0<\/span><\/div>\n<div class=\"col-md-6 valign__text\">\n<div class=\"exhibit__text has-background\">\n<div>\n<table class=\"compare-table\" style=\"height: 325px;\" width=\"712\">\n<tbody>\n<tr>\n<td>\n<div class=\"table-responsive\">\n<table border=\"1\">\n<tbody>\n<tr>\n<td>Product Number<\/td>\n<td>MGY-ZOSG-N15M-R3<\/td>\n<\/tr>\n<\/tbody>\n<\/table>\n<\/div>\n<\/td>\n<\/tr>\n<tr>\n<td>\n<div class=\"table-responsive\">\n<table border=\"1\">\n<colgroup>\n<col span=\"1\" \/>\n<col span=\"1\" \/><\/colgroup>\n<tbody>\n<tr>\n<td>Color<\/td>\n<td>Gray<\/td>\n<\/tr>\n<\/tbody>\n<\/table>\n<\/div>\n<\/td>\n<\/tr>\n<tr>\n<td>\n<div class=\"table-responsive\">\n<table border=\"1\">\n<colgroup>\n<col span=\"1\" \/>\n<col span=\"1\" \/><\/colgroup>\n<tbody>\n<tr>\n<td>Thermal Conductivity<\/td>\n<td>9 (W\/m-k)<\/td>\n<\/tr>\n<\/tbody>\n<\/table>\n<\/div>\n<\/td>\n<\/tr>\n<tr>\n<td>\n<div class=\"table-responsive\">\n<table border=\"1\">\n<colgroup>\n<col span=\"1\" \/>\n<col span=\"1\" \/><\/colgroup>\n<tbody>\n<tr>\n<td>Specific Gravity<\/td>\n<td>2.6 (g\/cm3) (25\u00b0C)<\/td>\n<\/tr>\n<\/tbody>\n<\/table>\n<\/div>\n<\/td>\n<\/tr>\n<tr>\n<td>\n<div class=\"table-responsive\">\n<table border=\"1\">\n<colgroup>\n<col span=\"1\" \/>\n<col span=\"1\" \/><\/colgroup>\n<tbody>\n<tr>\n<td>Volume<\/td>\n<td>1.5ml<\/td>\n<\/tr>\n<\/tbody>\n<\/table>\n<\/div>\n<\/td>\n<\/tr>\n<tr>\n<td>\n<div class=\"table-responsive\">\n<table border=\"1\">\n<colgroup>\n<col span=\"1\" \/>\n<col span=\"1\" \/><\/colgroup>\n<tbody>\n<tr>\n<td>Grease Cleaner<\/td>\n<td>Yes<\/td>\n<\/tr>\n<\/tbody>\n<\/table>\n<\/div>\n<\/td>\n<\/tr>\n<tr>\n<td>\n<div class=\"table-responsive\">\n<table border=\"1\">\n<colgroup>\n<col span=\"1\" \/>\n<col span=\"1\" \/><\/colgroup>\n<tbody>\n<tr>\n<td>Serie<\/td>\n<td>MasterGel Series<\/td>\n<\/tr>\n<\/tbody>\n<\/table>\n<\/div>\n<\/td>\n<\/tr>\n<tr>\n<td>\n<div class=\"table-responsive\">\n<table border=\"1\">\n<colgroup>\n<col span=\"1\" \/>\n<col span=\"1\" \/><\/colgroup>\n<tbody>\n<tr>\n<td>Cooler Type<\/td>\n<td>Thermal Grease<\/td>\n<\/tr>\n<\/tbody>\n<\/table>\n<\/div>\n<\/td>\n<\/tr>\n<\/tbody>\n<\/table>\n<\/div>\n<\/div>\n<\/div>\n<\/div>\n<\/div>\n<\/section>\n<section id=\"easytospread\" class=\"banner banner__half--top lazyloaded\" data-bgset=\"https:\/\/cdn.coolermaster.com\/media\/assets\/1007\/mastergel-pro-v2-section5-1-bannermobile.jpg [--small] | https:\/\/cdn.coolermaster.com\/media\/assets\/1007\/mastergel-pro-v2-section5-1-bannertablet.jpg [--medium] | https:\/\/cdn.coolermaster.com\/media\/assets\/1007\/mastergel-pro-v2-section5-1-bannerdesktop.jpg\">\n<div class=\"container--main\">\n<div class=\"banner__text has-background\"><\/div>\n<\/div>\n<\/section>\n<section id=\"gallery\" class=\"gallery\">\n<div class=\"gallery__full owl-carousel owl-loaded\" style=\"text-align: center;\" data-slider-id=\"1\">\n<div class=\"owl-stage-outer\">\n<div class=\"owl-stage\">\n<div class=\"owl-item active\">\n<div class=\"gallery__item gallery__item--full\" data-hash=\"image-Item1\">\n<div class=\"easyzoom easyzoom--overlay easyzoom--with-toggle\"><a title=\"\" href=\"https:\/\/cdn.coolermaster.com\/media\/assets\/1014\/mastergel-pro-v2-gallery-1-zoom.png\"><img fetchpriority=\"high\" decoding=\"async\" src=\"https:\/\/cdn.coolermaster.com\/media\/assets\/1014\/mastergel-pro-v2-gallery-1-image.png\" alt=\"\" width=\"670\" height=\"670\" \/><\/a><\/div>\n<p>&nbsp;<\/p>\n<\/div>\n<\/div>\n<div class=\"owl-item\">\n<div class=\"gallery__item gallery__item--full\" data-hash=\"image-Item2\">\n<div class=\"easyzoom easyzoom--overlay easyzoom--with-toggle\"><a title=\"\" href=\"https:\/\/cdn.coolermaster.com\/media\/assets\/1015\/mastergel-pro-v2-gallery-2-zoom.png\"><img decoding=\"async\" src=\"https:\/\/cdn.coolermaster.com\/media\/assets\/1015\/mastergel-pro-v2-gallery-2-image.png\" alt=\"\" width=\"670\" height=\"670\" \/><\/a><\/div>\n<p>&nbsp;<\/p>\n<\/div>\n<\/div>\n<div class=\"owl-item\">\n<div class=\"gallery__item gallery__item--full\" data-hash=\"image-Item3\">\n<div class=\"easyzoom easyzoom--overlay easyzoom--with-toggle\"><a title=\"\" href=\"https:\/\/cdn.coolermaster.com\/media\/assets\/1008\/mastergel-pro-v2-gallery-3-zoom.png\"><img decoding=\"async\" src=\"https:\/\/cdn.coolermaster.com\/media\/assets\/1008\/mastergel-pro-v2-gallery-3-image.png\" alt=\"\" width=\"670\" height=\"670\" \/><\/a><\/div>\n<p>&nbsp;<\/p>\n<\/div>\n<\/div>\n<div class=\"owl-item\">\n<div class=\"gallery__item gallery__item--full\" data-hash=\"image-Item4\">\n<div class=\"easyzoom easyzoom--overlay easyzoom--with-toggle\"><a title=\"\" href=\"https:\/\/cdn.coolermaster.com\/media\/assets\/1009\/mastergel-pro-v2-gallery-4-zoom.png\"><img loading=\"lazy\" decoding=\"async\" src=\"https:\/\/cdn.coolermaster.com\/media\/assets\/1009\/mastergel-pro-v2-gallery-4-image.png\" alt=\"\" width=\"670\" height=\"670\" \/><\/a><\/div>\n<p><a title=\"\" href=\"https:\/\/cdn.coolermaster.com\/media\/assets\/1010\/mastergel-pro-v2-gallery-5-zoom.png\"><img loading=\"lazy\" decoding=\"async\" src=\"https:\/\/cdn.coolermaster.com\/media\/assets\/1010\/mastergel-pro-v2-gallery-5-image.png\" alt=\"\" width=\"670\" height=\"670\" \/><\/a><\/p>\n<\/div>\n<\/div>\n<div class=\"owl-item\">\n<div class=\"gallery__item gallery__item--full\" data-hash=\"image-Item5\">\n<p>&nbsp;<\/p>\n<\/div>\n<\/div>\n<div class=\"owl-item\">\n<div class=\"gallery__item gallery__item--full\" data-hash=\"image-Item6\">\n<div class=\"easyzoom easyzoom--overlay easyzoom--with-toggle\"><a title=\"\" href=\"https:\/\/cdn.coolermaster.com\/media\/assets\/1011\/mastergel-pro-v2-gallery-6-zoom.png\"><img loading=\"lazy\" decoding=\"async\" src=\"https:\/\/cdn.coolermaster.com\/media\/assets\/1011\/mastergel-pro-v2-gallery-6-image.png\" alt=\"\" width=\"670\" height=\"670\" \/><\/a><\/div>\n<p>&nbsp;<\/p>\n<\/div>\n<\/div>\n<div class=\"owl-item\">\n<div class=\"gallery__item gallery__item--full\" data-hash=\"image-Item7\">\n<div class=\"easyzoom easyzoom--overlay easyzoom--with-toggle\"><a title=\"\" href=\"https:\/\/cdn.coolermaster.com\/media\/assets\/1012\/mastergel-pro-v2-gallery-7-zoom.png\"><img loading=\"lazy\" decoding=\"async\" src=\"https:\/\/cdn.coolermaster.com\/media\/assets\/1012\/mastergel-pro-v2-gallery-7-image.png\" alt=\"\" width=\"670\" height=\"670\" \/><\/a><\/div>\n<\/div>\n<\/div>\n<div class=\"owl-item\">\n<div class=\"gallery__item gallery__item--full\" data-hash=\"image-Item8\">\n<div class=\"easyzoom easyzoom--overlay easyzoom--with-toggle\"><a title=\"\" href=\"https:\/\/cdn.coolermaster.com\/media\/assets\/1013\/mastergel-pro-v2-gallery-8-zoom.png\"><img loading=\"lazy\" decoding=\"async\" src=\"https:\/\/cdn.coolermaster.com\/media\/assets\/1013\/mastergel-pro-v2-gallery-8-image.png\" alt=\"\" width=\"670\" height=\"670\" \/><\/a><\/div>\n<p>&nbsp;<\/p>\n<\/div>\n<\/div>\n<\/div>\n<\/div>\n<\/div>\n<div class=\"gallery__thumbs\" data-slider-id=\"1\">\n<div class=\"gallery__thumbs-inner is-open\">\n<div class=\"gallery__item gallery__item--thumb is-active is-visible\" style=\"text-align: center;\"><a title=\"\" href=\"https:\/\/www.coolermaster.com\/la\/es-la\/catalog\/coolers\/thermal-grease\/mastergel-pro-v2\/#image-Item1\"><img loading=\"lazy\" decoding=\"async\" src=\"https:\/\/cdn.coolermaster.com\/media\/assets\/1014\/mastergel-pro-v2-gallery-1-small.png\" alt=\"\" width=\"128\" height=\"128\" \/><\/a><\/div>\n<div class=\"gallery__item gallery__item--thumb is-visible\" style=\"text-align: center;\"><a title=\"\" href=\"https:\/\/www.coolermaster.com\/la\/es-la\/catalog\/coolers\/thermal-grease\/mastergel-pro-v2\/#image-Item2\"><img loading=\"lazy\" decoding=\"async\" src=\"https:\/\/cdn.coolermaster.com\/media\/assets\/1015\/mastergel-pro-v2-gallery-2-small.png\" alt=\"\" width=\"128\" height=\"128\" \/><\/a><\/div>\n<div class=\"gallery__item gallery__item--thumb is-visible\" style=\"text-align: center;\"><a title=\"\" href=\"https:\/\/www.coolermaster.com\/la\/es-la\/catalog\/coolers\/thermal-grease\/mastergel-pro-v2\/#image-Item3\"><img loading=\"lazy\" decoding=\"async\" src=\"https:\/\/cdn.coolermaster.com\/media\/assets\/1008\/mastergel-pro-v2-gallery-3-small.png\" alt=\"\" width=\"128\" height=\"128\" \/><\/a><\/div>\n<div class=\"gallery__item gallery__item--thumb is-visible\" style=\"text-align: center;\"><a title=\"\" href=\"https:\/\/www.coolermaster.com\/la\/es-la\/catalog\/coolers\/thermal-grease\/mastergel-pro-v2\/#image-Item4\"><img loading=\"lazy\" decoding=\"async\" src=\"https:\/\/cdn.coolermaster.com\/media\/assets\/1009\/mastergel-pro-v2-gallery-4-small.png\" alt=\"\" width=\"128\" height=\"128\" \/><\/a><\/div>\n<div class=\"gallery__item gallery__item--thumb is-visible\" style=\"text-align: center;\"><a title=\"\" href=\"https:\/\/www.coolermaster.com\/la\/es-la\/catalog\/coolers\/thermal-grease\/mastergel-pro-v2\/#image-Item5\"><img loading=\"lazy\" decoding=\"async\" src=\"https:\/\/cdn.coolermaster.com\/media\/assets\/1010\/mastergel-pro-v2-gallery-5-small.png\" alt=\"\" width=\"128\" height=\"128\" \/><\/a><\/div>\n<div class=\"gallery__item gallery__item--thumb is-visible\" style=\"text-align: center;\"><a title=\"\" href=\"https:\/\/www.coolermaster.com\/la\/es-la\/catalog\/coolers\/thermal-grease\/mastergel-pro-v2\/#image-Item6\"><img loading=\"lazy\" decoding=\"async\" src=\"https:\/\/cdn.coolermaster.com\/media\/assets\/1011\/mastergel-pro-v2-gallery-6-small.png\" alt=\"\" width=\"128\" height=\"128\" \/><\/a><\/div>\n<div class=\"gallery__item gallery__item--thumb is-visible\" style=\"text-align: center;\"><a title=\"\" href=\"https:\/\/www.coolermaster.com\/la\/es-la\/catalog\/coolers\/thermal-grease\/mastergel-pro-v2\/#image-Item7\"><img loading=\"lazy\" decoding=\"async\" src=\"https:\/\/cdn.coolermaster.com\/media\/assets\/1012\/mastergel-pro-v2-gallery-7-small.png\" alt=\"\" width=\"128\" height=\"128\" \/><\/a><\/div>\n<div class=\"gallery__item gallery__item--thumb is-visible\"><a title=\"\" href=\"https:\/\/www.coolermaster.com\/la\/es-la\/catalog\/coolers\/thermal-grease\/mastergel-pro-v2\/#image-Item8\"><img loading=\"lazy\" decoding=\"async\" class=\"aligncenter\" src=\"https:\/\/cdn.coolermaster.com\/media\/assets\/1013\/mastergel-pro-v2-gallery-8-small.png\" alt=\"\" width=\"128\" height=\"128\" \/><\/a><\/div>\n<\/div>\n<\/div>\n<\/section>\n<p>Proporcionado por LanguageToolPalabraFraseBetaZoomSin\u00f3nimosBetaZoom (noun)Rapid climbRapid growthRise(generic)Rising(generic)Ascent(generic)Ascension(generic)SoarAscending(generic)m\u00e1sZoom (verb)Zoom alongWhizzWhizz alongTravel rapidly(generic)Speed(generic)Hurry(generic)Zip(generic)m\u00e1sZoom (verb)Travel(generic)Go(generic)Move(generic)Locomote(generic)Zoom (verb)SoarSoar upSoar upwardsSurgeRise(generic)Lift(generic)Arise(generic)Move up(generic)Go up(generic)Come up(generic)Uprise(generic)m\u00e1sSource: WordNetcargar m\u00e1s alternativas<\/p>\n","protected":false},"excerpt":{"rendered":"<div class=\"product__titles\">\n<h1 class=\"product__title\">MASTERGEL PRO V2<\/h1>\n<h2 class=\"product__subtitle text-glitch-2\" data-text=\"Compuesto de alta conductividad t\u00e9rmica\">COMPUESTO DE ALTA CONDUCTIVIDAD T\u00c9RMICA<\/h2>\n<\/div>\n<div class=\"product__summary\">\n<p>Compuesto mejorado para una mejor disipaci\u00f3n de calor.<br \/>\nAlta conductividad de CPU \/ GPU (9 W \/ m.k)<br \/>\nMejora la transferencia de calor del conjunto de chips a la base m\u00e1s fr\u00eda o a las tuber\u00edas de calor<br \/>\nF\u00e1cil de esparcir y quitar sin da\u00f1ar la superficie.<\/p>\n<\/div>\n","protected":false},"featured_media":20157,"comment_status":"closed","ping_status":"closed","template":"","meta":[],"pwb-brand":[123],"product_brand":[],"product_cat":[72],"product_tag":[],"class_list":{"0":"post-20155","1":"product","2":"type-product","3":"status-publish","4":"has-post-thumbnail","6":"pwb-brand-cooler-master","7":"product_cat-pasta-termica","9":"first","10":"instock","11":"taxable","12":"shipping-taxable","13":"purchasable","14":"product-type-simple"},"yoast_head":"<!-- This site is optimized with the Yoast SEO plugin v26.7 - https:\/\/yoast.com\/wordpress\/plugins\/seo\/ -->\n<title>MASTERGEL PRO V2 - PC MASTERS BOGOTA<\/title>\n<meta name=\"robots\" content=\"index, follow, max-snippet:-1, max-image-preview:large, max-video-preview:-1\" \/>\n<link rel=\"canonical\" href=\"https:\/\/pcmastersbogota.com.co\/es_es\/producto\/mastergel-pro-v2\/\" \/>\n<meta property=\"og:locale\" content=\"es_ES\" \/>\n<meta property=\"og:type\" content=\"article\" \/>\n<meta property=\"og:title\" content=\"MASTERGEL PRO V2 - PC MASTERS BOGOTA\" \/>\n<meta property=\"og:description\" content=\"MASTERGEL PRO V2 COMPUESTO DE ALTA CONDUCTIVIDAD T\u00c9RMICA    Compuesto mejorado para una mejor disipaci\u00f3n de calor. Alta conductividad de CPU \/ GPU (9 W \/ m.k) Mejora la transferencia de calor del conjunto de chips a la base m\u00e1s fr\u00eda o a las tuber\u00edas de calor F\u00e1cil de esparcir y quitar sin da\u00f1ar la superficie.\" \/>\n<meta property=\"og:url\" content=\"https:\/\/pcmastersbogota.com.co\/es_es\/producto\/mastergel-pro-v2\/\" \/>\n<meta property=\"og:site_name\" content=\"PC MASTERS BOGOTA\" \/>\n<meta property=\"article:modified_time\" content=\"2023-05-16T14:00:28+00:00\" \/>\n<meta property=\"og:image\" content=\"https:\/\/pcmastersbogota.com.co\/wp-content\/uploads\/2023\/05\/mastergel-pro-v2-gallery-5-zoom.png\" \/>\n\t<meta property=\"og:image:width\" content=\"4000\" \/>\n\t<meta property=\"og:image:height\" content=\"4000\" \/>\n\t<meta property=\"og:image:type\" content=\"image\/png\" \/>\n<meta name=\"twitter:card\" content=\"summary_large_image\" \/>\n<meta name=\"twitter:label1\" content=\"Tiempo de lectura\" \/>\n\t<meta name=\"twitter:data1\" content=\"1 minuto\" \/>\n<script type=\"application\/ld+json\" class=\"yoast-schema-graph\">{\"@context\":\"https:\/\/schema.org\",\"@graph\":[{\"@type\":\"WebPage\",\"@id\":\"https:\/\/pcmastersbogota.com.co\/producto\/mastergel-pro-v2\/\",\"url\":\"https:\/\/pcmastersbogota.com.co\/producto\/mastergel-pro-v2\/\",\"name\":\"MASTERGEL PRO V2 - PC MASTERS BOGOTA\",\"isPartOf\":{\"@id\":\"https:\/\/pcmastersbogota.com.co\/es_es\/#website\"},\"primaryImageOfPage\":{\"@id\":\"https:\/\/pcmastersbogota.com.co\/producto\/mastergel-pro-v2\/#primaryimage\"},\"image\":{\"@id\":\"https:\/\/pcmastersbogota.com.co\/producto\/mastergel-pro-v2\/#primaryimage\"},\"thumbnailUrl\":\"https:\/\/pcmastersbogota.com.co\/wp-content\/uploads\/2023\/05\/mastergel-pro-v2-gallery-5-zoom.png\",\"datePublished\":\"2023-05-16T13:48:50+00:00\",\"dateModified\":\"2023-05-16T14:00:28+00:00\",\"breadcrumb\":{\"@id\":\"https:\/\/pcmastersbogota.com.co\/producto\/mastergel-pro-v2\/#breadcrumb\"},\"inLanguage\":\"es\",\"potentialAction\":[{\"@type\":\"ReadAction\",\"target\":[\"https:\/\/pcmastersbogota.com.co\/producto\/mastergel-pro-v2\/\"]}]},{\"@type\":\"ImageObject\",\"inLanguage\":\"es\",\"@id\":\"https:\/\/pcmastersbogota.com.co\/producto\/mastergel-pro-v2\/#primaryimage\",\"url\":\"https:\/\/pcmastersbogota.com.co\/wp-content\/uploads\/2023\/05\/mastergel-pro-v2-gallery-5-zoom.png\",\"contentUrl\":\"https:\/\/pcmastersbogota.com.co\/wp-content\/uploads\/2023\/05\/mastergel-pro-v2-gallery-5-zoom.png\",\"width\":4000,\"height\":4000},{\"@type\":\"BreadcrumbList\",\"@id\":\"https:\/\/pcmastersbogota.com.co\/producto\/mastergel-pro-v2\/#breadcrumb\",\"itemListElement\":[{\"@type\":\"ListItem\",\"position\":1,\"name\":\"Home\",\"item\":\"https:\/\/pcmastersbogota.com.co\/\"},{\"@type\":\"ListItem\",\"position\":2,\"name\":\"Tienda\",\"item\":\"https:\/\/pcmastersbogota.com.co\/es_es\/tienda\/\"},{\"@type\":\"ListItem\",\"position\":3,\"name\":\"MASTERGEL PRO V2\"}]},{\"@type\":\"WebSite\",\"@id\":\"https:\/\/pcmastersbogota.com.co\/es_es\/#website\",\"url\":\"https:\/\/pcmastersbogota.com.co\/es_es\/\",\"name\":\"PC MASTERS BOGOTA\",\"description\":\"\",\"potentialAction\":[{\"@type\":\"SearchAction\",\"target\":{\"@type\":\"EntryPoint\",\"urlTemplate\":\"https:\/\/pcmastersbogota.com.co\/es_es\/?s={search_term_string}\"},\"query-input\":{\"@type\":\"PropertyValueSpecification\",\"valueRequired\":true,\"valueName\":\"search_term_string\"}}],\"inLanguage\":\"es\"}]}<\/script>\n<!-- \/ Yoast SEO plugin. -->","yoast_head_json":{"title":"MASTERGEL PRO V2 - PC MASTERS BOGOTA","robots":{"index":"index","follow":"follow","max-snippet":"max-snippet:-1","max-image-preview":"max-image-preview:large","max-video-preview":"max-video-preview:-1"},"canonical":"https:\/\/pcmastersbogota.com.co\/es_es\/producto\/mastergel-pro-v2\/","og_locale":"es_ES","og_type":"article","og_title":"MASTERGEL PRO V2 - PC MASTERS BOGOTA","og_description":"MASTERGEL PRO V2 COMPUESTO DE ALTA CONDUCTIVIDAD T\u00c9RMICA    Compuesto mejorado para una mejor disipaci\u00f3n de calor. Alta conductividad de CPU \/ GPU (9 W \/ m.k) Mejora la transferencia de calor del conjunto de chips a la base m\u00e1s fr\u00eda o a las tuber\u00edas de calor F\u00e1cil de esparcir y quitar sin da\u00f1ar la superficie.","og_url":"https:\/\/pcmastersbogota.com.co\/es_es\/producto\/mastergel-pro-v2\/","og_site_name":"PC MASTERS BOGOTA","article_modified_time":"2023-05-16T14:00:28+00:00","og_image":[{"width":4000,"height":4000,"url":"https:\/\/pcmastersbogota.com.co\/wp-content\/uploads\/2023\/05\/mastergel-pro-v2-gallery-5-zoom.png","type":"image\/png"}],"twitter_card":"summary_large_image","twitter_misc":{"Tiempo de lectura":"1 minuto"},"schema":{"@context":"https:\/\/schema.org","@graph":[{"@type":"WebPage","@id":"https:\/\/pcmastersbogota.com.co\/producto\/mastergel-pro-v2\/","url":"https:\/\/pcmastersbogota.com.co\/producto\/mastergel-pro-v2\/","name":"MASTERGEL PRO V2 - PC MASTERS BOGOTA","isPartOf":{"@id":"https:\/\/pcmastersbogota.com.co\/es_es\/#website"},"primaryImageOfPage":{"@id":"https:\/\/pcmastersbogota.com.co\/producto\/mastergel-pro-v2\/#primaryimage"},"image":{"@id":"https:\/\/pcmastersbogota.com.co\/producto\/mastergel-pro-v2\/#primaryimage"},"thumbnailUrl":"https:\/\/pcmastersbogota.com.co\/wp-content\/uploads\/2023\/05\/mastergel-pro-v2-gallery-5-zoom.png","datePublished":"2023-05-16T13:48:50+00:00","dateModified":"2023-05-16T14:00:28+00:00","breadcrumb":{"@id":"https:\/\/pcmastersbogota.com.co\/producto\/mastergel-pro-v2\/#breadcrumb"},"inLanguage":"es","potentialAction":[{"@type":"ReadAction","target":["https:\/\/pcmastersbogota.com.co\/producto\/mastergel-pro-v2\/"]}]},{"@type":"ImageObject","inLanguage":"es","@id":"https:\/\/pcmastersbogota.com.co\/producto\/mastergel-pro-v2\/#primaryimage","url":"https:\/\/pcmastersbogota.com.co\/wp-content\/uploads\/2023\/05\/mastergel-pro-v2-gallery-5-zoom.png","contentUrl":"https:\/\/pcmastersbogota.com.co\/wp-content\/uploads\/2023\/05\/mastergel-pro-v2-gallery-5-zoom.png","width":4000,"height":4000},{"@type":"BreadcrumbList","@id":"https:\/\/pcmastersbogota.com.co\/producto\/mastergel-pro-v2\/#breadcrumb","itemListElement":[{"@type":"ListItem","position":1,"name":"Home","item":"https:\/\/pcmastersbogota.com.co\/"},{"@type":"ListItem","position":2,"name":"Tienda","item":"https:\/\/pcmastersbogota.com.co\/es_es\/tienda\/"},{"@type":"ListItem","position":3,"name":"MASTERGEL PRO V2"}]},{"@type":"WebSite","@id":"https:\/\/pcmastersbogota.com.co\/es_es\/#website","url":"https:\/\/pcmastersbogota.com.co\/es_es\/","name":"PC MASTERS BOGOTA","description":"","potentialAction":[{"@type":"SearchAction","target":{"@type":"EntryPoint","urlTemplate":"https:\/\/pcmastersbogota.com.co\/es_es\/?s={search_term_string}"},"query-input":{"@type":"PropertyValueSpecification","valueRequired":true,"valueName":"search_term_string"}}],"inLanguage":"es"}]}},"brands":[{"id":123,"name":"COOLER MASTER","slug":"cooler-master"}],"_links":{"self":[{"href":"https:\/\/pcmastersbogota.com.co\/es_es\/wp-json\/wp\/v2\/product\/20155","targetHints":{"allow":["GET"]}}],"collection":[{"href":"https:\/\/pcmastersbogota.com.co\/es_es\/wp-json\/wp\/v2\/product"}],"about":[{"href":"https:\/\/pcmastersbogota.com.co\/es_es\/wp-json\/wp\/v2\/types\/product"}],"replies":[{"embeddable":true,"href":"https:\/\/pcmastersbogota.com.co\/es_es\/wp-json\/wp\/v2\/comments?post=20155"}],"version-history":[{"count":7,"href":"https:\/\/pcmastersbogota.com.co\/es_es\/wp-json\/wp\/v2\/product\/20155\/revisions"}],"predecessor-version":[{"id":20166,"href":"https:\/\/pcmastersbogota.com.co\/es_es\/wp-json\/wp\/v2\/product\/20155\/revisions\/20166"}],"wp:featuredmedia":[{"embeddable":true,"href":"https:\/\/pcmastersbogota.com.co\/es_es\/wp-json\/wp\/v2\/media\/20157"}],"wp:attachment":[{"href":"https:\/\/pcmastersbogota.com.co\/es_es\/wp-json\/wp\/v2\/media?parent=20155"}],"wp:term":[{"taxonomy":"pwb-brand","embeddable":true,"href":"https:\/\/pcmastersbogota.com.co\/es_es\/wp-json\/wp\/v2\/pwb-brand?post=20155"},{"taxonomy":"product_brand","embeddable":true,"href":"https:\/\/pcmastersbogota.com.co\/es_es\/wp-json\/wp\/v2\/product_brand?post=20155"},{"taxonomy":"product_cat","embeddable":true,"href":"https:\/\/pcmastersbogota.com.co\/es_es\/wp-json\/wp\/v2\/product_cat?post=20155"},{"taxonomy":"product_tag","embeddable":true,"href":"https:\/\/pcmastersbogota.com.co\/es_es\/wp-json\/wp\/v2\/product_tag?post=20155"}],"curies":[{"name":"wp","href":"https:\/\/api.w.org\/{rel}","templated":true}]}}