{"id":20172,"date":"2023-05-16T09:12:13","date_gmt":"2023-05-16T14:12:13","guid":{"rendered":"https:\/\/pcmastersbogota.com.co\/?post_type=product&#038;p=20172"},"modified":"2023-05-16T09:13:12","modified_gmt":"2023-05-16T14:13:12","slug":"arctic-mx-4-8gm","status":"publish","type":"product","link":"https:\/\/pcmastersbogota.com.co\/es_es\/producto\/arctic-mx-4-8gm\/","title":{"rendered":"ARCTIC MX-4 (8gm)"},"content":{"rendered":"<div class=\"bg-secondary mt-6 pb-6\">\n<div class=\"container\">\n<div class=\"row\">\n<div class=\"col-12\">\n<div class=\"row\">\n<div class=\"col-10 col-sm-6 mx-auto mb-4 mb-sm-0\">\n<div class=\"product-detail-name-container hyphenate mb-5 text-right\">\n<h1 class=\"product-detail-name w-100\" style=\"text-align: center;\">MX-4<\/h1>\n<\/div>\n<div class=\"product-detail-description-text text-right\" style=\"text-align: center;\">\n<p>Pasta t\u00e9rmica de rendimiento PREMIUM<\/p>\n<\/div>\n<p><img decoding=\"async\" class=\"w-100 aligncenter\" src=\"https:\/\/www.arctic.de\/media\/cd\/42\/63\/1583500789\/MX4_20g_G00.png\" \/><\/p>\n<\/div>\n<div class=\"col-12 col-sm-6\">\n<div class=\"product-detail-name-container hyphenate mb-5 text-right\"><\/div>\n<div class=\"product-detail-description-text text-right\">\n<p>&nbsp;<\/p>\n<\/div>\n<div class=\"product-detail-configurator-container pt-4\">\n<h3 class=\"text-white text-right\" style=\"text-align: center;\">ELEGIR VARIANTE<\/h3>\n<div class=\"product-detail-configurator\" style=\"text-align: center;\">\n<form data-variant-switch=\"true\" data-variant-switch-options=\"{&quot;url&quot;:&quot;https:\/\/www.arctic.de\/en\/detail\/8237168ba9e044ddbda18f29624e809d\/switch&quot;}\">\n<div class=\"product-detail-configurator-group\">\n<div class=\"product-detail-configurator-options\">\n<div class=\"product-detail-configurator-option\"><label class=\"product-detail-configurator-option-label is-display-text\" title=\"2 g\" for=\"ca99ed74ee0f4d94beef89d08749bfea-4f295b18180649c7903c0b745e68052b\">2 g<\/label><\/div>\n<div class=\"product-detail-configurator-option\"><label class=\"product-detail-configurator-option-label is-combinable is-display-text\" title=\"4 g\" for=\"ca99ed74ee0f4d94beef89d08749bfea-a34a302d0f774e47b036864a999881d4\">4 g<\/label><\/div>\n<div class=\"product-detail-configurator-option\"><label class=\"product-detail-configurator-option-label is-combinable is-display-text\" title=\"8 g\" for=\"ca99ed74ee0f4d94beef89d08749bfea-fe5f4bf18eb3429aa36a8f331881d7f6\">8 g<\/label><\/div>\n<div class=\"product-detail-configurator-option\"><label class=\"product-detail-configurator-option-label is-combinable is-display-text\" title=\"20 g\" for=\"ca99ed74ee0f4d94beef89d08749bfea-8aa259266f614dccb9844544ac596ebb\">20 g<\/label><\/div>\n<div class=\"product-detail-configurator-option\"><label class=\"product-detail-configurator-option-label is-combinable is-display-text\" title=\"45 g\" for=\"ca99ed74ee0f4d94beef89d08749bfea-97e223b17ccb4167ba02b12abb544961\">45 g<\/label><\/div>\n<\/div>\n<\/div>\n<div class=\"product-detail-configurator-group\">\n<div class=\"product-detail-configurator-options\">\n<div class=\"product-detail-configurator-option\"><\/div>\n<\/div>\n<\/div>\n<\/form>\n<\/div>\n<\/div>\n<div class=\"product-detail-link text-right mt-lg-8\" style=\"text-align: center;\"><a class=\"link\" title=\"Technical specifications &amp; manual\" href=\"https:\/\/www.arctic.de\/en\/MX-4\/ACTCP00001B#specs\">TECHNICAL SPECIFICATIONS &amp; MANUAL<\/a><\/div>\n<\/div>\n<\/div>\n<\/div>\n<\/div>\n<\/div>\n<\/div>\n<div class=\"product-detail-description-block-wrap\">\n<div class=\"product-detail-description-block bg-secondary \">\n<div class=\"container py-5 \">\n<div class=\"cms\">\n<div class=\"row align-items-center\">\n<div class=\"col-12 col-md-6\"><a href=\"https:\/\/www.arctic.de\/media\/4d\/70\/f5\/1667313901\/MX-4_cooler-mx-cpu.jpg\" data-fslightbox=\"\"><img decoding=\"async\" class=\"w-100 aligncenter\" title=\"MX-4_cooler-mx-cpu\" src=\"https:\/\/www.arctic.de\/media\/4d\/70\/f5\/1667313901\/MX-4_cooler-mx-cpu.jpg\" alt=\"MX-4_cooler-mx-cpu\" \/><\/a><\/div>\n<div class=\"col-12 col-md-6\">\n<div class=\"additionalcontent-text py-5\">\n<h3>Conductividad t\u00e9rmica m\u00e1s alta<\/h3>\n<p>Las superficies de los chips del procesador y los pisos del enfriador est\u00e1n cubiertos con abolladuras microsc\u00f3picas; La pasta t\u00e9rmica MX-4 de ARCTIC est\u00e1 compuesta por micropart\u00edculas de carbono que rellenan estas cavidades. Esto conduce a una conductividad t\u00e9rmica extremadamente alta, lo que garantiza que el calor se disipe de manera r\u00e1pida y eficiente desde la CPU o la GPU. Con su excelente desempe\u00f1o, el MX-4 no solo es una excelente opci\u00f3n para overclockers y entusiastas, sino tambi\u00e9n para otras aplicaciones que requieren transmisi\u00f3n t\u00e9rmica. MX-4 demuestra sin lugar a dudas que un gran rendimiento no necesariamente requiere un precio alto.<\/p>\n<\/div>\n<\/div>\n<\/div>\n<\/div>\n<\/div>\n<\/div>\n<div class=\"product-detail-description-block bg-secondary \">\n<div class=\"container \">\n<div class=\"cms\">\n<div class=\"row align-items-center\">\n<div class=\"col-12 col-md-6\"><a href=\"https:\/\/www.arctic.de\/media\/50\/82\/1b\/1667313901\/MX-4_easy-application.jpg\" data-fslightbox=\"\"><img decoding=\"async\" class=\"w-100\" title=\"MX-4_easy-application\" src=\"https:\/\/www.arctic.de\/media\/50\/82\/1b\/1667313901\/MX-4_easy-application.jpg\" alt=\"MX-4_easy-application\" \/><\/a><\/div>\n<div class=\"col-12 col-md-6\">\n<div class=\"additionalcontent-text py-5\">\n<h3>Aplicaci\u00f3n f\u00e1cil<\/h3>\n<div>Gracias a su consistencia, MX-4 es f\u00e1cil de aplicar, incluso para principiantes. El siguiente video muestra la t\u00e9cnica de aplicaci\u00f3n para evitar bolsas de aire entre los procesadores y los enfriadores.<\/div>\n<div><\/div>\n<div><a class=\"btn btn-primary btn-sm\" title=\"Arctic MX-4 Installation\" href=\"https:\/\/www.youtube.com\/watch?v=7PBEG0fKxOs\" target=\"_blank\" rel=\"noopener nofollow\">VIDEO<\/a><\/div>\n<\/div>\n<\/div>\n<\/div>\n<\/div>\n<\/div>\n<\/div>\n<div class=\"product-detail-description-block bg-secondary \">\n<div class=\"container py-5 \">\n<div class=\"cms\">\n<div class=\"row align-items-center\">\n<div class=\"col-12 col-md-6\"><a href=\"https:\/\/www.arctic.de\/media\/2d\/65\/e8\/1667313901\/MX-4_secure-usage.jpg\" data-fslightbox=\"\"><img decoding=\"async\" class=\"w-100\" title=\"MX-4_secure-usage\" src=\"https:\/\/www.arctic.de\/media\/2d\/65\/e8\/1667313901\/MX-4_secure-usage.jpg\" alt=\"MX-4_secure-usage\" \/><\/a><\/div>\n<div class=\"col-12 col-md-6\">\n<div class=\"additionalcontent-text py-5\">\n<h3>Uso seguro<\/h3>\n<p>A diferencia de las pastas a base de \u00f3xidos met\u00e1licos o metal l\u00edquido, MX-4 de ARCTIC no contiene metales y no es conductor de electricidad. Esto elimina el riesgo de cortocircuito y elimina la necesidad de preocuparse por el da\u00f1o por corrosi\u00f3n en el piso del radiador causado por el metal l\u00edquido.<\/p>\n<\/div>\n<\/div>\n<\/div>\n<\/div>\n<\/div>\n<\/div>\n<div class=\"product-detail-description-block bg-secondary \">\n<div class=\"container \">\n<div class=\"cms\">\n<div class=\"row align-items-center\">\n<div class=\"col-12 col-md-6\"><a href=\"https:\/\/www.arctic.de\/media\/61\/8b\/b4\/1667313901\/MX-4_available-sizes.jpg\" data-fslightbox=\"\"><img decoding=\"async\" class=\"w-100\" title=\"MX-4_available-sizes\" src=\"https:\/\/www.arctic.de\/media\/61\/8b\/b4\/1667313901\/MX-4_available-sizes.jpg\" alt=\"MX-4_available-sizes\" \/><\/a><\/div>\n<div class=\"col-12 col-md-6\">\n<div class=\"additionalcontent-text py-5\">\n<h3>Disponible en varios tama\u00f1os.<\/h3>\n<p>ARCTIC MX-4 est\u00e1 disponible en tama\u00f1os que van desde 2 a 45 gramos. El empaque resellable evita que la pasta se seque.<\/p>\n<\/div>\n<\/div>\n<\/div>\n<\/div>\n<\/div>\n<\/div>\n<div class=\"product-detail-description-block bg-secondary \">\n<div class=\"container py-5 \">\n<div class=\"cms\">\n<div class=\"row align-items-center\">\n<div class=\"col-12 col-md-6\"><a href=\"https:\/\/www.arctic.de\/media\/d8\/a0\/e4\/1667313901\/MX-4_proven-quality.jpg\" data-fslightbox=\"\"><img decoding=\"async\" class=\"w-100\" title=\"MX-4_proven-quality\" src=\"https:\/\/www.arctic.de\/media\/d8\/a0\/e4\/1667313901\/MX-4_proven-quality.jpg\" alt=\"MX-4_proven-quality\" \/><\/a><\/div>\n<div class=\"col-12 col-md-6\">\n<div class=\"additionalcontent-text py-5\">\n<h3>Calidad comprobada<\/h3>\n<p>Si bien el empaque de nuestra pasta t\u00e9rmica ha cambiado varias veces a lo largo de los a\u00f1os, la composici\u00f3n de la f\u00f3rmula sigue siendo la misma. Nuestras pastas MX han sido durante mucho tiempo sin\u00f3nimo de alto rendimiento y calidad, y con nuestro nuevo envase reciclable, nuestro objetivo es reducir las emisiones de CO2 y, por lo tanto, hacer una contribuci\u00f3n al medio ambiente.<\/p>\n<\/div>\n<\/div>\n<\/div>\n<\/div>\n<\/div>\n<\/div>\n<\/div>\n","protected":false},"excerpt":{"rendered":"<p>MX-4 Pasta t\u00e9rmica de rendimiento PREMIUM &nbsp; ELEGIR VARIANTE 2 g 4 g 8 g 20 g 45 g TECHNICAL<\/p>\n","protected":false},"featured_media":20168,"comment_status":"closed","ping_status":"closed","template":"","meta":[],"pwb-brand":[280],"product_brand":[],"product_cat":[72],"product_tag":[404,403],"class_list":{"0":"post-20172","1":"product","2":"type-product","3":"status-publish","4":"has-post-thumbnail","6":"pwb-brand-arctic","7":"product_cat-pasta-termica","8":"product_tag-disipacion","9":"product_tag-pasta-termica","11":"first","12":"instock","13":"taxable","14":"shipping-taxable","15":"purchasable","16":"product-type-simple"},"yoast_head":"<!-- This site is optimized with the Yoast SEO plugin v26.7 - https:\/\/yoast.com\/wordpress\/plugins\/seo\/ -->\n<title>ARCTIC MX-4 (8gm) - PC MASTERS BOGOTA<\/title>\n<meta name=\"robots\" content=\"index, follow, max-snippet:-1, max-image-preview:large, max-video-preview:-1\" \/>\n<link rel=\"canonical\" href=\"https:\/\/pcmastersbogota.com.co\/es_es\/producto\/arctic-mx-4-8gm\/\" \/>\n<meta property=\"og:locale\" content=\"es_ES\" \/>\n<meta property=\"og:type\" content=\"article\" \/>\n<meta property=\"og:title\" content=\"ARCTIC MX-4 (8gm) - PC MASTERS BOGOTA\" \/>\n<meta property=\"og:description\" content=\"MX-4 Pasta t\u00e9rmica de rendimiento PREMIUM &nbsp; ELEGIR VARIANTE 2 g 4 g 8 g 20 g 45 g TECHNICAL\" \/>\n<meta property=\"og:url\" content=\"https:\/\/pcmastersbogota.com.co\/es_es\/producto\/arctic-mx-4-8gm\/\" \/>\n<meta property=\"og:site_name\" content=\"PC MASTERS BOGOTA\" \/>\n<meta property=\"article:modified_time\" content=\"2023-05-16T14:13:12+00:00\" \/>\n<meta property=\"og:image\" content=\"https:\/\/pcmastersbogota.com.co\/wp-content\/uploads\/2023\/05\/imagen_2023-05-16_090719262.png\" \/>\n\t<meta property=\"og:image:width\" content=\"1200\" \/>\n\t<meta property=\"og:image:height\" content=\"1200\" \/>\n\t<meta property=\"og:image:type\" content=\"image\/png\" \/>\n<meta name=\"twitter:card\" content=\"summary_large_image\" \/>\n<meta name=\"twitter:label1\" content=\"Tiempo de lectura\" \/>\n\t<meta name=\"twitter:data1\" content=\"2 minutos\" \/>\n<script type=\"application\/ld+json\" class=\"yoast-schema-graph\">{\"@context\":\"https:\/\/schema.org\",\"@graph\":[{\"@type\":\"WebPage\",\"@id\":\"https:\/\/pcmastersbogota.com.co\/producto\/arctic-mx-4-8gm\/\",\"url\":\"https:\/\/pcmastersbogota.com.co\/producto\/arctic-mx-4-8gm\/\",\"name\":\"ARCTIC MX-4 (8gm) - PC MASTERS BOGOTA\",\"isPartOf\":{\"@id\":\"https:\/\/pcmastersbogota.com.co\/es_es\/#website\"},\"primaryImageOfPage\":{\"@id\":\"https:\/\/pcmastersbogota.com.co\/producto\/arctic-mx-4-8gm\/#primaryimage\"},\"image\":{\"@id\":\"https:\/\/pcmastersbogota.com.co\/producto\/arctic-mx-4-8gm\/#primaryimage\"},\"thumbnailUrl\":\"https:\/\/pcmastersbogota.com.co\/wp-content\/uploads\/2023\/05\/imagen_2023-05-16_090719262.png\",\"datePublished\":\"2023-05-16T14:12:13+00:00\",\"dateModified\":\"2023-05-16T14:13:12+00:00\",\"breadcrumb\":{\"@id\":\"https:\/\/pcmastersbogota.com.co\/producto\/arctic-mx-4-8gm\/#breadcrumb\"},\"inLanguage\":\"es\",\"potentialAction\":[{\"@type\":\"ReadAction\",\"target\":[\"https:\/\/pcmastersbogota.com.co\/producto\/arctic-mx-4-8gm\/\"]}]},{\"@type\":\"ImageObject\",\"inLanguage\":\"es\",\"@id\":\"https:\/\/pcmastersbogota.com.co\/producto\/arctic-mx-4-8gm\/#primaryimage\",\"url\":\"https:\/\/pcmastersbogota.com.co\/wp-content\/uploads\/2023\/05\/imagen_2023-05-16_090719262.png\",\"contentUrl\":\"https:\/\/pcmastersbogota.com.co\/wp-content\/uploads\/2023\/05\/imagen_2023-05-16_090719262.png\",\"width\":1200,\"height\":1200},{\"@type\":\"BreadcrumbList\",\"@id\":\"https:\/\/pcmastersbogota.com.co\/producto\/arctic-mx-4-8gm\/#breadcrumb\",\"itemListElement\":[{\"@type\":\"ListItem\",\"position\":1,\"name\":\"Home\",\"item\":\"https:\/\/pcmastersbogota.com.co\/\"},{\"@type\":\"ListItem\",\"position\":2,\"name\":\"Tienda\",\"item\":\"https:\/\/pcmastersbogota.com.co\/es_es\/tienda\/\"},{\"@type\":\"ListItem\",\"position\":3,\"name\":\"ARCTIC MX-4 (8gm)\"}]},{\"@type\":\"WebSite\",\"@id\":\"https:\/\/pcmastersbogota.com.co\/es_es\/#website\",\"url\":\"https:\/\/pcmastersbogota.com.co\/es_es\/\",\"name\":\"PC MASTERS BOGOTA\",\"description\":\"\",\"potentialAction\":[{\"@type\":\"SearchAction\",\"target\":{\"@type\":\"EntryPoint\",\"urlTemplate\":\"https:\/\/pcmastersbogota.com.co\/es_es\/?s={search_term_string}\"},\"query-input\":{\"@type\":\"PropertyValueSpecification\",\"valueRequired\":true,\"valueName\":\"search_term_string\"}}],\"inLanguage\":\"es\"}]}<\/script>\n<!-- \/ Yoast SEO plugin. -->","yoast_head_json":{"title":"ARCTIC MX-4 (8gm) - PC MASTERS BOGOTA","robots":{"index":"index","follow":"follow","max-snippet":"max-snippet:-1","max-image-preview":"max-image-preview:large","max-video-preview":"max-video-preview:-1"},"canonical":"https:\/\/pcmastersbogota.com.co\/es_es\/producto\/arctic-mx-4-8gm\/","og_locale":"es_ES","og_type":"article","og_title":"ARCTIC MX-4 (8gm) - PC MASTERS BOGOTA","og_description":"MX-4 Pasta t\u00e9rmica de rendimiento PREMIUM &nbsp; ELEGIR VARIANTE 2 g 4 g 8 g 20 g 45 g TECHNICAL","og_url":"https:\/\/pcmastersbogota.com.co\/es_es\/producto\/arctic-mx-4-8gm\/","og_site_name":"PC MASTERS BOGOTA","article_modified_time":"2023-05-16T14:13:12+00:00","og_image":[{"width":1200,"height":1200,"url":"https:\/\/pcmastersbogota.com.co\/wp-content\/uploads\/2023\/05\/imagen_2023-05-16_090719262.png","type":"image\/png"}],"twitter_card":"summary_large_image","twitter_misc":{"Tiempo de lectura":"2 minutos"},"schema":{"@context":"https:\/\/schema.org","@graph":[{"@type":"WebPage","@id":"https:\/\/pcmastersbogota.com.co\/producto\/arctic-mx-4-8gm\/","url":"https:\/\/pcmastersbogota.com.co\/producto\/arctic-mx-4-8gm\/","name":"ARCTIC MX-4 (8gm) - PC MASTERS BOGOTA","isPartOf":{"@id":"https:\/\/pcmastersbogota.com.co\/es_es\/#website"},"primaryImageOfPage":{"@id":"https:\/\/pcmastersbogota.com.co\/producto\/arctic-mx-4-8gm\/#primaryimage"},"image":{"@id":"https:\/\/pcmastersbogota.com.co\/producto\/arctic-mx-4-8gm\/#primaryimage"},"thumbnailUrl":"https:\/\/pcmastersbogota.com.co\/wp-content\/uploads\/2023\/05\/imagen_2023-05-16_090719262.png","datePublished":"2023-05-16T14:12:13+00:00","dateModified":"2023-05-16T14:13:12+00:00","breadcrumb":{"@id":"https:\/\/pcmastersbogota.com.co\/producto\/arctic-mx-4-8gm\/#breadcrumb"},"inLanguage":"es","potentialAction":[{"@type":"ReadAction","target":["https:\/\/pcmastersbogota.com.co\/producto\/arctic-mx-4-8gm\/"]}]},{"@type":"ImageObject","inLanguage":"es","@id":"https:\/\/pcmastersbogota.com.co\/producto\/arctic-mx-4-8gm\/#primaryimage","url":"https:\/\/pcmastersbogota.com.co\/wp-content\/uploads\/2023\/05\/imagen_2023-05-16_090719262.png","contentUrl":"https:\/\/pcmastersbogota.com.co\/wp-content\/uploads\/2023\/05\/imagen_2023-05-16_090719262.png","width":1200,"height":1200},{"@type":"BreadcrumbList","@id":"https:\/\/pcmastersbogota.com.co\/producto\/arctic-mx-4-8gm\/#breadcrumb","itemListElement":[{"@type":"ListItem","position":1,"name":"Home","item":"https:\/\/pcmastersbogota.com.co\/"},{"@type":"ListItem","position":2,"name":"Tienda","item":"https:\/\/pcmastersbogota.com.co\/es_es\/tienda\/"},{"@type":"ListItem","position":3,"name":"ARCTIC MX-4 (8gm)"}]},{"@type":"WebSite","@id":"https:\/\/pcmastersbogota.com.co\/es_es\/#website","url":"https:\/\/pcmastersbogota.com.co\/es_es\/","name":"PC MASTERS BOGOTA","description":"","potentialAction":[{"@type":"SearchAction","target":{"@type":"EntryPoint","urlTemplate":"https:\/\/pcmastersbogota.com.co\/es_es\/?s={search_term_string}"},"query-input":{"@type":"PropertyValueSpecification","valueRequired":true,"valueName":"search_term_string"}}],"inLanguage":"es"}]}},"brands":[{"id":280,"name":"ARCTIC","slug":"arctic"}],"_links":{"self":[{"href":"https:\/\/pcmastersbogota.com.co\/es_es\/wp-json\/wp\/v2\/product\/20172","targetHints":{"allow":["GET"]}}],"collection":[{"href":"https:\/\/pcmastersbogota.com.co\/es_es\/wp-json\/wp\/v2\/product"}],"about":[{"href":"https:\/\/pcmastersbogota.com.co\/es_es\/wp-json\/wp\/v2\/types\/product"}],"replies":[{"embeddable":true,"href":"https:\/\/pcmastersbogota.com.co\/es_es\/wp-json\/wp\/v2\/comments?post=20172"}],"version-history":[{"count":1,"href":"https:\/\/pcmastersbogota.com.co\/es_es\/wp-json\/wp\/v2\/product\/20172\/revisions"}],"predecessor-version":[{"id":20173,"href":"https:\/\/pcmastersbogota.com.co\/es_es\/wp-json\/wp\/v2\/product\/20172\/revisions\/20173"}],"wp:featuredmedia":[{"embeddable":true,"href":"https:\/\/pcmastersbogota.com.co\/es_es\/wp-json\/wp\/v2\/media\/20168"}],"wp:attachment":[{"href":"https:\/\/pcmastersbogota.com.co\/es_es\/wp-json\/wp\/v2\/media?parent=20172"}],"wp:term":[{"taxonomy":"pwb-brand","embeddable":true,"href":"https:\/\/pcmastersbogota.com.co\/es_es\/wp-json\/wp\/v2\/pwb-brand?post=20172"},{"taxonomy":"product_brand","embeddable":true,"href":"https:\/\/pcmastersbogota.com.co\/es_es\/wp-json\/wp\/v2\/product_brand?post=20172"},{"taxonomy":"product_cat","embeddable":true,"href":"https:\/\/pcmastersbogota.com.co\/es_es\/wp-json\/wp\/v2\/product_cat?post=20172"},{"taxonomy":"product_tag","embeddable":true,"href":"https:\/\/pcmastersbogota.com.co\/es_es\/wp-json\/wp\/v2\/product_tag?post=20172"}],"curies":[{"name":"wp","href":"https:\/\/api.w.org\/{rel}","templated":true}]}}