{"id":20230,"date":"2023-05-26T12:07:06","date_gmt":"2023-05-26T17:07:06","guid":{"rendered":"https:\/\/pcmastersbogota.com.co\/?post_type=product&#038;p=20230"},"modified":"2025-03-03T13:12:50","modified_gmt":"2025-03-03T18:12:50","slug":"evga-rtx-3060-xc-gaming-de-8gb","status":"publish","type":"product","link":"https:\/\/pcmastersbogota.com.co\/es_es\/producto\/evga-rtx-3060-xc-gaming-de-8gb\/","title":{"rendered":"EVGA RTX 3060 XC GAMING DE 8GB"},"content":{"rendered":"<div class=\"specs-bottom-column\">\n<h3><\/h3>\n<div id=\"home\" class=\"section-header scrollto\" tabindex=\"-1\">\n<section class=\"section-header\"><img decoding=\"async\" src=\"https:\/\/images.evga.com\/articles\/01465\/header_LATAM.jpg\" alt=\"Header\" \/><\/section>\n<section class=\"section-header-text\">\n<div class=\"scontainer\">\n<div class=\"row\">\n<div class=\"col-12\">\n<div class=\"text-center\">\n<h1 class=\"text-center f900\">EVGA GeForce RTX 3060 8GB<\/h1>\n<p class=\"text-center\">La EVGA GeForce\u00ae RTX 3060 12GB provee a los jugadores la habilidad de disfrutar del gaming en 1080p y 1440p, mientras experimentan una experiencia RTX de calidad y muchos beneficios en tareas de productividad. La tarjeta est\u00e1 basada en la arquitectura NVIDIA Ampere, la cual mejora incre\u00edblemente el rendimiento en Ray-Tracing e IA gracias a RT Cores y Tensor Cores mejorados, y nuevos multiprocesadores de streaming. Con 12GB de memoria GDDR6, ya no se necesita una tarjeta de gama alta para uso diario y juegos.<\/p>\n<p class=\"text-center\">Combinada con la pr\u00f3xima generaci\u00f3n en dise\u00f1o, refrigeraci\u00f3n y overclocking con EVGA Precision X1\u2122, la Serie EVGA GeForce RTX 3060 12GB redefine lo que significa estar construida para juegos y productividad.<\/p>\n<\/div>\n<\/div>\n<\/div>\n<\/div>\n<\/section>\n<\/div>\n<div id=\"ampere\" class=\"scrollto\" tabindex=\"-1\">\n<section class=\"section-nv\">\n<div class=\"scontainer\">\n<div class=\"row\">\n<div class=\"col-12\">\n<h1 class=\"text-center\">Caracter\u00edsticas de la Nvidia GeForce RTX 3060<\/h1>\n<p class=\"text-center\">Con su eficiente arquitectura de alto rendimiento y la segunda generaci\u00f3n de Nvidia RTX, la GeForce RTX 3060 posee incre\u00edbles capacidades de ray-tracing por hardware, soporte a DLSS, y m\u00e1s tecnolog\u00edas.<\/p>\n<p class=\"text-center\">Como todas las GPUs RTX Serie 30, la RTX 3060 soporta la trifecta de innovaciones para gaming de GeForce:\u00a0<a href=\"https:\/\/www.nvidia.com\/en-us\/geforce\/technologies\/dlss\/\" target=\"_blank\" rel=\"noopener\">NVIDIA DLSS<\/a>,\u00a0<a href=\"https:\/\/www.nvidia.com\/en-us\/geforce\/tags\/?tag=nvidia-reflex\" target=\"_blank\" rel=\"noopener\">NVIDIA Reflex<\/a>\u00a0y\u00a0<a href=\"https:\/\/www.nvidia.com\/en-us\/geforce\/news\/nvidia-broadcast-app\/\" target=\"_blank\" rel=\"noopener\">NVIDIA Broadcast<\/a>, las cuales aceleran el rendimiento y mejoran la calidad de imagen. Junto al ray-tracing en tiempo real, estas tecnolog\u00edas son la base de la plataforma para gaming de GeForce, que lleva rendimiento y caracter\u00edsticas sin precedentes para todos los jugadores.<\/p>\n<h1 class=\"text-center\">Soporte a Resizable BAR<\/h1>\n<p class=\"text-center\">La GeForce RTX 3060 soportar\u00e1 Resizable BAR lo cual permitir\u00e1 aumentar el rendimiento en juegos. Esta funci\u00f3n es soportada por m\u00faltiples placas madre EVGA, incluyendo la l\u00ednea Z490, Z390, X370, SR-3 DARK, X299 y las futuras placas madre Z590.<\/p>\n<\/div>\n<\/div>\n<div class=\"row\">\n<div class=\"col-1\"><\/div>\n<div class=\"col-10\"><img decoding=\"async\" src=\"https:\/\/images.evga.com\/articles\/01465\/bios.jpg\" alt=\"bios\" \/><\/div>\n<\/div>\n<\/div>\n<\/section>\n<\/div>\n<div id=\"graphics\" class=\"scrollto z-index-2 relative\" tabindex=\"-1\">\n<section class=\"section-models\">\n<div class=\"scontainer\">\n<div class=\"row\">\n<div class=\"col-12\">\n<div class=\"text-center\">\n<h1 class=\"text-center\">EVGA GeForce RTX 3060 8GB<br \/>\nXC \/ XC BLACK<\/h1>\n<p class=\"text-center\">Las tarjetas EVGA GeForce RTX 3060 8GB proveen la posibilidad de elegir entre m\u00e1ximo rendimiento y estilo o m\u00e1s cuadros por segundo sin realizar sacrificios. Ambas tarjetas ofrecen un PCB corto, refrigeraci\u00f3n doble-slot, y un silencioso modo de 0db para sus fans. Esto permite a las tarjetas EVGA GeForce ser compatibles con una gran variedad de factores de forma.<\/p>\n<\/div>\n<\/div>\n<\/div>\n<div class=\"row model-cards flex-center\">\n<div class=\"col-2\"><\/div>\n<\/div>\n<div class=\"row\">\n<div class=\"col-6\">\n<div class=\"relative model-img model-img-kingpin model-margin-top\"><img decoding=\"async\" class=\"\" src=\"https:\/\/images.evga.com\/articles\/01465\/3060_XC.png\" alt=\"xc\" \/><\/div>\n<\/div>\n<div class=\"col-6\">\n<div class=\"BLACK-box model-text model-text-3090\">\n<h1 class=\"f900 text-center gradient-text\">EVGA GeForce RTX 3060 8GB XC<\/h1>\n<hr class=\"models-hr\" \/>\n<p class=\"text-center\">Las tarjetas EVGA GeForce RTX 3060 8GB XC est\u00e1n dise\u00f1adas para los jugadores que quieran elevarse un escal\u00f3n completo de rendimiento. Dise\u00f1ada eficientemente para ser refrigerada por dos grandes fans y protegida con un backplate completamente met\u00e1lico, la EVGA GeForce RTX 3060 12GB XC est\u00e1 cuidadosamente ensamblada en una peque\u00f1a tarjeta de dos slots para m\u00e1xima compatibilidad con todo tipo de gabinetes.<\/p>\n<\/div>\n<\/div>\n<\/div>\n<\/div>\n<\/section>\n<\/div>\n<section class=\"section-fans\">\n<div class=\"scontainer\">\n<div class=\"row\">\n<div class=\"col-12\">\n<h1 class=\"text-center\">Flujo de aire a trav\u00e9s del PCB<\/h1>\n<p class=\"text-center\">Perforaciones cuidadosamente colocadas en el PCB y el backplate mejoran el flujo de aire y reducen la turbulencia de salida.<\/p>\n<p><img decoding=\"async\" src=\"https:\/\/images.evga.com\/articles\/01465\/fans.jpg\" alt=\"fans\" \/><\/p>\n<\/div>\n<\/div>\n<\/div>\n<\/section>\n<hr class=\"sections-hr\" \/>\n<div id=\"px1\" class=\"scrollto\" tabindex=\"-1\">\n<section class=\"section-px1 flex-center\">\n<div class=\"scontainer\">\n<div class=\"row text-center\">\n<div class=\"col-12\">\n<h1 class=\"uc teal text-center\">TAKE CONTROL<\/h1>\n<p class=\"text-center\">EVGA Precision X1\u2122 te da control completo sobre tus fans, overclocking, y monitoreo.<\/p>\n<p><img decoding=\"async\" class=\"img-px1-fan\" src=\"https:\/\/images.evga.com\/articles\/01465\/px1fan.PNG\" alt=\"PX1\" \/><\/p>\n<\/div>\n<\/div>\n<\/div>\n<\/section>\n<\/div>\n<p>Rendimiento<\/p>\n<ul class=\"no-bullet\">\n<li>NVIDIA RTX 3060 8GB<\/li>\n<li>3584 CUDA Cores<\/li>\n<li>1882 MHz Boost Clock<\/li>\n<li>210.8GT\/s Texture Fill Rate<\/li>\n<\/ul>\n<h3>Memoria<\/h3>\n<ul class=\"no-bullet\">\n<li>12288 MB, 192 bit GDDR6<\/li>\n<li>15000 MHz (effective)<\/li>\n<li>360 GB\/s Memory Bandwidth<\/li>\n<\/ul>\n<div id=\"LFrame_pnlGPUCooling\">\n<h3>Refrigeraci\u00f3n<\/h3>\n<ul class=\"no-bullet\">\n<li id=\"LFrame_pCooling\">Dual-Fan<\/li>\n<li id=\"LFrame_pLED\">LED:<\/li>\n<\/ul>\n<\/div>\n<\/div>\n<div class=\"specs-bottom-column\">\n<h3>Interfaz<\/h3>\n<ul class=\"no-bullet\">\n<li>PCIe 4.0 16x<\/li>\n<li>HDMI, DisplayPort, DisplayPort, DisplayPort<\/li>\n<\/ul>\n<div id=\"LFrame_spnRes0lbl\">\n<h3>Resoluci\u00f3n y Actualizar<\/h3>\n<\/div>\n<div id=\"LFrame_spnRes0\">\n<p id=\"LFrame_dtMMS\">Max Monitors Supported:<\/p>\n<ul class=\"no-bullet\">\n<li>Max Refresh Rate<\/li>\n<li>Max Analog :<\/li>\n<li>Max Digital : 7680&#215;4320<\/li>\n<\/ul>\n<\/div>\n<div id=\"LFrame_spnDimen\">\n<h3>Dimensiones<\/h3>\n<ul class=\"no-bullet\">\n<li id=\"LFrame_dtDimenHeight\">Height: 4.33 in &#8211; 110mm<\/li>\n<li id=\"LFrame_dtDimenLength\">Length: 7.94 in &#8211; 201.8mm<\/li>\n<li id=\"LFrame_dtDimenWidth\">Width: Dual Slot<\/li>\n<\/ul>\n<\/div>\n<\/div>\n<div class=\"specs-bottom-column\">\n<h3>Soporte de Sistema Operativo<\/h3>\n<ul class=\"no-bullet\">\n<li>Windows 11<\/li>\n<li>Windows 10<\/li>\n<li>Windows 7<\/li>\n<\/ul>\n<h3>Requerimientos<\/h3>\n<ul class=\"no-bullet\">\n<li>Minimum of a 550 Watt power supply.<\/li>\n<li>One available 8-pin PCIe power dongle<\/li>\n<li>Total Power Draw : 170 Watts<\/li>\n<\/ul>\n<h3>Garant\u00eda de Producto<\/h3>\n<ul class=\"no-bullet\">\n<li>This product comes with a 1 year limited warranty.<\/li>\n<\/ul>\n<\/div>\n","protected":false},"excerpt":{"rendered":"<p>La EVGA GeForce RTX 3060 brinda a los jugadores la capacidad de vencer los juegos de 1080p y 1440p, al tiempo que brinda una experiencia NVIDIA RTX de calidad y una gran cantidad de beneficios de productividad. La tarjeta funciona con la arquitectura NVIDIA Ampere, que duplica el trazado de rayos y el rendimiento de la IA con n\u00facleos RT mejorados, n\u00facleos Tensor y nuevos multiprocesadores de transmisi\u00f3n. Con 12 GB de memoria GDDR6, no es necesario sacrificar el rendimiento de alta gama para encontrar una tarjeta para juegos y uso diario. En combinaci\u00f3n con la pr\u00f3xima generaci\u00f3n de dise\u00f1o, refrigeraci\u00f3n y overclocking que utiliza EVGA Precision X1, la serie EVGA GeForce RTX 3060 redefine lo que significa estar dise\u00f1ado para juegos y productividad.<\/p>\n","protected":false},"featured_media":20176,"comment_status":"closed","ping_status":"closed","template":"","meta":[],"pwb-brand":[180],"product_brand":[],"product_cat":[73],"product_tag":[366,354,377,362,405,406],"class_list":{"0":"post-20230","1":"product","2":"type-product","3":"status-publish","4":"has-post-thumbnail","6":"pwb-brand-e-vga","7":"product_cat-tarjetas-graficas","8":"product_tag-evga","9":"product_tag-gpu","10":"product_tag-grafica","11":"product_tag-nvidia","12":"product_tag-tarjeta-grafica","13":"product_tag-video","15":"first","16":"outofstock","17":"taxable","18":"shipping-taxable","19":"purchasable","20":"product-type-simple"},"yoast_head":"<!-- This site is optimized with the Yoast SEO plugin v26.7 - https:\/\/yoast.com\/wordpress\/plugins\/seo\/ -->\n<title>EVGA RTX 3060 XC GAMING DE 8GB - PC MASTERS BOGOTA<\/title>\n<meta name=\"robots\" content=\"index, follow, max-snippet:-1, max-image-preview:large, max-video-preview:-1\" \/>\n<link rel=\"canonical\" href=\"https:\/\/pcmastersbogota.com.co\/es_es\/producto\/evga-rtx-3060-xc-gaming-de-8gb\/\" \/>\n<meta property=\"og:locale\" content=\"es_ES\" \/>\n<meta property=\"og:type\" content=\"article\" \/>\n<meta property=\"og:title\" content=\"EVGA RTX 3060 XC GAMING DE 8GB - PC MASTERS BOGOTA\" \/>\n<meta property=\"og:description\" content=\"La EVGA GeForce RTX 3060 brinda a los jugadores la capacidad de vencer los juegos de 1080p y 1440p, al tiempo que brinda una experiencia NVIDIA RTX de calidad y una gran cantidad de beneficios de productividad. La tarjeta funciona con la arquitectura NVIDIA Ampere, que duplica el trazado de rayos y el rendimiento de la IA con n\u00facleos RT mejorados, n\u00facleos Tensor y nuevos multiprocesadores de transmisi\u00f3n. Con 12 GB de memoria GDDR6, no es necesario sacrificar el rendimiento de alta gama para encontrar una tarjeta para juegos y uso diario. En combinaci\u00f3n con la pr\u00f3xima generaci\u00f3n de dise\u00f1o, refrigeraci\u00f3n y overclocking que utiliza EVGA Precision X1, la serie EVGA GeForce RTX 3060 redefine lo que significa estar dise\u00f1ado para juegos y productividad.\" \/>\n<meta property=\"og:url\" content=\"https:\/\/pcmastersbogota.com.co\/es_es\/producto\/evga-rtx-3060-xc-gaming-de-8gb\/\" \/>\n<meta property=\"og:site_name\" content=\"PC MASTERS BOGOTA\" \/>\n<meta property=\"article:modified_time\" content=\"2025-03-03T18:12:50+00:00\" \/>\n<meta property=\"og:image\" content=\"https:\/\/pcmastersbogota.com.co\/wp-content\/uploads\/2023\/05\/imagen_2023-05-16_100352851.png\" \/>\n\t<meta property=\"og:image:width\" content=\"2000\" \/>\n\t<meta property=\"og:image:height\" content=\"2000\" \/>\n\t<meta property=\"og:image:type\" content=\"image\/png\" \/>\n<meta name=\"twitter:card\" content=\"summary_large_image\" \/>\n<meta name=\"twitter:label1\" content=\"Tiempo de lectura\" \/>\n\t<meta name=\"twitter:data1\" content=\"3 minutos\" \/>\n<script type=\"application\/ld+json\" class=\"yoast-schema-graph\">{\"@context\":\"https:\/\/schema.org\",\"@graph\":[{\"@type\":\"WebPage\",\"@id\":\"https:\/\/pcmastersbogota.com.co\/producto\/evga-rtx-3060-xc-gaming-de-8gb\/\",\"url\":\"https:\/\/pcmastersbogota.com.co\/producto\/evga-rtx-3060-xc-gaming-de-8gb\/\",\"name\":\"EVGA RTX 3060 XC GAMING DE 8GB - PC MASTERS BOGOTA\",\"isPartOf\":{\"@id\":\"https:\/\/pcmastersbogota.com.co\/es_es\/#website\"},\"primaryImageOfPage\":{\"@id\":\"https:\/\/pcmastersbogota.com.co\/producto\/evga-rtx-3060-xc-gaming-de-8gb\/#primaryimage\"},\"image\":{\"@id\":\"https:\/\/pcmastersbogota.com.co\/producto\/evga-rtx-3060-xc-gaming-de-8gb\/#primaryimage\"},\"thumbnailUrl\":\"https:\/\/pcmastersbogota.com.co\/wp-content\/uploads\/2023\/05\/imagen_2023-05-16_100352851.png\",\"datePublished\":\"2023-05-26T17:07:06+00:00\",\"dateModified\":\"2025-03-03T18:12:50+00:00\",\"breadcrumb\":{\"@id\":\"https:\/\/pcmastersbogota.com.co\/producto\/evga-rtx-3060-xc-gaming-de-8gb\/#breadcrumb\"},\"inLanguage\":\"es\",\"potentialAction\":[{\"@type\":\"ReadAction\",\"target\":[\"https:\/\/pcmastersbogota.com.co\/producto\/evga-rtx-3060-xc-gaming-de-8gb\/\"]}]},{\"@type\":\"ImageObject\",\"inLanguage\":\"es\",\"@id\":\"https:\/\/pcmastersbogota.com.co\/producto\/evga-rtx-3060-xc-gaming-de-8gb\/#primaryimage\",\"url\":\"https:\/\/pcmastersbogota.com.co\/wp-content\/uploads\/2023\/05\/imagen_2023-05-16_100352851.png\",\"contentUrl\":\"https:\/\/pcmastersbogota.com.co\/wp-content\/uploads\/2023\/05\/imagen_2023-05-16_100352851.png\",\"width\":2000,\"height\":2000},{\"@type\":\"BreadcrumbList\",\"@id\":\"https:\/\/pcmastersbogota.com.co\/producto\/evga-rtx-3060-xc-gaming-de-8gb\/#breadcrumb\",\"itemListElement\":[{\"@type\":\"ListItem\",\"position\":1,\"name\":\"Home\",\"item\":\"https:\/\/pcmastersbogota.com.co\/\"},{\"@type\":\"ListItem\",\"position\":2,\"name\":\"Tienda\",\"item\":\"https:\/\/pcmastersbogota.com.co\/es_es\/tienda\/\"},{\"@type\":\"ListItem\",\"position\":3,\"name\":\"EVGA RTX 3060 XC GAMING DE 8GB\"}]},{\"@type\":\"WebSite\",\"@id\":\"https:\/\/pcmastersbogota.com.co\/es_es\/#website\",\"url\":\"https:\/\/pcmastersbogota.com.co\/es_es\/\",\"name\":\"PC MASTERS BOGOTA\",\"description\":\"\",\"potentialAction\":[{\"@type\":\"SearchAction\",\"target\":{\"@type\":\"EntryPoint\",\"urlTemplate\":\"https:\/\/pcmastersbogota.com.co\/es_es\/?s={search_term_string}\"},\"query-input\":{\"@type\":\"PropertyValueSpecification\",\"valueRequired\":true,\"valueName\":\"search_term_string\"}}],\"inLanguage\":\"es\"}]}<\/script>\n<!-- \/ Yoast SEO plugin. -->","yoast_head_json":{"title":"EVGA RTX 3060 XC GAMING DE 8GB - PC MASTERS BOGOTA","robots":{"index":"index","follow":"follow","max-snippet":"max-snippet:-1","max-image-preview":"max-image-preview:large","max-video-preview":"max-video-preview:-1"},"canonical":"https:\/\/pcmastersbogota.com.co\/es_es\/producto\/evga-rtx-3060-xc-gaming-de-8gb\/","og_locale":"es_ES","og_type":"article","og_title":"EVGA RTX 3060 XC GAMING DE 8GB - PC MASTERS BOGOTA","og_description":"La EVGA GeForce RTX 3060 brinda a los jugadores la capacidad de vencer los juegos de 1080p y 1440p, al tiempo que brinda una experiencia NVIDIA RTX de calidad y una gran cantidad de beneficios de productividad. La tarjeta funciona con la arquitectura NVIDIA Ampere, que duplica el trazado de rayos y el rendimiento de la IA con n\u00facleos RT mejorados, n\u00facleos Tensor y nuevos multiprocesadores de transmisi\u00f3n. Con 12 GB de memoria GDDR6, no es necesario sacrificar el rendimiento de alta gama para encontrar una tarjeta para juegos y uso diario. En combinaci\u00f3n con la pr\u00f3xima generaci\u00f3n de dise\u00f1o, refrigeraci\u00f3n y overclocking que utiliza EVGA Precision X1, la serie EVGA GeForce RTX 3060 redefine lo que significa estar dise\u00f1ado para juegos y productividad.","og_url":"https:\/\/pcmastersbogota.com.co\/es_es\/producto\/evga-rtx-3060-xc-gaming-de-8gb\/","og_site_name":"PC MASTERS BOGOTA","article_modified_time":"2025-03-03T18:12:50+00:00","og_image":[{"width":2000,"height":2000,"url":"https:\/\/pcmastersbogota.com.co\/wp-content\/uploads\/2023\/05\/imagen_2023-05-16_100352851.png","type":"image\/png"}],"twitter_card":"summary_large_image","twitter_misc":{"Tiempo de lectura":"3 minutos"},"schema":{"@context":"https:\/\/schema.org","@graph":[{"@type":"WebPage","@id":"https:\/\/pcmastersbogota.com.co\/producto\/evga-rtx-3060-xc-gaming-de-8gb\/","url":"https:\/\/pcmastersbogota.com.co\/producto\/evga-rtx-3060-xc-gaming-de-8gb\/","name":"EVGA RTX 3060 XC GAMING DE 8GB - PC MASTERS BOGOTA","isPartOf":{"@id":"https:\/\/pcmastersbogota.com.co\/es_es\/#website"},"primaryImageOfPage":{"@id":"https:\/\/pcmastersbogota.com.co\/producto\/evga-rtx-3060-xc-gaming-de-8gb\/#primaryimage"},"image":{"@id":"https:\/\/pcmastersbogota.com.co\/producto\/evga-rtx-3060-xc-gaming-de-8gb\/#primaryimage"},"thumbnailUrl":"https:\/\/pcmastersbogota.com.co\/wp-content\/uploads\/2023\/05\/imagen_2023-05-16_100352851.png","datePublished":"2023-05-26T17:07:06+00:00","dateModified":"2025-03-03T18:12:50+00:00","breadcrumb":{"@id":"https:\/\/pcmastersbogota.com.co\/producto\/evga-rtx-3060-xc-gaming-de-8gb\/#breadcrumb"},"inLanguage":"es","potentialAction":[{"@type":"ReadAction","target":["https:\/\/pcmastersbogota.com.co\/producto\/evga-rtx-3060-xc-gaming-de-8gb\/"]}]},{"@type":"ImageObject","inLanguage":"es","@id":"https:\/\/pcmastersbogota.com.co\/producto\/evga-rtx-3060-xc-gaming-de-8gb\/#primaryimage","url":"https:\/\/pcmastersbogota.com.co\/wp-content\/uploads\/2023\/05\/imagen_2023-05-16_100352851.png","contentUrl":"https:\/\/pcmastersbogota.com.co\/wp-content\/uploads\/2023\/05\/imagen_2023-05-16_100352851.png","width":2000,"height":2000},{"@type":"BreadcrumbList","@id":"https:\/\/pcmastersbogota.com.co\/producto\/evga-rtx-3060-xc-gaming-de-8gb\/#breadcrumb","itemListElement":[{"@type":"ListItem","position":1,"name":"Home","item":"https:\/\/pcmastersbogota.com.co\/"},{"@type":"ListItem","position":2,"name":"Tienda","item":"https:\/\/pcmastersbogota.com.co\/es_es\/tienda\/"},{"@type":"ListItem","position":3,"name":"EVGA RTX 3060 XC GAMING DE 8GB"}]},{"@type":"WebSite","@id":"https:\/\/pcmastersbogota.com.co\/es_es\/#website","url":"https:\/\/pcmastersbogota.com.co\/es_es\/","name":"PC MASTERS BOGOTA","description":"","potentialAction":[{"@type":"SearchAction","target":{"@type":"EntryPoint","urlTemplate":"https:\/\/pcmastersbogota.com.co\/es_es\/?s={search_term_string}"},"query-input":{"@type":"PropertyValueSpecification","valueRequired":true,"valueName":"search_term_string"}}],"inLanguage":"es"}]}},"brands":[{"id":180,"name":"E-VGA","slug":"e-vga"}],"_links":{"self":[{"href":"https:\/\/pcmastersbogota.com.co\/es_es\/wp-json\/wp\/v2\/product\/20230","targetHints":{"allow":["GET"]}}],"collection":[{"href":"https:\/\/pcmastersbogota.com.co\/es_es\/wp-json\/wp\/v2\/product"}],"about":[{"href":"https:\/\/pcmastersbogota.com.co\/es_es\/wp-json\/wp\/v2\/types\/product"}],"replies":[{"embeddable":true,"href":"https:\/\/pcmastersbogota.com.co\/es_es\/wp-json\/wp\/v2\/comments?post=20230"}],"version-history":[{"count":1,"href":"https:\/\/pcmastersbogota.com.co\/es_es\/wp-json\/wp\/v2\/product\/20230\/revisions"}],"predecessor-version":[{"id":20231,"href":"https:\/\/pcmastersbogota.com.co\/es_es\/wp-json\/wp\/v2\/product\/20230\/revisions\/20231"}],"wp:featuredmedia":[{"embeddable":true,"href":"https:\/\/pcmastersbogota.com.co\/es_es\/wp-json\/wp\/v2\/media\/20176"}],"wp:attachment":[{"href":"https:\/\/pcmastersbogota.com.co\/es_es\/wp-json\/wp\/v2\/media?parent=20230"}],"wp:term":[{"taxonomy":"pwb-brand","embeddable":true,"href":"https:\/\/pcmastersbogota.com.co\/es_es\/wp-json\/wp\/v2\/pwb-brand?post=20230"},{"taxonomy":"product_brand","embeddable":true,"href":"https:\/\/pcmastersbogota.com.co\/es_es\/wp-json\/wp\/v2\/product_brand?post=20230"},{"taxonomy":"product_cat","embeddable":true,"href":"https:\/\/pcmastersbogota.com.co\/es_es\/wp-json\/wp\/v2\/product_cat?post=20230"},{"taxonomy":"product_tag","embeddable":true,"href":"https:\/\/pcmastersbogota.com.co\/es_es\/wp-json\/wp\/v2\/product_tag?post=20230"}],"curies":[{"name":"wp","href":"https:\/\/api.w.org\/{rel}","templated":true}]}}