{"id":20336,"date":"2023-06-23T15:44:09","date_gmt":"2023-06-23T20:44:09","guid":{"rendered":"https:\/\/pcmastersbogota.com.co\/?post_type=product&#038;p=20336"},"modified":"2025-10-31T15:45:08","modified_gmt":"2025-10-31T20:45:08","slug":"coolermaster-masterbox-td500-crystal","status":"publish","type":"product","link":"https:\/\/pcmastersbogota.com.co\/es_es\/producto\/coolermaster-masterbox-td500-crystal\/","title":{"rendered":"COOLERMASTER MASTERBOX TD500 CRYSTAL"},"content":{"rendered":"<section id=\"block1threecf120argbfansincluded\" class=\"exhibit \" data-bgset=\" [--small] |  [--medium] | \" data-sizes=\"auto\">\n<div class=\"container--main no-padding-right\">\n<div class=\"row\">\n<div class=\"col-md-6 valign__text\">\n<div class=\"exhibit__text has-background\">\n<h2 class=\"level-1\">TRES VENTILADORES CF120 ARGB INCLUIDOS<\/h2>\n<div>\n<p>Los ventiladores CF120 ARGB preinstalados brindan un amplio flujo de aire, lo que garantiza bajas temperaturas, alto rendimiento y una est\u00e9tica llamativa incluso durante las sesiones de juego m\u00e1s intensas.<\/p>\n<\/div>\n<\/div>\n<\/div>\n<\/div>\n<\/div>\n<\/section>\n<section id=\"block2argbfanhubincluded\" class=\"exhibit \" data-bgset=\" [--small] |  [--medium] | \" data-sizes=\"auto\">\n<div class=\"container--main no-padding-left\">\n<div class=\"row\">\n<div class=\"col-md-6\"><img decoding=\"async\" class=\"exhibit__image\" src=\"https:\/\/cdn.coolermaster.com\/media\/4772\/td500m-block04-argb-controller-vi-imageleftorright.png\" alt=\"ARGB\/Fan HUB Included\" height=\"1120\" \/><\/div>\n<div class=\"col-md-6 valign__text\">\n<div class=\"exhibit__text has-background\">\n<h2 class=\"level-1\">ARGB\/FAN HUB INCLUIDO<\/h2>\n<div>\n<p>El controlador incluido permite a los usuarios administrar la iluminaci\u00f3n de los sistemas independientemente de la configuraci\u00f3n del hardware y proporciona al usuario 4 encabezados de ventilador adicionales en caso de necesidad.<\/p>\n<\/div>\n<\/div>\n<\/div>\n<\/div>\n<\/div>\n<\/section>\n<section id=\"block3dual360mmradiatorsupport\" class=\"exhibit \" data-bgset=\" [--small] |  [--medium] | \" data-sizes=\"auto\">\n<div class=\"container--main no-padding-right\">\n<div class=\"row\">\n<div class=\"col-md-6 flex-md-last\"><img decoding=\"async\" class=\"exhibit__image\" src=\"https:\/\/cdn.coolermaster.com\/media\/4826\/td500-crystal-block-03-imageleftorright.png\" alt=\"Dual 360mm Radiator Support\" height=\"1120\" \/><\/div>\n<div class=\"col-md-6 valign__text\">\n<div class=\"exhibit__text has-background\">\n<h2 class=\"level-1\">SOPORTE DE RADIADOR DOBLE DE 360 MM<\/h2>\n<div>\n<p>Para una refrigeraci\u00f3n de grado entusiasta, se admiten dos radiadores de 360 \u200b\u200bmm en la parte superior y en el panel frontal para mantener frescos los sistemas m\u00e1s extremos.<\/p>\n<\/div>\n<\/div>\n<\/div>\n<\/div>\n<\/div>\n<\/section>\n<section id=\"block4crystallinetemperedglass\" class=\"exhibit \" data-bgset=\" [--small] |  [--medium] | \" data-sizes=\"auto\">\n<div class=\"container--main no-padding-left\">\n<div class=\"row\">\n<div class=\"col-md-6\"><img decoding=\"async\" class=\"exhibit__image\" src=\"https:\/\/cdn.coolermaster.com\/media\/4827\/td500-crystal-block-04-imageleftorright.png\" alt=\"Crystalline Tempered Glass\" height=\"1120\" \/><\/div>\n<div class=\"col-md-6 valign__text\">\n<div class=\"exhibit__text has-background\">\n<h2 class=\"level-1\">VIDRIO TEMPLADO CRISTALINO<\/h2>\n<div>\n<p>Un dise\u00f1o cristalino se extiende por los bordes del panel lateral de vidrio templado, dise\u00f1ado con precisi\u00f3n para brindar resistencia y est\u00e9tica, elevando la forma en que las construcciones y la iluminaci\u00f3n del sistema interact\u00faan con el dise\u00f1o.<\/p>\n<\/div>\n<\/div>\n<\/div>\n<\/div>\n<\/div>\n<\/section>\n<section id=\"block5aestheticdiamondcutdesign\" class=\"exhibit \" data-bgset=\" [--small] |  [--medium] | \" data-sizes=\"auto\">\n<div class=\"container--main no-padding-right\">\n<div class=\"row\">\n<div class=\"col-md-6 flex-md-last\"><img decoding=\"async\" class=\"exhibit__image\" src=\"https:\/\/cdn.coolermaster.com\/media\/4828\/td500-crystal-block-05-imageleftorright.png\" alt=\"Aesthetic Diamond Cut Design\" height=\"1120\" \/><\/div>\n<div class=\"col-md-6 valign__text\">\n<div class=\"exhibit__text has-background\">\n<h2 class=\"level-1\">DISE\u00d1O EST\u00c9TICO DE CORTE DE DIAMANTE<\/h2>\n<div>\n<p>Se destaca del resto con un dise\u00f1o de corte de diamante tridimensional que muestra un efecto de iluminaci\u00f3n \u00fanico para la construcci\u00f3n de su sistema.<\/p>\n<\/div>\n<\/div>\n<\/div>\n<\/div>\n<\/div>\n<\/section>\n<section id=\"block6versatilecoolingoptions\" class=\"exhibit \" data-bgset=\" [--small] |  [--medium] | \" data-sizes=\"auto\">\n<div class=\"container--main no-padding-left\">\n<div class=\"row\">\n<div class=\"col-md-6\"><img decoding=\"async\" class=\"exhibit__image\" src=\"https:\/\/cdn.coolermaster.com\/media\/4829\/td500-crystal-block-06-imageleftorright.png\" alt=\"Versatile Cooling Options\" height=\"1120\" \/><\/div>\n<div class=\"col-md-6 valign__text\">\n<div class=\"exhibit__text has-background\">\n<h2 class=\"level-1\">OPCIONES DE REFRIGERACI\u00d3N VERS\u00c1TILES<\/h2>\n<div>\n<p>El soporte para hasta siete ventiladores de 120 mm y el soporte del radiador frontal y superior de 360 \u200b\u200bmm garantizan el rendimiento de refrigeraci\u00f3n.<\/p>\n<\/div>\n<\/div>\n<\/div>\n<\/div>\n<\/div>\n<\/section>\n<section id=\"block7roomforupgrades\" class=\"exhibit \" data-bgset=\" [--small] |  [--medium] | \" data-sizes=\"auto\">\n<div class=\"container--main no-padding-right\">\n<div class=\"row\">\n<div class=\"col-md-6 flex-md-last\"><img decoding=\"async\" class=\"exhibit__image\" src=\"https:\/\/cdn.coolermaster.com\/media\/4830\/td500-crystal-block-07-imageleftorright.png\" alt=\"Room For Upgrades\" height=\"1120\" \/><\/div>\n<div class=\"col-md-6 valign__text\">\n<div class=\"exhibit__text has-background\">\n<h2 class=\"level-1\">ESPACIO PARA ACTUALIZACIONES<\/h2>\n<div>\n<p>La compatibilidad con una tarjeta gr\u00e1fica de hasta 410 mm, un enfriador de CPU de 165 mm y una PSU de hasta 180 mm de largo brinda espacio para actualizaciones para mantenerse a la vanguardia del juego.<\/p>\n<\/div>\n<\/div>\n<\/div>\n<\/div>\n<\/div>\n<\/section>\n<section id=\"specifications\" class=\"tab-content__c\" data-offset=\"160\">\n<div class=\"tab-content owl-carousel owl-loaded\">\n<div class=\"owl-stage-outer owl-height\">\n<div class=\"owl-stage\">\n<div class=\"owl-item active center\">\n<div class=\"tab-content__item\" data-hash=\"specifications\">\n<div class=\"container--main\">\n<div class=\"tab-content__inner active\" data-dependent=\"tabs-1\" data-dependent-value=\"specifications\" data-dependent-show=\"slide\" data-dependent-hide=\"slide\">\n<div class=\"table-responsive\">\n<table class=\"compare-table\">\n<tbody>\n<tr>\n<td>\n<div class=\"table-responsive\">\n<table border=\"1\">\n<colgroup>\n<col span=\"1\" \/>\n<col span=\"1\" \/><\/colgroup>\n<tbody>\n<tr>\n<td>Model Number<\/td>\n<td>MCB-D500D-KGNN-SAU<\/td>\n<\/tr>\n<\/tbody>\n<\/table>\n<\/div>\n<\/td>\n<\/tr>\n<tr>\n<td>\n<div class=\"table-responsive\">\n<table border=\"1\">\n<colgroup>\n<col span=\"1\" \/>\n<col span=\"1\" \/><\/colgroup>\n<tbody>\n<tr>\n<td>Color(s)<\/td>\n<td>Black<\/td>\n<\/tr>\n<\/tbody>\n<\/table>\n<\/div>\n<\/td>\n<\/tr>\n<tr>\n<td>\n<div class=\"table-responsive\">\n<table border=\"1\">\n<colgroup>\n<col span=\"1\" \/>\n<col span=\"1\" \/><\/colgroup>\n<tbody>\n<tr>\n<td>Materials &#8211; Exterior<\/td>\n<td>Steel, Plastic<\/td>\n<\/tr>\n<\/tbody>\n<\/table>\n<\/div>\n<\/td>\n<\/tr>\n<tr>\n<td>\n<div class=\"table-responsive\">\n<table border=\"1\">\n<colgroup>\n<col span=\"1\" \/>\n<col span=\"1\" \/><\/colgroup>\n<tbody>\n<tr>\n<td>Materials &#8211; Left Side Panel<\/td>\n<td>Tempered Glass<\/td>\n<\/tr>\n<\/tbody>\n<\/table>\n<\/div>\n<\/td>\n<\/tr>\n<tr>\n<td>\n<div class=\"table-responsive\">\n<table border=\"1\">\n<colgroup>\n<col span=\"1\" \/>\n<col span=\"1\" \/><\/colgroup>\n<tbody>\n<tr>\n<td>Dimensions (L x W x H)<\/td>\n<td>493 x 217 x 469mm (incl. Protrusions), 429.5 x 205 x 447mm (excl. Protrusions)<\/td>\n<\/tr>\n<\/tbody>\n<\/table>\n<\/div>\n<\/td>\n<\/tr>\n<tr>\n<td>\n<div class=\"table-responsive\">\n<table border=\"1\">\n<colgroup>\n<col span=\"1\" \/>\n<col span=\"1\" \/><\/colgroup>\n<tbody>\n<tr>\n<td>Motherboard Support<\/td>\n<td>Mini ITX, Micro ATX, ATX, E-ATX*, (*up to 12&#8243; x 10.7&#8243; motherboards, may impact cable management feature)<\/td>\n<\/tr>\n<\/tbody>\n<\/table>\n<\/div>\n<\/td>\n<\/tr>\n<tr>\n<td>\n<div class=\"table-responsive\">\n<table border=\"1\">\n<colgroup>\n<col span=\"1\" \/>\n<col span=\"1\" \/><\/colgroup>\n<tbody>\n<tr>\n<td>Expansion Slots<\/td>\n<td>7<\/td>\n<\/tr>\n<\/tbody>\n<\/table>\n<\/div>\n<\/td>\n<\/tr>\n<tr>\n<td>\n<div class=\"table-responsive\">\n<table border=\"1\">\n<colgroup>\n<col span=\"1\" \/>\n<col span=\"1\" \/><\/colgroup>\n<tbody>\n<tr>\n<td>5.25&#8243; Drive Bays<\/td>\n<td>N\/A<\/td>\n<\/tr>\n<\/tbody>\n<\/table>\n<\/div>\n<\/td>\n<\/tr>\n<tr>\n<td>\n<div class=\"table-responsive\">\n<table border=\"1\">\n<colgroup>\n<col span=\"1\" \/>\n<col span=\"1\" \/><\/colgroup>\n<tbody>\n<tr>\n<td>2.5&#8243; \/ 3.5&#8243; Drive Bays (Combo)<\/td>\n<td>2<\/td>\n<\/tr>\n<\/tbody>\n<\/table>\n<\/div>\n<\/td>\n<\/tr>\n<tr>\n<td>\n<div class=\"table-responsive\">\n<table border=\"1\">\n<colgroup>\n<col span=\"1\" \/>\n<col span=\"1\" \/><\/colgroup>\n<tbody>\n<tr>\n<td>2.5&#8243; Drive Bays<\/td>\n<td>4 (2+2 combo)<\/td>\n<\/tr>\n<\/tbody>\n<\/table>\n<\/div>\n<\/td>\n<\/tr>\n<tr>\n<td>\n<div class=\"table-responsive\">\n<table border=\"1\">\n<colgroup>\n<col span=\"1\" \/>\n<col span=\"1\" \/><\/colgroup>\n<tbody>\n<tr>\n<td>I\/O Panel<\/td>\n<td>2x USB 3.2 Gen 1 (USB 3.0), 1x 3.5mm Audio Jack, 1x 3.5mm Mic Jack, 1x ARGB Hub<\/td>\n<\/tr>\n<\/tbody>\n<\/table>\n<\/div>\n<\/td>\n<\/tr>\n<tr>\n<td>\n<div class=\"table-responsive\">\n<table border=\"1\">\n<colgroup>\n<col span=\"1\" \/>\n<col span=\"1\" \/><\/colgroup>\n<tbody>\n<tr>\n<td>Pre-installed Fans &#8211; Front<\/td>\n<td>3x 120mm CF120 ARGB<\/td>\n<\/tr>\n<\/tbody>\n<\/table>\n<\/div>\n<\/td>\n<\/tr>\n<tr>\n<td>\n<div class=\"table-responsive\">\n<table border=\"1\">\n<colgroup>\n<col span=\"1\" \/>\n<col span=\"1\" \/><\/colgroup>\n<tbody>\n<tr>\n<td>Pre-installed Fans &#8211; Rear<\/td>\n<td>N\/A<\/td>\n<\/tr>\n<\/tbody>\n<\/table>\n<\/div>\n<\/td>\n<\/tr>\n<tr>\n<td>\n<div class=\"table-responsive\">\n<table border=\"1\">\n<colgroup>\n<col span=\"1\" \/>\n<col span=\"1\" \/><\/colgroup>\n<tbody>\n<tr>\n<td>Fan Support &#8211; Top<\/td>\n<td>3x 120mm, 2x 140mm<\/td>\n<\/tr>\n<\/tbody>\n<\/table>\n<\/div>\n<\/td>\n<\/tr>\n<tr>\n<td>\n<div class=\"table-responsive\">\n<table border=\"1\">\n<colgroup>\n<col span=\"1\" \/>\n<col span=\"1\" \/><\/colgroup>\n<tbody>\n<tr>\n<td>Fan Support &#8211; Front<\/td>\n<td>3x 120mm, 2x 140mm<\/td>\n<\/tr>\n<\/tbody>\n<\/table>\n<\/div>\n<\/td>\n<\/tr>\n<tr>\n<td>\n<div class=\"table-responsive\">\n<table border=\"1\">\n<colgroup>\n<col span=\"1\" \/>\n<col span=\"1\" \/><\/colgroup>\n<tbody>\n<tr>\n<td>Fan Support &#8211; Rear<\/td>\n<td>1x 120mm<\/td>\n<\/tr>\n<\/tbody>\n<\/table>\n<\/div>\n<\/td>\n<\/tr>\n<tr>\n<td>\n<div class=\"table-responsive\">\n<table border=\"1\">\n<colgroup>\n<col span=\"1\" \/>\n<col span=\"1\" \/><\/colgroup>\n<tbody>\n<tr>\n<td>Radiator Support &#8211; Top<\/td>\n<td>120mm, 240mm, 360mm, (44mm max motherboard component height)<\/td>\n<\/tr>\n<\/tbody>\n<\/table>\n<\/div>\n<\/td>\n<\/tr>\n<tr>\n<td>\n<div class=\"table-responsive\">\n<table border=\"1\">\n<colgroup>\n<col span=\"1\" \/>\n<col span=\"1\" \/><\/colgroup>\n<tbody>\n<tr>\n<td>Radiator Support &#8211; Front<\/td>\n<td>120mm, 140mm, 240mm, 280mm, 360mm<\/td>\n<\/tr>\n<\/tbody>\n<\/table>\n<\/div>\n<\/td>\n<\/tr>\n<tr>\n<td>\n<div class=\"table-responsive\">\n<table border=\"1\">\n<colgroup>\n<col span=\"1\" \/>\n<col span=\"1\" \/><\/colgroup>\n<tbody>\n<tr>\n<td>Radiator Support &#8211; Rear<\/td>\n<td>120mm<\/td>\n<\/tr>\n<\/tbody>\n<\/table>\n<\/div>\n<\/td>\n<\/tr>\n<tr>\n<td>\n<div class=\"table-responsive\">\n<table border=\"1\">\n<colgroup>\n<col span=\"1\" \/>\n<col span=\"1\" \/><\/colgroup>\n<tbody>\n<tr>\n<td>Clearance &#8211; CPU Cooler<\/td>\n<td>165mm\/6.49&#8243;<\/td>\n<\/tr>\n<\/tbody>\n<\/table>\n<\/div>\n<\/td>\n<\/tr>\n<tr>\n<td>\n<div class=\"table-responsive\">\n<table border=\"1\">\n<colgroup>\n<col span=\"1\" \/>\n<col span=\"1\" \/><\/colgroup>\n<tbody>\n<tr>\n<td>Clearance &#8211; PSU<\/td>\n<td>180mm\/7.08&#8243;<\/td>\n<\/tr>\n<\/tbody>\n<\/table>\n<\/div>\n<\/td>\n<\/tr>\n<tr>\n<td>\n<div class=\"table-responsive\">\n<table border=\"1\">\n<colgroup>\n<col span=\"1\" \/>\n<col span=\"1\" \/><\/colgroup>\n<tbody>\n<tr>\n<td>Clearance &#8211; GFX<\/td>\n<td>410mm\/16.1&#8243;<\/td>\n<\/tr>\n<\/tbody>\n<\/table>\n<\/div>\n<\/td>\n<\/tr>\n<tr>\n<td>\n<div class=\"table-responsive\">\n<table border=\"1\">\n<colgroup>\n<col span=\"1\" \/>\n<col span=\"1\" \/><\/colgroup>\n<tbody>\n<tr>\n<td>Cable Routing<\/td>\n<td>19mm\/0.74&#8243;<\/td>\n<\/tr>\n<\/tbody>\n<\/table>\n<\/div>\n<\/td>\n<\/tr>\n<tr>\n<td>\n<div class=\"table-responsive\">\n<table border=\"1\">\n<colgroup>\n<col span=\"1\" \/>\n<col span=\"1\" \/><\/colgroup>\n<tbody>\n<tr>\n<td>Dust Filters<\/td>\n<td>Front, Top, Bottom<\/td>\n<\/tr>\n<\/tbody>\n<\/table>\n<\/div>\n<\/td>\n<\/tr>\n<tr>\n<td>\n<div class=\"table-responsive\">\n<table border=\"1\">\n<colgroup>\n<col span=\"1\" \/>\n<col span=\"1\" \/><\/colgroup>\n<tbody>\n<tr>\n<td>Power Supply Support<\/td>\n<td>Bottom Mount, ATX<\/td>\n<\/tr>\n<\/tbody>\n<\/table>\n<\/div>\n<\/td>\n<\/tr>\n<tr>\n<td>\n<div class=\"table-responsive\">\n<table border=\"1\">\n<colgroup>\n<col span=\"1\" \/>\n<col span=\"1\" \/><\/colgroup>\n<tbody>\n<tr>\n<td>Warranty<\/td>\n<td>2 years<\/td>\n<\/tr>\n<\/tbody>\n<\/table>\n<\/div>\n<\/td>\n<\/tr>\n<tr>\n<td>\n<div class=\"table-responsive\">\n<table border=\"1\">\n<colgroup>\n<col span=\"1\" \/>\n<col span=\"1\" \/><\/colgroup>\n<tbody>\n<tr>\n<td>Size<\/td>\n<td>Mid Tower<\/td>\n<\/tr>\n<\/tbody>\n<\/table>\n<\/div>\n<\/td>\n<\/tr>\n<tr>\n<td>\n<div class=\"table-responsive\">\n<table border=\"1\">\n<colgroup>\n<col span=\"1\" \/>\n<col span=\"1\" \/><\/colgroup>\n<tbody>\n<tr>\n<td>Series<\/td>\n<td>MasterBox Series<\/td>\n<\/tr>\n<\/tbody>\n<\/table>\n<\/div>\n<\/td>\n<\/tr>\n<\/tbody>\n<\/table>\n<\/div>\n<\/div>\n<\/div>\n<\/div>\n<\/div>\n<\/div>\n<\/div>\n<\/div>\n<\/section>\n","protected":false},"excerpt":{"rendered":"<div class=\"product__titles\">\n<h2 class=\"product__subtitle text-glitch-2\" data-text=\"Crystal Clear Finesse\">CRYSTAL CLEAR FINESSE<\/h2>\n<\/div>\n<div class=\"product__summary\">\n<p>Crystalline Tempered Glass<br \/>\nTriple ARGB Fans<br \/>\nDual 360mm Radiator Support<br \/>\nDiamond Cut Design<br \/>\nVersatile Cooling Options<br \/>\nRoom For Upgrades<\/p>\n<\/div>\n","protected":false},"featured_media":20337,"comment_status":"closed","ping_status":"closed","template":"","meta":[],"pwb-brand":[123],"product_brand":[],"product_cat":[76],"product_tag":[380,390,379,407],"class_list":{"0":"post-20336","1":"product","2":"type-product","3":"status-publish","4":"has-post-thumbnail","6":"pwb-brand-cooler-master","7":"product_cat-chasis","8":"product_tag-chasis","9":"product_tag-coolermaster","10":"product_tag-gabinete","11":"product_tag-rgb","13":"first","14":"instock","15":"taxable","16":"shipping-taxable","17":"purchasable","18":"product-type-simple"},"yoast_head":"<!-- This site is optimized with the Yoast SEO plugin v26.7 - https:\/\/yoast.com\/wordpress\/plugins\/seo\/ -->\n<title>COOLERMASTER MASTERBOX TD500 CRYSTAL - PC MASTERS BOGOTA<\/title>\n<meta name=\"robots\" content=\"index, follow, max-snippet:-1, max-image-preview:large, max-video-preview:-1\" \/>\n<link rel=\"canonical\" href=\"https:\/\/pcmastersbogota.com.co\/es_es\/producto\/coolermaster-masterbox-td500-crystal\/\" \/>\n<meta property=\"og:locale\" content=\"es_ES\" \/>\n<meta property=\"og:type\" content=\"article\" \/>\n<meta property=\"og:title\" content=\"COOLERMASTER MASTERBOX TD500 CRYSTAL - PC MASTERS BOGOTA\" \/>\n<meta property=\"og:description\" content=\"CRYSTAL CLEAR FINESSE    Crystalline Tempered Glass Triple ARGB Fans Dual 360mm Radiator Support Diamond Cut Design Versatile Cooling Options Room For Upgrades\" \/>\n<meta property=\"og:url\" content=\"https:\/\/pcmastersbogota.com.co\/es_es\/producto\/coolermaster-masterbox-td500-crystal\/\" \/>\n<meta property=\"og:site_name\" content=\"PC MASTERS BOGOTA\" \/>\n<meta property=\"article:modified_time\" content=\"2025-10-31T20:45:08+00:00\" \/>\n<meta property=\"og:image\" content=\"https:\/\/pcmastersbogota.com.co\/wp-content\/uploads\/2023\/06\/imagen_2023-06-23_153437168-1024x1024.png\" \/>\n\t<meta property=\"og:image:width\" content=\"1024\" \/>\n\t<meta property=\"og:image:height\" content=\"1024\" \/>\n\t<meta property=\"og:image:type\" content=\"image\/png\" \/>\n<meta name=\"twitter:card\" content=\"summary_large_image\" \/>\n<meta name=\"twitter:label1\" content=\"Tiempo de lectura\" \/>\n\t<meta name=\"twitter:data1\" content=\"2 minutos\" \/>\n<script type=\"application\/ld+json\" class=\"yoast-schema-graph\">{\"@context\":\"https:\/\/schema.org\",\"@graph\":[{\"@type\":\"WebPage\",\"@id\":\"https:\/\/pcmastersbogota.com.co\/producto\/coolermaster-masterbox-td500-crystal\/\",\"url\":\"https:\/\/pcmastersbogota.com.co\/producto\/coolermaster-masterbox-td500-crystal\/\",\"name\":\"COOLERMASTER MASTERBOX TD500 CRYSTAL - PC MASTERS BOGOTA\",\"isPartOf\":{\"@id\":\"https:\/\/pcmastersbogota.com.co\/es_es\/#website\"},\"primaryImageOfPage\":{\"@id\":\"https:\/\/pcmastersbogota.com.co\/producto\/coolermaster-masterbox-td500-crystal\/#primaryimage\"},\"image\":{\"@id\":\"https:\/\/pcmastersbogota.com.co\/producto\/coolermaster-masterbox-td500-crystal\/#primaryimage\"},\"thumbnailUrl\":\"https:\/\/pcmastersbogota.com.co\/wp-content\/uploads\/2023\/06\/imagen_2023-06-23_153437168.png\",\"datePublished\":\"2023-06-23T20:44:09+00:00\",\"dateModified\":\"2025-10-31T20:45:08+00:00\",\"breadcrumb\":{\"@id\":\"https:\/\/pcmastersbogota.com.co\/producto\/coolermaster-masterbox-td500-crystal\/#breadcrumb\"},\"inLanguage\":\"es\",\"potentialAction\":[{\"@type\":\"ReadAction\",\"target\":[\"https:\/\/pcmastersbogota.com.co\/producto\/coolermaster-masterbox-td500-crystal\/\"]}]},{\"@type\":\"ImageObject\",\"inLanguage\":\"es\",\"@id\":\"https:\/\/pcmastersbogota.com.co\/producto\/coolermaster-masterbox-td500-crystal\/#primaryimage\",\"url\":\"https:\/\/pcmastersbogota.com.co\/wp-content\/uploads\/2023\/06\/imagen_2023-06-23_153437168.png\",\"contentUrl\":\"https:\/\/pcmastersbogota.com.co\/wp-content\/uploads\/2023\/06\/imagen_2023-06-23_153437168.png\",\"width\":4000,\"height\":4000},{\"@type\":\"BreadcrumbList\",\"@id\":\"https:\/\/pcmastersbogota.com.co\/producto\/coolermaster-masterbox-td500-crystal\/#breadcrumb\",\"itemListElement\":[{\"@type\":\"ListItem\",\"position\":1,\"name\":\"Home\",\"item\":\"https:\/\/pcmastersbogota.com.co\/\"},{\"@type\":\"ListItem\",\"position\":2,\"name\":\"Tienda\",\"item\":\"https:\/\/pcmastersbogota.com.co\/es_es\/tienda\/\"},{\"@type\":\"ListItem\",\"position\":3,\"name\":\"COOLERMASTER MASTERBOX TD500 CRYSTAL\"}]},{\"@type\":\"WebSite\",\"@id\":\"https:\/\/pcmastersbogota.com.co\/es_es\/#website\",\"url\":\"https:\/\/pcmastersbogota.com.co\/es_es\/\",\"name\":\"PC MASTERS BOGOTA\",\"description\":\"\",\"potentialAction\":[{\"@type\":\"SearchAction\",\"target\":{\"@type\":\"EntryPoint\",\"urlTemplate\":\"https:\/\/pcmastersbogota.com.co\/es_es\/?s={search_term_string}\"},\"query-input\":{\"@type\":\"PropertyValueSpecification\",\"valueRequired\":true,\"valueName\":\"search_term_string\"}}],\"inLanguage\":\"es\"}]}<\/script>\n<!-- \/ Yoast SEO plugin. -->","yoast_head_json":{"title":"COOLERMASTER MASTERBOX TD500 CRYSTAL - PC MASTERS BOGOTA","robots":{"index":"index","follow":"follow","max-snippet":"max-snippet:-1","max-image-preview":"max-image-preview:large","max-video-preview":"max-video-preview:-1"},"canonical":"https:\/\/pcmastersbogota.com.co\/es_es\/producto\/coolermaster-masterbox-td500-crystal\/","og_locale":"es_ES","og_type":"article","og_title":"COOLERMASTER MASTERBOX TD500 CRYSTAL - PC MASTERS BOGOTA","og_description":"CRYSTAL CLEAR FINESSE    Crystalline Tempered Glass Triple ARGB Fans Dual 360mm Radiator Support Diamond Cut Design Versatile Cooling Options Room For Upgrades","og_url":"https:\/\/pcmastersbogota.com.co\/es_es\/producto\/coolermaster-masterbox-td500-crystal\/","og_site_name":"PC MASTERS BOGOTA","article_modified_time":"2025-10-31T20:45:08+00:00","og_image":[{"width":1024,"height":1024,"url":"https:\/\/pcmastersbogota.com.co\/wp-content\/uploads\/2023\/06\/imagen_2023-06-23_153437168-1024x1024.png","type":"image\/png"}],"twitter_card":"summary_large_image","twitter_misc":{"Tiempo de lectura":"2 minutos"},"schema":{"@context":"https:\/\/schema.org","@graph":[{"@type":"WebPage","@id":"https:\/\/pcmastersbogota.com.co\/producto\/coolermaster-masterbox-td500-crystal\/","url":"https:\/\/pcmastersbogota.com.co\/producto\/coolermaster-masterbox-td500-crystal\/","name":"COOLERMASTER MASTERBOX TD500 CRYSTAL - PC MASTERS BOGOTA","isPartOf":{"@id":"https:\/\/pcmastersbogota.com.co\/es_es\/#website"},"primaryImageOfPage":{"@id":"https:\/\/pcmastersbogota.com.co\/producto\/coolermaster-masterbox-td500-crystal\/#primaryimage"},"image":{"@id":"https:\/\/pcmastersbogota.com.co\/producto\/coolermaster-masterbox-td500-crystal\/#primaryimage"},"thumbnailUrl":"https:\/\/pcmastersbogota.com.co\/wp-content\/uploads\/2023\/06\/imagen_2023-06-23_153437168.png","datePublished":"2023-06-23T20:44:09+00:00","dateModified":"2025-10-31T20:45:08+00:00","breadcrumb":{"@id":"https:\/\/pcmastersbogota.com.co\/producto\/coolermaster-masterbox-td500-crystal\/#breadcrumb"},"inLanguage":"es","potentialAction":[{"@type":"ReadAction","target":["https:\/\/pcmastersbogota.com.co\/producto\/coolermaster-masterbox-td500-crystal\/"]}]},{"@type":"ImageObject","inLanguage":"es","@id":"https:\/\/pcmastersbogota.com.co\/producto\/coolermaster-masterbox-td500-crystal\/#primaryimage","url":"https:\/\/pcmastersbogota.com.co\/wp-content\/uploads\/2023\/06\/imagen_2023-06-23_153437168.png","contentUrl":"https:\/\/pcmastersbogota.com.co\/wp-content\/uploads\/2023\/06\/imagen_2023-06-23_153437168.png","width":4000,"height":4000},{"@type":"BreadcrumbList","@id":"https:\/\/pcmastersbogota.com.co\/producto\/coolermaster-masterbox-td500-crystal\/#breadcrumb","itemListElement":[{"@type":"ListItem","position":1,"name":"Home","item":"https:\/\/pcmastersbogota.com.co\/"},{"@type":"ListItem","position":2,"name":"Tienda","item":"https:\/\/pcmastersbogota.com.co\/es_es\/tienda\/"},{"@type":"ListItem","position":3,"name":"COOLERMASTER MASTERBOX TD500 CRYSTAL"}]},{"@type":"WebSite","@id":"https:\/\/pcmastersbogota.com.co\/es_es\/#website","url":"https:\/\/pcmastersbogota.com.co\/es_es\/","name":"PC MASTERS BOGOTA","description":"","potentialAction":[{"@type":"SearchAction","target":{"@type":"EntryPoint","urlTemplate":"https:\/\/pcmastersbogota.com.co\/es_es\/?s={search_term_string}"},"query-input":{"@type":"PropertyValueSpecification","valueRequired":true,"valueName":"search_term_string"}}],"inLanguage":"es"}]}},"brands":[{"id":123,"name":"COOLER MASTER","slug":"cooler-master"}],"_links":{"self":[{"href":"https:\/\/pcmastersbogota.com.co\/es_es\/wp-json\/wp\/v2\/product\/20336","targetHints":{"allow":["GET"]}}],"collection":[{"href":"https:\/\/pcmastersbogota.com.co\/es_es\/wp-json\/wp\/v2\/product"}],"about":[{"href":"https:\/\/pcmastersbogota.com.co\/es_es\/wp-json\/wp\/v2\/types\/product"}],"replies":[{"embeddable":true,"href":"https:\/\/pcmastersbogota.com.co\/es_es\/wp-json\/wp\/v2\/comments?post=20336"}],"version-history":[{"count":1,"href":"https:\/\/pcmastersbogota.com.co\/es_es\/wp-json\/wp\/v2\/product\/20336\/revisions"}],"predecessor-version":[{"id":20344,"href":"https:\/\/pcmastersbogota.com.co\/es_es\/wp-json\/wp\/v2\/product\/20336\/revisions\/20344"}],"wp:featuredmedia":[{"embeddable":true,"href":"https:\/\/pcmastersbogota.com.co\/es_es\/wp-json\/wp\/v2\/media\/20337"}],"wp:attachment":[{"href":"https:\/\/pcmastersbogota.com.co\/es_es\/wp-json\/wp\/v2\/media?parent=20336"}],"wp:term":[{"taxonomy":"pwb-brand","embeddable":true,"href":"https:\/\/pcmastersbogota.com.co\/es_es\/wp-json\/wp\/v2\/pwb-brand?post=20336"},{"taxonomy":"product_brand","embeddable":true,"href":"https:\/\/pcmastersbogota.com.co\/es_es\/wp-json\/wp\/v2\/product_brand?post=20336"},{"taxonomy":"product_cat","embeddable":true,"href":"https:\/\/pcmastersbogota.com.co\/es_es\/wp-json\/wp\/v2\/product_cat?post=20336"},{"taxonomy":"product_tag","embeddable":true,"href":"https:\/\/pcmastersbogota.com.co\/es_es\/wp-json\/wp\/v2\/product_tag?post=20336"}],"curies":[{"name":"wp","href":"https:\/\/api.w.org\/{rel}","templated":true}]}}