{"id":20484,"date":"2023-07-18T00:04:11","date_gmt":"2023-07-18T05:04:11","guid":{"rendered":"https:\/\/pcmastersbogota.com.co\/?post_type=product&#038;p=20484"},"modified":"2024-10-20T10:12:04","modified_gmt":"2024-10-20T15:12:04","slug":"amd-ryzen-9-7950x-16-nucleos-32-hilos-5-7ghz","status":"publish","type":"product","link":"https:\/\/pcmastersbogota.com.co\/es_es\/producto\/amd-ryzen-9-7950x-16-nucleos-32-hilos-5-7ghz\/","title":{"rendered":"AMD Ryzen\u2122 9 7950X \/ 16 NUCLEOS \/ 32 HILOS \/ 5.7GHZ"},"content":{"rendered":"<h2 class=\"field section-title field--name-name field--type-string field--label-hidden field__item\">AMD Ryzen\u2122 9 7950X<\/h2>\n<p><img decoding=\"async\" src=\"https:\/\/media.flixfacts.com\/inpage\/amd-components\/Ryzen-9-7950X\/img\/feature-banner.png\" alt=\"AMD Ryzen 9 7950X - 16-Core 4.5 GHz - Socket AM5 - 170W Desktop Processor (100-100000514WOF) Processors - Desktops - Newegg.ca\" \/><\/p>\n<fieldset class=\"closed js-form-item form-item js-form-wrapper form-wrapper\">\n<legend><span class=\"fieldset-legend\" tabindex=\"0\">General Specifications<\/span><\/legend>\n<div class=\"fieldset-wrapper\">\n<div class=\"field field--name-field-regional-availability field--type-list-string field--label-inline\">\n<div class=\"field__label\">Regional Availability<\/div>\n<div class=\"field__items\">\n<div class=\"field__item\">Global<\/div>\n<\/div>\n<\/div>\n<div class=\"field field--name-platform field--type-list-string field--label-inline\">\n<div class=\"field__label\">Plataforma<\/div>\n<div class=\"field__items\">\n<div class=\"field__item\">Computadora de escritorio<\/div>\n<\/div>\n<\/div>\n<div class=\"field field--name-product-type field--type-entity-reference field--label-inline\">\n<div class=\"field__label\">Familia de productos<\/div>\n<div class=\"field__item\">AMD Ryzen\u2122 Processors<\/div>\n<\/div>\n<div class=\"field field--name-product-type field--type-entity-reference field--label-inline\">\n<div class=\"field__label\">L\u00ednea de productos<\/div>\n<div class=\"field__item\">AMD Ryzen\u2122 9 Processors<\/div>\n<\/div>\n<div class=\"field field--name-field-cpu-core-count field--type-integer field--label-inline\">\n<div class=\"field__label\">N.\u00b0 de n\u00facleos de CPU<\/div>\n<div class=\"field__item\">16<\/div>\n<\/div>\n<div class=\"field field--name-field-thread-count field--type-integer field--label-inline\">\n<div class=\"field__label\">N.\u00b0 de subprocesos<\/div>\n<div class=\"field__item\">32<\/div>\n<\/div>\n<div class=\"field field--name-field-max-cpu-clock-speed field--type-integer field--label-inline\">\n<div class=\"field__label data-spec-footnote-MROM-001\">Reloj de aumento m\u00e1x.<button class=\"spec-footnote-link\" style=\"box-sizing: border-box; margin: 0px; padding: 0px; color: #0070c9; font: inherit; overflow: visible; text-transform: none; appearance: button; cursor: pointer; background-color: transparent; text-decoration: none; transition: all 0.2s ease 0s; border: none !important;\" title=\"\" data-toggle=\"tooltip\" data-delay=\"{&quot;hide&quot;: 500}\" data-bs-delay=\"{&quot;hide&quot;: 500}\" data-bs-html=\"true\" data-html=\"true\" data-placement=\"bottom\" data-bs-placement=\"bottom\" data-original-title=\"&lt;p&gt;El aumento m\u00e1ximo en los procesadores AMD Ryzen corresponde a la frecuencia m\u00e1xima que un solo n\u00facleo de procesador puede alcanzar cuando ejecuta una carga de trabajo de un solo proceso a r\u00e1fagas. El aumento m\u00e1ximo variar\u00e1 en funci\u00f3n de diferentes factores, incluidos, entre otros: la pasta t\u00e9rmica; el sistema de refrigeraci\u00f3n; el dise\u00f1o y la BIOS de la motherboard; el \u00faltimo controlador del chipset de AMD; las \u00faltimas actualizaciones del sistema operativo. &lt;a data-entity-substitution=&quot;canonical&quot; data-entity-type=&quot;node&quot; data-entity-uuid=&quot;c4beaec9-ef7b-4cec-81ec-8a7455195d9b&quot; href=&quot;\/es\/support\/kb\/faq\/cpu-pb2&quot; title=&quot;Tecnolog\u00eda AMD Ryzen\u2122: mejora de rendimiento con Precision Boost 2&quot;&gt;Obtenga m\u00e1s informaci\u00f3n&lt;\/a&gt;.&lt;\/p&gt;\"><i class=\"fas fa-info-circle\"><\/i><\/button><\/div>\n<div class=\"field__item\">Hasta 5.7GHz<\/div>\n<\/div>\n<div class=\"field field--name-field-cpu-clock-speed field--type-integer field--label-inline\">\n<div class=\"field__label\">Reloj base<\/div>\n<div class=\"field__item\">4.5GHz<\/div>\n<\/div>\n<div class=\"field field--name-field-total-l1-cache field--type-integer field--label-inline\">\n<div class=\"field__label\">Cach\u00e9 L1 total<\/div>\n<div class=\"field__item\">1MB<\/div>\n<\/div>\n<div class=\"field field--name-field-total-l2-cache field--type-integer field--label-inline\">\n<div class=\"field__label\">Cach\u00e9 L2 total<\/div>\n<div class=\"field__item\">16MB<\/div>\n<\/div>\n<div class=\"field field--name-field-total-l3-cache field--type-integer field--label-inline\">\n<div class=\"field__label\">Cach\u00e9 L3 total<\/div>\n<div class=\"field__item\">64MB<\/div>\n<\/div>\n<div class=\"field field--name-field-default-tdp field--type-string field--label-inline\">\n<div class=\"field__label\">TDP\/TDP predeterminado<\/div>\n<div class=\"field__item\">170W<\/div>\n<\/div>\n<div class=\"field field--name-field-cmos field--type-list-string field--label-inline\">\n<div class=\"field__label\">Processor Technology for CPU Cores<\/div>\n<div class=\"field__item\">TSMC 5nm FinFET<\/div>\n<\/div>\n<div class=\"field field--name-field-unlocked field--type-list-string field--label-inline\">\n<div class=\"field__label data-spec-footnote-GD-26\">Desbloqueados<button class=\"spec-footnote-link\" style=\"box-sizing: border-box; margin: 0px; padding: 0px; color: #0070c9; font: inherit; overflow: visible; text-transform: none; appearance: button; cursor: pointer; background-color: transparent; text-decoration: none; transition: all 0.2s ease 0s; border: none !important;\" title=\"\" data-toggle=\"tooltip\" data-delay=\"{&quot;hide&quot;: 500}\" data-bs-delay=\"{&quot;hide&quot;: 500}\" data-bs-html=\"true\" data-html=\"true\" data-placement=\"bottom\" data-bs-placement=\"bottom\" data-original-title=\"&lt;p&gt;La garant\u00eda del producto AMD no cubre los da\u00f1os ocasionados por overclocking, incluso si esta funci\u00f3n se activa mediante hardware o software de AMD. GD-26.&lt;\/p&gt;\"><i class=\"fas fa-info-circle\"><\/i><\/button><\/div>\n<div class=\"field__item\">S\u00ed<\/div>\n<\/div>\n<div class=\"field field--name-field-socket field--type-list-string field--label-inline\">\n<div class=\"field__label\">Paquete<\/div>\n<div class=\"field__items\">\n<div class=\"field__item\">AM5<\/div>\n<\/div>\n<\/div>\n<div class=\"field field--name-field-thermal-solution field--type-string field--label-inline\">\n<div class=\"field__label\">Soluci\u00f3n t\u00e9rmica<\/div>\n<div class=\"field__item\">Not included<\/div>\n<\/div>\n<div class=\"field field--name-recommended-cooler field--type-list-string field--label-inline\">\n<div class=\"field__label\">Recommended Cooler<\/div>\n<div class=\"field__item\">Liquid cooler recommended for optimal performance<\/div>\n<\/div>\n<div class=\"field field--name-field-max-temps field--type-decimal field--label-inline\">\n<div class=\"field__label\">Temp. m\u00e1x.<\/div>\n<div class=\"field__item\">95\u00b0C<\/div>\n<\/div>\n<div class=\"field field--name-field-launch-date-new field--type-datetime field--label-inline\">\n<div class=\"field__label\">Launch Date<\/div>\n<div class=\"field__item\"><time datetime=\"2022-09-27T12:00:00Z\">27\/9\/2022<\/time><\/div>\n<\/div>\n<div class=\"field field--name-field-os-support field--type-entity-reference field--label-inline\">\n<div class=\"field__label\">*Compatible con SO<\/div>\n<div class=\"field__items \">\n<div class=\"field__item\">Windows 11 &#8211; Edici\u00f3n de 64-bits<\/div>\n<div class=\"field__item\">Windows 10 edici\u00f3n de 64\u00b7bits<\/div>\n<div class=\"field__item\">RHEL x86 edici\u00f3n de 64\u00b7bits<\/div>\n<div class=\"field__item\">Ubuntu x86 edici\u00f3n de 64\u00b7bits<\/div>\n<div class=\"field__item\">*El soporte del sistema operativo (SO) variar\u00e1 seg\u00fan el fabricante.<\/div>\n<\/div>\n<\/div>\n<\/div>\n<\/fieldset>\n<fieldset class=\"js-form-item form-item js-form-wrapper form-wrapper\">\n<legend><span class=\"fieldset-legend\" tabindex=\"0\">Connectivity<\/span><\/legend>\n<div class=\"fieldset-wrapper\">\n<div class=\"field field--name-field-bus-type field--type-list-string field--label-inline\">\n<div class=\"field__label\">Versi\u00f3n de PCI Express<\/div>\n<div class=\"field__items\">\n<div class=\"field__item\">PCIe\u00ae 5.0<\/div>\n<\/div>\n<\/div>\n<div class=\"field field--name-field-memory-type field--type-list-string field--label-inline\">\n<div class=\"field__label\">Tipo de memoria<\/div>\n<div class=\"field__items\">\n<div class=\"field__item\">DDR5<\/div>\n<\/div>\n<\/div>\n<div class=\"field field--name-field-memory-channels field--type-integer field--label-inline\">\n<div class=\"field__label\">Canales de memoria<\/div>\n<div class=\"field__item\">2<\/div>\n<\/div>\n<div class=\"field field--name-field-max-memory-speed-keys field--type-key-value field--label-inline\">\n<div class=\"field__label\">Max Memory Speed<\/div>\n<div class=\"key__values\">\n<div class=\"field field--name-field-max-memory-speed-keys field--type-key-value field--label-inline key__value\">\n<div class=\"key\">2x1R<\/div>\n<div class=\"value\">\n<p>DDR5-5200<\/p>\n<\/div>\n<\/div>\n<div class=\"field field--name-field-max-memory-speed-keys field--type-key-value field--label-inline key__value\">\n<div class=\"key\">2x2R<\/div>\n<div class=\"value\">\n<p>DDR5-5200<\/p>\n<\/div>\n<\/div>\n<div class=\"field field--name-field-max-memory-speed-keys field--type-key-value field--label-inline key__value\">\n<div class=\"key\">4x1R<\/div>\n<div class=\"value\">\n<p>DDR5-3600<\/p>\n<\/div>\n<\/div>\n<div class=\"field field--name-field-max-memory-speed-keys field--type-key-value field--label-inline key__value\">\n<div class=\"key\">4x2R<\/div>\n<div class=\"value\">\n<p>DDR5-3600<\/p>\n<\/div>\n<\/div>\n<\/div>\n<\/div>\n<\/div>\n<\/fieldset>\n<fieldset class=\"closed js-form-item form-item js-form-wrapper form-wrapper\">\n<legend><span class=\"fieldset-legend\" tabindex=\"0\">Graphics Capabilities<\/span><\/legend>\n<div class=\"fieldset-wrapper\">\n<div class=\"field field--name-field-apu-graphics field--type-string field--label-inline\">\n<div class=\"field__label\">Modelo de gr\u00e1ficos<\/div>\n<div class=\"field__item\">AMD Radeon\u2122 Graphics<\/div>\n<\/div>\n<div class=\"field field--name-field-gpu-core-count field--type-integer field--label-inline\">\n<div class=\"field__label\">N.\u00b0 de n\u00facleos de GPU<\/div>\n<div class=\"field__item\">2<\/div>\n<\/div>\n<div class=\"field field--name-field-gpu-clock-speed field--type-integer field--label-inline\">\n<div class=\"field__label\">Frecuencia de gr\u00e1ficos<\/div>\n<div class=\"field__items\">\n<div class=\"field__item\">2200 MHz<\/div>\n<\/div>\n<\/div>\n<\/div>\n<\/fieldset>\n<fieldset class=\"closed js-form-item form-item js-form-wrapper form-wrapper\">\n<legend><span class=\"fieldset-legend\" tabindex=\"0\">Product IDs<\/span><\/legend>\n<div class=\"fieldset-wrapper\">\n<div class=\"field field--name-field-opn-pib field--type-string field--label-inline\">\n<div class=\"field__label\">Product ID Boxed<\/div>\n<div class=\"field__items\">\n<div class=\"field__item\">100-100000514WOF<\/div>\n<\/div>\n<\/div>\n<div class=\"field field--name-field-opn-tray field--type-string field--label-inline\">\n<div class=\"field__label\">Bandeja OPN<\/div>\n<div class=\"field__items\">\n<div class=\"field__item\">100-000000514<\/div>\n<\/div>\n<\/div>\n<\/div>\n<\/fieldset>\n<fieldset class=\"closed js-form-item form-item js-form-wrapper form-wrapper\">\n<legend><span class=\"fieldset-legend\" tabindex=\"0\">Key Features<\/span><\/legend>\n<div class=\"fieldset-wrapper\">\n<div class=\"field field--name-supported-technologies field--type-entity-reference field--label-inline data-spec-footnote-technology\">\n<div class=\"field__label\">Tecnolog\u00edas compatibles<\/div>\n<div class=\"field__items field--count-2 \">\n<div class=\"field__item\">AMD EXPO\u2122 Technology<\/div>\n<div class=\"field__item\">AMD Ryzen\u2122 Technologies<\/div>\n<\/div>\n<\/div>\n<\/div>\n<\/fieldset>\n","protected":false},"excerpt":{"rendered":"<p><span id=\"general-specifications\" class=\"fieldset-legend\" tabindex=\"0\">Generales Especificaciones<br \/>\n16 N\u00daCLEOS \/ 32 HILOS A 5.7GHZ OC<br \/>\n<\/span>AMD Ryzen\u2122 7 Desktop Processors<br \/>\nAM5 PLATAFORMA.<\/p>\n<div class=\"fieldset-wrapper\">\n<div class=\"field field--name-commercial-use field--type-list-string field--label-inline\">\n<div class=\"field__label\">AMD PRO Technologies<\/div>\n<\/div>\n<\/div>\n","protected":false},"featured_media":20487,"comment_status":"closed","ping_status":"closed","template":"","meta":[],"pwb-brand":[87,381],"product_brand":[],"product_cat":[20],"product_tag":[383,358,367,472,90],"class_list":{"0":"post-20484","1":"product","2":"type-product","3":"status-publish","4":"has-post-thumbnail","6":"pwb-brand-amd","7":"pwb-brand-ryzen","8":"product_cat-procesadores","9":"product_tag-am5","10":"product_tag-amd","11":"product_tag-procesador","12":"product_tag-procesador-amd","13":"product_tag-ryzen","15":"first","16":"instock","17":"taxable","18":"shipping-taxable","19":"purchasable","20":"product-type-simple"},"yoast_head":"<!-- This site is optimized with the Yoast SEO plugin v26.7 - https:\/\/yoast.com\/wordpress\/plugins\/seo\/ -->\n<title>AMD Ryzen\u2122 9 7950X \/ 16 NUCLEOS \/ 32 HILOS \/ 5.7GHZ - PC MASTERS BOGOTA<\/title>\n<meta name=\"robots\" content=\"index, follow, max-snippet:-1, max-image-preview:large, max-video-preview:-1\" \/>\n<link rel=\"canonical\" href=\"https:\/\/pcmastersbogota.com.co\/es_es\/producto\/amd-ryzen-9-7950x-16-nucleos-32-hilos-5-7ghz\/\" \/>\n<meta property=\"og:locale\" content=\"es_ES\" \/>\n<meta property=\"og:type\" content=\"article\" \/>\n<meta property=\"og:title\" content=\"AMD Ryzen\u2122 9 7950X \/ 16 NUCLEOS \/ 32 HILOS \/ 5.7GHZ - PC MASTERS BOGOTA\" \/>\n<meta property=\"og:description\" content=\"Generales Especificaciones 16 N\u00daCLEOS \/ 32 HILOS A 5.7GHZ OC AMD Ryzen\u2122 7 Desktop Processors AM5 PLATAFORMA.   AMD PRO Technologies\" \/>\n<meta property=\"og:url\" content=\"https:\/\/pcmastersbogota.com.co\/es_es\/producto\/amd-ryzen-9-7950x-16-nucleos-32-hilos-5-7ghz\/\" \/>\n<meta property=\"og:site_name\" content=\"PC MASTERS BOGOTA\" \/>\n<meta property=\"article:modified_time\" content=\"2024-10-20T15:12:04+00:00\" \/>\n<meta property=\"og:image\" content=\"https:\/\/pcmastersbogota.com.co\/wp-content\/uploads\/2023\/07\/PRO-AM5-RYZEN-9-7950X-4.5-80-MB-CACHE.png\" \/>\n\t<meta property=\"og:image:width\" content=\"1000\" \/>\n\t<meta property=\"og:image:height\" content=\"1000\" \/>\n\t<meta property=\"og:image:type\" content=\"image\/png\" \/>\n<meta name=\"twitter:card\" content=\"summary_large_image\" \/>\n<meta name=\"twitter:label1\" content=\"Tiempo de lectura\" \/>\n\t<meta name=\"twitter:data1\" content=\"1 minuto\" \/>\n<script type=\"application\/ld+json\" class=\"yoast-schema-graph\">{\"@context\":\"https:\/\/schema.org\",\"@graph\":[{\"@type\":\"WebPage\",\"@id\":\"https:\/\/pcmastersbogota.com.co\/producto\/amd-ryzen-9-7950x-16-nucleos-32-hilos-5-7ghz\/\",\"url\":\"https:\/\/pcmastersbogota.com.co\/producto\/amd-ryzen-9-7950x-16-nucleos-32-hilos-5-7ghz\/\",\"name\":\"AMD Ryzen\u2122 9 7950X \/ 16 NUCLEOS \/ 32 HILOS \/ 5.7GHZ - PC MASTERS BOGOTA\",\"isPartOf\":{\"@id\":\"https:\/\/pcmastersbogota.com.co\/es_es\/#website\"},\"primaryImageOfPage\":{\"@id\":\"https:\/\/pcmastersbogota.com.co\/producto\/amd-ryzen-9-7950x-16-nucleos-32-hilos-5-7ghz\/#primaryimage\"},\"image\":{\"@id\":\"https:\/\/pcmastersbogota.com.co\/producto\/amd-ryzen-9-7950x-16-nucleos-32-hilos-5-7ghz\/#primaryimage\"},\"thumbnailUrl\":\"https:\/\/pcmastersbogota.com.co\/wp-content\/uploads\/2023\/07\/PRO-AM5-RYZEN-9-7950X-4.5-80-MB-CACHE.png\",\"datePublished\":\"2023-07-18T05:04:11+00:00\",\"dateModified\":\"2024-10-20T15:12:04+00:00\",\"breadcrumb\":{\"@id\":\"https:\/\/pcmastersbogota.com.co\/producto\/amd-ryzen-9-7950x-16-nucleos-32-hilos-5-7ghz\/#breadcrumb\"},\"inLanguage\":\"es\",\"potentialAction\":[{\"@type\":\"ReadAction\",\"target\":[\"https:\/\/pcmastersbogota.com.co\/producto\/amd-ryzen-9-7950x-16-nucleos-32-hilos-5-7ghz\/\"]}]},{\"@type\":\"ImageObject\",\"inLanguage\":\"es\",\"@id\":\"https:\/\/pcmastersbogota.com.co\/producto\/amd-ryzen-9-7950x-16-nucleos-32-hilos-5-7ghz\/#primaryimage\",\"url\":\"https:\/\/pcmastersbogota.com.co\/wp-content\/uploads\/2023\/07\/PRO-AM5-RYZEN-9-7950X-4.5-80-MB-CACHE.png\",\"contentUrl\":\"https:\/\/pcmastersbogota.com.co\/wp-content\/uploads\/2023\/07\/PRO-AM5-RYZEN-9-7950X-4.5-80-MB-CACHE.png\",\"width\":1000,\"height\":1000},{\"@type\":\"BreadcrumbList\",\"@id\":\"https:\/\/pcmastersbogota.com.co\/producto\/amd-ryzen-9-7950x-16-nucleos-32-hilos-5-7ghz\/#breadcrumb\",\"itemListElement\":[{\"@type\":\"ListItem\",\"position\":1,\"name\":\"Home\",\"item\":\"https:\/\/pcmastersbogota.com.co\/\"},{\"@type\":\"ListItem\",\"position\":2,\"name\":\"Tienda\",\"item\":\"https:\/\/pcmastersbogota.com.co\/es_es\/tienda\/\"},{\"@type\":\"ListItem\",\"position\":3,\"name\":\"AMD Ryzen\u2122 9 7950X \/ 16 NUCLEOS \/ 32 HILOS \/ 5.7GHZ\"}]},{\"@type\":\"WebSite\",\"@id\":\"https:\/\/pcmastersbogota.com.co\/es_es\/#website\",\"url\":\"https:\/\/pcmastersbogota.com.co\/es_es\/\",\"name\":\"PC MASTERS BOGOTA\",\"description\":\"\",\"potentialAction\":[{\"@type\":\"SearchAction\",\"target\":{\"@type\":\"EntryPoint\",\"urlTemplate\":\"https:\/\/pcmastersbogota.com.co\/es_es\/?s={search_term_string}\"},\"query-input\":{\"@type\":\"PropertyValueSpecification\",\"valueRequired\":true,\"valueName\":\"search_term_string\"}}],\"inLanguage\":\"es\"}]}<\/script>\n<!-- \/ Yoast SEO plugin. -->","yoast_head_json":{"title":"AMD Ryzen\u2122 9 7950X \/ 16 NUCLEOS \/ 32 HILOS \/ 5.7GHZ - PC MASTERS BOGOTA","robots":{"index":"index","follow":"follow","max-snippet":"max-snippet:-1","max-image-preview":"max-image-preview:large","max-video-preview":"max-video-preview:-1"},"canonical":"https:\/\/pcmastersbogota.com.co\/es_es\/producto\/amd-ryzen-9-7950x-16-nucleos-32-hilos-5-7ghz\/","og_locale":"es_ES","og_type":"article","og_title":"AMD Ryzen\u2122 9 7950X \/ 16 NUCLEOS \/ 32 HILOS \/ 5.7GHZ - PC MASTERS BOGOTA","og_description":"Generales Especificaciones 16 N\u00daCLEOS \/ 32 HILOS A 5.7GHZ OC AMD Ryzen\u2122 7 Desktop Processors AM5 PLATAFORMA.   AMD PRO Technologies","og_url":"https:\/\/pcmastersbogota.com.co\/es_es\/producto\/amd-ryzen-9-7950x-16-nucleos-32-hilos-5-7ghz\/","og_site_name":"PC MASTERS BOGOTA","article_modified_time":"2024-10-20T15:12:04+00:00","og_image":[{"width":1000,"height":1000,"url":"https:\/\/pcmastersbogota.com.co\/wp-content\/uploads\/2023\/07\/PRO-AM5-RYZEN-9-7950X-4.5-80-MB-CACHE.png","type":"image\/png"}],"twitter_card":"summary_large_image","twitter_misc":{"Tiempo de lectura":"1 minuto"},"schema":{"@context":"https:\/\/schema.org","@graph":[{"@type":"WebPage","@id":"https:\/\/pcmastersbogota.com.co\/producto\/amd-ryzen-9-7950x-16-nucleos-32-hilos-5-7ghz\/","url":"https:\/\/pcmastersbogota.com.co\/producto\/amd-ryzen-9-7950x-16-nucleos-32-hilos-5-7ghz\/","name":"AMD Ryzen\u2122 9 7950X \/ 16 NUCLEOS \/ 32 HILOS \/ 5.7GHZ - PC MASTERS BOGOTA","isPartOf":{"@id":"https:\/\/pcmastersbogota.com.co\/es_es\/#website"},"primaryImageOfPage":{"@id":"https:\/\/pcmastersbogota.com.co\/producto\/amd-ryzen-9-7950x-16-nucleos-32-hilos-5-7ghz\/#primaryimage"},"image":{"@id":"https:\/\/pcmastersbogota.com.co\/producto\/amd-ryzen-9-7950x-16-nucleos-32-hilos-5-7ghz\/#primaryimage"},"thumbnailUrl":"https:\/\/pcmastersbogota.com.co\/wp-content\/uploads\/2023\/07\/PRO-AM5-RYZEN-9-7950X-4.5-80-MB-CACHE.png","datePublished":"2023-07-18T05:04:11+00:00","dateModified":"2024-10-20T15:12:04+00:00","breadcrumb":{"@id":"https:\/\/pcmastersbogota.com.co\/producto\/amd-ryzen-9-7950x-16-nucleos-32-hilos-5-7ghz\/#breadcrumb"},"inLanguage":"es","potentialAction":[{"@type":"ReadAction","target":["https:\/\/pcmastersbogota.com.co\/producto\/amd-ryzen-9-7950x-16-nucleos-32-hilos-5-7ghz\/"]}]},{"@type":"ImageObject","inLanguage":"es","@id":"https:\/\/pcmastersbogota.com.co\/producto\/amd-ryzen-9-7950x-16-nucleos-32-hilos-5-7ghz\/#primaryimage","url":"https:\/\/pcmastersbogota.com.co\/wp-content\/uploads\/2023\/07\/PRO-AM5-RYZEN-9-7950X-4.5-80-MB-CACHE.png","contentUrl":"https:\/\/pcmastersbogota.com.co\/wp-content\/uploads\/2023\/07\/PRO-AM5-RYZEN-9-7950X-4.5-80-MB-CACHE.png","width":1000,"height":1000},{"@type":"BreadcrumbList","@id":"https:\/\/pcmastersbogota.com.co\/producto\/amd-ryzen-9-7950x-16-nucleos-32-hilos-5-7ghz\/#breadcrumb","itemListElement":[{"@type":"ListItem","position":1,"name":"Home","item":"https:\/\/pcmastersbogota.com.co\/"},{"@type":"ListItem","position":2,"name":"Tienda","item":"https:\/\/pcmastersbogota.com.co\/es_es\/tienda\/"},{"@type":"ListItem","position":3,"name":"AMD Ryzen\u2122 9 7950X \/ 16 NUCLEOS \/ 32 HILOS \/ 5.7GHZ"}]},{"@type":"WebSite","@id":"https:\/\/pcmastersbogota.com.co\/es_es\/#website","url":"https:\/\/pcmastersbogota.com.co\/es_es\/","name":"PC MASTERS BOGOTA","description":"","potentialAction":[{"@type":"SearchAction","target":{"@type":"EntryPoint","urlTemplate":"https:\/\/pcmastersbogota.com.co\/es_es\/?s={search_term_string}"},"query-input":{"@type":"PropertyValueSpecification","valueRequired":true,"valueName":"search_term_string"}}],"inLanguage":"es"}]}},"brands":[{"id":87,"name":"AMD","slug":"amd"},{"id":381,"name":"RYZEN","slug":"ryzen"}],"_links":{"self":[{"href":"https:\/\/pcmastersbogota.com.co\/es_es\/wp-json\/wp\/v2\/product\/20484","targetHints":{"allow":["GET"]}}],"collection":[{"href":"https:\/\/pcmastersbogota.com.co\/es_es\/wp-json\/wp\/v2\/product"}],"about":[{"href":"https:\/\/pcmastersbogota.com.co\/es_es\/wp-json\/wp\/v2\/types\/product"}],"replies":[{"embeddable":true,"href":"https:\/\/pcmastersbogota.com.co\/es_es\/wp-json\/wp\/v2\/comments?post=20484"}],"version-history":[{"count":2,"href":"https:\/\/pcmastersbogota.com.co\/es_es\/wp-json\/wp\/v2\/product\/20484\/revisions"}],"predecessor-version":[{"id":20526,"href":"https:\/\/pcmastersbogota.com.co\/es_es\/wp-json\/wp\/v2\/product\/20484\/revisions\/20526"}],"wp:featuredmedia":[{"embeddable":true,"href":"https:\/\/pcmastersbogota.com.co\/es_es\/wp-json\/wp\/v2\/media\/20487"}],"wp:attachment":[{"href":"https:\/\/pcmastersbogota.com.co\/es_es\/wp-json\/wp\/v2\/media?parent=20484"}],"wp:term":[{"taxonomy":"pwb-brand","embeddable":true,"href":"https:\/\/pcmastersbogota.com.co\/es_es\/wp-json\/wp\/v2\/pwb-brand?post=20484"},{"taxonomy":"product_brand","embeddable":true,"href":"https:\/\/pcmastersbogota.com.co\/es_es\/wp-json\/wp\/v2\/product_brand?post=20484"},{"taxonomy":"product_cat","embeddable":true,"href":"https:\/\/pcmastersbogota.com.co\/es_es\/wp-json\/wp\/v2\/product_cat?post=20484"},{"taxonomy":"product_tag","embeddable":true,"href":"https:\/\/pcmastersbogota.com.co\/es_es\/wp-json\/wp\/v2\/product_tag?post=20484"}],"curies":[{"name":"wp","href":"https:\/\/api.w.org\/{rel}","templated":true}]}}