{"id":20546,"date":"2023-07-21T16:39:31","date_gmt":"2023-07-21T21:39:31","guid":{"rendered":"https:\/\/pcmastersbogota.com.co\/?post_type=product&#038;p=20546"},"modified":"2023-08-02T14:49:37","modified_gmt":"2023-08-02T19:49:37","slug":"gigabyte-ud1000gm-de-1000w-80-plus-gold-modular","status":"publish","type":"product","link":"https:\/\/pcmastersbogota.com.co\/es_es\/producto\/gigabyte-ud1000gm-de-1000w-80-plus-gold-modular\/","title":{"rendered":"GIGABYTE UD1000GM DE 1000W 80 Plus Gold MODULAR"},"content":{"rendered":"<div id=\"kf\">\n<div>\n<div class=\"text\">\n<div class=\"logos\"><\/div>\n<\/div>\n<\/div>\n<\/div>\n<div id=\"UD\" class=\"UD\">\n<div class=\"pin-spacer\">\n<div class=\"UDBG\"><\/div>\n<\/div>\n<div class=\"cols\">\n<div class=\"col ud-intro active\">\n<div>\n<h3><img decoding=\"async\" class=\"ud\" src=\"https:\/\/www.gigabyte.com\/FileUpload\/Global\/KeyFeature\/1968\/innergigabyteimages\/ud-img.png\" \/><br \/>\n<span>ULTRA<\/span><br \/>\n<span>\u00a0DURADERO<\/span><\/h3>\n<p class=\"ud\"><span>Hereda el esp\u00edritu de dise\u00f1o de producto de GIGABYTE Ultra Durable, introduciendo as\u00ed una variedad de materiales y dise\u00f1os de alta calidad.\u00a0Ultra Durable combina condensadores japoneses principales de alta calidad, una soluci\u00f3n t\u00e9rmica mejorada, un ventilador de cojinete hidr\u00e1ulico inteligente (HYB) de 120 mm y seis dise\u00f1os de protecci\u00f3n de circuitos.\u00a0Proporciona a los consumidores una fuente de alimentaci\u00f3n estable y de alta calidad, y se puede utilizar durante mucho tiempo.<\/span><\/p>\n<\/div>\n<\/div>\n<div class=\"col jpcap active\">\n<div class=\"text\">\n<h4 class=\"parallelogram\"><span class=\"skew-fix\"><br \/>\n<span>CONDENSADORES JAPONESES\u00a0DE ALTA CALIDAD<\/span><\/span><\/h4>\n<p><span>Los condensadores principales utilizan condensadores japoneses de alta calidad para producir un rendimiento eficiente y garantizar una mayor fiabilidad.<\/span><\/p>\n<\/div>\n<p><img decoding=\"async\" src=\"https:\/\/www.gigabyte.com\/FileUpload\/Global\/KeyFeature\/1968\/innergigabyteimages\/jpcap.png\" \/><\/div>\n<div class=\"col thermal active\"><img decoding=\"async\" src=\"https:\/\/www.gigabyte.com\/FileUpload\/Global\/KeyFeature\/1968\/innergigabyteimages\/thermal.png\" \/><\/p>\n<div class=\"text\">\n<h4 class=\"parallelogram\"><span class=\"skew-fix\"><br \/>\n<span>SOLUCI\u00d3N\u00a0T\u00c9RMICA MEJORADA<\/span><\/span><\/h4>\n<p><span>En comparaci\u00f3n con la soluci\u00f3n t\u00e9rmica est\u00e1ndar, hemos ampliado el disipador de calor en aproximadamente un 200 % o m\u00e1s y hemos optimizado el flujo de aire.\u00a0El rendimiento de disipaci\u00f3n de calor aumenta en m\u00e1s del 10%, lo que prolonga la vida \u00fatil de los componentes.<\/span><\/p>\n<\/div>\n<\/div>\n<div class=\"col twoball active\">\n<div class=\"text\">\n<h4 class=\"parallelogram\"><span class=\"skew-fix\"><br \/>\n<span>VENTILADOR DE\u00a0COJINETE HIDR\u00c1ULICO INTELIGENTE (HYB) DE 120 MM<\/span><\/span><\/h4>\n<p><span>La velocidad del ventilador se ajusta de acuerdo con la detecci\u00f3n autom\u00e1tica de energ\u00eda y se detiene cuando el sistema est\u00e1 inactivo o con poca carga (menos del 20 % de carga).\u00a0El ventilador de cojinete hidr\u00e1ulico proporciona una vida \u00fatil m\u00e1s larga y estable.<\/span><\/p>\n<\/div>\n<div class=\"imgs\"><img decoding=\"async\" class=\"active\" src=\"https:\/\/www.gigabyte.com\/FileUpload\/Global\/KeyFeature\/1968\/innergigabyteimages\/fan1.png\" \/><\/p>\n<div class=\"imgdots\">\n<div class=\"active\">\n<p><span>ADMIRADOR<\/span><\/p>\n<div><\/div>\n<\/div>\n<div>\n<p><span>AC\u00daSTICO<\/span><\/p>\n<div><\/div>\n<\/div>\n<\/div>\n<\/div>\n<\/div>\n<div class=\"col protect active\"><img decoding=\"async\" src=\"https:\/\/www.gigabyte.com\/FileUpload\/Global\/KeyFeature\/1968\/innergigabyteimages\/protection.png\" \/><\/p>\n<div class=\"text\">\n<h4 class=\"parallelogram\"><span class=\"skew-fix\"><span>PROTECCION<\/span><\/span><\/h4>\n<p><span>Para asegurarnos de que todo el sistema inform\u00e1tico funcione de manera estable bajo cualquier condici\u00f3n, no solo agregamos dise\u00f1os de protecci\u00f3n como OCP, OTP, OVP, OPP, UVP y SCP, sino que tambi\u00e9n aseguramos el funcionamiento estable de su sistema a trav\u00e9s de la certificaci\u00f3n de seguridad de varios pa\u00edses.<\/span><\/p>\n<\/div>\n<\/div>\n<\/div>\n<\/div>\n<div id=\"slidecard\">\n<div class=\"spacer\"><\/div>\n<div class=\"pin-spacer\">\n<div class=\"camera\">\n<div class=\"text\">\n<h3><span>DISE\u00d1O TOTALMENTE MODULAR<\/span><\/h3>\n<p><span>Todos los cables planos negros son de dise\u00f1o modular.\u00a0Instale solo los cables que necesita para reducir el desorden, aumentar el flujo de aire y mejorar el rendimiento t\u00e9rmico del chasis.<\/span><\/p>\n<\/div>\n<div class=\"slider\"><img decoding=\"async\" src=\"https:\/\/www.gigabyte.com\/FileUpload\/Global\/KeyFeature\/1968\/innergigabyteimages\/modular0.png\" \/><\/div>\n<\/div>\n<\/div>\n<\/div>\n<div id=\"others\">\n<div>\n<div class=\"col active\">\n<div class=\"text\">\n<aside><\/aside>\n<h3><span>CERTIFICADO 80 PLUS ORO<\/span><\/h3>\n<p><span>La certificaci\u00f3n 80 Plus Gold garantiza una eficiencia del 90 % con una carga del 50 %.\u00a0La mejor eficiencia energ\u00e9tica conduce a menos desperdicio de energ\u00eda, menos calor y menos ruido del ventilador.<\/span><\/p>\n<\/div>\n<div class=\"img1\"><img decoding=\"async\" src=\"https:\/\/www.gigabyte.com\/FileUpload\/Global\/KeyFeature\/1968\/innergigabyteimages\/other-img1.png\" \/><\/div>\n<\/div>\n<div class=\"col active\">\n<div class=\"img2\"><img decoding=\"async\" src=\"https:\/\/www.gigabyte.com\/FileUpload\/Global\/KeyFeature\/1968\/innergigabyteimages\/other-img2.png\" \/><\/div>\n<div class=\"text\">\n<aside><\/aside>\n<h3><span>CARRIL SIMPLE +12V<\/span><\/h3>\n<p><span>El riel \u00fanico de +12 V proporciona la mejor potencia de salida, estabilidad y compatibilidad para el hardware.\u00a0Proporciona la forma m\u00e1s f\u00e1cil de instalar el cable de alimentaci\u00f3n.\u00a0Y es el mejor dise\u00f1o para overclocking.<\/span><\/p>\n<\/div>\n<\/div>\n<\/div>\n<\/div>\n<div id=\"size\">\n<h3><span>DISE\u00d1O COMPACTO<\/span><\/h3>\n<p><span>Con la ayuda de las excelentes capacidades de dise\u00f1o de los ingenieros y la tecnolog\u00eda de disipaci\u00f3n de calor en varios productos de hardware, y el uso de materiales de mayor calidad, GIGABYTE ha reducido la longitud de la fuente de alimentaci\u00f3n a 140 mm, por lo que se puede instalar f\u00e1cilmente en cualquier chasis sin limitaciones de espacio.<\/span><\/p>\n<p><img decoding=\"async\" src=\"https:\/\/www.gigabyte.com\/FileUpload\/Global\/KeyFeature\/1968\/innergigabyteimages\/size-img.png\" \/><\/div>\n<div class=\"illustration-announce\">\n<p><span>* Todas las im\u00e1genes de esta p\u00e1gina son solo ilustrativas.<\/span><\/p>\n<\/div>\n","protected":false},"excerpt":{"rendered":"<h3><span class=\"\">FUNCI\u00d3N CLAVE<\/span><\/h3>\n<ul>\n<li>Ultraduradero\n<ul>\n<li>\u00a0Condensadores japoneses principales<\/li>\n<li>\u00a0Soluci\u00f3n t\u00e9rmica mejorada<\/li>\n<li>\u00a0Ventilador con cojinete hidr\u00e1ulico inteligente (HYB) de 120 mm<\/li>\n<li>\u00a0Protecci\u00f3n OVP\/OPP\/SCP\/UVP\/OCP\/OTP<\/li>\n<\/ul>\n<\/li>\n<li>Certificaci\u00f3n 80 PLUS Gold<\/li>\n<li>Dise\u00f1o completamente modular<\/li>\n<li>Potente riel \u00fanico de +12V<\/li>\n<li>Dise\u00f1o compacto<\/li>\n<li>10 a\u00f1os de garant\u00eda (Ajustado seg\u00fan diferentes regiones)<\/li>\n<\/ul>\n<div class=\"logos\"><img decoding=\"async\" src=\"https:\/\/www.gigabyte.com\/FileUpload\/Global\/KeyFeature\/1968\/innergigabyteimages\/logo\/80plusgold.png\" \/><img decoding=\"async\" src=\"https:\/\/www.gigabyte.com\/FileUpload\/Global\/KeyFeature\/1968\/innergigabyteimages\/logo\/full.png\" \/><img decoding=\"async\" src=\"https:\/\/www.gigabyte.com\/FileUpload\/Global\/KeyFeature\/1968\/innergigabyteimages\/logo\/jpcap.png\" \/><img decoding=\"async\" src=\"https:\/\/www.gigabyte.com\/FileUpload\/Global\/KeyFeature\/1968\/innergigabyteimages\/logo\/smart.png\" \/><\/div>\n","protected":false},"featured_media":20553,"comment_status":"closed","ping_status":"closed","template":"","meta":[],"pwb-brand":[109],"product_brand":[],"product_cat":[313],"product_tag":[414,413,385,384],"class_list":{"0":"post-20546","1":"product","2":"type-product","3":"status-publish","4":"has-post-thumbnail","6":"pwb-brand-gigabyte","7":"product_cat-fuentes-de-poder","8":"product_tag-80plus","9":"product_tag-fuente","10":"product_tag-gigabyte","11":"product_tag-rtx","13":"first","14":"instock","15":"taxable","16":"shipping-taxable","17":"purchasable","18":"product-type-simple"},"yoast_head":"<!-- This site is optimized with the Yoast SEO plugin v26.7 - https:\/\/yoast.com\/wordpress\/plugins\/seo\/ -->\n<title>GIGABYTE UD1000GM DE 1000W 80 Plus Gold MODULAR - PC MASTERS BOGOTA<\/title>\n<meta name=\"robots\" content=\"index, follow, max-snippet:-1, max-image-preview:large, max-video-preview:-1\" \/>\n<link rel=\"canonical\" href=\"https:\/\/pcmastersbogota.com.co\/es_es\/producto\/gigabyte-ud1000gm-de-1000w-80-plus-gold-modular\/\" \/>\n<meta property=\"og:locale\" content=\"es_ES\" \/>\n<meta property=\"og:type\" content=\"article\" \/>\n<meta property=\"og:title\" content=\"GIGABYTE UD1000GM DE 1000W 80 Plus Gold MODULAR - PC MASTERS BOGOTA\" \/>\n<meta property=\"og:description\" content=\"FUNCI\u00d3N CLAVE   Ultraduradero   \u00a0Condensadores japoneses principales  \u00a0Soluci\u00f3n t\u00e9rmica mejorada  \u00a0Ventilador con cojinete hidr\u00e1ulico inteligente (HYB) de 120 mm  \u00a0Protecci\u00f3n OVP\/OPP\/SCP\/UVP\/OCP\/OTP    Certificaci\u00f3n 80 PLUS Gold  Dise\u00f1o completamente modular  Potente riel \u00fanico de +12V  Dise\u00f1o compacto  10 a\u00f1os de garant\u00eda (Ajustado seg\u00fan diferentes regiones)\" \/>\n<meta property=\"og:url\" content=\"https:\/\/pcmastersbogota.com.co\/es_es\/producto\/gigabyte-ud1000gm-de-1000w-80-plus-gold-modular\/\" \/>\n<meta property=\"og:site_name\" content=\"PC MASTERS BOGOTA\" \/>\n<meta property=\"article:modified_time\" content=\"2023-08-02T19:49:37+00:00\" \/>\n<meta property=\"og:image\" content=\"https:\/\/pcmastersbogota.com.co\/wp-content\/uploads\/2023\/07\/UD1000GM-07.png\" \/>\n\t<meta property=\"og:image:width\" content=\"1000\" \/>\n\t<meta property=\"og:image:height\" content=\"1000\" \/>\n\t<meta property=\"og:image:type\" content=\"image\/png\" \/>\n<meta name=\"twitter:card\" content=\"summary_large_image\" \/>\n<meta name=\"twitter:label1\" content=\"Tiempo de lectura\" \/>\n\t<meta name=\"twitter:data1\" content=\"2 minutos\" \/>\n<script type=\"application\/ld+json\" class=\"yoast-schema-graph\">{\"@context\":\"https:\/\/schema.org\",\"@graph\":[{\"@type\":\"WebPage\",\"@id\":\"https:\/\/pcmastersbogota.com.co\/producto\/gigabyte-ud1000gm-de-1000w-80-plus-gold-modular\/\",\"url\":\"https:\/\/pcmastersbogota.com.co\/producto\/gigabyte-ud1000gm-de-1000w-80-plus-gold-modular\/\",\"name\":\"GIGABYTE UD1000GM DE 1000W 80 Plus Gold MODULAR - PC MASTERS BOGOTA\",\"isPartOf\":{\"@id\":\"https:\/\/pcmastersbogota.com.co\/es_es\/#website\"},\"primaryImageOfPage\":{\"@id\":\"https:\/\/pcmastersbogota.com.co\/producto\/gigabyte-ud1000gm-de-1000w-80-plus-gold-modular\/#primaryimage\"},\"image\":{\"@id\":\"https:\/\/pcmastersbogota.com.co\/producto\/gigabyte-ud1000gm-de-1000w-80-plus-gold-modular\/#primaryimage\"},\"thumbnailUrl\":\"https:\/\/pcmastersbogota.com.co\/wp-content\/uploads\/2023\/07\/UD1000GM-07.png\",\"datePublished\":\"2023-07-21T21:39:31+00:00\",\"dateModified\":\"2023-08-02T19:49:37+00:00\",\"breadcrumb\":{\"@id\":\"https:\/\/pcmastersbogota.com.co\/producto\/gigabyte-ud1000gm-de-1000w-80-plus-gold-modular\/#breadcrumb\"},\"inLanguage\":\"es\",\"potentialAction\":[{\"@type\":\"ReadAction\",\"target\":[\"https:\/\/pcmastersbogota.com.co\/producto\/gigabyte-ud1000gm-de-1000w-80-plus-gold-modular\/\"]}]},{\"@type\":\"ImageObject\",\"inLanguage\":\"es\",\"@id\":\"https:\/\/pcmastersbogota.com.co\/producto\/gigabyte-ud1000gm-de-1000w-80-plus-gold-modular\/#primaryimage\",\"url\":\"https:\/\/pcmastersbogota.com.co\/wp-content\/uploads\/2023\/07\/UD1000GM-07.png\",\"contentUrl\":\"https:\/\/pcmastersbogota.com.co\/wp-content\/uploads\/2023\/07\/UD1000GM-07.png\",\"width\":1000,\"height\":1000},{\"@type\":\"BreadcrumbList\",\"@id\":\"https:\/\/pcmastersbogota.com.co\/producto\/gigabyte-ud1000gm-de-1000w-80-plus-gold-modular\/#breadcrumb\",\"itemListElement\":[{\"@type\":\"ListItem\",\"position\":1,\"name\":\"Home\",\"item\":\"https:\/\/pcmastersbogota.com.co\/\"},{\"@type\":\"ListItem\",\"position\":2,\"name\":\"Tienda\",\"item\":\"https:\/\/pcmastersbogota.com.co\/es_es\/tienda\/\"},{\"@type\":\"ListItem\",\"position\":3,\"name\":\"GIGABYTE UD1000GM DE 1000W 80 Plus Gold MODULAR\"}]},{\"@type\":\"WebSite\",\"@id\":\"https:\/\/pcmastersbogota.com.co\/es_es\/#website\",\"url\":\"https:\/\/pcmastersbogota.com.co\/es_es\/\",\"name\":\"PC MASTERS BOGOTA\",\"description\":\"\",\"potentialAction\":[{\"@type\":\"SearchAction\",\"target\":{\"@type\":\"EntryPoint\",\"urlTemplate\":\"https:\/\/pcmastersbogota.com.co\/es_es\/?s={search_term_string}\"},\"query-input\":{\"@type\":\"PropertyValueSpecification\",\"valueRequired\":true,\"valueName\":\"search_term_string\"}}],\"inLanguage\":\"es\"}]}<\/script>\n<!-- \/ Yoast SEO plugin. -->","yoast_head_json":{"title":"GIGABYTE UD1000GM DE 1000W 80 Plus Gold MODULAR - PC MASTERS BOGOTA","robots":{"index":"index","follow":"follow","max-snippet":"max-snippet:-1","max-image-preview":"max-image-preview:large","max-video-preview":"max-video-preview:-1"},"canonical":"https:\/\/pcmastersbogota.com.co\/es_es\/producto\/gigabyte-ud1000gm-de-1000w-80-plus-gold-modular\/","og_locale":"es_ES","og_type":"article","og_title":"GIGABYTE UD1000GM DE 1000W 80 Plus Gold MODULAR - PC MASTERS BOGOTA","og_description":"FUNCI\u00d3N CLAVE   Ultraduradero   \u00a0Condensadores japoneses principales  \u00a0Soluci\u00f3n t\u00e9rmica mejorada  \u00a0Ventilador con cojinete hidr\u00e1ulico inteligente (HYB) de 120 mm  \u00a0Protecci\u00f3n OVP\/OPP\/SCP\/UVP\/OCP\/OTP    Certificaci\u00f3n 80 PLUS Gold  Dise\u00f1o completamente modular  Potente riel \u00fanico de +12V  Dise\u00f1o compacto  10 a\u00f1os de garant\u00eda (Ajustado seg\u00fan diferentes regiones)","og_url":"https:\/\/pcmastersbogota.com.co\/es_es\/producto\/gigabyte-ud1000gm-de-1000w-80-plus-gold-modular\/","og_site_name":"PC MASTERS BOGOTA","article_modified_time":"2023-08-02T19:49:37+00:00","og_image":[{"width":1000,"height":1000,"url":"https:\/\/pcmastersbogota.com.co\/wp-content\/uploads\/2023\/07\/UD1000GM-07.png","type":"image\/png"}],"twitter_card":"summary_large_image","twitter_misc":{"Tiempo de lectura":"2 minutos"},"schema":{"@context":"https:\/\/schema.org","@graph":[{"@type":"WebPage","@id":"https:\/\/pcmastersbogota.com.co\/producto\/gigabyte-ud1000gm-de-1000w-80-plus-gold-modular\/","url":"https:\/\/pcmastersbogota.com.co\/producto\/gigabyte-ud1000gm-de-1000w-80-plus-gold-modular\/","name":"GIGABYTE UD1000GM DE 1000W 80 Plus Gold MODULAR - PC MASTERS BOGOTA","isPartOf":{"@id":"https:\/\/pcmastersbogota.com.co\/es_es\/#website"},"primaryImageOfPage":{"@id":"https:\/\/pcmastersbogota.com.co\/producto\/gigabyte-ud1000gm-de-1000w-80-plus-gold-modular\/#primaryimage"},"image":{"@id":"https:\/\/pcmastersbogota.com.co\/producto\/gigabyte-ud1000gm-de-1000w-80-plus-gold-modular\/#primaryimage"},"thumbnailUrl":"https:\/\/pcmastersbogota.com.co\/wp-content\/uploads\/2023\/07\/UD1000GM-07.png","datePublished":"2023-07-21T21:39:31+00:00","dateModified":"2023-08-02T19:49:37+00:00","breadcrumb":{"@id":"https:\/\/pcmastersbogota.com.co\/producto\/gigabyte-ud1000gm-de-1000w-80-plus-gold-modular\/#breadcrumb"},"inLanguage":"es","potentialAction":[{"@type":"ReadAction","target":["https:\/\/pcmastersbogota.com.co\/producto\/gigabyte-ud1000gm-de-1000w-80-plus-gold-modular\/"]}]},{"@type":"ImageObject","inLanguage":"es","@id":"https:\/\/pcmastersbogota.com.co\/producto\/gigabyte-ud1000gm-de-1000w-80-plus-gold-modular\/#primaryimage","url":"https:\/\/pcmastersbogota.com.co\/wp-content\/uploads\/2023\/07\/UD1000GM-07.png","contentUrl":"https:\/\/pcmastersbogota.com.co\/wp-content\/uploads\/2023\/07\/UD1000GM-07.png","width":1000,"height":1000},{"@type":"BreadcrumbList","@id":"https:\/\/pcmastersbogota.com.co\/producto\/gigabyte-ud1000gm-de-1000w-80-plus-gold-modular\/#breadcrumb","itemListElement":[{"@type":"ListItem","position":1,"name":"Home","item":"https:\/\/pcmastersbogota.com.co\/"},{"@type":"ListItem","position":2,"name":"Tienda","item":"https:\/\/pcmastersbogota.com.co\/es_es\/tienda\/"},{"@type":"ListItem","position":3,"name":"GIGABYTE UD1000GM DE 1000W 80 Plus Gold MODULAR"}]},{"@type":"WebSite","@id":"https:\/\/pcmastersbogota.com.co\/es_es\/#website","url":"https:\/\/pcmastersbogota.com.co\/es_es\/","name":"PC MASTERS BOGOTA","description":"","potentialAction":[{"@type":"SearchAction","target":{"@type":"EntryPoint","urlTemplate":"https:\/\/pcmastersbogota.com.co\/es_es\/?s={search_term_string}"},"query-input":{"@type":"PropertyValueSpecification","valueRequired":true,"valueName":"search_term_string"}}],"inLanguage":"es"}]}},"brands":[{"id":109,"name":"GIGABYTE","slug":"gigabyte"}],"_links":{"self":[{"href":"https:\/\/pcmastersbogota.com.co\/es_es\/wp-json\/wp\/v2\/product\/20546","targetHints":{"allow":["GET"]}}],"collection":[{"href":"https:\/\/pcmastersbogota.com.co\/es_es\/wp-json\/wp\/v2\/product"}],"about":[{"href":"https:\/\/pcmastersbogota.com.co\/es_es\/wp-json\/wp\/v2\/types\/product"}],"replies":[{"embeddable":true,"href":"https:\/\/pcmastersbogota.com.co\/es_es\/wp-json\/wp\/v2\/comments?post=20546"}],"version-history":[{"count":1,"href":"https:\/\/pcmastersbogota.com.co\/es_es\/wp-json\/wp\/v2\/product\/20546\/revisions"}],"predecessor-version":[{"id":20554,"href":"https:\/\/pcmastersbogota.com.co\/es_es\/wp-json\/wp\/v2\/product\/20546\/revisions\/20554"}],"wp:featuredmedia":[{"embeddable":true,"href":"https:\/\/pcmastersbogota.com.co\/es_es\/wp-json\/wp\/v2\/media\/20553"}],"wp:attachment":[{"href":"https:\/\/pcmastersbogota.com.co\/es_es\/wp-json\/wp\/v2\/media?parent=20546"}],"wp:term":[{"taxonomy":"pwb-brand","embeddable":true,"href":"https:\/\/pcmastersbogota.com.co\/es_es\/wp-json\/wp\/v2\/pwb-brand?post=20546"},{"taxonomy":"product_brand","embeddable":true,"href":"https:\/\/pcmastersbogota.com.co\/es_es\/wp-json\/wp\/v2\/product_brand?post=20546"},{"taxonomy":"product_cat","embeddable":true,"href":"https:\/\/pcmastersbogota.com.co\/es_es\/wp-json\/wp\/v2\/product_cat?post=20546"},{"taxonomy":"product_tag","embeddable":true,"href":"https:\/\/pcmastersbogota.com.co\/es_es\/wp-json\/wp\/v2\/product_tag?post=20546"}],"curies":[{"name":"wp","href":"https:\/\/api.w.org\/{rel}","templated":true}]}}