{"id":20650,"date":"2023-08-03T15:18:00","date_gmt":"2023-08-03T20:18:00","guid":{"rendered":"https:\/\/pcmastersbogota.com.co\/?post_type=product&#038;p=20650"},"modified":"2025-12-02T16:13:10","modified_gmt":"2025-12-02T21:13:10","slug":"patriot-memory-burst-elite-240gb-ssd","status":"publish","type":"product","link":"https:\/\/pcmastersbogota.com.co\/es_es\/producto\/patriot-memory-burst-elite-240gb-ssd\/","title":{"rendered":"Patriot Memory Burst Elite 240GB SSD"},"content":{"rendered":"<div class=\"celwidget aplus-module 3p-module-b aplus-standard\" data-csa-c-id=\"ix8rea-otzt4h-h7extk-bkh57i\" data-cel-widget=\"aplus-3p-module-b\">\n<div class=\"aplus-module-wrapper aplus-3p-fixed-width\">\n<h3 class=\"a-spacing-mini\">Im\u00e1genes ilustrativas.<\/h3>\n<p><img decoding=\"async\" class=\"a-spacing-base\" src=\"https:\/\/m.media-amazon.com\/images\/S\/aplus-media\/sc\/c5bd91bd-90ed-48e1-869f-e187b0168d86.__CR0,0,970,600_PT0_SX970_V1___.jpg\" alt=\" \" data-src=\"https:\/\/m.media-amazon.com\/images\/S\/aplus-media\/sc\/c5bd91bd-90ed-48e1-869f-e187b0168d86.__CR0,0,970,600_PT0_SX970_V1___.jpg\" \/><\/p>\n<\/div>\n<\/div>\n<div class=\"celwidget aplus-module 3p-module-b aplus-standard\" data-csa-c-id=\"ey0fr0-cei4bn-97zmnk-11vh7n\" data-cel-widget=\"aplus-3p-module-b\">\n<div class=\"aplus-module-wrapper aplus-3p-fixed-width\"><img decoding=\"async\" class=\"a-spacing-base\" src=\"https:\/\/m.media-amazon.com\/images\/S\/aplus-media\/sc\/5d5d8f4d-a067-401a-a28f-22c4ffc2757f.__CR0,0,970,600_PT0_SX970_V1___.jpg\" alt=\" \" data-src=\"https:\/\/m.media-amazon.com\/images\/S\/aplus-media\/sc\/5d5d8f4d-a067-401a-a28f-22c4ffc2757f.__CR0,0,970,600_PT0_SX970_V1___.jpg\" \/><\/div>\n<\/div>\n<div class=\"celwidget aplus-module 3p-module-b aplus-standard\" data-csa-c-id=\"xwaqwj-bipn4v-yqbd7o-kjndjh\" data-cel-widget=\"aplus-3p-module-b\">\n<div class=\"aplus-module-wrapper aplus-3p-fixed-width\"><img decoding=\"async\" class=\"a-spacing-base\" src=\"https:\/\/m.media-amazon.com\/images\/S\/aplus-media\/sc\/b2be5d1c-c031-4a27-88d4-75eeda58dfcc.__CR0,0,970,600_PT0_SX970_V1___.jpg\" alt=\" \" data-src=\"https:\/\/m.media-amazon.com\/images\/S\/aplus-media\/sc\/b2be5d1c-c031-4a27-88d4-75eeda58dfcc.__CR0,0,970,600_PT0_SX970_V1___.jpg\" \/><\/div>\n<\/div>\n<div class=\"celwidget aplus-module 3p-module-b aplus-standard\" data-csa-c-id=\"343n7w-gxrqbc-vmiy2-uum2ld\" data-cel-widget=\"aplus-3p-module-b\">\n<div class=\"aplus-module-wrapper aplus-3p-fixed-width\"><img decoding=\"async\" class=\"a-spacing-base\" src=\"https:\/\/m.media-amazon.com\/images\/S\/aplus-media\/sc\/599a2f9f-1fa5-4a3e-8db3-417bb96d141e.__CR0,0,970,600_PT0_SX970_V1___.jpg\" alt=\" \" data-src=\"https:\/\/m.media-amazon.com\/images\/S\/aplus-media\/sc\/599a2f9f-1fa5-4a3e-8db3-417bb96d141e.__CR0,0,970,600_PT0_SX970_V1___.jpg\" \/><\/div>\n<\/div>\n","protected":false},"excerpt":{"rendered":"<h1 class=\"a-size-base-plus a-text-bold\"><\/h1>\n<ul class=\"a-unordered-list a-vertical a-spacing-mini\">\n<li class=\"a-spacing-mini\"><span class=\"a-list-item\">\u00daltimo controlador SATA 3; Capacidad: 240 GB<\/span><\/li>\n<li class=\"a-spacing-mini\"><span class=\"a-list-item\">Interfaz: SATA III 6Gb\/s<\/span><\/li>\n<li class=\"a-spacing-mini\"><span class=\"a-list-item\">Nivelaci\u00f3n est\u00e1tica y din\u00e1mica del desgaste, gesti\u00f3n de bloques incorrectos, gesti\u00f3n de baja energ\u00eda<\/span><\/li>\n<li class=\"a-spacing-mini\"><span class=\"a-list-item\">Factor de forma: 2.5 pulgadas<\/span><\/li>\n<\/ul>\n","protected":false},"featured_media":20672,"comment_status":"closed","ping_status":"closed","template":"","meta":[],"pwb-brand":[94],"product_brand":[],"product_cat":[28],"product_tag":[418,340],"class_list":{"0":"post-20650","1":"product","2":"type-product","3":"status-publish","4":"has-post-thumbnail","6":"pwb-brand-patriot","7":"product_cat-ssd","8":"product_tag-gaming","9":"product_tag-ssd","11":"first","12":"outofstock","13":"taxable","14":"shipping-taxable","15":"purchasable","16":"product-type-simple"},"yoast_head":"<!-- This site is optimized with the Yoast SEO plugin v26.7 - https:\/\/yoast.com\/wordpress\/plugins\/seo\/ -->\n<title>Patriot Memory Burst Elite 240GB SSD - PC MASTERS BOGOTA<\/title>\n<meta name=\"robots\" content=\"index, follow, max-snippet:-1, max-image-preview:large, max-video-preview:-1\" \/>\n<link rel=\"canonical\" href=\"https:\/\/pcmastersbogota.com.co\/es_es\/producto\/patriot-memory-burst-elite-240gb-ssd\/\" \/>\n<meta property=\"og:locale\" content=\"es_ES\" \/>\n<meta property=\"og:type\" content=\"article\" \/>\n<meta property=\"og:title\" content=\"Patriot Memory Burst Elite 240GB SSD - PC MASTERS BOGOTA\" \/>\n<meta property=\"og:description\" content=\"\u00daltimo controlador SATA 3; Capacidad: 240 GB  Interfaz: SATA III 6Gb\/s  Nivelaci\u00f3n est\u00e1tica y din\u00e1mica del desgaste, gesti\u00f3n de bloques incorrectos, gesti\u00f3n de baja energ\u00eda  Factor de forma: 2.5 pulgadas\" \/>\n<meta property=\"og:url\" content=\"https:\/\/pcmastersbogota.com.co\/es_es\/producto\/patriot-memory-burst-elite-240gb-ssd\/\" \/>\n<meta property=\"og:site_name\" content=\"PC MASTERS BOGOTA\" \/>\n<meta property=\"article:modified_time\" content=\"2025-12-02T21:13:10+00:00\" \/>\n<meta property=\"og:image\" content=\"https:\/\/pcmastersbogota.com.co\/wp-content\/uploads\/2023\/08\/imagen_2023-08-11_122634134.png\" \/>\n\t<meta property=\"og:image:width\" content=\"1500\" \/>\n\t<meta property=\"og:image:height\" content=\"1051\" \/>\n\t<meta property=\"og:image:type\" content=\"image\/png\" \/>\n<meta name=\"twitter:card\" content=\"summary_large_image\" \/>\n<script type=\"application\/ld+json\" class=\"yoast-schema-graph\">{\"@context\":\"https:\/\/schema.org\",\"@graph\":[{\"@type\":\"WebPage\",\"@id\":\"https:\/\/pcmastersbogota.com.co\/producto\/patriot-memory-burst-elite-240gb-ssd\/\",\"url\":\"https:\/\/pcmastersbogota.com.co\/producto\/patriot-memory-burst-elite-240gb-ssd\/\",\"name\":\"Patriot Memory Burst Elite 240GB SSD - PC MASTERS BOGOTA\",\"isPartOf\":{\"@id\":\"https:\/\/pcmastersbogota.com.co\/es_es\/#website\"},\"primaryImageOfPage\":{\"@id\":\"https:\/\/pcmastersbogota.com.co\/producto\/patriot-memory-burst-elite-240gb-ssd\/#primaryimage\"},\"image\":{\"@id\":\"https:\/\/pcmastersbogota.com.co\/producto\/patriot-memory-burst-elite-240gb-ssd\/#primaryimage\"},\"thumbnailUrl\":\"https:\/\/pcmastersbogota.com.co\/wp-content\/uploads\/2023\/08\/imagen_2023-08-11_122634134.png\",\"datePublished\":\"2023-08-03T20:18:00+00:00\",\"dateModified\":\"2025-12-02T21:13:10+00:00\",\"breadcrumb\":{\"@id\":\"https:\/\/pcmastersbogota.com.co\/producto\/patriot-memory-burst-elite-240gb-ssd\/#breadcrumb\"},\"inLanguage\":\"es\",\"potentialAction\":[{\"@type\":\"ReadAction\",\"target\":[\"https:\/\/pcmastersbogota.com.co\/producto\/patriot-memory-burst-elite-240gb-ssd\/\"]}]},{\"@type\":\"ImageObject\",\"inLanguage\":\"es\",\"@id\":\"https:\/\/pcmastersbogota.com.co\/producto\/patriot-memory-burst-elite-240gb-ssd\/#primaryimage\",\"url\":\"https:\/\/pcmastersbogota.com.co\/wp-content\/uploads\/2023\/08\/imagen_2023-08-11_122634134.png\",\"contentUrl\":\"https:\/\/pcmastersbogota.com.co\/wp-content\/uploads\/2023\/08\/imagen_2023-08-11_122634134.png\",\"width\":1500,\"height\":1051},{\"@type\":\"BreadcrumbList\",\"@id\":\"https:\/\/pcmastersbogota.com.co\/producto\/patriot-memory-burst-elite-240gb-ssd\/#breadcrumb\",\"itemListElement\":[{\"@type\":\"ListItem\",\"position\":1,\"name\":\"Home\",\"item\":\"https:\/\/pcmastersbogota.com.co\/\"},{\"@type\":\"ListItem\",\"position\":2,\"name\":\"Tienda\",\"item\":\"https:\/\/pcmastersbogota.com.co\/es_es\/tienda\/\"},{\"@type\":\"ListItem\",\"position\":3,\"name\":\"Patriot Memory Burst Elite 240GB SSD\"}]},{\"@type\":\"WebSite\",\"@id\":\"https:\/\/pcmastersbogota.com.co\/es_es\/#website\",\"url\":\"https:\/\/pcmastersbogota.com.co\/es_es\/\",\"name\":\"PC MASTERS BOGOTA\",\"description\":\"\",\"potentialAction\":[{\"@type\":\"SearchAction\",\"target\":{\"@type\":\"EntryPoint\",\"urlTemplate\":\"https:\/\/pcmastersbogota.com.co\/es_es\/?s={search_term_string}\"},\"query-input\":{\"@type\":\"PropertyValueSpecification\",\"valueRequired\":true,\"valueName\":\"search_term_string\"}}],\"inLanguage\":\"es\"}]}<\/script>\n<!-- \/ Yoast SEO plugin. -->","yoast_head_json":{"title":"Patriot Memory Burst Elite 240GB SSD - PC MASTERS BOGOTA","robots":{"index":"index","follow":"follow","max-snippet":"max-snippet:-1","max-image-preview":"max-image-preview:large","max-video-preview":"max-video-preview:-1"},"canonical":"https:\/\/pcmastersbogota.com.co\/es_es\/producto\/patriot-memory-burst-elite-240gb-ssd\/","og_locale":"es_ES","og_type":"article","og_title":"Patriot Memory Burst Elite 240GB SSD - PC MASTERS BOGOTA","og_description":"\u00daltimo controlador SATA 3; Capacidad: 240 GB  Interfaz: SATA III 6Gb\/s  Nivelaci\u00f3n est\u00e1tica y din\u00e1mica del desgaste, gesti\u00f3n de bloques incorrectos, gesti\u00f3n de baja energ\u00eda  Factor de forma: 2.5 pulgadas","og_url":"https:\/\/pcmastersbogota.com.co\/es_es\/producto\/patriot-memory-burst-elite-240gb-ssd\/","og_site_name":"PC MASTERS BOGOTA","article_modified_time":"2025-12-02T21:13:10+00:00","og_image":[{"width":1500,"height":1051,"url":"https:\/\/pcmastersbogota.com.co\/wp-content\/uploads\/2023\/08\/imagen_2023-08-11_122634134.png","type":"image\/png"}],"twitter_card":"summary_large_image","schema":{"@context":"https:\/\/schema.org","@graph":[{"@type":"WebPage","@id":"https:\/\/pcmastersbogota.com.co\/producto\/patriot-memory-burst-elite-240gb-ssd\/","url":"https:\/\/pcmastersbogota.com.co\/producto\/patriot-memory-burst-elite-240gb-ssd\/","name":"Patriot Memory Burst Elite 240GB SSD - PC MASTERS BOGOTA","isPartOf":{"@id":"https:\/\/pcmastersbogota.com.co\/es_es\/#website"},"primaryImageOfPage":{"@id":"https:\/\/pcmastersbogota.com.co\/producto\/patriot-memory-burst-elite-240gb-ssd\/#primaryimage"},"image":{"@id":"https:\/\/pcmastersbogota.com.co\/producto\/patriot-memory-burst-elite-240gb-ssd\/#primaryimage"},"thumbnailUrl":"https:\/\/pcmastersbogota.com.co\/wp-content\/uploads\/2023\/08\/imagen_2023-08-11_122634134.png","datePublished":"2023-08-03T20:18:00+00:00","dateModified":"2025-12-02T21:13:10+00:00","breadcrumb":{"@id":"https:\/\/pcmastersbogota.com.co\/producto\/patriot-memory-burst-elite-240gb-ssd\/#breadcrumb"},"inLanguage":"es","potentialAction":[{"@type":"ReadAction","target":["https:\/\/pcmastersbogota.com.co\/producto\/patriot-memory-burst-elite-240gb-ssd\/"]}]},{"@type":"ImageObject","inLanguage":"es","@id":"https:\/\/pcmastersbogota.com.co\/producto\/patriot-memory-burst-elite-240gb-ssd\/#primaryimage","url":"https:\/\/pcmastersbogota.com.co\/wp-content\/uploads\/2023\/08\/imagen_2023-08-11_122634134.png","contentUrl":"https:\/\/pcmastersbogota.com.co\/wp-content\/uploads\/2023\/08\/imagen_2023-08-11_122634134.png","width":1500,"height":1051},{"@type":"BreadcrumbList","@id":"https:\/\/pcmastersbogota.com.co\/producto\/patriot-memory-burst-elite-240gb-ssd\/#breadcrumb","itemListElement":[{"@type":"ListItem","position":1,"name":"Home","item":"https:\/\/pcmastersbogota.com.co\/"},{"@type":"ListItem","position":2,"name":"Tienda","item":"https:\/\/pcmastersbogota.com.co\/es_es\/tienda\/"},{"@type":"ListItem","position":3,"name":"Patriot Memory Burst Elite 240GB SSD"}]},{"@type":"WebSite","@id":"https:\/\/pcmastersbogota.com.co\/es_es\/#website","url":"https:\/\/pcmastersbogota.com.co\/es_es\/","name":"PC MASTERS BOGOTA","description":"","potentialAction":[{"@type":"SearchAction","target":{"@type":"EntryPoint","urlTemplate":"https:\/\/pcmastersbogota.com.co\/es_es\/?s={search_term_string}"},"query-input":{"@type":"PropertyValueSpecification","valueRequired":true,"valueName":"search_term_string"}}],"inLanguage":"es"}]}},"brands":[{"id":94,"name":"PATRIOT","slug":"patriot"}],"_links":{"self":[{"href":"https:\/\/pcmastersbogota.com.co\/es_es\/wp-json\/wp\/v2\/product\/20650","targetHints":{"allow":["GET"]}}],"collection":[{"href":"https:\/\/pcmastersbogota.com.co\/es_es\/wp-json\/wp\/v2\/product"}],"about":[{"href":"https:\/\/pcmastersbogota.com.co\/es_es\/wp-json\/wp\/v2\/types\/product"}],"replies":[{"embeddable":true,"href":"https:\/\/pcmastersbogota.com.co\/es_es\/wp-json\/wp\/v2\/comments?post=20650"}],"version-history":[{"count":3,"href":"https:\/\/pcmastersbogota.com.co\/es_es\/wp-json\/wp\/v2\/product\/20650\/revisions"}],"predecessor-version":[{"id":20678,"href":"https:\/\/pcmastersbogota.com.co\/es_es\/wp-json\/wp\/v2\/product\/20650\/revisions\/20678"}],"wp:featuredmedia":[{"embeddable":true,"href":"https:\/\/pcmastersbogota.com.co\/es_es\/wp-json\/wp\/v2\/media\/20672"}],"wp:attachment":[{"href":"https:\/\/pcmastersbogota.com.co\/es_es\/wp-json\/wp\/v2\/media?parent=20650"}],"wp:term":[{"taxonomy":"pwb-brand","embeddable":true,"href":"https:\/\/pcmastersbogota.com.co\/es_es\/wp-json\/wp\/v2\/pwb-brand?post=20650"},{"taxonomy":"product_brand","embeddable":true,"href":"https:\/\/pcmastersbogota.com.co\/es_es\/wp-json\/wp\/v2\/product_brand?post=20650"},{"taxonomy":"product_cat","embeddable":true,"href":"https:\/\/pcmastersbogota.com.co\/es_es\/wp-json\/wp\/v2\/product_cat?post=20650"},{"taxonomy":"product_tag","embeddable":true,"href":"https:\/\/pcmastersbogota.com.co\/es_es\/wp-json\/wp\/v2\/product_tag?post=20650"}],"curies":[{"name":"wp","href":"https:\/\/api.w.org\/{rel}","templated":true}]}}