{"id":20711,"date":"2023-08-14T13:55:36","date_gmt":"2023-08-14T18:55:36","guid":{"rendered":"https:\/\/pcmastersbogota.com.co\/?post_type=product&#038;p=20711"},"modified":"2025-05-29T12:08:30","modified_gmt":"2025-05-29T17:08:30","slug":"xpg-750w-80-gold-modular-core-reactor","status":"publish","type":"product","link":"https:\/\/pcmastersbogota.com.co\/es_es\/producto\/xpg-750w-80-gold-modular-core-reactor\/","title":{"rendered":"XPG 750W 80 + GOLD MODULAR CORE REACTOR"},"content":{"rendered":"<div class=\"pd-sf-list\">\n<div class=\"pd-sf-item\">\n<div class=\"pd-kv-area\">\n<div class=\"pd-kv-text aos-init aos-animate\" data-aos=\"fade-up\">\n<h2>CORE REACTOR<\/h2>\n<h3>MONTE SU FUENTE DE ALIMENTACI\u00d3N CORE<\/h3>\n<p>&nbsp;<\/p>\n<p>XPG CORE REACTOR es una fuente de alimentaci\u00f3n modular 80 Plus Gold equipada con condensadores 100% japoneses. Combinada con la topolog\u00eda resonante Line Level Control (LLC), es eficientemente energ\u00e9tica, fiable y permite realizar el montaje de una forma ordenada y sencilla.<\/p>\n<p>&nbsp;<\/p>\n<\/div>\n<\/div>\n<div class=\"pd-feature-area\">\n<div class=\"pd-feature-type9 aos-init aos-animate\" data-aos=\"fade-zoom-in\">\n<div class=\"pd-img-area-type9\"><img decoding=\"async\" class=\"img-fluid lazyloaded\" src=\"https:\/\/webapi3.adata.com\/storage\/ProductImage\/641\/images\/pi_feature_image_2.jpg\" alt=\"\" data-src=\"https:\/\/webapi3.adata.com\/storage\/ProductImage\/641\/images\/pi_feature_image_2.jpg\" \/><\/div>\n<div class=\"pd-text-area-type9\">\n<h4>Con certificaci\u00f3n 80 Plus Gold<\/h4>\n<p>&nbsp;<\/p>\n<p>La fuente de alimentaci\u00f3n XPG CORE REACTOR con certificaci\u00f3n 80 Plus Gold le ofrece una eficiencia del 90% con el 50% de carga. Tiene 650 W, 750 W y 850 W para las distintas necesidades.<\/p>\n<p>&nbsp;<\/p>\n<\/div>\n<\/div>\n<div class=\"pd-feature-type8 aos-init aos-animate\" data-aos=\"fade-zoom-in\">\n<div class=\"pd-img-area-type8\"><img decoding=\"async\" class=\"img-fluid lazyloaded\" src=\"https:\/\/webapi3.adata.com\/storage\/product\/641_pi_feature_image_3.jpg\" alt=\"\" data-src=\"https:\/\/webapi3.adata.com\/storage\/product\/641_pi_feature_image_3.jpg\" \/><\/div>\n<div class=\"pd-text-area-type8\">\n<h4>Certificaci\u00f3n LAMBA\/ETA de Cybenetics<\/h4>\n<p>&nbsp;<\/p>\n<p>La SERIE XPG CORE REACTOR cuenta con la certificaci\u00f3n de Cybenetics por su eficiencia y nivel de ruido, ubic\u00e1ndose en la cima de su categor\u00eda tanto en el est\u00e1ndar ETA como en el est\u00e1ndar LAMBDA.<\/p>\n<p>Para obtener m\u00e1s informaci\u00f3n sobre las certificaciones de Cybenetics para XPG CORE REACTOR, visite\u00a0<a href=\"https:\/\/www.cybenetics.com\/index.php?option=database&amp;params=1,0,107\" target=\"_blank\" rel=\"noopener\">PSU DE LA SERIE XPG CORE REACTOR &#8211; Laboratorios de Cybenetics &#8211; Certificaciones de nivel de ruido y eficiencia de la PSU<\/a>.<\/p>\n<p>&nbsp;<\/p>\n<\/div>\n<\/div>\n<div class=\"pd-feature-type9 aos-init aos-animate\" data-aos=\"fade-zoom-in\">\n<div class=\"pd-img-area-type9\"><img decoding=\"async\" class=\"img-fluid ls-is-cached lazyloaded\" src=\"https:\/\/webapi3.adata.com\/storage\/ProductImage\/641\/images\/pi_feature_image_4.jpg\" alt=\"\" data-src=\"https:\/\/webapi3.adata.com\/storage\/ProductImage\/641\/images\/pi_feature_image_4.jpg\" \/><\/div>\n<div class=\"pd-text-area-type9\">\n<h4>Curva del ventilador inteligente<\/h4>\n<p>&nbsp;<\/p>\n<p>La curva del ventilador inteligente hace que el funcionamiento sea pr\u00e1cticamente silencioso, incluso cuando est\u00e1 a plena carga de potencia. El control del ventilador comienza siendo bajo: 3,3 V, 660 rpm \u00b1 10%, y permanece a esta velocidad hasta que se sobrepasa el 50% de carga, lo que alarga la vida \u00fatil del ventilador y de la fuente de alimentaci\u00f3n.<\/p>\n<p>&nbsp;<\/p>\n<\/div>\n<\/div>\n<div class=\"pd-feature-type8 aos-init aos-animate\" data-aos=\"fade-zoom-in\">\n<div class=\"pd-img-area-type8\"><img decoding=\"async\" class=\"img-fluid ls-is-cached lazyloaded\" src=\"https:\/\/webapi3.adata.com\/storage\/ProductImage\/641\/images\/pi_feature_image_5.jpg\" alt=\"\" data-src=\"https:\/\/webapi3.adata.com\/storage\/ProductImage\/641\/images\/pi_feature_image_5.jpg\" \/><\/div>\n<div class=\"pd-text-area-type8\">\n<h4>Compacto y modular<\/h4>\n<p>&nbsp;<\/p>\n<p>La fuente de alimentaci\u00f3n XPG CORE REACTOR tiene un tama\u00f1o compacto gracias a la combinaci\u00f3n de componentes de alta calidad, un dise\u00f1o bien concebido y un nuevo proceso de fabricaci\u00f3n. Y adem\u00e1s, su dise\u00f1o modular reduce la acumulaci\u00f3n de cables y simplifica el montaje del sistema.<\/p>\n<p>&nbsp;<\/p>\n<\/div>\n<\/div>\n<div class=\"pd-feature-type9 aos-init aos-animate\" data-aos=\"fade-zoom-in\">\n<div class=\"pd-img-area-type9\"><img decoding=\"async\" class=\"img-fluid ls-is-cached lazyloaded\" src=\"https:\/\/webapi3.adata.com\/storage\/ProductImage\/641\/images\/pi_feature_image_6.jpg\" alt=\"\" data-src=\"https:\/\/webapi3.adata.com\/storage\/ProductImage\/641\/images\/pi_feature_image_6.jpg\" \/><\/div>\n<div class=\"pd-text-area-type9\">\n<h4>Condensadores japoneses de alta calidad<\/h4>\n<p>&nbsp;<\/p>\n<p>Equipada con condensadores japoneses, todos de 105 \u00b0C, la fuente de alimentaci\u00f3n XPG CORE REACTOR le ofrece fiabilidad y estabilidad. El voltaje de CC de la fuente de alimentaci\u00f3n XPG CORE REACTOR se mantiene en \u00b12% y reduce la fluctuaci\u00f3n y el ruido hasta un 35% para una mayor fiabilidad.<\/p>\n<p>&nbsp;<\/p>\n<\/div>\n<\/div>\n<div class=\"pd-feature-type8 aos-init aos-animate\" data-aos=\"fade-zoom-in\">\n<div class=\"pd-img-area-type8\"><img decoding=\"async\" class=\"img-fluid ls-is-cached lazyloaded\" src=\"https:\/\/webapi3.adata.com\/storage\/ProductImage\/641\/images\/pi_feature_image_7.jpg\" alt=\"\" data-src=\"https:\/\/webapi3.adata.com\/storage\/ProductImage\/641\/images\/pi_feature_image_7.jpg\" \/><\/div>\n<div class=\"pd-text-area-type8\">\n<h4>Protecci\u00f3n de grado industrial<\/h4>\n<p>&nbsp;<\/p>\n<p>La fuente de alimentaci\u00f3n XPG CORE REACTOR viene con un conjunto de mecanismos de protecci\u00f3n para no tener que preocuparse y est\u00e1 respaldada por una garant\u00eda de 10 a\u00f1os.<\/p>\n<p>&nbsp;<\/p>\n<p>Protecci\u00f3n contra sobrecorrientes (OCP)<br \/>\nProtecci\u00f3n contra subidas de tensi\u00f3n (OVP)<br \/>\nProtecci\u00f3n contra bajadas de tensi\u00f3n (UVP)<br \/>\nProtecci\u00f3n contra subidas de potencia (OPP)<br \/>\nProtecci\u00f3n contra cortocircuitos (SCP)<br \/>\nProtecci\u00f3n contra subidas de temperatura (OTP)<br \/>\nFuncionamiento sin carga (NLO)<br \/>\nProtecci\u00f3n contra irrupciones y sobretensiones (SIP)<\/p>\n<p>&nbsp;<\/p>\n<\/div>\n<\/div>\n<div class=\"pd-feature-type9 aos-init aos-animate\" data-aos=\"fade-zoom-in\">\n<div class=\"pd-img-area-type9\"><img decoding=\"async\" class=\"img-fluid ls-is-cached lazyloaded\" src=\"https:\/\/webapi3.adata.com\/storage\/product\/641_pi_feature_image_8.jpg\" alt=\"\" data-src=\"https:\/\/webapi3.adata.com\/storage\/product\/641_pi_feature_image_8.jpg\" \/><\/div>\n<div class=\"pd-text-area-type9\">\n<h4>Especificaciones<\/h4>\n<p>&nbsp;<\/p>\n<\/div>\n<\/div>\n<div class=\"pd-feature-type8 aos-init aos-animate\" data-aos=\"fade-zoom-in\">\n<div class=\"pd-img-area-type8\"><img decoding=\"async\" class=\"img-fluid ls-is-cached lazyloaded\" src=\"https:\/\/webapi3.adata.com\/storage\/product\/641_pi_feature_image_9.jpg\" alt=\"\" data-src=\"https:\/\/webapi3.adata.com\/storage\/product\/641_pi_feature_image_9.jpg\" \/><\/div>\n<div class=\"pd-text-area-type8\">\n<h4>Especificaciones<\/h4>\n<\/div>\n<\/div>\n<\/div>\n<p>Dimensiones (LA x AN x Al)<\/p>\n<\/div>\n<div class=\"pd-sf-info\">140 x 150 x 86 mm<\/div>\n<\/div>\n<div class=\"pd-sf-list\">\n<div class=\"pd-sf-item\">Clasificaci\u00f3n 80 PLUS<\/div>\n<div class=\"pd-sf-info\">GOLD<\/div>\n<\/div>\n<div class=\"pd-sf-list\">\n<div class=\"pd-sf-item\">Versi\u00f3n ATX<\/div>\n<div class=\"pd-sf-info\">Intel ATX 12V V2.52<\/div>\n<\/div>\n<div class=\"pd-sf-list\">\n<div class=\"pd-sf-item\">Protecciones<\/div>\n<div class=\"pd-sf-info\">OCP \/ OVP \/ UVP \/ OPP \/ SCP \/ OTP \/ NLO \/ SIP<\/div>\n<\/div>\n<div class=\"pd-sf-list\">\n<div class=\"pd-sf-item\">Certificados<\/div>\n<div class=\"pd-sf-info\">CE \/ UKCA \/ CB \/ FCC (IC) \/ EAC \/ CCC \/ TUV \/ cTUVus \/ RCM \/ NOM \/ BSMI \/ KC<\/div>\n<\/div>\n<div class=\"pd-sf-list\">\n<div class=\"pd-sf-item\">PFC<\/div>\n<div class=\"pd-sf-info\">0,99<\/div>\n<\/div>\n<div class=\"pd-sf-list\">\n<div class=\"pd-sf-item\">Voltaje de entrada<\/div>\n<div class=\"pd-sf-info\">100 V-240 V<\/div>\n<\/div>\n<div class=\"pd-sf-list\">\n<div class=\"pd-sf-item\">Corriente de entrada<\/div>\n<div class=\"pd-sf-info\">10 A-5 A<\/div>\n<\/div>\n<div class=\"pd-sf-list\">\n<div class=\"pd-sf-item\">Frecuencia de entrada<\/div>\n<div class=\"pd-sf-info\">47 Hz-63 Hz<\/div>\n<\/div>\n<div class=\"pd-sf-list\">\n<div class=\"pd-sf-item\">Temperatura de operaci\u00f3n<\/div>\n<div class=\"pd-sf-info\">50\u00b0C<\/div>\n<\/div>\n<div class=\"pd-sf-list\">\n<div class=\"pd-sf-item\">Tama\u00f1o del ventilador<\/div>\n<div class=\"pd-sf-info\">12 cm<\/div>\n<\/div>\n<div class=\"pd-sf-list\">\n<div class=\"pd-sf-item\">Rodamiento del ventilador<\/div>\n<div class=\"pd-sf-info\">Rodamiento hidr\u00e1ulico (FDB, Fluid Dynamic Bearing)*<\/div>\n<\/div>\n<div class=\"pd-sf-list\">\n<div class=\"pd-sf-item\">Velocidad del ventilador<\/div>\n<div class=\"pd-sf-info\">2400 RPM<\/div>\n<\/div>\n<div class=\"pd-sf-list\">\n<div class=\"pd-sf-item\">MTBF<\/div>\n<div class=\"pd-sf-info\">100.000 horas a carga completa<\/div>\n<\/div>\n<div class=\"pd-sf-list\">\n<div class=\"pd-sf-item\">Conector ATX de 24 contactos<\/div>\n<div class=\"pd-sf-info\">1<\/div>\n<\/div>\n<div class=\"pd-sf-list\">\n<div class=\"pd-sf-item\">Conector EPS de 8 (4+4) contactos<\/div>\n<div class=\"pd-sf-info\">850 W : 2 \/ 750 W : 2 \/ 650 W : 2<\/div>\n<\/div>\n<div class=\"pd-sf-list\">\n<div class=\"pd-sf-item\">Conector de EPS 8 contactos<\/div>\n<div class=\"pd-sf-info\">&#8211;<\/div>\n<\/div>\n<div class=\"pd-sf-list\">\n<div class=\"pd-sf-item\">Conector PCI-E de 6+2 contactos<\/div>\n<div class=\"pd-sf-info\">850 W : 6 \/ 750 W : 6 \/ 650W : 4<\/div>\n<\/div>\n<div class=\"pd-sf-list\">\n<div class=\"pd-sf-item\">Conector Molex 4 pines<\/div>\n<div class=\"pd-sf-info\">4<\/div>\n<\/div>\n<div class=\"pd-sf-list\">\n<div class=\"pd-sf-item\">Conector SATA<\/div>\n<div class=\"pd-sf-info\">12<\/div>\n<\/div>\n<div class=\"pd-sf-list\">\n<div class=\"pd-sf-item\">Conector flexible de 4 pines<\/div>\n<div class=\"pd-sf-info\">\uff0d<\/div>\n<\/div>\n<div class=\"pd-sf-list\">\n<div class=\"pd-sf-item\">Peso<\/div>\n<div class=\"pd-sf-info\">850 W:<br \/>\nProducto + cables: 1,45 kg + 1,08 kg (3,2 lb + 2,4 lb) \u00b15 %<br \/>\ncon el paquete: 3,23 kg (7,1 lb) \u00b15 %<br \/>\n750 W:<br \/>\nProducto + cables: 1,41kg + 1,08 kg (3,1 lb + 2,4 lb) \u00b15 %<br \/>\ncon el paquete: 3,19 kg (7,0 lb) \u00b15 %<br \/>\n650W:<br \/>\nProducto + cables: 1,31 kg + 0,5 kg (2,9 lb + 1,1 lb) \u00b15 %<br \/>\ncon el paquete: 3,09 kg (6,8 lb) \u00b15 %<\/div>\n<\/div>\n<div class=\"pd-sf-list\">\n<div class=\"pd-sf-item\">Garant\u00eda<\/div>\n<div class=\"pd-sf-info\">10 a\u00f1os<\/div>\n<\/div>\n","protected":false},"excerpt":{"rendered":"<p>CORE REACTOR MONTE SU FUENTE DE ALIMENTACI\u00d3N CORE &nbsp; XPG CORE REACTOR es una fuente de alimentaci\u00f3n modular 80 Plus<\/p>\n","protected":false},"featured_media":20714,"comment_status":"closed","ping_status":"closed","template":"","meta":[],"pwb-brand":[93,104],"product_brand":[],"product_cat":[313],"product_tag":[413,427,426],"class_list":{"0":"post-20711","1":"product","2":"type-product","3":"status-publish","4":"has-post-thumbnail","6":"pwb-brand-adata","7":"pwb-brand-xpg","8":"product_cat-fuentes-de-poder","9":"product_tag-fuente","10":"product_tag-gold","11":"product_tag-xpg","13":"first","14":"outofstock","15":"taxable","16":"shipping-taxable","17":"purchasable","18":"product-type-simple"},"yoast_head":"<!-- This site is optimized with the Yoast SEO plugin v26.7 - https:\/\/yoast.com\/wordpress\/plugins\/seo\/ -->\n<title>XPG 750W 80 + GOLD MODULAR CORE REACTOR - PC MASTERS BOGOTA<\/title>\n<meta name=\"robots\" content=\"index, follow, max-snippet:-1, max-image-preview:large, max-video-preview:-1\" \/>\n<link rel=\"canonical\" href=\"https:\/\/pcmastersbogota.com.co\/es_es\/producto\/xpg-750w-80-gold-modular-core-reactor\/\" \/>\n<meta property=\"og:locale\" content=\"es_ES\" \/>\n<meta property=\"og:type\" content=\"article\" \/>\n<meta property=\"og:title\" content=\"XPG 750W 80 + GOLD MODULAR CORE REACTOR - PC MASTERS BOGOTA\" \/>\n<meta property=\"og:description\" content=\"CORE REACTOR MONTE SU FUENTE DE ALIMENTACI\u00d3N CORE &nbsp; XPG CORE REACTOR es una fuente de alimentaci\u00f3n modular 80 Plus\" \/>\n<meta property=\"og:url\" content=\"https:\/\/pcmastersbogota.com.co\/es_es\/producto\/xpg-750w-80-gold-modular-core-reactor\/\" \/>\n<meta property=\"og:site_name\" content=\"PC MASTERS BOGOTA\" \/>\n<meta property=\"article:modified_time\" content=\"2025-05-29T17:08:30+00:00\" \/>\n<meta property=\"og:image\" content=\"https:\/\/pcmastersbogota.com.co\/wp-content\/uploads\/2023\/08\/750-4.jpg\" \/>\n\t<meta property=\"og:image:width\" content=\"2000\" \/>\n\t<meta property=\"og:image:height\" content=\"2000\" \/>\n\t<meta property=\"og:image:type\" content=\"image\/jpeg\" \/>\n<meta name=\"twitter:card\" content=\"summary_large_image\" \/>\n<meta name=\"twitter:label1\" content=\"Tiempo de lectura\" \/>\n\t<meta name=\"twitter:data1\" content=\"3 minutos\" \/>\n<script type=\"application\/ld+json\" class=\"yoast-schema-graph\">{\"@context\":\"https:\/\/schema.org\",\"@graph\":[{\"@type\":\"WebPage\",\"@id\":\"https:\/\/pcmastersbogota.com.co\/producto\/xpg-750w-80-gold-modular-core-reactor\/\",\"url\":\"https:\/\/pcmastersbogota.com.co\/producto\/xpg-750w-80-gold-modular-core-reactor\/\",\"name\":\"XPG 750W 80 + GOLD MODULAR CORE REACTOR - PC MASTERS BOGOTA\",\"isPartOf\":{\"@id\":\"https:\/\/pcmastersbogota.com.co\/es_es\/#website\"},\"primaryImageOfPage\":{\"@id\":\"https:\/\/pcmastersbogota.com.co\/producto\/xpg-750w-80-gold-modular-core-reactor\/#primaryimage\"},\"image\":{\"@id\":\"https:\/\/pcmastersbogota.com.co\/producto\/xpg-750w-80-gold-modular-core-reactor\/#primaryimage\"},\"thumbnailUrl\":\"https:\/\/pcmastersbogota.com.co\/wp-content\/uploads\/2023\/08\/750-4.jpg\",\"datePublished\":\"2023-08-14T18:55:36+00:00\",\"dateModified\":\"2025-05-29T17:08:30+00:00\",\"breadcrumb\":{\"@id\":\"https:\/\/pcmastersbogota.com.co\/producto\/xpg-750w-80-gold-modular-core-reactor\/#breadcrumb\"},\"inLanguage\":\"es\",\"potentialAction\":[{\"@type\":\"ReadAction\",\"target\":[\"https:\/\/pcmastersbogota.com.co\/producto\/xpg-750w-80-gold-modular-core-reactor\/\"]}]},{\"@type\":\"ImageObject\",\"inLanguage\":\"es\",\"@id\":\"https:\/\/pcmastersbogota.com.co\/producto\/xpg-750w-80-gold-modular-core-reactor\/#primaryimage\",\"url\":\"https:\/\/pcmastersbogota.com.co\/wp-content\/uploads\/2023\/08\/750-4.jpg\",\"contentUrl\":\"https:\/\/pcmastersbogota.com.co\/wp-content\/uploads\/2023\/08\/750-4.jpg\",\"width\":2000,\"height\":2000},{\"@type\":\"BreadcrumbList\",\"@id\":\"https:\/\/pcmastersbogota.com.co\/producto\/xpg-750w-80-gold-modular-core-reactor\/#breadcrumb\",\"itemListElement\":[{\"@type\":\"ListItem\",\"position\":1,\"name\":\"Home\",\"item\":\"https:\/\/pcmastersbogota.com.co\/\"},{\"@type\":\"ListItem\",\"position\":2,\"name\":\"Tienda\",\"item\":\"https:\/\/pcmastersbogota.com.co\/es_es\/tienda\/\"},{\"@type\":\"ListItem\",\"position\":3,\"name\":\"XPG 750W 80 + GOLD MODULAR CORE REACTOR\"}]},{\"@type\":\"WebSite\",\"@id\":\"https:\/\/pcmastersbogota.com.co\/es_es\/#website\",\"url\":\"https:\/\/pcmastersbogota.com.co\/es_es\/\",\"name\":\"PC MASTERS BOGOTA\",\"description\":\"\",\"potentialAction\":[{\"@type\":\"SearchAction\",\"target\":{\"@type\":\"EntryPoint\",\"urlTemplate\":\"https:\/\/pcmastersbogota.com.co\/es_es\/?s={search_term_string}\"},\"query-input\":{\"@type\":\"PropertyValueSpecification\",\"valueRequired\":true,\"valueName\":\"search_term_string\"}}],\"inLanguage\":\"es\"}]}<\/script>\n<!-- \/ Yoast SEO plugin. -->","yoast_head_json":{"title":"XPG 750W 80 + GOLD MODULAR CORE REACTOR - PC MASTERS BOGOTA","robots":{"index":"index","follow":"follow","max-snippet":"max-snippet:-1","max-image-preview":"max-image-preview:large","max-video-preview":"max-video-preview:-1"},"canonical":"https:\/\/pcmastersbogota.com.co\/es_es\/producto\/xpg-750w-80-gold-modular-core-reactor\/","og_locale":"es_ES","og_type":"article","og_title":"XPG 750W 80 + GOLD MODULAR CORE REACTOR - PC MASTERS BOGOTA","og_description":"CORE REACTOR MONTE SU FUENTE DE ALIMENTACI\u00d3N CORE &nbsp; XPG CORE REACTOR es una fuente de alimentaci\u00f3n modular 80 Plus","og_url":"https:\/\/pcmastersbogota.com.co\/es_es\/producto\/xpg-750w-80-gold-modular-core-reactor\/","og_site_name":"PC MASTERS BOGOTA","article_modified_time":"2025-05-29T17:08:30+00:00","og_image":[{"width":2000,"height":2000,"url":"https:\/\/pcmastersbogota.com.co\/wp-content\/uploads\/2023\/08\/750-4.jpg","type":"image\/jpeg"}],"twitter_card":"summary_large_image","twitter_misc":{"Tiempo de lectura":"3 minutos"},"schema":{"@context":"https:\/\/schema.org","@graph":[{"@type":"WebPage","@id":"https:\/\/pcmastersbogota.com.co\/producto\/xpg-750w-80-gold-modular-core-reactor\/","url":"https:\/\/pcmastersbogota.com.co\/producto\/xpg-750w-80-gold-modular-core-reactor\/","name":"XPG 750W 80 + GOLD MODULAR CORE REACTOR - PC MASTERS BOGOTA","isPartOf":{"@id":"https:\/\/pcmastersbogota.com.co\/es_es\/#website"},"primaryImageOfPage":{"@id":"https:\/\/pcmastersbogota.com.co\/producto\/xpg-750w-80-gold-modular-core-reactor\/#primaryimage"},"image":{"@id":"https:\/\/pcmastersbogota.com.co\/producto\/xpg-750w-80-gold-modular-core-reactor\/#primaryimage"},"thumbnailUrl":"https:\/\/pcmastersbogota.com.co\/wp-content\/uploads\/2023\/08\/750-4.jpg","datePublished":"2023-08-14T18:55:36+00:00","dateModified":"2025-05-29T17:08:30+00:00","breadcrumb":{"@id":"https:\/\/pcmastersbogota.com.co\/producto\/xpg-750w-80-gold-modular-core-reactor\/#breadcrumb"},"inLanguage":"es","potentialAction":[{"@type":"ReadAction","target":["https:\/\/pcmastersbogota.com.co\/producto\/xpg-750w-80-gold-modular-core-reactor\/"]}]},{"@type":"ImageObject","inLanguage":"es","@id":"https:\/\/pcmastersbogota.com.co\/producto\/xpg-750w-80-gold-modular-core-reactor\/#primaryimage","url":"https:\/\/pcmastersbogota.com.co\/wp-content\/uploads\/2023\/08\/750-4.jpg","contentUrl":"https:\/\/pcmastersbogota.com.co\/wp-content\/uploads\/2023\/08\/750-4.jpg","width":2000,"height":2000},{"@type":"BreadcrumbList","@id":"https:\/\/pcmastersbogota.com.co\/producto\/xpg-750w-80-gold-modular-core-reactor\/#breadcrumb","itemListElement":[{"@type":"ListItem","position":1,"name":"Home","item":"https:\/\/pcmastersbogota.com.co\/"},{"@type":"ListItem","position":2,"name":"Tienda","item":"https:\/\/pcmastersbogota.com.co\/es_es\/tienda\/"},{"@type":"ListItem","position":3,"name":"XPG 750W 80 + GOLD MODULAR CORE REACTOR"}]},{"@type":"WebSite","@id":"https:\/\/pcmastersbogota.com.co\/es_es\/#website","url":"https:\/\/pcmastersbogota.com.co\/es_es\/","name":"PC MASTERS BOGOTA","description":"","potentialAction":[{"@type":"SearchAction","target":{"@type":"EntryPoint","urlTemplate":"https:\/\/pcmastersbogota.com.co\/es_es\/?s={search_term_string}"},"query-input":{"@type":"PropertyValueSpecification","valueRequired":true,"valueName":"search_term_string"}}],"inLanguage":"es"}]}},"brands":[{"id":93,"name":"Adata","slug":"adata"},{"id":104,"name":"XPG","slug":"xpg"}],"_links":{"self":[{"href":"https:\/\/pcmastersbogota.com.co\/es_es\/wp-json\/wp\/v2\/product\/20711","targetHints":{"allow":["GET"]}}],"collection":[{"href":"https:\/\/pcmastersbogota.com.co\/es_es\/wp-json\/wp\/v2\/product"}],"about":[{"href":"https:\/\/pcmastersbogota.com.co\/es_es\/wp-json\/wp\/v2\/types\/product"}],"replies":[{"embeddable":true,"href":"https:\/\/pcmastersbogota.com.co\/es_es\/wp-json\/wp\/v2\/comments?post=20711"}],"version-history":[{"count":2,"href":"https:\/\/pcmastersbogota.com.co\/es_es\/wp-json\/wp\/v2\/product\/20711\/revisions"}],"predecessor-version":[{"id":20721,"href":"https:\/\/pcmastersbogota.com.co\/es_es\/wp-json\/wp\/v2\/product\/20711\/revisions\/20721"}],"wp:featuredmedia":[{"embeddable":true,"href":"https:\/\/pcmastersbogota.com.co\/es_es\/wp-json\/wp\/v2\/media\/20714"}],"wp:attachment":[{"href":"https:\/\/pcmastersbogota.com.co\/es_es\/wp-json\/wp\/v2\/media?parent=20711"}],"wp:term":[{"taxonomy":"pwb-brand","embeddable":true,"href":"https:\/\/pcmastersbogota.com.co\/es_es\/wp-json\/wp\/v2\/pwb-brand?post=20711"},{"taxonomy":"product_brand","embeddable":true,"href":"https:\/\/pcmastersbogota.com.co\/es_es\/wp-json\/wp\/v2\/product_brand?post=20711"},{"taxonomy":"product_cat","embeddable":true,"href":"https:\/\/pcmastersbogota.com.co\/es_es\/wp-json\/wp\/v2\/product_cat?post=20711"},{"taxonomy":"product_tag","embeddable":true,"href":"https:\/\/pcmastersbogota.com.co\/es_es\/wp-json\/wp\/v2\/product_tag?post=20711"}],"curies":[{"name":"wp","href":"https:\/\/api.w.org\/{rel}","templated":true}]}}