{"id":20723,"date":"2023-08-15T11:21:46","date_gmt":"2023-08-15T16:21:46","guid":{"rendered":"https:\/\/pcmastersbogota.com.co\/?post_type=product&#038;p=20723"},"modified":"2025-05-07T10:37:18","modified_gmt":"2025-05-07T15:37:18","slug":"asus-tuf-gaming-geforce-rtx-3050-oc-edition-8gb-gddr6","status":"publish","type":"product","link":"https:\/\/pcmastersbogota.com.co\/es_es\/producto\/asus-tuf-gaming-geforce-rtx-3050-oc-edition-8gb-gddr6\/","title":{"rendered":"ASUS TUF Gaming GeForce RTX\u2122 3050 OC Edition 8GB GDDR6"},"content":{"rendered":"<div class=\"hd-scroller\">\n<section id=\"slot-design\" class=\"sec-slot-design sec-reveal sec-bg\">\n<figure class=\"hd-d-768-none\">\n<h3 class=\"color-primary reveal\" data-trigger=\".hd-scroller\">CONSTRUCCI\u00d3N TUF<\/h3>\n<p class=\"reveal\" data-delay=\".25\" data-trigger=\".hd-scroller\">La TUF Gaming GeForce RTX\u2122 3050 se ha desmontado y vuelto a construir para proporcionar una alimentaci\u00f3n y una refrigeraci\u00f3n m\u00e1s s\u00f3lidas. Una cubierta totalmente met\u00e1lica alberga dos potentes ventiladores Axial-tech con baleros de bolas dobles. Debajo, un disipador de calor grueso mantiene las t\u00e9rmicas bajo estricto control. Las caracter\u00edsticas adicionales, incluidos los componentes TUF, la tecnolog\u00eda Auto-Extreme y una ventilaci\u00f3n en la placa posterior, hacen que el TUF sea una potencia adecuada. Para los constructores que buscan un nuevo \u00abviejo fiel\u00bb, esta tarjeta los respalda.<\/p>\n<\/figure>\n<div class=\"hd-w1200\">\n<div class=\"hd-content flex-wrap align-items-start\">\n<div class=\"hd-col60\">\n<h3 class=\"color-primary reveal\" data-delay=\".25\" data-trigger=\".hd-scroller\">DISE\u00d1O DE 2.8 RANURAS<\/h3>\n<p class=\"reveal\" data-delay=\".4\" data-trigger=\".hd-scroller\">El disipador de calor atrae el calor hacia los tubos de calor que lo transportan a trav\u00e9s de una pila de aletas que ocupa la mayor parte del gran espacio de 2.8 ranuras de la tarjeta.<\/p>\n<\/div>\n<\/div>\n<\/div>\n<\/section>\n<\/div>\n<section id=\"pcb\" class=\"sec-pcb bg-black\">\n<div class=\"hd-w1200\">\n<div class=\"slider-pcb owl-carousel owl-loaded\">\n<div class=\"owl-stage-outer\">\n<div class=\"owl-stage\">\n<div class=\"owl-item active center\" aria-selected=\"true\">\n<div class=\"hd-item\">\n<figure><img decoding=\"async\" src=\"https:\/\/dlcdnwebimgs.asus.com\/files\/media\/76b64e39-86ad-434a-8ed8-6ba0bd727de0\/v1\/img\/img_components.jpg\" srcset=\"https:\/\/dlcdnwebimgs.asus.com\/files\/media\/76b64e39-86ad-434a-8ed8-6ba0bd727de0\/v1\/img\/img_components@2x.jpg 2x\" alt=\"Componentes premium\" \/><\/p>\n<div class=\"hd-trigger-hover hd-component\"><\/div>\n<p><img decoding=\"async\" class=\"hd-hover\" src=\"https:\/\/dlcdnwebimgs.asus.com\/files\/media\/76b64e39-86ad-434a-8ed8-6ba0bd727de0\/v1\/img\/img_components_hover.jpg\" srcset=\"https:\/\/dlcdnwebimgs.asus.com\/files\/media\/76b64e39-86ad-434a-8ed8-6ba0bd727de0\/v1\/img\/img_components_hover@2x.jpg 2x\" alt=\"Componentes premium enfocados\" \/><\/figure>\n<div class=\"hd-content\">\n<h4 class=\"reveal\"><span>TARJETA DE CIRCUITO IMPRESO<\/span><\/h4>\n<h3 class=\"color-primary reveal\" data-delay=\".25\">COMPONENTES TUF<\/h3>\n<p class=\"reveal\" data-delay=\".4\">Se seleccionaron condensadores robustos de grado militar para el dise\u00f1o de potencia de la tarjeta. Ellos y otros componentes se sueldan a la placa de circuito impreso utilizando nuestro proceso de fabricaci\u00f3n automatizado Auto-Extreme. Las uniones precisas y la eliminaci\u00f3n del error humano garantizan que cada tarjeta gr\u00e1fica cumpla con nuestras rigurosas especificaciones. Para garantizar un rendimiento impecable cuando cuenta, las tarjetas se someten a una prueba de validaci\u00f3n agotadora de 144 horas.<\/p>\n<p><small class=\"note color-grey\">* Solo para ilustraci\u00f3n.<\/small><\/div>\n<\/div>\n<\/div>\n<\/div>\n<\/div>\n<\/div>\n<\/div>\n<\/section>\n<div class=\"hd-sticky-container sec-bg\">\n<div class=\"hd-bg\"><\/div>\n<section id=\"shroud\" class=\"sec-shroud flex-wrap align-items-center\">\n<div class=\"hd-w1200\">\n<figure id=\"pageContent-aura\" class=\"hd-shroud-pd\"><img decoding=\"async\" src=\"https:\/\/dlcdnwebimgs.asus.com\/files\/media\/76b64e39-86ad-434a-8ed8-6ba0bd727de0\/v1\/img\/img_fresh-shroud.png\" srcset=\"https:\/\/dlcdnwebimgs.asus.com\/files\/media\/76b64e39-86ad-434a-8ed8-6ba0bd727de0\/v1\/img\/img_fresh-shroud@2x.png\" alt=\"TUF Gaming GeForce RTX\u2122 3050\" \/><\/figure>\n<div class=\"hd-content align-center\">\n<h4 class=\"reveal\">DISE\u00d1O<\/h4>\n<h3 class=\"color-primary reveal\" data-delay=\".25\">CAPA DE METAL<\/h3>\n<p class=\"reveal\" data-delay=\".4\">Una cubierta mecanizada completamente de aluminio crea una cubierta exterior robusta y un dise\u00f1o industrial sensato y una combinaci\u00f3n de colores en escala de grises se adapta a cualquier construcci\u00f3n con facilidad.<\/p>\n<\/div>\n<\/div>\n<\/section>\n<section id=\"back\" class=\"sec-back flex-wrap align-items-center\">\n<div class=\"hd-w1200\">\n<figure class=\"hd-back-pd\"><img decoding=\"async\" src=\"https:\/\/dlcdnwebimgs.asus.com\/files\/media\/76b64e39-86ad-434a-8ed8-6ba0bd727de0\/v1\/img\/img_back.png\" alt=\"TUF Gaming GeForce RTX\u2122 3050\" \/>&nbsp;<\/figure>\n<div class=\"hd-content align-center\">\n<h3 class=\"color-primary reveal\" data-delay=\".25\">PARTE INFERIOR BLINDADA<\/h3>\n<p class=\"reveal\" data-delay=\".4\">La parte inferior de la tarjeta revela una gran cantidad de mejoras. La mayor parte de la parte trasera est\u00e1 envuelta en una placa protectora de metal que destaca una amplia ventilaci\u00f3n. La ventilaci\u00f3n permite que el aire caliente escape hacia los ventiladores de escape del chasis en lugar de reciclarse de nuevo al disipador. Se utiliza acero inoxidable para el soporte de E\/S para proteger los puertos y proporcionar un montaje m\u00e1s seguro. Y un interruptor Dual Bios convenientemente ubicado permite la personalizaci\u00f3n del perfil de rendimiento predeterminado de la tarjeta sin software.<\/p>\n<\/div>\n<\/div>\n<\/section>\n<\/div>\n<section id=\"front\" class=\"sec-front bg-black flex-wrap align-items-center\">\n<div class=\"hd-w1200\">\n<div class=\"hd-img-container\">\n<figure class=\"\">\n<div class=\"hd-greybg\"><\/div>\n<div id=\"pageContent-color\" class=\"hd-color\"><\/div>\n<p><img decoding=\"async\" class=\"hd-pd\" src=\"https:\/\/dlcdnwebimgs.asus.com\/files\/media\/76b64e39-86ad-434a-8ed8-6ba0bd727de0\/v1\/img\/img_front.png\" srcset=\"https:\/\/dlcdnwebimgs.asus.com\/files\/media\/76b64e39-86ad-434a-8ed8-6ba0bd727de0\/v1\/img\/img_front@2x.png 2x\" alt=\"TUF Gaming GeForce RTX\u2122 3050\" \/><button class=\"vid-control\" tabindex=\"0\" type=\"button\" aria-controls=\"pageContent-color\" aria-pressed=\"false\" aria-label=\"pausar\/reproducir\"><\/button><\/figure>\n<\/div>\n<div class=\"hd-container flex-wrap align-items-center\">\n<div class=\"hd-content hd-col50\">\n<h4 class=\"reveal\">DISE\u00d1O<\/h4>\n<h3 class=\"color-primary reveal\" data-delay=\".25\">FRENTE FUNCIONAL<\/h3>\n<p class=\"reveal\" data-delay=\".4\">Un elemento ARGB se puede personalizar para mostrar una variedad de efectos est\u00e9ticos y funcionales, y tambi\u00e9n se puede sincronizar con otros componentes de ASUS para permitir una iluminaci\u00f3n uniforme. Un conector de 8 pines satisface las demandas de energ\u00eda de la GeForce RTX 3050 y los LED integrados se encienden si los conectores de alimentaci\u00f3n no est\u00e1n enchufados correctamente.<\/p>\n<\/div>\n<div class=\"hd-col50\">\n<div class=\"hd-frame flex-nowrap\">\n<div class=\"hd-colorpicker-container hd-col33 align-center\">\n<div class=\"color-control\">\n<h5 class=\"color-primary\"><\/h5>\n<\/div>\n<\/div>\n<\/div>\n<\/div>\n<\/div>\n<\/div>\n<\/section>\n<section id=\"software\" class=\"sec-software sec-bg flex-wrap align-items-center\">\n<div class=\"hd-w1200\">\n<div class=\"hd-container flex-wrap align-items-center\">\n<div class=\"hd-content hd-col50\">\n<h4 class=\"reveal\"><span>SOFTWARE<\/span><\/h4>\n<h3 class=\"color-primary reveal\" data-delay=\".25\"><span>AJUSTE DE GPU II<\/span><\/h3>\n<p class=\"reveal\" data-delay=\".4\">La utilidad ASUS GPU Tweak II lleva el ajuste de la tarjeta gr\u00e1fica al siguiente nivel. Te permite ajustar par\u00e1metros cr\u00edticos, incluidos los relojes del n\u00facleo de la GPU, la frecuencia de la memoria y la configuraci\u00f3n de voltaje, con la opci\u00f3n de monitorear todo en tiempo real a trav\u00e9s de una visualizaci\u00f3n en pantalla personalizable. Tambi\u00e9n se incluye control de ventilador avanzado junto con muchas m\u00e1s funciones para ayudarlo a aprovechar al m\u00e1ximo tu tarjeta gr\u00e1fica.<\/p>\n<\/div>\n<figure class=\"hd-col50\"><img decoding=\"async\" class=\"hd-col100 lazyload\" src=\"https:\/\/dlcdnwebimgs.asus.com\/files\/media\/76b64e39-86ad-434a-8ed8-6ba0bd727de0\/v1\/img\/img_gpu-tweak.png\" alt=\"Interfaz de usuario de GPU Tweak II\" data-src=\"https:\/\/dlcdnwebimgs.asus.com\/files\/media\/76b64e39-86ad-434a-8ed8-6ba0bd727de0\/v1\/img\/img_gpu-tweak.png\" data-src-retina=\"https:\/\/dlcdnwebimgs.asus.com\/files\/media\/76b64e39-86ad-434a-8ed8-6ba0bd727de0\/v1\/img\/img_gpu-tweak@2x.png\" \/><\/figure>\n<\/div>\n<\/div>\n<\/section>\n","protected":false},"excerpt":{"rendered":"<ul>\n<li><strong>Multiprocesadores NVIDIA Ampere Streaming:<\/strong>\u00a0El nuevo Ampere SM brinda el doble de rendimiento que el FP32 y mejora la eficiencia energ\u00e9tica.<\/li>\n<li><strong>RT Cores de 2.\u00aa generaci\u00f3n:<\/strong> Experimenta el doble de rendimiento que los RT Cores de 1.\u00aa generaci\u00f3n, adem\u00e1s de RT y sombreado simult\u00e1neo para un nivel completamente nuevo de rendimiento de ray tracing.<\/li>\n<li><strong>Tensor Cores de 3.\u00aa generaci\u00f3n:<\/strong>\u00a0Obt\u00e9n hasta el doble de rendimiento con escasez estructural y algoritmos de IA avanzados como DLSS. Estos n\u00facleos brindan un impulso masivo en el rendimiento del juego y capacidades de IA completamente nuevas.<\/li>\n<li><strong>Modo OC: Boost clock 1875 MHz (modo OC)\/ 1845 MHz (modo juego).<\/strong><\/li>\n<li>El\u00a0<strong>dise\u00f1o de ventilador Axial-tech<\/strong>\u00a0presenta un centro de ventilador m\u00e1s peque\u00f1o que facilita aspas m\u00e1s largas y un anillo de barrera m\u00e1s delgado que proporciona un mejor flujo de aire a trav\u00e9s de la matriz de enfriamiento.<\/li>\n<li>Los\u00a0<strong>baleros de ventilador de bolas dobles<\/strong>\u00a0pueden durar hasta el doble que los dise\u00f1os de baleros convencionales.<\/li>\n<li>Una\u00a0<strong>cubierta totalmente de aluminio<\/strong>\u00a0y una\u00a0<strong>placa posterior de metal<\/strong>\u00a0mejoran la durabilidad.<\/li>\n<li><strong>GPU Tweak II<\/strong>\u00a0proporciona ajustes de rendimiento intuitivos, controles t\u00e9rmicos y supervisi\u00f3n del sistema.<\/li>\n<\/ul>\n","protected":false},"featured_media":20725,"comment_status":"closed","ping_status":"closed","template":"","meta":[],"pwb-brand":[212,374],"product_brand":[],"product_cat":[73],"product_tag":[364,418,362],"class_list":{"0":"post-20723","1":"product","2":"type-product","3":"status-publish","4":"has-post-thumbnail","6":"pwb-brand-asus","7":"pwb-brand-tuf-gaming","8":"product_cat-tarjetas-graficas","9":"product_tag-asus","10":"product_tag-gaming","11":"product_tag-nvidia","13":"first","14":"outofstock","15":"taxable","16":"shipping-taxable","17":"purchasable","18":"product-type-simple"},"yoast_head":"<!-- This site is optimized with the Yoast SEO plugin v26.7 - https:\/\/yoast.com\/wordpress\/plugins\/seo\/ -->\n<title>ASUS TUF Gaming GeForce RTX\u2122 3050 OC Edition 8GB GDDR6 - PC MASTERS BOGOTA<\/title>\n<meta name=\"robots\" content=\"index, follow, max-snippet:-1, max-image-preview:large, max-video-preview:-1\" \/>\n<link rel=\"canonical\" href=\"https:\/\/pcmastersbogota.com.co\/es_es\/producto\/asus-tuf-gaming-geforce-rtx-3050-oc-edition-8gb-gddr6\/\" \/>\n<meta property=\"og:locale\" content=\"es_ES\" \/>\n<meta property=\"og:type\" content=\"article\" \/>\n<meta property=\"og:title\" content=\"ASUS TUF Gaming GeForce RTX\u2122 3050 OC Edition 8GB GDDR6 - PC MASTERS BOGOTA\" \/>\n<meta property=\"og:description\" content=\"Multiprocesadores NVIDIA Ampere Streaming:\u00a0El nuevo Ampere SM brinda el doble de rendimiento que el FP32 y mejora la eficiencia energ\u00e9tica.  RT Cores de 2.\u00aa generaci\u00f3n: Experimenta el doble de rendimiento que los RT Cores de 1.\u00aa generaci\u00f3n, adem\u00e1s de RT y sombreado simult\u00e1neo para un nivel completamente nuevo de rendimiento de ray tracing.  Tensor Cores de 3.\u00aa generaci\u00f3n:\u00a0Obt\u00e9n hasta el doble de rendimiento con escasez estructural y algoritmos de IA avanzados como DLSS. Estos n\u00facleos brindan un impulso masivo en el rendimiento del juego y capacidades de IA completamente nuevas.  Modo OC: Boost clock 1875 MHz (modo OC)\/ 1845 MHz (modo juego).  El\u00a0dise\u00f1o de ventilador Axial-tech\u00a0presenta un centro de ventilador m\u00e1s peque\u00f1o que facilita aspas m\u00e1s largas y un anillo de barrera m\u00e1s delgado que proporciona un mejor flujo de aire a trav\u00e9s de la matriz de enfriamiento.  Los\u00a0baleros de ventilador de bolas dobles\u00a0pueden durar hasta el doble que los dise\u00f1os de baleros convencionales.  Una\u00a0cubierta totalmente de aluminio\u00a0y una\u00a0placa posterior de metal\u00a0mejoran la durabilidad.  GPU Tweak II\u00a0proporciona ajustes de rendimiento intuitivos, controles t\u00e9rmicos y supervisi\u00f3n del sistema.\" \/>\n<meta property=\"og:url\" content=\"https:\/\/pcmastersbogota.com.co\/es_es\/producto\/asus-tuf-gaming-geforce-rtx-3050-oc-edition-8gb-gddr6\/\" \/>\n<meta property=\"og:site_name\" content=\"PC MASTERS BOGOTA\" \/>\n<meta property=\"article:modified_time\" content=\"2025-05-07T15:37:18+00:00\" \/>\n<meta property=\"og:image\" content=\"https:\/\/pcmastersbogota.com.co\/wp-content\/uploads\/2023\/08\/fwebp-5.webp\" \/>\n\t<meta property=\"og:image:width\" content=\"2400\" \/>\n\t<meta property=\"og:image:height\" content=\"2400\" \/>\n\t<meta property=\"og:image:type\" content=\"image\/webp\" \/>\n<meta name=\"twitter:card\" content=\"summary_large_image\" \/>\n<meta name=\"twitter:label1\" content=\"Tiempo de lectura\" \/>\n\t<meta name=\"twitter:data1\" content=\"3 minutos\" \/>\n<script type=\"application\/ld+json\" class=\"yoast-schema-graph\">{\"@context\":\"https:\/\/schema.org\",\"@graph\":[{\"@type\":\"WebPage\",\"@id\":\"https:\/\/pcmastersbogota.com.co\/producto\/asus-tuf-gaming-geforce-rtx-3050-oc-edition-8gb-gddr6\/\",\"url\":\"https:\/\/pcmastersbogota.com.co\/producto\/asus-tuf-gaming-geforce-rtx-3050-oc-edition-8gb-gddr6\/\",\"name\":\"ASUS TUF Gaming GeForce RTX\u2122 3050 OC Edition 8GB GDDR6 - PC MASTERS BOGOTA\",\"isPartOf\":{\"@id\":\"https:\/\/pcmastersbogota.com.co\/es_es\/#website\"},\"primaryImageOfPage\":{\"@id\":\"https:\/\/pcmastersbogota.com.co\/producto\/asus-tuf-gaming-geforce-rtx-3050-oc-edition-8gb-gddr6\/#primaryimage\"},\"image\":{\"@id\":\"https:\/\/pcmastersbogota.com.co\/producto\/asus-tuf-gaming-geforce-rtx-3050-oc-edition-8gb-gddr6\/#primaryimage\"},\"thumbnailUrl\":\"https:\/\/pcmastersbogota.com.co\/wp-content\/uploads\/2023\/08\/fwebp-5.webp\",\"datePublished\":\"2023-08-15T16:21:46+00:00\",\"dateModified\":\"2025-05-07T15:37:18+00:00\",\"breadcrumb\":{\"@id\":\"https:\/\/pcmastersbogota.com.co\/producto\/asus-tuf-gaming-geforce-rtx-3050-oc-edition-8gb-gddr6\/#breadcrumb\"},\"inLanguage\":\"es\",\"potentialAction\":[{\"@type\":\"ReadAction\",\"target\":[\"https:\/\/pcmastersbogota.com.co\/producto\/asus-tuf-gaming-geforce-rtx-3050-oc-edition-8gb-gddr6\/\"]}]},{\"@type\":\"ImageObject\",\"inLanguage\":\"es\",\"@id\":\"https:\/\/pcmastersbogota.com.co\/producto\/asus-tuf-gaming-geforce-rtx-3050-oc-edition-8gb-gddr6\/#primaryimage\",\"url\":\"https:\/\/pcmastersbogota.com.co\/wp-content\/uploads\/2023\/08\/fwebp-5.webp\",\"contentUrl\":\"https:\/\/pcmastersbogota.com.co\/wp-content\/uploads\/2023\/08\/fwebp-5.webp\",\"width\":2400,\"height\":2400},{\"@type\":\"BreadcrumbList\",\"@id\":\"https:\/\/pcmastersbogota.com.co\/producto\/asus-tuf-gaming-geforce-rtx-3050-oc-edition-8gb-gddr6\/#breadcrumb\",\"itemListElement\":[{\"@type\":\"ListItem\",\"position\":1,\"name\":\"Home\",\"item\":\"https:\/\/pcmastersbogota.com.co\/\"},{\"@type\":\"ListItem\",\"position\":2,\"name\":\"Tienda\",\"item\":\"https:\/\/pcmastersbogota.com.co\/es_es\/tienda\/\"},{\"@type\":\"ListItem\",\"position\":3,\"name\":\"ASUS TUF Gaming GeForce RTX\u2122 3050 OC Edition 8GB GDDR6\"}]},{\"@type\":\"WebSite\",\"@id\":\"https:\/\/pcmastersbogota.com.co\/es_es\/#website\",\"url\":\"https:\/\/pcmastersbogota.com.co\/es_es\/\",\"name\":\"PC MASTERS BOGOTA\",\"description\":\"\",\"potentialAction\":[{\"@type\":\"SearchAction\",\"target\":{\"@type\":\"EntryPoint\",\"urlTemplate\":\"https:\/\/pcmastersbogota.com.co\/es_es\/?s={search_term_string}\"},\"query-input\":{\"@type\":\"PropertyValueSpecification\",\"valueRequired\":true,\"valueName\":\"search_term_string\"}}],\"inLanguage\":\"es\"}]}<\/script>\n<!-- \/ Yoast SEO plugin. -->","yoast_head_json":{"title":"ASUS TUF Gaming GeForce RTX\u2122 3050 OC Edition 8GB GDDR6 - PC MASTERS BOGOTA","robots":{"index":"index","follow":"follow","max-snippet":"max-snippet:-1","max-image-preview":"max-image-preview:large","max-video-preview":"max-video-preview:-1"},"canonical":"https:\/\/pcmastersbogota.com.co\/es_es\/producto\/asus-tuf-gaming-geforce-rtx-3050-oc-edition-8gb-gddr6\/","og_locale":"es_ES","og_type":"article","og_title":"ASUS TUF Gaming GeForce RTX\u2122 3050 OC Edition 8GB GDDR6 - PC MASTERS BOGOTA","og_description":"Multiprocesadores NVIDIA Ampere Streaming:\u00a0El nuevo Ampere SM brinda el doble de rendimiento que el FP32 y mejora la eficiencia energ\u00e9tica.  RT Cores de 2.\u00aa generaci\u00f3n: Experimenta el doble de rendimiento que los RT Cores de 1.\u00aa generaci\u00f3n, adem\u00e1s de RT y sombreado simult\u00e1neo para un nivel completamente nuevo de rendimiento de ray tracing.  Tensor Cores de 3.\u00aa generaci\u00f3n:\u00a0Obt\u00e9n hasta el doble de rendimiento con escasez estructural y algoritmos de IA avanzados como DLSS. Estos n\u00facleos brindan un impulso masivo en el rendimiento del juego y capacidades de IA completamente nuevas.  Modo OC: Boost clock 1875 MHz (modo OC)\/ 1845 MHz (modo juego).  El\u00a0dise\u00f1o de ventilador Axial-tech\u00a0presenta un centro de ventilador m\u00e1s peque\u00f1o que facilita aspas m\u00e1s largas y un anillo de barrera m\u00e1s delgado que proporciona un mejor flujo de aire a trav\u00e9s de la matriz de enfriamiento.  Los\u00a0baleros de ventilador de bolas dobles\u00a0pueden durar hasta el doble que los dise\u00f1os de baleros convencionales.  Una\u00a0cubierta totalmente de aluminio\u00a0y una\u00a0placa posterior de metal\u00a0mejoran la durabilidad.  GPU Tweak II\u00a0proporciona ajustes de rendimiento intuitivos, controles t\u00e9rmicos y supervisi\u00f3n del sistema.","og_url":"https:\/\/pcmastersbogota.com.co\/es_es\/producto\/asus-tuf-gaming-geforce-rtx-3050-oc-edition-8gb-gddr6\/","og_site_name":"PC MASTERS BOGOTA","article_modified_time":"2025-05-07T15:37:18+00:00","og_image":[{"width":2400,"height":2400,"url":"https:\/\/pcmastersbogota.com.co\/wp-content\/uploads\/2023\/08\/fwebp-5.webp","type":"image\/webp"}],"twitter_card":"summary_large_image","twitter_misc":{"Tiempo de lectura":"3 minutos"},"schema":{"@context":"https:\/\/schema.org","@graph":[{"@type":"WebPage","@id":"https:\/\/pcmastersbogota.com.co\/producto\/asus-tuf-gaming-geforce-rtx-3050-oc-edition-8gb-gddr6\/","url":"https:\/\/pcmastersbogota.com.co\/producto\/asus-tuf-gaming-geforce-rtx-3050-oc-edition-8gb-gddr6\/","name":"ASUS TUF Gaming GeForce RTX\u2122 3050 OC Edition 8GB GDDR6 - PC MASTERS BOGOTA","isPartOf":{"@id":"https:\/\/pcmastersbogota.com.co\/es_es\/#website"},"primaryImageOfPage":{"@id":"https:\/\/pcmastersbogota.com.co\/producto\/asus-tuf-gaming-geforce-rtx-3050-oc-edition-8gb-gddr6\/#primaryimage"},"image":{"@id":"https:\/\/pcmastersbogota.com.co\/producto\/asus-tuf-gaming-geforce-rtx-3050-oc-edition-8gb-gddr6\/#primaryimage"},"thumbnailUrl":"https:\/\/pcmastersbogota.com.co\/wp-content\/uploads\/2023\/08\/fwebp-5.webp","datePublished":"2023-08-15T16:21:46+00:00","dateModified":"2025-05-07T15:37:18+00:00","breadcrumb":{"@id":"https:\/\/pcmastersbogota.com.co\/producto\/asus-tuf-gaming-geforce-rtx-3050-oc-edition-8gb-gddr6\/#breadcrumb"},"inLanguage":"es","potentialAction":[{"@type":"ReadAction","target":["https:\/\/pcmastersbogota.com.co\/producto\/asus-tuf-gaming-geforce-rtx-3050-oc-edition-8gb-gddr6\/"]}]},{"@type":"ImageObject","inLanguage":"es","@id":"https:\/\/pcmastersbogota.com.co\/producto\/asus-tuf-gaming-geforce-rtx-3050-oc-edition-8gb-gddr6\/#primaryimage","url":"https:\/\/pcmastersbogota.com.co\/wp-content\/uploads\/2023\/08\/fwebp-5.webp","contentUrl":"https:\/\/pcmastersbogota.com.co\/wp-content\/uploads\/2023\/08\/fwebp-5.webp","width":2400,"height":2400},{"@type":"BreadcrumbList","@id":"https:\/\/pcmastersbogota.com.co\/producto\/asus-tuf-gaming-geforce-rtx-3050-oc-edition-8gb-gddr6\/#breadcrumb","itemListElement":[{"@type":"ListItem","position":1,"name":"Home","item":"https:\/\/pcmastersbogota.com.co\/"},{"@type":"ListItem","position":2,"name":"Tienda","item":"https:\/\/pcmastersbogota.com.co\/es_es\/tienda\/"},{"@type":"ListItem","position":3,"name":"ASUS TUF Gaming GeForce RTX\u2122 3050 OC Edition 8GB GDDR6"}]},{"@type":"WebSite","@id":"https:\/\/pcmastersbogota.com.co\/es_es\/#website","url":"https:\/\/pcmastersbogota.com.co\/es_es\/","name":"PC MASTERS BOGOTA","description":"","potentialAction":[{"@type":"SearchAction","target":{"@type":"EntryPoint","urlTemplate":"https:\/\/pcmastersbogota.com.co\/es_es\/?s={search_term_string}"},"query-input":{"@type":"PropertyValueSpecification","valueRequired":true,"valueName":"search_term_string"}}],"inLanguage":"es"}]}},"brands":[{"id":212,"name":"ASUS","slug":"asus"},{"id":374,"name":"TUF GAMING","slug":"tuf-gaming"}],"_links":{"self":[{"href":"https:\/\/pcmastersbogota.com.co\/es_es\/wp-json\/wp\/v2\/product\/20723","targetHints":{"allow":["GET"]}}],"collection":[{"href":"https:\/\/pcmastersbogota.com.co\/es_es\/wp-json\/wp\/v2\/product"}],"about":[{"href":"https:\/\/pcmastersbogota.com.co\/es_es\/wp-json\/wp\/v2\/types\/product"}],"replies":[{"embeddable":true,"href":"https:\/\/pcmastersbogota.com.co\/es_es\/wp-json\/wp\/v2\/comments?post=20723"}],"version-history":[{"count":1,"href":"https:\/\/pcmastersbogota.com.co\/es_es\/wp-json\/wp\/v2\/product\/20723\/revisions"}],"predecessor-version":[{"id":20731,"href":"https:\/\/pcmastersbogota.com.co\/es_es\/wp-json\/wp\/v2\/product\/20723\/revisions\/20731"}],"wp:featuredmedia":[{"embeddable":true,"href":"https:\/\/pcmastersbogota.com.co\/es_es\/wp-json\/wp\/v2\/media\/20725"}],"wp:attachment":[{"href":"https:\/\/pcmastersbogota.com.co\/es_es\/wp-json\/wp\/v2\/media?parent=20723"}],"wp:term":[{"taxonomy":"pwb-brand","embeddable":true,"href":"https:\/\/pcmastersbogota.com.co\/es_es\/wp-json\/wp\/v2\/pwb-brand?post=20723"},{"taxonomy":"product_brand","embeddable":true,"href":"https:\/\/pcmastersbogota.com.co\/es_es\/wp-json\/wp\/v2\/product_brand?post=20723"},{"taxonomy":"product_cat","embeddable":true,"href":"https:\/\/pcmastersbogota.com.co\/es_es\/wp-json\/wp\/v2\/product_cat?post=20723"},{"taxonomy":"product_tag","embeddable":true,"href":"https:\/\/pcmastersbogota.com.co\/es_es\/wp-json\/wp\/v2\/product_tag?post=20723"}],"curies":[{"name":"wp","href":"https:\/\/api.w.org\/{rel}","templated":true}]}}