{"id":20910,"date":"2023-08-31T20:41:31","date_gmt":"2023-09-01T01:41:31","guid":{"rendered":"https:\/\/pcmastersbogota.com.co\/?post_type=product&#038;p=20910"},"modified":"2025-11-27T10:07:36","modified_gmt":"2025-11-27T15:07:36","slug":"memoria-ddr4-kit-16gb-3200mhz-viper-patriot-steel","status":"publish","type":"product","link":"https:\/\/pcmastersbogota.com.co\/es_es\/producto\/memoria-ddr4-kit-16gb-3200mhz-viper-patriot-steel\/","title":{"rendered":"MEMORIA DDR4 KIT 16GB 3200MHz VIPER PATRIOT STEEL"},"content":{"rendered":"<p>Los m\u00f3dulos de memoria Viper Steel de Patriot est\u00e1n dise\u00f1ados pensando en el verdadero rendimiento.\u00a0Dise\u00f1ada para las \u00faltimas plataformas Intel\u00ae\u00a0<sup>y<\/sup>\u00a0AMD\u00a0<sup>\u2122<\/sup>\u00a0, nuestra memoria Viper Steel DDR4 proporciona el mejor rendimiento y estabilidad para los entornos inform\u00e1ticos m\u00e1s exigentes. La memoria Viper Steel utiliza un escudo t\u00e9rmico de aluminio de alto rendimiento dise\u00f1ado a medida para un interior limpio y elegante con apariencia de acero. cualquier placa base.<\/p>\n<p>\u200d<\/p>\n<p>La memoria Viper Steel est\u00e1 dise\u00f1ada para garantizar un rendimiento s\u00f3lido incluso cuando se utilizan las aplicaciones m\u00e1s exigentes.\u00a0Construidos con materiales de la m\u00e1s alta calidad, los m\u00f3dulos de memoria Viper Steel DDR4 de Patriot se prueban y validan manualmente para determinar la compatibilidad del sistema. La memoria Viper Steel DDR4 de Patriot se ofrecer\u00e1 a velocidades desde 3000 MHz hasta 4400 MHz con soporte XMP 2.0.\u00a0Probada manualmente para garantizar la calidad, nuestra memoria Viper Steel DDR4 est\u00e1 respaldada por una garant\u00eda limitada de por vida.<\/p>\n","protected":false},"excerpt":{"rendered":"<p>\u2022 Capacity:16GB (2 x 8GB)<br \/>\n\u2022 Base Frequency: PC4-17000<br \/>\n\u2022 Base Timings: 15-15-15-36<br \/>\n\u2022 Tested Frequency Profile 1: PC4-25600 (3200MHz)<br \/>\n\u2022 Tested Timings: 16-20-20-40<br \/>\n\u2022 Tested Voltage for Profile 1: 1.35V<br \/>\n\u2022 Format: NON-ECC Unbuffered DIMM<br \/>\n\u2022 Pin Out: 288-Pin<\/p>\n","protected":false},"featured_media":20904,"comment_status":"closed","ping_status":"closed","template":"","meta":[],"pwb-brand":[94,114],"product_brand":[],"product_cat":[27],"product_tag":[438,437],"class_list":{"0":"post-20910","1":"product","2":"type-product","3":"status-publish","4":"has-post-thumbnail","6":"pwb-brand-patriot","7":"pwb-brand-viper","8":"product_cat-memorias","9":"product_tag-patriot","10":"product_tag-ram-ddr4","12":"first","13":"outofstock","14":"taxable","15":"shipping-taxable","16":"purchasable","17":"product-type-simple"},"yoast_head":"<!-- This site is optimized with the Yoast SEO plugin v26.7 - https:\/\/yoast.com\/wordpress\/plugins\/seo\/ -->\n<title>MEMORIA DDR4 KIT 16GB 3200MHz VIPER PATRIOT STEEL - PC MASTERS BOGOTA<\/title>\n<meta name=\"robots\" content=\"index, follow, max-snippet:-1, max-image-preview:large, max-video-preview:-1\" \/>\n<link rel=\"canonical\" href=\"https:\/\/pcmastersbogota.com.co\/es_es\/producto\/memoria-ddr4-kit-16gb-3200mhz-viper-patriot-steel\/\" \/>\n<meta property=\"og:locale\" content=\"es_ES\" \/>\n<meta property=\"og:type\" content=\"article\" \/>\n<meta property=\"og:title\" content=\"MEMORIA DDR4 KIT 16GB 3200MHz VIPER PATRIOT STEEL - PC MASTERS BOGOTA\" \/>\n<meta property=\"og:description\" content=\"\u2022 Capacity:16GB (2 x 8GB) \u2022 Base Frequency: PC4-17000 \u2022 Base Timings: 15-15-15-36 \u2022 Tested Frequency Profile 1: PC4-25600 (3200MHz) \u2022 Tested Timings: 16-20-20-40 \u2022 Tested Voltage for Profile 1: 1.35V \u2022 Format: NON-ECC Unbuffered DIMM \u2022 Pin Out: 288-Pin\" \/>\n<meta property=\"og:url\" content=\"https:\/\/pcmastersbogota.com.co\/es_es\/producto\/memoria-ddr4-kit-16gb-3200mhz-viper-patriot-steel\/\" \/>\n<meta property=\"og:site_name\" content=\"PC MASTERS BOGOTA\" \/>\n<meta property=\"article:modified_time\" content=\"2025-11-27T15:07:36+00:00\" \/>\n<meta property=\"og:image\" content=\"https:\/\/pcmastersbogota.com.co\/wp-content\/uploads\/2023\/08\/Viper_steel_B_web.jpg\" \/>\n\t<meta property=\"og:image:width\" content=\"1200\" \/>\n\t<meta property=\"og:image:height\" content=\"1200\" \/>\n\t<meta property=\"og:image:type\" content=\"image\/jpeg\" \/>\n<meta name=\"twitter:card\" content=\"summary_large_image\" \/>\n<meta name=\"twitter:label1\" content=\"Tiempo de lectura\" \/>\n\t<meta name=\"twitter:data1\" content=\"1 minuto\" \/>\n<script type=\"application\/ld+json\" class=\"yoast-schema-graph\">{\"@context\":\"https:\/\/schema.org\",\"@graph\":[{\"@type\":\"WebPage\",\"@id\":\"https:\/\/pcmastersbogota.com.co\/producto\/memoria-ddr4-kit-16gb-3200mhz-viper-patriot-steel\/\",\"url\":\"https:\/\/pcmastersbogota.com.co\/producto\/memoria-ddr4-kit-16gb-3200mhz-viper-patriot-steel\/\",\"name\":\"MEMORIA DDR4 KIT 16GB 3200MHz VIPER PATRIOT STEEL - PC MASTERS BOGOTA\",\"isPartOf\":{\"@id\":\"https:\/\/pcmastersbogota.com.co\/es_es\/#website\"},\"primaryImageOfPage\":{\"@id\":\"https:\/\/pcmastersbogota.com.co\/producto\/memoria-ddr4-kit-16gb-3200mhz-viper-patriot-steel\/#primaryimage\"},\"image\":{\"@id\":\"https:\/\/pcmastersbogota.com.co\/producto\/memoria-ddr4-kit-16gb-3200mhz-viper-patriot-steel\/#primaryimage\"},\"thumbnailUrl\":\"https:\/\/pcmastersbogota.com.co\/wp-content\/uploads\/2023\/08\/Viper_steel_B_web.jpg\",\"datePublished\":\"2023-09-01T01:41:31+00:00\",\"dateModified\":\"2025-11-27T15:07:36+00:00\",\"breadcrumb\":{\"@id\":\"https:\/\/pcmastersbogota.com.co\/producto\/memoria-ddr4-kit-16gb-3200mhz-viper-patriot-steel\/#breadcrumb\"},\"inLanguage\":\"es\",\"potentialAction\":[{\"@type\":\"ReadAction\",\"target\":[\"https:\/\/pcmastersbogota.com.co\/producto\/memoria-ddr4-kit-16gb-3200mhz-viper-patriot-steel\/\"]}]},{\"@type\":\"ImageObject\",\"inLanguage\":\"es\",\"@id\":\"https:\/\/pcmastersbogota.com.co\/producto\/memoria-ddr4-kit-16gb-3200mhz-viper-patriot-steel\/#primaryimage\",\"url\":\"https:\/\/pcmastersbogota.com.co\/wp-content\/uploads\/2023\/08\/Viper_steel_B_web.jpg\",\"contentUrl\":\"https:\/\/pcmastersbogota.com.co\/wp-content\/uploads\/2023\/08\/Viper_steel_B_web.jpg\",\"width\":1200,\"height\":1200},{\"@type\":\"BreadcrumbList\",\"@id\":\"https:\/\/pcmastersbogota.com.co\/producto\/memoria-ddr4-kit-16gb-3200mhz-viper-patriot-steel\/#breadcrumb\",\"itemListElement\":[{\"@type\":\"ListItem\",\"position\":1,\"name\":\"Home\",\"item\":\"https:\/\/pcmastersbogota.com.co\/\"},{\"@type\":\"ListItem\",\"position\":2,\"name\":\"Tienda\",\"item\":\"https:\/\/pcmastersbogota.com.co\/es_es\/tienda\/\"},{\"@type\":\"ListItem\",\"position\":3,\"name\":\"MEMORIA DDR4 KIT 16GB 3200MHz VIPER PATRIOT STEEL\"}]},{\"@type\":\"WebSite\",\"@id\":\"https:\/\/pcmastersbogota.com.co\/es_es\/#website\",\"url\":\"https:\/\/pcmastersbogota.com.co\/es_es\/\",\"name\":\"PC MASTERS BOGOTA\",\"description\":\"\",\"potentialAction\":[{\"@type\":\"SearchAction\",\"target\":{\"@type\":\"EntryPoint\",\"urlTemplate\":\"https:\/\/pcmastersbogota.com.co\/es_es\/?s={search_term_string}\"},\"query-input\":{\"@type\":\"PropertyValueSpecification\",\"valueRequired\":true,\"valueName\":\"search_term_string\"}}],\"inLanguage\":\"es\"}]}<\/script>\n<!-- \/ Yoast SEO plugin. -->","yoast_head_json":{"title":"MEMORIA DDR4 KIT 16GB 3200MHz VIPER PATRIOT STEEL - PC MASTERS BOGOTA","robots":{"index":"index","follow":"follow","max-snippet":"max-snippet:-1","max-image-preview":"max-image-preview:large","max-video-preview":"max-video-preview:-1"},"canonical":"https:\/\/pcmastersbogota.com.co\/es_es\/producto\/memoria-ddr4-kit-16gb-3200mhz-viper-patriot-steel\/","og_locale":"es_ES","og_type":"article","og_title":"MEMORIA DDR4 KIT 16GB 3200MHz VIPER PATRIOT STEEL - PC MASTERS BOGOTA","og_description":"\u2022 Capacity:16GB (2 x 8GB) \u2022 Base Frequency: PC4-17000 \u2022 Base Timings: 15-15-15-36 \u2022 Tested Frequency Profile 1: PC4-25600 (3200MHz) \u2022 Tested Timings: 16-20-20-40 \u2022 Tested Voltage for Profile 1: 1.35V \u2022 Format: NON-ECC Unbuffered DIMM \u2022 Pin Out: 288-Pin","og_url":"https:\/\/pcmastersbogota.com.co\/es_es\/producto\/memoria-ddr4-kit-16gb-3200mhz-viper-patriot-steel\/","og_site_name":"PC MASTERS BOGOTA","article_modified_time":"2025-11-27T15:07:36+00:00","og_image":[{"width":1200,"height":1200,"url":"https:\/\/pcmastersbogota.com.co\/wp-content\/uploads\/2023\/08\/Viper_steel_B_web.jpg","type":"image\/jpeg"}],"twitter_card":"summary_large_image","twitter_misc":{"Tiempo de lectura":"1 minuto"},"schema":{"@context":"https:\/\/schema.org","@graph":[{"@type":"WebPage","@id":"https:\/\/pcmastersbogota.com.co\/producto\/memoria-ddr4-kit-16gb-3200mhz-viper-patriot-steel\/","url":"https:\/\/pcmastersbogota.com.co\/producto\/memoria-ddr4-kit-16gb-3200mhz-viper-patriot-steel\/","name":"MEMORIA DDR4 KIT 16GB 3200MHz VIPER PATRIOT STEEL - PC MASTERS BOGOTA","isPartOf":{"@id":"https:\/\/pcmastersbogota.com.co\/es_es\/#website"},"primaryImageOfPage":{"@id":"https:\/\/pcmastersbogota.com.co\/producto\/memoria-ddr4-kit-16gb-3200mhz-viper-patriot-steel\/#primaryimage"},"image":{"@id":"https:\/\/pcmastersbogota.com.co\/producto\/memoria-ddr4-kit-16gb-3200mhz-viper-patriot-steel\/#primaryimage"},"thumbnailUrl":"https:\/\/pcmastersbogota.com.co\/wp-content\/uploads\/2023\/08\/Viper_steel_B_web.jpg","datePublished":"2023-09-01T01:41:31+00:00","dateModified":"2025-11-27T15:07:36+00:00","breadcrumb":{"@id":"https:\/\/pcmastersbogota.com.co\/producto\/memoria-ddr4-kit-16gb-3200mhz-viper-patriot-steel\/#breadcrumb"},"inLanguage":"es","potentialAction":[{"@type":"ReadAction","target":["https:\/\/pcmastersbogota.com.co\/producto\/memoria-ddr4-kit-16gb-3200mhz-viper-patriot-steel\/"]}]},{"@type":"ImageObject","inLanguage":"es","@id":"https:\/\/pcmastersbogota.com.co\/producto\/memoria-ddr4-kit-16gb-3200mhz-viper-patriot-steel\/#primaryimage","url":"https:\/\/pcmastersbogota.com.co\/wp-content\/uploads\/2023\/08\/Viper_steel_B_web.jpg","contentUrl":"https:\/\/pcmastersbogota.com.co\/wp-content\/uploads\/2023\/08\/Viper_steel_B_web.jpg","width":1200,"height":1200},{"@type":"BreadcrumbList","@id":"https:\/\/pcmastersbogota.com.co\/producto\/memoria-ddr4-kit-16gb-3200mhz-viper-patriot-steel\/#breadcrumb","itemListElement":[{"@type":"ListItem","position":1,"name":"Home","item":"https:\/\/pcmastersbogota.com.co\/"},{"@type":"ListItem","position":2,"name":"Tienda","item":"https:\/\/pcmastersbogota.com.co\/es_es\/tienda\/"},{"@type":"ListItem","position":3,"name":"MEMORIA DDR4 KIT 16GB 3200MHz VIPER PATRIOT STEEL"}]},{"@type":"WebSite","@id":"https:\/\/pcmastersbogota.com.co\/es_es\/#website","url":"https:\/\/pcmastersbogota.com.co\/es_es\/","name":"PC MASTERS BOGOTA","description":"","potentialAction":[{"@type":"SearchAction","target":{"@type":"EntryPoint","urlTemplate":"https:\/\/pcmastersbogota.com.co\/es_es\/?s={search_term_string}"},"query-input":{"@type":"PropertyValueSpecification","valueRequired":true,"valueName":"search_term_string"}}],"inLanguage":"es"}]}},"brands":[{"id":94,"name":"PATRIOT","slug":"patriot"},{"id":114,"name":"VIPER","slug":"viper"}],"_links":{"self":[{"href":"https:\/\/pcmastersbogota.com.co\/es_es\/wp-json\/wp\/v2\/product\/20910","targetHints":{"allow":["GET"]}}],"collection":[{"href":"https:\/\/pcmastersbogota.com.co\/es_es\/wp-json\/wp\/v2\/product"}],"about":[{"href":"https:\/\/pcmastersbogota.com.co\/es_es\/wp-json\/wp\/v2\/types\/product"}],"replies":[{"embeddable":true,"href":"https:\/\/pcmastersbogota.com.co\/es_es\/wp-json\/wp\/v2\/comments?post=20910"}],"version-history":[{"count":2,"href":"https:\/\/pcmastersbogota.com.co\/es_es\/wp-json\/wp\/v2\/product\/20910\/revisions"}],"predecessor-version":[{"id":20912,"href":"https:\/\/pcmastersbogota.com.co\/es_es\/wp-json\/wp\/v2\/product\/20910\/revisions\/20912"}],"wp:featuredmedia":[{"embeddable":true,"href":"https:\/\/pcmastersbogota.com.co\/es_es\/wp-json\/wp\/v2\/media\/20904"}],"wp:attachment":[{"href":"https:\/\/pcmastersbogota.com.co\/es_es\/wp-json\/wp\/v2\/media?parent=20910"}],"wp:term":[{"taxonomy":"pwb-brand","embeddable":true,"href":"https:\/\/pcmastersbogota.com.co\/es_es\/wp-json\/wp\/v2\/pwb-brand?post=20910"},{"taxonomy":"product_brand","embeddable":true,"href":"https:\/\/pcmastersbogota.com.co\/es_es\/wp-json\/wp\/v2\/product_brand?post=20910"},{"taxonomy":"product_cat","embeddable":true,"href":"https:\/\/pcmastersbogota.com.co\/es_es\/wp-json\/wp\/v2\/product_cat?post=20910"},{"taxonomy":"product_tag","embeddable":true,"href":"https:\/\/pcmastersbogota.com.co\/es_es\/wp-json\/wp\/v2\/product_tag?post=20910"}],"curies":[{"name":"wp","href":"https:\/\/api.w.org\/{rel}","templated":true}]}}