{"id":20940,"date":"2023-08-31T21:11:39","date_gmt":"2023-09-01T02:11:39","guid":{"rendered":"https:\/\/pcmastersbogota.com.co\/?post_type=product&#038;p=20940"},"modified":"2026-01-10T02:57:43","modified_gmt":"2026-01-10T07:57:43","slug":"memoria-ddr4-32gb-3200mhz-viper-patriot-steel-rgb","status":"publish","type":"product","link":"https:\/\/pcmastersbogota.com.co\/es_es\/producto\/memoria-ddr4-32gb-3200mhz-viper-patriot-steel-rgb\/","title":{"rendered":"MEMORIA DDR4 32GB 3200MHz VIPER PATRIOT STEEL RGB"},"content":{"rendered":"<p><img decoding=\"async\" class=\"aligncenter\" src=\"https:\/\/assets.website-files.com\/63b6412d4ef17b35c8b5f9d5\/6433dd981b65335d88be0ad3_features_steel_rgb_02.jpg\" alt=\"MEMORIA DE RENDIMIENTO Viper STEEL RGB DDR4\" \/><\/p>\n<p>Nuestra memoria Viper Steel RGB DDR4 est\u00e1 dise\u00f1ada para un rendimiento extremo y se combina con una iluminaci\u00f3n RGB sorprendentemente personalizable para adaptarse perfectamente a la configuraci\u00f3n general de su PC.\u00a0La memoria Viper Steel RGB se crea con un escudo t\u00e9rmico de aluminio de alto rendimiento dise\u00f1ado a medida para una presencia luminosa y elegante que combina con cualquier sistema.\u00a0Asegure el rendimiento del acero s\u00f3lido incluso cuando se utilizan las aplicaciones m\u00e1s exigentes.<\/p>\n<p>\u200d<\/p>\n<p>El escudo t\u00e9rmico de aluminio del Viper Steel RGB proporciona una disipaci\u00f3n de calor suprema para mantener un rendimiento incre\u00edble.\u00a0Dise\u00f1ada para las \u00faltimas plataformas Intel\u00ae\u00a0<sup>y<\/sup>\u00a0AMD\u00a0<sup>\u2122<\/sup>\u00a0, nuestra memoria Viper Steel RGB DDR4 proporciona el rendimiento perfecto combinado con luces LED radiantes y potentes.\u00a0Viene equipado con soporte XMP 2.0 para configuraciones de overclocking autom\u00e1tico para un rendimiento y estabilidad \u00f3ptimos.\u00a0La compatibilidad con las aplicaciones de sincronizaci\u00f3n RGB de los principales socios de placas base hace que esta memoria sea f\u00e1cil de personalizar seg\u00fan sus perfiles personalizados para cualquier ocasi\u00f3n.\u00a0Probada para garantizar la calidad, nuestra memoria Viper Steel RGB DDR4 est\u00e1 respaldada por una garant\u00eda limitada de por vida.<\/p>\n<p><img decoding=\"async\" class=\"aligncenter\" src=\"https:\/\/assets.website-files.com\/63b6412d4ef17b35c8b5f9d5\/6461e7c9cb4945220cd581d9_features_steel_rgb_05.jpg\" alt=\"MEMORIA DE RENDIMIENTO Viper STEEL RGB DDR4\" \/><\/p>\n","protected":false},"excerpt":{"rendered":"<p>\u2022 Capacity: 32GB (1 x 32GB)<br \/>\n\u2022 Base Frequency: PC4-21300 (2666MHz)<br \/>\n\u2022 Base Timings: 19-19-19-43<br \/>\n\u2022 Tested Frequency Profile 1: PC4-25600 (3200MHz)<br \/>\n\u2022 Tested Timings: 18-22-22-42<br \/>\n\u2022 Tested Voltage for Profile 1: 1.35V<br \/>\n\u2022 Format: NON-ECC Unbuffered DIMM<br \/>\n\u2022 Pin Out: 288-Pin<br \/>\nDisponible solo para equipos armados, preguntar para forma individual<\/p>\n","protected":false},"featured_media":20920,"comment_status":"closed","ping_status":"closed","template":"","meta":[],"pwb-brand":[94,114],"product_brand":[],"product_cat":[27],"product_tag":[91,438,373],"class_list":{"0":"post-20940","1":"product","2":"type-product","3":"status-publish","4":"has-post-thumbnail","6":"pwb-brand-patriot","7":"pwb-brand-viper","8":"product_cat-memorias","9":"product_tag-ddr4","10":"product_tag-patriot","11":"product_tag-ram","13":"first","14":"onbackorder","15":"taxable","16":"shipping-taxable","17":"purchasable","18":"product-type-simple"},"yoast_head":"<!-- This site is optimized with the Yoast SEO plugin v26.7 - https:\/\/yoast.com\/wordpress\/plugins\/seo\/ -->\n<title>MEMORIA DDR4 32GB 3200MHz VIPER PATRIOT STEEL RGB - PC MASTERS BOGOTA<\/title>\n<meta name=\"robots\" content=\"index, follow, max-snippet:-1, max-image-preview:large, max-video-preview:-1\" \/>\n<link rel=\"canonical\" href=\"https:\/\/pcmastersbogota.com.co\/es_es\/producto\/memoria-ddr4-32gb-3200mhz-viper-patriot-steel-rgb\/\" \/>\n<meta property=\"og:locale\" content=\"es_ES\" \/>\n<meta property=\"og:type\" content=\"article\" \/>\n<meta property=\"og:title\" content=\"MEMORIA DDR4 32GB 3200MHz VIPER PATRIOT STEEL RGB - PC MASTERS BOGOTA\" \/>\n<meta property=\"og:description\" content=\"\u2022 Capacity: 32GB (1 x 32GB) \u2022 Base Frequency: PC4-21300 (2666MHz) \u2022 Base Timings: 19-19-19-43 \u2022 Tested Frequency Profile 1: PC4-25600 (3200MHz) \u2022 Tested Timings: 18-22-22-42 \u2022 Tested Voltage for Profile 1: 1.35V \u2022 Format: NON-ECC Unbuffered DIMM \u2022 Pin Out: 288-Pin Disponible solo para equipos armados, preguntar para forma individual\" \/>\n<meta property=\"og:url\" content=\"https:\/\/pcmastersbogota.com.co\/es_es\/producto\/memoria-ddr4-32gb-3200mhz-viper-patriot-steel-rgb\/\" \/>\n<meta property=\"og:site_name\" content=\"PC MASTERS BOGOTA\" \/>\n<meta property=\"article:modified_time\" content=\"2026-01-10T07:57:43+00:00\" \/>\n<meta property=\"og:image\" content=\"https:\/\/pcmastersbogota.com.co\/wp-content\/uploads\/2023\/08\/Viper_Steel_RGB_B_back-scaled.jpg\" \/>\n\t<meta property=\"og:image:width\" content=\"2560\" \/>\n\t<meta property=\"og:image:height\" content=\"2560\" \/>\n\t<meta property=\"og:image:type\" content=\"image\/jpeg\" \/>\n<meta name=\"twitter:card\" content=\"summary_large_image\" \/>\n<meta name=\"twitter:label1\" content=\"Tiempo de lectura\" \/>\n\t<meta name=\"twitter:data1\" content=\"2 minutos\" \/>\n<script type=\"application\/ld+json\" class=\"yoast-schema-graph\">{\"@context\":\"https:\/\/schema.org\",\"@graph\":[{\"@type\":\"WebPage\",\"@id\":\"https:\/\/pcmastersbogota.com.co\/producto\/memoria-ddr4-32gb-3200mhz-viper-patriot-steel-rgb\/\",\"url\":\"https:\/\/pcmastersbogota.com.co\/producto\/memoria-ddr4-32gb-3200mhz-viper-patriot-steel-rgb\/\",\"name\":\"MEMORIA DDR4 32GB 3200MHz VIPER PATRIOT STEEL RGB - PC MASTERS BOGOTA\",\"isPartOf\":{\"@id\":\"https:\/\/pcmastersbogota.com.co\/es_es\/#website\"},\"primaryImageOfPage\":{\"@id\":\"https:\/\/pcmastersbogota.com.co\/producto\/memoria-ddr4-32gb-3200mhz-viper-patriot-steel-rgb\/#primaryimage\"},\"image\":{\"@id\":\"https:\/\/pcmastersbogota.com.co\/producto\/memoria-ddr4-32gb-3200mhz-viper-patriot-steel-rgb\/#primaryimage\"},\"thumbnailUrl\":\"https:\/\/pcmastersbogota.com.co\/wp-content\/uploads\/2023\/08\/Viper_Steel_RGB_B_back-scaled.jpg\",\"datePublished\":\"2023-09-01T02:11:39+00:00\",\"dateModified\":\"2026-01-10T07:57:43+00:00\",\"breadcrumb\":{\"@id\":\"https:\/\/pcmastersbogota.com.co\/producto\/memoria-ddr4-32gb-3200mhz-viper-patriot-steel-rgb\/#breadcrumb\"},\"inLanguage\":\"es\",\"potentialAction\":[{\"@type\":\"ReadAction\",\"target\":[\"https:\/\/pcmastersbogota.com.co\/producto\/memoria-ddr4-32gb-3200mhz-viper-patriot-steel-rgb\/\"]}]},{\"@type\":\"ImageObject\",\"inLanguage\":\"es\",\"@id\":\"https:\/\/pcmastersbogota.com.co\/producto\/memoria-ddr4-32gb-3200mhz-viper-patriot-steel-rgb\/#primaryimage\",\"url\":\"https:\/\/pcmastersbogota.com.co\/wp-content\/uploads\/2023\/08\/Viper_Steel_RGB_B_back-scaled.jpg\",\"contentUrl\":\"https:\/\/pcmastersbogota.com.co\/wp-content\/uploads\/2023\/08\/Viper_Steel_RGB_B_back-scaled.jpg\",\"width\":2560,\"height\":2560},{\"@type\":\"BreadcrumbList\",\"@id\":\"https:\/\/pcmastersbogota.com.co\/producto\/memoria-ddr4-32gb-3200mhz-viper-patriot-steel-rgb\/#breadcrumb\",\"itemListElement\":[{\"@type\":\"ListItem\",\"position\":1,\"name\":\"Home\",\"item\":\"https:\/\/pcmastersbogota.com.co\/\"},{\"@type\":\"ListItem\",\"position\":2,\"name\":\"Tienda\",\"item\":\"https:\/\/pcmastersbogota.com.co\/es_es\/tienda\/\"},{\"@type\":\"ListItem\",\"position\":3,\"name\":\"MEMORIA DDR4 32GB 3200MHz VIPER PATRIOT STEEL RGB\"}]},{\"@type\":\"WebSite\",\"@id\":\"https:\/\/pcmastersbogota.com.co\/es_es\/#website\",\"url\":\"https:\/\/pcmastersbogota.com.co\/es_es\/\",\"name\":\"PC MASTERS BOGOTA\",\"description\":\"\",\"potentialAction\":[{\"@type\":\"SearchAction\",\"target\":{\"@type\":\"EntryPoint\",\"urlTemplate\":\"https:\/\/pcmastersbogota.com.co\/es_es\/?s={search_term_string}\"},\"query-input\":{\"@type\":\"PropertyValueSpecification\",\"valueRequired\":true,\"valueName\":\"search_term_string\"}}],\"inLanguage\":\"es\"}]}<\/script>\n<!-- \/ Yoast SEO plugin. -->","yoast_head_json":{"title":"MEMORIA DDR4 32GB 3200MHz VIPER PATRIOT STEEL RGB - PC MASTERS BOGOTA","robots":{"index":"index","follow":"follow","max-snippet":"max-snippet:-1","max-image-preview":"max-image-preview:large","max-video-preview":"max-video-preview:-1"},"canonical":"https:\/\/pcmastersbogota.com.co\/es_es\/producto\/memoria-ddr4-32gb-3200mhz-viper-patriot-steel-rgb\/","og_locale":"es_ES","og_type":"article","og_title":"MEMORIA DDR4 32GB 3200MHz VIPER PATRIOT STEEL RGB - PC MASTERS BOGOTA","og_description":"\u2022 Capacity: 32GB (1 x 32GB) \u2022 Base Frequency: PC4-21300 (2666MHz) \u2022 Base Timings: 19-19-19-43 \u2022 Tested Frequency Profile 1: PC4-25600 (3200MHz) \u2022 Tested Timings: 18-22-22-42 \u2022 Tested Voltage for Profile 1: 1.35V \u2022 Format: NON-ECC Unbuffered DIMM \u2022 Pin Out: 288-Pin Disponible solo para equipos armados, preguntar para forma individual","og_url":"https:\/\/pcmastersbogota.com.co\/es_es\/producto\/memoria-ddr4-32gb-3200mhz-viper-patriot-steel-rgb\/","og_site_name":"PC MASTERS BOGOTA","article_modified_time":"2026-01-10T07:57:43+00:00","og_image":[{"width":2560,"height":2560,"url":"https:\/\/pcmastersbogota.com.co\/wp-content\/uploads\/2023\/08\/Viper_Steel_RGB_B_back-scaled.jpg","type":"image\/jpeg"}],"twitter_card":"summary_large_image","twitter_misc":{"Tiempo de lectura":"2 minutos"},"schema":{"@context":"https:\/\/schema.org","@graph":[{"@type":"WebPage","@id":"https:\/\/pcmastersbogota.com.co\/producto\/memoria-ddr4-32gb-3200mhz-viper-patriot-steel-rgb\/","url":"https:\/\/pcmastersbogota.com.co\/producto\/memoria-ddr4-32gb-3200mhz-viper-patriot-steel-rgb\/","name":"MEMORIA DDR4 32GB 3200MHz VIPER PATRIOT STEEL RGB - PC MASTERS BOGOTA","isPartOf":{"@id":"https:\/\/pcmastersbogota.com.co\/es_es\/#website"},"primaryImageOfPage":{"@id":"https:\/\/pcmastersbogota.com.co\/producto\/memoria-ddr4-32gb-3200mhz-viper-patriot-steel-rgb\/#primaryimage"},"image":{"@id":"https:\/\/pcmastersbogota.com.co\/producto\/memoria-ddr4-32gb-3200mhz-viper-patriot-steel-rgb\/#primaryimage"},"thumbnailUrl":"https:\/\/pcmastersbogota.com.co\/wp-content\/uploads\/2023\/08\/Viper_Steel_RGB_B_back-scaled.jpg","datePublished":"2023-09-01T02:11:39+00:00","dateModified":"2026-01-10T07:57:43+00:00","breadcrumb":{"@id":"https:\/\/pcmastersbogota.com.co\/producto\/memoria-ddr4-32gb-3200mhz-viper-patriot-steel-rgb\/#breadcrumb"},"inLanguage":"es","potentialAction":[{"@type":"ReadAction","target":["https:\/\/pcmastersbogota.com.co\/producto\/memoria-ddr4-32gb-3200mhz-viper-patriot-steel-rgb\/"]}]},{"@type":"ImageObject","inLanguage":"es","@id":"https:\/\/pcmastersbogota.com.co\/producto\/memoria-ddr4-32gb-3200mhz-viper-patriot-steel-rgb\/#primaryimage","url":"https:\/\/pcmastersbogota.com.co\/wp-content\/uploads\/2023\/08\/Viper_Steel_RGB_B_back-scaled.jpg","contentUrl":"https:\/\/pcmastersbogota.com.co\/wp-content\/uploads\/2023\/08\/Viper_Steel_RGB_B_back-scaled.jpg","width":2560,"height":2560},{"@type":"BreadcrumbList","@id":"https:\/\/pcmastersbogota.com.co\/producto\/memoria-ddr4-32gb-3200mhz-viper-patriot-steel-rgb\/#breadcrumb","itemListElement":[{"@type":"ListItem","position":1,"name":"Home","item":"https:\/\/pcmastersbogota.com.co\/"},{"@type":"ListItem","position":2,"name":"Tienda","item":"https:\/\/pcmastersbogota.com.co\/es_es\/tienda\/"},{"@type":"ListItem","position":3,"name":"MEMORIA DDR4 32GB 3200MHz VIPER PATRIOT STEEL RGB"}]},{"@type":"WebSite","@id":"https:\/\/pcmastersbogota.com.co\/es_es\/#website","url":"https:\/\/pcmastersbogota.com.co\/es_es\/","name":"PC MASTERS BOGOTA","description":"","potentialAction":[{"@type":"SearchAction","target":{"@type":"EntryPoint","urlTemplate":"https:\/\/pcmastersbogota.com.co\/es_es\/?s={search_term_string}"},"query-input":{"@type":"PropertyValueSpecification","valueRequired":true,"valueName":"search_term_string"}}],"inLanguage":"es"}]}},"brands":[{"id":94,"name":"PATRIOT","slug":"patriot"},{"id":114,"name":"VIPER","slug":"viper"}],"_links":{"self":[{"href":"https:\/\/pcmastersbogota.com.co\/es_es\/wp-json\/wp\/v2\/product\/20940","targetHints":{"allow":["GET"]}}],"collection":[{"href":"https:\/\/pcmastersbogota.com.co\/es_es\/wp-json\/wp\/v2\/product"}],"about":[{"href":"https:\/\/pcmastersbogota.com.co\/es_es\/wp-json\/wp\/v2\/types\/product"}],"replies":[{"embeddable":true,"href":"https:\/\/pcmastersbogota.com.co\/es_es\/wp-json\/wp\/v2\/comments?post=20940"}],"version-history":[{"count":2,"href":"https:\/\/pcmastersbogota.com.co\/es_es\/wp-json\/wp\/v2\/product\/20940\/revisions"}],"predecessor-version":[{"id":30882,"href":"https:\/\/pcmastersbogota.com.co\/es_es\/wp-json\/wp\/v2\/product\/20940\/revisions\/30882"}],"wp:featuredmedia":[{"embeddable":true,"href":"https:\/\/pcmastersbogota.com.co\/es_es\/wp-json\/wp\/v2\/media\/20920"}],"wp:attachment":[{"href":"https:\/\/pcmastersbogota.com.co\/es_es\/wp-json\/wp\/v2\/media?parent=20940"}],"wp:term":[{"taxonomy":"pwb-brand","embeddable":true,"href":"https:\/\/pcmastersbogota.com.co\/es_es\/wp-json\/wp\/v2\/pwb-brand?post=20940"},{"taxonomy":"product_brand","embeddable":true,"href":"https:\/\/pcmastersbogota.com.co\/es_es\/wp-json\/wp\/v2\/product_brand?post=20940"},{"taxonomy":"product_cat","embeddable":true,"href":"https:\/\/pcmastersbogota.com.co\/es_es\/wp-json\/wp\/v2\/product_cat?post=20940"},{"taxonomy":"product_tag","embeddable":true,"href":"https:\/\/pcmastersbogota.com.co\/es_es\/wp-json\/wp\/v2\/product_tag?post=20940"}],"curies":[{"name":"wp","href":"https:\/\/api.w.org\/{rel}","templated":true}]}}