{"id":21121,"date":"2023-10-02T12:55:08","date_gmt":"2023-10-02T17:55:08","guid":{"rendered":"https:\/\/pcmastersbogota.com.co\/?post_type=product&#038;p=21121"},"modified":"2023-10-17T22:51:22","modified_gmt":"2023-10-18T03:51:22","slug":"asus-rog-ryuo-240","status":"publish","type":"product","link":"https:\/\/pcmastersbogota.com.co\/es_es\/producto\/asus-rog-ryuo-240\/","title":{"rendered":"ASUS ROG RYUO 240"},"content":{"rendered":"<section id=\"kv\" class=\"sec_padding\">\n<article>\n<div class=\"w1200\">\n<p>La serie ROG Ryuo de enfriamiento l\u00edquido de alto rendimiento para CPU, est\u00e1 dise\u00f1ada para pc&#8217;s de tama\u00f1o compacto o mediana. Como los primeros de la l\u00ednea ROG, la serie Ryuo brinda un desemepo, caracter\u00edsticas y dise\u00f1os que solo ROG te puede ofrecer para tu sistema. Con una pantalla LiveDash a color OLED que permite controlar las estad\u00edsticas del sistema en tiempo real y mostrar im\u00e1genes personalizadas, ROG Ryuo cuenta con soporte Aura Sync adem\u00e1s de brindar una est\u00e9tica impresionante acompa\u00f1ado de un rendimiento sin precedentes.<\/p>\n<\/div>\n<div class=\"banner\"><img decoding=\"async\" class=\"banner_pc\" src=\"https:\/\/rog.asus.com\/websites\/global\/products\/gcrAAtkywJfaoZ3n\/img\/kv-line.jpg\" alt=\"\" \/><\/p>\n<ul class=\"text_list\">\n<li>\n<h6>Ventilador para radiador ROG<\/h6>\n<\/li>\n<li>\n<h6>Tuber\u00eda trenzada de 38 CM<\/h6>\n<\/li>\n<li>\n<h6>Bomba cubierta de aluminio<\/h6>\n<\/li>\n<li>\n<h6>LED RGB direccionable<\/h6>\n<\/li>\n<li>\n<h6>Pantalla OLED a todo color de 1,77&#8243; LiveDash<\/h6>\n<\/li>\n<\/ul>\n<\/div>\n<\/article>\n<\/section>\n<section id=\"customization\" class=\"sec_padding top_decoration\">\n<div class=\"w1200\">\n<h2 class=\"txt-gradient-w\">M\u00c1XIMA PERSONALIZACI\u00d3N<\/h2>\n<\/div>\n<article class=\"liveDash article_padding\">\n<div class=\"w1200\">\n<div class=\"row\">\n<div class=\"col50\">\n<h3>LiveDash OLED<\/h3>\n<p>ROG Ryuo es el primer enfriador AIO del mundo que tiene una pantalla OLED LiveDash de 1.77 pulgadas integrada que muestra informaci\u00f3n \u00fatil del sistema*, como temperaturas, voltajes, velocidades de los ventiladores o frecuencias. Tambi\u00e9n puede personalizar LiveDash para mostrar una imagen o animaci\u00f3n personalizada** resaltando la insignia de tu clan o gamertag.<\/p>\n<p><small>*La funci\u00f3n de monitoreo de hardware est\u00e1 optimizada para las tarjetas madre ASUS.<br \/>\n** Admite im\u00e1genes JPEG y GIF de 160&#215;128 p\u00edxeles<\/small><\/p>\n<ul class=\"btn_list\">\n<li class=\"col50\">\n<div class=\"btn_item01\"><a>Monitoreo<\/a><\/div>\n<\/li>\n<li class=\"col50\">\n<div class=\"btn_item02\"><a>Logo Personalizado<\/a><\/div>\n<\/li>\n<\/ul>\n<\/div>\n<div class=\"product_photo col50\"><img decoding=\"async\" class=\"product_main\" src=\"https:\/\/rog.asus.com\/websites\/global\/products\/gcrAAtkywJfaoZ3n\/img\/live-dash.png\" alt=\"\" data-sr-id=\"4\" \/><\/p>\n<ul class=\"gif_list\">\n<li class=\"active\"><\/li>\n<\/ul>\n<\/div>\n<\/div>\n<\/div>\n<\/article>\n<article class=\"ustomizability article_padding\">\n<div class=\"w1200\">\n<h3>Personalizaci\u00f3n completa de LiveDash<\/h3>\n<p>El software LiveDash te permite personalizar f\u00e1cilmente la pantalla OLED LiveDash de ROG Ryuo y los efectos de iluminaci\u00f3n RGB. Selecciona qu\u00e9 estad\u00edsticas del sistema quieres mostrar, elije GIF e im\u00e1genes personalizadas para visualizar y controla la iluminaci\u00f3n RGB desde una interfaz intuitiva que organiza los ajustes en un flujo paso a paso de arriba a abajo.<\/p>\n<ul class=\"ui_list reveal_opacity\" data-sr-id=\"1\">\n<li class=\"col25\"><img decoding=\"async\" src=\"https:\/\/rog.asus.com\/websites\/global\/products\/gcrAAtkywJfaoZ3n\/img\/ui-01.jpg\" data-img=\"\/websites\/global\/products\/gcrAAtkywJfaoZ3n\/img\/ui-01.jpg\" \/><\/li>\n<li class=\"col25\"><img decoding=\"async\" src=\"https:\/\/rog.asus.com\/websites\/global\/products\/gcrAAtkywJfaoZ3n\/img\/ui-02.jpg\" data-img=\"\/websites\/global\/products\/gcrAAtkywJfaoZ3n\/img\/ui-02.jpg\" \/><\/li>\n<li class=\"col25\"><img decoding=\"async\" src=\"https:\/\/rog.asus.com\/websites\/global\/products\/gcrAAtkywJfaoZ3n\/img\/ui-03.jpg\" data-img=\"\/websites\/global\/products\/gcrAAtkywJfaoZ3n\/img\/ui-03.jpg\" \/><\/li>\n<li class=\"col25\"><img decoding=\"async\" src=\"https:\/\/rog.asus.com\/websites\/global\/products\/gcrAAtkywJfaoZ3n\/img\/ui-04.jpg\" data-img=\"\/websites\/global\/products\/gcrAAtkywJfaoZ3n\/img\/ui-04.jpg\" \/><\/li>\n<\/ul>\n<\/div>\n<\/article>\n<article class=\"lighting article_padding\">\n<div class=\"w1200 cf\">\n<div class=\"fright lighting_control\">\n<h3>Sutil, elegante y sorprendente<\/h3>\n<p>La iluminaci\u00f3n RGB Addressable de RYUO agrega un sutil brillo que ayuda a resaltar el CPU como el coraz\u00f3n del equipo. El impacto se mejora con ASUS Aura Sync que extiende efectos arm\u00f3nicos a trav\u00e9s de todo el sistema.<\/p>\n<\/div>\n<\/div>\n<\/article>\n<article class=\"perfect article_padding\">\n<div class=\"w1200\">\n<div class=\"col45\">\n<h3>SINCRONIZACI\u00d3N<br \/>\nPERFECTA<\/h3>\n<p>El impacto de la iluminaci\u00f3n Aura RGB se puede mejorar a\u00fan m\u00e1s con ASUS Aura Sync, que permite efectos de iluminaci\u00f3n armonizados con otros componentes del sistema habilitados para Aura y accesorios externos. El software Aura proporciona un control completo de la iluminaci\u00f3n en todos los dispositivos compatibles, por lo que puedes configurar todo de forma f\u00e1cil y r\u00e1pida.<\/p>\n<p><small>*Conoce m\u00e1s de\u00a0<a class=\"color-primary\" href=\"https:\/\/rog.asus.com\/latin\/cooling\/cpu-liquid-coolers\/rog-ryuo\/rog-ryuo-240-model\/#\">ASUS Aura Sync.<\/a><\/small><small><br \/>\n**Los efectos pueden variar por modelo.<\/small><\/div>\n<\/div>\n<p><img decoding=\"async\" class=\"bg reveal_opacity lazyLoad\" src=\"https:\/\/rog.asus.com\/websites\/global\/products\/gcrAAtkywJfaoZ3n\/img\/perfect.jpg\" alt=\"\" data-src=\"\/websites\/global\/products\/gcrAAtkywJfaoZ3n\/img\/perfect.jpg\" data-sr-id=\"2\" \/><\/article>\n<\/section>\n<section id=\"core\" class=\"sec_padding top_decoration\">\n<div class=\"w1200\">\n<h2 class=\"txt-gradient-w\">ENFRIAMIENTO<\/h2>\n<\/div>\n<article class=\"article_padding\">\n<div class=\"w1200\">\n<div class=\"top row\">\n<div class=\"col60\">\n<h3>Dise\u00f1o optimizado<\/h3>\n<p>El ventilador del radiador ROG est\u00e1 espec\u00edficamente ajustado para ofrecer un rendimiento \u00f3ptimo con los radiadores Ryuo, que generan 81CFM\/5.0mm H2O para una eficiencia de enfriamiento superior.<\/p>\n<ul class=\"optimized_list\" data-sr-id=\"5\">\n<li>\n<div class=\"title_box\">\n<h5 class=\"txt-gradient-w\">1.14x<br \/>\nM\u00e1s<\/h5>\n<\/div>\n<div class=\"line_box\">\n<p>Flujo de Aire<\/p>\n<p><small class=\"line_title color-primary\">Ventilador ROG<\/small><\/p>\n<div class=\"line line_red line_01_1\"><small>81 CFM<\/small><\/div>\n<p><small class=\"line_title\">Otros productos AIO<\/small><\/p>\n<div class=\"line line_white line_01_2\"><small>70.69 CFM<\/small><\/div>\n<\/div>\n<\/li>\n<li>\n<div class=\"title_box\">\n<h5 class=\"txt-gradient-w\">1.07x<br \/>\nmayor<\/h5>\n<\/div>\n<div class=\"line_box\">\n<p>Presi\u00f3n de Aire<\/p>\n<p><small class=\"line_title color-primary\">Ventilador ROG<\/small><\/p>\n<div class=\"line line_red line_02_1\"><small>5.00 H<sub>2<\/sub>0<\/small><\/div>\n<p><small class=\"line_title\">Otros productos AIO<\/small><\/p>\n<div class=\"line line_white line_02_2\"><small>4.65 H<sub>2<\/sub>0<\/small><\/div>\n<\/div>\n<\/li>\n<\/ul>\n<\/div>\n<p><img decoding=\"async\" class=\"product_photo lazyLoad\" src=\"https:\/\/rog.asus.com\/websites\/global\/products\/gcrAAtkywJfaoZ3n\/img\/core-to-core.png\" alt=\"\" data-src=\"\/websites\/global\/products\/gcrAAtkywJfaoZ3n\/img\/core-to-core.png\" \/><\/div>\n<\/div>\n<div class=\"w1200\">\n<ul class=\"bottom row\">\n<li>\n<h3>Dise\u00f1o de bomba mejorado<\/h3>\n<p>ROG Ryuo est\u00e1 equipado con el \u00faltimo dise\u00f1o de placa de enfriamiento con microcanales que proporcionan m\u00e1s \u00e1rea de disipaci\u00f3n t\u00e9rmica para el calor del procesador. Esta funci\u00f3n innovadora reduce la resistencia t\u00e9rmica para un rendimiento m\u00e1s eficiente y temperaturas m\u00e1s fr\u00edas.<\/li>\n<li>\n<h3>Control de ventilador y bomba PWM de cuatro pines<\/h3>\n<p>Con control PWM de cuatro pines para la bomba y los ventiladores del radiador, ROG Ryuo ofrece un control de velocidad preciso para un equilibrio perfecto de rendimiento y ac\u00fastica en cada escenario.<\/li>\n<\/ul>\n<\/div>\n<\/article>\n<\/section>\n<section id=\"compatibility\" class=\"sec_padding top_decoration\">\n<div class=\"w1200\">\n<h2 class=\"txt-gradient-w\">M\u00c1XIMA COMPATIBILIDAD<\/h2>\n<\/div>\n<article class=\"article_padding\">\n<div class=\"w1200\">\n<div class=\"col45\">\n<p>ROG Ryuo es compatible con una amplia gama de plataformas de tarjetas madre Intel y AMD, brind\u00e1ndote la flexibilidad de usarlo con cualquier procesador. Tambi\u00e9n viene equipado con 38cm de tuber\u00eda trenzada para facilitar el montaje.<\/p>\n<h6 class=\"color-primary\">Sockets compatibles<\/h6>\n<ul class=\"support_list\">\n<li>\n<div class=\"title_box\">\n<h5 class=\"txt-gradient-w\">Intel<\/h5>\n<\/div>\n<div class=\"text\">\n<p>LGA 1150, 1151, 1152, 1155, 1156, 1366, 2011, 2011-3, 2066<\/p>\n<\/div>\n<\/li>\n<li>\n<div class=\"title_box\">\n<h5 class=\"txt-gradient-w\">AMD<\/h5>\n<\/div>\n<div class=\"text\">\n<p>AM4, TR4*<\/p>\n<p><small>*El soporte de montaje se incluye con el paquete de procesador TR4<\/small><\/div>\n<\/li>\n<\/ul>\n<\/div>\n<\/div>\n<\/article>\n<\/section>\n","protected":false},"excerpt":{"rendered":"<h2 class=\"OverViewBanner__overBannerTextSub__1xRYt\">Enfriamiento l\u00edquido para CPU todo en uno con Aura Sync RGB y pantalla oled, dise\u00f1o estilo ROG con dos ventiladores de 120mm<\/h2>\n<div class=\"OverViewBanner__overBannerTextSubDescription__yGfhU\">\n<div>\n<ul>\n<li><strong>Pantalla de 1.77&#8243; OLED<\/strong>\u00a0que muestra estad\u00edsticas del sistema en tiempo real, logotipos o animaciones personalizadas<\/li>\n<li><strong>Ventilador dise\u00f1ado por ROG<\/strong>\u00a0para optimizar el flujo de aire y la presi\u00f3n est\u00e1tica<\/li>\n<li><strong>El centro de control ROG Vortex\u00a0<\/strong>te permite modificar la iluminaci\u00f3n, la pantalla OLED y enfriamiento<\/li>\n<li><strong>La cubierta de la bomba tiene RGB y NCVM<\/strong>\u00a0que acent\u00faa la est\u00e9tica con un toque moderno<\/li>\n<li><strong>Dise\u00f1o ROG\u00a0<\/strong>para complementar a las tarjetas madre, perfecto para tu equipo<\/li>\n<li><strong>Tubos reforzados<\/strong>\u00a0para una mayor durabilidad<\/li>\n<\/ul>\n<\/div>\n<\/div>\n","protected":false},"featured_media":21127,"comment_status":"closed","ping_status":"closed","template":"","meta":[],"pwb-brand":[212,435],"product_brand":[],"product_cat":[71],"product_tag":[256,436,439,276,407],"class_list":{"0":"post-21121","1":"product","2":"type-product","3":"status-publish","4":"has-post-thumbnail","6":"pwb-brand-asus","7":"pwb-brand-rog-strix","8":"product_cat-refrigeracion-liquida","9":"product_tag-argb","10":"product_tag-asus-rog","11":"product_tag-liquida","12":"product_tag-liquidas","13":"product_tag-rgb","15":"first","16":"instock","17":"taxable","18":"shipping-taxable","19":"purchasable","20":"product-type-simple"},"yoast_head":"<!-- This site is optimized with the Yoast SEO plugin v26.7 - https:\/\/yoast.com\/wordpress\/plugins\/seo\/ -->\n<title>ASUS ROG RYUO 240 - PC MASTERS BOGOTA<\/title>\n<meta name=\"robots\" content=\"index, follow, max-snippet:-1, max-image-preview:large, max-video-preview:-1\" \/>\n<link rel=\"canonical\" href=\"https:\/\/pcmastersbogota.com.co\/es_es\/producto\/asus-rog-ryuo-240\/\" \/>\n<meta property=\"og:locale\" content=\"es_ES\" \/>\n<meta property=\"og:type\" content=\"article\" \/>\n<meta property=\"og:title\" content=\"ASUS ROG RYUO 240 - PC MASTERS BOGOTA\" \/>\n<meta property=\"og:description\" content=\"Enfriamiento l\u00edquido para CPU todo en uno con Aura Sync RGB y pantalla oled, dise\u00f1o estilo ROG con dos ventiladores de 120mm     Pantalla de 1.77&quot; OLED\u00a0que muestra estad\u00edsticas del sistema en tiempo real, logotipos o animaciones personalizadas  Ventilador dise\u00f1ado por ROG\u00a0para optimizar el flujo de aire y la presi\u00f3n est\u00e1tica  El centro de control ROG Vortex\u00a0te permite modificar la iluminaci\u00f3n, la pantalla OLED y enfriamiento  La cubierta de la bomba tiene RGB y NCVM\u00a0que acent\u00faa la est\u00e9tica con un toque moderno  Dise\u00f1o ROG\u00a0para complementar a las tarjetas madre, perfecto para tu equipo  Tubos reforzados\u00a0para una mayor durabilidad\" \/>\n<meta property=\"og:url\" content=\"https:\/\/pcmastersbogota.com.co\/es_es\/producto\/asus-rog-ryuo-240\/\" \/>\n<meta property=\"og:site_name\" content=\"PC MASTERS BOGOTA\" \/>\n<meta property=\"article:modified_time\" content=\"2023-10-18T03:51:22+00:00\" \/>\n<meta property=\"og:image\" content=\"https:\/\/pcmastersbogota.com.co\/wp-content\/uploads\/2023\/10\/71nxtQu5WL._AC_SL1500_.jpg\" \/>\n\t<meta property=\"og:image:width\" content=\"1500\" \/>\n\t<meta property=\"og:image:height\" content=\"639\" \/>\n\t<meta property=\"og:image:type\" content=\"image\/jpeg\" \/>\n<meta name=\"twitter:card\" content=\"summary_large_image\" \/>\n<meta name=\"twitter:label1\" content=\"Tiempo de lectura\" \/>\n\t<meta name=\"twitter:data1\" content=\"3 minutos\" \/>\n<script type=\"application\/ld+json\" class=\"yoast-schema-graph\">{\"@context\":\"https:\/\/schema.org\",\"@graph\":[{\"@type\":\"WebPage\",\"@id\":\"https:\/\/pcmastersbogota.com.co\/producto\/asus-rog-ryuo-240\/\",\"url\":\"https:\/\/pcmastersbogota.com.co\/producto\/asus-rog-ryuo-240\/\",\"name\":\"ASUS ROG RYUO 240 - PC MASTERS BOGOTA\",\"isPartOf\":{\"@id\":\"https:\/\/pcmastersbogota.com.co\/es_es\/#website\"},\"primaryImageOfPage\":{\"@id\":\"https:\/\/pcmastersbogota.com.co\/producto\/asus-rog-ryuo-240\/#primaryimage\"},\"image\":{\"@id\":\"https:\/\/pcmastersbogota.com.co\/producto\/asus-rog-ryuo-240\/#primaryimage\"},\"thumbnailUrl\":\"https:\/\/pcmastersbogota.com.co\/wp-content\/uploads\/2023\/10\/71nxtQu5WL._AC_SL1500_.jpg\",\"datePublished\":\"2023-10-02T17:55:08+00:00\",\"dateModified\":\"2023-10-18T03:51:22+00:00\",\"breadcrumb\":{\"@id\":\"https:\/\/pcmastersbogota.com.co\/producto\/asus-rog-ryuo-240\/#breadcrumb\"},\"inLanguage\":\"es\",\"potentialAction\":[{\"@type\":\"ReadAction\",\"target\":[\"https:\/\/pcmastersbogota.com.co\/producto\/asus-rog-ryuo-240\/\"]}]},{\"@type\":\"ImageObject\",\"inLanguage\":\"es\",\"@id\":\"https:\/\/pcmastersbogota.com.co\/producto\/asus-rog-ryuo-240\/#primaryimage\",\"url\":\"https:\/\/pcmastersbogota.com.co\/wp-content\/uploads\/2023\/10\/71nxtQu5WL._AC_SL1500_.jpg\",\"contentUrl\":\"https:\/\/pcmastersbogota.com.co\/wp-content\/uploads\/2023\/10\/71nxtQu5WL._AC_SL1500_.jpg\",\"width\":1500,\"height\":639},{\"@type\":\"BreadcrumbList\",\"@id\":\"https:\/\/pcmastersbogota.com.co\/producto\/asus-rog-ryuo-240\/#breadcrumb\",\"itemListElement\":[{\"@type\":\"ListItem\",\"position\":1,\"name\":\"Home\",\"item\":\"https:\/\/pcmastersbogota.com.co\/\"},{\"@type\":\"ListItem\",\"position\":2,\"name\":\"Tienda\",\"item\":\"https:\/\/pcmastersbogota.com.co\/es_es\/tienda\/\"},{\"@type\":\"ListItem\",\"position\":3,\"name\":\"ASUS ROG RYUO 240\"}]},{\"@type\":\"WebSite\",\"@id\":\"https:\/\/pcmastersbogota.com.co\/es_es\/#website\",\"url\":\"https:\/\/pcmastersbogota.com.co\/es_es\/\",\"name\":\"PC MASTERS BOGOTA\",\"description\":\"\",\"potentialAction\":[{\"@type\":\"SearchAction\",\"target\":{\"@type\":\"EntryPoint\",\"urlTemplate\":\"https:\/\/pcmastersbogota.com.co\/es_es\/?s={search_term_string}\"},\"query-input\":{\"@type\":\"PropertyValueSpecification\",\"valueRequired\":true,\"valueName\":\"search_term_string\"}}],\"inLanguage\":\"es\"}]}<\/script>\n<!-- \/ Yoast SEO plugin. -->","yoast_head_json":{"title":"ASUS ROG RYUO 240 - PC MASTERS BOGOTA","robots":{"index":"index","follow":"follow","max-snippet":"max-snippet:-1","max-image-preview":"max-image-preview:large","max-video-preview":"max-video-preview:-1"},"canonical":"https:\/\/pcmastersbogota.com.co\/es_es\/producto\/asus-rog-ryuo-240\/","og_locale":"es_ES","og_type":"article","og_title":"ASUS ROG RYUO 240 - PC MASTERS BOGOTA","og_description":"Enfriamiento l\u00edquido para CPU todo en uno con Aura Sync RGB y pantalla oled, dise\u00f1o estilo ROG con dos ventiladores de 120mm     Pantalla de 1.77\" OLED\u00a0que muestra estad\u00edsticas del sistema en tiempo real, logotipos o animaciones personalizadas  Ventilador dise\u00f1ado por ROG\u00a0para optimizar el flujo de aire y la presi\u00f3n est\u00e1tica  El centro de control ROG Vortex\u00a0te permite modificar la iluminaci\u00f3n, la pantalla OLED y enfriamiento  La cubierta de la bomba tiene RGB y NCVM\u00a0que acent\u00faa la est\u00e9tica con un toque moderno  Dise\u00f1o ROG\u00a0para complementar a las tarjetas madre, perfecto para tu equipo  Tubos reforzados\u00a0para una mayor durabilidad","og_url":"https:\/\/pcmastersbogota.com.co\/es_es\/producto\/asus-rog-ryuo-240\/","og_site_name":"PC MASTERS BOGOTA","article_modified_time":"2023-10-18T03:51:22+00:00","og_image":[{"width":1500,"height":639,"url":"https:\/\/pcmastersbogota.com.co\/wp-content\/uploads\/2023\/10\/71nxtQu5WL._AC_SL1500_.jpg","type":"image\/jpeg"}],"twitter_card":"summary_large_image","twitter_misc":{"Tiempo de lectura":"3 minutos"},"schema":{"@context":"https:\/\/schema.org","@graph":[{"@type":"WebPage","@id":"https:\/\/pcmastersbogota.com.co\/producto\/asus-rog-ryuo-240\/","url":"https:\/\/pcmastersbogota.com.co\/producto\/asus-rog-ryuo-240\/","name":"ASUS ROG RYUO 240 - PC MASTERS BOGOTA","isPartOf":{"@id":"https:\/\/pcmastersbogota.com.co\/es_es\/#website"},"primaryImageOfPage":{"@id":"https:\/\/pcmastersbogota.com.co\/producto\/asus-rog-ryuo-240\/#primaryimage"},"image":{"@id":"https:\/\/pcmastersbogota.com.co\/producto\/asus-rog-ryuo-240\/#primaryimage"},"thumbnailUrl":"https:\/\/pcmastersbogota.com.co\/wp-content\/uploads\/2023\/10\/71nxtQu5WL._AC_SL1500_.jpg","datePublished":"2023-10-02T17:55:08+00:00","dateModified":"2023-10-18T03:51:22+00:00","breadcrumb":{"@id":"https:\/\/pcmastersbogota.com.co\/producto\/asus-rog-ryuo-240\/#breadcrumb"},"inLanguage":"es","potentialAction":[{"@type":"ReadAction","target":["https:\/\/pcmastersbogota.com.co\/producto\/asus-rog-ryuo-240\/"]}]},{"@type":"ImageObject","inLanguage":"es","@id":"https:\/\/pcmastersbogota.com.co\/producto\/asus-rog-ryuo-240\/#primaryimage","url":"https:\/\/pcmastersbogota.com.co\/wp-content\/uploads\/2023\/10\/71nxtQu5WL._AC_SL1500_.jpg","contentUrl":"https:\/\/pcmastersbogota.com.co\/wp-content\/uploads\/2023\/10\/71nxtQu5WL._AC_SL1500_.jpg","width":1500,"height":639},{"@type":"BreadcrumbList","@id":"https:\/\/pcmastersbogota.com.co\/producto\/asus-rog-ryuo-240\/#breadcrumb","itemListElement":[{"@type":"ListItem","position":1,"name":"Home","item":"https:\/\/pcmastersbogota.com.co\/"},{"@type":"ListItem","position":2,"name":"Tienda","item":"https:\/\/pcmastersbogota.com.co\/es_es\/tienda\/"},{"@type":"ListItem","position":3,"name":"ASUS ROG RYUO 240"}]},{"@type":"WebSite","@id":"https:\/\/pcmastersbogota.com.co\/es_es\/#website","url":"https:\/\/pcmastersbogota.com.co\/es_es\/","name":"PC MASTERS BOGOTA","description":"","potentialAction":[{"@type":"SearchAction","target":{"@type":"EntryPoint","urlTemplate":"https:\/\/pcmastersbogota.com.co\/es_es\/?s={search_term_string}"},"query-input":{"@type":"PropertyValueSpecification","valueRequired":true,"valueName":"search_term_string"}}],"inLanguage":"es"}]}},"brands":[{"id":212,"name":"ASUS","slug":"asus"},{"id":435,"name":"ROG STRIX","slug":"rog-strix"}],"_links":{"self":[{"href":"https:\/\/pcmastersbogota.com.co\/es_es\/wp-json\/wp\/v2\/product\/21121","targetHints":{"allow":["GET"]}}],"collection":[{"href":"https:\/\/pcmastersbogota.com.co\/es_es\/wp-json\/wp\/v2\/product"}],"about":[{"href":"https:\/\/pcmastersbogota.com.co\/es_es\/wp-json\/wp\/v2\/types\/product"}],"replies":[{"embeddable":true,"href":"https:\/\/pcmastersbogota.com.co\/es_es\/wp-json\/wp\/v2\/comments?post=21121"}],"version-history":[{"count":1,"href":"https:\/\/pcmastersbogota.com.co\/es_es\/wp-json\/wp\/v2\/product\/21121\/revisions"}],"predecessor-version":[{"id":21128,"href":"https:\/\/pcmastersbogota.com.co\/es_es\/wp-json\/wp\/v2\/product\/21121\/revisions\/21128"}],"wp:featuredmedia":[{"embeddable":true,"href":"https:\/\/pcmastersbogota.com.co\/es_es\/wp-json\/wp\/v2\/media\/21127"}],"wp:attachment":[{"href":"https:\/\/pcmastersbogota.com.co\/es_es\/wp-json\/wp\/v2\/media?parent=21121"}],"wp:term":[{"taxonomy":"pwb-brand","embeddable":true,"href":"https:\/\/pcmastersbogota.com.co\/es_es\/wp-json\/wp\/v2\/pwb-brand?post=21121"},{"taxonomy":"product_brand","embeddable":true,"href":"https:\/\/pcmastersbogota.com.co\/es_es\/wp-json\/wp\/v2\/product_brand?post=21121"},{"taxonomy":"product_cat","embeddable":true,"href":"https:\/\/pcmastersbogota.com.co\/es_es\/wp-json\/wp\/v2\/product_cat?post=21121"},{"taxonomy":"product_tag","embeddable":true,"href":"https:\/\/pcmastersbogota.com.co\/es_es\/wp-json\/wp\/v2\/product_tag?post=21121"}],"curies":[{"name":"wp","href":"https:\/\/api.w.org\/{rel}","templated":true}]}}