{"id":21256,"date":"2023-10-17T22:29:35","date_gmt":"2023-10-18T03:29:35","guid":{"rendered":"https:\/\/pcmastersbogota.com.co\/?post_type=product&#038;p=21256"},"modified":"2026-02-08T21:06:54","modified_gmt":"2026-02-09T02:06:54","slug":"nzxt-h510i-my-hero-academia-rivals-edicion-especial","status":"publish","type":"product","link":"https:\/\/pcmastersbogota.com.co\/es_es\/producto\/nzxt-h510i-my-hero-academia-rivals-edicion-especial\/","title":{"rendered":"NZXT H510i My Hero Academia Rivals"},"content":{"rendered":"<p><a href=\"https:\/\/pcmastersbogota.com.co\/wp-content\/uploads\/2023\/10\/imagen_2023-10-17_220704531.png\"><img fetchpriority=\"high\" decoding=\"async\" class=\"alignnone size-full wp-image-21257\" src=\"https:\/\/pcmastersbogota.com.co\/wp-content\/uploads\/2023\/10\/imagen_2023-10-17_220704531.png\" alt=\"\" width=\"2501\" height=\"954\" srcset=\"https:\/\/pcmastersbogota.com.co\/wp-content\/uploads\/2023\/10\/imagen_2023-10-17_220704531.png 2501w, https:\/\/pcmastersbogota.com.co\/wp-content\/uploads\/2023\/10\/imagen_2023-10-17_220704531-300x114.png 300w, https:\/\/pcmastersbogota.com.co\/wp-content\/uploads\/2023\/10\/imagen_2023-10-17_220704531-1024x391.png 1024w, https:\/\/pcmastersbogota.com.co\/wp-content\/uploads\/2023\/10\/imagen_2023-10-17_220704531-768x293.png 768w, https:\/\/pcmastersbogota.com.co\/wp-content\/uploads\/2023\/10\/imagen_2023-10-17_220704531-1536x586.png 1536w, https:\/\/pcmastersbogota.com.co\/wp-content\/uploads\/2023\/10\/imagen_2023-10-17_220704531-2048x781.png 2048w, https:\/\/pcmastersbogota.com.co\/wp-content\/uploads\/2023\/10\/imagen_2023-10-17_220704531-18x7.png 18w, https:\/\/pcmastersbogota.com.co\/wp-content\/uploads\/2023\/10\/imagen_2023-10-17_220704531-1200x458.png 1200w, https:\/\/pcmastersbogota.com.co\/wp-content\/uploads\/2023\/10\/imagen_2023-10-17_220704531-150x57.png 150w\" sizes=\"(max-width: 2501px) 100vw, 2501px\" \/><\/a><\/p>\n<div style=\"width: 1920px;\" class=\"wp-video\"><video class=\"wp-video-shortcode\" id=\"video-21256-1\" width=\"1920\" height=\"1080\" poster=\"https:\/\/pcmastersbogota.com.co\/wp-content\/uploads\/2023\/10\/1656554355-crft-rivals-lifestyle-1-_5_.png\" loop autoplay preload=\"metadata\" controls=\"controls\"><source type=\"video\/mp4\" src=\"https:\/\/pcmastersbogota.com.co\/wp-content\/uploads\/2023\/10\/high.mp4?_=1\" \/><a href=\"https:\/\/pcmastersbogota.com.co\/wp-content\/uploads\/2023\/10\/high.mp4\">https:\/\/pcmastersbogota.com.co\/wp-content\/uploads\/2023\/10\/high.mp4<\/a><\/video><\/div>\n<p><a href=\"https:\/\/pcmastersbogota.com.co\/wp-content\/uploads\/2023\/10\/imagen_2023-10-17_221132573.png\"><img decoding=\"async\" class=\"size-full wp-image-21259 aligncenter\" src=\"https:\/\/pcmastersbogota.com.co\/wp-content\/uploads\/2023\/10\/imagen_2023-10-17_221132573.png\" alt=\"\" width=\"1359\" height=\"879\" srcset=\"https:\/\/pcmastersbogota.com.co\/wp-content\/uploads\/2023\/10\/imagen_2023-10-17_221132573.png 1359w, https:\/\/pcmastersbogota.com.co\/wp-content\/uploads\/2023\/10\/imagen_2023-10-17_221132573-300x194.png 300w, https:\/\/pcmastersbogota.com.co\/wp-content\/uploads\/2023\/10\/imagen_2023-10-17_221132573-1024x662.png 1024w, https:\/\/pcmastersbogota.com.co\/wp-content\/uploads\/2023\/10\/imagen_2023-10-17_221132573-768x497.png 768w, https:\/\/pcmastersbogota.com.co\/wp-content\/uploads\/2023\/10\/imagen_2023-10-17_221132573-18x12.png 18w, https:\/\/pcmastersbogota.com.co\/wp-content\/uploads\/2023\/10\/imagen_2023-10-17_221132573-1200x776.png 1200w, https:\/\/pcmastersbogota.com.co\/wp-content\/uploads\/2023\/10\/imagen_2023-10-17_221132573-150x97.png 150w\" sizes=\"(max-width: 1359px) 100vw, 1359px\" \/><\/a> <a href=\"https:\/\/pcmastersbogota.com.co\/wp-content\/uploads\/2023\/10\/imagen_2023-10-17_221152089.png\"><img decoding=\"async\" class=\"size-full wp-image-21260 aligncenter\" src=\"https:\/\/pcmastersbogota.com.co\/wp-content\/uploads\/2023\/10\/imagen_2023-10-17_221152089.png\" alt=\"\" width=\"1355\" height=\"593\" srcset=\"https:\/\/pcmastersbogota.com.co\/wp-content\/uploads\/2023\/10\/imagen_2023-10-17_221152089.png 1355w, https:\/\/pcmastersbogota.com.co\/wp-content\/uploads\/2023\/10\/imagen_2023-10-17_221152089-300x131.png 300w, https:\/\/pcmastersbogota.com.co\/wp-content\/uploads\/2023\/10\/imagen_2023-10-17_221152089-1024x448.png 1024w, https:\/\/pcmastersbogota.com.co\/wp-content\/uploads\/2023\/10\/imagen_2023-10-17_221152089-768x336.png 768w, https:\/\/pcmastersbogota.com.co\/wp-content\/uploads\/2023\/10\/imagen_2023-10-17_221152089-18x8.png 18w, https:\/\/pcmastersbogota.com.co\/wp-content\/uploads\/2023\/10\/imagen_2023-10-17_221152089-1200x525.png 1200w, https:\/\/pcmastersbogota.com.co\/wp-content\/uploads\/2023\/10\/imagen_2023-10-17_221152089-150x66.png 150w\" sizes=\"(max-width: 1355px) 100vw, 1355px\" \/><\/a> <a href=\"https:\/\/pcmastersbogota.com.co\/wp-content\/uploads\/2023\/10\/imagen_2023-10-17_221212044.png\"><img loading=\"lazy\" decoding=\"async\" class=\"size-full wp-image-21261 aligncenter\" src=\"https:\/\/pcmastersbogota.com.co\/wp-content\/uploads\/2023\/10\/imagen_2023-10-17_221212044.png\" alt=\"\" width=\"1356\" height=\"589\" srcset=\"https:\/\/pcmastersbogota.com.co\/wp-content\/uploads\/2023\/10\/imagen_2023-10-17_221212044.png 1356w, https:\/\/pcmastersbogota.com.co\/wp-content\/uploads\/2023\/10\/imagen_2023-10-17_221212044-300x130.png 300w, https:\/\/pcmastersbogota.com.co\/wp-content\/uploads\/2023\/10\/imagen_2023-10-17_221212044-1024x445.png 1024w, https:\/\/pcmastersbogota.com.co\/wp-content\/uploads\/2023\/10\/imagen_2023-10-17_221212044-768x334.png 768w, https:\/\/pcmastersbogota.com.co\/wp-content\/uploads\/2023\/10\/imagen_2023-10-17_221212044-18x8.png 18w, https:\/\/pcmastersbogota.com.co\/wp-content\/uploads\/2023\/10\/imagen_2023-10-17_221212044-1200x521.png 1200w, https:\/\/pcmastersbogota.com.co\/wp-content\/uploads\/2023\/10\/imagen_2023-10-17_221212044-150x65.png 150w\" sizes=\"(max-width: 1356px) 100vw, 1356px\" \/><\/a> <a href=\"https:\/\/pcmastersbogota.com.co\/wp-content\/uploads\/2023\/10\/imagen_2023-10-17_221234242.png\"><img loading=\"lazy\" decoding=\"async\" class=\"size-full wp-image-21262 aligncenter\" src=\"https:\/\/pcmastersbogota.com.co\/wp-content\/uploads\/2023\/10\/imagen_2023-10-17_221234242.png\" alt=\"\" width=\"1353\" height=\"587\" srcset=\"https:\/\/pcmastersbogota.com.co\/wp-content\/uploads\/2023\/10\/imagen_2023-10-17_221234242.png 1353w, https:\/\/pcmastersbogota.com.co\/wp-content\/uploads\/2023\/10\/imagen_2023-10-17_221234242-300x130.png 300w, https:\/\/pcmastersbogota.com.co\/wp-content\/uploads\/2023\/10\/imagen_2023-10-17_221234242-1024x444.png 1024w, https:\/\/pcmastersbogota.com.co\/wp-content\/uploads\/2023\/10\/imagen_2023-10-17_221234242-768x333.png 768w, https:\/\/pcmastersbogota.com.co\/wp-content\/uploads\/2023\/10\/imagen_2023-10-17_221234242-18x8.png 18w, https:\/\/pcmastersbogota.com.co\/wp-content\/uploads\/2023\/10\/imagen_2023-10-17_221234242-1200x521.png 1200w, https:\/\/pcmastersbogota.com.co\/wp-content\/uploads\/2023\/10\/imagen_2023-10-17_221234242-150x65.png 150w\" sizes=\"(max-width: 1353px) 100vw, 1353px\" \/><\/a><\/p>\n","protected":false},"excerpt":{"rendered":"<h2 class=\"leading-snug uppercase text-3xl xl:text-4xl 2xl:text-5xl mb-4 md:mb-5 h2\" data-test-id=\"collections-list-heading\">EL ANIME EST\u00c1 EN NUESTRO ADN<\/h2>\n<p class=\"leading-relaxed text-nzxt-light-grey-800\" data-test-id=\"collections-list-shrt-des\">CRFT es una l\u00ednea de productos de edici\u00f3n limitada con licencia oficial basada en las comunidades que amamos.<\/p>\n","protected":false},"featured_media":21264,"comment_status":"closed","ping_status":"closed","template":"","meta":[],"pwb-brand":[447],"product_brand":[],"product_cat":[76],"product_tag":[448,449,446,450],"class_list":{"0":"post-21256","1":"product","2":"type-product","3":"status-publish","4":"has-post-thumbnail","6":"pwb-brand-nzxt","7":"product_cat-chasis","8":"product_tag-anime","9":"product_tag-especial-edition","10":"product_tag-gamer","11":"product_tag-nzxt","13":"first","14":"instock","15":"taxable","16":"shipping-taxable","17":"purchasable","18":"product-type-simple"},"yoast_head":"<!-- This site is optimized with the Yoast SEO plugin v26.7 - https:\/\/yoast.com\/wordpress\/plugins\/seo\/ -->\n<title>NZXT H510i My Hero Academia Rivals - PC MASTERS BOGOTA<\/title>\n<meta name=\"robots\" content=\"index, follow, max-snippet:-1, max-image-preview:large, max-video-preview:-1\" \/>\n<link rel=\"canonical\" href=\"https:\/\/pcmastersbogota.com.co\/es_es\/producto\/nzxt-h510i-my-hero-academia-rivals-edicion-especial\/\" \/>\n<meta property=\"og:locale\" content=\"es_ES\" \/>\n<meta property=\"og:type\" content=\"article\" \/>\n<meta property=\"og:title\" content=\"NZXT H510i My Hero Academia Rivals - PC MASTERS BOGOTA\" \/>\n<meta property=\"og:description\" content=\"EL ANIME EST\u00c1 EN NUESTRO ADN CRFT es una l\u00ednea de productos de edici\u00f3n limitada con licencia oficial basada en las comunidades que amamos.\" \/>\n<meta property=\"og:url\" content=\"https:\/\/pcmastersbogota.com.co\/es_es\/producto\/nzxt-h510i-my-hero-academia-rivals-edicion-especial\/\" \/>\n<meta property=\"og:site_name\" content=\"PC MASTERS BOGOTA\" \/>\n<meta property=\"article:modified_time\" content=\"2026-02-09T02:06:54+00:00\" \/>\n<meta property=\"og:image\" content=\"https:\/\/pcmastersbogota.com.co\/wp-content\/uploads\/2023\/10\/1656554355-crft-rivals-lifestyle-1-_6_.png\" \/>\n\t<meta property=\"og:image:width\" content=\"2189\" \/>\n\t<meta property=\"og:image:height\" content=\"1500\" \/>\n\t<meta property=\"og:image:type\" content=\"image\/png\" \/>\n<meta name=\"twitter:card\" content=\"summary_large_image\" \/>\n<meta name=\"twitter:label1\" content=\"Tiempo de lectura\" \/>\n\t<meta name=\"twitter:data1\" content=\"2 minutos\" \/>\n<script type=\"application\/ld+json\" class=\"yoast-schema-graph\">{\"@context\":\"https:\/\/schema.org\",\"@graph\":[{\"@type\":\"WebPage\",\"@id\":\"https:\/\/pcmastersbogota.com.co\/producto\/nzxt-h510i-my-hero-academia-rivals-edicion-especial\/\",\"url\":\"https:\/\/pcmastersbogota.com.co\/producto\/nzxt-h510i-my-hero-academia-rivals-edicion-especial\/\",\"name\":\"NZXT H510i My Hero Academia Rivals - PC MASTERS BOGOTA\",\"isPartOf\":{\"@id\":\"https:\/\/pcmastersbogota.com.co\/es_es\/#website\"},\"primaryImageOfPage\":{\"@id\":\"https:\/\/pcmastersbogota.com.co\/producto\/nzxt-h510i-my-hero-academia-rivals-edicion-especial\/#primaryimage\"},\"image\":{\"@id\":\"https:\/\/pcmastersbogota.com.co\/producto\/nzxt-h510i-my-hero-academia-rivals-edicion-especial\/#primaryimage\"},\"thumbnailUrl\":\"https:\/\/pcmastersbogota.com.co\/wp-content\/uploads\/2023\/10\/1656554355-crft-rivals-lifestyle-1-_6_.png\",\"datePublished\":\"2023-10-18T03:29:35+00:00\",\"dateModified\":\"2026-02-09T02:06:54+00:00\",\"breadcrumb\":{\"@id\":\"https:\/\/pcmastersbogota.com.co\/producto\/nzxt-h510i-my-hero-academia-rivals-edicion-especial\/#breadcrumb\"},\"inLanguage\":\"es\",\"potentialAction\":[{\"@type\":\"ReadAction\",\"target\":[\"https:\/\/pcmastersbogota.com.co\/producto\/nzxt-h510i-my-hero-academia-rivals-edicion-especial\/\"]}]},{\"@type\":\"ImageObject\",\"inLanguage\":\"es\",\"@id\":\"https:\/\/pcmastersbogota.com.co\/producto\/nzxt-h510i-my-hero-academia-rivals-edicion-especial\/#primaryimage\",\"url\":\"https:\/\/pcmastersbogota.com.co\/wp-content\/uploads\/2023\/10\/1656554355-crft-rivals-lifestyle-1-_6_.png\",\"contentUrl\":\"https:\/\/pcmastersbogota.com.co\/wp-content\/uploads\/2023\/10\/1656554355-crft-rivals-lifestyle-1-_6_.png\",\"width\":2189,\"height\":1500},{\"@type\":\"BreadcrumbList\",\"@id\":\"https:\/\/pcmastersbogota.com.co\/producto\/nzxt-h510i-my-hero-academia-rivals-edicion-especial\/#breadcrumb\",\"itemListElement\":[{\"@type\":\"ListItem\",\"position\":1,\"name\":\"Home\",\"item\":\"https:\/\/pcmastersbogota.com.co\/\"},{\"@type\":\"ListItem\",\"position\":2,\"name\":\"Tienda\",\"item\":\"https:\/\/pcmastersbogota.com.co\/es_es\/tienda\/\"},{\"@type\":\"ListItem\",\"position\":3,\"name\":\"NZXT H510i My Hero Academia Rivals\"}]},{\"@type\":\"WebSite\",\"@id\":\"https:\/\/pcmastersbogota.com.co\/es_es\/#website\",\"url\":\"https:\/\/pcmastersbogota.com.co\/es_es\/\",\"name\":\"PC MASTERS BOGOTA\",\"description\":\"\",\"potentialAction\":[{\"@type\":\"SearchAction\",\"target\":{\"@type\":\"EntryPoint\",\"urlTemplate\":\"https:\/\/pcmastersbogota.com.co\/es_es\/?s={search_term_string}\"},\"query-input\":{\"@type\":\"PropertyValueSpecification\",\"valueRequired\":true,\"valueName\":\"search_term_string\"}}],\"inLanguage\":\"es\"}]}<\/script>\n<!-- \/ Yoast SEO plugin. -->","yoast_head_json":{"title":"NZXT H510i My Hero Academia Rivals - PC MASTERS BOGOTA","robots":{"index":"index","follow":"follow","max-snippet":"max-snippet:-1","max-image-preview":"max-image-preview:large","max-video-preview":"max-video-preview:-1"},"canonical":"https:\/\/pcmastersbogota.com.co\/es_es\/producto\/nzxt-h510i-my-hero-academia-rivals-edicion-especial\/","og_locale":"es_ES","og_type":"article","og_title":"NZXT H510i My Hero Academia Rivals - PC MASTERS BOGOTA","og_description":"EL ANIME EST\u00c1 EN NUESTRO ADN CRFT es una l\u00ednea de productos de edici\u00f3n limitada con licencia oficial basada en las comunidades que amamos.","og_url":"https:\/\/pcmastersbogota.com.co\/es_es\/producto\/nzxt-h510i-my-hero-academia-rivals-edicion-especial\/","og_site_name":"PC MASTERS BOGOTA","article_modified_time":"2026-02-09T02:06:54+00:00","og_image":[{"width":2189,"height":1500,"url":"https:\/\/pcmastersbogota.com.co\/wp-content\/uploads\/2023\/10\/1656554355-crft-rivals-lifestyle-1-_6_.png","type":"image\/png"}],"twitter_card":"summary_large_image","twitter_misc":{"Tiempo de lectura":"2 minutos"},"schema":{"@context":"https:\/\/schema.org","@graph":[{"@type":"WebPage","@id":"https:\/\/pcmastersbogota.com.co\/producto\/nzxt-h510i-my-hero-academia-rivals-edicion-especial\/","url":"https:\/\/pcmastersbogota.com.co\/producto\/nzxt-h510i-my-hero-academia-rivals-edicion-especial\/","name":"NZXT H510i My Hero Academia Rivals - PC MASTERS BOGOTA","isPartOf":{"@id":"https:\/\/pcmastersbogota.com.co\/es_es\/#website"},"primaryImageOfPage":{"@id":"https:\/\/pcmastersbogota.com.co\/producto\/nzxt-h510i-my-hero-academia-rivals-edicion-especial\/#primaryimage"},"image":{"@id":"https:\/\/pcmastersbogota.com.co\/producto\/nzxt-h510i-my-hero-academia-rivals-edicion-especial\/#primaryimage"},"thumbnailUrl":"https:\/\/pcmastersbogota.com.co\/wp-content\/uploads\/2023\/10\/1656554355-crft-rivals-lifestyle-1-_6_.png","datePublished":"2023-10-18T03:29:35+00:00","dateModified":"2026-02-09T02:06:54+00:00","breadcrumb":{"@id":"https:\/\/pcmastersbogota.com.co\/producto\/nzxt-h510i-my-hero-academia-rivals-edicion-especial\/#breadcrumb"},"inLanguage":"es","potentialAction":[{"@type":"ReadAction","target":["https:\/\/pcmastersbogota.com.co\/producto\/nzxt-h510i-my-hero-academia-rivals-edicion-especial\/"]}]},{"@type":"ImageObject","inLanguage":"es","@id":"https:\/\/pcmastersbogota.com.co\/producto\/nzxt-h510i-my-hero-academia-rivals-edicion-especial\/#primaryimage","url":"https:\/\/pcmastersbogota.com.co\/wp-content\/uploads\/2023\/10\/1656554355-crft-rivals-lifestyle-1-_6_.png","contentUrl":"https:\/\/pcmastersbogota.com.co\/wp-content\/uploads\/2023\/10\/1656554355-crft-rivals-lifestyle-1-_6_.png","width":2189,"height":1500},{"@type":"BreadcrumbList","@id":"https:\/\/pcmastersbogota.com.co\/producto\/nzxt-h510i-my-hero-academia-rivals-edicion-especial\/#breadcrumb","itemListElement":[{"@type":"ListItem","position":1,"name":"Home","item":"https:\/\/pcmastersbogota.com.co\/"},{"@type":"ListItem","position":2,"name":"Tienda","item":"https:\/\/pcmastersbogota.com.co\/es_es\/tienda\/"},{"@type":"ListItem","position":3,"name":"NZXT H510i My Hero Academia Rivals"}]},{"@type":"WebSite","@id":"https:\/\/pcmastersbogota.com.co\/es_es\/#website","url":"https:\/\/pcmastersbogota.com.co\/es_es\/","name":"PC MASTERS BOGOTA","description":"","potentialAction":[{"@type":"SearchAction","target":{"@type":"EntryPoint","urlTemplate":"https:\/\/pcmastersbogota.com.co\/es_es\/?s={search_term_string}"},"query-input":{"@type":"PropertyValueSpecification","valueRequired":true,"valueName":"search_term_string"}}],"inLanguage":"es"}]}},"brands":[{"id":447,"name":"NZXT","slug":"nzxt"}],"_links":{"self":[{"href":"https:\/\/pcmastersbogota.com.co\/es_es\/wp-json\/wp\/v2\/product\/21256","targetHints":{"allow":["GET"]}}],"collection":[{"href":"https:\/\/pcmastersbogota.com.co\/es_es\/wp-json\/wp\/v2\/product"}],"about":[{"href":"https:\/\/pcmastersbogota.com.co\/es_es\/wp-json\/wp\/v2\/types\/product"}],"replies":[{"embeddable":true,"href":"https:\/\/pcmastersbogota.com.co\/es_es\/wp-json\/wp\/v2\/comments?post=21256"}],"version-history":[{"count":3,"href":"https:\/\/pcmastersbogota.com.co\/es_es\/wp-json\/wp\/v2\/product\/21256\/revisions"}],"predecessor-version":[{"id":27355,"href":"https:\/\/pcmastersbogota.com.co\/es_es\/wp-json\/wp\/v2\/product\/21256\/revisions\/27355"}],"wp:featuredmedia":[{"embeddable":true,"href":"https:\/\/pcmastersbogota.com.co\/es_es\/wp-json\/wp\/v2\/media\/21264"}],"wp:attachment":[{"href":"https:\/\/pcmastersbogota.com.co\/es_es\/wp-json\/wp\/v2\/media?parent=21256"}],"wp:term":[{"taxonomy":"pwb-brand","embeddable":true,"href":"https:\/\/pcmastersbogota.com.co\/es_es\/wp-json\/wp\/v2\/pwb-brand?post=21256"},{"taxonomy":"product_brand","embeddable":true,"href":"https:\/\/pcmastersbogota.com.co\/es_es\/wp-json\/wp\/v2\/product_brand?post=21256"},{"taxonomy":"product_cat","embeddable":true,"href":"https:\/\/pcmastersbogota.com.co\/es_es\/wp-json\/wp\/v2\/product_cat?post=21256"},{"taxonomy":"product_tag","embeddable":true,"href":"https:\/\/pcmastersbogota.com.co\/es_es\/wp-json\/wp\/v2\/product_tag?post=21256"}],"curies":[{"name":"wp","href":"https:\/\/api.w.org\/{rel}","templated":true}]}}