{"id":21362,"date":"2023-10-29T20:59:31","date_gmt":"2023-10-30T01:59:31","guid":{"rendered":"https:\/\/pcmastersbogota.com.co\/?post_type=product&#038;p=21362"},"modified":"2024-12-01T18:30:45","modified_gmt":"2024-12-01T23:30:45","slug":"ek-quantum-kinetic-flt-240-d5-pwm-d-rgb","status":"publish","type":"product","link":"https:\/\/pcmastersbogota.com.co\/es_es\/producto\/ek-quantum-kinetic-flt-240-d5-pwm-d-rgb\/","title":{"rendered":"EK-Quantum Kinetic FLT 240 D5 PWM D-RGB"},"content":{"rendered":"<h2 style=\"text-align: center;\"><a href=\"https:\/\/pcmastersbogota.com.co\/wp-content\/uploads\/2023\/10\/49606_ek_quantum_kinetic_flt_240_ddc_pwm_d_rgb___plexi_5.jpg\"><img fetchpriority=\"high\" decoding=\"async\" class=\"alignnone size-full wp-image-21375\" src=\"https:\/\/pcmastersbogota.com.co\/wp-content\/uploads\/2023\/10\/49606_ek_quantum_kinetic_flt_240_ddc_pwm_d_rgb___plexi_5.jpg\" alt=\"\" width=\"1080\" height=\"1080\" srcset=\"https:\/\/pcmastersbogota.com.co\/wp-content\/uploads\/2023\/10\/49606_ek_quantum_kinetic_flt_240_ddc_pwm_d_rgb___plexi_5.jpg 1080w, https:\/\/pcmastersbogota.com.co\/wp-content\/uploads\/2023\/10\/49606_ek_quantum_kinetic_flt_240_ddc_pwm_d_rgb___plexi_5-300x300.jpg 300w, https:\/\/pcmastersbogota.com.co\/wp-content\/uploads\/2023\/10\/49606_ek_quantum_kinetic_flt_240_ddc_pwm_d_rgb___plexi_5-1024x1024.jpg 1024w, https:\/\/pcmastersbogota.com.co\/wp-content\/uploads\/2023\/10\/49606_ek_quantum_kinetic_flt_240_ddc_pwm_d_rgb___plexi_5-150x150.jpg 150w, https:\/\/pcmastersbogota.com.co\/wp-content\/uploads\/2023\/10\/49606_ek_quantum_kinetic_flt_240_ddc_pwm_d_rgb___plexi_5-768x768.jpg 768w, https:\/\/pcmastersbogota.com.co\/wp-content\/uploads\/2023\/10\/49606_ek_quantum_kinetic_flt_240_ddc_pwm_d_rgb___plexi_5-12x12.jpg 12w, https:\/\/pcmastersbogota.com.co\/wp-content\/uploads\/2023\/10\/49606_ek_quantum_kinetic_flt_240_ddc_pwm_d_rgb___plexi_5-600x600.jpg 600w\" sizes=\"(max-width: 1080px) 100vw, 1080px\" \/><\/a><br \/>\nDetalles<\/h2>\n<div class=\"std\" style=\"text-align: center;\">\n<p>\u00a1Todas las nuevas unidades de bomba-dep\u00f3sito EK-Quantum Kinetic FLT D5 de la serie Flat (FLT)! Las nuevas unidades combinadas Kinetic son parte de la l\u00ednea de productos EK Quantum y vienen con una sofisticada implementaci\u00f3n de iluminaci\u00f3n D-RGB direccionable y una bomba D5 genuina. Cada unidad cuenta con orificios de montaje de ventilador est\u00e1ndar de 120 mm para m\u00e1xima flexibilidad durante la instalaci\u00f3n. El dep\u00f3sito est\u00e1 equipado con un total de seis puertos G1\/4&#8243; para que los usuarios puedan elegir la configuraci\u00f3n m\u00e1s \u00f3ptima para sus circuitos de refrigeraci\u00f3n l\u00edquida..<\/p>\n<p>Las unidades de bomba-dep\u00f3sito de la serie EK-Quantum Kinetic FLT D5 est\u00e1n equipadas con bombas D5 genuinas, fabricadas en Europa, que son capaces de entregar caudales de 1500 litros por hora con una presi\u00f3n de cabeza m\u00e1xima de hasta 3,9 metros. Estas nuevas unidades combinadas de la serie FLT est\u00e1n disponibles en tres tama\u00f1os diferentes: 120 mm, 240 mm y 360 mm..<\/p>\n<p><img decoding=\"async\" src=\"https:\/\/www.ekwb.com\/shop\/media\/wysiwyg\/EK_Quantum_Kinetic_FLT_InText.png\" alt=\"FLT cin\u00e9tico cu\u00e1ntico EK\" \/><\/p>\n<p>Las nuevas unidades de bomba y dep\u00f3sito de forma plana revolucionar\u00e1n la forma en que se pensaba sobre las unidades combinadas y la construcci\u00f3n de circuitos. Dado que los patrones de montaje de ventiladores de 120 mm son las opciones de montaje m\u00e1s dominantes dentro de las cajas de PC en estos d\u00edas, estas nuevas unidades combinadas Kinetic FLT D5 permitir\u00e1n una mayor flexibilidad para la instalaci\u00f3n, ya que no requieren perforar nuevos orificios de montaje en su caja..<\/p>\n<p>La unidad combinada est\u00e1 equipada con un total de seis puertos G1\/4&#8243; est\u00e1ndar de la industria que, seg\u00fan la orientaci\u00f3n de la unidad, pueden usarse como puertos de entrada y salida, as\u00ed como puertos de llenado y drenaje..<\/p>\n<p>El dep\u00f3sito est\u00e1 fabricado en material acr\u00edlico de primera calidad, mecanizado a la perfecci\u00f3n, mientras que el sellado se realiza mediante una junta t\u00f3rica de EPDM de calidad. Junto al dep\u00f3sito hay una cubierta de aluminio anodizado negro debajo de la cual se coloca la tira de LED D-RGB direccionable. La implementaci\u00f3n adecuada de LED es uno de los principales puntos de enfoque de EK para que haya la menor cantidad posible de \u00abpuntos de acceso LED\u00bb visibles..<a href=\"https:\/\/pcmastersbogota.com.co\/wp-content\/uploads\/2023\/10\/6afcdb23f8eadbf8e803fbb5b93b5c91.jpg\"><img decoding=\"async\" class=\"alignnone size-full wp-image-21374\" src=\"https:\/\/pcmastersbogota.com.co\/wp-content\/uploads\/2023\/10\/6afcdb23f8eadbf8e803fbb5b93b5c91.jpg\" alt=\"\" width=\"1080\" height=\"1080\" srcset=\"https:\/\/pcmastersbogota.com.co\/wp-content\/uploads\/2023\/10\/6afcdb23f8eadbf8e803fbb5b93b5c91.jpg 1080w, https:\/\/pcmastersbogota.com.co\/wp-content\/uploads\/2023\/10\/6afcdb23f8eadbf8e803fbb5b93b5c91-300x300.jpg 300w, https:\/\/pcmastersbogota.com.co\/wp-content\/uploads\/2023\/10\/6afcdb23f8eadbf8e803fbb5b93b5c91-1024x1024.jpg 1024w, https:\/\/pcmastersbogota.com.co\/wp-content\/uploads\/2023\/10\/6afcdb23f8eadbf8e803fbb5b93b5c91-150x150.jpg 150w, https:\/\/pcmastersbogota.com.co\/wp-content\/uploads\/2023\/10\/6afcdb23f8eadbf8e803fbb5b93b5c91-768x768.jpg 768w, https:\/\/pcmastersbogota.com.co\/wp-content\/uploads\/2023\/10\/6afcdb23f8eadbf8e803fbb5b93b5c91-12x12.jpg 12w, https:\/\/pcmastersbogota.com.co\/wp-content\/uploads\/2023\/10\/6afcdb23f8eadbf8e803fbb5b93b5c91-600x600.jpg 600w\" sizes=\"(max-width: 1080px) 100vw, 1080px\" \/><\/a><\/p>\n<p><strong>Especificaciones t\u00e9cnicas:<\/strong><\/p>\n<div class=\"std\">\n<p>&#8211; Tama\u00f1o (HxWxT): 245x120x86mm (con el sistema de montaje)<br \/>\n&#8211; Capacidad: ~265ml<br \/>\n&#8211;\u00a0Conector D-RGB Cabecera LED digital de 5 V y 3 pines (distribuci\u00f3n de pines: +5 V, D, bloqueado, tierra)<\/p>\n<p><strong>Propiedades el\u00e9ctricas y mec\u00e1nicas de la bomba.:<\/strong><br \/>\n&#8211; Motor: motor esf\u00e9rico conmutado electr\u00f3nicamente<br \/>\n&#8211; Tensi\u00f3n nominal: 12 V CC<br \/>\n&#8211; Consumo de energ\u00eda: 23W<br \/>\n&#8211; Altura m\u00e1xima de presi\u00f3n: 3,9 m<br \/>\n&#8211; Flujo m\u00e1ximo: 1500L\/h<br \/>\n&#8211; Temperatura m\u00e1xima del sistema: 60\u00b0C<br \/>\n&#8211; Materiales: Acero inoxidable, PPS-GF40, juntas t\u00f3ricas de EPDM, \u00f3xido de aluminio, hulla<br \/>\n&#8211; Conector de alimentaci\u00f3n: alimentaci\u00f3n SATA y conector FAN de 4 pines PWM<\/p>\n<p><strong>R\u00e9gimen operativo:<\/strong><\/p>\n<p>&#8211; ciclo de trabajo pwm: ~ 20-100%<br \/>\n&#8211; Comportamiento predeterminado: se ejecuta al 100% del ciclo de trabajo cuando no hay se\u00f1al de retroalimentaci\u00f3n PWM presente<\/p>\n<p><strong>Adjunto:<\/strong><\/p>\n<p>&#8211;\u00a0EK-Quantum Kinetic FLT 240 PWM D5 D-RGB<br \/>\n&#8211; Mecanismo de montaje con todos los tornillos necesarios para el montaje del ventilador de 120 mm.<br \/>\n&#8211; Par de soportes para dep\u00f3sitos EK con tornillos de montaje<br \/>\n&#8211; 4 \u00d7 Tapones G1\/4<br \/>\n&#8211; 1 \u00d7 Llave Allen para soportes de dep\u00f3sito.<\/p>\n<p><strong>Hecho en Eslovenia &#8211; UE!<\/strong><\/p>\n<p><strong>Motor de bomba fabricado en Hungr\u00eda &#8211; UE!<\/strong><\/p>\n<\/div>\n<\/div>\n<div class=\"ow_alert_box\">\n<p class=\"ow_al_txt ow_alert_text\" style=\"text-align: center;\"><strong>TENGA EN CUENTA:<\/strong><\/p>\n<div class=\"ow_alert_content\">\n<ul>\n<li style=\"text-align: center;\"><strong>No limpie el dep\u00f3sito con derivados alcoh\u00f3licos u otros disolventes ya que el acr\u00edlico puede agrietarse.!<\/strong><\/li>\n<li style=\"text-align: center;\"><strong>El refrigerante y los tapones adicionales son solo para exhibici\u00f3n y no se entregan con el producto.!<\/strong><\/li>\n<li style=\"text-align: center;\"><strong>La bomba D5 est\u00e1 lubricada con agua y no debe funcionar en seco; de lo contrario, se pueden producir da\u00f1os permanentes en los rodamientos..<\/strong><\/li>\n<\/ul>\n<\/div>\n<\/div>\n","protected":false},"excerpt":{"rendered":"<p>DISTRO PLATE PARA REFRIGERACI\u00d3N L\u00cdQUIDA CUSTOM<\/p>\n","protected":false},"featured_media":21363,"comment_status":"closed","ping_status":"closed","template":"","meta":[],"pwb-brand":[454],"product_brand":[],"product_cat":[71],"product_tag":[256,455,457,456],"class_list":{"0":"post-21362","1":"product","2":"type-product","3":"status-publish","4":"has-post-thumbnail","6":"pwb-brand-ekwb","7":"product_cat-refrigeracion-liquida","8":"product_tag-argb","9":"product_tag-distroplate","10":"product_tag-ek","11":"product_tag-liquida-custom","13":"first","14":"instock","15":"taxable","16":"shipping-taxable","17":"purchasable","18":"product-type-simple"},"yoast_head":"<!-- This site is optimized with the Yoast SEO plugin v26.7 - https:\/\/yoast.com\/wordpress\/plugins\/seo\/ -->\n<title>EK-Quantum Kinetic FLT 240 D5 PWM D-RGB - PC MASTERS BOGOTA<\/title>\n<meta name=\"robots\" content=\"index, follow, max-snippet:-1, max-image-preview:large, max-video-preview:-1\" \/>\n<link rel=\"canonical\" href=\"https:\/\/pcmastersbogota.com.co\/es_es\/producto\/ek-quantum-kinetic-flt-240-d5-pwm-d-rgb\/\" \/>\n<meta property=\"og:locale\" content=\"es_ES\" \/>\n<meta property=\"og:type\" content=\"article\" \/>\n<meta property=\"og:title\" content=\"EK-Quantum Kinetic FLT 240 D5 PWM D-RGB - PC MASTERS BOGOTA\" \/>\n<meta property=\"og:description\" content=\"DISTRO PLATE PARA REFRIGERACI\u00d3N L\u00cdQUIDA CUSTOM\" \/>\n<meta property=\"og:url\" content=\"https:\/\/pcmastersbogota.com.co\/es_es\/producto\/ek-quantum-kinetic-flt-240-d5-pwm-d-rgb\/\" \/>\n<meta property=\"og:site_name\" content=\"PC MASTERS BOGOTA\" \/>\n<meta property=\"article:modified_time\" content=\"2024-12-01T23:30:45+00:00\" \/>\n<meta property=\"og:image\" content=\"https:\/\/pcmastersbogota.com.co\/wp-content\/uploads\/2023\/10\/ek_quantum_kinetic_flt_art_2_6.jpg\" \/>\n\t<meta property=\"og:image:width\" content=\"1080\" \/>\n\t<meta property=\"og:image:height\" content=\"720\" \/>\n\t<meta property=\"og:image:type\" content=\"image\/jpeg\" \/>\n<meta name=\"twitter:card\" content=\"summary_large_image\" \/>\n<meta name=\"twitter:label1\" content=\"Tiempo de lectura\" \/>\n\t<meta name=\"twitter:data1\" content=\"3 minutos\" \/>\n<script type=\"application\/ld+json\" class=\"yoast-schema-graph\">{\"@context\":\"https:\/\/schema.org\",\"@graph\":[{\"@type\":\"WebPage\",\"@id\":\"https:\/\/pcmastersbogota.com.co\/producto\/ek-quantum-kinetic-flt-240-d5-pwm-d-rgb\/\",\"url\":\"https:\/\/pcmastersbogota.com.co\/producto\/ek-quantum-kinetic-flt-240-d5-pwm-d-rgb\/\",\"name\":\"EK-Quantum Kinetic FLT 240 D5 PWM D-RGB - PC MASTERS BOGOTA\",\"isPartOf\":{\"@id\":\"https:\/\/pcmastersbogota.com.co\/es_es\/#website\"},\"primaryImageOfPage\":{\"@id\":\"https:\/\/pcmastersbogota.com.co\/producto\/ek-quantum-kinetic-flt-240-d5-pwm-d-rgb\/#primaryimage\"},\"image\":{\"@id\":\"https:\/\/pcmastersbogota.com.co\/producto\/ek-quantum-kinetic-flt-240-d5-pwm-d-rgb\/#primaryimage\"},\"thumbnailUrl\":\"https:\/\/pcmastersbogota.com.co\/wp-content\/uploads\/2023\/10\/ek_quantum_kinetic_flt_art_2_6.jpg\",\"datePublished\":\"2023-10-30T01:59:31+00:00\",\"dateModified\":\"2024-12-01T23:30:45+00:00\",\"breadcrumb\":{\"@id\":\"https:\/\/pcmastersbogota.com.co\/producto\/ek-quantum-kinetic-flt-240-d5-pwm-d-rgb\/#breadcrumb\"},\"inLanguage\":\"es\",\"potentialAction\":[{\"@type\":\"ReadAction\",\"target\":[\"https:\/\/pcmastersbogota.com.co\/producto\/ek-quantum-kinetic-flt-240-d5-pwm-d-rgb\/\"]}]},{\"@type\":\"ImageObject\",\"inLanguage\":\"es\",\"@id\":\"https:\/\/pcmastersbogota.com.co\/producto\/ek-quantum-kinetic-flt-240-d5-pwm-d-rgb\/#primaryimage\",\"url\":\"https:\/\/pcmastersbogota.com.co\/wp-content\/uploads\/2023\/10\/ek_quantum_kinetic_flt_art_2_6.jpg\",\"contentUrl\":\"https:\/\/pcmastersbogota.com.co\/wp-content\/uploads\/2023\/10\/ek_quantum_kinetic_flt_art_2_6.jpg\",\"width\":1080,\"height\":720},{\"@type\":\"BreadcrumbList\",\"@id\":\"https:\/\/pcmastersbogota.com.co\/producto\/ek-quantum-kinetic-flt-240-d5-pwm-d-rgb\/#breadcrumb\",\"itemListElement\":[{\"@type\":\"ListItem\",\"position\":1,\"name\":\"Home\",\"item\":\"https:\/\/pcmastersbogota.com.co\/\"},{\"@type\":\"ListItem\",\"position\":2,\"name\":\"Tienda\",\"item\":\"https:\/\/pcmastersbogota.com.co\/es_es\/tienda\/\"},{\"@type\":\"ListItem\",\"position\":3,\"name\":\"EK-Quantum Kinetic FLT 240 D5 PWM D-RGB\"}]},{\"@type\":\"WebSite\",\"@id\":\"https:\/\/pcmastersbogota.com.co\/es_es\/#website\",\"url\":\"https:\/\/pcmastersbogota.com.co\/es_es\/\",\"name\":\"PC MASTERS BOGOTA\",\"description\":\"\",\"potentialAction\":[{\"@type\":\"SearchAction\",\"target\":{\"@type\":\"EntryPoint\",\"urlTemplate\":\"https:\/\/pcmastersbogota.com.co\/es_es\/?s={search_term_string}\"},\"query-input\":{\"@type\":\"PropertyValueSpecification\",\"valueRequired\":true,\"valueName\":\"search_term_string\"}}],\"inLanguage\":\"es\"}]}<\/script>\n<!-- \/ Yoast SEO plugin. -->","yoast_head_json":{"title":"EK-Quantum Kinetic FLT 240 D5 PWM D-RGB - PC MASTERS BOGOTA","robots":{"index":"index","follow":"follow","max-snippet":"max-snippet:-1","max-image-preview":"max-image-preview:large","max-video-preview":"max-video-preview:-1"},"canonical":"https:\/\/pcmastersbogota.com.co\/es_es\/producto\/ek-quantum-kinetic-flt-240-d5-pwm-d-rgb\/","og_locale":"es_ES","og_type":"article","og_title":"EK-Quantum Kinetic FLT 240 D5 PWM D-RGB - PC MASTERS BOGOTA","og_description":"DISTRO PLATE PARA REFRIGERACI\u00d3N L\u00cdQUIDA CUSTOM","og_url":"https:\/\/pcmastersbogota.com.co\/es_es\/producto\/ek-quantum-kinetic-flt-240-d5-pwm-d-rgb\/","og_site_name":"PC MASTERS BOGOTA","article_modified_time":"2024-12-01T23:30:45+00:00","og_image":[{"width":1080,"height":720,"url":"https:\/\/pcmastersbogota.com.co\/wp-content\/uploads\/2023\/10\/ek_quantum_kinetic_flt_art_2_6.jpg","type":"image\/jpeg"}],"twitter_card":"summary_large_image","twitter_misc":{"Tiempo de lectura":"3 minutos"},"schema":{"@context":"https:\/\/schema.org","@graph":[{"@type":"WebPage","@id":"https:\/\/pcmastersbogota.com.co\/producto\/ek-quantum-kinetic-flt-240-d5-pwm-d-rgb\/","url":"https:\/\/pcmastersbogota.com.co\/producto\/ek-quantum-kinetic-flt-240-d5-pwm-d-rgb\/","name":"EK-Quantum Kinetic FLT 240 D5 PWM D-RGB - PC MASTERS BOGOTA","isPartOf":{"@id":"https:\/\/pcmastersbogota.com.co\/es_es\/#website"},"primaryImageOfPage":{"@id":"https:\/\/pcmastersbogota.com.co\/producto\/ek-quantum-kinetic-flt-240-d5-pwm-d-rgb\/#primaryimage"},"image":{"@id":"https:\/\/pcmastersbogota.com.co\/producto\/ek-quantum-kinetic-flt-240-d5-pwm-d-rgb\/#primaryimage"},"thumbnailUrl":"https:\/\/pcmastersbogota.com.co\/wp-content\/uploads\/2023\/10\/ek_quantum_kinetic_flt_art_2_6.jpg","datePublished":"2023-10-30T01:59:31+00:00","dateModified":"2024-12-01T23:30:45+00:00","breadcrumb":{"@id":"https:\/\/pcmastersbogota.com.co\/producto\/ek-quantum-kinetic-flt-240-d5-pwm-d-rgb\/#breadcrumb"},"inLanguage":"es","potentialAction":[{"@type":"ReadAction","target":["https:\/\/pcmastersbogota.com.co\/producto\/ek-quantum-kinetic-flt-240-d5-pwm-d-rgb\/"]}]},{"@type":"ImageObject","inLanguage":"es","@id":"https:\/\/pcmastersbogota.com.co\/producto\/ek-quantum-kinetic-flt-240-d5-pwm-d-rgb\/#primaryimage","url":"https:\/\/pcmastersbogota.com.co\/wp-content\/uploads\/2023\/10\/ek_quantum_kinetic_flt_art_2_6.jpg","contentUrl":"https:\/\/pcmastersbogota.com.co\/wp-content\/uploads\/2023\/10\/ek_quantum_kinetic_flt_art_2_6.jpg","width":1080,"height":720},{"@type":"BreadcrumbList","@id":"https:\/\/pcmastersbogota.com.co\/producto\/ek-quantum-kinetic-flt-240-d5-pwm-d-rgb\/#breadcrumb","itemListElement":[{"@type":"ListItem","position":1,"name":"Home","item":"https:\/\/pcmastersbogota.com.co\/"},{"@type":"ListItem","position":2,"name":"Tienda","item":"https:\/\/pcmastersbogota.com.co\/es_es\/tienda\/"},{"@type":"ListItem","position":3,"name":"EK-Quantum Kinetic FLT 240 D5 PWM D-RGB"}]},{"@type":"WebSite","@id":"https:\/\/pcmastersbogota.com.co\/es_es\/#website","url":"https:\/\/pcmastersbogota.com.co\/es_es\/","name":"PC MASTERS BOGOTA","description":"","potentialAction":[{"@type":"SearchAction","target":{"@type":"EntryPoint","urlTemplate":"https:\/\/pcmastersbogota.com.co\/es_es\/?s={search_term_string}"},"query-input":{"@type":"PropertyValueSpecification","valueRequired":true,"valueName":"search_term_string"}}],"inLanguage":"es"}]}},"brands":[{"id":454,"name":"EKWB","slug":"ekwb"}],"_links":{"self":[{"href":"https:\/\/pcmastersbogota.com.co\/es_es\/wp-json\/wp\/v2\/product\/21362","targetHints":{"allow":["GET"]}}],"collection":[{"href":"https:\/\/pcmastersbogota.com.co\/es_es\/wp-json\/wp\/v2\/product"}],"about":[{"href":"https:\/\/pcmastersbogota.com.co\/es_es\/wp-json\/wp\/v2\/types\/product"}],"replies":[{"embeddable":true,"href":"https:\/\/pcmastersbogota.com.co\/es_es\/wp-json\/wp\/v2\/comments?post=21362"}],"version-history":[{"count":2,"href":"https:\/\/pcmastersbogota.com.co\/es_es\/wp-json\/wp\/v2\/product\/21362\/revisions"}],"predecessor-version":[{"id":21376,"href":"https:\/\/pcmastersbogota.com.co\/es_es\/wp-json\/wp\/v2\/product\/21362\/revisions\/21376"}],"wp:featuredmedia":[{"embeddable":true,"href":"https:\/\/pcmastersbogota.com.co\/es_es\/wp-json\/wp\/v2\/media\/21363"}],"wp:attachment":[{"href":"https:\/\/pcmastersbogota.com.co\/es_es\/wp-json\/wp\/v2\/media?parent=21362"}],"wp:term":[{"taxonomy":"pwb-brand","embeddable":true,"href":"https:\/\/pcmastersbogota.com.co\/es_es\/wp-json\/wp\/v2\/pwb-brand?post=21362"},{"taxonomy":"product_brand","embeddable":true,"href":"https:\/\/pcmastersbogota.com.co\/es_es\/wp-json\/wp\/v2\/product_brand?post=21362"},{"taxonomy":"product_cat","embeddable":true,"href":"https:\/\/pcmastersbogota.com.co\/es_es\/wp-json\/wp\/v2\/product_cat?post=21362"},{"taxonomy":"product_tag","embeddable":true,"href":"https:\/\/pcmastersbogota.com.co\/es_es\/wp-json\/wp\/v2\/product_tag?post=21362"}],"curies":[{"name":"wp","href":"https:\/\/api.w.org\/{rel}","templated":true}]}}