{"id":21382,"date":"2023-11-01T16:34:45","date_gmt":"2023-11-01T21:34:45","guid":{"rendered":"https:\/\/pcmastersbogota.com.co\/?post_type=product&#038;p=21382"},"modified":"2023-11-01T16:45:23","modified_gmt":"2023-11-01T21:45:23","slug":"antec-650w-80-plus-white","status":"publish","type":"product","link":"https:\/\/pcmastersbogota.com.co\/es_es\/producto\/antec-650w-80-plus-white\/","title":{"rendered":"ANTEC 650W 80 PLUS WHITE"},"content":{"rendered":"<div id=\"overview\" class=\"temporary\">\n<section class=\"container-fluid set-blcok2\">\n<div class=\"pdt_box\">\n<div class=\"text\">\n<div class=\"txt\">\n<div id=\"overview\" class=\"temporary\">\n<section class=\"container-fluid set-blcok2\">\n<div class=\"pdt_box\">\n<div class=\"text\">\n<div class=\"txt\">\n<p style=\"text-align: center;\">La nueva generaci\u00f3n de VP650 PLUS est\u00e1 dise\u00f1ada para brindar calidad, rendimiento y un valor incre\u00edble.<\/p>\n<p style=\"text-align: center;\">Esta soluci\u00f3n b\u00e1sica tiene una potencia nominal de 500 W a 650 W, ahorra energ\u00eda gracias a su alta eficiencia de hasta un 85 % y cuenta con la certificaci\u00f3n 80 PLUS\u00ae Standard..<\/p>\n<\/div>\n<div class=\"pdt\" style=\"text-align: center;\"><img decoding=\"async\" src=\"https:\/\/www.antec.com\/product\/power\/images\/vp650-plus_pdt2.png\" alt=\"\" \/><\/div>\n<\/div>\n<\/div>\n<\/section>\n<section class=\"container-fluid set-blcok3\">\n<div class=\"pdt_box\">\n<div class=\"pdt_con\">\n<div class=\"text\" style=\"text-align: center;\">\n<div class=\"title vertical_middle\">Ofreciendo hasta un 85% de eficiencia,<br \/>\nLa serie VP PLUS utiliza PFC activo y proporciona eficiencia durante cargas m\u00e1ximas y bajas, cumpliendo con los est\u00e1ndares de rendimiento por los que somos conocidos..<\/div>\n<\/div>\n<div class=\"pdt\">\n<div class=\"vertical_middle\"><img decoding=\"async\" class=\"aligncenter\" src=\"https:\/\/www.antec.com\/product\/power\/images\/vp500-550-650-plus_pdt3.png\" alt=\"\" \/><\/div>\n<\/div>\n<\/div>\n<\/div>\n<div class=\"pdt_box\">\n<div class=\"pdt_con\">\n<div class=\"text\">\n<div class=\"title vertical_middle\" style=\"text-align: center;\">3 A\u00f1o de garant\u00eda:<br \/>\nRespaldamos la calidad y seguridad de las fuentes de alimentaci\u00f3n VP PLUS, ofreciendo una garant\u00eda de 3 a\u00f1os en piezas y mano de obra y acceso ilimitado a nuestro incomparable soporte t\u00e9cnico y servicio al cliente..<\/div>\n<\/div>\n<div class=\"pdt\" style=\"text-align: center;\">\n<div class=\"vertical_middle\"><img decoding=\"async\" src=\"https:\/\/www.antec.com\/product\/power\/images\/aq3year.png\" alt=\"\" \/><\/div>\n<\/div>\n<\/div>\n<\/div>\n<div class=\"pdt_box\" style=\"text-align: center;\">\n<div class=\"pdt_con\">\n<div class=\"text\">\n<div class=\"title vertical_middle\">Carga de eficiencia:<br \/>\nENTRADA CA: 100-240V<\/div>\n<\/div>\n<div class=\"pdt\">\n<div class=\"vertical_middle\"><img decoding=\"async\" src=\"https:\/\/www.antec.com\/product\/power\/images\/vp650-plus_pdt5.png\" alt=\"\" \/><\/div>\n<\/div>\n<\/div>\n<\/div>\n<\/section>\n<section class=\"container-fluid set-blcok4\">\n<div class=\"pdt_box\">\n<div class=\"pdt\"><img decoding=\"async\" class=\"aligncenter\" src=\"https:\/\/www.antec.com\/product\/power\/images\/vp500-550-650-plus_pdt6.png\" alt=\"\" \/><\/div>\n<div class=\"text\">\n<div class=\"title\" style=\"text-align: center;\">\n<p><span class=\"\">120 mil\u00edmetros<\/span><\/p>\n<div>Ventilador silencioso<\/div>\n<\/div>\n<div class=\"txt\" style=\"text-align: center;\">\n<p>El ventilador silencioso de 120 mm es ideal para una inform\u00e1tica silenciosa y est\u00e1 dise\u00f1ado para una vida \u00fatil m\u00e1s larga, lo que garantiza horas de funcionamiento.<\/p>\n<p>Cuenta con un administrador t\u00e9rmico, un control avanzado del ventilador de bajo voltaje para una gesti\u00f3n \u00f3ptima del calor y el ruido y permitir\u00e1 que su fuente de alimentaci\u00f3n se mantenga a una temperatura \u00f3ptima..<\/p>\n<\/div>\n<\/div>\n<\/div>\n<\/section>\n<section class=\"container-fluid set-blcok5\">\n<div class=\"pdt_box\">\n<div class=\"text\">\n<div class=\"title light\" style=\"text-align: center;\">Solo 12V\u00a0Dise\u00f1o de rieles<\/div>\n<\/div>\n<div class=\"pdt\"><img decoding=\"async\" class=\"aligncenter\" src=\"https:\/\/www.antec.com\/product\/power\/images\/vp650-plus_pdt7.png\" alt=\"\" \/><\/div>\n<\/div>\n<\/section>\n<section class=\"container-fluid set-blcok7\">\n<div class=\"pdt_box\">\n<div class=\"text\">\n<div class=\"title light\" style=\"text-align: center;\">Cantidad y longitud del cable<\/div>\n<\/div>\n<div class=\"pdt\">\n<div class=\"pdt_left\"><img decoding=\"async\" class=\"aligncenter\" src=\"https:\/\/www.antec.com\/product\/power\/images\/vp500-550-650-plus_pdt8.png\" alt=\"\" \/><\/div>\n<div class=\"pdt_right\"><img decoding=\"async\" class=\"aligncenter\" src=\"https:\/\/www.antec.com\/product\/power\/images\/vp500-550-650-plus_pdt9.png\" alt=\"\" \/><\/div>\n<\/div>\n<\/div>\n<\/section>\n<\/div>\n<div id=\"features\" class=\"features\" style=\"text-align: center;\">\n<div class=\"title-set\">CARACTER\u00cdSTICAS<\/div>\n<ul>\n<li>Potencia continua: potencia continua garantizada de 650 W de Antec<\/li>\n<li>80 Certificado PLUS\u00ae: hasta un 85% de eficiencia, para reducir su factura de electricidad<\/li>\n<li>AQ3 &#8211; Antec Calidad Garant\u00eda 3 a\u00f1os<\/li>\n<li>120mm Ventilador silencioso<\/li>\n<li>Administrador t\u00e9rmico: un control avanzado del ventilador de bajo voltaje para una gesti\u00f3n \u00f3ptima del calor y el ruido.<\/li>\n<li>CircuitShield\u2122: conjunto completo de protecciones de grado industrial: UVP\/OVP\/SCP\/OPP\/NLO<\/li>\n<li>Multi PCI-E: 2 conectores PCI-E para compatibilidad con m\u00faltiples GPU<\/li>\n<\/ul>\n<\/div>\n<div id=\"specs\" class=\"specs\">\n<div class=\"title-set\" style=\"text-align: left;\">ESPECIFICACIONES<\/div>\n<table class=\"cols-2 aligncenter\">\n<tbody>\n<tr>\n<td>nombre del producto<\/td>\n<td>VP650 M\u00c1S<\/td>\n<\/tr>\n<tr>\n<td>Nombre del modelo<\/td>\n<td>X3000A103-18<\/td>\n<\/tr>\n<tr>\n<td>Modular<\/td>\n<td>No modular<\/td>\n<\/tr>\n<tr>\n<td>Dimensiones (ancho x largo x alto))<\/td>\n<td>140(Fondo)*150(Ancho)*86(Alto))<\/td>\n<\/tr>\n<tr>\n<td>Garant\u00eda<\/td>\n<td>3 a\u00f1os<\/td>\n<\/tr>\n<tr>\n<td>Voltaje de entrada<\/td>\n<td>100-240 VACACIONES \u00b110%<\/td>\n<\/tr>\n<tr>\n<td>Corriente de entrada<\/td>\n<td>10A-5A<\/td>\n<\/tr>\n<tr>\n<td>Rango de frecuencia de entrada<\/td>\n<td>47Hz-63Hz<\/td>\n<\/tr>\n<tr>\n<td>PFC<\/td>\n<td>PFC activo (&amp;gt;0,9 t\u00edpico)<\/td>\n<\/tr>\n<tr>\n<td>Buena se\u00f1al de alimentaci\u00f3n<\/td>\n<td>100-500EM<\/td>\n<\/tr>\n<tr>\n<td>Eficiencia<\/td>\n<td>85% T\u00edpicamente<\/td>\n<\/tr>\n<tr>\n<td>Proteccion<\/td>\n<td>UVP\/OVP\/SCP\/OPP\/NLO<\/td>\n<\/tr>\n<tr>\n<td>Capacidad de salida<\/td>\n<td>650EN<\/td>\n<\/tr>\n<tr>\n<td>Regulador<\/td>\n<td>cTUVus\/TUV\/CB[compatible con IEC62368] \/CE\/FCC<\/td>\n<\/tr>\n<tr>\n<td>Admirador<\/td>\n<td>120mm Ventilador silencioso<\/td>\n<\/tr>\n<tr>\n<td>Certificaciones<\/td>\n<td>80 M\u00c1S<\/td>\n<\/tr>\n<tr>\n<td rowspan=\"6\">Conector<\/td>\n<td>1 xMB 24(20+4) Pasador<\/td>\n<\/tr>\n<tr>\n<td>1 x 8(4+4) pines EPS 12V<\/td>\n<\/tr>\n<tr>\n<td>2 PCI-E de 8(6+2) pines<\/td>\n<\/tr>\n<tr>\n<td>7 x HORAS<\/td>\n<\/tr>\n<tr>\n<td>2 xMolex<\/td>\n<\/tr>\n<tr>\n<td>1 xDD<\/td>\n<\/tr>\n<tr>\n<td>Peso neto<\/td>\n<td>1.86 kilos<\/td>\n<\/tr>\n<tr>\n<td>Peso bruto<\/td>\n<td>2.27 kilos<\/td>\n<\/tr>\n<tr>\n<td style=\"text-align: center;\">UPC#<\/td>\n<td style=\"text-align: center;\">0-761345-11662-6<\/td>\n<\/tr>\n<\/tbody>\n<\/table>\n<\/div>\n<\/div>\n<\/div>\n<\/div>\n<\/section>\n<\/div>\n","protected":false},"excerpt":{"rendered":"<ul>\n<li>Potencia continua: potencia continua garantizada de 650 W de Antec<\/li>\n<li>Certificaci\u00f3n 80 PLUS\u00ae: hasta un 85 % de eficiencia para reducir su factura de electricidad<\/li>\n<li>AQ3 &#8211; Antec Calidad Garant\u00eda 3 a\u00f1os<\/li>\n<li>Ventilador silencioso de 120 mm.<\/li>\n<li>Administrador t\u00e9rmico: un control avanzado del ventilador de bajo voltaje para una gesti\u00f3n \u00f3ptima del calor y el ruido.<\/li>\n<li>CircuitShield\u2122: conjunto completo de protecciones de grado industrial: UVP\/OVP\/SCP\/OPP\/NLO<\/li>\n<li>Multi PCI-E: 2 conectores PCI-E para compatibilidad con m\u00faltiples GPU<\/li>\n<\/ul>\n","protected":false},"featured_media":21387,"comment_status":"closed","ping_status":"closed","template":"","meta":[],"pwb-brand":[352],"product_brand":[],"product_cat":[313],"product_tag":[430,414,413,418],"class_list":{"0":"post-21382","1":"product","2":"type-product","3":"status-publish","4":"has-post-thumbnail","6":"pwb-brand-antec","7":"product_cat-fuentes-de-poder","8":"product_tag-430","9":"product_tag-80plus","10":"product_tag-fuente","11":"product_tag-gaming","13":"first","14":"instock","15":"taxable","16":"shipping-taxable","17":"purchasable","18":"product-type-simple"},"yoast_head":"<!-- This site is optimized with the Yoast SEO plugin v26.7 - https:\/\/yoast.com\/wordpress\/plugins\/seo\/ -->\n<title>ANTEC 650W 80 PLUS WHITE - PC MASTERS BOGOTA<\/title>\n<meta name=\"robots\" content=\"index, follow, max-snippet:-1, max-image-preview:large, max-video-preview:-1\" \/>\n<link rel=\"canonical\" href=\"https:\/\/pcmastersbogota.com.co\/es_es\/producto\/antec-650w-80-plus-white\/\" \/>\n<meta property=\"og:locale\" content=\"es_ES\" \/>\n<meta property=\"og:type\" content=\"article\" \/>\n<meta property=\"og:title\" content=\"ANTEC 650W 80 PLUS WHITE - PC MASTERS BOGOTA\" \/>\n<meta property=\"og:description\" content=\"Potencia continua: potencia continua garantizada de 650 W de Antec  Certificaci\u00f3n 80 PLUS\u00ae: hasta un 85 % de eficiencia para reducir su factura de electricidad  AQ3 - Antec Calidad Garant\u00eda 3 a\u00f1os  Ventilador silencioso de 120 mm.  Administrador t\u00e9rmico: un control avanzado del ventilador de bajo voltaje para una gesti\u00f3n \u00f3ptima del calor y el ruido.  CircuitShield\u2122: conjunto completo de protecciones de grado industrial: UVP\/OVP\/SCP\/OPP\/NLO  Multi PCI-E: 2 conectores PCI-E para compatibilidad con m\u00faltiples GPU\" \/>\n<meta property=\"og:url\" content=\"https:\/\/pcmastersbogota.com.co\/es_es\/producto\/antec-650w-80-plus-white\/\" \/>\n<meta property=\"og:site_name\" content=\"PC MASTERS BOGOTA\" \/>\n<meta property=\"article:modified_time\" content=\"2023-11-01T21:45:23+00:00\" \/>\n<meta property=\"og:image\" content=\"https:\/\/pcmastersbogota.com.co\/wp-content\/uploads\/2023\/11\/gallery-vp650-plus-11.jpg\" \/>\n\t<meta property=\"og:image:width\" content=\"1080\" \/>\n\t<meta property=\"og:image:height\" content=\"1080\" \/>\n\t<meta property=\"og:image:type\" content=\"image\/jpeg\" \/>\n<meta name=\"twitter:card\" content=\"summary_large_image\" \/>\n<meta name=\"twitter:label1\" content=\"Tiempo de lectura\" \/>\n\t<meta name=\"twitter:data1\" content=\"2 minutos\" \/>\n<script type=\"application\/ld+json\" class=\"yoast-schema-graph\">{\"@context\":\"https:\/\/schema.org\",\"@graph\":[{\"@type\":\"WebPage\",\"@id\":\"https:\/\/pcmastersbogota.com.co\/producto\/antec-650w-80-plus-white\/\",\"url\":\"https:\/\/pcmastersbogota.com.co\/producto\/antec-650w-80-plus-white\/\",\"name\":\"ANTEC 650W 80 PLUS WHITE - PC MASTERS BOGOTA\",\"isPartOf\":{\"@id\":\"https:\/\/pcmastersbogota.com.co\/es_es\/#website\"},\"primaryImageOfPage\":{\"@id\":\"https:\/\/pcmastersbogota.com.co\/producto\/antec-650w-80-plus-white\/#primaryimage\"},\"image\":{\"@id\":\"https:\/\/pcmastersbogota.com.co\/producto\/antec-650w-80-plus-white\/#primaryimage\"},\"thumbnailUrl\":\"https:\/\/pcmastersbogota.com.co\/wp-content\/uploads\/2023\/11\/gallery-vp650-plus-11.jpg\",\"datePublished\":\"2023-11-01T21:34:45+00:00\",\"dateModified\":\"2023-11-01T21:45:23+00:00\",\"breadcrumb\":{\"@id\":\"https:\/\/pcmastersbogota.com.co\/producto\/antec-650w-80-plus-white\/#breadcrumb\"},\"inLanguage\":\"es\",\"potentialAction\":[{\"@type\":\"ReadAction\",\"target\":[\"https:\/\/pcmastersbogota.com.co\/producto\/antec-650w-80-plus-white\/\"]}]},{\"@type\":\"ImageObject\",\"inLanguage\":\"es\",\"@id\":\"https:\/\/pcmastersbogota.com.co\/producto\/antec-650w-80-plus-white\/#primaryimage\",\"url\":\"https:\/\/pcmastersbogota.com.co\/wp-content\/uploads\/2023\/11\/gallery-vp650-plus-11.jpg\",\"contentUrl\":\"https:\/\/pcmastersbogota.com.co\/wp-content\/uploads\/2023\/11\/gallery-vp650-plus-11.jpg\",\"width\":1080,\"height\":1080},{\"@type\":\"BreadcrumbList\",\"@id\":\"https:\/\/pcmastersbogota.com.co\/producto\/antec-650w-80-plus-white\/#breadcrumb\",\"itemListElement\":[{\"@type\":\"ListItem\",\"position\":1,\"name\":\"Home\",\"item\":\"https:\/\/pcmastersbogota.com.co\/\"},{\"@type\":\"ListItem\",\"position\":2,\"name\":\"Tienda\",\"item\":\"https:\/\/pcmastersbogota.com.co\/es_es\/tienda\/\"},{\"@type\":\"ListItem\",\"position\":3,\"name\":\"ANTEC 650W 80 PLUS WHITE\"}]},{\"@type\":\"WebSite\",\"@id\":\"https:\/\/pcmastersbogota.com.co\/es_es\/#website\",\"url\":\"https:\/\/pcmastersbogota.com.co\/es_es\/\",\"name\":\"PC MASTERS BOGOTA\",\"description\":\"\",\"potentialAction\":[{\"@type\":\"SearchAction\",\"target\":{\"@type\":\"EntryPoint\",\"urlTemplate\":\"https:\/\/pcmastersbogota.com.co\/es_es\/?s={search_term_string}\"},\"query-input\":{\"@type\":\"PropertyValueSpecification\",\"valueRequired\":true,\"valueName\":\"search_term_string\"}}],\"inLanguage\":\"es\"}]}<\/script>\n<!-- \/ Yoast SEO plugin. -->","yoast_head_json":{"title":"ANTEC 650W 80 PLUS WHITE - PC MASTERS BOGOTA","robots":{"index":"index","follow":"follow","max-snippet":"max-snippet:-1","max-image-preview":"max-image-preview:large","max-video-preview":"max-video-preview:-1"},"canonical":"https:\/\/pcmastersbogota.com.co\/es_es\/producto\/antec-650w-80-plus-white\/","og_locale":"es_ES","og_type":"article","og_title":"ANTEC 650W 80 PLUS WHITE - PC MASTERS BOGOTA","og_description":"Potencia continua: potencia continua garantizada de 650 W de Antec  Certificaci\u00f3n 80 PLUS\u00ae: hasta un 85 % de eficiencia para reducir su factura de electricidad  AQ3 - Antec Calidad Garant\u00eda 3 a\u00f1os  Ventilador silencioso de 120 mm.  Administrador t\u00e9rmico: un control avanzado del ventilador de bajo voltaje para una gesti\u00f3n \u00f3ptima del calor y el ruido.  CircuitShield\u2122: conjunto completo de protecciones de grado industrial: UVP\/OVP\/SCP\/OPP\/NLO  Multi PCI-E: 2 conectores PCI-E para compatibilidad con m\u00faltiples GPU","og_url":"https:\/\/pcmastersbogota.com.co\/es_es\/producto\/antec-650w-80-plus-white\/","og_site_name":"PC MASTERS BOGOTA","article_modified_time":"2023-11-01T21:45:23+00:00","og_image":[{"width":1080,"height":1080,"url":"https:\/\/pcmastersbogota.com.co\/wp-content\/uploads\/2023\/11\/gallery-vp650-plus-11.jpg","type":"image\/jpeg"}],"twitter_card":"summary_large_image","twitter_misc":{"Tiempo de lectura":"2 minutos"},"schema":{"@context":"https:\/\/schema.org","@graph":[{"@type":"WebPage","@id":"https:\/\/pcmastersbogota.com.co\/producto\/antec-650w-80-plus-white\/","url":"https:\/\/pcmastersbogota.com.co\/producto\/antec-650w-80-plus-white\/","name":"ANTEC 650W 80 PLUS WHITE - PC MASTERS BOGOTA","isPartOf":{"@id":"https:\/\/pcmastersbogota.com.co\/es_es\/#website"},"primaryImageOfPage":{"@id":"https:\/\/pcmastersbogota.com.co\/producto\/antec-650w-80-plus-white\/#primaryimage"},"image":{"@id":"https:\/\/pcmastersbogota.com.co\/producto\/antec-650w-80-plus-white\/#primaryimage"},"thumbnailUrl":"https:\/\/pcmastersbogota.com.co\/wp-content\/uploads\/2023\/11\/gallery-vp650-plus-11.jpg","datePublished":"2023-11-01T21:34:45+00:00","dateModified":"2023-11-01T21:45:23+00:00","breadcrumb":{"@id":"https:\/\/pcmastersbogota.com.co\/producto\/antec-650w-80-plus-white\/#breadcrumb"},"inLanguage":"es","potentialAction":[{"@type":"ReadAction","target":["https:\/\/pcmastersbogota.com.co\/producto\/antec-650w-80-plus-white\/"]}]},{"@type":"ImageObject","inLanguage":"es","@id":"https:\/\/pcmastersbogota.com.co\/producto\/antec-650w-80-plus-white\/#primaryimage","url":"https:\/\/pcmastersbogota.com.co\/wp-content\/uploads\/2023\/11\/gallery-vp650-plus-11.jpg","contentUrl":"https:\/\/pcmastersbogota.com.co\/wp-content\/uploads\/2023\/11\/gallery-vp650-plus-11.jpg","width":1080,"height":1080},{"@type":"BreadcrumbList","@id":"https:\/\/pcmastersbogota.com.co\/producto\/antec-650w-80-plus-white\/#breadcrumb","itemListElement":[{"@type":"ListItem","position":1,"name":"Home","item":"https:\/\/pcmastersbogota.com.co\/"},{"@type":"ListItem","position":2,"name":"Tienda","item":"https:\/\/pcmastersbogota.com.co\/es_es\/tienda\/"},{"@type":"ListItem","position":3,"name":"ANTEC 650W 80 PLUS WHITE"}]},{"@type":"WebSite","@id":"https:\/\/pcmastersbogota.com.co\/es_es\/#website","url":"https:\/\/pcmastersbogota.com.co\/es_es\/","name":"PC MASTERS BOGOTA","description":"","potentialAction":[{"@type":"SearchAction","target":{"@type":"EntryPoint","urlTemplate":"https:\/\/pcmastersbogota.com.co\/es_es\/?s={search_term_string}"},"query-input":{"@type":"PropertyValueSpecification","valueRequired":true,"valueName":"search_term_string"}}],"inLanguage":"es"}]}},"brands":[{"id":352,"name":"ANTEC","slug":"antec"}],"_links":{"self":[{"href":"https:\/\/pcmastersbogota.com.co\/es_es\/wp-json\/wp\/v2\/product\/21382","targetHints":{"allow":["GET"]}}],"collection":[{"href":"https:\/\/pcmastersbogota.com.co\/es_es\/wp-json\/wp\/v2\/product"}],"about":[{"href":"https:\/\/pcmastersbogota.com.co\/es_es\/wp-json\/wp\/v2\/types\/product"}],"replies":[{"embeddable":true,"href":"https:\/\/pcmastersbogota.com.co\/es_es\/wp-json\/wp\/v2\/comments?post=21382"}],"version-history":[{"count":4,"href":"https:\/\/pcmastersbogota.com.co\/es_es\/wp-json\/wp\/v2\/product\/21382\/revisions"}],"predecessor-version":[{"id":21391,"href":"https:\/\/pcmastersbogota.com.co\/es_es\/wp-json\/wp\/v2\/product\/21382\/revisions\/21391"}],"wp:featuredmedia":[{"embeddable":true,"href":"https:\/\/pcmastersbogota.com.co\/es_es\/wp-json\/wp\/v2\/media\/21387"}],"wp:attachment":[{"href":"https:\/\/pcmastersbogota.com.co\/es_es\/wp-json\/wp\/v2\/media?parent=21382"}],"wp:term":[{"taxonomy":"pwb-brand","embeddable":true,"href":"https:\/\/pcmastersbogota.com.co\/es_es\/wp-json\/wp\/v2\/pwb-brand?post=21382"},{"taxonomy":"product_brand","embeddable":true,"href":"https:\/\/pcmastersbogota.com.co\/es_es\/wp-json\/wp\/v2\/product_brand?post=21382"},{"taxonomy":"product_cat","embeddable":true,"href":"https:\/\/pcmastersbogota.com.co\/es_es\/wp-json\/wp\/v2\/product_cat?post=21382"},{"taxonomy":"product_tag","embeddable":true,"href":"https:\/\/pcmastersbogota.com.co\/es_es\/wp-json\/wp\/v2\/product_tag?post=21382"}],"curies":[{"name":"wp","href":"https:\/\/api.w.org\/{rel}","templated":true}]}}