{"id":21812,"date":"2023-12-21T18:31:48","date_gmt":"2023-12-21T23:31:48","guid":{"rendered":"https:\/\/pcmastersbogota.com.co\/?post_type=product&#038;p=21812"},"modified":"2023-12-21T18:34:26","modified_gmt":"2023-12-21T23:34:26","slug":"riser-extensor-pcie-4-0-vetroo-black","status":"publish","type":"product","link":"https:\/\/pcmastersbogota.com.co\/es_es\/producto\/riser-extensor-pcie-4-0-vetroo-black\/","title":{"rendered":"Riser Extensor PCIe-4.0 Vetroo Black"},"content":{"rendered":"<p><a href=\"https:\/\/pcmastersbogota.com.co\/wp-content\/uploads\/2023\/12\/imagen_2023-12-21_182435879.translated.jpg\"><img fetchpriority=\"high\" decoding=\"async\" class=\"alignnone size-full wp-image-21814\" src=\"https:\/\/pcmastersbogota.com.co\/wp-content\/uploads\/2023\/12\/imagen_2023-12-21_182435879.translated.jpg\" alt=\"\" width=\"970\" height=\"300\" srcset=\"https:\/\/pcmastersbogota.com.co\/wp-content\/uploads\/2023\/12\/imagen_2023-12-21_182435879.translated.jpg 970w, https:\/\/pcmastersbogota.com.co\/wp-content\/uploads\/2023\/12\/imagen_2023-12-21_182435879.translated-300x93.jpg 300w, https:\/\/pcmastersbogota.com.co\/wp-content\/uploads\/2023\/12\/imagen_2023-12-21_182435879.translated-768x238.jpg 768w, https:\/\/pcmastersbogota.com.co\/wp-content\/uploads\/2023\/12\/imagen_2023-12-21_182435879.translated-18x6.jpg 18w, https:\/\/pcmastersbogota.com.co\/wp-content\/uploads\/2023\/12\/imagen_2023-12-21_182435879.translated-150x46.jpg 150w\" sizes=\"(max-width: 970px) 100vw, 970px\" \/><\/a><a href=\"https:\/\/pcmastersbogota.com.co\/wp-content\/uploads\/2023\/12\/imagen_2023-12-21_182515181.translated.jpg\"><img decoding=\"async\" class=\"alignnone size-full wp-image-21813\" src=\"https:\/\/pcmastersbogota.com.co\/wp-content\/uploads\/2023\/12\/imagen_2023-12-21_182515181.translated.jpg\" alt=\"\" width=\"970\" height=\"300\" srcset=\"https:\/\/pcmastersbogota.com.co\/wp-content\/uploads\/2023\/12\/imagen_2023-12-21_182515181.translated.jpg 970w, https:\/\/pcmastersbogota.com.co\/wp-content\/uploads\/2023\/12\/imagen_2023-12-21_182515181.translated-300x93.jpg 300w, https:\/\/pcmastersbogota.com.co\/wp-content\/uploads\/2023\/12\/imagen_2023-12-21_182515181.translated-768x238.jpg 768w, https:\/\/pcmastersbogota.com.co\/wp-content\/uploads\/2023\/12\/imagen_2023-12-21_182515181.translated-18x6.jpg 18w, https:\/\/pcmastersbogota.com.co\/wp-content\/uploads\/2023\/12\/imagen_2023-12-21_182515181.translated-150x46.jpg 150w\" sizes=\"(max-width: 970px) 100vw, 970px\" \/><\/a> <a href=\"https:\/\/pcmastersbogota.com.co\/wp-content\/uploads\/2023\/12\/imagen_2023-12-21_182653817.translated.jpg\"><img decoding=\"async\" class=\"alignnone size-full wp-image-21807\" src=\"https:\/\/pcmastersbogota.com.co\/wp-content\/uploads\/2023\/12\/imagen_2023-12-21_182653817.translated.jpg\" alt=\"\" width=\"970\" height=\"300\" srcset=\"https:\/\/pcmastersbogota.com.co\/wp-content\/uploads\/2023\/12\/imagen_2023-12-21_182653817.translated.jpg 970w, https:\/\/pcmastersbogota.com.co\/wp-content\/uploads\/2023\/12\/imagen_2023-12-21_182653817.translated-300x93.jpg 300w, https:\/\/pcmastersbogota.com.co\/wp-content\/uploads\/2023\/12\/imagen_2023-12-21_182653817.translated-768x238.jpg 768w, https:\/\/pcmastersbogota.com.co\/wp-content\/uploads\/2023\/12\/imagen_2023-12-21_182653817.translated-18x6.jpg 18w, https:\/\/pcmastersbogota.com.co\/wp-content\/uploads\/2023\/12\/imagen_2023-12-21_182653817.translated-150x46.jpg 150w\" sizes=\"(max-width: 970px) 100vw, 970px\" \/><\/a><a href=\"https:\/\/pcmastersbogota.com.co\/wp-content\/uploads\/2023\/12\/imagen_2023-12-21_182631464.translated.jpg\"><img loading=\"lazy\" decoding=\"async\" class=\"alignnone size-full wp-image-21808\" src=\"https:\/\/pcmastersbogota.com.co\/wp-content\/uploads\/2023\/12\/imagen_2023-12-21_182631464.translated.jpg\" alt=\"\" width=\"970\" height=\"300\" srcset=\"https:\/\/pcmastersbogota.com.co\/wp-content\/uploads\/2023\/12\/imagen_2023-12-21_182631464.translated.jpg 970w, https:\/\/pcmastersbogota.com.co\/wp-content\/uploads\/2023\/12\/imagen_2023-12-21_182631464.translated-300x93.jpg 300w, https:\/\/pcmastersbogota.com.co\/wp-content\/uploads\/2023\/12\/imagen_2023-12-21_182631464.translated-768x238.jpg 768w, https:\/\/pcmastersbogota.com.co\/wp-content\/uploads\/2023\/12\/imagen_2023-12-21_182631464.translated-18x6.jpg 18w, https:\/\/pcmastersbogota.com.co\/wp-content\/uploads\/2023\/12\/imagen_2023-12-21_182631464.translated-150x46.jpg 150w\" sizes=\"(max-width: 970px) 100vw, 970px\" \/><\/a> <a href=\"https:\/\/pcmastersbogota.com.co\/wp-content\/uploads\/2023\/12\/imagen_2023-12-21_182617809.translated.jpg\"><img loading=\"lazy\" decoding=\"async\" class=\"alignnone size-full wp-image-21809\" src=\"https:\/\/pcmastersbogota.com.co\/wp-content\/uploads\/2023\/12\/imagen_2023-12-21_182617809.translated.jpg\" alt=\"\" width=\"970\" height=\"300\" srcset=\"https:\/\/pcmastersbogota.com.co\/wp-content\/uploads\/2023\/12\/imagen_2023-12-21_182617809.translated.jpg 970w, https:\/\/pcmastersbogota.com.co\/wp-content\/uploads\/2023\/12\/imagen_2023-12-21_182617809.translated-300x93.jpg 300w, https:\/\/pcmastersbogota.com.co\/wp-content\/uploads\/2023\/12\/imagen_2023-12-21_182617809.translated-768x238.jpg 768w, https:\/\/pcmastersbogota.com.co\/wp-content\/uploads\/2023\/12\/imagen_2023-12-21_182617809.translated-18x6.jpg 18w, https:\/\/pcmastersbogota.com.co\/wp-content\/uploads\/2023\/12\/imagen_2023-12-21_182617809.translated-150x46.jpg 150w\" sizes=\"(max-width: 970px) 100vw, 970px\" \/><\/a><a href=\"https:\/\/pcmastersbogota.com.co\/wp-content\/uploads\/2023\/12\/imagen_2023-12-21_182528800.translated.jpg\"><img loading=\"lazy\" decoding=\"async\" class=\"alignnone size-full wp-image-21810\" src=\"https:\/\/pcmastersbogota.com.co\/wp-content\/uploads\/2023\/12\/imagen_2023-12-21_182528800.translated.jpg\" alt=\"\" width=\"970\" height=\"300\" srcset=\"https:\/\/pcmastersbogota.com.co\/wp-content\/uploads\/2023\/12\/imagen_2023-12-21_182528800.translated.jpg 970w, https:\/\/pcmastersbogota.com.co\/wp-content\/uploads\/2023\/12\/imagen_2023-12-21_182528800.translated-300x93.jpg 300w, https:\/\/pcmastersbogota.com.co\/wp-content\/uploads\/2023\/12\/imagen_2023-12-21_182528800.translated-768x238.jpg 768w, https:\/\/pcmastersbogota.com.co\/wp-content\/uploads\/2023\/12\/imagen_2023-12-21_182528800.translated-18x6.jpg 18w, https:\/\/pcmastersbogota.com.co\/wp-content\/uploads\/2023\/12\/imagen_2023-12-21_182528800.translated-150x46.jpg 150w\" sizes=\"(max-width: 970px) 100vw, 970px\" \/><\/a><\/p>\n","protected":false},"excerpt":{"rendered":"<ul class=\"a-unordered-list a-vertical a-spacing-mini\">\n<li class=\"a-spacing-mini\"><span class=\"a-list-item\">Chapado en oro premium: los pines chapados en oro garantizan una calidad de se\u00f1al m\u00e1xima y resistente a la corrosi\u00f3n entre la GPU y la placa base.<\/span><\/li>\n<li class=\"a-spacing-mini\"><span class=\"a-list-item\">M\u00e1xima velocidad: el extensor es capaz de ampliar el ancho de banda hasta 16Gbps y m\u00e1s, con una transmisi\u00f3n de datos gr\u00e1fica extremadamente r\u00e1pida.<\/span><\/li>\n<li class=\"a-spacing-mini\"><span class=\"a-list-item\">Blindaje EMI con pol\u00edmero conductor: El extensor utiliza los \u00faltimos materiales para el blindaje EMI que bloquea completamente la interferencia y la degradaci\u00f3n del rendimiento.<\/span><\/li>\n<li class=\"a-spacing-mini\"><span class=\"a-list-item\">Conector con mecanismo de bloqueo: El conector con mecanismo de bloqueo proporciona una retenci\u00f3n PCIE m\u00e1s fuerte y una mayor resistencia al corte, es f\u00e1cil de instalar.<\/span><\/li>\n<\/ul>\n","protected":false},"featured_media":21815,"comment_status":"closed","ping_status":"closed","template":"","meta":[],"pwb-brand":[463],"product_brand":[],"product_cat":[75],"product_tag":[358,377,362,464,376,444,405],"class_list":{"0":"post-21812","1":"product","2":"type-product","3":"status-publish","4":"has-post-thumbnail","6":"pwb-brand-vetroo","7":"product_cat-accesorios","8":"product_tag-amd","9":"product_tag-grafica","10":"product_tag-nvidia","11":"product_tag-pcie-4-0","12":"product_tag-radeon","13":"product_tag-rx","14":"product_tag-tarjeta-grafica","16":"first","17":"instock","18":"taxable","19":"shipping-taxable","20":"purchasable","21":"product-type-simple"},"yoast_head":"<!-- This site is optimized with the Yoast SEO plugin v26.7 - https:\/\/yoast.com\/wordpress\/plugins\/seo\/ -->\n<title>Riser Extensor PCIe-4.0 Vetroo Black - PC MASTERS BOGOTA<\/title>\n<meta name=\"robots\" content=\"index, follow, max-snippet:-1, max-image-preview:large, max-video-preview:-1\" \/>\n<link rel=\"canonical\" href=\"https:\/\/pcmastersbogota.com.co\/es_es\/producto\/riser-extensor-pcie-4-0-vetroo-black\/\" \/>\n<meta property=\"og:locale\" content=\"es_ES\" \/>\n<meta property=\"og:type\" content=\"article\" \/>\n<meta property=\"og:title\" content=\"Riser Extensor PCIe-4.0 Vetroo Black - PC MASTERS BOGOTA\" \/>\n<meta property=\"og:description\" content=\"Chapado en oro premium: los pines chapados en oro garantizan una calidad de se\u00f1al m\u00e1xima y resistente a la corrosi\u00f3n entre la GPU y la placa base.  M\u00e1xima velocidad: el extensor es capaz de ampliar el ancho de banda hasta 16Gbps y m\u00e1s, con una transmisi\u00f3n de datos gr\u00e1fica extremadamente r\u00e1pida.  Blindaje EMI con pol\u00edmero conductor: El extensor utiliza los \u00faltimos materiales para el blindaje EMI que bloquea completamente la interferencia y la degradaci\u00f3n del rendimiento.  Conector con mecanismo de bloqueo: El conector con mecanismo de bloqueo proporciona una retenci\u00f3n PCIE m\u00e1s fuerte y una mayor resistencia al corte, es f\u00e1cil de instalar.\" \/>\n<meta property=\"og:url\" content=\"https:\/\/pcmastersbogota.com.co\/es_es\/producto\/riser-extensor-pcie-4-0-vetroo-black\/\" \/>\n<meta property=\"og:site_name\" content=\"PC MASTERS BOGOTA\" \/>\n<meta property=\"article:modified_time\" content=\"2023-12-21T23:34:26+00:00\" \/>\n<meta property=\"og:image\" content=\"https:\/\/pcmastersbogota.com.co\/wp-content\/uploads\/2023\/12\/61AO0i2qecL._SL1500_.jpg\" \/>\n\t<meta property=\"og:image:width\" content=\"1500\" \/>\n\t<meta property=\"og:image:height\" content=\"1500\" \/>\n\t<meta property=\"og:image:type\" content=\"image\/jpeg\" \/>\n<meta name=\"twitter:card\" content=\"summary_large_image\" \/>\n<script type=\"application\/ld+json\" class=\"yoast-schema-graph\">{\"@context\":\"https:\/\/schema.org\",\"@graph\":[{\"@type\":\"WebPage\",\"@id\":\"https:\/\/pcmastersbogota.com.co\/producto\/riser-extensor-pcie-4-0-vetroo-black\/\",\"url\":\"https:\/\/pcmastersbogota.com.co\/producto\/riser-extensor-pcie-4-0-vetroo-black\/\",\"name\":\"Riser Extensor PCIe-4.0 Vetroo Black - PC MASTERS BOGOTA\",\"isPartOf\":{\"@id\":\"https:\/\/pcmastersbogota.com.co\/es_es\/#website\"},\"primaryImageOfPage\":{\"@id\":\"https:\/\/pcmastersbogota.com.co\/producto\/riser-extensor-pcie-4-0-vetroo-black\/#primaryimage\"},\"image\":{\"@id\":\"https:\/\/pcmastersbogota.com.co\/producto\/riser-extensor-pcie-4-0-vetroo-black\/#primaryimage\"},\"thumbnailUrl\":\"https:\/\/pcmastersbogota.com.co\/wp-content\/uploads\/2023\/12\/61AO0i2qecL._SL1500_.jpg\",\"datePublished\":\"2023-12-21T23:31:48+00:00\",\"dateModified\":\"2023-12-21T23:34:26+00:00\",\"breadcrumb\":{\"@id\":\"https:\/\/pcmastersbogota.com.co\/producto\/riser-extensor-pcie-4-0-vetroo-black\/#breadcrumb\"},\"inLanguage\":\"es\",\"potentialAction\":[{\"@type\":\"ReadAction\",\"target\":[\"https:\/\/pcmastersbogota.com.co\/producto\/riser-extensor-pcie-4-0-vetroo-black\/\"]}]},{\"@type\":\"ImageObject\",\"inLanguage\":\"es\",\"@id\":\"https:\/\/pcmastersbogota.com.co\/producto\/riser-extensor-pcie-4-0-vetroo-black\/#primaryimage\",\"url\":\"https:\/\/pcmastersbogota.com.co\/wp-content\/uploads\/2023\/12\/61AO0i2qecL._SL1500_.jpg\",\"contentUrl\":\"https:\/\/pcmastersbogota.com.co\/wp-content\/uploads\/2023\/12\/61AO0i2qecL._SL1500_.jpg\",\"width\":1500,\"height\":1500},{\"@type\":\"BreadcrumbList\",\"@id\":\"https:\/\/pcmastersbogota.com.co\/producto\/riser-extensor-pcie-4-0-vetroo-black\/#breadcrumb\",\"itemListElement\":[{\"@type\":\"ListItem\",\"position\":1,\"name\":\"Home\",\"item\":\"https:\/\/pcmastersbogota.com.co\/\"},{\"@type\":\"ListItem\",\"position\":2,\"name\":\"Tienda\",\"item\":\"https:\/\/pcmastersbogota.com.co\/es_es\/tienda\/\"},{\"@type\":\"ListItem\",\"position\":3,\"name\":\"Riser Extensor PCIe-4.0 Vetroo Black\"}]},{\"@type\":\"WebSite\",\"@id\":\"https:\/\/pcmastersbogota.com.co\/es_es\/#website\",\"url\":\"https:\/\/pcmastersbogota.com.co\/es_es\/\",\"name\":\"PC MASTERS BOGOTA\",\"description\":\"\",\"potentialAction\":[{\"@type\":\"SearchAction\",\"target\":{\"@type\":\"EntryPoint\",\"urlTemplate\":\"https:\/\/pcmastersbogota.com.co\/es_es\/?s={search_term_string}\"},\"query-input\":{\"@type\":\"PropertyValueSpecification\",\"valueRequired\":true,\"valueName\":\"search_term_string\"}}],\"inLanguage\":\"es\"}]}<\/script>\n<!-- \/ Yoast SEO plugin. -->","yoast_head_json":{"title":"Riser Extensor PCIe-4.0 Vetroo Black - PC MASTERS BOGOTA","robots":{"index":"index","follow":"follow","max-snippet":"max-snippet:-1","max-image-preview":"max-image-preview:large","max-video-preview":"max-video-preview:-1"},"canonical":"https:\/\/pcmastersbogota.com.co\/es_es\/producto\/riser-extensor-pcie-4-0-vetroo-black\/","og_locale":"es_ES","og_type":"article","og_title":"Riser Extensor PCIe-4.0 Vetroo Black - PC MASTERS BOGOTA","og_description":"Chapado en oro premium: los pines chapados en oro garantizan una calidad de se\u00f1al m\u00e1xima y resistente a la corrosi\u00f3n entre la GPU y la placa base.  M\u00e1xima velocidad: el extensor es capaz de ampliar el ancho de banda hasta 16Gbps y m\u00e1s, con una transmisi\u00f3n de datos gr\u00e1fica extremadamente r\u00e1pida.  Blindaje EMI con pol\u00edmero conductor: El extensor utiliza los \u00faltimos materiales para el blindaje EMI que bloquea completamente la interferencia y la degradaci\u00f3n del rendimiento.  Conector con mecanismo de bloqueo: El conector con mecanismo de bloqueo proporciona una retenci\u00f3n PCIE m\u00e1s fuerte y una mayor resistencia al corte, es f\u00e1cil de instalar.","og_url":"https:\/\/pcmastersbogota.com.co\/es_es\/producto\/riser-extensor-pcie-4-0-vetroo-black\/","og_site_name":"PC MASTERS BOGOTA","article_modified_time":"2023-12-21T23:34:26+00:00","og_image":[{"width":1500,"height":1500,"url":"https:\/\/pcmastersbogota.com.co\/wp-content\/uploads\/2023\/12\/61AO0i2qecL._SL1500_.jpg","type":"image\/jpeg"}],"twitter_card":"summary_large_image","schema":{"@context":"https:\/\/schema.org","@graph":[{"@type":"WebPage","@id":"https:\/\/pcmastersbogota.com.co\/producto\/riser-extensor-pcie-4-0-vetroo-black\/","url":"https:\/\/pcmastersbogota.com.co\/producto\/riser-extensor-pcie-4-0-vetroo-black\/","name":"Riser Extensor PCIe-4.0 Vetroo Black - PC MASTERS BOGOTA","isPartOf":{"@id":"https:\/\/pcmastersbogota.com.co\/es_es\/#website"},"primaryImageOfPage":{"@id":"https:\/\/pcmastersbogota.com.co\/producto\/riser-extensor-pcie-4-0-vetroo-black\/#primaryimage"},"image":{"@id":"https:\/\/pcmastersbogota.com.co\/producto\/riser-extensor-pcie-4-0-vetroo-black\/#primaryimage"},"thumbnailUrl":"https:\/\/pcmastersbogota.com.co\/wp-content\/uploads\/2023\/12\/61AO0i2qecL._SL1500_.jpg","datePublished":"2023-12-21T23:31:48+00:00","dateModified":"2023-12-21T23:34:26+00:00","breadcrumb":{"@id":"https:\/\/pcmastersbogota.com.co\/producto\/riser-extensor-pcie-4-0-vetroo-black\/#breadcrumb"},"inLanguage":"es","potentialAction":[{"@type":"ReadAction","target":["https:\/\/pcmastersbogota.com.co\/producto\/riser-extensor-pcie-4-0-vetroo-black\/"]}]},{"@type":"ImageObject","inLanguage":"es","@id":"https:\/\/pcmastersbogota.com.co\/producto\/riser-extensor-pcie-4-0-vetroo-black\/#primaryimage","url":"https:\/\/pcmastersbogota.com.co\/wp-content\/uploads\/2023\/12\/61AO0i2qecL._SL1500_.jpg","contentUrl":"https:\/\/pcmastersbogota.com.co\/wp-content\/uploads\/2023\/12\/61AO0i2qecL._SL1500_.jpg","width":1500,"height":1500},{"@type":"BreadcrumbList","@id":"https:\/\/pcmastersbogota.com.co\/producto\/riser-extensor-pcie-4-0-vetroo-black\/#breadcrumb","itemListElement":[{"@type":"ListItem","position":1,"name":"Home","item":"https:\/\/pcmastersbogota.com.co\/"},{"@type":"ListItem","position":2,"name":"Tienda","item":"https:\/\/pcmastersbogota.com.co\/es_es\/tienda\/"},{"@type":"ListItem","position":3,"name":"Riser Extensor PCIe-4.0 Vetroo Black"}]},{"@type":"WebSite","@id":"https:\/\/pcmastersbogota.com.co\/es_es\/#website","url":"https:\/\/pcmastersbogota.com.co\/es_es\/","name":"PC MASTERS BOGOTA","description":"","potentialAction":[{"@type":"SearchAction","target":{"@type":"EntryPoint","urlTemplate":"https:\/\/pcmastersbogota.com.co\/es_es\/?s={search_term_string}"},"query-input":{"@type":"PropertyValueSpecification","valueRequired":true,"valueName":"search_term_string"}}],"inLanguage":"es"}]}},"brands":[{"id":463,"name":"VETROO","slug":"vetroo"}],"_links":{"self":[{"href":"https:\/\/pcmastersbogota.com.co\/es_es\/wp-json\/wp\/v2\/product\/21812","targetHints":{"allow":["GET"]}}],"collection":[{"href":"https:\/\/pcmastersbogota.com.co\/es_es\/wp-json\/wp\/v2\/product"}],"about":[{"href":"https:\/\/pcmastersbogota.com.co\/es_es\/wp-json\/wp\/v2\/types\/product"}],"replies":[{"embeddable":true,"href":"https:\/\/pcmastersbogota.com.co\/es_es\/wp-json\/wp\/v2\/comments?post=21812"}],"version-history":[{"count":1,"href":"https:\/\/pcmastersbogota.com.co\/es_es\/wp-json\/wp\/v2\/product\/21812\/revisions"}],"predecessor-version":[{"id":21816,"href":"https:\/\/pcmastersbogota.com.co\/es_es\/wp-json\/wp\/v2\/product\/21812\/revisions\/21816"}],"wp:featuredmedia":[{"embeddable":true,"href":"https:\/\/pcmastersbogota.com.co\/es_es\/wp-json\/wp\/v2\/media\/21815"}],"wp:attachment":[{"href":"https:\/\/pcmastersbogota.com.co\/es_es\/wp-json\/wp\/v2\/media?parent=21812"}],"wp:term":[{"taxonomy":"pwb-brand","embeddable":true,"href":"https:\/\/pcmastersbogota.com.co\/es_es\/wp-json\/wp\/v2\/pwb-brand?post=21812"},{"taxonomy":"product_brand","embeddable":true,"href":"https:\/\/pcmastersbogota.com.co\/es_es\/wp-json\/wp\/v2\/product_brand?post=21812"},{"taxonomy":"product_cat","embeddable":true,"href":"https:\/\/pcmastersbogota.com.co\/es_es\/wp-json\/wp\/v2\/product_cat?post=21812"},{"taxonomy":"product_tag","embeddable":true,"href":"https:\/\/pcmastersbogota.com.co\/es_es\/wp-json\/wp\/v2\/product_tag?post=21812"}],"curies":[{"name":"wp","href":"https:\/\/api.w.org\/{rel}","templated":true}]}}