{"id":21921,"date":"2023-12-27T18:42:25","date_gmt":"2023-12-27T23:42:25","guid":{"rendered":"https:\/\/pcmastersbogota.com.co\/?post_type=product&#038;p=21921"},"modified":"2023-12-27T18:48:44","modified_gmt":"2023-12-27T23:48:44","slug":"kingpin-cooling-kpx-10g","status":"publish","type":"product","link":"https:\/\/pcmastersbogota.com.co\/es_es\/producto\/kingpin-cooling-kpx-10g\/","title":{"rendered":"Kingpin Cooling KPx  10g"},"content":{"rendered":"<p>Compuesto t\u00e9rmico de alto rendimiento KPx 10 gramos. Esta grasa t\u00e9rmica no conductora y de baja resistencia est\u00e1 dise\u00f1ada y validada para una amplia gama de overclocking de CPU y GPU, desde refrigeraci\u00f3n por aire, agua, hielo seco o hasta temperaturas de nitr\u00f3geno l\u00edquido. Esta versi\u00f3n tiene un tama\u00f1o de 10 g y viene empaquetada en una jeringa de 10 g con una cuchara para untar incluida.<\/p>\n","protected":false},"excerpt":{"rendered":"<p><span class=\"a-list-item\">Pasta T\u00e9rmica para entusiastas, rendimiento extremo para overcloking extremo.<\/span><\/p>\n<ul class=\"a-unordered-list a-vertical a-spacing-mini\">\n<li class=\"a-spacing-mini\"><span class=\"a-list-item\">Grasa t\u00e9rmica no conductora, de baja resistencia<\/span><\/li>\n<li class=\"a-spacing-mini\"><span class=\"a-list-item\">Dise\u00f1ado y validado para una amplia gama de overclocking de CPU y gpu<\/span><\/li>\n<li class=\"a-spacing-mini\"><span class=\"a-list-item\">Pr\u00e1ctica jeringa 10G<\/span><\/li>\n<li class=\"a-spacing-mini\"><span class=\"a-list-item\">Incluye cuchara esparcidora<br \/>\n<\/span><\/li>\n<\/ul>\n<p><span class=\"a-list-item\">\u00a0<\/span><\/p>\n","protected":false},"featured_media":21925,"comment_status":"closed","ping_status":"closed","template":"","meta":[],"pwb-brand":[470],"product_brand":[],"product_cat":[72],"product_tag":[471,403],"class_list":{"0":"post-21921","1":"product","2":"type-product","3":"status-publish","4":"has-post-thumbnail","6":"pwb-brand-kingpin","7":"product_cat-pasta-termica","8":"product_tag-kingpin","9":"product_tag-pasta-termica","11":"first","12":"instock","13":"taxable","14":"shipping-taxable","15":"purchasable","16":"product-type-simple"},"yoast_head":"<!-- This site is optimized with the Yoast SEO plugin v26.7 - https:\/\/yoast.com\/wordpress\/plugins\/seo\/ -->\n<title>Kingpin Cooling KPx 10g - PC MASTERS BOGOTA<\/title>\n<meta name=\"robots\" content=\"index, follow, max-snippet:-1, max-image-preview:large, max-video-preview:-1\" \/>\n<link rel=\"canonical\" href=\"https:\/\/pcmastersbogota.com.co\/es_es\/producto\/kingpin-cooling-kpx-10g\/\" \/>\n<meta property=\"og:locale\" content=\"es_ES\" \/>\n<meta property=\"og:type\" content=\"article\" \/>\n<meta property=\"og:title\" content=\"Kingpin Cooling KPx 10g - PC MASTERS BOGOTA\" \/>\n<meta property=\"og:description\" content=\"Pasta T\u00e9rmica para entusiastas, rendimiento extremo para overcloking extremo.   Grasa t\u00e9rmica no conductora, de baja resistencia  Dise\u00f1ado y validado para una amplia gama de overclocking de CPU y gpu  Pr\u00e1ctica jeringa 10G  Incluye cuchara esparcidora   \u00a0\" \/>\n<meta property=\"og:url\" content=\"https:\/\/pcmastersbogota.com.co\/es_es\/producto\/kingpin-cooling-kpx-10g\/\" \/>\n<meta property=\"og:site_name\" content=\"PC MASTERS BOGOTA\" \/>\n<meta property=\"article:modified_time\" content=\"2023-12-27T23:48:44+00:00\" \/>\n<meta property=\"og:image\" content=\"https:\/\/pcmastersbogota.com.co\/wp-content\/uploads\/2023\/12\/imagen_2023-12-27_184410948.png\" \/>\n\t<meta property=\"og:image:width\" content=\"1080\" \/>\n\t<meta property=\"og:image:height\" content=\"741\" \/>\n\t<meta property=\"og:image:type\" content=\"image\/png\" \/>\n<meta name=\"twitter:card\" content=\"summary_large_image\" \/>\n<script type=\"application\/ld+json\" class=\"yoast-schema-graph\">{\"@context\":\"https:\/\/schema.org\",\"@graph\":[{\"@type\":\"WebPage\",\"@id\":\"https:\/\/pcmastersbogota.com.co\/producto\/kingpin-cooling-kpx-10g\/\",\"url\":\"https:\/\/pcmastersbogota.com.co\/producto\/kingpin-cooling-kpx-10g\/\",\"name\":\"Kingpin Cooling KPx 10g - PC MASTERS BOGOTA\",\"isPartOf\":{\"@id\":\"https:\/\/pcmastersbogota.com.co\/es_es\/#website\"},\"primaryImageOfPage\":{\"@id\":\"https:\/\/pcmastersbogota.com.co\/producto\/kingpin-cooling-kpx-10g\/#primaryimage\"},\"image\":{\"@id\":\"https:\/\/pcmastersbogota.com.co\/producto\/kingpin-cooling-kpx-10g\/#primaryimage\"},\"thumbnailUrl\":\"https:\/\/pcmastersbogota.com.co\/wp-content\/uploads\/2023\/12\/imagen_2023-12-27_184410948.png\",\"datePublished\":\"2023-12-27T23:42:25+00:00\",\"dateModified\":\"2023-12-27T23:48:44+00:00\",\"breadcrumb\":{\"@id\":\"https:\/\/pcmastersbogota.com.co\/producto\/kingpin-cooling-kpx-10g\/#breadcrumb\"},\"inLanguage\":\"es\",\"potentialAction\":[{\"@type\":\"ReadAction\",\"target\":[\"https:\/\/pcmastersbogota.com.co\/producto\/kingpin-cooling-kpx-10g\/\"]}]},{\"@type\":\"ImageObject\",\"inLanguage\":\"es\",\"@id\":\"https:\/\/pcmastersbogota.com.co\/producto\/kingpin-cooling-kpx-10g\/#primaryimage\",\"url\":\"https:\/\/pcmastersbogota.com.co\/wp-content\/uploads\/2023\/12\/imagen_2023-12-27_184410948.png\",\"contentUrl\":\"https:\/\/pcmastersbogota.com.co\/wp-content\/uploads\/2023\/12\/imagen_2023-12-27_184410948.png\",\"width\":1080,\"height\":741},{\"@type\":\"BreadcrumbList\",\"@id\":\"https:\/\/pcmastersbogota.com.co\/producto\/kingpin-cooling-kpx-10g\/#breadcrumb\",\"itemListElement\":[{\"@type\":\"ListItem\",\"position\":1,\"name\":\"Home\",\"item\":\"https:\/\/pcmastersbogota.com.co\/\"},{\"@type\":\"ListItem\",\"position\":2,\"name\":\"Tienda\",\"item\":\"https:\/\/pcmastersbogota.com.co\/es_es\/tienda\/\"},{\"@type\":\"ListItem\",\"position\":3,\"name\":\"Kingpin Cooling KPx 10g\"}]},{\"@type\":\"WebSite\",\"@id\":\"https:\/\/pcmastersbogota.com.co\/es_es\/#website\",\"url\":\"https:\/\/pcmastersbogota.com.co\/es_es\/\",\"name\":\"PC MASTERS BOGOTA\",\"description\":\"\",\"potentialAction\":[{\"@type\":\"SearchAction\",\"target\":{\"@type\":\"EntryPoint\",\"urlTemplate\":\"https:\/\/pcmastersbogota.com.co\/es_es\/?s={search_term_string}\"},\"query-input\":{\"@type\":\"PropertyValueSpecification\",\"valueRequired\":true,\"valueName\":\"search_term_string\"}}],\"inLanguage\":\"es\"}]}<\/script>\n<!-- \/ Yoast SEO plugin. -->","yoast_head_json":{"title":"Kingpin Cooling KPx 10g - PC MASTERS BOGOTA","robots":{"index":"index","follow":"follow","max-snippet":"max-snippet:-1","max-image-preview":"max-image-preview:large","max-video-preview":"max-video-preview:-1"},"canonical":"https:\/\/pcmastersbogota.com.co\/es_es\/producto\/kingpin-cooling-kpx-10g\/","og_locale":"es_ES","og_type":"article","og_title":"Kingpin Cooling KPx 10g - PC MASTERS BOGOTA","og_description":"Pasta T\u00e9rmica para entusiastas, rendimiento extremo para overcloking extremo.   Grasa t\u00e9rmica no conductora, de baja resistencia  Dise\u00f1ado y validado para una amplia gama de overclocking de CPU y gpu  Pr\u00e1ctica jeringa 10G  Incluye cuchara esparcidora   \u00a0","og_url":"https:\/\/pcmastersbogota.com.co\/es_es\/producto\/kingpin-cooling-kpx-10g\/","og_site_name":"PC MASTERS BOGOTA","article_modified_time":"2023-12-27T23:48:44+00:00","og_image":[{"width":1080,"height":741,"url":"https:\/\/pcmastersbogota.com.co\/wp-content\/uploads\/2023\/12\/imagen_2023-12-27_184410948.png","type":"image\/png"}],"twitter_card":"summary_large_image","schema":{"@context":"https:\/\/schema.org","@graph":[{"@type":"WebPage","@id":"https:\/\/pcmastersbogota.com.co\/producto\/kingpin-cooling-kpx-10g\/","url":"https:\/\/pcmastersbogota.com.co\/producto\/kingpin-cooling-kpx-10g\/","name":"Kingpin Cooling KPx 10g - PC MASTERS BOGOTA","isPartOf":{"@id":"https:\/\/pcmastersbogota.com.co\/es_es\/#website"},"primaryImageOfPage":{"@id":"https:\/\/pcmastersbogota.com.co\/producto\/kingpin-cooling-kpx-10g\/#primaryimage"},"image":{"@id":"https:\/\/pcmastersbogota.com.co\/producto\/kingpin-cooling-kpx-10g\/#primaryimage"},"thumbnailUrl":"https:\/\/pcmastersbogota.com.co\/wp-content\/uploads\/2023\/12\/imagen_2023-12-27_184410948.png","datePublished":"2023-12-27T23:42:25+00:00","dateModified":"2023-12-27T23:48:44+00:00","breadcrumb":{"@id":"https:\/\/pcmastersbogota.com.co\/producto\/kingpin-cooling-kpx-10g\/#breadcrumb"},"inLanguage":"es","potentialAction":[{"@type":"ReadAction","target":["https:\/\/pcmastersbogota.com.co\/producto\/kingpin-cooling-kpx-10g\/"]}]},{"@type":"ImageObject","inLanguage":"es","@id":"https:\/\/pcmastersbogota.com.co\/producto\/kingpin-cooling-kpx-10g\/#primaryimage","url":"https:\/\/pcmastersbogota.com.co\/wp-content\/uploads\/2023\/12\/imagen_2023-12-27_184410948.png","contentUrl":"https:\/\/pcmastersbogota.com.co\/wp-content\/uploads\/2023\/12\/imagen_2023-12-27_184410948.png","width":1080,"height":741},{"@type":"BreadcrumbList","@id":"https:\/\/pcmastersbogota.com.co\/producto\/kingpin-cooling-kpx-10g\/#breadcrumb","itemListElement":[{"@type":"ListItem","position":1,"name":"Home","item":"https:\/\/pcmastersbogota.com.co\/"},{"@type":"ListItem","position":2,"name":"Tienda","item":"https:\/\/pcmastersbogota.com.co\/es_es\/tienda\/"},{"@type":"ListItem","position":3,"name":"Kingpin Cooling KPx 10g"}]},{"@type":"WebSite","@id":"https:\/\/pcmastersbogota.com.co\/es_es\/#website","url":"https:\/\/pcmastersbogota.com.co\/es_es\/","name":"PC MASTERS BOGOTA","description":"","potentialAction":[{"@type":"SearchAction","target":{"@type":"EntryPoint","urlTemplate":"https:\/\/pcmastersbogota.com.co\/es_es\/?s={search_term_string}"},"query-input":{"@type":"PropertyValueSpecification","valueRequired":true,"valueName":"search_term_string"}}],"inLanguage":"es"}]}},"brands":[{"id":470,"name":"KINGPIN","slug":"kingpin"}],"_links":{"self":[{"href":"https:\/\/pcmastersbogota.com.co\/es_es\/wp-json\/wp\/v2\/product\/21921","targetHints":{"allow":["GET"]}}],"collection":[{"href":"https:\/\/pcmastersbogota.com.co\/es_es\/wp-json\/wp\/v2\/product"}],"about":[{"href":"https:\/\/pcmastersbogota.com.co\/es_es\/wp-json\/wp\/v2\/types\/product"}],"replies":[{"embeddable":true,"href":"https:\/\/pcmastersbogota.com.co\/es_es\/wp-json\/wp\/v2\/comments?post=21921"}],"version-history":[{"count":1,"href":"https:\/\/pcmastersbogota.com.co\/es_es\/wp-json\/wp\/v2\/product\/21921\/revisions"}],"predecessor-version":[{"id":21926,"href":"https:\/\/pcmastersbogota.com.co\/es_es\/wp-json\/wp\/v2\/product\/21921\/revisions\/21926"}],"wp:featuredmedia":[{"embeddable":true,"href":"https:\/\/pcmastersbogota.com.co\/es_es\/wp-json\/wp\/v2\/media\/21925"}],"wp:attachment":[{"href":"https:\/\/pcmastersbogota.com.co\/es_es\/wp-json\/wp\/v2\/media?parent=21921"}],"wp:term":[{"taxonomy":"pwb-brand","embeddable":true,"href":"https:\/\/pcmastersbogota.com.co\/es_es\/wp-json\/wp\/v2\/pwb-brand?post=21921"},{"taxonomy":"product_brand","embeddable":true,"href":"https:\/\/pcmastersbogota.com.co\/es_es\/wp-json\/wp\/v2\/product_brand?post=21921"},{"taxonomy":"product_cat","embeddable":true,"href":"https:\/\/pcmastersbogota.com.co\/es_es\/wp-json\/wp\/v2\/product_cat?post=21921"},{"taxonomy":"product_tag","embeddable":true,"href":"https:\/\/pcmastersbogota.com.co\/es_es\/wp-json\/wp\/v2\/product_tag?post=21921"}],"curies":[{"name":"wp","href":"https:\/\/api.w.org\/{rel}","templated":true}]}}