{"id":22784,"date":"2024-05-16T13:58:23","date_gmt":"2024-05-16T18:58:23","guid":{"rendered":"https:\/\/pcmastersbogota.com.co\/?post_type=product&#038;p=22784"},"modified":"2024-05-16T13:58:24","modified_gmt":"2024-05-16T18:58:24","slug":"teclado-mecanico-viper-v765-rgb","status":"publish","type":"product","link":"https:\/\/pcmastersbogota.com.co\/es_es\/producto\/teclado-mecanico-viper-v765-rgb\/","title":{"rendered":"TECLADO MEC\u00c1NICO Viper V765 RGB"},"content":{"rendered":"<p style=\"text-align: center;\">El teclado mec\u00e1nico RGB Viper V765 viene con un conjunto completo de caracter\u00edsticas que incluyen el primer interruptor de caja LED DIP para lograr m\u00e1ximos efectos de iluminaci\u00f3n. Los Kailh Box Switches son resistentes al agua y al polvo (IP56) para que su teclado dure m\u00e1s y se mantenga limpio. \u00a1El dise\u00f1o de tama\u00f1o completo con dise\u00f1o compacto hace que el Viper V765 sea la opci\u00f3n perfecta para llevarlo consigo cuando lo necesite! Con una distancia de recorrido de 3,6 mm, el V765 te brinda un tiempo de respuesta m\u00e1s r\u00e1pido sin sacrificar la sensaci\u00f3n mec\u00e1nica que los jugadores necesitan. No solo actualices tu configuraci\u00f3n, dale vida y sum\u00e9rgete en el juego. El V765 est\u00e1 construido con un chasis de aluminio duradero y un reposamanos magn\u00e9tico desmontable para brindar comodidad y soporte durante esas largas noches de juego. Respaldado por una garant\u00eda de dos a\u00f1os, el V765 es compatible con todas las plataformas actualizadas.<\/p>\n<p>RESISTENTE AL POLVO Y AL AGUA (IP56) \/ ESPECTRO COMPLETO<br \/>\nRGB\/ REPOSAMANOS MAGNETICO EXTRAIBLE \/ CHASIS DE ALUMINIO DE GRADO AERONAUTICO\/USB<\/p>\n<div class=\"feature-content right\">\n<div class=\"richt-content w-richtext\">\n<h1 style=\"text-align: center;\"><span>Descargue el software Viper V765<\/span><\/h1>\n<p style=\"text-align: center;\"><span>\u00a1EDITA, DISE\u00d1A Y PERSONALIZA COMPLETAMENTE TU TECLADO!<\/span><\/p>\n<p style=\"text-align: center;\"><span>\u200d<\/span><\/p>\n<p style=\"text-align: center;\"><span>*Solo compatible con el sistema operativo Windows*<\/span><\/p>\n<\/div>\n<\/div>\n<div class=\"feature-image left\" style=\"text-align: center;\"><img decoding=\"async\" class=\"images aligncenter\" src=\"https:\/\/assets-global.website-files.com\/63b6412d4ef17b35c8b5f9d5\/6437dda3f2f4a83a0b1c2178_features_V765_03.png\" sizes=\"100vw\" srcset=\"https:\/\/translate.google.com\/website?sl=auto&amp;tl=en&amp;hl=es-419&amp;u=https:\/\/assets-global.website-files.com\/63b6412d4ef17b35c8b5f9d5\/6437dda3f2f4a83a0b1c2178_features_V765_03-p-500.png 500w,https:\/\/translate.google.com\/website?sl=auto&amp;tl=en&amp;hl=es-419&amp;u=https:\/\/assets-global.website-files.com\/63b6412d4ef17b35c8b5f9d5\/6437dda3f2f4a83a0b1c2178_features_V765_03.png 800w\" alt=\"TECLADO MEC\u00c1NICO PARA JUEGOS Viper V765 RGB\" \/><\/p>\n<p>Software<\/p>\n<div id=\"w-node-_3efd24b9-52a4-5499-09c1-664e8b436596-8362d59d\" class=\"div-info-download software\">\n<div class=\"rich-txt--download-software w-richtext\">\n<div class=\"w-embed\" style=\"text-align: center;\"><\/div>\n<\/div>\n<\/div>\n<\/div>\n","protected":false},"excerpt":{"rendered":"<p>RESISTENTE AL POLVO Y AL AGUA (IP56) \/ ESPECTRO COMPLETO<br \/>\nRGB\/ REPOSA MANOS MAGN\u00c9TICO EXTRA\u00cdBLE \/ CHASIS DE ALUMINIO DE GRADO AERON\u00c1UTICO\/USB<\/p>\n","protected":false},"featured_media":22805,"comment_status":"closed","ping_status":"closed","template":"","meta":[],"pwb-brand":[114],"product_brand":[],"product_cat":[42],"product_tag":[256,490,489],"class_list":{"0":"post-22784","1":"product","2":"type-product","3":"status-publish","4":"has-post-thumbnail","6":"pwb-brand-viper","7":"product_cat-teclados","8":"product_tag-argb","9":"product_tag-mecanico","10":"product_tag-teclado","12":"first","13":"instock","14":"taxable","15":"shipping-taxable","16":"purchasable","17":"product-type-simple"},"yoast_head":"<!-- This site is optimized with the Yoast SEO plugin v26.7 - https:\/\/yoast.com\/wordpress\/plugins\/seo\/ -->\n<title>TECLADO MEC\u00c1NICO Viper V765 RGB - PC MASTERS BOGOTA<\/title>\n<meta name=\"robots\" content=\"index, follow, max-snippet:-1, max-image-preview:large, max-video-preview:-1\" \/>\n<link rel=\"canonical\" href=\"https:\/\/pcmastersbogota.com.co\/es_es\/producto\/teclado-mecanico-viper-v765-rgb\/\" \/>\n<meta property=\"og:locale\" content=\"es_ES\" \/>\n<meta property=\"og:type\" content=\"article\" \/>\n<meta property=\"og:title\" content=\"TECLADO MEC\u00c1NICO Viper V765 RGB - PC MASTERS BOGOTA\" \/>\n<meta property=\"og:description\" content=\"RESISTENTE AL POLVO Y AL AGUA (IP56) \/ ESPECTRO COMPLETO RGB\/ REPOSA MANOS MAGN\u00c9TICO EXTRA\u00cdBLE \/ CHASIS DE ALUMINIO DE GRADO AERON\u00c1UTICO\/USB\" \/>\n<meta property=\"og:url\" content=\"https:\/\/pcmastersbogota.com.co\/es_es\/producto\/teclado-mecanico-viper-v765-rgb\/\" \/>\n<meta property=\"og:site_name\" content=\"PC MASTERS BOGOTA\" \/>\n<meta property=\"article:modified_time\" content=\"2024-05-16T18:58:24+00:00\" \/>\n<meta property=\"og:image\" content=\"https:\/\/pcmastersbogota.com.co\/wp-content\/uploads\/2024\/05\/V765_V_web.jpg\" \/>\n\t<meta property=\"og:image:width\" content=\"1200\" \/>\n\t<meta property=\"og:image:height\" content=\"1200\" \/>\n\t<meta property=\"og:image:type\" content=\"image\/jpeg\" \/>\n<meta name=\"twitter:card\" content=\"summary_large_image\" \/>\n<meta name=\"twitter:label1\" content=\"Tiempo de lectura\" \/>\n\t<meta name=\"twitter:data1\" content=\"2 minutos\" \/>\n<script type=\"application\/ld+json\" class=\"yoast-schema-graph\">{\"@context\":\"https:\/\/schema.org\",\"@graph\":[{\"@type\":\"WebPage\",\"@id\":\"https:\/\/pcmastersbogota.com.co\/producto\/teclado-mecanico-viper-v765-rgb\/\",\"url\":\"https:\/\/pcmastersbogota.com.co\/producto\/teclado-mecanico-viper-v765-rgb\/\",\"name\":\"TECLADO MEC\u00c1NICO Viper V765 RGB - PC MASTERS BOGOTA\",\"isPartOf\":{\"@id\":\"https:\/\/pcmastersbogota.com.co\/es_es\/#website\"},\"primaryImageOfPage\":{\"@id\":\"https:\/\/pcmastersbogota.com.co\/producto\/teclado-mecanico-viper-v765-rgb\/#primaryimage\"},\"image\":{\"@id\":\"https:\/\/pcmastersbogota.com.co\/producto\/teclado-mecanico-viper-v765-rgb\/#primaryimage\"},\"thumbnailUrl\":\"https:\/\/pcmastersbogota.com.co\/wp-content\/uploads\/2024\/05\/V765_V_web.jpg\",\"datePublished\":\"2024-05-16T18:58:23+00:00\",\"dateModified\":\"2024-05-16T18:58:24+00:00\",\"breadcrumb\":{\"@id\":\"https:\/\/pcmastersbogota.com.co\/producto\/teclado-mecanico-viper-v765-rgb\/#breadcrumb\"},\"inLanguage\":\"es\",\"potentialAction\":[{\"@type\":\"ReadAction\",\"target\":[\"https:\/\/pcmastersbogota.com.co\/producto\/teclado-mecanico-viper-v765-rgb\/\"]}]},{\"@type\":\"ImageObject\",\"inLanguage\":\"es\",\"@id\":\"https:\/\/pcmastersbogota.com.co\/producto\/teclado-mecanico-viper-v765-rgb\/#primaryimage\",\"url\":\"https:\/\/pcmastersbogota.com.co\/wp-content\/uploads\/2024\/05\/V765_V_web.jpg\",\"contentUrl\":\"https:\/\/pcmastersbogota.com.co\/wp-content\/uploads\/2024\/05\/V765_V_web.jpg\",\"width\":1200,\"height\":1200},{\"@type\":\"BreadcrumbList\",\"@id\":\"https:\/\/pcmastersbogota.com.co\/producto\/teclado-mecanico-viper-v765-rgb\/#breadcrumb\",\"itemListElement\":[{\"@type\":\"ListItem\",\"position\":1,\"name\":\"Home\",\"item\":\"https:\/\/pcmastersbogota.com.co\/\"},{\"@type\":\"ListItem\",\"position\":2,\"name\":\"Tienda\",\"item\":\"https:\/\/pcmastersbogota.com.co\/es_es\/tienda\/\"},{\"@type\":\"ListItem\",\"position\":3,\"name\":\"TECLADO MEC\u00c1NICO Viper V765 RGB\"}]},{\"@type\":\"WebSite\",\"@id\":\"https:\/\/pcmastersbogota.com.co\/es_es\/#website\",\"url\":\"https:\/\/pcmastersbogota.com.co\/es_es\/\",\"name\":\"PC MASTERS BOGOTA\",\"description\":\"\",\"potentialAction\":[{\"@type\":\"SearchAction\",\"target\":{\"@type\":\"EntryPoint\",\"urlTemplate\":\"https:\/\/pcmastersbogota.com.co\/es_es\/?s={search_term_string}\"},\"query-input\":{\"@type\":\"PropertyValueSpecification\",\"valueRequired\":true,\"valueName\":\"search_term_string\"}}],\"inLanguage\":\"es\"}]}<\/script>\n<!-- \/ Yoast SEO plugin. -->","yoast_head_json":{"title":"TECLADO MEC\u00c1NICO Viper V765 RGB - PC MASTERS BOGOTA","robots":{"index":"index","follow":"follow","max-snippet":"max-snippet:-1","max-image-preview":"max-image-preview:large","max-video-preview":"max-video-preview:-1"},"canonical":"https:\/\/pcmastersbogota.com.co\/es_es\/producto\/teclado-mecanico-viper-v765-rgb\/","og_locale":"es_ES","og_type":"article","og_title":"TECLADO MEC\u00c1NICO Viper V765 RGB - PC MASTERS BOGOTA","og_description":"RESISTENTE AL POLVO Y AL AGUA (IP56) \/ ESPECTRO COMPLETO RGB\/ REPOSA MANOS MAGN\u00c9TICO EXTRA\u00cdBLE \/ CHASIS DE ALUMINIO DE GRADO AERON\u00c1UTICO\/USB","og_url":"https:\/\/pcmastersbogota.com.co\/es_es\/producto\/teclado-mecanico-viper-v765-rgb\/","og_site_name":"PC MASTERS BOGOTA","article_modified_time":"2024-05-16T18:58:24+00:00","og_image":[{"width":1200,"height":1200,"url":"https:\/\/pcmastersbogota.com.co\/wp-content\/uploads\/2024\/05\/V765_V_web.jpg","type":"image\/jpeg"}],"twitter_card":"summary_large_image","twitter_misc":{"Tiempo de lectura":"2 minutos"},"schema":{"@context":"https:\/\/schema.org","@graph":[{"@type":"WebPage","@id":"https:\/\/pcmastersbogota.com.co\/producto\/teclado-mecanico-viper-v765-rgb\/","url":"https:\/\/pcmastersbogota.com.co\/producto\/teclado-mecanico-viper-v765-rgb\/","name":"TECLADO MEC\u00c1NICO Viper V765 RGB - PC MASTERS BOGOTA","isPartOf":{"@id":"https:\/\/pcmastersbogota.com.co\/es_es\/#website"},"primaryImageOfPage":{"@id":"https:\/\/pcmastersbogota.com.co\/producto\/teclado-mecanico-viper-v765-rgb\/#primaryimage"},"image":{"@id":"https:\/\/pcmastersbogota.com.co\/producto\/teclado-mecanico-viper-v765-rgb\/#primaryimage"},"thumbnailUrl":"https:\/\/pcmastersbogota.com.co\/wp-content\/uploads\/2024\/05\/V765_V_web.jpg","datePublished":"2024-05-16T18:58:23+00:00","dateModified":"2024-05-16T18:58:24+00:00","breadcrumb":{"@id":"https:\/\/pcmastersbogota.com.co\/producto\/teclado-mecanico-viper-v765-rgb\/#breadcrumb"},"inLanguage":"es","potentialAction":[{"@type":"ReadAction","target":["https:\/\/pcmastersbogota.com.co\/producto\/teclado-mecanico-viper-v765-rgb\/"]}]},{"@type":"ImageObject","inLanguage":"es","@id":"https:\/\/pcmastersbogota.com.co\/producto\/teclado-mecanico-viper-v765-rgb\/#primaryimage","url":"https:\/\/pcmastersbogota.com.co\/wp-content\/uploads\/2024\/05\/V765_V_web.jpg","contentUrl":"https:\/\/pcmastersbogota.com.co\/wp-content\/uploads\/2024\/05\/V765_V_web.jpg","width":1200,"height":1200},{"@type":"BreadcrumbList","@id":"https:\/\/pcmastersbogota.com.co\/producto\/teclado-mecanico-viper-v765-rgb\/#breadcrumb","itemListElement":[{"@type":"ListItem","position":1,"name":"Home","item":"https:\/\/pcmastersbogota.com.co\/"},{"@type":"ListItem","position":2,"name":"Tienda","item":"https:\/\/pcmastersbogota.com.co\/es_es\/tienda\/"},{"@type":"ListItem","position":3,"name":"TECLADO MEC\u00c1NICO Viper V765 RGB"}]},{"@type":"WebSite","@id":"https:\/\/pcmastersbogota.com.co\/es_es\/#website","url":"https:\/\/pcmastersbogota.com.co\/es_es\/","name":"PC MASTERS BOGOTA","description":"","potentialAction":[{"@type":"SearchAction","target":{"@type":"EntryPoint","urlTemplate":"https:\/\/pcmastersbogota.com.co\/es_es\/?s={search_term_string}"},"query-input":{"@type":"PropertyValueSpecification","valueRequired":true,"valueName":"search_term_string"}}],"inLanguage":"es"}]}},"brands":[{"id":114,"name":"VIPER","slug":"viper"}],"_links":{"self":[{"href":"https:\/\/pcmastersbogota.com.co\/es_es\/wp-json\/wp\/v2\/product\/22784","targetHints":{"allow":["GET"]}}],"collection":[{"href":"https:\/\/pcmastersbogota.com.co\/es_es\/wp-json\/wp\/v2\/product"}],"about":[{"href":"https:\/\/pcmastersbogota.com.co\/es_es\/wp-json\/wp\/v2\/types\/product"}],"replies":[{"embeddable":true,"href":"https:\/\/pcmastersbogota.com.co\/es_es\/wp-json\/wp\/v2\/comments?post=22784"}],"version-history":[{"count":1,"href":"https:\/\/pcmastersbogota.com.co\/es_es\/wp-json\/wp\/v2\/product\/22784\/revisions"}],"predecessor-version":[{"id":22809,"href":"https:\/\/pcmastersbogota.com.co\/es_es\/wp-json\/wp\/v2\/product\/22784\/revisions\/22809"}],"wp:featuredmedia":[{"embeddable":true,"href":"https:\/\/pcmastersbogota.com.co\/es_es\/wp-json\/wp\/v2\/media\/22805"}],"wp:attachment":[{"href":"https:\/\/pcmastersbogota.com.co\/es_es\/wp-json\/wp\/v2\/media?parent=22784"}],"wp:term":[{"taxonomy":"pwb-brand","embeddable":true,"href":"https:\/\/pcmastersbogota.com.co\/es_es\/wp-json\/wp\/v2\/pwb-brand?post=22784"},{"taxonomy":"product_brand","embeddable":true,"href":"https:\/\/pcmastersbogota.com.co\/es_es\/wp-json\/wp\/v2\/product_brand?post=22784"},{"taxonomy":"product_cat","embeddable":true,"href":"https:\/\/pcmastersbogota.com.co\/es_es\/wp-json\/wp\/v2\/product_cat?post=22784"},{"taxonomy":"product_tag","embeddable":true,"href":"https:\/\/pcmastersbogota.com.co\/es_es\/wp-json\/wp\/v2\/product_tag?post=22784"}],"curies":[{"name":"wp","href":"https:\/\/api.w.org\/{rel}","templated":true}]}}